{"id":360,"date":"2023-08-09T08:23:16","date_gmt":"2023-08-09T08:23:16","guid":{"rendered":"https:\/\/bailishaver.com\/?post_type=product&#038;p=360"},"modified":"2024-02-29T17:16:45","modified_gmt":"2024-02-29T09:16:45","slug":"extra-long-handle-butterfly-safety-razor","status":"publish","type":"product","link":"https:\/\/www.bailishaver.com\/fr\/produit\/extra-long-handle-butterfly-safety-razor\/","title":{"rendered":"Rasoir de s\u00e9curit\u00e9 papillon \u00e0 manche extra long"},"content":{"rendered":"<div data-elementor-type=\"product-post\" data-elementor-id=\"360\" class=\"elementor elementor-360\" data-elementor-post-type=\"product\">\n\t\t\t\t\t\t\t\t\t<section class=\"wd-negative-gap elementor-section elementor-top-section elementor-element elementor-element-4a9cd624 elementor-section-content-middle elementor-section-boxed elementor-section-height-default elementor-section-height-default wd-section-disabled\" data-id=\"4a9cd624\" data-element_type=\"section\">\n\t\t\t\t\t\t<div class=\"elementor-container elementor-column-gap-default\">\n\t\t\t\t\t<div class=\"elementor-column elementor-col-50 elementor-top-column elementor-element elementor-element-6549ac44\" data-id=\"6549ac44\" data-element_type=\"column\">\n\t\t\t<div class=\"elementor-widget-wrap elementor-element-populated\">\n\t\t\t\t\t\t\t\t<div class=\"elementor-element elementor-element-26f43ff4 elementor-widget elementor-widget-wd_text_block\" data-id=\"26f43ff4\" data-element_type=\"widget\" data-widget_type=\"wd_text_block.default\">\n\t\t\t\t<div class=\"elementor-widget-container\">\n\t\t\t\t\t<div class=\"wd-text-block reset-last-child text-left color-title\">\n\t\t\t\n\t\t\t<p>Mod\u00e8le\u00a0:\u00a0DB-B4B<br \/>T\u00eate de rasoir\u00a0: t\u00eate de rasoir \u00e0 ouverture papillon<br \/>Taille du rasoir\u00a0: 44 \u00d7 25,3 \u00d7 121,4\u00a0mm<br \/>Poids du rasoir : 90,3 g<br \/>Mat\u00e9riel: Alliage de zinc<br \/>Caract\u00e9ristiques : lavable, r\u00e9utilisable, imperm\u00e9able, antirouille.<\/p>\n\t\t\t\t\t<\/div>\n\t\t\t\t<\/div>\n\t\t\t\t<\/div>\n\t\t\t\t\t<\/div>\n\t\t<\/div>\n\t\t\t\t<div class=\"elementor-column elementor-col-50 elementor-top-column elementor-element elementor-element-5eeb513c\" data-id=\"5eeb513c\" data-element_type=\"column\">\n\t\t\t<div class=\"elementor-widget-wrap elementor-element-populated\">\n\t\t\t\t\t\t\t\t<div class=\"elementor-element elementor-element-5396853e elementor-widget elementor-widget-wd_image_or_svg\" data-id=\"5396853e\" data-element_type=\"widget\" data-widget_type=\"wd_image_or_svg.default\">\n\t\t\t\t<div class=\"elementor-widget-container\">\n\t\t\t\n\t\t<div class=\"wd-image text-left\">\n\t\t\t\t\t\t\t\t<img fetchpriority=\"high\" decoding=\"async\" width=\"800\" height=\"800\" src=\"https:\/\/www.bailishaver.com\/wp-content\/uploads\/2023\/08\/Extra-long_Handle_Butterfly_Safety_Razor_details_01-jpg.webp\" class=\"attachment-full size-full wp-image-712\" alt=\"\" srcset=\"https:\/\/www.bailishaver.com\/wp-content\/uploads\/2023\/08\/Extra-long_Handle_Butterfly_Safety_Razor_details_01-jpg.webp 800w, https:\/\/www.bailishaver.com\/wp-content\/uploads\/2023\/08\/Extra-long_Handle_Butterfly_Safety_Razor_details_01-150x150.jpg 150w, https:\/\/www.bailishaver.com\/wp-content\/uploads\/2023\/08\/Extra-long_Handle_Butterfly_Safety_Razor_details_01-300x300.jpg 300w, https:\/\/www.bailishaver.com\/wp-content\/uploads\/2023\/08\/Extra-long_Handle_Butterfly_Safety_Razor_details_01-768x768.jpg 768w, https:\/\/www.bailishaver.com\/wp-content\/uploads\/2023\/08\/Extra-long_Handle_Butterfly_Safety_Razor_details_01-600x600.jpg 600w\" sizes=\"(max-width: 800px) 100vw, 800px\" \/>\t\t\t\t\t<\/div>\n\n\t\t\t\t<\/div>\n\t\t\t\t<\/div>\n\t\t\t\t\t<\/div>\n\t\t<\/div>\n\t\t\t\t\t\t\t<\/div>\n\t\t<\/section>\n\t\t\t\t<section class=\"wd-negative-gap elementor-section elementor-top-section elementor-element elementor-element-282dad3 elementor-section-content-middle elementor-section-boxed elementor-section-height-default elementor-section-height-default wd-section-disabled\" data-id=\"282dad3\" data-element_type=\"section\">\n\t\t\t\t\t\t<div class=\"elementor-container elementor-column-gap-default\">\n\t\t\t\t\t<div class=\"elementor-column elementor-col-50 elementor-top-column elementor-element elementor-element-53b97505\" data-id=\"53b97505\" data-element_type=\"column\">\n\t\t\t<div class=\"elementor-widget-wrap elementor-element-populated\">\n\t\t\t\t\t\t\t\t<div class=\"elementor-element elementor-element-ecc643e elementor-widget__width-initial elementor-hidden-desktop elementor-hidden-tablet elementor-widget elementor-widget-wd_text_block\" data-id=\"ecc643e\" data-element_type=\"widget\" data-widget_type=\"wd_text_block.default\">\n\t\t\t\t<div class=\"elementor-widget-container\">\n\t\t\t\t\t<div class=\"wd-text-block reset-last-child text-left color-title\">\n\t\t\t\n\t\t\t<p>* La conception originale de la t\u00eate de rasoir ferm\u00e9e, la conception de la t\u00eate de rasoir ouverte en papillon, r\u00e9sistante aux rayures \u00e0 360 \u00b0, mise \u00e0 niveau de s\u00e9curit\u00e9\u00a0;<\/p><p>*La t\u00eate du rasoir peut \u00eatre tourn\u00e9e vers la gauche pour un rin\u00e7age rapide et un remplacement pratique de la lame\u00a0;<\/p><p>*La t\u00eate du rasoir peut \u00eatre d\u00e9viss\u00e9e en tournant la poign\u00e9e, ce qui est rapide \u00e0 rincer et pratique pour remplacer la lame.<\/p>\n\t\t\t\t\t<\/div>\n\t\t\t\t<\/div>\n\t\t\t\t<\/div>\n\t\t\t\t<div class=\"elementor-element elementor-element-1e26cbbf elementor-widget elementor-widget-wd_image_or_svg\" data-id=\"1e26cbbf\" data-element_type=\"widget\" data-widget_type=\"wd_image_or_svg.default\">\n\t\t\t\t<div class=\"elementor-widget-container\">\n\t\t\t\n\t\t<div class=\"wd-image text-left\">\n\t\t\t\t\t\t\t\t<img decoding=\"async\" width=\"1500\" height=\"1500\" src=\"https:\/\/www.bailishaver.com\/wp-content\/uploads\/2023\/08\/Extra-long_Handle_Butterfly_Safety_Razor_details_02-jpg.webp\" class=\"attachment-full size-full wp-image-713\" alt=\"\" srcset=\"https:\/\/www.bailishaver.com\/wp-content\/uploads\/2023\/08\/Extra-long_Handle_Butterfly_Safety_Razor_details_02-jpg.webp 1500w, https:\/\/www.bailishaver.com\/wp-content\/uploads\/2023\/08\/Extra-long_Handle_Butterfly_Safety_Razor_details_02-150x150.jpg 150w, https:\/\/www.bailishaver.com\/wp-content\/uploads\/2023\/08\/Extra-long_Handle_Butterfly_Safety_Razor_details_02-300x300.jpg 300w, https:\/\/www.bailishaver.com\/wp-content\/uploads\/2023\/08\/Extra-long_Handle_Butterfly_Safety_Razor_details_02-1024x1024.jpg 1024w, https:\/\/www.bailishaver.com\/wp-content\/uploads\/2023\/08\/Extra-long_Handle_Butterfly_Safety_Razor_details_02-768x768.jpg 768w, https:\/\/www.bailishaver.com\/wp-content\/uploads\/2023\/08\/Extra-long_Handle_Butterfly_Safety_Razor_details_02-600x600.jpg 600w\" sizes=\"(max-width: 1500px) 100vw, 1500px\" \/>\t\t\t\t\t<\/div>\n\n\t\t\t\t<\/div>\n\t\t\t\t<\/div>\n\t\t\t\t\t<\/div>\n\t\t<\/div>\n\t\t\t\t<div class=\"elementor-column elementor-col-50 elementor-top-column elementor-element elementor-element-49f16e8a\" data-id=\"49f16e8a\" data-element_type=\"column\">\n\t\t\t<div class=\"elementor-widget-wrap elementor-element-populated\">\n\t\t\t\t\t\t\t\t<div class=\"elementor-element elementor-element-22ba71c0 elementor-hidden-mobile elementor-widget elementor-widget-wd_text_block\" data-id=\"22ba71c0\" data-element_type=\"widget\" data-widget_type=\"wd_text_block.default\">\n\t\t\t\t<div class=\"elementor-widget-container\">\n\t\t\t\t\t<div class=\"wd-text-block reset-last-child text-left color-title\">\n\t\t\t\n\t\t\t<p>* La conception originale de la t\u00eate de rasoir ferm\u00e9e, la conception de la t\u00eate de rasoir ouverte en papillon, r\u00e9sistante aux rayures \u00e0 360 \u00b0, mise \u00e0 niveau de s\u00e9curit\u00e9\u00a0;<\/p><p>*La t\u00eate du rasoir peut \u00eatre tourn\u00e9e vers la gauche pour un rin\u00e7age rapide et un remplacement pratique de la lame\u00a0;<\/p><p>*La t\u00eate du rasoir peut \u00eatre d\u00e9viss\u00e9e en tournant la poign\u00e9e, ce qui est rapide \u00e0 rincer et pratique pour remplacer la lame.<\/p>\n\t\t\t\t\t<\/div>\n\t\t\t\t<\/div>\n\t\t\t\t<\/div>\n\t\t\t\t\t<\/div>\n\t\t<\/div>\n\t\t\t\t\t\t\t<\/div>\n\t\t<\/section>\n\t\t\t\t<section class=\"wd-negative-gap elementor-section elementor-top-section elementor-element elementor-element-45c52046 elementor-section-content-middle elementor-section-boxed elementor-section-height-default elementor-section-height-default wd-section-disabled\" data-id=\"45c52046\" data-element_type=\"section\">\n\t\t\t\t\t\t<div class=\"elementor-container elementor-column-gap-default\">\n\t\t\t\t\t<div class=\"elementor-column elementor-col-50 elementor-top-column elementor-element elementor-element-7064b754\" data-id=\"7064b754\" data-element_type=\"column\">\n\t\t\t<div class=\"elementor-widget-wrap elementor-element-populated\">\n\t\t\t\t\t\t\t\t<div class=\"elementor-element elementor-element-21a5eb51 elementor-widget elementor-widget-wd_text_block\" data-id=\"21a5eb51\" data-element_type=\"widget\" data-widget_type=\"wd_text_block.default\">\n\t\t\t\t<div class=\"elementor-widget-container\">\n\t\t\t\t\t<div class=\"wd-text-block reset-last-child text-left color-title\">\n\t\t\t\n\t\t\t<p>*Mise \u00e0 niveau du long manche. Convient aux mains g\u00e9antes. Mieux contr\u00f4ler votre angle de rasage. Avec une longueur de 121 mm (4,76 pouces), vous offre plus d&#039;adh\u00e9rence pour votre rasage\u00a0;<\/p><p>* La texture antid\u00e9rapante tridimensionnelle du style r\u00e9tro, l&#039;atmosph\u00e8re exquise et la forte praticabilit\u00e9\u00a0;<\/p><p>* Le mat\u00e9riau est fabriqu\u00e9 en alliage respectueux de l&#039;environnement, imperm\u00e9able et antirouille, le poids et le confort du manche sont bien \u00e9quilibr\u00e9s et la sensation de rasage est bonne.<\/p>\n\t\t\t\t\t<\/div>\n\t\t\t\t<\/div>\n\t\t\t\t<\/div>\n\t\t\t\t\t<\/div>\n\t\t<\/div>\n\t\t\t\t<div class=\"elementor-column elementor-col-50 elementor-top-column elementor-element elementor-element-1f2a30d6\" data-id=\"1f2a30d6\" data-element_type=\"column\">\n\t\t\t<div class=\"elementor-widget-wrap elementor-element-populated\">\n\t\t\t\t\t\t\t\t<div class=\"elementor-element elementor-element-5834fbdc elementor-widget elementor-widget-wd_image_or_svg\" data-id=\"5834fbdc\" data-element_type=\"widget\" data-widget_type=\"wd_image_or_svg.default\">\n\t\t\t\t<div class=\"elementor-widget-container\">\n\t\t\t\n\t\t<div class=\"wd-image text-left\">\n\t\t\t\t\t\t\t\t<img decoding=\"async\" width=\"1500\" height=\"1500\" src=\"https:\/\/www.bailishaver.com\/wp-content\/uploads\/2023\/08\/Extra-long_Handle_Butterfly_Safety_Razor_details_03-jpg.webp\" class=\"attachment-full size-full wp-image-714\" alt=\"\" srcset=\"https:\/\/www.bailishaver.com\/wp-content\/uploads\/2023\/08\/Extra-long_Handle_Butterfly_Safety_Razor_details_03-jpg.webp 1500w, https:\/\/www.bailishaver.com\/wp-content\/uploads\/2023\/08\/Extra-long_Handle_Butterfly_Safety_Razor_details_03-150x150.jpg 150w, https:\/\/www.bailishaver.com\/wp-content\/uploads\/2023\/08\/Extra-long_Handle_Butterfly_Safety_Razor_details_03-300x300.jpg 300w, https:\/\/www.bailishaver.com\/wp-content\/uploads\/2023\/08\/Extra-long_Handle_Butterfly_Safety_Razor_details_03-1024x1024.jpg 1024w, https:\/\/www.bailishaver.com\/wp-content\/uploads\/2023\/08\/Extra-long_Handle_Butterfly_Safety_Razor_details_03-768x768.jpg 768w, https:\/\/www.bailishaver.com\/wp-content\/uploads\/2023\/08\/Extra-long_Handle_Butterfly_Safety_Razor_details_03-600x600.jpg 600w\" sizes=\"(max-width: 1500px) 100vw, 1500px\" \/>\t\t\t\t\t<\/div>\n\n\t\t\t\t<\/div>\n\t\t\t\t<\/div>\n\t\t\t\t\t<\/div>\n\t\t<\/div>\n\t\t\t\t\t\t\t<\/div>\n\t\t<\/section>\n\t\t\t\t<section class=\"wd-negative-gap elementor-section elementor-top-section elementor-element elementor-element-2e53e4c elementor-section-boxed elementor-section-height-default elementor-section-height-default wd-section-disabled\" data-id=\"2e53e4c\" data-element_type=\"section\">\n\t\t\t\t\t\t<div class=\"elementor-container elementor-column-gap-default\">\n\t\t\t\t\t<div class=\"elementor-column elementor-col-100 elementor-top-column elementor-element elementor-element-11d156bc\" data-id=\"11d156bc\" data-element_type=\"column\">\n\t\t\t<div class=\"elementor-widget-wrap elementor-element-populated\">\n\t\t\t\t\t\t\t\t<div class=\"elementor-element elementor-element-93cc531 elementor-widget elementor-widget-accordion\" data-id=\"93cc531\" data-element_type=\"widget\" data-widget_type=\"accordion.default\">\n\t\t\t\t<div class=\"elementor-widget-container\">\n\t\t\t<style>\/*! elementor - v3.18.0 - 20-12-2023 *\/\n.elementor-accordion{text-align:left}.elementor-accordion .elementor-accordion-item{border:1px solid #d5d8dc}.elementor-accordion .elementor-accordion-item+.elementor-accordion-item{border-top:none}.elementor-accordion .elementor-tab-title{margin:0;padding:15px 20px;font-weight:700;line-height:1;cursor:pointer;outline:none}.elementor-accordion .elementor-tab-title .elementor-accordion-icon{display:inline-block;width:1.5em}.elementor-accordion .elementor-tab-title .elementor-accordion-icon svg{width:1em;height:1em}.elementor-accordion .elementor-tab-title .elementor-accordion-icon.elementor-accordion-icon-right{float:right;text-align:right}.elementor-accordion .elementor-tab-title .elementor-accordion-icon.elementor-accordion-icon-left{float:left;text-align:left}.elementor-accordion .elementor-tab-title .elementor-accordion-icon .elementor-accordion-icon-closed{display:block}.elementor-accordion .elementor-tab-title .elementor-accordion-icon .elementor-accordion-icon-opened,.elementor-accordion .elementor-tab-title.elementor-active .elementor-accordion-icon-closed{display:none}.elementor-accordion .elementor-tab-title.elementor-active .elementor-accordion-icon-opened{display:block}.elementor-accordion .elementor-tab-content{display:none;padding:15px 20px;border-top:1px solid #d5d8dc}@media (max-width:767px){.elementor-accordion .elementor-tab-title{padding:12px 15px}.elementor-accordion .elementor-tab-title .elementor-accordion-icon{width:1.2em}.elementor-accordion .elementor-tab-content{padding:7px 15px}}.e-con-inner>.elementor-widget-accordion,.e-con>.elementor-widget-accordion{width:var(--container-widget-width);--flex-grow:var(--container-widget-flex-grow)}<\/style>\t\t<div class=\"elementor-accordion\">\n\t\t\t\t\t\t\t<div class=\"elementor-accordion-item\">\n\t\t\t\t\t<div id=\"elementor-tab-title-1541\" class=\"elementor-tab-title\" data-tab=\"1\" role=\"button\" aria-controls=\"elementor-tab-content-1541\" aria-expanded=\"false\">\n\t\t\t\t\t\t\t\t\t\t\t\t\t<span class=\"elementor-accordion-icon elementor-accordion-icon-left\" aria-hidden=\"true\">\n\t\t\t\t\t\t\t\t\t\t\t\t\t\t\t<span class=\"elementor-accordion-icon-closed\"><i class=\"fas fa-caret-down\"><\/i><\/span>\n\t\t\t\t\t\t\t\t<span class=\"elementor-accordion-icon-opened\"><i class=\"fas fa-caret-up\"><\/i><\/span>\n\t\t\t\t\t\t\t\t\t\t\t\t\t\t<\/span>\n\t\t\t\t\t\t\t\t\t\t\t\t<a class=\"elementor-accordion-title\" tabindex=\"0\">Emballer<\/a>\n\t\t\t\t\t<\/div>\n\t\t\t\t\t<div id=\"elementor-tab-content-1541\" class=\"elementor-tab-content elementor-clearfix\" data-tab=\"1\" role=\"region\" aria-labelledby=\"elementor-tab-title-1541\"><table><tbody><tr><td>Produit<\/td><td>Pi\u00e8ces<\/td><td>Emballer<\/td><td>Taille<\/td><td>Poids brut<\/td><\/tr><tr><td rowspan=\"2\">DB-B4B<\/td><td class=\"et4\">1<\/td><td class=\"et4\">Sac d&#039;opp<\/td><td class=\"et4\">44 \u00d7 25,3 \u00d7 121,4 mm<\/td><td class=\"et4\">90,3g<\/td><\/tr><tr><td>96<\/td><td>Carton<\/td><td>385\u00d7155\u00d7235mm<\/td><td>10,1 kg<\/td><\/tr><\/tbody><\/table><\/div>\n\t\t\t\t<\/div>\n\t\t\t\t\t\t\t<div class=\"elementor-accordion-item\">\n\t\t\t\t\t<div id=\"elementor-tab-title-1542\" class=\"elementor-tab-title\" data-tab=\"2\" role=\"button\" aria-controls=\"elementor-tab-content-1542\" aria-expanded=\"false\">\n\t\t\t\t\t\t\t\t\t\t\t\t\t<span class=\"elementor-accordion-icon elementor-accordion-icon-left\" aria-hidden=\"true\">\n\t\t\t\t\t\t\t\t\t\t\t\t\t\t\t<span class=\"elementor-accordion-icon-closed\"><i class=\"fas fa-caret-down\"><\/i><\/span>\n\t\t\t\t\t\t\t\t<span class=\"elementor-accordion-icon-opened\"><i class=\"fas fa-caret-up\"><\/i><\/span>\n\t\t\t\t\t\t\t\t\t\t\t\t\t\t<\/span>\n\t\t\t\t\t\t\t\t\t\t\t\t<a class=\"elementor-accordion-title\" tabindex=\"0\"> Exp\u00e9dition<\/a>\n\t\t\t\t\t<\/div>\n\t\t\t\t\t<div id=\"elementor-tab-content-1542\" class=\"elementor-tab-content elementor-clearfix\" data-tab=\"2\" role=\"region\" aria-labelledby=\"elementor-tab-title-1542\"><p>La commande d&#039;\u00e9chantillon peut \u00eatre exp\u00e9di\u00e9e dans un d\u00e9lai de 3 \u00e0 7 jours\u00a0;<br \/>La production de commandes group\u00e9es ou de commandes personnalis\u00e9es prend 15 \u00e0 30 jours.<\/p><\/div>\n\t\t\t\t<\/div>\n\t\t\t\t\t\t\t\t<\/div>\n\t\t\t\t<\/div>\n\t\t\t\t<\/div>\n\t\t\t\t\t<\/div>\n\t\t<\/div>\n\t\t\t\t\t\t\t<\/div>\n\t\t<\/section>\n\t\t\t\t\t\t\t<\/div>","protected":false},"excerpt":{"rendered":"<p><strong>Mod\u00e8le\u00a0:\u00a0DB-B4B<\/strong><\/p>\n<div class=\"DescriptionImg\">\n<div class=\"image-box\">\n<p><img decoding=\"async\" src=\"https:\/\/bailishaver.com\/wp-content\/uploads\/2023\/09\/Butterfly-Opening.png\" alt=\"Image1\" \/><\/p>\n<div class=\"caption\">Ouverture papillon<\/div>\n<\/div>\n<div class=\"image-box\">\n<p><img decoding=\"async\" src=\"https:\/\/bailishaver.com\/wp-content\/uploads\/2024\/02\/Extra-long_Handle_Icon.webp\" alt=\"Image2\" \/><\/p>\n<div class=\"caption\">Manche extra-long<\/div>\n<\/div>\n<div class=\"image-box\">\n<p><img decoding=\"async\" src=\"https:\/\/bailishaver.com\/wp-content\/uploads\/2023\/09\/Mild.png\" alt=\"Image3\" \/><\/p>\n<div class=\"caption\">B\u00e9nin<\/div>\n<\/div>\n<\/div>","protected":false},"featured_media":361,"comment_status":"open","ping_status":"closed","template":"","meta":[],"product_cat":[31],"product_tag":[],"yoast_head":"<!-- This site is optimized with the Yoast SEO plugin v21.4 - https:\/\/yoast.com\/wordpress\/plugins\/seo\/ -->\n<title>Extra-long Handle Butterfly Safety Razor - Guangzhou Weidi Technology Co.,Ltd<\/title>\n<meta name=\"description\" content=\"Extra-long upgrade long handle, suitable for giant hands. Better control your shaving angle. Razor butterfly design, safety upgrade.\" \/>\n<meta name=\"robots\" content=\"index, follow, max-snippet:-1, max-image-preview:large, max-video-preview:-1\" \/>\n<link rel=\"canonical\" href=\"https:\/\/www.bailishaver.com\/fr\/produit\/extra-long-handle-butterfly-safety-razor\/\" \/>\n<meta property=\"og:locale\" content=\"fr_FR\" \/>\n<meta property=\"og:type\" content=\"article\" \/>\n<meta property=\"og:title\" content=\"Extra-long Handle Butterfly Safety Razor - Guangzhou Weidi Technology Co.,Ltd\" \/>\n<meta property=\"og:description\" content=\"Extra-long upgrade long handle, suitable for giant hands. Better control your shaving angle. Razor butterfly design, safety upgrade.\" \/>\n<meta property=\"og:url\" content=\"https:\/\/www.bailishaver.com\/fr\/produit\/extra-long-handle-butterfly-safety-razor\/\" \/>\n<meta property=\"og:site_name\" content=\"Guangzhou Weidi Technology Co.,Ltd\" \/>\n<meta property=\"article:modified_time\" content=\"2024-02-29T09:16:45+00:00\" \/>\n<meta property=\"og:image\" content=\"https:\/\/www.bailishaver.com\/wp-content\/uploads\/2023\/08\/Extra-long_Handle_Butterfly_Safety_Razor_01-jpg.webp\" \/>\n\t<meta property=\"og:image:width\" content=\"800\" \/>\n\t<meta property=\"og:image:height\" content=\"800\" \/>\n\t<meta property=\"og:image:type\" content=\"image\/jpeg\" \/>\n<meta name=\"twitter:card\" content=\"summary_large_image\" \/>\n<meta name=\"twitter:label1\" content=\"Dur\u00e9e de lecture estim\u00e9e\" \/>\n\t<meta name=\"twitter:data1\" content=\"2 minutes\" \/>\n<script type=\"application\/ld+json\" class=\"yoast-schema-graph\">{\"@context\":\"https:\/\/schema.org\",\"@graph\":[{\"@type\":\"WebPage\",\"@id\":\"https:\/\/www.bailishaver.com\/product\/extra-long-handle-butterfly-safety-razor\/\",\"url\":\"https:\/\/www.bailishaver.com\/product\/extra-long-handle-butterfly-safety-razor\/\",\"name\":\"Extra-long Handle Butterfly Safety Razor - Guangzhou Weidi Technology Co.,Ltd\",\"isPartOf\":{\"@id\":\"https:\/\/www.bailishaver.com\/#website\"},\"datePublished\":\"2023-08-09T08:23:16+00:00\",\"dateModified\":\"2024-02-29T09:16:45+00:00\",\"description\":\"Extra-long upgrade long handle, suitable for giant hands. Better control your shaving angle. Razor butterfly design, safety upgrade.\",\"breadcrumb\":{\"@id\":\"https:\/\/www.bailishaver.com\/product\/extra-long-handle-butterfly-safety-razor\/#breadcrumb\"},\"inLanguage\":\"fr-FR\",\"potentialAction\":[{\"@type\":\"ReadAction\",\"target\":[\"https:\/\/www.bailishaver.com\/product\/extra-long-handle-butterfly-safety-razor\/\"]}]},{\"@type\":\"BreadcrumbList\",\"@id\":\"https:\/\/www.bailishaver.com\/product\/extra-long-handle-butterfly-safety-razor\/#breadcrumb\",\"itemListElement\":[{\"@type\":\"ListItem\",\"position\":1,\"name\":\"HOME\",\"item\":\"https:\/\/www.bailishaver.com\/\"},{\"@type\":\"ListItem\",\"position\":2,\"name\":\"Product\",\"item\":\"https:\/\/www.bailishaver.com\/product\/\"},{\"@type\":\"ListItem\",\"position\":3,\"name\":\"Extra-long Handle Butterfly Safety Razor\"}]},{\"@type\":\"WebSite\",\"@id\":\"https:\/\/www.bailishaver.com\/#website\",\"url\":\"https:\/\/www.bailishaver.com\/\",\"name\":\"Guangzhou Weidi Technology Co.,Ltd\",\"description\":\"system razors, lady razors, shaving kits, blade and refill, disposable razor, shaving , accessories, etc.\",\"potentialAction\":[{\"@type\":\"SearchAction\",\"target\":{\"@type\":\"EntryPoint\",\"urlTemplate\":\"https:\/\/www.bailishaver.com\/?s={search_term_string}\"},\"query-input\":\"required name=search_term_string\"}],\"inLanguage\":\"fr-FR\"}]}<\/script>\n<!-- \/ Yoast SEO plugin. -->","yoast_head_json":{"title":"Extra-long Handle Butterfly Safety Razor - Guangzhou Weidi Technology Co.,Ltd","description":"Extra-long upgrade long handle, suitable for giant hands. Better control your shaving angle. Razor butterfly design, safety upgrade.","robots":{"index":"index","follow":"follow","max-snippet":"max-snippet:-1","max-image-preview":"max-image-preview:large","max-video-preview":"max-video-preview:-1"},"canonical":"https:\/\/www.bailishaver.com\/fr\/produit\/extra-long-handle-butterfly-safety-razor\/","og_locale":"fr_FR","og_type":"article","og_title":"Extra-long Handle Butterfly Safety Razor - Guangzhou Weidi Technology Co.,Ltd","og_description":"Extra-long upgrade long handle, suitable for giant hands. Better control your shaving angle. Razor butterfly design, safety upgrade.","og_url":"https:\/\/www.bailishaver.com\/fr\/produit\/extra-long-handle-butterfly-safety-razor\/","og_site_name":"Guangzhou Weidi Technology Co.,Ltd","article_modified_time":"2024-02-29T09:16:45+00:00","og_image":[{"width":800,"height":800,"url":"https:\/\/www.bailishaver.com\/wp-content\/uploads\/2023\/08\/Extra-long_Handle_Butterfly_Safety_Razor_01-jpg.webp","type":"image\/jpeg"}],"twitter_card":"summary_large_image","twitter_misc":{"Dur\u00e9e de lecture estim\u00e9e":"2 minutes"},"schema":{"@context":"https:\/\/schema.org","@graph":[{"@type":"WebPage","@id":"https:\/\/www.bailishaver.com\/product\/extra-long-handle-butterfly-safety-razor\/","url":"https:\/\/www.bailishaver.com\/product\/extra-long-handle-butterfly-safety-razor\/","name":"Extra-long Handle Butterfly Safety Razor - Guangzhou Weidi Technology Co.,Ltd","isPartOf":{"@id":"https:\/\/www.bailishaver.com\/#website"},"datePublished":"2023-08-09T08:23:16+00:00","dateModified":"2024-02-29T09:16:45+00:00","description":"Extra-long upgrade long handle, suitable for giant hands. Better control your shaving angle. Razor butterfly design, safety upgrade.","breadcrumb":{"@id":"https:\/\/www.bailishaver.com\/product\/extra-long-handle-butterfly-safety-razor\/#breadcrumb"},"inLanguage":"fr-FR","potentialAction":[{"@type":"ReadAction","target":["https:\/\/www.bailishaver.com\/product\/extra-long-handle-butterfly-safety-razor\/"]}]},{"@type":"BreadcrumbList","@id":"https:\/\/www.bailishaver.com\/product\/extra-long-handle-butterfly-safety-razor\/#breadcrumb","itemListElement":[{"@type":"ListItem","position":1,"name":"HOME","item":"https:\/\/www.bailishaver.com\/"},{"@type":"ListItem","position":2,"name":"Product","item":"https:\/\/www.bailishaver.com\/product\/"},{"@type":"ListItem","position":3,"name":"Extra-long Handle Butterfly Safety Razor"}]},{"@type":"WebSite","@id":"https:\/\/www.bailishaver.com\/#website","url":"https:\/\/www.bailishaver.com\/","name":"Guangzhou Weidi Technology Co.,Ltd","description":"system razors, lady razors, shaving kits, blade and refill, disposable razor, shaving , accessories, etc.","potentialAction":[{"@type":"SearchAction","target":{"@type":"EntryPoint","urlTemplate":"https:\/\/www.bailishaver.com\/?s={search_term_string}"},"query-input":"required name=search_term_string"}],"inLanguage":"fr-FR"}]}},"_links":{"self":[{"href":"https:\/\/www.bailishaver.com\/fr\/wp-json\/wp\/v2\/product\/360"}],"collection":[{"href":"https:\/\/www.bailishaver.com\/fr\/wp-json\/wp\/v2\/product"}],"about":[{"href":"https:\/\/www.bailishaver.com\/fr\/wp-json\/wp\/v2\/types\/product"}],"replies":[{"embeddable":true,"href":"https:\/\/www.bailishaver.com\/fr\/wp-json\/wp\/v2\/comments?post=360"}],"version-history":[{"count":3,"href":"https:\/\/www.bailishaver.com\/fr\/wp-json\/wp\/v2\/product\/360\/revisions"}],"predecessor-version":[{"id":231684,"href":"https:\/\/www.bailishaver.com\/fr\/wp-json\/wp\/v2\/product\/360\/revisions\/231684"}],"wp:featuredmedia":[{"embeddable":true,"href":"https:\/\/www.bailishaver.com\/fr\/wp-json\/wp\/v2\/media\/361"}],"wp:attachment":[{"href":"https:\/\/www.bailishaver.com\/fr\/wp-json\/wp\/v2\/media?parent=360"}],"wp:term":[{"taxonomy":"product_cat","embeddable":true,"href":"https:\/\/www.bailishaver.com\/fr\/wp-json\/wp\/v2\/product_cat?post=360"},{"taxonomy":"product_tag","embeddable":true,"href":"https:\/\/www.bailishaver.com\/fr\/wp-json\/wp\/v2\/product_tag?post=360"}],"curies":[{"name":"wp","href":"https:\/\/api.w.org\/{rel}","templated":true}]}}