{"id":353,"date":"2023-08-09T08:21:48","date_gmt":"2023-08-09T08:21:48","guid":{"rendered":"https:\/\/bailishaver.com\/?post_type=product&#038;p=353"},"modified":"2023-11-14T11:52:18","modified_gmt":"2023-11-14T03:52:18","slug":"176-victory-double-edge-safety-razor","status":"publish","type":"product","link":"https:\/\/www.bailishaver.com\/fr\/produit\/176-victory-double-edge-safety-razor\/","title":{"rendered":"Rasoir de s\u00e9curit\u00e9 \u00e0 double tranchant 176 Victory"},"content":{"rendered":"<div data-elementor-type=\"product-post\" data-elementor-id=\"353\" class=\"elementor elementor-353\" data-elementor-post-type=\"product\">\n\t\t\t\t\t\t\t\t\t<section class=\"wd-negative-gap elementor-section elementor-top-section elementor-element elementor-element-4046c19d elementor-section-content-middle elementor-section-boxed elementor-section-height-default elementor-section-height-default wd-section-disabled\" data-id=\"4046c19d\" data-element_type=\"section\">\n\t\t\t\t\t\t<div class=\"elementor-container elementor-column-gap-default\">\n\t\t\t\t\t<div class=\"elementor-column elementor-col-50 elementor-top-column elementor-element elementor-element-5f3a54b9\" data-id=\"5f3a54b9\" data-element_type=\"column\">\n\t\t\t<div class=\"elementor-widget-wrap elementor-element-populated\">\n\t\t\t\t\t\t\t\t<div class=\"elementor-element elementor-element-18732802 elementor-widget elementor-widget-wd_text_block\" data-id=\"18732802\" data-element_type=\"widget\" data-widget_type=\"wd_text_block.default\">\n\t\t\t\t<div class=\"elementor-widget-container\">\n\t\t\t\t\t<div class=\"wd-text-block reset-last-child text-left color-title\">\n\t\t\t\n\t\t\tMod\u00e8le : DB176<br>\nT\u00eate de rasoir\u00a0: t\u00eate de rasoir \u00e0 double tranchant<br>\nTaille du rasoir\u00a0: 44,1 \u00d7 25,3 \u00d7 94,2\u00a0mm<br>\nPoids du rasoir : 75,4 g<br>\nMat\u00e9riel: Alliage de zinc<br>\nCaract\u00e9ristiques : lavable, r\u00e9utilisable, imperm\u00e9able, antirouille.\n\n\t\t\t\t\t<\/div>\n\t\t\t\t<\/div>\n\t\t\t\t<\/div>\n\t\t\t\t\t<\/div>\n\t\t<\/div>\n\t\t\t\t<div class=\"elementor-column elementor-col-50 elementor-top-column elementor-element elementor-element-541ec9c7\" data-id=\"541ec9c7\" data-element_type=\"column\">\n\t\t\t<div class=\"elementor-widget-wrap elementor-element-populated\">\n\t\t\t\t\t\t\t\t<div class=\"elementor-element elementor-element-4536a9e4 elementor-widget elementor-widget-wd_image_or_svg\" data-id=\"4536a9e4\" data-element_type=\"widget\" data-widget_type=\"wd_image_or_svg.default\">\n\t\t\t\t<div class=\"elementor-widget-container\">\n\t\t\t\n\t\t<div class=\"wd-image text-left\">\n\t\t\t\t\t\t\t\t<img fetchpriority=\"high\" decoding=\"async\" width=\"1001\" height=\"1001\" src=\"https:\/\/www.bailishaver.com\/wp-content\/uploads\/2023\/08\/176_Victory_Double_Edge_Safety_Razor_details_01-jpg.webp\" class=\"attachment-full size-full wp-image-357\" alt=\"\" \/>\t\t\t\t\t<\/div>\n\n\t\t\t\t<\/div>\n\t\t\t\t<\/div>\n\t\t\t\t\t<\/div>\n\t\t<\/div>\n\t\t\t\t\t\t\t<\/div>\n\t\t<\/section>\n\t\t\t\t<section class=\"wd-negative-gap elementor-section elementor-top-section elementor-element elementor-element-12a39ae1 elementor-section-content-middle elementor-section-boxed elementor-section-height-default elementor-section-height-default wd-section-disabled\" data-id=\"12a39ae1\" data-element_type=\"section\">\n\t\t\t\t\t\t<div class=\"elementor-container elementor-column-gap-default\">\n\t\t\t\t\t<div class=\"elementor-column elementor-col-50 elementor-top-column elementor-element elementor-element-4d0e8831\" data-id=\"4d0e8831\" data-element_type=\"column\">\n\t\t\t<div class=\"elementor-widget-wrap elementor-element-populated\">\n\t\t\t\t\t\t\t\t<div class=\"elementor-element elementor-element-b3959b8 elementor-widget__width-initial elementor-hidden-desktop elementor-hidden-tablet elementor-widget elementor-widget-wd_text_block\" data-id=\"b3959b8\" data-element_type=\"widget\" data-widget_type=\"wd_text_block.default\">\n\t\t\t\t<div class=\"elementor-widget-container\">\n\t\t\t\t\t<div class=\"wd-text-block reset-last-child text-left color-title\">\n\t\t\t\n\t\t\t<p>*T\u00eate d&#039;\u00e9tanch\u00e9it\u00e9. Emp\u00eachez la lame de couper votre peau. Rendez votre rasage en toute s\u00e9curit\u00e9\u00a0;<\/p><p>* Dispositif de protection de s\u00e9curit\u00e9 nouvellement am\u00e9lior\u00e9 : t\u00eate de rasoir enti\u00e8rement ferm\u00e9e, dispositifs de protection install\u00e9s aux quatre coins de la lame et les deux extr\u00e9mit\u00e9s sont \u00e9largies pour emp\u00eacher la lame de rayer la peau et am\u00e9liorer une protection de s\u00e9curit\u00e9 plus compl\u00e8te.<\/p>\n\t\t\t\t\t<\/div>\n\t\t\t\t<\/div>\n\t\t\t\t<\/div>\n\t\t\t\t<div class=\"elementor-element elementor-element-5a981d3 elementor-widget elementor-widget-wd_image_or_svg\" data-id=\"5a981d3\" data-element_type=\"widget\" data-widget_type=\"wd_image_or_svg.default\">\n\t\t\t\t<div class=\"elementor-widget-container\">\n\t\t\t\n\t\t<div class=\"wd-image text-left\">\n\t\t\t\t\t\t\t\t<img decoding=\"async\" width=\"800\" height=\"800\" src=\"https:\/\/www.bailishaver.com\/wp-content\/uploads\/2023\/08\/176_Victory_Double_Edge_Safety_Razor_details_02.webp\" class=\"attachment-full size-full wp-image-688\" alt=\"\" srcset=\"https:\/\/www.bailishaver.com\/wp-content\/uploads\/2023\/08\/176_Victory_Double_Edge_Safety_Razor_details_02.webp 800w, https:\/\/www.bailishaver.com\/wp-content\/uploads\/2023\/08\/176_Victory_Double_Edge_Safety_Razor_details_02-150x150.webp 150w, https:\/\/www.bailishaver.com\/wp-content\/uploads\/2023\/08\/176_Victory_Double_Edge_Safety_Razor_details_02-300x300.webp 300w, https:\/\/www.bailishaver.com\/wp-content\/uploads\/2023\/08\/176_Victory_Double_Edge_Safety_Razor_details_02-768x768.webp 768w, https:\/\/www.bailishaver.com\/wp-content\/uploads\/2023\/08\/176_Victory_Double_Edge_Safety_Razor_details_02-600x600.webp 600w\" sizes=\"(max-width: 800px) 100vw, 800px\" \/>\t\t\t\t\t<\/div>\n\n\t\t\t\t<\/div>\n\t\t\t\t<\/div>\n\t\t\t\t\t<\/div>\n\t\t<\/div>\n\t\t\t\t<div class=\"elementor-column elementor-col-50 elementor-top-column elementor-element elementor-element-397c01a4\" data-id=\"397c01a4\" data-element_type=\"column\">\n\t\t\t<div class=\"elementor-widget-wrap elementor-element-populated\">\n\t\t\t\t\t\t\t\t<div class=\"elementor-element elementor-element-3320bc73 elementor-hidden-mobile elementor-widget elementor-widget-wd_text_block\" data-id=\"3320bc73\" data-element_type=\"widget\" data-widget_type=\"wd_text_block.default\">\n\t\t\t\t<div class=\"elementor-widget-container\">\n\t\t\t\t\t<div class=\"wd-text-block reset-last-child text-left color-title\">\n\t\t\t\n\t\t\t<p>*T\u00eate d&#039;\u00e9tanch\u00e9it\u00e9. Emp\u00eachez la lame de couper votre peau. Rendez votre rasage en toute s\u00e9curit\u00e9\u00a0;<\/p><p>* Dispositif de protection de s\u00e9curit\u00e9 nouvellement am\u00e9lior\u00e9 : t\u00eate de rasoir enti\u00e8rement ferm\u00e9e, dispositifs de protection install\u00e9s aux quatre coins de la lame et les deux extr\u00e9mit\u00e9s sont \u00e9largies pour emp\u00eacher la lame de rayer la peau et am\u00e9liorer une protection de s\u00e9curit\u00e9 plus compl\u00e8te.<\/p>\n\t\t\t\t\t<\/div>\n\t\t\t\t<\/div>\n\t\t\t\t<\/div>\n\t\t\t\t\t<\/div>\n\t\t<\/div>\n\t\t\t\t\t\t\t<\/div>\n\t\t<\/section>\n\t\t\t\t<section class=\"wd-negative-gap elementor-section elementor-top-section elementor-element elementor-element-38eaf730 elementor-section-content-middle elementor-section-boxed elementor-section-height-default elementor-section-height-default wd-section-disabled\" data-id=\"38eaf730\" data-element_type=\"section\">\n\t\t\t\t\t\t<div class=\"elementor-container elementor-column-gap-default\">\n\t\t\t\t\t<div class=\"elementor-column elementor-col-50 elementor-top-column elementor-element elementor-element-1dca619e\" data-id=\"1dca619e\" data-element_type=\"column\">\n\t\t\t<div class=\"elementor-widget-wrap elementor-element-populated\">\n\t\t\t\t\t\t\t\t<div class=\"elementor-element elementor-element-17c7ea95 elementor-widget elementor-widget-wd_text_block\" data-id=\"17c7ea95\" data-element_type=\"widget\" data-widget_type=\"wd_text_block.default\">\n\t\t\t\t<div class=\"elementor-widget-container\">\n\t\t\t\t\t<div class=\"wd-text-block reset-last-child text-left color-title\">\n\t\t\t\n\t\t\t<p>* Look old school et r\u00e9tro. Belle apparence. Sensation confortable en main.<br \/>Alliage de zinc de qualit\u00e9 sup\u00e9rieure. Avec finition chrom\u00e9e. \u0152uvre d&#039;art traditionnelle et moderne\u00a0;<\/p><p>*Fabriqu\u00e9 \u00e0 partir de mat\u00e9riaux m\u00e9talliques et d&#039;un savoir-faire exquis, c&#039;est la cristallisation des techniques de rasage traditionnelles et de la technologie moderne.<\/p>\n\t\t\t\t\t<\/div>\n\t\t\t\t<\/div>\n\t\t\t\t<\/div>\n\t\t\t\t\t<\/div>\n\t\t<\/div>\n\t\t\t\t<div class=\"elementor-column elementor-col-50 elementor-top-column elementor-element elementor-element-137c34c6\" data-id=\"137c34c6\" data-element_type=\"column\">\n\t\t\t<div class=\"elementor-widget-wrap elementor-element-populated\">\n\t\t\t\t\t\t\t\t<div class=\"elementor-element elementor-element-61b6e302 elementor-widget elementor-widget-wd_image_or_svg\" data-id=\"61b6e302\" data-element_type=\"widget\" data-widget_type=\"wd_image_or_svg.default\">\n\t\t\t\t<div class=\"elementor-widget-container\">\n\t\t\t\n\t\t<div class=\"wd-image text-left\">\n\t\t\t\t\t\t\t\t<img decoding=\"async\" width=\"1200\" height=\"1200\" src=\"https:\/\/www.bailishaver.com\/wp-content\/uploads\/2023\/08\/176_Victory_Double_Edge_Safety_Razor_details_03.webp\" class=\"attachment-full size-full wp-image-689\" alt=\"\" srcset=\"https:\/\/www.bailishaver.com\/wp-content\/uploads\/2023\/08\/176_Victory_Double_Edge_Safety_Razor_details_03.webp 1200w, https:\/\/www.bailishaver.com\/wp-content\/uploads\/2023\/08\/176_Victory_Double_Edge_Safety_Razor_details_03-150x150.webp 150w, https:\/\/www.bailishaver.com\/wp-content\/uploads\/2023\/08\/176_Victory_Double_Edge_Safety_Razor_details_03-300x300.webp 300w, https:\/\/www.bailishaver.com\/wp-content\/uploads\/2023\/08\/176_Victory_Double_Edge_Safety_Razor_details_03-1024x1024.webp 1024w, https:\/\/www.bailishaver.com\/wp-content\/uploads\/2023\/08\/176_Victory_Double_Edge_Safety_Razor_details_03-768x768.webp 768w, https:\/\/www.bailishaver.com\/wp-content\/uploads\/2023\/08\/176_Victory_Double_Edge_Safety_Razor_details_03-600x600.webp 600w\" sizes=\"(max-width: 1200px) 100vw, 1200px\" \/>\t\t\t\t\t<\/div>\n\n\t\t\t\t<\/div>\n\t\t\t\t<\/div>\n\t\t\t\t\t<\/div>\n\t\t<\/div>\n\t\t\t\t\t\t\t<\/div>\n\t\t<\/section>\n\t\t\t\t<section class=\"wd-negative-gap elementor-section elementor-top-section elementor-element elementor-element-1f10780a elementor-section-boxed elementor-section-height-default elementor-section-height-default wd-section-disabled\" data-id=\"1f10780a\" data-element_type=\"section\">\n\t\t\t\t\t\t<div class=\"elementor-container elementor-column-gap-default\">\n\t\t\t\t\t<div class=\"elementor-column elementor-col-100 elementor-top-column elementor-element elementor-element-1e8bf597\" data-id=\"1e8bf597\" data-element_type=\"column\">\n\t\t\t<div class=\"elementor-widget-wrap elementor-element-populated\">\n\t\t\t\t\t\t\t\t<div class=\"elementor-element elementor-element-28dda0c3 elementor-widget elementor-widget-accordion\" data-id=\"28dda0c3\" data-element_type=\"widget\" data-widget_type=\"accordion.default\">\n\t\t\t\t<div class=\"elementor-widget-container\">\n\t\t\t<style>\/*! elementor - v3.18.0 - 20-12-2023 *\/\n.elementor-accordion{text-align:left}.elementor-accordion .elementor-accordion-item{border:1px solid #d5d8dc}.elementor-accordion .elementor-accordion-item+.elementor-accordion-item{border-top:none}.elementor-accordion .elementor-tab-title{margin:0;padding:15px 20px;font-weight:700;line-height:1;cursor:pointer;outline:none}.elementor-accordion .elementor-tab-title .elementor-accordion-icon{display:inline-block;width:1.5em}.elementor-accordion .elementor-tab-title .elementor-accordion-icon svg{width:1em;height:1em}.elementor-accordion .elementor-tab-title .elementor-accordion-icon.elementor-accordion-icon-right{float:right;text-align:right}.elementor-accordion .elementor-tab-title .elementor-accordion-icon.elementor-accordion-icon-left{float:left;text-align:left}.elementor-accordion .elementor-tab-title .elementor-accordion-icon .elementor-accordion-icon-closed{display:block}.elementor-accordion .elementor-tab-title .elementor-accordion-icon .elementor-accordion-icon-opened,.elementor-accordion .elementor-tab-title.elementor-active .elementor-accordion-icon-closed{display:none}.elementor-accordion .elementor-tab-title.elementor-active .elementor-accordion-icon-opened{display:block}.elementor-accordion .elementor-tab-content{display:none;padding:15px 20px;border-top:1px solid #d5d8dc}@media (max-width:767px){.elementor-accordion .elementor-tab-title{padding:12px 15px}.elementor-accordion .elementor-tab-title .elementor-accordion-icon{width:1.2em}.elementor-accordion .elementor-tab-content{padding:7px 15px}}.e-con-inner>.elementor-widget-accordion,.e-con>.elementor-widget-accordion{width:var(--container-widget-width);--flex-grow:var(--container-widget-flex-grow)}<\/style>\t\t<div class=\"elementor-accordion\">\n\t\t\t\t\t\t\t<div class=\"elementor-accordion-item\">\n\t\t\t\t\t<div id=\"elementor-tab-title-6851\" class=\"elementor-tab-title\" data-tab=\"1\" role=\"button\" aria-controls=\"elementor-tab-content-6851\" aria-expanded=\"false\">\n\t\t\t\t\t\t\t\t\t\t\t\t\t<span class=\"elementor-accordion-icon elementor-accordion-icon-left\" aria-hidden=\"true\">\n\t\t\t\t\t\t\t\t\t\t\t\t\t\t\t<span class=\"elementor-accordion-icon-closed\"><i class=\"fas fa-caret-down\"><\/i><\/span>\n\t\t\t\t\t\t\t\t<span class=\"elementor-accordion-icon-opened\"><i class=\"fas fa-caret-up\"><\/i><\/span>\n\t\t\t\t\t\t\t\t\t\t\t\t\t\t<\/span>\n\t\t\t\t\t\t\t\t\t\t\t\t<a class=\"elementor-accordion-title\" tabindex=\"0\">Emballer<\/a>\n\t\t\t\t\t<\/div>\n\t\t\t\t\t<div id=\"elementor-tab-content-6851\" class=\"elementor-tab-content elementor-clearfix\" data-tab=\"1\" role=\"region\" aria-labelledby=\"elementor-tab-title-6851\"><table><tbody><tr><td>Produit<\/td><td>Pi\u00e8ces<\/td><td>Emballer<\/td><td>Taille<\/td><td>Poids brut<\/td><\/tr><tr><td rowspan=\"2\">DB176<\/td><td class=\"et4\">1<\/td><td class=\"et4\">Sac d&#039;opp<\/td><td class=\"et4\">44,1 \u00d7 25,3 \u00d7 94,2 mm<\/td><td class=\"et4\">75,4g<\/td><\/tr><tr><td>120<\/td><td>Carton<\/td><td>385\u00d7155\u00d7255mm<\/td><td>10,5kg<\/td><\/tr><\/tbody><\/table><\/div>\n\t\t\t\t<\/div>\n\t\t\t\t\t\t\t<div class=\"elementor-accordion-item\">\n\t\t\t\t\t<div id=\"elementor-tab-title-6852\" class=\"elementor-tab-title\" data-tab=\"2\" role=\"button\" aria-controls=\"elementor-tab-content-6852\" aria-expanded=\"false\">\n\t\t\t\t\t\t\t\t\t\t\t\t\t<span class=\"elementor-accordion-icon elementor-accordion-icon-left\" aria-hidden=\"true\">\n\t\t\t\t\t\t\t\t\t\t\t\t\t\t\t<span class=\"elementor-accordion-icon-closed\"><i class=\"fas fa-caret-down\"><\/i><\/span>\n\t\t\t\t\t\t\t\t<span class=\"elementor-accordion-icon-opened\"><i class=\"fas fa-caret-up\"><\/i><\/span>\n\t\t\t\t\t\t\t\t\t\t\t\t\t\t<\/span>\n\t\t\t\t\t\t\t\t\t\t\t\t<a class=\"elementor-accordion-title\" tabindex=\"0\"> Exp\u00e9dition<\/a>\n\t\t\t\t\t<\/div>\n\t\t\t\t\t<div id=\"elementor-tab-content-6852\" class=\"elementor-tab-content elementor-clearfix\" data-tab=\"2\" role=\"region\" aria-labelledby=\"elementor-tab-title-6852\"><p>La commande d&#039;\u00e9chantillon peut \u00eatre exp\u00e9di\u00e9e dans un d\u00e9lai de 3 \u00e0 7 jours\u00a0;<br \/>La production de commandes group\u00e9es ou de commandes personnalis\u00e9es prend 15 \u00e0 30 jours.<\/p><\/div>\n\t\t\t\t<\/div>\n\t\t\t\t\t\t\t\t<\/div>\n\t\t\t\t<\/div>\n\t\t\t\t<\/div>\n\t\t\t\t\t<\/div>\n\t\t<\/div>\n\t\t\t\t\t\t\t<\/div>\n\t\t<\/section>\n\t\t\t\t\t\t\t<\/div>","protected":false},"excerpt":{"rendered":"<p><strong>Mod\u00e8le : DB176<\/strong><\/p>\n<div class=\"DescriptionImg\">\n<div class=\"image-box\">\n<p><img decoding=\"async\" src=\"https:\/\/bailishaver.com\/wp-content\/uploads\/2023\/09\/Safety.png\" alt=\"Image1\" \/><\/p>\n<div class=\"caption\">S\u00e9curit\u00e9<\/div>\n<\/div>\n<div class=\"image-box\">\n<p><img decoding=\"async\" src=\"https:\/\/bailishaver.com\/wp-content\/uploads\/2023\/09\/Vintage_Non-slip_Handle.png\" alt=\"Image1\" \/><\/p>\n<div class=\"caption\">Poign\u00e9e antid\u00e9rapante vintage<\/div>\n<\/div>\n<div class=\"image-box\">\n<p><img decoding=\"async\" src=\"https:\/\/bailishaver.com\/wp-content\/uploads\/2023\/09\/Mild.png\" alt=\"Image2\" \/><\/p>\n<div class=\"caption\">B\u00e9nin<\/div>\n<\/div>\n<\/div>","protected":false},"featured_media":354,"comment_status":"open","ping_status":"closed","template":"","meta":[],"product_cat":[31],"product_tag":[],"yoast_head":"<!-- This site is optimized with the Yoast SEO plugin v21.4 - https:\/\/yoast.com\/wordpress\/plugins\/seo\/ -->\n<title>176 Victory Double Edge Safety Razor - Guangzhou Weidi Technology Co.,Ltd<\/title>\n<meta name=\"description\" content=\"Baili 176 Victory double edge safety razor, old school and retro look, vintage non-slip handle. Premium zinc alloy with chrome plate finish.\" \/>\n<meta name=\"robots\" content=\"index, follow, max-snippet:-1, max-image-preview:large, max-video-preview:-1\" \/>\n<link rel=\"canonical\" href=\"https:\/\/www.bailishaver.com\/fr\/produit\/176-victory-double-edge-safety-razor\/\" \/>\n<meta property=\"og:locale\" content=\"fr_FR\" \/>\n<meta property=\"og:type\" content=\"article\" \/>\n<meta property=\"og:title\" content=\"176 Victory Double Edge Safety Razor - Guangzhou Weidi Technology Co.,Ltd\" \/>\n<meta property=\"og:description\" content=\"Baili 176 Victory double edge safety razor, old school and retro look, vintage non-slip handle. Premium zinc alloy with chrome plate finish.\" \/>\n<meta property=\"og:url\" content=\"https:\/\/www.bailishaver.com\/fr\/produit\/176-victory-double-edge-safety-razor\/\" \/>\n<meta property=\"og:site_name\" content=\"Guangzhou Weidi Technology Co.,Ltd\" \/>\n<meta property=\"article:modified_time\" content=\"2023-11-14T03:52:18+00:00\" \/>\n<meta property=\"og:image\" content=\"https:\/\/www.bailishaver.com\/wp-content\/uploads\/2023\/08\/176_Victory_Double_Edge_Safety_Razor_01-jpg.webp\" \/>\n\t<meta property=\"og:image:width\" content=\"1001\" \/>\n\t<meta property=\"og:image:height\" content=\"1001\" \/>\n\t<meta property=\"og:image:type\" content=\"image\/jpeg\" \/>\n<meta name=\"twitter:card\" content=\"summary_large_image\" \/>\n<meta name=\"twitter:label1\" content=\"Dur\u00e9e de lecture estim\u00e9e\" \/>\n\t<meta name=\"twitter:data1\" content=\"2 minutes\" \/>\n<script type=\"application\/ld+json\" class=\"yoast-schema-graph\">{\"@context\":\"https:\/\/schema.org\",\"@graph\":[{\"@type\":\"WebPage\",\"@id\":\"https:\/\/www.bailishaver.com\/product\/176-victory-double-edge-safety-razor\/\",\"url\":\"https:\/\/www.bailishaver.com\/product\/176-victory-double-edge-safety-razor\/\",\"name\":\"176 Victory Double Edge Safety Razor - Guangzhou Weidi Technology Co.,Ltd\",\"isPartOf\":{\"@id\":\"https:\/\/www.bailishaver.com\/#website\"},\"datePublished\":\"2023-08-09T08:21:48+00:00\",\"dateModified\":\"2023-11-14T03:52:18+00:00\",\"description\":\"Baili 176 Victory double edge safety razor, old school and retro look, vintage non-slip handle. Premium zinc alloy with chrome plate finish.\",\"breadcrumb\":{\"@id\":\"https:\/\/www.bailishaver.com\/product\/176-victory-double-edge-safety-razor\/#breadcrumb\"},\"inLanguage\":\"fr-FR\",\"potentialAction\":[{\"@type\":\"ReadAction\",\"target\":[\"https:\/\/www.bailishaver.com\/product\/176-victory-double-edge-safety-razor\/\"]}]},{\"@type\":\"BreadcrumbList\",\"@id\":\"https:\/\/www.bailishaver.com\/product\/176-victory-double-edge-safety-razor\/#breadcrumb\",\"itemListElement\":[{\"@type\":\"ListItem\",\"position\":1,\"name\":\"HOME\",\"item\":\"https:\/\/www.bailishaver.com\/\"},{\"@type\":\"ListItem\",\"position\":2,\"name\":\"Product\",\"item\":\"https:\/\/www.bailishaver.com\/product\/\"},{\"@type\":\"ListItem\",\"position\":3,\"name\":\"176 Victory Double Edge Safety Razor\"}]},{\"@type\":\"WebSite\",\"@id\":\"https:\/\/www.bailishaver.com\/#website\",\"url\":\"https:\/\/www.bailishaver.com\/\",\"name\":\"Guangzhou Weidi Technology Co.,Ltd\",\"description\":\"system razors, lady razors, shaving kits, blade and refill, disposable razor, shaving , accessories, etc.\",\"potentialAction\":[{\"@type\":\"SearchAction\",\"target\":{\"@type\":\"EntryPoint\",\"urlTemplate\":\"https:\/\/www.bailishaver.com\/?s={search_term_string}\"},\"query-input\":\"required name=search_term_string\"}],\"inLanguage\":\"fr-FR\"}]}<\/script>\n<!-- \/ Yoast SEO plugin. -->","yoast_head_json":{"title":"176 Victory Double Edge Safety Razor - Guangzhou Weidi Technology Co.,Ltd","description":"Baili 176 Victory double edge safety razor, old school and retro look, vintage non-slip handle. Premium zinc alloy with chrome plate finish.","robots":{"index":"index","follow":"follow","max-snippet":"max-snippet:-1","max-image-preview":"max-image-preview:large","max-video-preview":"max-video-preview:-1"},"canonical":"https:\/\/www.bailishaver.com\/fr\/produit\/176-victory-double-edge-safety-razor\/","og_locale":"fr_FR","og_type":"article","og_title":"176 Victory Double Edge Safety Razor - Guangzhou Weidi Technology Co.,Ltd","og_description":"Baili 176 Victory double edge safety razor, old school and retro look, vintage non-slip handle. Premium zinc alloy with chrome plate finish.","og_url":"https:\/\/www.bailishaver.com\/fr\/produit\/176-victory-double-edge-safety-razor\/","og_site_name":"Guangzhou Weidi Technology Co.,Ltd","article_modified_time":"2023-11-14T03:52:18+00:00","og_image":[{"width":1001,"height":1001,"url":"https:\/\/www.bailishaver.com\/wp-content\/uploads\/2023\/08\/176_Victory_Double_Edge_Safety_Razor_01-jpg.webp","type":"image\/jpeg"}],"twitter_card":"summary_large_image","twitter_misc":{"Dur\u00e9e de lecture estim\u00e9e":"2 minutes"},"schema":{"@context":"https:\/\/schema.org","@graph":[{"@type":"WebPage","@id":"https:\/\/www.bailishaver.com\/product\/176-victory-double-edge-safety-razor\/","url":"https:\/\/www.bailishaver.com\/product\/176-victory-double-edge-safety-razor\/","name":"176 Victory Double Edge Safety Razor - Guangzhou Weidi Technology Co.,Ltd","isPartOf":{"@id":"https:\/\/www.bailishaver.com\/#website"},"datePublished":"2023-08-09T08:21:48+00:00","dateModified":"2023-11-14T03:52:18+00:00","description":"Baili 176 Victory double edge safety razor, old school and retro look, vintage non-slip handle. Premium zinc alloy with chrome plate finish.","breadcrumb":{"@id":"https:\/\/www.bailishaver.com\/product\/176-victory-double-edge-safety-razor\/#breadcrumb"},"inLanguage":"fr-FR","potentialAction":[{"@type":"ReadAction","target":["https:\/\/www.bailishaver.com\/product\/176-victory-double-edge-safety-razor\/"]}]},{"@type":"BreadcrumbList","@id":"https:\/\/www.bailishaver.com\/product\/176-victory-double-edge-safety-razor\/#breadcrumb","itemListElement":[{"@type":"ListItem","position":1,"name":"HOME","item":"https:\/\/www.bailishaver.com\/"},{"@type":"ListItem","position":2,"name":"Product","item":"https:\/\/www.bailishaver.com\/product\/"},{"@type":"ListItem","position":3,"name":"176 Victory Double Edge Safety Razor"}]},{"@type":"WebSite","@id":"https:\/\/www.bailishaver.com\/#website","url":"https:\/\/www.bailishaver.com\/","name":"Guangzhou Weidi Technology Co.,Ltd","description":"system razors, lady razors, shaving kits, blade and refill, disposable razor, shaving , accessories, etc.","potentialAction":[{"@type":"SearchAction","target":{"@type":"EntryPoint","urlTemplate":"https:\/\/www.bailishaver.com\/?s={search_term_string}"},"query-input":"required name=search_term_string"}],"inLanguage":"fr-FR"}]}},"_links":{"self":[{"href":"https:\/\/www.bailishaver.com\/fr\/wp-json\/wp\/v2\/product\/353"}],"collection":[{"href":"https:\/\/www.bailishaver.com\/fr\/wp-json\/wp\/v2\/product"}],"about":[{"href":"https:\/\/www.bailishaver.com\/fr\/wp-json\/wp\/v2\/types\/product"}],"replies":[{"embeddable":true,"href":"https:\/\/www.bailishaver.com\/fr\/wp-json\/wp\/v2\/comments?post=353"}],"version-history":[{"count":0,"href":"https:\/\/www.bailishaver.com\/fr\/wp-json\/wp\/v2\/product\/353\/revisions"}],"wp:featuredmedia":[{"embeddable":true,"href":"https:\/\/www.bailishaver.com\/fr\/wp-json\/wp\/v2\/media\/354"}],"wp:attachment":[{"href":"https:\/\/www.bailishaver.com\/fr\/wp-json\/wp\/v2\/media?parent=353"}],"wp:term":[{"taxonomy":"product_cat","embeddable":true,"href":"https:\/\/www.bailishaver.com\/fr\/wp-json\/wp\/v2\/product_cat?post=353"},{"taxonomy":"product_tag","embeddable":true,"href":"https:\/\/www.bailishaver.com\/fr\/wp-json\/wp\/v2\/product_tag?post=353"}],"curies":[{"name":"wp","href":"https:\/\/api.w.org\/{rel}","templated":true}]}}