{"id":234099,"date":"2025-03-04T12:13:21","date_gmt":"2025-03-04T04:13:21","guid":{"rendered":"https:\/\/bailishaver.com\/?post_type=product&#038;p=234099"},"modified":"2025-03-04T12:28:16","modified_gmt":"2025-03-04T04:28:16","slug":"dual-open-comb-platinum-blades-metal-case-razor-kits","status":"publish","type":"product","link":"https:\/\/www.bailishaver.com\/fr\/produit\/dual-open-comb-platinum-blades-metal-case-razor-kits\/","title":{"rendered":"Dual Open Comb Platinum Blades Metal Case Razor Kits"},"content":{"rendered":"<div data-elementor-type=\"product-post\" data-elementor-id=\"234099\" class=\"elementor elementor-234099\" data-elementor-post-type=\"product\">\n\t\t\t\t\t\t\t\t\t<section class=\"wd-negative-gap elementor-section elementor-top-section elementor-element elementor-element-1bc87b1b elementor-section-content-middle elementor-section-boxed elementor-section-height-default elementor-section-height-default wd-section-disabled\" data-id=\"1bc87b1b\" data-element_type=\"section\">\n\t\t\t\t\t\t<div class=\"elementor-container elementor-column-gap-default\">\n\t\t\t\t\t<div class=\"elementor-column elementor-col-50 elementor-top-column elementor-element elementor-element-77002fbc\" data-id=\"77002fbc\" data-element_type=\"column\">\n\t\t\t<div class=\"elementor-widget-wrap elementor-element-populated\">\n\t\t\t\t\t\t\t\t<div class=\"elementor-element elementor-element-36c4be58 elementor-widget elementor-widget-wd_text_block\" data-id=\"36c4be58\" data-element_type=\"widget\" data-widget_type=\"wd_text_block.default\">\n\t\t\t\t<div class=\"elementor-widget-container\">\n\t\t\t\t\t<div class=\"wd-text-block reset-last-child text-left color-title\">\n\t\t\t\n\t\t\t<p>Model: BRB3Q<\/p><p>Razor Head: Dual Comb\u00a0 Razor Head<\/p><p>Taille du rasoir\u00a0: 45 \u00d7 25 \u00d7 104 mm<\/p><p>Poids du rasoir : 78,4 g<\/p><p>Shaving Kit Size: 171\u00d766\u00d733.7mm<\/p><p>Material: Stainless Stee l+ Zinc Alloy<\/p><p>Caract\u00e9ristiques : convient aux personnes ayant des barbes diff\u00e9rentes ; Lavable; R\u00e9utilisable\u00a0; Imperm\u00e9able; Antirouille<\/p>\n\t\t\t\t\t<\/div>\n\t\t\t\t<\/div>\n\t\t\t\t<\/div>\n\t\t\t\t\t<\/div>\n\t\t<\/div>\n\t\t\t\t<div class=\"elementor-column elementor-col-50 elementor-top-column elementor-element elementor-element-3e96e9b6\" data-id=\"3e96e9b6\" data-element_type=\"column\">\n\t\t\t<div class=\"elementor-widget-wrap elementor-element-populated\">\n\t\t\t\t\t\t\t\t<div class=\"elementor-element elementor-element-14cb92f9 elementor-widget elementor-widget-wd_image_or_svg\" data-id=\"14cb92f9\" data-element_type=\"widget\" data-widget_type=\"wd_image_or_svg.default\">\n\t\t\t\t<div class=\"elementor-widget-container\">\n\t\t\t\n\t\t<div class=\"wd-image text-left\">\n\t\t\t\t\t\t\t\t<img fetchpriority=\"high\" decoding=\"async\" width=\"1334\" height=\"1334\" src=\"https:\/\/www.bailishaver.com\/wp-content\/uploads\/2025\/03\/Dual_Open_Comb_Platinum_Blades_Metal_Case_Razor_Kits_details_01.webp\" class=\"attachment-full size-full wp-image-234094\" alt=\"\" \/>\t\t\t\t\t<\/div>\n\n\t\t\t\t<\/div>\n\t\t\t\t<\/div>\n\t\t\t\t\t<\/div>\n\t\t<\/div>\n\t\t\t\t\t\t\t<\/div>\n\t\t<\/section>\n\t\t\t\t<section class=\"wd-negative-gap elementor-section elementor-top-section elementor-element elementor-element-4f9cf17a elementor-section-content-middle elementor-section-boxed elementor-section-height-default elementor-section-height-default wd-section-disabled\" data-id=\"4f9cf17a\" data-element_type=\"section\">\n\t\t\t\t\t\t<div class=\"elementor-container elementor-column-gap-default\">\n\t\t\t\t\t<div class=\"elementor-column elementor-col-50 elementor-top-column elementor-element elementor-element-19f1ba6b\" data-id=\"19f1ba6b\" data-element_type=\"column\">\n\t\t\t<div class=\"elementor-widget-wrap elementor-element-populated\">\n\t\t\t\t\t\t\t\t<div class=\"elementor-element elementor-element-076a733 elementor-hidden-desktop elementor-hidden-tablet elementor-widget elementor-widget-wd_text_block\" data-id=\"076a733\" data-element_type=\"widget\" data-widget_type=\"wd_text_block.default\">\n\t\t\t\t<div class=\"elementor-widget-container\">\n\t\t\t\t\t<div class=\"wd-text-block reset-last-child text-left color-title\">\n\t\t\t\n\t\t\t<p>*Exposition am\u00e9lior\u00e9e de la lame pour un rasage agressif, adapt\u00e9 aux barbes longues, courtes et \u00e9paisses et aux chaumes durs\u00a0;<br \/>*T\u00eate de rasoir de s\u00e9curit\u00e9 am\u00e9lior\u00e9e avec piliers de positionnement plus \u00e9pais pour un alignement pr\u00e9cis de la lame, garantissant un rasage uniforme et confortable\u00a0;<br \/>*Dual open comb razor head design for more skin contact, effectively increasing shaving efficiency;<br \/>*Con\u00e7u pour un placement vertical, permettant un drainage rapide de l&#039;eau et un stockage hygi\u00e9nique\u00a0;<br \/>*Texture antid\u00e9rapante raffin\u00e9e avec un savoir-faire m\u00e9ticuleux.<\/p>\n\t\t\t\t\t<\/div>\n\t\t\t\t<\/div>\n\t\t\t\t<\/div>\n\t\t\t\t<div class=\"elementor-element elementor-element-437736a3 elementor-widget elementor-widget-wd_image_or_svg\" data-id=\"437736a3\" data-element_type=\"widget\" data-widget_type=\"wd_image_or_svg.default\">\n\t\t\t\t<div class=\"elementor-widget-container\">\n\t\t\t\n\t\t<div class=\"wd-image text-left\">\n\t\t\t\t\t\t\t\t<img decoding=\"async\" width=\"800\" height=\"800\" src=\"https:\/\/www.bailishaver.com\/wp-content\/uploads\/2025\/03\/Dual_Open_Comb_Platinum_Blades_Metal_Case_Razor_Kits_details_02.webp\" class=\"attachment-full size-full wp-image-234095\" alt=\"\" srcset=\"https:\/\/www.bailishaver.com\/wp-content\/uploads\/2025\/03\/Dual_Open_Comb_Platinum_Blades_Metal_Case_Razor_Kits_details_02.webp 800w, https:\/\/www.bailishaver.com\/wp-content\/uploads\/2025\/03\/Dual_Open_Comb_Platinum_Blades_Metal_Case_Razor_Kits_details_02-300x300.webp 300w, https:\/\/www.bailishaver.com\/wp-content\/uploads\/2025\/03\/Dual_Open_Comb_Platinum_Blades_Metal_Case_Razor_Kits_details_02-150x150.webp 150w, https:\/\/www.bailishaver.com\/wp-content\/uploads\/2025\/03\/Dual_Open_Comb_Platinum_Blades_Metal_Case_Razor_Kits_details_02-768x768.webp 768w, https:\/\/www.bailishaver.com\/wp-content\/uploads\/2025\/03\/Dual_Open_Comb_Platinum_Blades_Metal_Case_Razor_Kits_details_02-12x12.webp 12w\" sizes=\"(max-width: 800px) 100vw, 800px\" \/>\t\t\t\t\t<\/div>\n\n\t\t\t\t<\/div>\n\t\t\t\t<\/div>\n\t\t\t\t\t<\/div>\n\t\t<\/div>\n\t\t\t\t<div class=\"elementor-column elementor-col-50 elementor-top-column elementor-element elementor-element-7871959a\" data-id=\"7871959a\" data-element_type=\"column\">\n\t\t\t<div class=\"elementor-widget-wrap elementor-element-populated\">\n\t\t\t\t\t\t\t\t<div class=\"elementor-element elementor-element-4f3e2e1a elementor-hidden-mobile elementor-widget elementor-widget-wd_text_block\" data-id=\"4f3e2e1a\" data-element_type=\"widget\" data-widget_type=\"wd_text_block.default\">\n\t\t\t\t<div class=\"elementor-widget-container\">\n\t\t\t\t\t<div class=\"wd-text-block reset-last-child text-left color-title\">\n\t\t\t\n\t\t\t<p>*Exposition am\u00e9lior\u00e9e de la lame pour un rasage agressif, adapt\u00e9 aux barbes longues, courtes et \u00e9paisses et aux chaumes durs\u00a0;<br \/>*T\u00eate de rasoir de s\u00e9curit\u00e9 am\u00e9lior\u00e9e avec piliers de positionnement plus \u00e9pais pour un alignement pr\u00e9cis de la lame, garantissant un rasage uniforme et confortable\u00a0;<br \/>*Dual open comb razor head design for more skin contact, effectively increasing shaving efficiency;<br \/>*Con\u00e7u pour un placement vertical, permettant un drainage rapide de l&#039;eau et un stockage hygi\u00e9nique\u00a0;<br \/>*Texture antid\u00e9rapante raffin\u00e9e avec un savoir-faire m\u00e9ticuleux.<\/p>\n\t\t\t\t\t<\/div>\n\t\t\t\t<\/div>\n\t\t\t\t<\/div>\n\t\t\t\t\t<\/div>\n\t\t<\/div>\n\t\t\t\t\t\t\t<\/div>\n\t\t<\/section>\n\t\t\t\t<section class=\"wd-negative-gap elementor-section elementor-top-section elementor-element elementor-element-53922a26 elementor-section-content-middle elementor-section-boxed elementor-section-height-default elementor-section-height-default wd-section-disabled\" data-id=\"53922a26\" data-element_type=\"section\">\n\t\t\t\t\t\t<div class=\"elementor-container elementor-column-gap-default\">\n\t\t\t\t\t<div class=\"elementor-column elementor-col-50 elementor-top-column elementor-element elementor-element-249bfaa9\" data-id=\"249bfaa9\" data-element_type=\"column\">\n\t\t\t<div class=\"elementor-widget-wrap elementor-element-populated\">\n\t\t\t\t\t\t\t\t<div class=\"elementor-element elementor-element-2c9b98bf elementor-widget elementor-widget-wd_text_block\" data-id=\"2c9b98bf\" data-element_type=\"widget\" data-widget_type=\"wd_text_block.default\">\n\t\t\t\t<div class=\"elementor-widget-container\">\n\t\t\t\t\t<div class=\"wd-text-block reset-last-child text-left color-title\">\n\t\t\t\n\t\t\t<p><b>The razor kit comes with a razor, 5 blades, blade storage box, and metal box.<\/b><\/p><p><b>The advantages of this metal boxes mainly include:<\/b><\/p><p><b>Facile \u00e0 porter:<\/b><\/p><p>The manual razor with travel metal box is specially designed for travel. It is compact and easy to carry, suitable for use on business trips or travels;<\/p><p><b>Prot\u00e9gez le rasoir :<\/b><\/p><p>Le rasoir peut \u00eatre heurt\u00e9 ou ray\u00e9 pendant son utilisation. Le placer dans une bo\u00eete en fer peut prot\u00e9ger efficacement le rasoir et \u00e9viter les dommages ;<\/p><p><b>Garde le propre:<\/b><\/p><p>The metal box can keep the razor clean, avoid dust and dirt contamination, and make it more hygienic to use.<\/p>\n\t\t\t\t\t<\/div>\n\t\t\t\t<\/div>\n\t\t\t\t<\/div>\n\t\t\t\t\t<\/div>\n\t\t<\/div>\n\t\t\t\t<div class=\"elementor-column elementor-col-50 elementor-top-column elementor-element elementor-element-6e491682\" data-id=\"6e491682\" data-element_type=\"column\">\n\t\t\t<div class=\"elementor-widget-wrap elementor-element-populated\">\n\t\t\t\t\t\t\t\t<div class=\"elementor-element elementor-element-1966d40c elementor-widget elementor-widget-wd_image_or_svg\" data-id=\"1966d40c\" data-element_type=\"widget\" data-widget_type=\"wd_image_or_svg.default\">\n\t\t\t\t<div class=\"elementor-widget-container\">\n\t\t\t\n\t\t<div class=\"wd-image text-left\">\n\t\t\t\t\t\t\t\t<img decoding=\"async\" width=\"800\" height=\"800\" src=\"https:\/\/www.bailishaver.com\/wp-content\/uploads\/2025\/03\/Dual_Open_Comb_Platinum_Blades_Metal_Case_Razor_Kits_details_03.webp\" class=\"attachment-full size-full wp-image-234096\" alt=\"\" srcset=\"https:\/\/www.bailishaver.com\/wp-content\/uploads\/2025\/03\/Dual_Open_Comb_Platinum_Blades_Metal_Case_Razor_Kits_details_03.webp 800w, https:\/\/www.bailishaver.com\/wp-content\/uploads\/2025\/03\/Dual_Open_Comb_Platinum_Blades_Metal_Case_Razor_Kits_details_03-300x300.webp 300w, https:\/\/www.bailishaver.com\/wp-content\/uploads\/2025\/03\/Dual_Open_Comb_Platinum_Blades_Metal_Case_Razor_Kits_details_03-150x150.webp 150w, https:\/\/www.bailishaver.com\/wp-content\/uploads\/2025\/03\/Dual_Open_Comb_Platinum_Blades_Metal_Case_Razor_Kits_details_03-768x768.webp 768w, https:\/\/www.bailishaver.com\/wp-content\/uploads\/2025\/03\/Dual_Open_Comb_Platinum_Blades_Metal_Case_Razor_Kits_details_03-12x12.webp 12w\" sizes=\"(max-width: 800px) 100vw, 800px\" \/>\t\t\t\t\t<\/div>\n\n\t\t\t\t<\/div>\n\t\t\t\t<\/div>\n\t\t\t\t\t<\/div>\n\t\t<\/div>\n\t\t\t\t\t\t\t<\/div>\n\t\t<\/section>\n\t\t\t\t<section class=\"wd-negative-gap elementor-section elementor-top-section elementor-element elementor-element-2e747d07 elementor-section-boxed elementor-section-height-default elementor-section-height-default wd-section-disabled\" data-id=\"2e747d07\" data-element_type=\"section\">\n\t\t\t\t\t\t<div class=\"elementor-container elementor-column-gap-default\">\n\t\t\t\t\t<div class=\"elementor-column elementor-col-100 elementor-top-column elementor-element elementor-element-70f07ba7\" data-id=\"70f07ba7\" data-element_type=\"column\">\n\t\t\t<div class=\"elementor-widget-wrap elementor-element-populated\">\n\t\t\t\t\t\t\t\t<div class=\"elementor-element elementor-element-7f86f569 elementor-widget elementor-widget-accordion\" data-id=\"7f86f569\" data-element_type=\"widget\" data-widget_type=\"accordion.default\">\n\t\t\t\t<div class=\"elementor-widget-container\">\n\t\t\t<style>\/*! elementor - v3.18.0 - 20-12-2023 *\/\n.elementor-accordion{text-align:left}.elementor-accordion .elementor-accordion-item{border:1px solid #d5d8dc}.elementor-accordion .elementor-accordion-item+.elementor-accordion-item{border-top:none}.elementor-accordion .elementor-tab-title{margin:0;padding:15px 20px;font-weight:700;line-height:1;cursor:pointer;outline:none}.elementor-accordion .elementor-tab-title .elementor-accordion-icon{display:inline-block;width:1.5em}.elementor-accordion .elementor-tab-title .elementor-accordion-icon svg{width:1em;height:1em}.elementor-accordion .elementor-tab-title .elementor-accordion-icon.elementor-accordion-icon-right{float:right;text-align:right}.elementor-accordion .elementor-tab-title .elementor-accordion-icon.elementor-accordion-icon-left{float:left;text-align:left}.elementor-accordion .elementor-tab-title .elementor-accordion-icon .elementor-accordion-icon-closed{display:block}.elementor-accordion .elementor-tab-title .elementor-accordion-icon .elementor-accordion-icon-opened,.elementor-accordion .elementor-tab-title.elementor-active .elementor-accordion-icon-closed{display:none}.elementor-accordion .elementor-tab-title.elementor-active .elementor-accordion-icon-opened{display:block}.elementor-accordion .elementor-tab-content{display:none;padding:15px 20px;border-top:1px solid #d5d8dc}@media (max-width:767px){.elementor-accordion .elementor-tab-title{padding:12px 15px}.elementor-accordion .elementor-tab-title .elementor-accordion-icon{width:1.2em}.elementor-accordion .elementor-tab-content{padding:7px 15px}}.e-con-inner>.elementor-widget-accordion,.e-con>.elementor-widget-accordion{width:var(--container-widget-width);--flex-grow:var(--container-widget-flex-grow)}<\/style>\t\t<div class=\"elementor-accordion\">\n\t\t\t\t\t\t\t<div class=\"elementor-accordion-item\">\n\t\t\t\t\t<div id=\"elementor-tab-title-2131\" class=\"elementor-tab-title\" data-tab=\"1\" role=\"button\" aria-controls=\"elementor-tab-content-2131\" aria-expanded=\"false\">\n\t\t\t\t\t\t\t\t\t\t\t\t\t<span class=\"elementor-accordion-icon elementor-accordion-icon-left\" aria-hidden=\"true\">\n\t\t\t\t\t\t\t\t\t\t\t\t\t\t\t<span class=\"elementor-accordion-icon-closed\"><i class=\"fas fa-caret-down\"><\/i><\/span>\n\t\t\t\t\t\t\t\t<span class=\"elementor-accordion-icon-opened\"><i class=\"fas fa-caret-up\"><\/i><\/span>\n\t\t\t\t\t\t\t\t\t\t\t\t\t\t<\/span>\n\t\t\t\t\t\t\t\t\t\t\t\t<a class=\"elementor-accordion-title\" tabindex=\"0\">Emballer<\/a>\n\t\t\t\t\t<\/div>\n\t\t\t\t\t<div id=\"elementor-tab-content-2131\" class=\"elementor-tab-content elementor-clearfix\" data-tab=\"1\" role=\"region\" aria-labelledby=\"elementor-tab-title-2131\"><table><tbody><tr><td>Produit<\/td><td>Pi\u00e8ces<\/td><td>Emballer<\/td><td>Taille<\/td><td>Poids brut<\/td><\/tr><tr><td rowspan=\"2\">BRB3Q<\/td><td class=\"et4\">1<\/td><td class=\"et4\">Sac d&#039;opp<\/td><td class=\"et4\">171\u00d766\u00d733.7mm<\/td><td class=\"et4\">194g<\/td><\/tr><tr><td class=\"et4\">80<\/td><td class=\"et4\">Carton<\/td><td class=\"et4\">360\u00d7278\u00d7365mm<\/td><td class=\"et4\">15.52Kg<\/td><\/tr><\/tbody><\/table><\/div>\n\t\t\t\t<\/div>\n\t\t\t\t\t\t\t<div class=\"elementor-accordion-item\">\n\t\t\t\t\t<div id=\"elementor-tab-title-2132\" class=\"elementor-tab-title\" data-tab=\"2\" role=\"button\" aria-controls=\"elementor-tab-content-2132\" aria-expanded=\"false\">\n\t\t\t\t\t\t\t\t\t\t\t\t\t<span class=\"elementor-accordion-icon elementor-accordion-icon-left\" aria-hidden=\"true\">\n\t\t\t\t\t\t\t\t\t\t\t\t\t\t\t<span class=\"elementor-accordion-icon-closed\"><i class=\"fas fa-caret-down\"><\/i><\/span>\n\t\t\t\t\t\t\t\t<span class=\"elementor-accordion-icon-opened\"><i class=\"fas fa-caret-up\"><\/i><\/span>\n\t\t\t\t\t\t\t\t\t\t\t\t\t\t<\/span>\n\t\t\t\t\t\t\t\t\t\t\t\t<a class=\"elementor-accordion-title\" tabindex=\"0\"> Exp\u00e9dition<\/a>\n\t\t\t\t\t<\/div>\n\t\t\t\t\t<div id=\"elementor-tab-content-2132\" class=\"elementor-tab-content elementor-clearfix\" data-tab=\"2\" role=\"region\" aria-labelledby=\"elementor-tab-title-2132\"><p>La commande d&#039;\u00e9chantillon peut \u00eatre exp\u00e9di\u00e9e dans un d\u00e9lai de 3 \u00e0 7 jours\u00a0;<br \/>La production de commandes group\u00e9es ou de commandes personnalis\u00e9es prend 15 \u00e0 30 jours.<\/p><\/div>\n\t\t\t\t<\/div>\n\t\t\t\t\t\t\t\t<\/div>\n\t\t\t\t<\/div>\n\t\t\t\t<\/div>\n\t\t\t\t\t<\/div>\n\t\t<\/div>\n\t\t\t\t\t\t\t<\/div>\n\t\t<\/section>\n\t\t\t\t\t\t\t<\/div>","protected":false},"excerpt":{"rendered":"<p><strong>Model: BRB3Q<\/strong><\/p>\n<div class=\"DescriptionImg\">\n<div class=\"image-box\">\n<p><img decoding=\"async\" src=\"https:\/\/bailishaver.com\/wp-content\/uploads\/2023\/11\/Dual_Open_Comb.webp\" alt=\"Image1\" \/><\/p>\n<div class=\"caption\">Peigne double ouvert<\/div>\n<\/div>\n<div class=\"image-box\">\n<p><img decoding=\"async\" src=\"https:\/\/bailishaver.com\/wp-content\/uploads\/2023\/09\/Standing_without_Base.png\" alt=\"Image2\" \/><\/p>\n<div class=\"caption\">Debout sans base<\/div>\n<\/div>\n<div class=\"image-box\">\n<p><img decoding=\"async\" src=\"https:\/\/bailishaver.com\/wp-content\/uploads\/2024\/02\/Exquisite_Gift_Box_Icon.webp\" alt=\"Image3\" \/><\/p>\n<div class=\"caption\">Razor Kits<\/div>\n<\/div>\n<\/div>","protected":false},"featured_media":234088,"comment_status":"open","ping_status":"closed","template":"","meta":[],"product_cat":[71,34],"product_tag":[],"yoast_head":"<!-- This site is optimized with the Yoast SEO plugin v21.4 - https:\/\/yoast.com\/wordpress\/plugins\/seo\/ -->\n<title>Dual Open Comb Platinum Blades Metal Case Razor Kits - Guangzhou Weidi Technology Co.,Ltd<\/title>\n<meta name=\"description\" content=\"Razor kits with metal case, provides a safe and hygienic way to store blades and the razor, making it ideal for travel or everyday use.\" \/>\n<meta name=\"robots\" content=\"index, follow, max-snippet:-1, max-image-preview:large, max-video-preview:-1\" \/>\n<link rel=\"canonical\" href=\"https:\/\/www.bailishaver.com\/fr\/produit\/dual-open-comb-platinum-blades-metal-case-razor-kits\/\" \/>\n<meta property=\"og:locale\" content=\"fr_FR\" \/>\n<meta property=\"og:type\" content=\"article\" \/>\n<meta property=\"og:title\" content=\"Dual Open Comb Platinum Blades Metal Case Razor Kits - Guangzhou Weidi Technology Co.,Ltd\" \/>\n<meta property=\"og:description\" content=\"Razor kits with metal case, provides a safe and hygienic way to store blades and the razor, making it ideal for travel or everyday use.\" \/>\n<meta property=\"og:url\" content=\"https:\/\/www.bailishaver.com\/fr\/produit\/dual-open-comb-platinum-blades-metal-case-razor-kits\/\" \/>\n<meta property=\"og:site_name\" content=\"Guangzhou Weidi Technology Co.,Ltd\" \/>\n<meta property=\"article:modified_time\" content=\"2025-03-04T04:28:16+00:00\" \/>\n<meta property=\"og:image\" content=\"https:\/\/www.bailishaver.com\/wp-content\/uploads\/2025\/03\/Dual_Open_Comb_Platinum_Blades_Metal_Case_Razor_Kits_01.webp\" \/>\n\t<meta property=\"og:image:width\" content=\"1334\" \/>\n\t<meta property=\"og:image:height\" content=\"1334\" \/>\n\t<meta property=\"og:image:type\" content=\"image\/webp\" \/>\n<meta name=\"twitter:card\" content=\"summary_large_image\" \/>\n<script type=\"application\/ld+json\" class=\"yoast-schema-graph\">{\"@context\":\"https:\/\/schema.org\",\"@graph\":[{\"@type\":\"WebPage\",\"@id\":\"https:\/\/www.bailishaver.com\/product\/dual-open-comb-platinum-blades-metal-case-razor-kits\/\",\"url\":\"https:\/\/www.bailishaver.com\/product\/dual-open-comb-platinum-blades-metal-case-razor-kits\/\",\"name\":\"Dual Open Comb Platinum Blades Metal Case Razor Kits - Guangzhou Weidi Technology Co.,Ltd\",\"isPartOf\":{\"@id\":\"https:\/\/www.bailishaver.com\/#website\"},\"datePublished\":\"2025-03-04T04:13:21+00:00\",\"dateModified\":\"2025-03-04T04:28:16+00:00\",\"description\":\"Razor kits with metal case, provides a safe and hygienic way to store blades and the razor, making it ideal for travel or everyday use.\",\"breadcrumb\":{\"@id\":\"https:\/\/www.bailishaver.com\/product\/dual-open-comb-platinum-blades-metal-case-razor-kits\/#breadcrumb\"},\"inLanguage\":\"fr-FR\",\"potentialAction\":[{\"@type\":\"ReadAction\",\"target\":[\"https:\/\/www.bailishaver.com\/product\/dual-open-comb-platinum-blades-metal-case-razor-kits\/\"]}]},{\"@type\":\"BreadcrumbList\",\"@id\":\"https:\/\/www.bailishaver.com\/product\/dual-open-comb-platinum-blades-metal-case-razor-kits\/#breadcrumb\",\"itemListElement\":[{\"@type\":\"ListItem\",\"position\":1,\"name\":\"HOME\",\"item\":\"https:\/\/www.bailishaver.com\/\"},{\"@type\":\"ListItem\",\"position\":2,\"name\":\"Product\",\"item\":\"https:\/\/www.bailishaver.com\/product\/\"},{\"@type\":\"ListItem\",\"position\":3,\"name\":\"Dual Open Comb Platinum Blades Metal Case Razor Kits\"}]},{\"@type\":\"WebSite\",\"@id\":\"https:\/\/www.bailishaver.com\/#website\",\"url\":\"https:\/\/www.bailishaver.com\/\",\"name\":\"Guangzhou Weidi Technology Co.,Ltd\",\"description\":\"system razors, lady razors, shaving kits, blade and refill, disposable razor, shaving , accessories, etc.\",\"potentialAction\":[{\"@type\":\"SearchAction\",\"target\":{\"@type\":\"EntryPoint\",\"urlTemplate\":\"https:\/\/www.bailishaver.com\/?s={search_term_string}\"},\"query-input\":\"required name=search_term_string\"}],\"inLanguage\":\"fr-FR\"}]}<\/script>\n<!-- \/ Yoast SEO plugin. -->","yoast_head_json":{"title":"Dual Open Comb Platinum Blades Metal Case Razor Kits - Guangzhou Weidi Technology Co.,Ltd","description":"Razor kits with metal case, provides a safe and hygienic way to store blades and the razor, making it ideal for travel or everyday use.","robots":{"index":"index","follow":"follow","max-snippet":"max-snippet:-1","max-image-preview":"max-image-preview:large","max-video-preview":"max-video-preview:-1"},"canonical":"https:\/\/www.bailishaver.com\/fr\/produit\/dual-open-comb-platinum-blades-metal-case-razor-kits\/","og_locale":"fr_FR","og_type":"article","og_title":"Dual Open Comb Platinum Blades Metal Case Razor Kits - Guangzhou Weidi Technology Co.,Ltd","og_description":"Razor kits with metal case, provides a safe and hygienic way to store blades and the razor, making it ideal for travel or everyday use.","og_url":"https:\/\/www.bailishaver.com\/fr\/produit\/dual-open-comb-platinum-blades-metal-case-razor-kits\/","og_site_name":"Guangzhou Weidi Technology Co.,Ltd","article_modified_time":"2025-03-04T04:28:16+00:00","og_image":[{"width":1334,"height":1334,"url":"https:\/\/www.bailishaver.com\/wp-content\/uploads\/2025\/03\/Dual_Open_Comb_Platinum_Blades_Metal_Case_Razor_Kits_01.webp","type":"image\/webp"}],"twitter_card":"summary_large_image","schema":{"@context":"https:\/\/schema.org","@graph":[{"@type":"WebPage","@id":"https:\/\/www.bailishaver.com\/product\/dual-open-comb-platinum-blades-metal-case-razor-kits\/","url":"https:\/\/www.bailishaver.com\/product\/dual-open-comb-platinum-blades-metal-case-razor-kits\/","name":"Dual Open Comb Platinum Blades Metal Case Razor Kits - Guangzhou Weidi Technology Co.,Ltd","isPartOf":{"@id":"https:\/\/www.bailishaver.com\/#website"},"datePublished":"2025-03-04T04:13:21+00:00","dateModified":"2025-03-04T04:28:16+00:00","description":"Razor kits with metal case, provides a safe and hygienic way to store blades and the razor, making it ideal for travel or everyday use.","breadcrumb":{"@id":"https:\/\/www.bailishaver.com\/product\/dual-open-comb-platinum-blades-metal-case-razor-kits\/#breadcrumb"},"inLanguage":"fr-FR","potentialAction":[{"@type":"ReadAction","target":["https:\/\/www.bailishaver.com\/product\/dual-open-comb-platinum-blades-metal-case-razor-kits\/"]}]},{"@type":"BreadcrumbList","@id":"https:\/\/www.bailishaver.com\/product\/dual-open-comb-platinum-blades-metal-case-razor-kits\/#breadcrumb","itemListElement":[{"@type":"ListItem","position":1,"name":"HOME","item":"https:\/\/www.bailishaver.com\/"},{"@type":"ListItem","position":2,"name":"Product","item":"https:\/\/www.bailishaver.com\/product\/"},{"@type":"ListItem","position":3,"name":"Dual Open Comb Platinum Blades Metal Case Razor Kits"}]},{"@type":"WebSite","@id":"https:\/\/www.bailishaver.com\/#website","url":"https:\/\/www.bailishaver.com\/","name":"Guangzhou Weidi Technology Co.,Ltd","description":"system razors, lady razors, shaving kits, blade and refill, disposable razor, shaving , accessories, etc.","potentialAction":[{"@type":"SearchAction","target":{"@type":"EntryPoint","urlTemplate":"https:\/\/www.bailishaver.com\/?s={search_term_string}"},"query-input":"required name=search_term_string"}],"inLanguage":"fr-FR"}]}},"_links":{"self":[{"href":"https:\/\/www.bailishaver.com\/fr\/wp-json\/wp\/v2\/product\/234099"}],"collection":[{"href":"https:\/\/www.bailishaver.com\/fr\/wp-json\/wp\/v2\/product"}],"about":[{"href":"https:\/\/www.bailishaver.com\/fr\/wp-json\/wp\/v2\/types\/product"}],"replies":[{"embeddable":true,"href":"https:\/\/www.bailishaver.com\/fr\/wp-json\/wp\/v2\/comments?post=234099"}],"version-history":[{"count":11,"href":"https:\/\/www.bailishaver.com\/fr\/wp-json\/wp\/v2\/product\/234099\/revisions"}],"predecessor-version":[{"id":234203,"href":"https:\/\/www.bailishaver.com\/fr\/wp-json\/wp\/v2\/product\/234099\/revisions\/234203"}],"wp:featuredmedia":[{"embeddable":true,"href":"https:\/\/www.bailishaver.com\/fr\/wp-json\/wp\/v2\/media\/234088"}],"wp:attachment":[{"href":"https:\/\/www.bailishaver.com\/fr\/wp-json\/wp\/v2\/media?parent=234099"}],"wp:term":[{"taxonomy":"product_cat","embeddable":true,"href":"https:\/\/www.bailishaver.com\/fr\/wp-json\/wp\/v2\/product_cat?post=234099"},{"taxonomy":"product_tag","embeddable":true,"href":"https:\/\/www.bailishaver.com\/fr\/wp-json\/wp\/v2\/product_tag?post=234099"}],"curies":[{"name":"wp","href":"https:\/\/api.w.org\/{rel}","templated":true}]}}