{"id":233381,"date":"2024-09-06T10:46:52","date_gmt":"2024-09-06T02:46:52","guid":{"rendered":"https:\/\/bailishaver.com\/?post_type=product&#038;p=233381"},"modified":"2024-11-29T11:05:26","modified_gmt":"2024-11-29T03:05:26","slug":"imported-floating-three-blade-abs-razor-fits-mach-handle","status":"publish","type":"product","link":"https:\/\/www.bailishaver.com\/fr\/produit\/imported-floating-three-blade-abs-razor-fits-mach-handle\/","title":{"rendered":"Imported Floating Three Blade ABS Razor Fits Mach Handle"},"content":{"rendered":"<div data-elementor-type=\"product-post\" data-elementor-id=\"233381\" class=\"elementor elementor-233381\" data-elementor-post-type=\"product\">\n\t\t\t\t\t\t\t\t\t<section class=\"wd-negative-gap elementor-section elementor-top-section elementor-element elementor-element-1bc87b1b elementor-section-content-middle elementor-section-boxed elementor-section-height-default elementor-section-height-default wd-section-disabled\" data-id=\"1bc87b1b\" data-element_type=\"section\">\n\t\t\t\t\t\t<div class=\"elementor-container elementor-column-gap-default\">\n\t\t\t\t\t<div class=\"elementor-column elementor-col-50 elementor-top-column elementor-element elementor-element-77002fbc\" data-id=\"77002fbc\" data-element_type=\"column\">\n\t\t\t<div class=\"elementor-widget-wrap elementor-element-populated\">\n\t\t\t\t\t\t\t\t<div class=\"elementor-element elementor-element-36c4be58 elementor-widget elementor-widget-wd_text_block\" data-id=\"36c4be58\" data-element_type=\"widget\" data-widget_type=\"wd_text_block.default\">\n\t\t\t\t<div class=\"elementor-widget-container\">\n\t\t\t\t\t<div class=\"wd-text-block reset-last-child text-left color-title\">\n\t\t\t\n\t\t\t<p>Model: G5-PU<\/p><p>Razor Head: Three Blade<\/p><p>Razor Size: 42.1\u00d7152.8mm<\/p><p>Razor Weight: 13.2g<\/p><p>Razor Material: ABS+Stainless Steel<\/p><p>Features: Moisturizing Aloe Vera Strip; Cartridges fit Mach Handles; Washable; Reusable; Waterproof; Rustproof<\/p>\n\t\t\t\t\t<\/div>\n\t\t\t\t<\/div>\n\t\t\t\t<\/div>\n\t\t\t\t\t<\/div>\n\t\t<\/div>\n\t\t\t\t<div class=\"elementor-column elementor-col-50 elementor-top-column elementor-element elementor-element-3e96e9b6\" data-id=\"3e96e9b6\" data-element_type=\"column\">\n\t\t\t<div class=\"elementor-widget-wrap elementor-element-populated\">\n\t\t\t\t\t\t\t\t<div class=\"elementor-element elementor-element-14cb92f9 elementor-widget elementor-widget-wd_image_or_svg\" data-id=\"14cb92f9\" data-element_type=\"widget\" data-widget_type=\"wd_image_or_svg.default\">\n\t\t\t\t<div class=\"elementor-widget-container\">\n\t\t\t\n\t\t<div class=\"wd-image text-left\">\n\t\t\t\t\t\t\t\t<img fetchpriority=\"high\" decoding=\"async\" width=\"800\" height=\"800\" src=\"https:\/\/www.bailishaver.com\/wp-content\/uploads\/2024\/11\/Imported_Floating_Three_Blade_ABS_Razor_Fits_Mach_Handle_details_01.webp\" class=\"attachment-full size-full wp-image-233718\" alt=\"\" srcset=\"https:\/\/www.bailishaver.com\/wp-content\/uploads\/2024\/11\/Imported_Floating_Three_Blade_ABS_Razor_Fits_Mach_Handle_details_01.webp 800w, https:\/\/www.bailishaver.com\/wp-content\/uploads\/2024\/11\/Imported_Floating_Three_Blade_ABS_Razor_Fits_Mach_Handle_details_01-300x300.webp 300w, https:\/\/www.bailishaver.com\/wp-content\/uploads\/2024\/11\/Imported_Floating_Three_Blade_ABS_Razor_Fits_Mach_Handle_details_01-150x150.webp 150w, https:\/\/www.bailishaver.com\/wp-content\/uploads\/2024\/11\/Imported_Floating_Three_Blade_ABS_Razor_Fits_Mach_Handle_details_01-768x768.webp 768w, https:\/\/www.bailishaver.com\/wp-content\/uploads\/2024\/11\/Imported_Floating_Three_Blade_ABS_Razor_Fits_Mach_Handle_details_01-12x12.webp 12w\" sizes=\"(max-width: 800px) 100vw, 800px\" \/>\t\t\t\t\t<\/div>\n\n\t\t\t\t<\/div>\n\t\t\t\t<\/div>\n\t\t\t\t\t<\/div>\n\t\t<\/div>\n\t\t\t\t\t\t\t<\/div>\n\t\t<\/section>\n\t\t\t\t<section class=\"wd-negative-gap elementor-section elementor-top-section elementor-element elementor-element-4f9cf17a elementor-section-content-middle elementor-section-boxed elementor-section-height-default elementor-section-height-default wd-section-disabled\" data-id=\"4f9cf17a\" data-element_type=\"section\">\n\t\t\t\t\t\t<div class=\"elementor-container elementor-column-gap-default\">\n\t\t\t\t\t<div class=\"elementor-column elementor-col-50 elementor-top-column elementor-element elementor-element-19f1ba6b\" data-id=\"19f1ba6b\" data-element_type=\"column\">\n\t\t\t<div class=\"elementor-widget-wrap elementor-element-populated\">\n\t\t\t\t\t\t\t\t<div class=\"elementor-element elementor-element-076a733 elementor-hidden-desktop elementor-hidden-tablet elementor-widget elementor-widget-wd_text_block\" data-id=\"076a733\" data-element_type=\"widget\" data-widget_type=\"wd_text_block.default\">\n\t\t\t\t<div class=\"elementor-widget-container\">\n\t\t\t\t\t<div class=\"wd-text-block reset-last-child text-left color-title\">\n\t\t\t\n\t\t\t<p><b>Good-Looking ABS Handle:<\/b><\/p><p><b>Comfort Meets Style: <\/b>Crafted from durable ABS material, our handle is designed for easy grip, combining aesthetics with functionality;<\/p><p><b>Competitive Pricing: <\/b>Enjoy a high-quality product without breaking the bank;<\/p><p><b>Customized Color Available:<\/b><\/p><p><b>Personal Touch: <\/b>Choose from an array of colors, including pink, purple, black, gunmetal, and more, allowing you to select a razor that reflects your personal style;<\/p><p><b>Customized Logo Options:<\/b><\/p><p><b>Brand Promotion: <\/b>Take advantage of our customizable logo services through pad printing or laser carving, perfect for gifts or promotional items.<\/p>\n\t\t\t\t\t<\/div>\n\t\t\t\t<\/div>\n\t\t\t\t<\/div>\n\t\t\t\t<div class=\"elementor-element elementor-element-437736a3 elementor-widget elementor-widget-wd_image_or_svg\" data-id=\"437736a3\" data-element_type=\"widget\" data-widget_type=\"wd_image_or_svg.default\">\n\t\t\t\t<div class=\"elementor-widget-container\">\n\t\t\t\n\t\t<div class=\"wd-image text-left\">\n\t\t\t\t\t\t\t\t<img decoding=\"async\" width=\"800\" height=\"800\" src=\"https:\/\/www.bailishaver.com\/wp-content\/uploads\/2024\/11\/Imported_Floating_Three_Blade_ABS_Razor_Fits_Mach_Handle_details_02.webp\" class=\"attachment-full size-full wp-image-233719\" alt=\"\" srcset=\"https:\/\/www.bailishaver.com\/wp-content\/uploads\/2024\/11\/Imported_Floating_Three_Blade_ABS_Razor_Fits_Mach_Handle_details_02.webp 800w, https:\/\/www.bailishaver.com\/wp-content\/uploads\/2024\/11\/Imported_Floating_Three_Blade_ABS_Razor_Fits_Mach_Handle_details_02-300x300.webp 300w, https:\/\/www.bailishaver.com\/wp-content\/uploads\/2024\/11\/Imported_Floating_Three_Blade_ABS_Razor_Fits_Mach_Handle_details_02-150x150.webp 150w, https:\/\/www.bailishaver.com\/wp-content\/uploads\/2024\/11\/Imported_Floating_Three_Blade_ABS_Razor_Fits_Mach_Handle_details_02-768x768.webp 768w, https:\/\/www.bailishaver.com\/wp-content\/uploads\/2024\/11\/Imported_Floating_Three_Blade_ABS_Razor_Fits_Mach_Handle_details_02-12x12.webp 12w\" sizes=\"(max-width: 800px) 100vw, 800px\" \/>\t\t\t\t\t<\/div>\n\n\t\t\t\t<\/div>\n\t\t\t\t<\/div>\n\t\t\t\t\t<\/div>\n\t\t<\/div>\n\t\t\t\t<div class=\"elementor-column elementor-col-50 elementor-top-column elementor-element elementor-element-7871959a\" data-id=\"7871959a\" data-element_type=\"column\">\n\t\t\t<div class=\"elementor-widget-wrap elementor-element-populated\">\n\t\t\t\t\t\t\t\t<div class=\"elementor-element elementor-element-4f3e2e1a elementor-hidden-mobile elementor-widget elementor-widget-wd_text_block\" data-id=\"4f3e2e1a\" data-element_type=\"widget\" data-widget_type=\"wd_text_block.default\">\n\t\t\t\t<div class=\"elementor-widget-container\">\n\t\t\t\t\t<div class=\"wd-text-block reset-last-child text-left color-title\">\n\t\t\t\n\t\t\t<p><b>Good-Looking ABS Handle:<\/b><\/p><p><b>Comfort Meets Style: <\/b>Crafted from durable ABS material, our handle is designed for easy grip, combining aesthetics with functionality;<\/p><p><b>Competitive Pricing: <\/b>Enjoy a high-quality product without breaking the bank;<\/p><p><b>Customized Color Available:<\/b><\/p><p><b>Personal Touch: <\/b>Choose from an array of colors, including pink, purple, black, gunmetal, and more, allowing you to select a razor that reflects your personal style;<\/p><p><b>Customized Logo Options:<\/b><\/p><p><b>Brand Promotion: <\/b>Take advantage of our customizable logo services through pad printing or laser carving, perfect for gifts or promotional items.<\/p>\n\t\t\t\t\t<\/div>\n\t\t\t\t<\/div>\n\t\t\t\t<\/div>\n\t\t\t\t\t<\/div>\n\t\t<\/div>\n\t\t\t\t\t\t\t<\/div>\n\t\t<\/section>\n\t\t\t\t<section class=\"wd-negative-gap elementor-section elementor-top-section elementor-element elementor-element-53922a26 elementor-section-content-middle elementor-section-boxed elementor-section-height-default elementor-section-height-default wd-section-disabled\" data-id=\"53922a26\" data-element_type=\"section\">\n\t\t\t\t\t\t<div class=\"elementor-container elementor-column-gap-default\">\n\t\t\t\t\t<div class=\"elementor-column elementor-col-50 elementor-top-column elementor-element elementor-element-249bfaa9\" data-id=\"249bfaa9\" data-element_type=\"column\">\n\t\t\t<div class=\"elementor-widget-wrap elementor-element-populated\">\n\t\t\t\t\t\t\t\t<div class=\"elementor-element elementor-element-2c9b98bf elementor-widget elementor-widget-wd_text_block\" data-id=\"2c9b98bf\" data-element_type=\"widget\" data-widget_type=\"wd_text_block.default\">\n\t\t\t\t<div class=\"elementor-widget-container\">\n\t\t\t\t\t<div class=\"wd-text-block reset-last-child text-left color-title\">\n\t\t\t\n\t\t\t<p><b>Imported Floating Blades:<\/b><\/p><p><b>Triple Blade Design: <\/b>Our triple blade setup provides exceptional sharpness and durability;<\/p><p><b>Easy Maintenance: <\/b>The blades are perfectly spaced apart, making them easy to clean for a consistently fresh shaving performance;<\/p><p><b>Rotating Razor Head:<\/b><\/p><p><b>Versatile Shaving: <\/b>The rotating head allows for flexibility during shaving, ensuring every contour of your face is reached for a close and comfortable shave;<\/p><p><b>Compatibility: <\/b>Cartridges fit <a href=\"https:\/\/www.bailishaver.com\/product\/m3-mens-3-blade-razor-rubber-handle-system-razor\/\"><span style=\"color: #002977;\"><b>Baili men\u2019s 3 blade razor rubber handle<\/b><\/span><\/a> and Mach handles;<\/p><p><b>Activation by Water:<\/b><\/p><p><b>Moisturization and Lubrication: <\/b>Our lubricating strip activates in water, providing crucial lubrication and hydration that contribute to better skin health during shaving.<\/p>\n\t\t\t\t\t<\/div>\n\t\t\t\t<\/div>\n\t\t\t\t<\/div>\n\t\t\t\t\t<\/div>\n\t\t<\/div>\n\t\t\t\t<div class=\"elementor-column elementor-col-50 elementor-top-column elementor-element elementor-element-6e491682\" data-id=\"6e491682\" data-element_type=\"column\">\n\t\t\t<div class=\"elementor-widget-wrap elementor-element-populated\">\n\t\t\t\t\t\t\t\t<div class=\"elementor-element elementor-element-1966d40c elementor-widget elementor-widget-wd_image_or_svg\" data-id=\"1966d40c\" data-element_type=\"widget\" data-widget_type=\"wd_image_or_svg.default\">\n\t\t\t\t<div class=\"elementor-widget-container\">\n\t\t\t\n\t\t<div class=\"wd-image text-left\">\n\t\t\t\t\t\t\t\t<img decoding=\"async\" width=\"800\" height=\"800\" src=\"https:\/\/www.bailishaver.com\/wp-content\/uploads\/2024\/11\/Imported_Floating_Three_Blade_ABS_Razor_Fits_Mach_Handle_details_03.webp\" class=\"attachment-full size-full wp-image-233711\" alt=\"\" srcset=\"https:\/\/www.bailishaver.com\/wp-content\/uploads\/2024\/11\/Imported_Floating_Three_Blade_ABS_Razor_Fits_Mach_Handle_details_03.webp 800w, https:\/\/www.bailishaver.com\/wp-content\/uploads\/2024\/11\/Imported_Floating_Three_Blade_ABS_Razor_Fits_Mach_Handle_details_03-300x300.webp 300w, https:\/\/www.bailishaver.com\/wp-content\/uploads\/2024\/11\/Imported_Floating_Three_Blade_ABS_Razor_Fits_Mach_Handle_details_03-150x150.webp 150w, https:\/\/www.bailishaver.com\/wp-content\/uploads\/2024\/11\/Imported_Floating_Three_Blade_ABS_Razor_Fits_Mach_Handle_details_03-768x768.webp 768w, https:\/\/www.bailishaver.com\/wp-content\/uploads\/2024\/11\/Imported_Floating_Three_Blade_ABS_Razor_Fits_Mach_Handle_details_03-12x12.webp 12w\" sizes=\"(max-width: 800px) 100vw, 800px\" \/>\t\t\t\t\t<\/div>\n\n\t\t\t\t<\/div>\n\t\t\t\t<\/div>\n\t\t\t\t\t<\/div>\n\t\t<\/div>\n\t\t\t\t\t\t\t<\/div>\n\t\t<\/section>\n\t\t\t\t<section class=\"wd-negative-gap elementor-section elementor-top-section elementor-element elementor-element-2e747d07 elementor-section-boxed elementor-section-height-default elementor-section-height-default wd-section-disabled\" data-id=\"2e747d07\" data-element_type=\"section\">\n\t\t\t\t\t\t<div class=\"elementor-container elementor-column-gap-default\">\n\t\t\t\t\t<div class=\"elementor-column elementor-col-100 elementor-top-column elementor-element elementor-element-70f07ba7\" data-id=\"70f07ba7\" data-element_type=\"column\">\n\t\t\t<div class=\"elementor-widget-wrap elementor-element-populated\">\n\t\t\t\t\t\t\t\t<div class=\"elementor-element elementor-element-7f86f569 elementor-widget elementor-widget-accordion\" data-id=\"7f86f569\" data-element_type=\"widget\" data-widget_type=\"accordion.default\">\n\t\t\t\t<div class=\"elementor-widget-container\">\n\t\t\t<style>\/*! elementor - v3.18.0 - 20-12-2023 *\/\n.elementor-accordion{text-align:left}.elementor-accordion .elementor-accordion-item{border:1px solid #d5d8dc}.elementor-accordion .elementor-accordion-item+.elementor-accordion-item{border-top:none}.elementor-accordion .elementor-tab-title{margin:0;padding:15px 20px;font-weight:700;line-height:1;cursor:pointer;outline:none}.elementor-accordion .elementor-tab-title .elementor-accordion-icon{display:inline-block;width:1.5em}.elementor-accordion .elementor-tab-title .elementor-accordion-icon svg{width:1em;height:1em}.elementor-accordion .elementor-tab-title .elementor-accordion-icon.elementor-accordion-icon-right{float:right;text-align:right}.elementor-accordion .elementor-tab-title .elementor-accordion-icon.elementor-accordion-icon-left{float:left;text-align:left}.elementor-accordion .elementor-tab-title .elementor-accordion-icon .elementor-accordion-icon-closed{display:block}.elementor-accordion .elementor-tab-title .elementor-accordion-icon .elementor-accordion-icon-opened,.elementor-accordion .elementor-tab-title.elementor-active .elementor-accordion-icon-closed{display:none}.elementor-accordion .elementor-tab-title.elementor-active .elementor-accordion-icon-opened{display:block}.elementor-accordion .elementor-tab-content{display:none;padding:15px 20px;border-top:1px solid #d5d8dc}@media (max-width:767px){.elementor-accordion .elementor-tab-title{padding:12px 15px}.elementor-accordion .elementor-tab-title .elementor-accordion-icon{width:1.2em}.elementor-accordion .elementor-tab-content{padding:7px 15px}}.e-con-inner>.elementor-widget-accordion,.e-con>.elementor-widget-accordion{width:var(--container-widget-width);--flex-grow:var(--container-widget-flex-grow)}<\/style>\t\t<div class=\"elementor-accordion\">\n\t\t\t\t\t\t\t<div class=\"elementor-accordion-item\">\n\t\t\t\t\t<div id=\"elementor-tab-title-2131\" class=\"elementor-tab-title\" data-tab=\"1\" role=\"button\" aria-controls=\"elementor-tab-content-2131\" aria-expanded=\"false\">\n\t\t\t\t\t\t\t\t\t\t\t\t\t<span class=\"elementor-accordion-icon elementor-accordion-icon-left\" aria-hidden=\"true\">\n\t\t\t\t\t\t\t\t\t\t\t\t\t\t\t<span class=\"elementor-accordion-icon-closed\"><i class=\"fas fa-caret-down\"><\/i><\/span>\n\t\t\t\t\t\t\t\t<span class=\"elementor-accordion-icon-opened\"><i class=\"fas fa-caret-up\"><\/i><\/span>\n\t\t\t\t\t\t\t\t\t\t\t\t\t\t<\/span>\n\t\t\t\t\t\t\t\t\t\t\t\t<a class=\"elementor-accordion-title\" tabindex=\"0\">Emballer<\/a>\n\t\t\t\t\t<\/div>\n\t\t\t\t\t<div id=\"elementor-tab-content-2131\" class=\"elementor-tab-content elementor-clearfix\" data-tab=\"1\" role=\"region\" aria-labelledby=\"elementor-tab-title-2131\"><table>\n<tbody>\n<tr>\n<td>Produit<\/td>\n<td>Pi\u00e8ces<\/td>\n<td>Emballer<\/td>\n<td>Taille<\/td>\n<td>Poids brut<\/td>\n<\/tr>\n<tr>\n<td rowspan=\"2\">G5-PU<\/td>\n<td class=\"et4\">1<\/td>\n<td class=\"et4\">Sac d&#039;opp<\/td>\n<td class=\"et4\">42.1\u00d7152.8mm<\/td>\n<td class=\"et4\">13.2g<\/td>\n<\/tr>\n\n<\/tbody>\n<\/table><\/div>\n\t\t\t\t<\/div>\n\t\t\t\t\t\t\t<div class=\"elementor-accordion-item\">\n\t\t\t\t\t<div id=\"elementor-tab-title-2132\" class=\"elementor-tab-title\" data-tab=\"2\" role=\"button\" aria-controls=\"elementor-tab-content-2132\" aria-expanded=\"false\">\n\t\t\t\t\t\t\t\t\t\t\t\t\t<span class=\"elementor-accordion-icon elementor-accordion-icon-left\" aria-hidden=\"true\">\n\t\t\t\t\t\t\t\t\t\t\t\t\t\t\t<span class=\"elementor-accordion-icon-closed\"><i class=\"fas fa-caret-down\"><\/i><\/span>\n\t\t\t\t\t\t\t\t<span class=\"elementor-accordion-icon-opened\"><i class=\"fas fa-caret-up\"><\/i><\/span>\n\t\t\t\t\t\t\t\t\t\t\t\t\t\t<\/span>\n\t\t\t\t\t\t\t\t\t\t\t\t<a class=\"elementor-accordion-title\" tabindex=\"0\"> Exp\u00e9dition<\/a>\n\t\t\t\t\t<\/div>\n\t\t\t\t\t<div id=\"elementor-tab-content-2132\" class=\"elementor-tab-content elementor-clearfix\" data-tab=\"2\" role=\"region\" aria-labelledby=\"elementor-tab-title-2132\"><p>La commande d&#039;\u00e9chantillon peut \u00eatre exp\u00e9di\u00e9e dans un d\u00e9lai de 3 \u00e0 7 jours\u00a0;<br \/>La production de commandes group\u00e9es ou de commandes personnalis\u00e9es prend 15 \u00e0 30 jours.<\/p><\/div>\n\t\t\t\t<\/div>\n\t\t\t\t\t\t\t\t<\/div>\n\t\t\t\t<\/div>\n\t\t\t\t<\/div>\n\t\t\t\t\t<\/div>\n\t\t<\/div>\n\t\t\t\t\t\t\t<\/div>\n\t\t<\/section>\n\t\t\t\t\t\t\t<\/div>","protected":false},"excerpt":{"rendered":"<p><strong>Model: G5-PU<\/strong><\/p>\n<div class=\"DescriptionImg\">\n<div class=\"image-box\">\n<p><img decoding=\"async\" src=\"https:\/\/bailishaver.com\/wp-content\/uploads\/2024\/11\/Three_Blade_Razor.webp\" alt=\"Image1\" \/><\/p>\n<div class=\"caption\">Three Blade Razor<\/div>\n<\/div>\n<div class=\"image-box\">\n<p><img decoding=\"async\" src=\"https:\/\/bailishaver.com\/wp-content\/uploads\/2024\/02\/Floating_Blade_Icon.webp\" alt=\"Image2\" \/><\/p>\n<div class=\"caption\">Imported Floating Blades<\/div>\n<\/div>\n<div class=\"image-box\">\n<p><img decoding=\"async\" src=\"https:\/\/bailishaver.com\/wp-content\/uploads\/2023\/09\/One_Click_Replaceable.png\" alt=\"Image3\" \/><\/p>\n<div class=\"caption\">Fits M3 Handle<\/div>\n<\/div>\n<\/div>","protected":false},"featured_media":233712,"comment_status":"open","ping_status":"closed","template":"","meta":[],"product_cat":[32],"product_tag":[],"yoast_head":"<!-- This site is optimized with the Yoast SEO plugin v21.4 - https:\/\/yoast.com\/wordpress\/plugins\/seo\/ -->\n<title>Imported Floating Three Blade ABS Razor Fits Mach Handle - Guangzhou Weidi Technology Co.,Ltd<\/title>\n<meta name=\"description\" content=\"Our latest imported floating three blade razor is engineered to provide you with a smooth, comfortable shave every time, fits mach handle.\" \/>\n<meta name=\"robots\" content=\"index, follow, max-snippet:-1, max-image-preview:large, max-video-preview:-1\" \/>\n<link rel=\"canonical\" href=\"https:\/\/www.bailishaver.com\/fr\/produit\/imported-floating-three-blade-abs-razor-fits-mach-handle\/\" \/>\n<meta property=\"og:locale\" content=\"fr_FR\" \/>\n<meta property=\"og:type\" content=\"article\" \/>\n<meta property=\"og:title\" content=\"Imported Floating Three Blade ABS Razor Fits Mach Handle - Guangzhou Weidi Technology Co.,Ltd\" \/>\n<meta property=\"og:description\" content=\"Our latest imported floating three blade razor is engineered to provide you with a smooth, comfortable shave every time, fits mach handle.\" \/>\n<meta property=\"og:url\" content=\"https:\/\/www.bailishaver.com\/fr\/produit\/imported-floating-three-blade-abs-razor-fits-mach-handle\/\" \/>\n<meta property=\"og:site_name\" content=\"Guangzhou Weidi Technology Co.,Ltd\" \/>\n<meta property=\"article:modified_time\" content=\"2024-11-29T03:05:26+00:00\" \/>\n<meta property=\"og:image\" content=\"https:\/\/www.bailishaver.com\/wp-content\/uploads\/2024\/11\/Imported_Floating_Three_Blade_ABS_Razor_Fits_Mach_Handle_01.webp\" \/>\n\t<meta property=\"og:image:width\" content=\"800\" \/>\n\t<meta property=\"og:image:height\" content=\"800\" \/>\n\t<meta property=\"og:image:type\" content=\"image\/webp\" \/>\n<meta name=\"twitter:card\" content=\"summary_large_image\" \/>\n<meta name=\"twitter:label1\" content=\"Dur\u00e9e de lecture estim\u00e9e\" \/>\n\t<meta name=\"twitter:data1\" content=\"3 minutes\" \/>\n<script type=\"application\/ld+json\" class=\"yoast-schema-graph\">{\"@context\":\"https:\/\/schema.org\",\"@graph\":[{\"@type\":\"WebPage\",\"@id\":\"https:\/\/www.bailishaver.com\/ru\/product\/imported-floating-three-blade-abs-razor-fits-mach-handle\/\",\"url\":\"https:\/\/www.bailishaver.com\/ru\/product\/imported-floating-three-blade-abs-razor-fits-mach-handle\/\",\"name\":\"Imported Floating Three Blade ABS Razor Fits Mach Handle - Guangzhou Weidi Technology Co.,Ltd\",\"isPartOf\":{\"@id\":\"https:\/\/www.bailishaver.com\/#website\"},\"datePublished\":\"2024-09-06T02:46:52+00:00\",\"dateModified\":\"2024-11-29T03:05:26+00:00\",\"description\":\"Our latest imported floating three blade razor is engineered to provide you with a smooth, comfortable shave every time, fits mach handle.\",\"breadcrumb\":{\"@id\":\"https:\/\/www.bailishaver.com\/ru\/product\/imported-floating-three-blade-abs-razor-fits-mach-handle\/#breadcrumb\"},\"inLanguage\":\"fr-FR\",\"potentialAction\":[{\"@type\":\"ReadAction\",\"target\":[\"https:\/\/www.bailishaver.com\/ru\/product\/imported-floating-three-blade-abs-razor-fits-mach-handle\/\"]}]},{\"@type\":\"BreadcrumbList\",\"@id\":\"https:\/\/www.bailishaver.com\/ru\/product\/imported-floating-three-blade-abs-razor-fits-mach-handle\/#breadcrumb\",\"itemListElement\":[{\"@type\":\"ListItem\",\"position\":1,\"name\":\"HOME\",\"item\":\"https:\/\/www.bailishaver.com\/\"},{\"@type\":\"ListItem\",\"position\":2,\"name\":\"Product\",\"item\":\"https:\/\/www.bailishaver.com\/product\/\"},{\"@type\":\"ListItem\",\"position\":3,\"name\":\"Imported Floating Three Blade ABS Razor Fits Mach Handle\"}]},{\"@type\":\"WebSite\",\"@id\":\"https:\/\/www.bailishaver.com\/#website\",\"url\":\"https:\/\/www.bailishaver.com\/\",\"name\":\"Guangzhou Weidi Technology Co.,Ltd\",\"description\":\"system razors, lady razors, shaving kits, blade and refill, disposable razor, shaving , accessories, etc.\",\"potentialAction\":[{\"@type\":\"SearchAction\",\"target\":{\"@type\":\"EntryPoint\",\"urlTemplate\":\"https:\/\/www.bailishaver.com\/?s={search_term_string}\"},\"query-input\":\"required name=search_term_string\"}],\"inLanguage\":\"fr-FR\"}]}<\/script>\n<!-- \/ Yoast SEO plugin. -->","yoast_head_json":{"title":"Imported Floating Three Blade ABS Razor Fits Mach Handle - Guangzhou Weidi Technology Co.,Ltd","description":"Our latest imported floating three blade razor is engineered to provide you with a smooth, comfortable shave every time, fits mach handle.","robots":{"index":"index","follow":"follow","max-snippet":"max-snippet:-1","max-image-preview":"max-image-preview:large","max-video-preview":"max-video-preview:-1"},"canonical":"https:\/\/www.bailishaver.com\/fr\/produit\/imported-floating-three-blade-abs-razor-fits-mach-handle\/","og_locale":"fr_FR","og_type":"article","og_title":"Imported Floating Three Blade ABS Razor Fits Mach Handle - Guangzhou Weidi Technology Co.,Ltd","og_description":"Our latest imported floating three blade razor is engineered to provide you with a smooth, comfortable shave every time, fits mach handle.","og_url":"https:\/\/www.bailishaver.com\/fr\/produit\/imported-floating-three-blade-abs-razor-fits-mach-handle\/","og_site_name":"Guangzhou Weidi Technology Co.,Ltd","article_modified_time":"2024-11-29T03:05:26+00:00","og_image":[{"width":800,"height":800,"url":"https:\/\/www.bailishaver.com\/wp-content\/uploads\/2024\/11\/Imported_Floating_Three_Blade_ABS_Razor_Fits_Mach_Handle_01.webp","type":"image\/webp"}],"twitter_card":"summary_large_image","twitter_misc":{"Dur\u00e9e de lecture estim\u00e9e":"3 minutes"},"schema":{"@context":"https:\/\/schema.org","@graph":[{"@type":"WebPage","@id":"https:\/\/www.bailishaver.com\/ru\/product\/imported-floating-three-blade-abs-razor-fits-mach-handle\/","url":"https:\/\/www.bailishaver.com\/ru\/product\/imported-floating-three-blade-abs-razor-fits-mach-handle\/","name":"Imported Floating Three Blade ABS Razor Fits Mach Handle - Guangzhou Weidi Technology Co.,Ltd","isPartOf":{"@id":"https:\/\/www.bailishaver.com\/#website"},"datePublished":"2024-09-06T02:46:52+00:00","dateModified":"2024-11-29T03:05:26+00:00","description":"Our latest imported floating three blade razor is engineered to provide you with a smooth, comfortable shave every time, fits mach handle.","breadcrumb":{"@id":"https:\/\/www.bailishaver.com\/ru\/product\/imported-floating-three-blade-abs-razor-fits-mach-handle\/#breadcrumb"},"inLanguage":"fr-FR","potentialAction":[{"@type":"ReadAction","target":["https:\/\/www.bailishaver.com\/ru\/product\/imported-floating-three-blade-abs-razor-fits-mach-handle\/"]}]},{"@type":"BreadcrumbList","@id":"https:\/\/www.bailishaver.com\/ru\/product\/imported-floating-three-blade-abs-razor-fits-mach-handle\/#breadcrumb","itemListElement":[{"@type":"ListItem","position":1,"name":"HOME","item":"https:\/\/www.bailishaver.com\/"},{"@type":"ListItem","position":2,"name":"Product","item":"https:\/\/www.bailishaver.com\/product\/"},{"@type":"ListItem","position":3,"name":"Imported Floating Three Blade ABS Razor Fits Mach Handle"}]},{"@type":"WebSite","@id":"https:\/\/www.bailishaver.com\/#website","url":"https:\/\/www.bailishaver.com\/","name":"Guangzhou Weidi Technology Co.,Ltd","description":"system razors, lady razors, shaving kits, blade and refill, disposable razor, shaving , accessories, etc.","potentialAction":[{"@type":"SearchAction","target":{"@type":"EntryPoint","urlTemplate":"https:\/\/www.bailishaver.com\/?s={search_term_string}"},"query-input":"required name=search_term_string"}],"inLanguage":"fr-FR"}]}},"_links":{"self":[{"href":"https:\/\/www.bailishaver.com\/fr\/wp-json\/wp\/v2\/product\/233381"}],"collection":[{"href":"https:\/\/www.bailishaver.com\/fr\/wp-json\/wp\/v2\/product"}],"about":[{"href":"https:\/\/www.bailishaver.com\/fr\/wp-json\/wp\/v2\/types\/product"}],"replies":[{"embeddable":true,"href":"https:\/\/www.bailishaver.com\/fr\/wp-json\/wp\/v2\/comments?post=233381"}],"version-history":[{"count":9,"href":"https:\/\/www.bailishaver.com\/fr\/wp-json\/wp\/v2\/product\/233381\/revisions"}],"predecessor-version":[{"id":233832,"href":"https:\/\/www.bailishaver.com\/fr\/wp-json\/wp\/v2\/product\/233381\/revisions\/233832"}],"wp:featuredmedia":[{"embeddable":true,"href":"https:\/\/www.bailishaver.com\/fr\/wp-json\/wp\/v2\/media\/233712"}],"wp:attachment":[{"href":"https:\/\/www.bailishaver.com\/fr\/wp-json\/wp\/v2\/media?parent=233381"}],"wp:term":[{"taxonomy":"product_cat","embeddable":true,"href":"https:\/\/www.bailishaver.com\/fr\/wp-json\/wp\/v2\/product_cat?post=233381"},{"taxonomy":"product_tag","embeddable":true,"href":"https:\/\/www.bailishaver.com\/fr\/wp-json\/wp\/v2\/product_tag?post=233381"}],"curies":[{"name":"wp","href":"https:\/\/api.w.org\/{rel}","templated":true}]}}