{"id":232965,"date":"2024-07-25T15:39:16","date_gmt":"2024-07-25T07:39:16","guid":{"rendered":"https:\/\/bailishaver.com\/?post_type=product&#038;p=232965"},"modified":"2024-11-29T10:57:46","modified_gmt":"2024-11-29T02:57:46","slug":"replacement-blade-cartridges-5-blade-razor-refills","status":"publish","type":"product","link":"https:\/\/www.bailishaver.com\/fr\/produit\/replacement-blade-cartridges-5-blade-razor-refills\/","title":{"rendered":"Replacement Blade Cartridges 5 Blade Razor Refills"},"content":{"rendered":"<div data-elementor-type=\"product-post\" data-elementor-id=\"232965\" class=\"elementor elementor-232965\" data-elementor-post-type=\"product\">\n\t\t\t\t\t\t\t\t\t<section class=\"wd-negative-gap elementor-section elementor-top-section elementor-element elementor-element-1bc87b1b elementor-section-content-middle elementor-section-boxed elementor-section-height-default elementor-section-height-default wd-section-disabled\" data-id=\"1bc87b1b\" data-element_type=\"section\">\n\t\t\t\t\t\t<div class=\"elementor-container elementor-column-gap-default\">\n\t\t\t\t\t<div class=\"elementor-column elementor-col-50 elementor-top-column elementor-element elementor-element-77002fbc\" data-id=\"77002fbc\" data-element_type=\"column\">\n\t\t\t<div class=\"elementor-widget-wrap elementor-element-populated\">\n\t\t\t\t\t\t\t\t<div class=\"elementor-element elementor-element-36c4be58 elementor-widget elementor-widget-wd_text_block\" data-id=\"36c4be58\" data-element_type=\"widget\" data-widget_type=\"wd_text_block.default\">\n\t\t\t\t<div class=\"elementor-widget-container\">\n\t\t\t\t\t<div class=\"wd-text-block reset-last-child text-left color-title\">\n\t\t\t\n\t\t\t<p>Mod\u00e8le : DT60<\/p><p>Type:5 Blade Razor Refills<\/p><p>Razor Head Size: 42.5X13.7X26mm<\/p><p>Razor Head Weight: 3.44g<\/p><p>Shaving Cartridge Size: 72X47.5X19.5mm<\/p><p>Shaving Cartridge Weight: 16.6g<\/p><p>Mat\u00e9riel: acier inoxydable + ABS + TPE<\/p><p>Features: Dual Lubrication Strip; Precision Edging Blades; Washable; Reusable; Waterproof ; Rustproof<\/p>\n\t\t\t\t\t<\/div>\n\t\t\t\t<\/div>\n\t\t\t\t<\/div>\n\t\t\t\t\t<\/div>\n\t\t<\/div>\n\t\t\t\t<div class=\"elementor-column elementor-col-50 elementor-top-column elementor-element elementor-element-3e96e9b6\" data-id=\"3e96e9b6\" data-element_type=\"column\">\n\t\t\t<div class=\"elementor-widget-wrap elementor-element-populated\">\n\t\t\t\t\t\t\t\t<div class=\"elementor-element elementor-element-14cb92f9 elementor-widget elementor-widget-wd_image_or_svg\" data-id=\"14cb92f9\" data-element_type=\"widget\" data-widget_type=\"wd_image_or_svg.default\">\n\t\t\t\t<div class=\"elementor-widget-container\">\n\t\t\t\n\t\t<div class=\"wd-image text-left\">\n\t\t\t\t\t\t\t\t<img fetchpriority=\"high\" decoding=\"async\" width=\"800\" height=\"800\" src=\"https:\/\/www.bailishaver.com\/wp-content\/uploads\/2024\/07\/Replacement_Blade_Cartridges_5_Blade_Razor_Refills_details_01.webp\" class=\"attachment-full size-full wp-image-232975\" alt=\"\" srcset=\"https:\/\/www.bailishaver.com\/wp-content\/uploads\/2024\/07\/Replacement_Blade_Cartridges_5_Blade_Razor_Refills_details_01.webp 800w, https:\/\/www.bailishaver.com\/wp-content\/uploads\/2024\/07\/Replacement_Blade_Cartridges_5_Blade_Razor_Refills_details_01-300x300.webp 300w, https:\/\/www.bailishaver.com\/wp-content\/uploads\/2024\/07\/Replacement_Blade_Cartridges_5_Blade_Razor_Refills_details_01-150x150.webp 150w, https:\/\/www.bailishaver.com\/wp-content\/uploads\/2024\/07\/Replacement_Blade_Cartridges_5_Blade_Razor_Refills_details_01-768x768.webp 768w, https:\/\/www.bailishaver.com\/wp-content\/uploads\/2024\/07\/Replacement_Blade_Cartridges_5_Blade_Razor_Refills_details_01-12x12.webp 12w\" sizes=\"(max-width: 800px) 100vw, 800px\" \/>\t\t\t\t\t<\/div>\n\n\t\t\t\t<\/div>\n\t\t\t\t<\/div>\n\t\t\t\t\t<\/div>\n\t\t<\/div>\n\t\t\t\t\t\t\t<\/div>\n\t\t<\/section>\n\t\t\t\t<section class=\"wd-negative-gap elementor-section elementor-top-section elementor-element elementor-element-4f9cf17a elementor-section-content-middle elementor-section-boxed elementor-section-height-default elementor-section-height-default wd-section-disabled\" data-id=\"4f9cf17a\" data-element_type=\"section\">\n\t\t\t\t\t\t<div class=\"elementor-container elementor-column-gap-default\">\n\t\t\t\t\t<div class=\"elementor-column elementor-col-50 elementor-top-column elementor-element elementor-element-19f1ba6b\" data-id=\"19f1ba6b\" data-element_type=\"column\">\n\t\t\t<div class=\"elementor-widget-wrap elementor-element-populated\">\n\t\t\t\t\t\t\t\t<div class=\"elementor-element elementor-element-076a733 elementor-hidden-desktop elementor-hidden-tablet elementor-widget elementor-widget-wd_text_block\" data-id=\"076a733\" data-element_type=\"widget\" data-widget_type=\"wd_text_block.default\">\n\t\t\t\t<div class=\"elementor-widget-container\">\n\t\t\t\t\t<div class=\"wd-text-block reset-last-child text-left color-title\">\n\t\t\t\n\t\t\t<p><strong>5 Precision Aligned Blades + 1 Trimmer Blade:<\/strong> <br \/>Micro positioned to deliver the most comfortable and smooth shave. 5 ultra-thin razor blades deliver a close, comfortable shave;<\/p><p><strong>Double Lubricating Strip:<\/strong><br \/>Lubricating strip softens skin as you shave. Featuring a double moisturizing system, our razors come equipped with double lubrication strips that offer an unparalleled level of hydration. Infused with soothing aloe skin care ingredients, these strips secrete a lubricating fluid upon contact with water, ensuring a close and smooth shave every time;<\/p><p><strong>Efficient Shaving:<\/strong> <br \/>The water-soluble lubricating strips, adaptive shrapnel, skin protection fins, enabling a more efficient and clean shave to avoid the breeding of bacteria;<\/p><p><strong>5 Blade Razor Refills:<\/strong><br \/>Replaceable refills which is easy to replace. 2 replacement cartridges, cartridge razors are generally compact and easy to pack, making them suitable for travel. One-key replacement of the 5 blade razor head, fits <a href=\"https:\/\/www.bailishaver.com\/product\/rejoy-razor-5-blades-mens-system-razor\/\"><span style=\"color: #002977;\">Baili Rejoy handle<\/span>,<\/a> and compatible with the handle of the well-known brand F5.<\/p>\n\t\t\t\t\t<\/div>\n\t\t\t\t<\/div>\n\t\t\t\t<\/div>\n\t\t\t\t<div class=\"elementor-element elementor-element-437736a3 elementor-widget elementor-widget-wd_image_or_svg\" data-id=\"437736a3\" data-element_type=\"widget\" data-widget_type=\"wd_image_or_svg.default\">\n\t\t\t\t<div class=\"elementor-widget-container\">\n\t\t\t\n\t\t<div class=\"wd-image text-left\">\n\t\t\t\t\t\t\t\t<img decoding=\"async\" width=\"1800\" height=\"1800\" src=\"https:\/\/www.bailishaver.com\/wp-content\/uploads\/2024\/07\/Replacement_Blade_Cartridges_5_Blade_Razor_Refills_details_02.webp\" class=\"attachment-full size-full wp-image-232976\" alt=\"\" srcset=\"https:\/\/www.bailishaver.com\/wp-content\/uploads\/2024\/07\/Replacement_Blade_Cartridges_5_Blade_Razor_Refills_details_02.webp 1800w, https:\/\/www.bailishaver.com\/wp-content\/uploads\/2024\/07\/Replacement_Blade_Cartridges_5_Blade_Razor_Refills_details_02-300x300.webp 300w, https:\/\/www.bailishaver.com\/wp-content\/uploads\/2024\/07\/Replacement_Blade_Cartridges_5_Blade_Razor_Refills_details_02-1024x1024.webp 1024w, https:\/\/www.bailishaver.com\/wp-content\/uploads\/2024\/07\/Replacement_Blade_Cartridges_5_Blade_Razor_Refills_details_02-150x150.webp 150w, https:\/\/www.bailishaver.com\/wp-content\/uploads\/2024\/07\/Replacement_Blade_Cartridges_5_Blade_Razor_Refills_details_02-768x768.webp 768w, https:\/\/www.bailishaver.com\/wp-content\/uploads\/2024\/07\/Replacement_Blade_Cartridges_5_Blade_Razor_Refills_details_02-1536x1536.webp 1536w, https:\/\/www.bailishaver.com\/wp-content\/uploads\/2024\/07\/Replacement_Blade_Cartridges_5_Blade_Razor_Refills_details_02-12x12.webp 12w\" sizes=\"(max-width: 1800px) 100vw, 1800px\" \/>\t\t\t\t\t<\/div>\n\n\t\t\t\t<\/div>\n\t\t\t\t<\/div>\n\t\t\t\t\t<\/div>\n\t\t<\/div>\n\t\t\t\t<div class=\"elementor-column elementor-col-50 elementor-top-column elementor-element elementor-element-7871959a\" data-id=\"7871959a\" data-element_type=\"column\">\n\t\t\t<div class=\"elementor-widget-wrap elementor-element-populated\">\n\t\t\t\t\t\t\t\t<div class=\"elementor-element elementor-element-4f3e2e1a elementor-hidden-mobile elementor-widget elementor-widget-wd_text_block\" data-id=\"4f3e2e1a\" data-element_type=\"widget\" data-widget_type=\"wd_text_block.default\">\n\t\t\t\t<div class=\"elementor-widget-container\">\n\t\t\t\t\t<div class=\"wd-text-block reset-last-child text-left color-title\">\n\t\t\t\n\t\t\t<p><strong>5 Precision Aligned Blades + 1 Trimmer Blade:<\/strong> <br \/>Micro positioned to deliver the most comfortable and smooth shave. 5 ultra-thin razor blades deliver a close, comfortable shave;<\/p><p><strong>Double Lubricating Strip:<\/strong><br \/>Lubricating strip softens skin as you shave. Featuring a double moisturizing system, our razors come equipped with double lubrication strips that offer an unparalleled level of hydration. Infused with soothing aloe skin care ingredients, these strips secrete a lubricating fluid upon contact with water, ensuring a close and smooth shave every time;<\/p><p><strong>Efficient Shaving:<\/strong> <br \/>The water-soluble lubricating strips, adaptive shrapnel, skin protection fins, enabling a more efficient and clean shave to avoid the breeding of bacteria;<\/p><p><strong>5 Blade Razor Refills:<\/strong><br \/>Replaceable refills which is easy to replace. 2 replacement cartridges, cartridge razors are generally compact and easy to pack, making them suitable for travel. One-key replacement of the 5 blade razor head, fits <a href=\"https:\/\/www.bailishaver.com\/product\/rejoy-razor-5-blades-mens-system-razor\/\"><span style=\"color: #002977;\">Baili Rejoy handle<\/span>,<\/a> and compatible with the handle of the well-known brand F5.<\/p>\n\t\t\t\t\t<\/div>\n\t\t\t\t<\/div>\n\t\t\t\t<\/div>\n\t\t\t\t\t<\/div>\n\t\t<\/div>\n\t\t\t\t\t\t\t<\/div>\n\t\t<\/section>\n\t\t\t\t<section class=\"wd-negative-gap elementor-section elementor-top-section elementor-element elementor-element-2e747d07 elementor-section-boxed elementor-section-height-default elementor-section-height-default wd-section-disabled\" data-id=\"2e747d07\" data-element_type=\"section\">\n\t\t\t\t\t\t<div class=\"elementor-container elementor-column-gap-default\">\n\t\t\t\t\t<div class=\"elementor-column elementor-col-100 elementor-top-column elementor-element elementor-element-70f07ba7\" data-id=\"70f07ba7\" data-element_type=\"column\">\n\t\t\t<div class=\"elementor-widget-wrap elementor-element-populated\">\n\t\t\t\t\t\t\t\t<div class=\"elementor-element elementor-element-7f86f569 elementor-widget elementor-widget-accordion\" data-id=\"7f86f569\" data-element_type=\"widget\" data-widget_type=\"accordion.default\">\n\t\t\t\t<div class=\"elementor-widget-container\">\n\t\t\t<style>\/*! elementor - v3.18.0 - 20-12-2023 *\/\n.elementor-accordion{text-align:left}.elementor-accordion .elementor-accordion-item{border:1px solid #d5d8dc}.elementor-accordion .elementor-accordion-item+.elementor-accordion-item{border-top:none}.elementor-accordion .elementor-tab-title{margin:0;padding:15px 20px;font-weight:700;line-height:1;cursor:pointer;outline:none}.elementor-accordion .elementor-tab-title .elementor-accordion-icon{display:inline-block;width:1.5em}.elementor-accordion .elementor-tab-title .elementor-accordion-icon svg{width:1em;height:1em}.elementor-accordion .elementor-tab-title .elementor-accordion-icon.elementor-accordion-icon-right{float:right;text-align:right}.elementor-accordion .elementor-tab-title .elementor-accordion-icon.elementor-accordion-icon-left{float:left;text-align:left}.elementor-accordion .elementor-tab-title .elementor-accordion-icon .elementor-accordion-icon-closed{display:block}.elementor-accordion .elementor-tab-title .elementor-accordion-icon .elementor-accordion-icon-opened,.elementor-accordion .elementor-tab-title.elementor-active .elementor-accordion-icon-closed{display:none}.elementor-accordion .elementor-tab-title.elementor-active .elementor-accordion-icon-opened{display:block}.elementor-accordion .elementor-tab-content{display:none;padding:15px 20px;border-top:1px solid #d5d8dc}@media (max-width:767px){.elementor-accordion .elementor-tab-title{padding:12px 15px}.elementor-accordion .elementor-tab-title .elementor-accordion-icon{width:1.2em}.elementor-accordion .elementor-tab-content{padding:7px 15px}}.e-con-inner>.elementor-widget-accordion,.e-con>.elementor-widget-accordion{width:var(--container-widget-width);--flex-grow:var(--container-widget-flex-grow)}<\/style>\t\t<div class=\"elementor-accordion\">\n\t\t\t\t\t\t\t<div class=\"elementor-accordion-item\">\n\t\t\t\t\t<div id=\"elementor-tab-title-2131\" class=\"elementor-tab-title\" data-tab=\"1\" role=\"button\" aria-controls=\"elementor-tab-content-2131\" aria-expanded=\"false\">\n\t\t\t\t\t\t\t\t\t\t\t\t\t<span class=\"elementor-accordion-icon elementor-accordion-icon-left\" aria-hidden=\"true\">\n\t\t\t\t\t\t\t\t\t\t\t\t\t\t\t<span class=\"elementor-accordion-icon-closed\"><i class=\"fas fa-caret-down\"><\/i><\/span>\n\t\t\t\t\t\t\t\t<span class=\"elementor-accordion-icon-opened\"><i class=\"fas fa-caret-up\"><\/i><\/span>\n\t\t\t\t\t\t\t\t\t\t\t\t\t\t<\/span>\n\t\t\t\t\t\t\t\t\t\t\t\t<a class=\"elementor-accordion-title\" tabindex=\"0\">Emballer<\/a>\n\t\t\t\t\t<\/div>\n\t\t\t\t\t<div id=\"elementor-tab-content-2131\" class=\"elementor-tab-content elementor-clearfix\" data-tab=\"1\" role=\"region\" aria-labelledby=\"elementor-tab-title-2131\"><table><tbody><tr><td>Produit<\/td><td>Pi\u00e8ces<\/td><td>Emballer<\/td><td>Taille<\/td><td>Poids brut<\/td><\/tr><tr><td rowspan=\"2\">DT60<\/td><td class=\"et4\">1<\/td><td class=\"et4\">Sac d&#039;opp<\/td><td class=\"et4\">42,5X13,7X26mm<\/td><td class=\"et4\">3,44g<\/td><\/tr><tr><td>1000<\/td><td>Carton<\/td><td>480\u00d7310\u00d7295mm<\/td><td>9,1 kg<\/td><\/tr><\/tbody><\/table><\/div>\n\t\t\t\t<\/div>\n\t\t\t\t\t\t\t<div class=\"elementor-accordion-item\">\n\t\t\t\t\t<div id=\"elementor-tab-title-2132\" class=\"elementor-tab-title\" data-tab=\"2\" role=\"button\" aria-controls=\"elementor-tab-content-2132\" aria-expanded=\"false\">\n\t\t\t\t\t\t\t\t\t\t\t\t\t<span class=\"elementor-accordion-icon elementor-accordion-icon-left\" aria-hidden=\"true\">\n\t\t\t\t\t\t\t\t\t\t\t\t\t\t\t<span class=\"elementor-accordion-icon-closed\"><i class=\"fas fa-caret-down\"><\/i><\/span>\n\t\t\t\t\t\t\t\t<span class=\"elementor-accordion-icon-opened\"><i class=\"fas fa-caret-up\"><\/i><\/span>\n\t\t\t\t\t\t\t\t\t\t\t\t\t\t<\/span>\n\t\t\t\t\t\t\t\t\t\t\t\t<a class=\"elementor-accordion-title\" tabindex=\"0\"> Exp\u00e9dition<\/a>\n\t\t\t\t\t<\/div>\n\t\t\t\t\t<div id=\"elementor-tab-content-2132\" class=\"elementor-tab-content elementor-clearfix\" data-tab=\"2\" role=\"region\" aria-labelledby=\"elementor-tab-title-2132\"><p>La commande d&#039;\u00e9chantillon peut \u00eatre exp\u00e9di\u00e9e dans un d\u00e9lai de 3 \u00e0 7 jours\u00a0;<br \/>La production de commandes group\u00e9es ou de commandes personnalis\u00e9es prend 15 \u00e0 30 jours.<\/p><\/div>\n\t\t\t\t<\/div>\n\t\t\t\t\t\t\t\t<\/div>\n\t\t\t\t<\/div>\n\t\t\t\t<\/div>\n\t\t\t\t\t<\/div>\n\t\t<\/div>\n\t\t\t\t\t\t\t<\/div>\n\t\t<\/section>\n\t\t\t\t\t\t\t<\/div>","protected":false},"excerpt":{"rendered":"<p><strong>Mod\u00e8le : DT60<\/strong><\/p>\n<div class=\"DescriptionImg\">\n<div class=\"image-box\">\n<p><img decoding=\"async\" src=\"https:\/\/bailishaver.com\/wp-content\/uploads\/2023\/09\/Trimmer-Blade.png\" alt=\"Image1\" \/><\/p>\n<div class=\"caption\">Precision Edging Blades<\/div>\n<\/div>\n<div class=\"image-box\">\n<p><img decoding=\"async\" src=\"https:\/\/bailishaver.com\/wp-content\/uploads\/2023\/11\/5-layer_Blades.webp\" alt=\"Image2\" \/><\/p>\n<div class=\"caption\">Five Blade<\/div>\n<\/div>\n<div class=\"image-box\">\n<p><img decoding=\"async\" src=\"https:\/\/bailishaver.com\/wp-content\/uploads\/2024\/11\/Blade-_efills.webp\" alt=\"Image3\" \/><\/p>\n<div class=\"caption\">Blade Refills<\/div>\n<\/div>\n<\/div>","protected":false},"featured_media":232968,"comment_status":"open","ping_status":"closed","template":"","meta":[],"product_cat":[35,73],"product_tag":[],"yoast_head":"<!-- This site is optimized with the Yoast SEO plugin v21.4 - https:\/\/yoast.com\/wordpress\/plugins\/seo\/ -->\n<title>Replacement Blade Cartridges 5 Blade Razor Refills - Guangzhou Weidi Technology Co.,Ltd<\/title>\n<meta name=\"description\" content=\"5 blade razor refills are easy to replace. Fits Baili Rejoy handle, and compatible with the handle of the well-known brand F5.\" \/>\n<meta name=\"robots\" content=\"index, follow, max-snippet:-1, max-image-preview:large, max-video-preview:-1\" \/>\n<link rel=\"canonical\" href=\"https:\/\/www.bailishaver.com\/fr\/produkt\/replacement-blade-cartridges-5-blade-razor-refills\/\" \/>\n<meta property=\"og:locale\" content=\"fr_FR\" \/>\n<meta property=\"og:type\" content=\"article\" \/>\n<meta property=\"og:title\" content=\"Replacement Blade Cartridges 5 Blade Razor Refills - Guangzhou Weidi Technology Co.,Ltd\" \/>\n<meta property=\"og:description\" content=\"5 blade razor refills are easy to replace. Fits Baili Rejoy handle, and compatible with the handle of the well-known brand F5.\" \/>\n<meta property=\"og:url\" content=\"https:\/\/www.bailishaver.com\/fr\/produkt\/replacement-blade-cartridges-5-blade-razor-refills\/\" \/>\n<meta property=\"og:site_name\" content=\"Guangzhou Weidi Technology Co.,Ltd\" \/>\n<meta property=\"article:modified_time\" content=\"2024-11-29T02:57:46+00:00\" \/>\n<meta property=\"og:image\" content=\"https:\/\/www.bailishaver.com\/wp-content\/uploads\/2024\/07\/Replacement_Blade_Cartridges_5_Blade_Razor_Refills_01.webp\" \/>\n\t<meta property=\"og:image:width\" content=\"1000\" \/>\n\t<meta property=\"og:image:height\" content=\"1000\" \/>\n\t<meta property=\"og:image:type\" content=\"image\/webp\" \/>\n<meta name=\"twitter:card\" content=\"summary_large_image\" \/>\n<meta name=\"twitter:label1\" content=\"Dur\u00e9e de lecture estim\u00e9e\" \/>\n\t<meta name=\"twitter:data1\" content=\"3 minutes\" \/>\n<script type=\"application\/ld+json\" class=\"yoast-schema-graph\">{\"@context\":\"https:\/\/schema.org\",\"@graph\":[{\"@type\":\"WebPage\",\"@id\":\"https:\/\/www.bailishaver.com\/de\/produkt\/replacement-blade-cartridges-5-blade-razor-refills\/\",\"url\":\"https:\/\/www.bailishaver.com\/de\/produkt\/replacement-blade-cartridges-5-blade-razor-refills\/\",\"name\":\"Replacement Blade Cartridges 5 Blade Razor Refills - Guangzhou Weidi Technology Co.,Ltd\",\"isPartOf\":{\"@id\":\"https:\/\/www.bailishaver.com\/#website\"},\"datePublished\":\"2024-07-25T07:39:16+00:00\",\"dateModified\":\"2024-11-29T02:57:46+00:00\",\"description\":\"5 blade razor refills are easy to replace. Fits Baili Rejoy handle, and compatible with the handle of the well-known brand F5.\",\"breadcrumb\":{\"@id\":\"https:\/\/www.bailishaver.com\/de\/produkt\/replacement-blade-cartridges-5-blade-razor-refills\/#breadcrumb\"},\"inLanguage\":\"fr-FR\",\"potentialAction\":[{\"@type\":\"ReadAction\",\"target\":[\"https:\/\/www.bailishaver.com\/de\/produkt\/replacement-blade-cartridges-5-blade-razor-refills\/\"]}]},{\"@type\":\"BreadcrumbList\",\"@id\":\"https:\/\/www.bailishaver.com\/de\/produkt\/replacement-blade-cartridges-5-blade-razor-refills\/#breadcrumb\",\"itemListElement\":[{\"@type\":\"ListItem\",\"position\":1,\"name\":\"HOME\",\"item\":\"https:\/\/www.bailishaver.com\/\"},{\"@type\":\"ListItem\",\"position\":2,\"name\":\"Product\",\"item\":\"https:\/\/www.bailishaver.com\/product\/\"},{\"@type\":\"ListItem\",\"position\":3,\"name\":\"Replacement Blade Cartridges 5 Blade Razor Refills\"}]},{\"@type\":\"WebSite\",\"@id\":\"https:\/\/www.bailishaver.com\/#website\",\"url\":\"https:\/\/www.bailishaver.com\/\",\"name\":\"Guangzhou Weidi Technology Co.,Ltd\",\"description\":\"system razors, lady razors, shaving kits, blade and refill, disposable razor, shaving , accessories, etc.\",\"potentialAction\":[{\"@type\":\"SearchAction\",\"target\":{\"@type\":\"EntryPoint\",\"urlTemplate\":\"https:\/\/www.bailishaver.com\/?s={search_term_string}\"},\"query-input\":\"required name=search_term_string\"}],\"inLanguage\":\"fr-FR\"}]}<\/script>\n<!-- \/ Yoast SEO plugin. -->","yoast_head_json":{"title":"Replacement Blade Cartridges 5 Blade Razor Refills - Guangzhou Weidi Technology Co.,Ltd","description":"5 blade razor refills are easy to replace. Fits Baili Rejoy handle, and compatible with the handle of the well-known brand F5.","robots":{"index":"index","follow":"follow","max-snippet":"max-snippet:-1","max-image-preview":"max-image-preview:large","max-video-preview":"max-video-preview:-1"},"canonical":"https:\/\/www.bailishaver.com\/fr\/produkt\/replacement-blade-cartridges-5-blade-razor-refills\/","og_locale":"fr_FR","og_type":"article","og_title":"Replacement Blade Cartridges 5 Blade Razor Refills - Guangzhou Weidi Technology Co.,Ltd","og_description":"5 blade razor refills are easy to replace. Fits Baili Rejoy handle, and compatible with the handle of the well-known brand F5.","og_url":"https:\/\/www.bailishaver.com\/fr\/produkt\/replacement-blade-cartridges-5-blade-razor-refills\/","og_site_name":"Guangzhou Weidi Technology Co.,Ltd","article_modified_time":"2024-11-29T02:57:46+00:00","og_image":[{"width":1000,"height":1000,"url":"https:\/\/www.bailishaver.com\/wp-content\/uploads\/2024\/07\/Replacement_Blade_Cartridges_5_Blade_Razor_Refills_01.webp","type":"image\/webp"}],"twitter_card":"summary_large_image","twitter_misc":{"Dur\u00e9e de lecture estim\u00e9e":"3 minutes"},"schema":{"@context":"https:\/\/schema.org","@graph":[{"@type":"WebPage","@id":"https:\/\/www.bailishaver.com\/de\/produkt\/replacement-blade-cartridges-5-blade-razor-refills\/","url":"https:\/\/www.bailishaver.com\/de\/produkt\/replacement-blade-cartridges-5-blade-razor-refills\/","name":"Replacement Blade Cartridges 5 Blade Razor Refills - Guangzhou Weidi Technology Co.,Ltd","isPartOf":{"@id":"https:\/\/www.bailishaver.com\/#website"},"datePublished":"2024-07-25T07:39:16+00:00","dateModified":"2024-11-29T02:57:46+00:00","description":"5 blade razor refills are easy to replace. Fits Baili Rejoy handle, and compatible with the handle of the well-known brand F5.","breadcrumb":{"@id":"https:\/\/www.bailishaver.com\/de\/produkt\/replacement-blade-cartridges-5-blade-razor-refills\/#breadcrumb"},"inLanguage":"fr-FR","potentialAction":[{"@type":"ReadAction","target":["https:\/\/www.bailishaver.com\/de\/produkt\/replacement-blade-cartridges-5-blade-razor-refills\/"]}]},{"@type":"BreadcrumbList","@id":"https:\/\/www.bailishaver.com\/de\/produkt\/replacement-blade-cartridges-5-blade-razor-refills\/#breadcrumb","itemListElement":[{"@type":"ListItem","position":1,"name":"HOME","item":"https:\/\/www.bailishaver.com\/"},{"@type":"ListItem","position":2,"name":"Product","item":"https:\/\/www.bailishaver.com\/product\/"},{"@type":"ListItem","position":3,"name":"Replacement Blade Cartridges 5 Blade Razor Refills"}]},{"@type":"WebSite","@id":"https:\/\/www.bailishaver.com\/#website","url":"https:\/\/www.bailishaver.com\/","name":"Guangzhou Weidi Technology Co.,Ltd","description":"system razors, lady razors, shaving kits, blade and refill, disposable razor, shaving , accessories, etc.","potentialAction":[{"@type":"SearchAction","target":{"@type":"EntryPoint","urlTemplate":"https:\/\/www.bailishaver.com\/?s={search_term_string}"},"query-input":"required name=search_term_string"}],"inLanguage":"fr-FR"}]}},"_links":{"self":[{"href":"https:\/\/www.bailishaver.com\/fr\/wp-json\/wp\/v2\/product\/232965"}],"collection":[{"href":"https:\/\/www.bailishaver.com\/fr\/wp-json\/wp\/v2\/product"}],"about":[{"href":"https:\/\/www.bailishaver.com\/fr\/wp-json\/wp\/v2\/types\/product"}],"replies":[{"embeddable":true,"href":"https:\/\/www.bailishaver.com\/fr\/wp-json\/wp\/v2\/comments?post=232965"}],"version-history":[{"count":6,"href":"https:\/\/www.bailishaver.com\/fr\/wp-json\/wp\/v2\/product\/232965\/revisions"}],"predecessor-version":[{"id":233827,"href":"https:\/\/www.bailishaver.com\/fr\/wp-json\/wp\/v2\/product\/232965\/revisions\/233827"}],"wp:featuredmedia":[{"embeddable":true,"href":"https:\/\/www.bailishaver.com\/fr\/wp-json\/wp\/v2\/media\/232968"}],"wp:attachment":[{"href":"https:\/\/www.bailishaver.com\/fr\/wp-json\/wp\/v2\/media?parent=232965"}],"wp:term":[{"taxonomy":"product_cat","embeddable":true,"href":"https:\/\/www.bailishaver.com\/fr\/wp-json\/wp\/v2\/product_cat?post=232965"},{"taxonomy":"product_tag","embeddable":true,"href":"https:\/\/www.bailishaver.com\/fr\/wp-json\/wp\/v2\/product_tag?post=232965"}],"curies":[{"name":"wp","href":"https:\/\/api.w.org\/{rel}","templated":true}]}}