{"id":232957,"date":"2024-07-25T13:47:28","date_gmt":"2024-07-25T05:47:28","guid":{"rendered":"https:\/\/bailishaver.com\/?post_type=product&#038;p=232957"},"modified":"2024-07-25T14:18:09","modified_gmt":"2024-07-25T06:18:09","slug":"zero-waste-manual-wet-shaving-de-safety-razor-for-men-women","status":"publish","type":"product","link":"https:\/\/www.bailishaver.com\/fr\/produit\/zero-waste-manual-wet-shaving-de-safety-razor-for-men-women\/","title":{"rendered":"Zero-Waste Manual Wet Shaving De Safety Razor for Men Women"},"content":{"rendered":"<div data-elementor-type=\"product-post\" data-elementor-id=\"232957\" class=\"elementor elementor-232957\" data-elementor-post-type=\"product\">\n\t\t\t\t\t\t\t\t\t<section class=\"wd-negative-gap elementor-section elementor-top-section elementor-element elementor-element-696b5c1d elementor-section-content-middle elementor-section-boxed elementor-section-height-default elementor-section-height-default wd-section-disabled\" data-id=\"696b5c1d\" data-element_type=\"section\">\n\t\t\t\t\t\t<div class=\"elementor-container elementor-column-gap-default\">\n\t\t\t\t\t<div class=\"elementor-column elementor-col-50 elementor-top-column elementor-element elementor-element-71329a23\" data-id=\"71329a23\" data-element_type=\"column\">\n\t\t\t<div class=\"elementor-widget-wrap elementor-element-populated\">\n\t\t\t\t\t\t\t\t<div class=\"elementor-element elementor-element-5c6e62a9 elementor-widget elementor-widget-wd_text_block\" data-id=\"5c6e62a9\" data-element_type=\"widget\" data-widget_type=\"wd_text_block.default\">\n\t\t\t\t<div class=\"elementor-widget-container\">\n\t\t\t\t\t<div class=\"wd-text-block reset-last-child text-left color-title\">\n\t\t\t\n\t\t\t<p>Mod\u00e8le\u00a0:\u00a0DB-B2D<\/p><p>Razor Head:DE Razor Head<\/p><p>Taille du rasoir\u00a0: 44,1 \u00d7 25,3 \u00d7 106 mm<\/p><p>Poids du rasoir : 54 g<\/p><p>Material: Sustainably Zinc Alloy+Aluminum<\/p><p>Features: Washable; Reusable; Waterproof ; Rustproof<\/p>\n\t\t\t\t\t<\/div>\n\t\t\t\t<\/div>\n\t\t\t\t<\/div>\n\t\t\t\t\t<\/div>\n\t\t<\/div>\n\t\t\t\t<div class=\"elementor-column elementor-col-50 elementor-top-column elementor-element elementor-element-7decb803\" data-id=\"7decb803\" data-element_type=\"column\">\n\t\t\t<div class=\"elementor-widget-wrap elementor-element-populated\">\n\t\t\t\t\t\t\t\t<div class=\"elementor-element elementor-element-7f6f9bc0 elementor-widget elementor-widget-wd_image_or_svg\" data-id=\"7f6f9bc0\" data-element_type=\"widget\" data-widget_type=\"wd_image_or_svg.default\">\n\t\t\t\t<div class=\"elementor-widget-container\">\n\t\t\t\n\t\t<div class=\"wd-image text-left\">\n\t\t\t\t\t\t\t\t<img fetchpriority=\"high\" decoding=\"async\" width=\"800\" height=\"800\" src=\"https:\/\/www.bailishaver.com\/wp-content\/uploads\/2024\/07\/Zero-Waste_Manual_Wet_Shaving_De_Safety_Razor_for_Men_Women_details_01.webp\" class=\"attachment-full size-full wp-image-232947\" alt=\"\" srcset=\"https:\/\/www.bailishaver.com\/wp-content\/uploads\/2024\/07\/Zero-Waste_Manual_Wet_Shaving_De_Safety_Razor_for_Men_Women_details_01.webp 800w, https:\/\/www.bailishaver.com\/wp-content\/uploads\/2024\/07\/Zero-Waste_Manual_Wet_Shaving_De_Safety_Razor_for_Men_Women_details_01-300x300.webp 300w, https:\/\/www.bailishaver.com\/wp-content\/uploads\/2024\/07\/Zero-Waste_Manual_Wet_Shaving_De_Safety_Razor_for_Men_Women_details_01-150x150.webp 150w, https:\/\/www.bailishaver.com\/wp-content\/uploads\/2024\/07\/Zero-Waste_Manual_Wet_Shaving_De_Safety_Razor_for_Men_Women_details_01-768x768.webp 768w, https:\/\/www.bailishaver.com\/wp-content\/uploads\/2024\/07\/Zero-Waste_Manual_Wet_Shaving_De_Safety_Razor_for_Men_Women_details_01-12x12.webp 12w\" sizes=\"(max-width: 800px) 100vw, 800px\" \/>\t\t\t\t\t<\/div>\n\n\t\t\t\t<\/div>\n\t\t\t\t<\/div>\n\t\t\t\t\t<\/div>\n\t\t<\/div>\n\t\t\t\t\t\t\t<\/div>\n\t\t<\/section>\n\t\t\t\t<section class=\"wd-negative-gap elementor-section elementor-top-section elementor-element elementor-element-fb56519 elementor-section-content-middle elementor-section-boxed elementor-section-height-default elementor-section-height-default wd-section-disabled\" data-id=\"fb56519\" data-element_type=\"section\">\n\t\t\t\t\t\t<div class=\"elementor-container elementor-column-gap-default\">\n\t\t\t\t\t<div class=\"elementor-column elementor-col-50 elementor-top-column elementor-element elementor-element-14fd0fe3\" data-id=\"14fd0fe3\" data-element_type=\"column\">\n\t\t\t<div class=\"elementor-widget-wrap elementor-element-populated\">\n\t\t\t\t\t\t\t\t<div class=\"elementor-element elementor-element-161caf2 elementor-hidden-desktop elementor-hidden-tablet elementor-widget elementor-widget-wd_text_block\" data-id=\"161caf2\" data-element_type=\"widget\" data-widget_type=\"wd_text_block.default\">\n\t\t\t\t<div class=\"elementor-widget-container\">\n\t\t\t\t\t<div class=\"wd-text-block reset-last-child text-left color-title\">\n\t\t\t\n\t\t\t<p><strong>Manual DE Head Design:<\/strong><br \/>Sealing de head, de means double-edged, manual 3 pieces design, prevent the blade from cutting your skin. There is no pulling feeling when shaving. It cuts off the beard in one stroke and is very smooth;<\/p><p><strong>Eco-friendly Zero-Waste Material:<\/strong><br \/>Made from high-quality zero-waste metal, zinc alloy and aluminum alloy material, crafted with sustainability in mind, the razor is made with sustainably sourced materials, is an eco-friendly choice for those who want to reduce their carbon footprint;<\/p><p><strong>Non-slip Handle:<\/strong><br \/>Its sleek rose gold finish adds a touch of sophistication to any shaving routine. The razor is easy to handle and comes with a comfortable grip that ensures a secure hold during use;<\/p><p><strong>Wet Shaving for Men Women:<\/strong><br \/>Our ergonomic grip is textured to reduce slipping, perfectly weighted to increase comfort, and balanced to provide an effortless shaving experience. Reusable and safety, easy to carry and has a long service life for men's and women's shaving. Our razors are 100% unisex and can be used for women or men. They're also infinitely reusable and with every metal safety razor.<\/p>\n\t\t\t\t\t<\/div>\n\t\t\t\t<\/div>\n\t\t\t\t<\/div>\n\t\t\t\t<div class=\"elementor-element elementor-element-31e272c1 elementor-widget elementor-widget-wd_image_or_svg\" data-id=\"31e272c1\" data-element_type=\"widget\" data-widget_type=\"wd_image_or_svg.default\">\n\t\t\t\t<div class=\"elementor-widget-container\">\n\t\t\t\n\t\t<div class=\"wd-image text-left\">\n\t\t\t\t\t\t\t\t<img decoding=\"async\" width=\"800\" height=\"800\" src=\"https:\/\/www.bailishaver.com\/wp-content\/uploads\/2024\/07\/Zero-Waste_Manual_Wet_Shaving_De_Safety_Razor_for_Men_Women_details_02.webp\" class=\"attachment-full size-full wp-image-232948\" alt=\"\" srcset=\"https:\/\/www.bailishaver.com\/wp-content\/uploads\/2024\/07\/Zero-Waste_Manual_Wet_Shaving_De_Safety_Razor_for_Men_Women_details_02.webp 800w, https:\/\/www.bailishaver.com\/wp-content\/uploads\/2024\/07\/Zero-Waste_Manual_Wet_Shaving_De_Safety_Razor_for_Men_Women_details_02-300x300.webp 300w, https:\/\/www.bailishaver.com\/wp-content\/uploads\/2024\/07\/Zero-Waste_Manual_Wet_Shaving_De_Safety_Razor_for_Men_Women_details_02-150x150.webp 150w, https:\/\/www.bailishaver.com\/wp-content\/uploads\/2024\/07\/Zero-Waste_Manual_Wet_Shaving_De_Safety_Razor_for_Men_Women_details_02-768x768.webp 768w, https:\/\/www.bailishaver.com\/wp-content\/uploads\/2024\/07\/Zero-Waste_Manual_Wet_Shaving_De_Safety_Razor_for_Men_Women_details_02-12x12.webp 12w\" sizes=\"(max-width: 800px) 100vw, 800px\" \/>\t\t\t\t\t<\/div>\n\n\t\t\t\t<\/div>\n\t\t\t\t<\/div>\n\t\t\t\t\t<\/div>\n\t\t<\/div>\n\t\t\t\t<div class=\"elementor-column elementor-col-50 elementor-top-column elementor-element elementor-element-7ea23e54\" data-id=\"7ea23e54\" data-element_type=\"column\">\n\t\t\t<div class=\"elementor-widget-wrap elementor-element-populated\">\n\t\t\t\t\t\t\t\t<div class=\"elementor-element elementor-element-d522b0f elementor-hidden-mobile elementor-widget elementor-widget-wd_text_block\" data-id=\"d522b0f\" data-element_type=\"widget\" data-widget_type=\"wd_text_block.default\">\n\t\t\t\t<div class=\"elementor-widget-container\">\n\t\t\t\t\t<div class=\"wd-text-block reset-last-child text-left color-title\">\n\t\t\t\n\t\t\t<p><strong>Manual DE Head Design:<\/strong><br \/>Sealing de head, de means double-edged, manual 3 pieces design, prevent the blade from cutting your skin. There is no pulling feeling when shaving. It cuts off the beard in one stroke and is very smooth;<\/p><p><strong>Eco-friendly Zero-Waste Material:<\/strong><br \/>Made from high-quality zero-waste metal, zinc alloy and aluminum alloy material, crafted with sustainability in mind, the razor is made with sustainably sourced materials, is an eco-friendly choice for those who want to reduce their carbon footprint;<\/p><p><strong>Non-slip Handle:<\/strong><br \/>Its sleek rose gold finish adds a touch of sophistication to any shaving routine. The razor is easy to handle and comes with a comfortable grip that ensures a secure hold during use;<\/p><p><strong>Wet Shaving for Men Women:<\/strong><br \/>Our ergonomic grip is textured to reduce slipping, perfectly weighted to increase comfort, and balanced to provide an effortless shaving experience. Reusable and safety, easy to carry and has a long service life for men's and women's shaving. Our razors are 100% unisex and can be used for women or men. They're also infinitely reusable and with every metal safety razor.<\/p>\n\t\t\t\t\t<\/div>\n\t\t\t\t<\/div>\n\t\t\t\t<\/div>\n\t\t\t\t\t<\/div>\n\t\t<\/div>\n\t\t\t\t\t\t\t<\/div>\n\t\t<\/section>\n\t\t\t\t<section class=\"wd-negative-gap elementor-section elementor-top-section elementor-element elementor-element-56826e35 elementor-section-boxed elementor-section-height-default elementor-section-height-default wd-section-disabled\" data-id=\"56826e35\" data-element_type=\"section\">\n\t\t\t\t\t\t<div class=\"elementor-container elementor-column-gap-default\">\n\t\t\t\t\t<div class=\"elementor-column elementor-col-100 elementor-top-column elementor-element elementor-element-4728aa1c\" data-id=\"4728aa1c\" data-element_type=\"column\">\n\t\t\t<div class=\"elementor-widget-wrap elementor-element-populated\">\n\t\t\t\t\t\t\t\t<div class=\"elementor-element elementor-element-10b98884 elementor-widget elementor-widget-accordion\" data-id=\"10b98884\" data-element_type=\"widget\" data-widget_type=\"accordion.default\">\n\t\t\t\t<div class=\"elementor-widget-container\">\n\t\t\t<style>\/*! elementor - v3.18.0 - 20-12-2023 *\/\n.elementor-accordion{text-align:left}.elementor-accordion .elementor-accordion-item{border:1px solid #d5d8dc}.elementor-accordion .elementor-accordion-item+.elementor-accordion-item{border-top:none}.elementor-accordion .elementor-tab-title{margin:0;padding:15px 20px;font-weight:700;line-height:1;cursor:pointer;outline:none}.elementor-accordion .elementor-tab-title .elementor-accordion-icon{display:inline-block;width:1.5em}.elementor-accordion .elementor-tab-title .elementor-accordion-icon svg{width:1em;height:1em}.elementor-accordion .elementor-tab-title .elementor-accordion-icon.elementor-accordion-icon-right{float:right;text-align:right}.elementor-accordion .elementor-tab-title .elementor-accordion-icon.elementor-accordion-icon-left{float:left;text-align:left}.elementor-accordion .elementor-tab-title .elementor-accordion-icon .elementor-accordion-icon-closed{display:block}.elementor-accordion .elementor-tab-title .elementor-accordion-icon .elementor-accordion-icon-opened,.elementor-accordion .elementor-tab-title.elementor-active .elementor-accordion-icon-closed{display:none}.elementor-accordion .elementor-tab-title.elementor-active .elementor-accordion-icon-opened{display:block}.elementor-accordion .elementor-tab-content{display:none;padding:15px 20px;border-top:1px solid #d5d8dc}@media (max-width:767px){.elementor-accordion .elementor-tab-title{padding:12px 15px}.elementor-accordion .elementor-tab-title .elementor-accordion-icon{width:1.2em}.elementor-accordion .elementor-tab-content{padding:7px 15px}}.e-con-inner>.elementor-widget-accordion,.e-con>.elementor-widget-accordion{width:var(--container-widget-width);--flex-grow:var(--container-widget-flex-grow)}<\/style>\t\t<div class=\"elementor-accordion\">\n\t\t\t\t\t\t\t<div class=\"elementor-accordion-item\">\n\t\t\t\t\t<div id=\"elementor-tab-title-2801\" class=\"elementor-tab-title\" data-tab=\"1\" role=\"button\" aria-controls=\"elementor-tab-content-2801\" aria-expanded=\"false\">\n\t\t\t\t\t\t\t\t\t\t\t\t\t<span class=\"elementor-accordion-icon elementor-accordion-icon-left\" aria-hidden=\"true\">\n\t\t\t\t\t\t\t\t\t\t\t\t\t\t\t<span class=\"elementor-accordion-icon-closed\"><i class=\"fas fa-caret-down\"><\/i><\/span>\n\t\t\t\t\t\t\t\t<span class=\"elementor-accordion-icon-opened\"><i class=\"fas fa-caret-up\"><\/i><\/span>\n\t\t\t\t\t\t\t\t\t\t\t\t\t\t<\/span>\n\t\t\t\t\t\t\t\t\t\t\t\t<a class=\"elementor-accordion-title\" tabindex=\"0\">Emballer<\/a>\n\t\t\t\t\t<\/div>\n\t\t\t\t\t<div id=\"elementor-tab-content-2801\" class=\"elementor-tab-content elementor-clearfix\" data-tab=\"1\" role=\"region\" aria-labelledby=\"elementor-tab-title-2801\"><table><tbody><tr><td>Produit<\/td><td>Pi\u00e8ces<\/td><td>Emballer<\/td><td>Taille<\/td><td>Poids brut<\/td><\/tr><tr><td rowspan=\"2\">DB-B2D<\/td><td class=\"et4\">1<\/td><td class=\"et4\">Sac d&#039;opp<\/td><td class=\"et4\">44,1 \u00d7 25,3 \u00d7 106 mm<\/td><td class=\"et4\">54g<\/td><\/tr><tr><td>120<\/td><td>Carton<\/td><td>385\u00d7155\u00d7235mm<\/td><td>7,95kg<\/td><\/tr><\/tbody><\/table><\/div>\n\t\t\t\t<\/div>\n\t\t\t\t\t\t\t<div class=\"elementor-accordion-item\">\n\t\t\t\t\t<div id=\"elementor-tab-title-2802\" class=\"elementor-tab-title\" data-tab=\"2\" role=\"button\" aria-controls=\"elementor-tab-content-2802\" aria-expanded=\"false\">\n\t\t\t\t\t\t\t\t\t\t\t\t\t<span class=\"elementor-accordion-icon elementor-accordion-icon-left\" aria-hidden=\"true\">\n\t\t\t\t\t\t\t\t\t\t\t\t\t\t\t<span class=\"elementor-accordion-icon-closed\"><i class=\"fas fa-caret-down\"><\/i><\/span>\n\t\t\t\t\t\t\t\t<span class=\"elementor-accordion-icon-opened\"><i class=\"fas fa-caret-up\"><\/i><\/span>\n\t\t\t\t\t\t\t\t\t\t\t\t\t\t<\/span>\n\t\t\t\t\t\t\t\t\t\t\t\t<a class=\"elementor-accordion-title\" tabindex=\"0\"> Exp\u00e9dition<\/a>\n\t\t\t\t\t<\/div>\n\t\t\t\t\t<div id=\"elementor-tab-content-2802\" class=\"elementor-tab-content elementor-clearfix\" data-tab=\"2\" role=\"region\" aria-labelledby=\"elementor-tab-title-2802\">La commande d&#039;\u00e9chantillon peut \u00eatre exp\u00e9di\u00e9e dans un d\u00e9lai de 3 \u00e0 7 jours\u00a0; <br>La production de commandes group\u00e9es ou de commandes personnalis\u00e9es prend 15 \u00e0 30 jours.\n<\/div>\n\t\t\t\t<\/div>\n\t\t\t\t\t\t\t\t<\/div>\n\t\t\t\t<\/div>\n\t\t\t\t<\/div>\n\t\t\t\t\t<\/div>\n\t\t<\/div>\n\t\t\t\t\t\t\t<\/div>\n\t\t<\/section>\n\t\t\t\t\t\t\t<\/div>","protected":false},"excerpt":{"rendered":"<p><strong>Mod\u00e8le\u00a0:\u00a0DB-B2D<\/strong><\/p>\n<div class=\"DescriptionImg\">\n<div class=\"image-box\">\n<p><img decoding=\"async\" src=\"https:\/\/bailishaver.com\/wp-content\/uploads\/2023\/09\/Safety-1.png\" alt=\"Image1\" \/><\/p>\n<div class=\"caption\">T\u00eate en alliage de zinc<\/div>\n<\/div>\n<div class=\"image-box\">\n<p><img decoding=\"async\" src=\"https:\/\/bailishaver.com\/wp-content\/uploads\/2023\/09\/Screw_Removal.png\" alt=\"Image2\" \/><\/p>\n<div class=\"caption\">Retrait des vis<\/div>\n<\/div>\n<div class=\"image-box\">\n<p><img decoding=\"async\" src=\"https:\/\/bailishaver.com\/wp-content\/uploads\/2024\/02\/Aluminum_Handle_Icon-1.webp\" alt=\"Image3\" \/><\/p>\n<div class=\"caption\">Retrait des vis<\/div>\n<\/div>\n<\/div>","protected":false},"featured_media":232941,"comment_status":"open","ping_status":"closed","template":"","meta":[],"product_cat":[31],"product_tag":[],"yoast_head":"<!-- This site is optimized with the Yoast SEO plugin v21.4 - https:\/\/yoast.com\/wordpress\/plugins\/seo\/ -->\n<title>Zero-Waste Manual Wet Shaving De Safety Razor for Men Women - Guangzhou Weidi Technology Co.,Ltd<\/title>\n<meta name=\"description\" content=\"The DE safety razor is made from zero-waste eco-friendly material for a smooth shave for men and women.Manual 3 pieces design for a wet shaving.\" \/>\n<meta name=\"robots\" content=\"index, follow, max-snippet:-1, max-image-preview:large, max-video-preview:-1\" \/>\n<link rel=\"canonical\" href=\"https:\/\/www.bailishaver.com\/fr\/produit\/zero-waste-manual-wet-shaving-de-safety-razor-for-men-women\/\" \/>\n<meta property=\"og:locale\" content=\"fr_FR\" \/>\n<meta property=\"og:type\" content=\"article\" \/>\n<meta property=\"og:title\" content=\"Zero-Waste Manual Wet Shaving De Safety Razor for Men Women - Guangzhou Weidi Technology Co.,Ltd\" \/>\n<meta property=\"og:description\" content=\"The DE safety razor is made from zero-waste eco-friendly material for a smooth shave for men and women.Manual 3 pieces design for a wet shaving.\" \/>\n<meta property=\"og:url\" content=\"https:\/\/www.bailishaver.com\/fr\/produit\/zero-waste-manual-wet-shaving-de-safety-razor-for-men-women\/\" \/>\n<meta property=\"og:site_name\" content=\"Guangzhou Weidi Technology Co.,Ltd\" \/>\n<meta property=\"article:modified_time\" content=\"2024-07-25T06:18:09+00:00\" \/>\n<meta property=\"og:image\" content=\"https:\/\/www.bailishaver.com\/wp-content\/uploads\/2024\/07\/Zero-Waste_Manual_Wet_Shaving_De_Safety_Razor_for_Men_Women_01.webp\" \/>\n\t<meta property=\"og:image:width\" content=\"800\" \/>\n\t<meta property=\"og:image:height\" content=\"800\" \/>\n\t<meta property=\"og:image:type\" content=\"image\/webp\" \/>\n<meta name=\"twitter:card\" content=\"summary_large_image\" \/>\n<script type=\"application\/ld+json\" class=\"yoast-schema-graph\">{\"@context\":\"https:\/\/schema.org\",\"@graph\":[{\"@type\":\"WebPage\",\"@id\":\"https:\/\/www.bailishaver.com\/product\/zero-waste-manual-wet-shaving-de-safety-razor-for-men-women\/\",\"url\":\"https:\/\/www.bailishaver.com\/product\/zero-waste-manual-wet-shaving-de-safety-razor-for-men-women\/\",\"name\":\"Zero-Waste Manual Wet Shaving De Safety Razor for Men Women - Guangzhou Weidi Technology Co.,Ltd\",\"isPartOf\":{\"@id\":\"https:\/\/www.bailishaver.com\/#website\"},\"datePublished\":\"2024-07-25T05:47:28+00:00\",\"dateModified\":\"2024-07-25T06:18:09+00:00\",\"description\":\"The DE safety razor is made from zero-waste eco-friendly material for a smooth shave for men and women.Manual 3 pieces design for a wet shaving.\",\"breadcrumb\":{\"@id\":\"https:\/\/www.bailishaver.com\/product\/zero-waste-manual-wet-shaving-de-safety-razor-for-men-women\/#breadcrumb\"},\"inLanguage\":\"fr-FR\",\"potentialAction\":[{\"@type\":\"ReadAction\",\"target\":[\"https:\/\/www.bailishaver.com\/product\/zero-waste-manual-wet-shaving-de-safety-razor-for-men-women\/\"]}]},{\"@type\":\"BreadcrumbList\",\"@id\":\"https:\/\/www.bailishaver.com\/product\/zero-waste-manual-wet-shaving-de-safety-razor-for-men-women\/#breadcrumb\",\"itemListElement\":[{\"@type\":\"ListItem\",\"position\":1,\"name\":\"HOME\",\"item\":\"https:\/\/www.bailishaver.com\/\"},{\"@type\":\"ListItem\",\"position\":2,\"name\":\"Product\",\"item\":\"https:\/\/www.bailishaver.com\/product\/\"},{\"@type\":\"ListItem\",\"position\":3,\"name\":\"Zero-Waste Manual Wet Shaving De Safety Razor for Men Women\"}]},{\"@type\":\"WebSite\",\"@id\":\"https:\/\/www.bailishaver.com\/#website\",\"url\":\"https:\/\/www.bailishaver.com\/\",\"name\":\"Guangzhou Weidi Technology Co.,Ltd\",\"description\":\"system razors, lady razors, shaving kits, blade and refill, disposable razor, shaving , accessories, etc.\",\"potentialAction\":[{\"@type\":\"SearchAction\",\"target\":{\"@type\":\"EntryPoint\",\"urlTemplate\":\"https:\/\/www.bailishaver.com\/?s={search_term_string}\"},\"query-input\":\"required name=search_term_string\"}],\"inLanguage\":\"fr-FR\"}]}<\/script>\n<!-- \/ Yoast SEO plugin. -->","yoast_head_json":{"title":"Zero-Waste Manual Wet Shaving De Safety Razor for Men Women - Guangzhou Weidi Technology Co.,Ltd","description":"The DE safety razor is made from zero-waste eco-friendly material for a smooth shave for men and women.Manual 3 pieces design for a wet shaving.","robots":{"index":"index","follow":"follow","max-snippet":"max-snippet:-1","max-image-preview":"max-image-preview:large","max-video-preview":"max-video-preview:-1"},"canonical":"https:\/\/www.bailishaver.com\/fr\/produit\/zero-waste-manual-wet-shaving-de-safety-razor-for-men-women\/","og_locale":"fr_FR","og_type":"article","og_title":"Zero-Waste Manual Wet Shaving De Safety Razor for Men Women - Guangzhou Weidi Technology Co.,Ltd","og_description":"The DE safety razor is made from zero-waste eco-friendly material for a smooth shave for men and women.Manual 3 pieces design for a wet shaving.","og_url":"https:\/\/www.bailishaver.com\/fr\/produit\/zero-waste-manual-wet-shaving-de-safety-razor-for-men-women\/","og_site_name":"Guangzhou Weidi Technology Co.,Ltd","article_modified_time":"2024-07-25T06:18:09+00:00","og_image":[{"width":800,"height":800,"url":"https:\/\/www.bailishaver.com\/wp-content\/uploads\/2024\/07\/Zero-Waste_Manual_Wet_Shaving_De_Safety_Razor_for_Men_Women_01.webp","type":"image\/webp"}],"twitter_card":"summary_large_image","schema":{"@context":"https:\/\/schema.org","@graph":[{"@type":"WebPage","@id":"https:\/\/www.bailishaver.com\/product\/zero-waste-manual-wet-shaving-de-safety-razor-for-men-women\/","url":"https:\/\/www.bailishaver.com\/product\/zero-waste-manual-wet-shaving-de-safety-razor-for-men-women\/","name":"Zero-Waste Manual Wet Shaving De Safety Razor for Men Women - Guangzhou Weidi Technology Co.,Ltd","isPartOf":{"@id":"https:\/\/www.bailishaver.com\/#website"},"datePublished":"2024-07-25T05:47:28+00:00","dateModified":"2024-07-25T06:18:09+00:00","description":"The DE safety razor is made from zero-waste eco-friendly material for a smooth shave for men and women.Manual 3 pieces design for a wet shaving.","breadcrumb":{"@id":"https:\/\/www.bailishaver.com\/product\/zero-waste-manual-wet-shaving-de-safety-razor-for-men-women\/#breadcrumb"},"inLanguage":"fr-FR","potentialAction":[{"@type":"ReadAction","target":["https:\/\/www.bailishaver.com\/product\/zero-waste-manual-wet-shaving-de-safety-razor-for-men-women\/"]}]},{"@type":"BreadcrumbList","@id":"https:\/\/www.bailishaver.com\/product\/zero-waste-manual-wet-shaving-de-safety-razor-for-men-women\/#breadcrumb","itemListElement":[{"@type":"ListItem","position":1,"name":"HOME","item":"https:\/\/www.bailishaver.com\/"},{"@type":"ListItem","position":2,"name":"Product","item":"https:\/\/www.bailishaver.com\/product\/"},{"@type":"ListItem","position":3,"name":"Zero-Waste Manual Wet Shaving De Safety Razor for Men Women"}]},{"@type":"WebSite","@id":"https:\/\/www.bailishaver.com\/#website","url":"https:\/\/www.bailishaver.com\/","name":"Guangzhou Weidi Technology Co.,Ltd","description":"system razors, lady razors, shaving kits, blade and refill, disposable razor, shaving , accessories, etc.","potentialAction":[{"@type":"SearchAction","target":{"@type":"EntryPoint","urlTemplate":"https:\/\/www.bailishaver.com\/?s={search_term_string}"},"query-input":"required name=search_term_string"}],"inLanguage":"fr-FR"}]}},"_links":{"self":[{"href":"https:\/\/www.bailishaver.com\/fr\/wp-json\/wp\/v2\/product\/232957"}],"collection":[{"href":"https:\/\/www.bailishaver.com\/fr\/wp-json\/wp\/v2\/product"}],"about":[{"href":"https:\/\/www.bailishaver.com\/fr\/wp-json\/wp\/v2\/types\/product"}],"replies":[{"embeddable":true,"href":"https:\/\/www.bailishaver.com\/fr\/wp-json\/wp\/v2\/comments?post=232957"}],"version-history":[{"count":4,"href":"https:\/\/www.bailishaver.com\/fr\/wp-json\/wp\/v2\/product\/232957\/revisions"}],"predecessor-version":[{"id":232964,"href":"https:\/\/www.bailishaver.com\/fr\/wp-json\/wp\/v2\/product\/232957\/revisions\/232964"}],"wp:featuredmedia":[{"embeddable":true,"href":"https:\/\/www.bailishaver.com\/fr\/wp-json\/wp\/v2\/media\/232941"}],"wp:attachment":[{"href":"https:\/\/www.bailishaver.com\/fr\/wp-json\/wp\/v2\/media?parent=232957"}],"wp:term":[{"taxonomy":"product_cat","embeddable":true,"href":"https:\/\/www.bailishaver.com\/fr\/wp-json\/wp\/v2\/product_cat?post=232957"},{"taxonomy":"product_tag","embeddable":true,"href":"https:\/\/www.bailishaver.com\/fr\/wp-json\/wp\/v2\/product_tag?post=232957"}],"curies":[{"name":"wp","href":"https:\/\/api.w.org\/{rel}","templated":true}]}}