{"id":232820,"date":"2024-07-08T12:14:24","date_gmt":"2024-07-08T04:14:24","guid":{"rendered":"https:\/\/bailishaver.com\/?post_type=product&#038;p=232820"},"modified":"2024-07-08T14:41:39","modified_gmt":"2024-07-08T06:41:39","slug":"upgrade-head-tto-safety-razor-with-5-blades-mens-shaving-kit","status":"publish","type":"product","link":"https:\/\/www.bailishaver.com\/fr\/produit\/upgrade-head-tto-safety-razor-with-5-blades-mens-shaving-kit\/","title":{"rendered":"Upgrade Head TTO Safety Razor with 5 Blades Mens Shaving Kit"},"content":{"rendered":"<div data-elementor-type=\"product-post\" data-elementor-id=\"232820\" class=\"elementor elementor-232820\" data-elementor-post-type=\"product\">\n\t\t\t\t\t\t\t\t\t<section class=\"wd-negative-gap elementor-section elementor-top-section elementor-element elementor-element-142361d elementor-section-content-middle elementor-section-boxed elementor-section-height-default elementor-section-height-default wd-section-disabled\" data-id=\"142361d\" data-element_type=\"section\">\n\t\t\t\t\t\t<div class=\"elementor-container elementor-column-gap-default\">\n\t\t\t\t\t<div class=\"elementor-column elementor-col-50 elementor-top-column elementor-element elementor-element-b363c88\" data-id=\"b363c88\" data-element_type=\"column\">\n\t\t\t<div class=\"elementor-widget-wrap elementor-element-populated\">\n\t\t\t\t\t\t\t\t<div class=\"elementor-element elementor-element-e10caf5 elementor-widget elementor-widget-wd_text_block\" data-id=\"e10caf5\" data-element_type=\"widget\" data-widget_type=\"wd_text_block.default\">\n\t\t\t\t<div class=\"elementor-widget-container\">\n\t\t\t\t\t<div class=\"wd-text-block reset-last-child text-left color-title\">\n\t\t\t\n\t\t\t<p>Model: BR-B4D<\/p><p>Razor Head: TTO Razor Head<\/p><p>Taille du kit de rasage\u00a0: 73,5 \u00d7 147,5 \u00d7 30,5 mm<\/p><p>Poids du kit de rasage : 135 g<\/p><p>Mat\u00e9riau : alliage de zinc + acier inoxydable + acier.<\/p><p>Features: Washable; Reusable; Waterproof; Rustproof<\/p>\n\t\t\t\t\t<\/div>\n\t\t\t\t<\/div>\n\t\t\t\t<\/div>\n\t\t\t\t\t<\/div>\n\t\t<\/div>\n\t\t\t\t<div class=\"elementor-column elementor-col-50 elementor-top-column elementor-element elementor-element-7be5f28\" data-id=\"7be5f28\" data-element_type=\"column\">\n\t\t\t<div class=\"elementor-widget-wrap elementor-element-populated\">\n\t\t\t\t\t\t\t\t<div class=\"elementor-element elementor-element-85a117a elementor-widget elementor-widget-wd_image_or_svg\" data-id=\"85a117a\" data-element_type=\"widget\" data-widget_type=\"wd_image_or_svg.default\">\n\t\t\t\t<div class=\"elementor-widget-container\">\n\t\t\t\n\t\t<div class=\"wd-image text-left\">\n\t\t\t\t\t\t\t\t<img fetchpriority=\"high\" decoding=\"async\" width=\"1334\" height=\"1334\" src=\"https:\/\/www.bailishaver.com\/wp-content\/uploads\/2024\/07\/Upgrade_Head_TTO_Safety_Razor_with_5_Blades_Mens_Shaving_Kit_details_01.webp\" class=\"attachment-full size-full wp-image-232825\" alt=\"\" srcset=\"https:\/\/www.bailishaver.com\/wp-content\/uploads\/2024\/07\/Upgrade_Head_TTO_Safety_Razor_with_5_Blades_Mens_Shaving_Kit_details_01.webp 1334w, https:\/\/www.bailishaver.com\/wp-content\/uploads\/2024\/07\/Upgrade_Head_TTO_Safety_Razor_with_5_Blades_Mens_Shaving_Kit_details_01-300x300.webp 300w, https:\/\/www.bailishaver.com\/wp-content\/uploads\/2024\/07\/Upgrade_Head_TTO_Safety_Razor_with_5_Blades_Mens_Shaving_Kit_details_01-1024x1024.webp 1024w, https:\/\/www.bailishaver.com\/wp-content\/uploads\/2024\/07\/Upgrade_Head_TTO_Safety_Razor_with_5_Blades_Mens_Shaving_Kit_details_01-150x150.webp 150w, https:\/\/www.bailishaver.com\/wp-content\/uploads\/2024\/07\/Upgrade_Head_TTO_Safety_Razor_with_5_Blades_Mens_Shaving_Kit_details_01-768x768.webp 768w, https:\/\/www.bailishaver.com\/wp-content\/uploads\/2024\/07\/Upgrade_Head_TTO_Safety_Razor_with_5_Blades_Mens_Shaving_Kit_details_01-12x12.webp 12w\" sizes=\"(max-width: 1334px) 100vw, 1334px\" \/>\t\t\t\t\t<\/div>\n\n\t\t\t\t<\/div>\n\t\t\t\t<\/div>\n\t\t\t\t\t<\/div>\n\t\t<\/div>\n\t\t\t\t\t\t\t<\/div>\n\t\t<\/section>\n\t\t\t\t<section class=\"wd-negative-gap elementor-section elementor-top-section elementor-element elementor-element-d47a173 elementor-section-content-middle elementor-section-boxed elementor-section-height-default elementor-section-height-default wd-section-disabled\" data-id=\"d47a173\" data-element_type=\"section\">\n\t\t\t\t\t\t<div class=\"elementor-container elementor-column-gap-default\">\n\t\t\t\t\t<div class=\"elementor-column elementor-col-50 elementor-top-column elementor-element elementor-element-e8636a4\" data-id=\"e8636a4\" data-element_type=\"column\">\n\t\t\t<div class=\"elementor-widget-wrap elementor-element-populated\">\n\t\t\t\t\t\t\t\t<div class=\"elementor-element elementor-element-e799e56 elementor-widget__width-initial elementor-hidden-desktop elementor-hidden-tablet elementor-widget elementor-widget-wd_text_block\" data-id=\"e799e56\" data-element_type=\"widget\" data-widget_type=\"wd_text_block.default\">\n\t\t\t\t<div class=\"elementor-widget-container\">\n\t\t\t\t\t<div class=\"wd-text-block reset-last-child text-left color-title\">\n\t\t\t\n\t\t\t<p><strong>*Butterfly TTO design:<\/strong><\/p><p>TTO menas twist to open, this safety razor is a type of butterfly safety razor that use a twist mechanism to open the top and change the blades. The twisting mechanism is designed to be smooth and easy to operate, ensuring that the doors open wide enough to allow access to the blade. This feature is popular with many wet shavers for mens;<\/p><p><strong>*2.0 upgraded version of the butterfly razor head:<\/strong><\/p><p>Hidden pin design,simpler appearance structure.Not easy to hide dirt,clean after flushing;<\/p><p><strong>*Delicate non-slip texture:<\/strong><\/p><p>Water ripples full of design.Novel style,effective non-slip;<\/p><p><strong>*Exquisite shaving kit:<\/strong><\/p><p>Comes with a tto safety razor and 5 razor blades. A convenient and portable shaving kit for mens.<\/p>\n\t\t\t\t\t<\/div>\n\t\t\t\t<\/div>\n\t\t\t\t<\/div>\n\t\t\t\t<div class=\"elementor-element elementor-element-6e464df elementor-widget elementor-widget-wd_image_or_svg\" data-id=\"6e464df\" data-element_type=\"widget\" data-widget_type=\"wd_image_or_svg.default\">\n\t\t\t\t<div class=\"elementor-widget-container\">\n\t\t\t\n\t\t<div class=\"wd-image text-left\">\n\t\t\t\t\t\t\t\t<img decoding=\"async\" width=\"800\" height=\"800\" src=\"https:\/\/www.bailishaver.com\/wp-content\/uploads\/2024\/07\/Upgrade_Head_TTO_Safety_Razor_with_5_Blades_Mens_Shaving_Kit_details_02.webp\" class=\"attachment-full size-full wp-image-232826\" alt=\"\" srcset=\"https:\/\/www.bailishaver.com\/wp-content\/uploads\/2024\/07\/Upgrade_Head_TTO_Safety_Razor_with_5_Blades_Mens_Shaving_Kit_details_02.webp 800w, https:\/\/www.bailishaver.com\/wp-content\/uploads\/2024\/07\/Upgrade_Head_TTO_Safety_Razor_with_5_Blades_Mens_Shaving_Kit_details_02-300x300.webp 300w, https:\/\/www.bailishaver.com\/wp-content\/uploads\/2024\/07\/Upgrade_Head_TTO_Safety_Razor_with_5_Blades_Mens_Shaving_Kit_details_02-150x150.webp 150w, https:\/\/www.bailishaver.com\/wp-content\/uploads\/2024\/07\/Upgrade_Head_TTO_Safety_Razor_with_5_Blades_Mens_Shaving_Kit_details_02-768x768.webp 768w, https:\/\/www.bailishaver.com\/wp-content\/uploads\/2024\/07\/Upgrade_Head_TTO_Safety_Razor_with_5_Blades_Mens_Shaving_Kit_details_02-12x12.webp 12w\" sizes=\"(max-width: 800px) 100vw, 800px\" \/>\t\t\t\t\t<\/div>\n\n\t\t\t\t<\/div>\n\t\t\t\t<\/div>\n\t\t\t\t\t<\/div>\n\t\t<\/div>\n\t\t\t\t<div class=\"elementor-column elementor-col-50 elementor-top-column elementor-element elementor-element-b79b4c6\" data-id=\"b79b4c6\" data-element_type=\"column\">\n\t\t\t<div class=\"elementor-widget-wrap elementor-element-populated\">\n\t\t\t\t\t\t\t\t<div class=\"elementor-element elementor-element-7efaaa3 elementor-hidden-mobile elementor-widget elementor-widget-wd_text_block\" data-id=\"7efaaa3\" data-element_type=\"widget\" data-widget_type=\"wd_text_block.default\">\n\t\t\t\t<div class=\"elementor-widget-container\">\n\t\t\t\t\t<div class=\"wd-text-block reset-last-child text-left color-title\">\n\t\t\t\n\t\t\t<p><strong>*Butterfly TTO design:<\/strong><\/p><p>TTO menas twist to open, this safety razor is a type of butterfly safety razor that use a twist mechanism to open the top and change the blades. The twisting mechanism is designed to be smooth and easy to operate, ensuring that the doors open wide enough to allow access to the blade. This feature is popular with many wet shavers for mens;<\/p><p><strong>*2.0 upgraded version of the butterfly razor head:<\/strong><\/p><p>Hidden pin design,simpler appearance structure.Not easy to hide dirt,clean after flushing;<\/p><p><strong>*Delicate non-slip texture:<\/strong><\/p><p>Water ripples full of design.Novel style,effective non-slip;<\/p><p><strong>*Exquisite shaving kit:<\/strong><\/p><p>Comes with a tto safety razor and 5 razor blades. A convenient and portable shaving kit for mens.<\/p><p>\u00a0<\/p>\n\t\t\t\t\t<\/div>\n\t\t\t\t<\/div>\n\t\t\t\t<\/div>\n\t\t\t\t\t<\/div>\n\t\t<\/div>\n\t\t\t\t\t\t\t<\/div>\n\t\t<\/section>\n\t\t\t\t<section class=\"wd-negative-gap elementor-section elementor-top-section elementor-element elementor-element-2fbb7c7 elementor-section-boxed elementor-section-height-default elementor-section-height-default wd-section-disabled\" data-id=\"2fbb7c7\" data-element_type=\"section\">\n\t\t\t\t\t\t<div class=\"elementor-container elementor-column-gap-default\">\n\t\t\t\t\t<div class=\"elementor-column elementor-col-100 elementor-top-column elementor-element elementor-element-9f097bb\" data-id=\"9f097bb\" data-element_type=\"column\">\n\t\t\t<div class=\"elementor-widget-wrap elementor-element-populated\">\n\t\t\t\t\t\t\t\t<div class=\"elementor-element elementor-element-0280bcc elementor-widget elementor-widget-accordion\" data-id=\"0280bcc\" data-element_type=\"widget\" data-widget_type=\"accordion.default\">\n\t\t\t\t<div class=\"elementor-widget-container\">\n\t\t\t<style>\/*! elementor - v3.18.0 - 20-12-2023 *\/\n.elementor-accordion{text-align:left}.elementor-accordion .elementor-accordion-item{border:1px solid #d5d8dc}.elementor-accordion .elementor-accordion-item+.elementor-accordion-item{border-top:none}.elementor-accordion .elementor-tab-title{margin:0;padding:15px 20px;font-weight:700;line-height:1;cursor:pointer;outline:none}.elementor-accordion .elementor-tab-title .elementor-accordion-icon{display:inline-block;width:1.5em}.elementor-accordion .elementor-tab-title .elementor-accordion-icon svg{width:1em;height:1em}.elementor-accordion .elementor-tab-title .elementor-accordion-icon.elementor-accordion-icon-right{float:right;text-align:right}.elementor-accordion .elementor-tab-title .elementor-accordion-icon.elementor-accordion-icon-left{float:left;text-align:left}.elementor-accordion .elementor-tab-title .elementor-accordion-icon .elementor-accordion-icon-closed{display:block}.elementor-accordion .elementor-tab-title .elementor-accordion-icon .elementor-accordion-icon-opened,.elementor-accordion .elementor-tab-title.elementor-active .elementor-accordion-icon-closed{display:none}.elementor-accordion .elementor-tab-title.elementor-active .elementor-accordion-icon-opened{display:block}.elementor-accordion .elementor-tab-content{display:none;padding:15px 20px;border-top:1px solid #d5d8dc}@media (max-width:767px){.elementor-accordion .elementor-tab-title{padding:12px 15px}.elementor-accordion .elementor-tab-title .elementor-accordion-icon{width:1.2em}.elementor-accordion .elementor-tab-content{padding:7px 15px}}.e-con-inner>.elementor-widget-accordion,.e-con>.elementor-widget-accordion{width:var(--container-widget-width);--flex-grow:var(--container-widget-flex-grow)}<\/style>\t\t<div class=\"elementor-accordion\">\n\t\t\t\t\t\t\t<div class=\"elementor-accordion-item\">\n\t\t\t\t\t<div id=\"elementor-tab-title-2621\" class=\"elementor-tab-title\" data-tab=\"1\" role=\"button\" aria-controls=\"elementor-tab-content-2621\" aria-expanded=\"false\">\n\t\t\t\t\t\t\t\t\t\t\t\t\t<span class=\"elementor-accordion-icon elementor-accordion-icon-left\" aria-hidden=\"true\">\n\t\t\t\t\t\t\t\t\t\t\t\t\t\t\t<span class=\"elementor-accordion-icon-closed\"><i class=\"fas fa-caret-down\"><\/i><\/span>\n\t\t\t\t\t\t\t\t<span class=\"elementor-accordion-icon-opened\"><i class=\"fas fa-caret-up\"><\/i><\/span>\n\t\t\t\t\t\t\t\t\t\t\t\t\t\t<\/span>\n\t\t\t\t\t\t\t\t\t\t\t\t<a class=\"elementor-accordion-title\" tabindex=\"0\">Emballer<\/a>\n\t\t\t\t\t<\/div>\n\t\t\t\t\t<div id=\"elementor-tab-content-2621\" class=\"elementor-tab-content elementor-clearfix\" data-tab=\"1\" role=\"region\" aria-labelledby=\"elementor-tab-title-2621\"><table><tbody><tr><td>Produit<\/td><td>Pi\u00e8ces<\/td><td>Emballer<\/td><td>Taille<\/td><td>Poids brut<\/td><\/tr><tr><td rowspan=\"2\">BR-B4D<\/td><td class=\"et4\">1<\/td><td class=\"et4\">Boite cadeau<\/td><td class=\"et4\">73,5 \u00d7 147,5 \u00d7 30,5 mm<\/td><td class=\"et4\">135g<\/td><\/tr><tr><td>80<\/td><td>Carton<\/td><td>310\u00d7305\u00d7325mm<\/td><td>11,4kg<\/td><\/tr><\/tbody><\/table><\/div>\n\t\t\t\t<\/div>\n\t\t\t\t\t\t\t<div class=\"elementor-accordion-item\">\n\t\t\t\t\t<div id=\"elementor-tab-title-2622\" class=\"elementor-tab-title\" data-tab=\"2\" role=\"button\" aria-controls=\"elementor-tab-content-2622\" aria-expanded=\"false\">\n\t\t\t\t\t\t\t\t\t\t\t\t\t<span class=\"elementor-accordion-icon elementor-accordion-icon-left\" aria-hidden=\"true\">\n\t\t\t\t\t\t\t\t\t\t\t\t\t\t\t<span class=\"elementor-accordion-icon-closed\"><i class=\"fas fa-caret-down\"><\/i><\/span>\n\t\t\t\t\t\t\t\t<span class=\"elementor-accordion-icon-opened\"><i class=\"fas fa-caret-up\"><\/i><\/span>\n\t\t\t\t\t\t\t\t\t\t\t\t\t\t<\/span>\n\t\t\t\t\t\t\t\t\t\t\t\t<a class=\"elementor-accordion-title\" tabindex=\"0\"> Exp\u00e9dition<\/a>\n\t\t\t\t\t<\/div>\n\t\t\t\t\t<div id=\"elementor-tab-content-2622\" class=\"elementor-tab-content elementor-clearfix\" data-tab=\"2\" role=\"region\" aria-labelledby=\"elementor-tab-title-2622\"><p>La commande d&#039;\u00e9chantillon peut \u00eatre exp\u00e9di\u00e9e dans un d\u00e9lai de 3 \u00e0 7 jours\u00a0;<br \/>La production de commandes group\u00e9es ou de commandes personnalis\u00e9es prend 15 \u00e0 30 jours.<\/p><\/div>\n\t\t\t\t<\/div>\n\t\t\t\t\t\t\t\t<\/div>\n\t\t\t\t<\/div>\n\t\t\t\t<\/div>\n\t\t\t\t\t<\/div>\n\t\t<\/div>\n\t\t\t\t\t\t\t<\/div>\n\t\t<\/section>\n\t\t\t\t\t\t\t<\/div>","protected":false},"excerpt":{"rendered":"<p><strong>Model: BR-B4D<\/strong><\/p>\n<div class=\"DescriptionImg\">\n<div class=\"image-box\">\n<p><img decoding=\"async\" src=\"https:\/\/bailishaver.com\/wp-content\/uploads\/2024\/02\/Exquisite_Gift_Box_Icon.webp\" alt=\"Image1\" \/><\/p>\n<div class=\"caption\">Kit de rasage<\/div>\n<\/div>\n<div class=\"image-box\">\n<p><img decoding=\"async\" src=\"https:\/\/bailishaver.com\/wp-content\/uploads\/2023\/09\/Butterfly-Opening.png\" alt=\"Image2\" \/><\/p>\n<div class=\"caption\">TTO Safety Razor<\/div>\n<\/div>\n<div class=\"image-box\">\n<p><img decoding=\"async\" src=\"https:\/\/bailishaver.com\/wp-content\/uploads\/2023\/09\/Non-slip-Handle.png\" alt=\"Image3\" \/><\/p>\n<div class=\"caption\">Poign\u00e9e antid\u00e9rapante<\/div>\n<\/div>\n<\/div>","protected":false},"featured_media":232827,"comment_status":"open","ping_status":"closed","template":"","meta":[],"product_cat":[34,69],"product_tag":[],"yoast_head":"<!-- This site is optimized with the Yoast SEO plugin v21.4 - https:\/\/yoast.com\/wordpress\/plugins\/seo\/ -->\n<title>Upgrade Head TTO Safety Razor with 5 Blades Mens Shaving Kit - Guangzhou Weidi Technology Co.,Ltd<\/title>\n<meta name=\"description\" content=\"TTO menas twist to open, use a twist mechanism to open the top and change the blades. A convenient and portable shaving kit for mens.\" \/>\n<meta name=\"robots\" content=\"index, follow, max-snippet:-1, max-image-preview:large, max-video-preview:-1\" \/>\n<link rel=\"canonical\" href=\"https:\/\/www.bailishaver.com\/fr\/produit\/upgrade-head-tto-safety-razor-with-5-blades-mens-shaving-kit\/\" \/>\n<meta property=\"og:locale\" content=\"fr_FR\" \/>\n<meta property=\"og:type\" content=\"article\" \/>\n<meta property=\"og:title\" content=\"Upgrade Head TTO Safety Razor with 5 Blades Mens Shaving Kit - Guangzhou Weidi Technology Co.,Ltd\" \/>\n<meta property=\"og:description\" content=\"TTO menas twist to open, use a twist mechanism to open the top and change the blades. A convenient and portable shaving kit for mens.\" \/>\n<meta property=\"og:url\" content=\"https:\/\/www.bailishaver.com\/fr\/produit\/upgrade-head-tto-safety-razor-with-5-blades-mens-shaving-kit\/\" \/>\n<meta property=\"og:site_name\" content=\"Guangzhou Weidi Technology Co.,Ltd\" \/>\n<meta property=\"article:modified_time\" content=\"2024-07-08T06:41:39+00:00\" \/>\n<meta property=\"og:image\" content=\"https:\/\/www.bailishaver.com\/wp-content\/uploads\/2024\/07\/Upgrade_Head_TTO_Safety_Razor_with_5_Blades_Mens_Shaving_Kit_01.webp\" \/>\n\t<meta property=\"og:image:width\" content=\"1334\" \/>\n\t<meta property=\"og:image:height\" content=\"1334\" \/>\n\t<meta property=\"og:image:type\" content=\"image\/webp\" \/>\n<meta name=\"twitter:card\" content=\"summary_large_image\" \/>\n<script type=\"application\/ld+json\" class=\"yoast-schema-graph\">{\"@context\":\"https:\/\/schema.org\",\"@graph\":[{\"@type\":\"WebPage\",\"@id\":\"https:\/\/www.bailishaver.com\/product\/upgrade-head-tto-safety-razor-with-5-blades-mens-shaving-kit\/\",\"url\":\"https:\/\/www.bailishaver.com\/product\/upgrade-head-tto-safety-razor-with-5-blades-mens-shaving-kit\/\",\"name\":\"Upgrade Head TTO Safety Razor with 5 Blades Mens Shaving Kit - Guangzhou Weidi Technology Co.,Ltd\",\"isPartOf\":{\"@id\":\"https:\/\/www.bailishaver.com\/#website\"},\"datePublished\":\"2024-07-08T04:14:24+00:00\",\"dateModified\":\"2024-07-08T06:41:39+00:00\",\"description\":\"TTO menas twist to open, use a twist mechanism to open the top and change the blades. A convenient and portable shaving kit for mens.\",\"breadcrumb\":{\"@id\":\"https:\/\/www.bailishaver.com\/product\/upgrade-head-tto-safety-razor-with-5-blades-mens-shaving-kit\/#breadcrumb\"},\"inLanguage\":\"fr-FR\",\"potentialAction\":[{\"@type\":\"ReadAction\",\"target\":[\"https:\/\/www.bailishaver.com\/product\/upgrade-head-tto-safety-razor-with-5-blades-mens-shaving-kit\/\"]}]},{\"@type\":\"BreadcrumbList\",\"@id\":\"https:\/\/www.bailishaver.com\/product\/upgrade-head-tto-safety-razor-with-5-blades-mens-shaving-kit\/#breadcrumb\",\"itemListElement\":[{\"@type\":\"ListItem\",\"position\":1,\"name\":\"HOME\",\"item\":\"https:\/\/www.bailishaver.com\/\"},{\"@type\":\"ListItem\",\"position\":2,\"name\":\"Product\",\"item\":\"https:\/\/www.bailishaver.com\/product\/\"},{\"@type\":\"ListItem\",\"position\":3,\"name\":\"Upgrade Head TTO Safety Razor with 5 Blades Mens Shaving Kit\"}]},{\"@type\":\"WebSite\",\"@id\":\"https:\/\/www.bailishaver.com\/#website\",\"url\":\"https:\/\/www.bailishaver.com\/\",\"name\":\"Guangzhou Weidi Technology Co.,Ltd\",\"description\":\"system razors, lady razors, shaving kits, blade and refill, disposable razor, shaving , accessories, etc.\",\"potentialAction\":[{\"@type\":\"SearchAction\",\"target\":{\"@type\":\"EntryPoint\",\"urlTemplate\":\"https:\/\/www.bailishaver.com\/?s={search_term_string}\"},\"query-input\":\"required name=search_term_string\"}],\"inLanguage\":\"fr-FR\"}]}<\/script>\n<!-- \/ Yoast SEO plugin. -->","yoast_head_json":{"title":"Upgrade Head TTO Safety Razor with 5 Blades Mens Shaving Kit - Guangzhou Weidi Technology Co.,Ltd","description":"TTO menas twist to open, use a twist mechanism to open the top and change the blades. A convenient and portable shaving kit for mens.","robots":{"index":"index","follow":"follow","max-snippet":"max-snippet:-1","max-image-preview":"max-image-preview:large","max-video-preview":"max-video-preview:-1"},"canonical":"https:\/\/www.bailishaver.com\/fr\/produit\/upgrade-head-tto-safety-razor-with-5-blades-mens-shaving-kit\/","og_locale":"fr_FR","og_type":"article","og_title":"Upgrade Head TTO Safety Razor with 5 Blades Mens Shaving Kit - Guangzhou Weidi Technology Co.,Ltd","og_description":"TTO menas twist to open, use a twist mechanism to open the top and change the blades. A convenient and portable shaving kit for mens.","og_url":"https:\/\/www.bailishaver.com\/fr\/produit\/upgrade-head-tto-safety-razor-with-5-blades-mens-shaving-kit\/","og_site_name":"Guangzhou Weidi Technology Co.,Ltd","article_modified_time":"2024-07-08T06:41:39+00:00","og_image":[{"width":1334,"height":1334,"url":"https:\/\/www.bailishaver.com\/wp-content\/uploads\/2024\/07\/Upgrade_Head_TTO_Safety_Razor_with_5_Blades_Mens_Shaving_Kit_01.webp","type":"image\/webp"}],"twitter_card":"summary_large_image","schema":{"@context":"https:\/\/schema.org","@graph":[{"@type":"WebPage","@id":"https:\/\/www.bailishaver.com\/product\/upgrade-head-tto-safety-razor-with-5-blades-mens-shaving-kit\/","url":"https:\/\/www.bailishaver.com\/product\/upgrade-head-tto-safety-razor-with-5-blades-mens-shaving-kit\/","name":"Upgrade Head TTO Safety Razor with 5 Blades Mens Shaving Kit - Guangzhou Weidi Technology Co.,Ltd","isPartOf":{"@id":"https:\/\/www.bailishaver.com\/#website"},"datePublished":"2024-07-08T04:14:24+00:00","dateModified":"2024-07-08T06:41:39+00:00","description":"TTO menas twist to open, use a twist mechanism to open the top and change the blades. A convenient and portable shaving kit for mens.","breadcrumb":{"@id":"https:\/\/www.bailishaver.com\/product\/upgrade-head-tto-safety-razor-with-5-blades-mens-shaving-kit\/#breadcrumb"},"inLanguage":"fr-FR","potentialAction":[{"@type":"ReadAction","target":["https:\/\/www.bailishaver.com\/product\/upgrade-head-tto-safety-razor-with-5-blades-mens-shaving-kit\/"]}]},{"@type":"BreadcrumbList","@id":"https:\/\/www.bailishaver.com\/product\/upgrade-head-tto-safety-razor-with-5-blades-mens-shaving-kit\/#breadcrumb","itemListElement":[{"@type":"ListItem","position":1,"name":"HOME","item":"https:\/\/www.bailishaver.com\/"},{"@type":"ListItem","position":2,"name":"Product","item":"https:\/\/www.bailishaver.com\/product\/"},{"@type":"ListItem","position":3,"name":"Upgrade Head TTO Safety Razor with 5 Blades Mens Shaving Kit"}]},{"@type":"WebSite","@id":"https:\/\/www.bailishaver.com\/#website","url":"https:\/\/www.bailishaver.com\/","name":"Guangzhou Weidi Technology Co.,Ltd","description":"system razors, lady razors, shaving kits, blade and refill, disposable razor, shaving , accessories, etc.","potentialAction":[{"@type":"SearchAction","target":{"@type":"EntryPoint","urlTemplate":"https:\/\/www.bailishaver.com\/?s={search_term_string}"},"query-input":"required name=search_term_string"}],"inLanguage":"fr-FR"}]}},"_links":{"self":[{"href":"https:\/\/www.bailishaver.com\/fr\/wp-json\/wp\/v2\/product\/232820"}],"collection":[{"href":"https:\/\/www.bailishaver.com\/fr\/wp-json\/wp\/v2\/product"}],"about":[{"href":"https:\/\/www.bailishaver.com\/fr\/wp-json\/wp\/v2\/types\/product"}],"replies":[{"embeddable":true,"href":"https:\/\/www.bailishaver.com\/fr\/wp-json\/wp\/v2\/comments?post=232820"}],"version-history":[{"count":4,"href":"https:\/\/www.bailishaver.com\/fr\/wp-json\/wp\/v2\/product\/232820\/revisions"}],"predecessor-version":[{"id":232834,"href":"https:\/\/www.bailishaver.com\/fr\/wp-json\/wp\/v2\/product\/232820\/revisions\/232834"}],"wp:featuredmedia":[{"embeddable":true,"href":"https:\/\/www.bailishaver.com\/fr\/wp-json\/wp\/v2\/media\/232827"}],"wp:attachment":[{"href":"https:\/\/www.bailishaver.com\/fr\/wp-json\/wp\/v2\/media?parent=232820"}],"wp:term":[{"taxonomy":"product_cat","embeddable":true,"href":"https:\/\/www.bailishaver.com\/fr\/wp-json\/wp\/v2\/product_cat?post=232820"},{"taxonomy":"product_tag","embeddable":true,"href":"https:\/\/www.bailishaver.com\/fr\/wp-json\/wp\/v2\/product_tag?post=232820"}],"curies":[{"name":"wp","href":"https:\/\/api.w.org\/{rel}","templated":true}]}}