{"id":232653,"date":"2024-06-20T14:34:15","date_gmt":"2024-06-20T06:34:15","guid":{"rendered":"https:\/\/bailishaver.com\/?post_type=product&#038;p=232653"},"modified":"2024-07-05T12:02:26","modified_gmt":"2024-07-05T04:02:26","slug":"double-lubrastrip-zinc-alloy-5-blade-razors-men-with-trimmer","status":"publish","type":"product","link":"https:\/\/www.bailishaver.com\/fr\/produit\/double-lubrastrip-zinc-alloy-5-blade-razors-men-with-trimmer\/","title":{"rendered":"Double Lubrastrip Zinc Alloy 5 Blade Razors Men with Trimmer"},"content":{"rendered":"<div data-elementor-type=\"product-post\" data-elementor-id=\"232653\" class=\"elementor elementor-232653\" data-elementor-post-type=\"product\">\n\t\t\t\t\t\t\t\t\t<section class=\"wd-negative-gap elementor-section elementor-top-section elementor-element elementor-element-7276070b elementor-section-content-middle elementor-section-boxed elementor-section-height-default elementor-section-height-default wd-section-disabled\" data-id=\"7276070b\" data-element_type=\"section\">\n\t\t\t\t\t\t<div class=\"elementor-container elementor-column-gap-default\">\n\t\t\t\t\t<div class=\"elementor-column elementor-col-50 elementor-top-column elementor-element elementor-element-22d64026\" data-id=\"22d64026\" data-element_type=\"column\">\n\t\t\t<div class=\"elementor-widget-wrap elementor-element-populated\">\n\t\t\t\t\t\t\t\t<div class=\"elementor-element elementor-element-674c28e3 elementor-widget elementor-widget-wd_text_block\" data-id=\"674c28e3\" data-element_type=\"widget\" data-widget_type=\"wd_text_block.default\">\n\t\t\t\t<div class=\"elementor-widget-container\">\n\t\t\t\t\t<div class=\"wd-text-block reset-last-child text-left color-title\">\n\t\t\t\n\t\t\t<p>Mod\u00e8le : DB501<\/p><p>Razor Head: 5 Blade Razor Head for Men<\/p><p>Taille du manche du rasoir\u00a0: 19 \u00d7 18,4 \u00d7 129,6\u00a0mm<\/p><p>Razor Handle Weight: 53.1g<\/p><p>Material: Zinc Alloy+ABS+TPE+Stainless Steel<\/p><p>Features: Double Moisturizing Aloe Vera Strip; Trimmer Blade; Washable; Reusable; Waterproof; Rustproof<\/p>\n\t\t\t\t\t<\/div>\n\t\t\t\t<\/div>\n\t\t\t\t<\/div>\n\t\t\t\t\t<\/div>\n\t\t<\/div>\n\t\t\t\t<div class=\"elementor-column elementor-col-50 elementor-top-column elementor-element elementor-element-73250d3b\" data-id=\"73250d3b\" data-element_type=\"column\">\n\t\t\t<div class=\"elementor-widget-wrap elementor-element-populated\">\n\t\t\t\t\t\t\t\t<div class=\"elementor-element elementor-element-1a627349 elementor-widget elementor-widget-wd_image_or_svg\" data-id=\"1a627349\" data-element_type=\"widget\" data-widget_type=\"wd_image_or_svg.default\">\n\t\t\t\t<div class=\"elementor-widget-container\">\n\t\t\t\n\t\t<div class=\"wd-image text-left\">\n\t\t\t\t\t\t\t\t<img fetchpriority=\"high\" decoding=\"async\" width=\"800\" height=\"800\" src=\"https:\/\/www.bailishaver.com\/wp-content\/uploads\/2024\/06\/Double_Lubrastrip_Zinc_Alloy_5_Blade_Razors_Men_with_Trimmer_details_01.webp\" class=\"attachment-full size-full wp-image-232665\" alt=\"\" srcset=\"https:\/\/www.bailishaver.com\/wp-content\/uploads\/2024\/06\/Double_Lubrastrip_Zinc_Alloy_5_Blade_Razors_Men_with_Trimmer_details_01.webp 800w, https:\/\/www.bailishaver.com\/wp-content\/uploads\/2024\/06\/Double_Lubrastrip_Zinc_Alloy_5_Blade_Razors_Men_with_Trimmer_details_01-300x300.webp 300w, https:\/\/www.bailishaver.com\/wp-content\/uploads\/2024\/06\/Double_Lubrastrip_Zinc_Alloy_5_Blade_Razors_Men_with_Trimmer_details_01-150x150.webp 150w, https:\/\/www.bailishaver.com\/wp-content\/uploads\/2024\/06\/Double_Lubrastrip_Zinc_Alloy_5_Blade_Razors_Men_with_Trimmer_details_01-768x768.webp 768w, https:\/\/www.bailishaver.com\/wp-content\/uploads\/2024\/06\/Double_Lubrastrip_Zinc_Alloy_5_Blade_Razors_Men_with_Trimmer_details_01-12x12.webp 12w\" sizes=\"(max-width: 800px) 100vw, 800px\" \/>\t\t\t\t\t<\/div>\n\n\t\t\t\t<\/div>\n\t\t\t\t<\/div>\n\t\t\t\t\t<\/div>\n\t\t<\/div>\n\t\t\t\t\t\t\t<\/div>\n\t\t<\/section>\n\t\t\t\t<section class=\"wd-negative-gap elementor-section elementor-top-section elementor-element elementor-element-1cef2368 elementor-section-content-middle elementor-section-boxed elementor-section-height-default elementor-section-height-default wd-section-disabled\" data-id=\"1cef2368\" data-element_type=\"section\">\n\t\t\t\t\t\t<div class=\"elementor-container elementor-column-gap-default\">\n\t\t\t\t\t<div class=\"elementor-column elementor-col-50 elementor-top-column elementor-element elementor-element-3b7e6f38\" data-id=\"3b7e6f38\" data-element_type=\"column\">\n\t\t\t<div class=\"elementor-widget-wrap elementor-element-populated\">\n\t\t\t\t\t\t\t\t<div class=\"elementor-element elementor-element-f6245b2 elementor-hidden-desktop elementor-hidden-tablet elementor-widget elementor-widget-wd_text_block\" data-id=\"f6245b2\" data-element_type=\"widget\" data-widget_type=\"wd_text_block.default\">\n\t\t\t\t<div class=\"elementor-widget-container\">\n\t\t\t\t\t<div class=\"wd-text-block reset-last-child text-left color-title\">\n\t\t\t\n\t\t\t<p><b>Non-Slip Handle for Enhanced Control<\/b><\/p><p>Crafted with a blend of rubber and zinc alloy, our ergonomically designed handle offers a superior textured grip. The all-round, multi-angle flexible tactile non-slip treatment ensures you have complete control, making your shaving routine effortless and precise;<\/p><p><b>Easily Replace Razor Heads<\/b><\/p><p>One-key replacement of the razor head,fits Baili Regal zinc alloy handle.<\/p>\n\t\t\t\t\t<\/div>\n\t\t\t\t<\/div>\n\t\t\t\t<\/div>\n\t\t\t\t<div class=\"elementor-element elementor-element-76062635 elementor-widget elementor-widget-wd_image_or_svg\" data-id=\"76062635\" data-element_type=\"widget\" data-widget_type=\"wd_image_or_svg.default\">\n\t\t\t\t<div class=\"elementor-widget-container\">\n\t\t\t\n\t\t<div class=\"wd-image text-left\">\n\t\t\t\t\t\t\t\t<img decoding=\"async\" src=\"https:\/\/www.bailishaver.com\/wp-content\/uploads\/elementor\/thumbs\/Double_Lubrastrip_Zinc_Alloy_5_Blade_Razors_Men_with_Trimmer_details_02-qpxe1bq8kpmhy30zo03hw9f8v7a565qk09v5nb3fb4.webp\" title=\"Double_Lubrastrip_Zinc_Alloy_5_Blade_Razors_Men_with_Trimmer_details_02\" alt=\"Double_Lubrastrip_Zinc_Alloy_5_Blade_Razors_Men_with_Trimmer_details_02\" loading=\"lazy\" \/>\t\t\t\t\t<\/div>\n\n\t\t\t\t<\/div>\n\t\t\t\t<\/div>\n\t\t\t\t\t<\/div>\n\t\t<\/div>\n\t\t\t\t<div class=\"elementor-column elementor-col-50 elementor-top-column elementor-element elementor-element-ac389ce\" data-id=\"ac389ce\" data-element_type=\"column\">\n\t\t\t<div class=\"elementor-widget-wrap elementor-element-populated\">\n\t\t\t\t\t\t\t\t<div class=\"elementor-element elementor-element-3eb6efa1 elementor-hidden-mobile elementor-widget elementor-widget-wd_text_block\" data-id=\"3eb6efa1\" data-element_type=\"widget\" data-widget_type=\"wd_text_block.default\">\n\t\t\t\t<div class=\"elementor-widget-container\">\n\t\t\t\t\t<div class=\"wd-text-block reset-last-child text-left color-title\">\n\t\t\t\n\t\t\t<p><b>Non-Slip Handle for Enhanced Control<\/b><\/p><p>Crafted with a blend of rubber and zinc alloy, our ergonomically designed handle offers a superior textured grip. The all-round, multi-angle flexible tactile non-slip treatment ensures you have complete control, making your shaving routine effortless and precise;<\/p><p><b>Easily Replace Razor Heads<\/b><\/p><p>One-key replacement of the razor head,fits Baili Regal zinc alloy handle.<\/p>\n\t\t\t\t\t<\/div>\n\t\t\t\t<\/div>\n\t\t\t\t<\/div>\n\t\t\t\t\t<\/div>\n\t\t<\/div>\n\t\t\t\t\t\t\t<\/div>\n\t\t<\/section>\n\t\t\t\t<section class=\"wd-negative-gap elementor-section elementor-top-section elementor-element elementor-element-64d9f8bf elementor-section-content-middle elementor-section-boxed elementor-section-height-default elementor-section-height-default wd-section-disabled\" data-id=\"64d9f8bf\" data-element_type=\"section\">\n\t\t\t\t\t\t<div class=\"elementor-container elementor-column-gap-default\">\n\t\t\t\t\t<div class=\"elementor-column elementor-col-50 elementor-top-column elementor-element elementor-element-5b5892ff\" data-id=\"5b5892ff\" data-element_type=\"column\">\n\t\t\t<div class=\"elementor-widget-wrap elementor-element-populated\">\n\t\t\t\t\t\t\t\t<div class=\"elementor-element elementor-element-799fb693 elementor-widget elementor-widget-wd_text_block\" data-id=\"799fb693\" data-element_type=\"widget\" data-widget_type=\"wd_text_block.default\">\n\t\t\t\t<div class=\"elementor-widget-container\">\n\t\t\t\t\t<div class=\"wd-text-block reset-last-child text-left color-title\">\n\t\t\t\n\t\t\t<p><b>5 Razor Blades for Men<\/b><\/p><p>5 razor blades for ultimate precision. Baili razor features 5 imported men blades that adjust seamlessly to your skin for an incredibly close shave;<\/p><p><b>Lame de coupe<\/b><\/p><p>A precision trimmer on the back of the cartridge details for hard-to-reach areas such as sideburns, under the nose, or around the neck; ensuring a precise and thorough grooming experience<\/p><p><b>Double Lubrastrip<\/b><\/p><p>A soothing blend of aloe vera, argan oil, and avocado oil helps the blades glide effortlessly while moisturizing the skin to effectively reduce irritation;<\/p><p><b>Elastic Blades<\/b><\/p><p>Our blades are elastic, curved, slim, and flexible, engineered for a close, comfortable shave.<\/p>\n\t\t\t\t\t<\/div>\n\t\t\t\t<\/div>\n\t\t\t\t<\/div>\n\t\t\t\t\t<\/div>\n\t\t<\/div>\n\t\t\t\t<div class=\"elementor-column elementor-col-50 elementor-top-column elementor-element elementor-element-3f72b81b\" data-id=\"3f72b81b\" data-element_type=\"column\">\n\t\t\t<div class=\"elementor-widget-wrap elementor-element-populated\">\n\t\t\t\t\t\t\t\t<div class=\"elementor-element elementor-element-309ca99f elementor-widget elementor-widget-wd_image_or_svg\" data-id=\"309ca99f\" data-element_type=\"widget\" data-widget_type=\"wd_image_or_svg.default\">\n\t\t\t\t<div class=\"elementor-widget-container\">\n\t\t\t\n\t\t<div class=\"wd-image text-left\">\n\t\t\t\t\t\t\t\t<img decoding=\"async\" width=\"500\" height=\"500\" src=\"https:\/\/www.bailishaver.com\/wp-content\/uploads\/2024\/06\/Double_Lubrastrip_Zinc_Alloy_5_Blade_Razors_Men_with_Trimmer_details_03.webp\" class=\"attachment-full size-full wp-image-232658\" alt=\"\" srcset=\"https:\/\/www.bailishaver.com\/wp-content\/uploads\/2024\/06\/Double_Lubrastrip_Zinc_Alloy_5_Blade_Razors_Men_with_Trimmer_details_03.webp 500w, https:\/\/www.bailishaver.com\/wp-content\/uploads\/2024\/06\/Double_Lubrastrip_Zinc_Alloy_5_Blade_Razors_Men_with_Trimmer_details_03-300x300.webp 300w, https:\/\/www.bailishaver.com\/wp-content\/uploads\/2024\/06\/Double_Lubrastrip_Zinc_Alloy_5_Blade_Razors_Men_with_Trimmer_details_03-150x150.webp 150w, https:\/\/www.bailishaver.com\/wp-content\/uploads\/2024\/06\/Double_Lubrastrip_Zinc_Alloy_5_Blade_Razors_Men_with_Trimmer_details_03-12x12.webp 12w\" sizes=\"(max-width: 500px) 100vw, 500px\" \/>\t\t\t\t\t<\/div>\n\n\t\t\t\t<\/div>\n\t\t\t\t<\/div>\n\t\t\t\t\t<\/div>\n\t\t<\/div>\n\t\t\t\t\t\t\t<\/div>\n\t\t<\/section>\n\t\t\t\t<section class=\"wd-negative-gap elementor-section elementor-top-section elementor-element elementor-element-2f404f3b elementor-section-boxed elementor-section-height-default elementor-section-height-default wd-section-disabled\" data-id=\"2f404f3b\" data-element_type=\"section\">\n\t\t\t\t\t\t<div class=\"elementor-container elementor-column-gap-default\">\n\t\t\t\t\t<div class=\"elementor-column elementor-col-100 elementor-top-column elementor-element elementor-element-4d5b72a5\" data-id=\"4d5b72a5\" data-element_type=\"column\">\n\t\t\t<div class=\"elementor-widget-wrap elementor-element-populated\">\n\t\t\t\t\t\t\t\t<div class=\"elementor-element elementor-element-64630af elementor-widget elementor-widget-accordion\" data-id=\"64630af\" data-element_type=\"widget\" data-widget_type=\"accordion.default\">\n\t\t\t\t<div class=\"elementor-widget-container\">\n\t\t\t<style>\/*! elementor - v3.18.0 - 20-12-2023 *\/\n.elementor-accordion{text-align:left}.elementor-accordion .elementor-accordion-item{border:1px solid #d5d8dc}.elementor-accordion .elementor-accordion-item+.elementor-accordion-item{border-top:none}.elementor-accordion .elementor-tab-title{margin:0;padding:15px 20px;font-weight:700;line-height:1;cursor:pointer;outline:none}.elementor-accordion .elementor-tab-title .elementor-accordion-icon{display:inline-block;width:1.5em}.elementor-accordion .elementor-tab-title .elementor-accordion-icon svg{width:1em;height:1em}.elementor-accordion .elementor-tab-title .elementor-accordion-icon.elementor-accordion-icon-right{float:right;text-align:right}.elementor-accordion .elementor-tab-title .elementor-accordion-icon.elementor-accordion-icon-left{float:left;text-align:left}.elementor-accordion .elementor-tab-title .elementor-accordion-icon .elementor-accordion-icon-closed{display:block}.elementor-accordion .elementor-tab-title .elementor-accordion-icon .elementor-accordion-icon-opened,.elementor-accordion .elementor-tab-title.elementor-active .elementor-accordion-icon-closed{display:none}.elementor-accordion .elementor-tab-title.elementor-active .elementor-accordion-icon-opened{display:block}.elementor-accordion .elementor-tab-content{display:none;padding:15px 20px;border-top:1px solid #d5d8dc}@media (max-width:767px){.elementor-accordion .elementor-tab-title{padding:12px 15px}.elementor-accordion .elementor-tab-title .elementor-accordion-icon{width:1.2em}.elementor-accordion .elementor-tab-content{padding:7px 15px}}.e-con-inner>.elementor-widget-accordion,.e-con>.elementor-widget-accordion{width:var(--container-widget-width);--flex-grow:var(--container-widget-flex-grow)}<\/style>\t\t<div class=\"elementor-accordion\">\n\t\t\t\t\t\t\t<div class=\"elementor-accordion-item\">\n\t\t\t\t\t<div id=\"elementor-tab-title-1051\" class=\"elementor-tab-title\" data-tab=\"1\" role=\"button\" aria-controls=\"elementor-tab-content-1051\" aria-expanded=\"false\">\n\t\t\t\t\t\t\t\t\t\t\t\t\t<span class=\"elementor-accordion-icon elementor-accordion-icon-left\" aria-hidden=\"true\">\n\t\t\t\t\t\t\t\t\t\t\t\t\t\t\t<span class=\"elementor-accordion-icon-closed\"><i class=\"fas fa-caret-down\"><\/i><\/span>\n\t\t\t\t\t\t\t\t<span class=\"elementor-accordion-icon-opened\"><i class=\"fas fa-caret-up\"><\/i><\/span>\n\t\t\t\t\t\t\t\t\t\t\t\t\t\t<\/span>\n\t\t\t\t\t\t\t\t\t\t\t\t<a class=\"elementor-accordion-title\" tabindex=\"0\">Emballer<\/a>\n\t\t\t\t\t<\/div>\n\t\t\t\t\t<div id=\"elementor-tab-content-1051\" class=\"elementor-tab-content elementor-clearfix\" data-tab=\"1\" role=\"region\" aria-labelledby=\"elementor-tab-title-1051\"><table><tbody><tr><td>Produit<\/td><td>Pi\u00e8ces<\/td><td>Emballer<\/td><td>Taille<\/td><td>Poids brut<\/td><\/tr><tr><td rowspan=\"2\">DB501<\/td><td class=\"et4\">1<\/td><td class=\"et4\">Sac d&#039;opp<\/td><td class=\"et4\">19\u00d718.4\u00d7129.6mm<\/td><td class=\"et4\">53.1g<\/td><\/tr><tr><td>250<\/td><td>Carton<\/td><td>310\u00d7240\u00d7200mm<\/td><td>13,7 kg<\/td><\/tr><\/tbody><\/table><\/div>\n\t\t\t\t<\/div>\n\t\t\t\t\t\t\t<div class=\"elementor-accordion-item\">\n\t\t\t\t\t<div id=\"elementor-tab-title-1052\" class=\"elementor-tab-title\" data-tab=\"2\" role=\"button\" aria-controls=\"elementor-tab-content-1052\" aria-expanded=\"false\">\n\t\t\t\t\t\t\t\t\t\t\t\t\t<span class=\"elementor-accordion-icon elementor-accordion-icon-left\" aria-hidden=\"true\">\n\t\t\t\t\t\t\t\t\t\t\t\t\t\t\t<span class=\"elementor-accordion-icon-closed\"><i class=\"fas fa-caret-down\"><\/i><\/span>\n\t\t\t\t\t\t\t\t<span class=\"elementor-accordion-icon-opened\"><i class=\"fas fa-caret-up\"><\/i><\/span>\n\t\t\t\t\t\t\t\t\t\t\t\t\t\t<\/span>\n\t\t\t\t\t\t\t\t\t\t\t\t<a class=\"elementor-accordion-title\" tabindex=\"0\"> Exp\u00e9dition<\/a>\n\t\t\t\t\t<\/div>\n\t\t\t\t\t<div id=\"elementor-tab-content-1052\" class=\"elementor-tab-content elementor-clearfix\" data-tab=\"2\" role=\"region\" aria-labelledby=\"elementor-tab-title-1052\">La commande d&#039;\u00e9chantillon peut \u00eatre exp\u00e9di\u00e9e dans un d\u00e9lai de 3 \u00e0 7 jours\u00a0;<br>\nLa production de commandes group\u00e9es ou de commandes personnalis\u00e9es prend 15 \u00e0 30 jours.<\/div>\n\t\t\t\t<\/div>\n\t\t\t\t\t\t\t\t<\/div>\n\t\t\t\t<\/div>\n\t\t\t\t<\/div>\n\t\t\t\t\t<\/div>\n\t\t<\/div>\n\t\t\t\t\t\t\t<\/div>\n\t\t<\/section>\n\t\t\t\t\t\t\t<\/div>","protected":false},"excerpt":{"rendered":"<p><strong>Model: : DB501<\/strong><\/p>\n<div class=\"DescriptionImg\">\n<div class=\"image-box\">\n<p><img decoding=\"async\" src=\"https:\/\/bailishaver.com\/wp-content\/uploads\/2024\/02\/Zinc_Alloy_Handle_Icon.webp\" alt=\"Image1\" \/><\/p>\n<div class=\"caption\">Poign\u00e9e en alliage de zinc<\/div>\n<\/div>\n<div class=\"image-box\">\n<p><img decoding=\"async\" src=\"https:\/\/bailishaver.com\/wp-content\/uploads\/2023\/11\/Double_Aloe_Vera_Strip.webp\" alt=\"Image2\" \/><\/p>\n<div class=\"caption\">Double Lubrastrip<\/div>\n<\/div>\n<div class=\"image-box\">\n<p><img decoding=\"async\" src=\"https:\/\/bailishaver.com\/wp-content\/uploads\/2023\/09\/5-layer-Blades.png\" alt=\"Image3\" \/><\/p>\n<div class=\"caption\">5 blade razors men<\/div>\n<\/div>\n<\/div>","protected":false},"featured_media":232659,"comment_status":"open","ping_status":"closed","template":"","meta":[],"product_cat":[32],"product_tag":[],"yoast_head":"<!-- This site is optimized with the Yoast SEO plugin v21.4 - https:\/\/yoast.com\/wordpress\/plugins\/seo\/ -->\n<title>Double Lubrastrip Zinc Alloy 5 Blade Razors Men with Trimmer - Guangzhou Weidi Technology Co.,Ltd<\/title>\n<meta name=\"description\" content=\"5 blade razors for men with trimmer blade, double moisturizing aloe vera strips for comfortable shave for men, non-slip zinc alloy handle.\" \/>\n<meta name=\"robots\" content=\"index, follow, max-snippet:-1, max-image-preview:large, max-video-preview:-1\" \/>\n<link rel=\"canonical\" href=\"https:\/\/www.bailishaver.com\/fr\/produit\/double-lubrastrip-zinc-alloy-5-blade-razors-men-with-trimmer\/\" \/>\n<meta property=\"og:locale\" content=\"fr_FR\" \/>\n<meta property=\"og:type\" content=\"article\" \/>\n<meta property=\"og:title\" content=\"Double Lubrastrip Zinc Alloy 5 Blade Razors Men with Trimmer - Guangzhou Weidi Technology Co.,Ltd\" \/>\n<meta property=\"og:description\" content=\"5 blade razors for men with trimmer blade, double moisturizing aloe vera strips for comfortable shave for men, non-slip zinc alloy handle.\" \/>\n<meta property=\"og:url\" content=\"https:\/\/www.bailishaver.com\/fr\/produit\/double-lubrastrip-zinc-alloy-5-blade-razors-men-with-trimmer\/\" \/>\n<meta property=\"og:site_name\" content=\"Guangzhou Weidi Technology Co.,Ltd\" \/>\n<meta property=\"article:modified_time\" content=\"2024-07-05T04:02:26+00:00\" \/>\n<meta property=\"og:image\" content=\"https:\/\/www.bailishaver.com\/wp-content\/uploads\/2024\/06\/Double_Lubrastrip_Zinc_Alloy_5_Blade_Razors_Men_with_Trimmer_01.webp\" \/>\n\t<meta property=\"og:image:width\" content=\"800\" \/>\n\t<meta property=\"og:image:height\" content=\"800\" \/>\n\t<meta property=\"og:image:type\" content=\"image\/webp\" \/>\n<meta name=\"twitter:card\" content=\"summary_large_image\" \/>\n<script type=\"application\/ld+json\" class=\"yoast-schema-graph\">{\"@context\":\"https:\/\/schema.org\",\"@graph\":[{\"@type\":\"WebPage\",\"@id\":\"https:\/\/www.bailishaver.com\/product\/double-lubrastrip-zinc-alloy-5-blade-razors-men-with-trimmer\/\",\"url\":\"https:\/\/www.bailishaver.com\/product\/double-lubrastrip-zinc-alloy-5-blade-razors-men-with-trimmer\/\",\"name\":\"Double Lubrastrip Zinc Alloy 5 Blade Razors Men with Trimmer - Guangzhou Weidi Technology Co.,Ltd\",\"isPartOf\":{\"@id\":\"https:\/\/www.bailishaver.com\/#website\"},\"datePublished\":\"2024-06-20T06:34:15+00:00\",\"dateModified\":\"2024-07-05T04:02:26+00:00\",\"description\":\"5 blade razors for men with trimmer blade, double moisturizing aloe vera strips for comfortable shave for men, non-slip zinc alloy handle.\",\"breadcrumb\":{\"@id\":\"https:\/\/www.bailishaver.com\/product\/double-lubrastrip-zinc-alloy-5-blade-razors-men-with-trimmer\/#breadcrumb\"},\"inLanguage\":\"fr-FR\",\"potentialAction\":[{\"@type\":\"ReadAction\",\"target\":[\"https:\/\/www.bailishaver.com\/product\/double-lubrastrip-zinc-alloy-5-blade-razors-men-with-trimmer\/\"]}]},{\"@type\":\"BreadcrumbList\",\"@id\":\"https:\/\/www.bailishaver.com\/product\/double-lubrastrip-zinc-alloy-5-blade-razors-men-with-trimmer\/#breadcrumb\",\"itemListElement\":[{\"@type\":\"ListItem\",\"position\":1,\"name\":\"HOME\",\"item\":\"https:\/\/www.bailishaver.com\/\"},{\"@type\":\"ListItem\",\"position\":2,\"name\":\"Product\",\"item\":\"https:\/\/www.bailishaver.com\/product\/\"},{\"@type\":\"ListItem\",\"position\":3,\"name\":\"Double Lubrastrip Zinc Alloy 5 Blade Razors Men with Trimmer\"}]},{\"@type\":\"WebSite\",\"@id\":\"https:\/\/www.bailishaver.com\/#website\",\"url\":\"https:\/\/www.bailishaver.com\/\",\"name\":\"Guangzhou Weidi Technology Co.,Ltd\",\"description\":\"system razors, lady razors, shaving kits, blade and refill, disposable razor, shaving , accessories, etc.\",\"potentialAction\":[{\"@type\":\"SearchAction\",\"target\":{\"@type\":\"EntryPoint\",\"urlTemplate\":\"https:\/\/www.bailishaver.com\/?s={search_term_string}\"},\"query-input\":\"required name=search_term_string\"}],\"inLanguage\":\"fr-FR\"}]}<\/script>\n<!-- \/ Yoast SEO plugin. -->","yoast_head_json":{"title":"Double Lubrastrip Zinc Alloy 5 Blade Razors Men with Trimmer - Guangzhou Weidi Technology Co.,Ltd","description":"5 blade razors for men with trimmer blade, double moisturizing aloe vera strips for comfortable shave for men, non-slip zinc alloy handle.","robots":{"index":"index","follow":"follow","max-snippet":"max-snippet:-1","max-image-preview":"max-image-preview:large","max-video-preview":"max-video-preview:-1"},"canonical":"https:\/\/www.bailishaver.com\/fr\/produit\/double-lubrastrip-zinc-alloy-5-blade-razors-men-with-trimmer\/","og_locale":"fr_FR","og_type":"article","og_title":"Double Lubrastrip Zinc Alloy 5 Blade Razors Men with Trimmer - Guangzhou Weidi Technology Co.,Ltd","og_description":"5 blade razors for men with trimmer blade, double moisturizing aloe vera strips for comfortable shave for men, non-slip zinc alloy handle.","og_url":"https:\/\/www.bailishaver.com\/fr\/produit\/double-lubrastrip-zinc-alloy-5-blade-razors-men-with-trimmer\/","og_site_name":"Guangzhou Weidi Technology Co.,Ltd","article_modified_time":"2024-07-05T04:02:26+00:00","og_image":[{"width":800,"height":800,"url":"https:\/\/www.bailishaver.com\/wp-content\/uploads\/2024\/06\/Double_Lubrastrip_Zinc_Alloy_5_Blade_Razors_Men_with_Trimmer_01.webp","type":"image\/webp"}],"twitter_card":"summary_large_image","schema":{"@context":"https:\/\/schema.org","@graph":[{"@type":"WebPage","@id":"https:\/\/www.bailishaver.com\/product\/double-lubrastrip-zinc-alloy-5-blade-razors-men-with-trimmer\/","url":"https:\/\/www.bailishaver.com\/product\/double-lubrastrip-zinc-alloy-5-blade-razors-men-with-trimmer\/","name":"Double Lubrastrip Zinc Alloy 5 Blade Razors Men with Trimmer - Guangzhou Weidi Technology Co.,Ltd","isPartOf":{"@id":"https:\/\/www.bailishaver.com\/#website"},"datePublished":"2024-06-20T06:34:15+00:00","dateModified":"2024-07-05T04:02:26+00:00","description":"5 blade razors for men with trimmer blade, double moisturizing aloe vera strips for comfortable shave for men, non-slip zinc alloy handle.","breadcrumb":{"@id":"https:\/\/www.bailishaver.com\/product\/double-lubrastrip-zinc-alloy-5-blade-razors-men-with-trimmer\/#breadcrumb"},"inLanguage":"fr-FR","potentialAction":[{"@type":"ReadAction","target":["https:\/\/www.bailishaver.com\/product\/double-lubrastrip-zinc-alloy-5-blade-razors-men-with-trimmer\/"]}]},{"@type":"BreadcrumbList","@id":"https:\/\/www.bailishaver.com\/product\/double-lubrastrip-zinc-alloy-5-blade-razors-men-with-trimmer\/#breadcrumb","itemListElement":[{"@type":"ListItem","position":1,"name":"HOME","item":"https:\/\/www.bailishaver.com\/"},{"@type":"ListItem","position":2,"name":"Product","item":"https:\/\/www.bailishaver.com\/product\/"},{"@type":"ListItem","position":3,"name":"Double Lubrastrip Zinc Alloy 5 Blade Razors Men with Trimmer"}]},{"@type":"WebSite","@id":"https:\/\/www.bailishaver.com\/#website","url":"https:\/\/www.bailishaver.com\/","name":"Guangzhou Weidi Technology Co.,Ltd","description":"system razors, lady razors, shaving kits, blade and refill, disposable razor, shaving , accessories, etc.","potentialAction":[{"@type":"SearchAction","target":{"@type":"EntryPoint","urlTemplate":"https:\/\/www.bailishaver.com\/?s={search_term_string}"},"query-input":"required name=search_term_string"}],"inLanguage":"fr-FR"}]}},"_links":{"self":[{"href":"https:\/\/www.bailishaver.com\/fr\/wp-json\/wp\/v2\/product\/232653"}],"collection":[{"href":"https:\/\/www.bailishaver.com\/fr\/wp-json\/wp\/v2\/product"}],"about":[{"href":"https:\/\/www.bailishaver.com\/fr\/wp-json\/wp\/v2\/types\/product"}],"replies":[{"embeddable":true,"href":"https:\/\/www.bailishaver.com\/fr\/wp-json\/wp\/v2\/comments?post=232653"}],"version-history":[{"count":9,"href":"https:\/\/www.bailishaver.com\/fr\/wp-json\/wp\/v2\/product\/232653\/revisions"}],"predecessor-version":[{"id":232807,"href":"https:\/\/www.bailishaver.com\/fr\/wp-json\/wp\/v2\/product\/232653\/revisions\/232807"}],"wp:featuredmedia":[{"embeddable":true,"href":"https:\/\/www.bailishaver.com\/fr\/wp-json\/wp\/v2\/media\/232659"}],"wp:attachment":[{"href":"https:\/\/www.bailishaver.com\/fr\/wp-json\/wp\/v2\/media?parent=232653"}],"wp:term":[{"taxonomy":"product_cat","embeddable":true,"href":"https:\/\/www.bailishaver.com\/fr\/wp-json\/wp\/v2\/product_cat?post=232653"},{"taxonomy":"product_tag","embeddable":true,"href":"https:\/\/www.bailishaver.com\/fr\/wp-json\/wp\/v2\/product_tag?post=232653"}],"curies":[{"name":"wp","href":"https:\/\/api.w.org\/{rel}","templated":true}]}}