{"id":232243,"date":"2024-04-19T16:44:46","date_gmt":"2024-04-19T08:44:46","guid":{"rendered":"https:\/\/bailishaver.com\/?post_type=product&#038;p=232243"},"modified":"2024-04-22T15:05:37","modified_gmt":"2024-04-22T07:05:37","slug":"cat-paw-plus-comfort-long-handle-shaving-razor-womens","status":"publish","type":"product","link":"https:\/\/www.bailishaver.com\/fr\/produit\/cat-paw-plus-comfort-long-handle-shaving-razor-womens\/","title":{"rendered":"Cat Paw Plus Comfort Long Handle Shaving Razor Womens"},"content":{"rendered":"<div data-elementor-type=\"product-post\" data-elementor-id=\"232243\" class=\"elementor elementor-232243\" data-elementor-post-type=\"product\">\n\t\t\t\t\t\t\t\t\t<section class=\"wd-negative-gap elementor-section elementor-top-section elementor-element elementor-element-755984c8 elementor-section-content-middle elementor-section-boxed elementor-section-height-default elementor-section-height-default wd-section-disabled\" data-id=\"755984c8\" data-element_type=\"section\">\n\t\t\t\t\t\t<div class=\"elementor-container elementor-column-gap-default\">\n\t\t\t\t\t<div class=\"elementor-column elementor-col-50 elementor-top-column elementor-element elementor-element-6460543e\" data-id=\"6460543e\" data-element_type=\"column\">\n\t\t\t<div class=\"elementor-widget-wrap elementor-element-populated\">\n\t\t\t\t\t\t\t\t<div class=\"elementor-element elementor-element-64425ac7 elementor-widget elementor-widget-wd_text_block\" data-id=\"64425ac7\" data-element_type=\"widget\" data-widget_type=\"wd_text_block.default\">\n\t\t\t\t<div class=\"elementor-widget-container\">\n\t\t\t\t\t<div class=\"wd-text-block reset-last-child text-left color-title\">\n\t\t\t\n\t\t\t<p>Mod\u00e8le\u00a0:\u00a0DB-G1B<\/p><p>T\u00eate de rasoir\u00a0: t\u00eate de rasoir flottante \u00e0 trois lames<\/p><p>Taille de la poign\u00e9e: 27,4 \u00d7 18,9 \u00d7 128,2 mm<\/p><p>Taille du rasoir : 140 \u00d7 52 \u00d7 21 mm.<\/p><p>Poids du rasoir : 22,1 g<\/p><p>Mat\u00e9riel: ABS + TPE + acier inoxydable<\/p><p>Caract\u00e9ristiques : bande d&#039;aloe vera hydratante \u00e0 360\u00b0 ; lavable, r\u00e9utilisable, imperm\u00e9able, antirouille.<\/p>\n\t\t\t\t\t<\/div>\n\t\t\t\t<\/div>\n\t\t\t\t<\/div>\n\t\t\t\t\t<\/div>\n\t\t<\/div>\n\t\t\t\t<div class=\"elementor-column elementor-col-50 elementor-top-column elementor-element elementor-element-26715414\" data-id=\"26715414\" data-element_type=\"column\">\n\t\t\t<div class=\"elementor-widget-wrap elementor-element-populated\">\n\t\t\t\t\t\t\t\t<div class=\"elementor-element elementor-element-66c3c1e8 elementor-widget elementor-widget-wd_image_or_svg\" data-id=\"66c3c1e8\" data-element_type=\"widget\" data-widget_type=\"wd_image_or_svg.default\">\n\t\t\t\t<div class=\"elementor-widget-container\">\n\t\t\t\n\t\t<div class=\"wd-image text-left\">\n\t\t\t\t\t\t\t\t<img fetchpriority=\"high\" decoding=\"async\" width=\"800\" height=\"800\" src=\"https:\/\/www.bailishaver.com\/wp-content\/uploads\/2024\/04\/Cat_Paw_Plus_Comfort_Long_Handle_Shaving_Razor_Womens_01.webp\" class=\"attachment-full size-full wp-image-232234\" alt=\"\" \/>\t\t\t\t\t<\/div>\n\n\t\t\t\t<\/div>\n\t\t\t\t<\/div>\n\t\t\t\t\t<\/div>\n\t\t<\/div>\n\t\t\t\t\t\t\t<\/div>\n\t\t<\/section>\n\t\t\t\t<section class=\"wd-negative-gap elementor-section elementor-top-section elementor-element elementor-element-651996b3 elementor-section-content-middle elementor-section-boxed elementor-section-height-default elementor-section-height-default wd-section-disabled\" data-id=\"651996b3\" data-element_type=\"section\">\n\t\t\t\t\t\t<div class=\"elementor-container elementor-column-gap-default\">\n\t\t\t\t\t<div class=\"elementor-column elementor-col-50 elementor-top-column elementor-element elementor-element-33471ec3\" data-id=\"33471ec3\" data-element_type=\"column\">\n\t\t\t<div class=\"elementor-widget-wrap elementor-element-populated\">\n\t\t\t\t\t\t\t\t<div class=\"elementor-element elementor-element-2ae26ea9 elementor-hidden-desktop elementor-hidden-tablet elementor-widget elementor-widget-wd_text_block\" data-id=\"2ae26ea9\" data-element_type=\"widget\" data-widget_type=\"wd_text_block.default\">\n\t\t\t\t<div class=\"elementor-widget-container\">\n\t\t\t\t\t<div class=\"wd-text-block reset-last-child text-left color-title\">\n\t\t\t\n\t\t\t<h5>*Extended and thickened plus long handle for a more comfortable grip;<\/h5><h5>*Poign\u00e9e antid\u00e9rapante\u00a0:<\/h5><p>un. Confort : en raison de la longueur mod\u00e9r\u00e9e de la poign\u00e9e, elle peut r\u00e9duire efficacement la fatigue du bras et du poignet pendant l&#039;utilisation, rendant le processus de rasage plus confortable ;<\/p><p>b. S\u00e9curit\u00e9 : la conception du long manche rend le fonctionnement du rasoir plus stable, r\u00e9duisant ainsi le risque de rayures cutan\u00e9es caus\u00e9es par un mauvais fonctionnement ;<\/p><h5>*Adorables \u00e9l\u00e9ments de conception de patte de chat, irr\u00e9sistiblement charmants\u00a0;<\/h5><h5>*Conception de patte de chat\u00a0:<\/h5><p>This design usually uses cute images to increase the fun and beauty of the product, shaving razor making womens users feel happy during hair removal.<\/p>\n\t\t\t\t\t<\/div>\n\t\t\t\t<\/div>\n\t\t\t\t<\/div>\n\t\t\t\t<div class=\"elementor-element elementor-element-481459e0 elementor-widget elementor-widget-wd_image_or_svg\" data-id=\"481459e0\" data-element_type=\"widget\" data-widget_type=\"wd_image_or_svg.default\">\n\t\t\t\t<div class=\"elementor-widget-container\">\n\t\t\t\n\t\t<div class=\"wd-image text-left\">\n\t\t\t\t\t\t\t\t<img decoding=\"async\" width=\"800\" height=\"800\" src=\"https:\/\/www.bailishaver.com\/wp-content\/uploads\/2024\/04\/Cat_Paw_Plus_Comfort_Long_Handle_Shaving_Razor_Womens_02.webp\" class=\"attachment-full size-full wp-image-232235\" alt=\"\" \/>\t\t\t\t\t<\/div>\n\n\t\t\t\t<\/div>\n\t\t\t\t<\/div>\n\t\t\t\t\t<\/div>\n\t\t<\/div>\n\t\t\t\t<div class=\"elementor-column elementor-col-50 elementor-top-column elementor-element elementor-element-22ff900f\" data-id=\"22ff900f\" data-element_type=\"column\">\n\t\t\t<div class=\"elementor-widget-wrap elementor-element-populated\">\n\t\t\t\t\t\t\t\t<div class=\"elementor-element elementor-element-b366e36 elementor-hidden-mobile elementor-widget elementor-widget-wd_text_block\" data-id=\"b366e36\" data-element_type=\"widget\" data-widget_type=\"wd_text_block.default\">\n\t\t\t\t<div class=\"elementor-widget-container\">\n\t\t\t\t\t<div class=\"wd-text-block reset-last-child text-left color-title\">\n\t\t\t\n\t\t\t<h5>*Extended and thickened plus long handle for a more comfortable grip;<\/h5><h5>*Poign\u00e9e antid\u00e9rapante\u00a0:<\/h5><p>un. Confort : en raison de la longueur mod\u00e9r\u00e9e de la poign\u00e9e, elle peut r\u00e9duire efficacement la fatigue du bras et du poignet pendant l&#039;utilisation, rendant le processus de rasage plus confortable ;<\/p><p>b. S\u00e9curit\u00e9 : la conception du long manche rend le fonctionnement du rasoir plus stable, r\u00e9duisant ainsi le risque de rayures cutan\u00e9es caus\u00e9es par un mauvais fonctionnement ;<\/p><h5>*Adorables \u00e9l\u00e9ments de conception de patte de chat, irr\u00e9sistiblement charmants\u00a0;<\/h5><h5>*Conception de patte de chat\u00a0:<\/h5><p>This design usually uses cute images to increase the fun and beauty of the product, shaving razor making womens users feel happy during hair removal.<\/p><p>\u00a0<\/p>\n\t\t\t\t\t<\/div>\n\t\t\t\t<\/div>\n\t\t\t\t<\/div>\n\t\t\t\t\t<\/div>\n\t\t<\/div>\n\t\t\t\t\t\t\t<\/div>\n\t\t<\/section>\n\t\t\t\t<section class=\"wd-negative-gap elementor-section elementor-top-section elementor-element elementor-element-590cd307 elementor-section-content-middle elementor-section-boxed elementor-section-height-default elementor-section-height-default wd-section-disabled\" data-id=\"590cd307\" data-element_type=\"section\">\n\t\t\t\t\t\t<div class=\"elementor-container elementor-column-gap-default\">\n\t\t\t\t\t<div class=\"elementor-column elementor-col-50 elementor-top-column elementor-element elementor-element-6eedadbb\" data-id=\"6eedadbb\" data-element_type=\"column\">\n\t\t\t<div class=\"elementor-widget-wrap elementor-element-populated\">\n\t\t\t\t\t\t\t\t<div class=\"elementor-element elementor-element-5e6b7185 elementor-widget elementor-widget-wd_text_block\" data-id=\"5e6b7185\" data-element_type=\"widget\" data-widget_type=\"wd_text_block.default\">\n\t\t\t\t<div class=\"elementor-widget-container\">\n\t\t\t\t\t<div class=\"wd-text-block reset-last-child text-left color-title\">\n\t\t\t\n\t\t\t<h5>*Bande d&#039;alo\u00e8s avec une large zone\u00a0:<\/h5><p>a.Rendez le rasage plus doux et prot\u00e9gez votre peau, et vous aurez une bonne exp\u00e9rience de rasage\u00a0;<\/p><p>B. Hydratant et hydratant : l&#039;aloe vera est riche en nutriments tels que les polysaccharides et les acides amin\u00e9s, qui peuvent fournir une nutrition et une hydratation suffisantes \u00e0 la peau et aider \u00e0 garder la peau humide et \u00e9lastique ;<\/p><p>c. Am\u00e9liorer la r\u00e9sistance de la peau : les diff\u00e9rents ingr\u00e9dients actifs de l&#039;aloe vera peuvent am\u00e9liorer la r\u00e9sistance de la peau, am\u00e9liorer la capacit\u00e9 anti-allergique de la peau et \u00e9viter les allergies cutan\u00e9es et autres sympt\u00f4mes inconfortables apr\u00e8s le rasage ;<\/p><h5>*Lame rempla\u00e7able facilement\u00a0:<\/h5><p>Rentabilit\u00e9 plus \u00e9lev\u00e9e.<\/p>\n\t\t\t\t\t<\/div>\n\t\t\t\t<\/div>\n\t\t\t\t<\/div>\n\t\t\t\t\t<\/div>\n\t\t<\/div>\n\t\t\t\t<div class=\"elementor-column elementor-col-50 elementor-top-column elementor-element elementor-element-34a1dfad\" data-id=\"34a1dfad\" data-element_type=\"column\">\n\t\t\t<div class=\"elementor-widget-wrap elementor-element-populated\">\n\t\t\t\t\t\t\t\t<div class=\"elementor-element elementor-element-115a61a1 elementor-widget elementor-widget-wd_image_or_svg\" data-id=\"115a61a1\" data-element_type=\"widget\" data-widget_type=\"wd_image_or_svg.default\">\n\t\t\t\t<div class=\"elementor-widget-container\">\n\t\t\t\n\t\t<div class=\"wd-image text-left\">\n\t\t\t\t\t\t\t\t<img decoding=\"async\" width=\"800\" height=\"800\" src=\"https:\/\/www.bailishaver.com\/wp-content\/uploads\/2024\/04\/Cat_Paw_Plus_Comfort_Long_Handle_Shaving_Razor_Womens_03.webp\" class=\"attachment-full size-full wp-image-232236\" alt=\"\" \/>\t\t\t\t\t<\/div>\n\n\t\t\t\t<\/div>\n\t\t\t\t<\/div>\n\t\t\t\t\t<\/div>\n\t\t<\/div>\n\t\t\t\t\t\t\t<\/div>\n\t\t<\/section>\n\t\t\t\t<section class=\"wd-negative-gap elementor-section elementor-top-section elementor-element elementor-element-794a0269 elementor-section-boxed elementor-section-height-default elementor-section-height-default wd-section-disabled\" data-id=\"794a0269\" data-element_type=\"section\">\n\t\t\t\t\t\t<div class=\"elementor-container elementor-column-gap-default\">\n\t\t\t\t\t<div class=\"elementor-column elementor-col-100 elementor-top-column elementor-element elementor-element-2ee86501\" data-id=\"2ee86501\" data-element_type=\"column\">\n\t\t\t<div class=\"elementor-widget-wrap elementor-element-populated\">\n\t\t\t\t\t\t\t\t<div class=\"elementor-element elementor-element-34cebfa8 elementor-widget elementor-widget-accordion\" data-id=\"34cebfa8\" data-element_type=\"widget\" data-widget_type=\"accordion.default\">\n\t\t\t\t<div class=\"elementor-widget-container\">\n\t\t\t<style>\/*! elementor - v3.18.0 - 20-12-2023 *\/\n.elementor-accordion{text-align:left}.elementor-accordion .elementor-accordion-item{border:1px solid #d5d8dc}.elementor-accordion .elementor-accordion-item+.elementor-accordion-item{border-top:none}.elementor-accordion .elementor-tab-title{margin:0;padding:15px 20px;font-weight:700;line-height:1;cursor:pointer;outline:none}.elementor-accordion .elementor-tab-title .elementor-accordion-icon{display:inline-block;width:1.5em}.elementor-accordion .elementor-tab-title .elementor-accordion-icon svg{width:1em;height:1em}.elementor-accordion .elementor-tab-title .elementor-accordion-icon.elementor-accordion-icon-right{float:right;text-align:right}.elementor-accordion .elementor-tab-title .elementor-accordion-icon.elementor-accordion-icon-left{float:left;text-align:left}.elementor-accordion .elementor-tab-title .elementor-accordion-icon .elementor-accordion-icon-closed{display:block}.elementor-accordion .elementor-tab-title .elementor-accordion-icon .elementor-accordion-icon-opened,.elementor-accordion .elementor-tab-title.elementor-active .elementor-accordion-icon-closed{display:none}.elementor-accordion .elementor-tab-title.elementor-active .elementor-accordion-icon-opened{display:block}.elementor-accordion .elementor-tab-content{display:none;padding:15px 20px;border-top:1px solid #d5d8dc}@media (max-width:767px){.elementor-accordion .elementor-tab-title{padding:12px 15px}.elementor-accordion .elementor-tab-title .elementor-accordion-icon{width:1.2em}.elementor-accordion .elementor-tab-content{padding:7px 15px}}.e-con-inner>.elementor-widget-accordion,.e-con>.elementor-widget-accordion{width:var(--container-widget-width);--flex-grow:var(--container-widget-flex-grow)}<\/style>\t\t<div class=\"elementor-accordion\">\n\t\t\t\t\t\t\t<div class=\"elementor-accordion-item\">\n\t\t\t\t\t<div id=\"elementor-tab-title-8851\" class=\"elementor-tab-title\" data-tab=\"1\" role=\"button\" aria-controls=\"elementor-tab-content-8851\" aria-expanded=\"false\">\n\t\t\t\t\t\t\t\t\t\t\t\t\t<span class=\"elementor-accordion-icon elementor-accordion-icon-left\" aria-hidden=\"true\">\n\t\t\t\t\t\t\t\t\t\t\t\t\t\t\t<span class=\"elementor-accordion-icon-closed\"><i class=\"fas fa-caret-down\"><\/i><\/span>\n\t\t\t\t\t\t\t\t<span class=\"elementor-accordion-icon-opened\"><i class=\"fas fa-caret-up\"><\/i><\/span>\n\t\t\t\t\t\t\t\t\t\t\t\t\t\t<\/span>\n\t\t\t\t\t\t\t\t\t\t\t\t<a class=\"elementor-accordion-title\" tabindex=\"0\">Emballer<\/a>\n\t\t\t\t\t<\/div>\n\t\t\t\t\t<div id=\"elementor-tab-content-8851\" class=\"elementor-tab-content elementor-clearfix\" data-tab=\"1\" role=\"region\" aria-labelledby=\"elementor-tab-title-8851\"><table><tbody><tr><td>Produit<\/td><td>Pi\u00e8ces<\/td><td>Emballer<\/td><td>Taille<\/td><td>Poids brut<\/td><\/tr><tr><td rowspan=\"2\">DB-G1B<\/td><td class=\"et4\">1<\/td><td class=\"et4\">Sac d&#039;opp<\/td><td class=\"et4\">27,4 \u00d7 18,9 \u00d7 128,2 mm<\/td><td class=\"et4\">17,8g<\/td><\/tr><tr><td>250<\/td><td>Carton<\/td><td>310\u00d7240\u00d7200mm<\/td><td>5,5 kg<\/td><\/tr><\/tbody><\/table><\/div>\n\t\t\t\t<\/div>\n\t\t\t\t\t\t\t<div class=\"elementor-accordion-item\">\n\t\t\t\t\t<div id=\"elementor-tab-title-8852\" class=\"elementor-tab-title\" data-tab=\"2\" role=\"button\" aria-controls=\"elementor-tab-content-8852\" aria-expanded=\"false\">\n\t\t\t\t\t\t\t\t\t\t\t\t\t<span class=\"elementor-accordion-icon elementor-accordion-icon-left\" aria-hidden=\"true\">\n\t\t\t\t\t\t\t\t\t\t\t\t\t\t\t<span class=\"elementor-accordion-icon-closed\"><i class=\"fas fa-caret-down\"><\/i><\/span>\n\t\t\t\t\t\t\t\t<span class=\"elementor-accordion-icon-opened\"><i class=\"fas fa-caret-up\"><\/i><\/span>\n\t\t\t\t\t\t\t\t\t\t\t\t\t\t<\/span>\n\t\t\t\t\t\t\t\t\t\t\t\t<a class=\"elementor-accordion-title\" tabindex=\"0\"> Exp\u00e9dition<\/a>\n\t\t\t\t\t<\/div>\n\t\t\t\t\t<div id=\"elementor-tab-content-8852\" class=\"elementor-tab-content elementor-clearfix\" data-tab=\"2\" role=\"region\" aria-labelledby=\"elementor-tab-title-8852\">La commande d&#039;\u00e9chantillon peut \u00eatre exp\u00e9di\u00e9e dans un d\u00e9lai de 3 \u00e0 7 jours\u00a0; <br>La production de commandes group\u00e9es ou de commandes personnalis\u00e9es prend 15 \u00e0 30 jours.\n<\/div>\n\t\t\t\t<\/div>\n\t\t\t\t\t\t\t\t<\/div>\n\t\t\t\t<\/div>\n\t\t\t\t<\/div>\n\t\t\t\t\t<\/div>\n\t\t<\/div>\n\t\t\t\t\t\t\t<\/div>\n\t\t<\/section>\n\t\t\t\t\t\t\t<\/div>","protected":false},"excerpt":{"rendered":"<p><strong>Mod\u00e8le\u00a0:\u00a0DB-G1A<\/strong><\/p>\n<div class=\"DescriptionImg\">\n<div class=\"image-box\">\n<p><img decoding=\"async\" src=\"https:\/\/bailishaver.com\/wp-content\/uploads\/2024\/02\/Long_Handle_Icon.webp\" alt=\"Image1\" \/><\/p>\n<div class=\"caption\">Longue poign\u00e9e<\/div>\n<\/div>\n<div class=\"image-box\">\n<p><img decoding=\"async\" src=\"https:\/\/bailishaver.com\/wp-content\/uploads\/2023\/10\/Triple_Blade.jpg\" alt=\"Image2\" \/><\/p>\n<div class=\"caption\">Triple lame<\/div>\n<\/div>\n<div class=\"image-box\">\n<p><img decoding=\"async\" src=\"https:\/\/bailishaver.com\/wp-content\/uploads\/2024\/02\/360\u00b0_Aloe_Vera_Strip_Icon.webp\" alt=\"Image3\" \/><\/p>\n<div class=\"caption\">Bande d&#039;Aloe Vera 360\u00b0<\/div>\n<\/div>\n<\/div>","protected":false},"featured_media":232234,"comment_status":"open","ping_status":"closed","template":"","meta":[],"product_cat":[68,67,33],"product_tag":[],"yoast_head":"<!-- This site is optimized with the Yoast SEO plugin v21.4 - https:\/\/yoast.com\/wordpress\/plugins\/seo\/ -->\n<title>Cat Paw Plus Comfort Long Handle Shaving Razor Womens - Guangzhou Weidi Technology Co.,Ltd<\/title>\n<meta name=\"description\" content=\"Colorful shaving razor womens, the long handle design makes it easier for womens to hold and operate the shaver, especially shave a large area of hair.\" \/>\n<meta name=\"robots\" content=\"index, follow, max-snippet:-1, max-image-preview:large, max-video-preview:-1\" \/>\n<link rel=\"canonical\" href=\"https:\/\/www.bailishaver.com\/fr\/produit\/cat-paw-plus-comfort-long-handle-shaving-razor-womens\/\" \/>\n<meta property=\"og:locale\" content=\"fr_FR\" \/>\n<meta property=\"og:type\" content=\"article\" \/>\n<meta property=\"og:title\" content=\"Cat Paw Plus Comfort Long Handle Shaving Razor Womens - Guangzhou Weidi Technology Co.,Ltd\" \/>\n<meta property=\"og:description\" content=\"Colorful shaving razor womens, the long handle design makes it easier for womens to hold and operate the shaver, especially shave a large area of hair.\" \/>\n<meta property=\"og:url\" content=\"https:\/\/www.bailishaver.com\/fr\/produit\/cat-paw-plus-comfort-long-handle-shaving-razor-womens\/\" \/>\n<meta property=\"og:site_name\" content=\"Guangzhou Weidi Technology Co.,Ltd\" \/>\n<meta property=\"article:modified_time\" content=\"2024-04-22T07:05:37+00:00\" \/>\n<meta property=\"og:image\" content=\"https:\/\/www.bailishaver.com\/wp-content\/uploads\/2024\/04\/Cat_Paw_Plus_Comfort_Long_Handle_Shaving_Razor_Womens_01.webp\" \/>\n\t<meta property=\"og:image:width\" content=\"800\" \/>\n\t<meta property=\"og:image:height\" content=\"800\" \/>\n\t<meta property=\"og:image:type\" content=\"image\/webp\" \/>\n<meta name=\"twitter:card\" content=\"summary_large_image\" \/>\n<meta name=\"twitter:label1\" content=\"Dur\u00e9e de lecture estim\u00e9e\" \/>\n\t<meta name=\"twitter:data1\" content=\"3 minutes\" \/>\n<script type=\"application\/ld+json\" class=\"yoast-schema-graph\">{\"@context\":\"https:\/\/schema.org\",\"@graph\":[{\"@type\":\"WebPage\",\"@id\":\"https:\/\/www.bailishaver.com\/ru\/product\/cat-paw-plus-comfort-long-handle-shaving-razor-womens\/\",\"url\":\"https:\/\/www.bailishaver.com\/ru\/product\/cat-paw-plus-comfort-long-handle-shaving-razor-womens\/\",\"name\":\"Cat Paw Plus Comfort Long Handle Shaving Razor Womens - Guangzhou Weidi Technology Co.,Ltd\",\"isPartOf\":{\"@id\":\"https:\/\/www.bailishaver.com\/#website\"},\"datePublished\":\"2024-04-19T08:44:46+00:00\",\"dateModified\":\"2024-04-22T07:05:37+00:00\",\"description\":\"Colorful shaving razor womens, the long handle design makes it easier for womens to hold and operate the shaver, especially shave a large area of hair.\",\"breadcrumb\":{\"@id\":\"https:\/\/www.bailishaver.com\/ru\/product\/cat-paw-plus-comfort-long-handle-shaving-razor-womens\/#breadcrumb\"},\"inLanguage\":\"fr-FR\",\"potentialAction\":[{\"@type\":\"ReadAction\",\"target\":[\"https:\/\/www.bailishaver.com\/ru\/product\/cat-paw-plus-comfort-long-handle-shaving-razor-womens\/\"]}]},{\"@type\":\"BreadcrumbList\",\"@id\":\"https:\/\/www.bailishaver.com\/ru\/product\/cat-paw-plus-comfort-long-handle-shaving-razor-womens\/#breadcrumb\",\"itemListElement\":[{\"@type\":\"ListItem\",\"position\":1,\"name\":\"HOME\",\"item\":\"https:\/\/www.bailishaver.com\/\"},{\"@type\":\"ListItem\",\"position\":2,\"name\":\"Product\",\"item\":\"https:\/\/www.bailishaver.com\/product\/\"},{\"@type\":\"ListItem\",\"position\":3,\"name\":\"Cat Paw Plus Comfort Long Handle Shaving Razor Womens\"}]},{\"@type\":\"WebSite\",\"@id\":\"https:\/\/www.bailishaver.com\/#website\",\"url\":\"https:\/\/www.bailishaver.com\/\",\"name\":\"Guangzhou Weidi Technology Co.,Ltd\",\"description\":\"system razors, lady razors, shaving kits, blade and refill, disposable razor, shaving , accessories, etc.\",\"potentialAction\":[{\"@type\":\"SearchAction\",\"target\":{\"@type\":\"EntryPoint\",\"urlTemplate\":\"https:\/\/www.bailishaver.com\/?s={search_term_string}\"},\"query-input\":\"required name=search_term_string\"}],\"inLanguage\":\"fr-FR\"}]}<\/script>\n<!-- \/ Yoast SEO plugin. -->","yoast_head_json":{"title":"Cat Paw Plus Comfort Long Handle Shaving Razor Womens - Guangzhou Weidi Technology Co.,Ltd","description":"Colorful shaving razor womens, the long handle design makes it easier for womens to hold and operate the shaver, especially shave a large area of hair.","robots":{"index":"index","follow":"follow","max-snippet":"max-snippet:-1","max-image-preview":"max-image-preview:large","max-video-preview":"max-video-preview:-1"},"canonical":"https:\/\/www.bailishaver.com\/fr\/produit\/cat-paw-plus-comfort-long-handle-shaving-razor-womens\/","og_locale":"fr_FR","og_type":"article","og_title":"Cat Paw Plus Comfort Long Handle Shaving Razor Womens - Guangzhou Weidi Technology Co.,Ltd","og_description":"Colorful shaving razor womens, the long handle design makes it easier for womens to hold and operate the shaver, especially shave a large area of hair.","og_url":"https:\/\/www.bailishaver.com\/fr\/produit\/cat-paw-plus-comfort-long-handle-shaving-razor-womens\/","og_site_name":"Guangzhou Weidi Technology Co.,Ltd","article_modified_time":"2024-04-22T07:05:37+00:00","og_image":[{"width":800,"height":800,"url":"https:\/\/www.bailishaver.com\/wp-content\/uploads\/2024\/04\/Cat_Paw_Plus_Comfort_Long_Handle_Shaving_Razor_Womens_01.webp","type":"image\/webp"}],"twitter_card":"summary_large_image","twitter_misc":{"Dur\u00e9e de lecture estim\u00e9e":"3 minutes"},"schema":{"@context":"https:\/\/schema.org","@graph":[{"@type":"WebPage","@id":"https:\/\/www.bailishaver.com\/ru\/product\/cat-paw-plus-comfort-long-handle-shaving-razor-womens\/","url":"https:\/\/www.bailishaver.com\/ru\/product\/cat-paw-plus-comfort-long-handle-shaving-razor-womens\/","name":"Cat Paw Plus Comfort Long Handle Shaving Razor Womens - Guangzhou Weidi Technology Co.,Ltd","isPartOf":{"@id":"https:\/\/www.bailishaver.com\/#website"},"datePublished":"2024-04-19T08:44:46+00:00","dateModified":"2024-04-22T07:05:37+00:00","description":"Colorful shaving razor womens, the long handle design makes it easier for womens to hold and operate the shaver, especially shave a large area of hair.","breadcrumb":{"@id":"https:\/\/www.bailishaver.com\/ru\/product\/cat-paw-plus-comfort-long-handle-shaving-razor-womens\/#breadcrumb"},"inLanguage":"fr-FR","potentialAction":[{"@type":"ReadAction","target":["https:\/\/www.bailishaver.com\/ru\/product\/cat-paw-plus-comfort-long-handle-shaving-razor-womens\/"]}]},{"@type":"BreadcrumbList","@id":"https:\/\/www.bailishaver.com\/ru\/product\/cat-paw-plus-comfort-long-handle-shaving-razor-womens\/#breadcrumb","itemListElement":[{"@type":"ListItem","position":1,"name":"HOME","item":"https:\/\/www.bailishaver.com\/"},{"@type":"ListItem","position":2,"name":"Product","item":"https:\/\/www.bailishaver.com\/product\/"},{"@type":"ListItem","position":3,"name":"Cat Paw Plus Comfort Long Handle Shaving Razor Womens"}]},{"@type":"WebSite","@id":"https:\/\/www.bailishaver.com\/#website","url":"https:\/\/www.bailishaver.com\/","name":"Guangzhou Weidi Technology Co.,Ltd","description":"system razors, lady razors, shaving kits, blade and refill, disposable razor, shaving , accessories, etc.","potentialAction":[{"@type":"SearchAction","target":{"@type":"EntryPoint","urlTemplate":"https:\/\/www.bailishaver.com\/?s={search_term_string}"},"query-input":"required name=search_term_string"}],"inLanguage":"fr-FR"}]}},"_links":{"self":[{"href":"https:\/\/www.bailishaver.com\/fr\/wp-json\/wp\/v2\/product\/232243"}],"collection":[{"href":"https:\/\/www.bailishaver.com\/fr\/wp-json\/wp\/v2\/product"}],"about":[{"href":"https:\/\/www.bailishaver.com\/fr\/wp-json\/wp\/v2\/types\/product"}],"replies":[{"embeddable":true,"href":"https:\/\/www.bailishaver.com\/fr\/wp-json\/wp\/v2\/comments?post=232243"}],"version-history":[{"count":9,"href":"https:\/\/www.bailishaver.com\/fr\/wp-json\/wp\/v2\/product\/232243\/revisions"}],"predecessor-version":[{"id":232268,"href":"https:\/\/www.bailishaver.com\/fr\/wp-json\/wp\/v2\/product\/232243\/revisions\/232268"}],"wp:featuredmedia":[{"embeddable":true,"href":"https:\/\/www.bailishaver.com\/fr\/wp-json\/wp\/v2\/media\/232234"}],"wp:attachment":[{"href":"https:\/\/www.bailishaver.com\/fr\/wp-json\/wp\/v2\/media?parent=232243"}],"wp:term":[{"taxonomy":"product_cat","embeddable":true,"href":"https:\/\/www.bailishaver.com\/fr\/wp-json\/wp\/v2\/product_cat?post=232243"},{"taxonomy":"product_tag","embeddable":true,"href":"https:\/\/www.bailishaver.com\/fr\/wp-json\/wp\/v2\/product_tag?post=232243"}],"curies":[{"name":"wp","href":"https:\/\/api.w.org\/{rel}","templated":true}]}}