{"id":232076,"date":"2024-04-12T15:16:12","date_gmt":"2024-04-12T07:16:12","guid":{"rendered":"https:\/\/bailishaver.com\/?post_type=product&#038;p=232076"},"modified":"2024-04-12T15:45:38","modified_gmt":"2024-04-12T07:45:38","slug":"macaron-ladies-hair-facial-womens-eyebrow-razor","status":"publish","type":"product","link":"https:\/\/www.bailishaver.com\/fr\/produit\/macaron-ladies-hair-facial-womens-eyebrow-razor\/","title":{"rendered":"Macaron Ladies Hair Facial Rasoir \u00e0 sourcils pour femme"},"content":{"rendered":"<div data-elementor-type=\"product-post\" data-elementor-id=\"232076\" class=\"elementor elementor-232076\" data-elementor-post-type=\"product\">\n\t\t\t\t\t\t\t\t\t<section class=\"wd-negative-gap elementor-section elementor-top-section elementor-element elementor-element-755984c8 elementor-section-content-middle elementor-section-boxed elementor-section-height-default elementor-section-height-default wd-section-disabled\" data-id=\"755984c8\" data-element_type=\"section\">\n\t\t\t\t\t\t<div class=\"elementor-container elementor-column-gap-default\">\n\t\t\t\t\t<div class=\"elementor-column elementor-col-50 elementor-top-column elementor-element elementor-element-6460543e\" data-id=\"6460543e\" data-element_type=\"column\">\n\t\t\t<div class=\"elementor-widget-wrap elementor-element-populated\">\n\t\t\t\t\t\t\t\t<div class=\"elementor-element elementor-element-64425ac7 elementor-widget elementor-widget-wd_text_block\" data-id=\"64425ac7\" data-element_type=\"widget\" data-widget_type=\"wd_text_block.default\">\n\t\t\t\t<div class=\"elementor-widget-container\">\n\t\t\t\t\t<div class=\"wd-text-block reset-last-child text-left color-title\">\n\t\t\t\n\t\t\t<p>Mod\u00e8le\u00a0:\u00a0DB-G2B<\/p><p>Taille du rasoir: 14 \u00d7 6 \u00d7 141,3 mm<\/p><p>Poids du rasoir : 6,4 g<\/p><p>Mat\u00e9riel: ABS + PP + acier inoxydable<\/p><p>Caract\u00e9ristiques : tranchant, doux pour la peau, lavable, r\u00e9utilisable, imperm\u00e9able, antirouille.<\/p>\n\t\t\t\t\t<\/div>\n\t\t\t\t<\/div>\n\t\t\t\t<\/div>\n\t\t\t\t\t<\/div>\n\t\t<\/div>\n\t\t\t\t<div class=\"elementor-column elementor-col-50 elementor-top-column elementor-element elementor-element-26715414\" data-id=\"26715414\" data-element_type=\"column\">\n\t\t\t<div class=\"elementor-widget-wrap elementor-element-populated\">\n\t\t\t\t\t\t\t\t<div class=\"elementor-element elementor-element-66c3c1e8 elementor-widget elementor-widget-wd_image_or_svg\" data-id=\"66c3c1e8\" data-element_type=\"widget\" data-widget_type=\"wd_image_or_svg.default\">\n\t\t\t\t<div class=\"elementor-widget-container\">\n\t\t\t\n\t\t<div class=\"wd-image text-left\">\n\t\t\t\t\t\t\t\t<img fetchpriority=\"high\" decoding=\"async\" width=\"800\" height=\"800\" src=\"https:\/\/www.bailishaver.com\/wp-content\/uploads\/2024\/04\/Macaron_Ladies_Hair_Facial_Womens_Eyebrow_Razor_details_01.webp\" class=\"attachment-full size-full wp-image-232067\" alt=\"\" srcset=\"https:\/\/www.bailishaver.com\/wp-content\/uploads\/2024\/04\/Macaron_Ladies_Hair_Facial_Womens_Eyebrow_Razor_details_01.webp 800w, https:\/\/www.bailishaver.com\/wp-content\/uploads\/2024\/04\/Macaron_Ladies_Hair_Facial_Womens_Eyebrow_Razor_details_01-300x300.webp 300w, https:\/\/www.bailishaver.com\/wp-content\/uploads\/2024\/04\/Macaron_Ladies_Hair_Facial_Womens_Eyebrow_Razor_details_01-150x150.webp 150w, https:\/\/www.bailishaver.com\/wp-content\/uploads\/2024\/04\/Macaron_Ladies_Hair_Facial_Womens_Eyebrow_Razor_details_01-768x768.webp 768w, https:\/\/www.bailishaver.com\/wp-content\/uploads\/2024\/04\/Macaron_Ladies_Hair_Facial_Womens_Eyebrow_Razor_details_01-12x12.webp 12w\" sizes=\"(max-width: 800px) 100vw, 800px\" \/>\t\t\t\t\t<\/div>\n\n\t\t\t\t<\/div>\n\t\t\t\t<\/div>\n\t\t\t\t\t<\/div>\n\t\t<\/div>\n\t\t\t\t\t\t\t<\/div>\n\t\t<\/section>\n\t\t\t\t<section class=\"wd-negative-gap elementor-section elementor-top-section elementor-element elementor-element-651996b3 elementor-section-content-middle elementor-section-boxed elementor-section-height-default elementor-section-height-default wd-section-disabled\" data-id=\"651996b3\" data-element_type=\"section\">\n\t\t\t\t\t\t<div class=\"elementor-container elementor-column-gap-default\">\n\t\t\t\t\t<div class=\"elementor-column elementor-col-50 elementor-top-column elementor-element elementor-element-33471ec3\" data-id=\"33471ec3\" data-element_type=\"column\">\n\t\t\t<div class=\"elementor-widget-wrap elementor-element-populated\">\n\t\t\t\t\t\t\t\t<div class=\"elementor-element elementor-element-2ae26ea9 elementor-hidden-desktop elementor-hidden-tablet elementor-widget elementor-widget-wd_text_block\" data-id=\"2ae26ea9\" data-element_type=\"widget\" data-widget_type=\"wd_text_block.default\">\n\t\t\t\t<div class=\"elementor-widget-container\">\n\t\t\t\t\t<div class=\"wd-text-block reset-last-child text-left color-title\">\n\t\t\t\n\t\t\t<h5>*Conception du filet de protection\u00a0:<\/h5><p>Efficace pour pr\u00e9venir les rayures et prot\u00e9ger la peau\u00a0;<\/p><h5>*Couvercle de protection:<\/h5><p>Housse anti-poussi\u00e8re pour vous garder en s\u00e9curit\u00e9 et hygi\u00e9nique\u00a0;<\/p><h5>*Aiguis\u00e9 et s\u00fbr :<\/h5><p>Facile \u00e0 utiliser pour les d\u00e9butants.<\/p>\n\t\t\t\t\t<\/div>\n\t\t\t\t<\/div>\n\t\t\t\t<\/div>\n\t\t\t\t<div class=\"elementor-element elementor-element-481459e0 elementor-widget elementor-widget-wd_image_or_svg\" data-id=\"481459e0\" data-element_type=\"widget\" data-widget_type=\"wd_image_or_svg.default\">\n\t\t\t\t<div class=\"elementor-widget-container\">\n\t\t\t\n\t\t<div class=\"wd-image text-left\">\n\t\t\t\t\t\t\t\t<img decoding=\"async\" width=\"750\" height=\"750\" src=\"https:\/\/www.bailishaver.com\/wp-content\/uploads\/2024\/04\/Macaron_Ladies_Hair_Facial_Womens_Eyebrow_Razor_details_03.webp\" class=\"attachment-full size-full wp-image-232069\" alt=\"\" srcset=\"https:\/\/www.bailishaver.com\/wp-content\/uploads\/2024\/04\/Macaron_Ladies_Hair_Facial_Womens_Eyebrow_Razor_details_03.webp 750w, https:\/\/www.bailishaver.com\/wp-content\/uploads\/2024\/04\/Macaron_Ladies_Hair_Facial_Womens_Eyebrow_Razor_details_03-300x300.webp 300w, https:\/\/www.bailishaver.com\/wp-content\/uploads\/2024\/04\/Macaron_Ladies_Hair_Facial_Womens_Eyebrow_Razor_details_03-150x150.webp 150w, https:\/\/www.bailishaver.com\/wp-content\/uploads\/2024\/04\/Macaron_Ladies_Hair_Facial_Womens_Eyebrow_Razor_details_03-12x12.webp 12w\" sizes=\"(max-width: 750px) 100vw, 750px\" \/>\t\t\t\t\t<\/div>\n\n\t\t\t\t<\/div>\n\t\t\t\t<\/div>\n\t\t\t\t\t<\/div>\n\t\t<\/div>\n\t\t\t\t<div class=\"elementor-column elementor-col-50 elementor-top-column elementor-element elementor-element-22ff900f\" data-id=\"22ff900f\" data-element_type=\"column\">\n\t\t\t<div class=\"elementor-widget-wrap elementor-element-populated\">\n\t\t\t\t\t\t\t\t<div class=\"elementor-element elementor-element-b366e36 elementor-hidden-mobile elementor-widget elementor-widget-wd_text_block\" data-id=\"b366e36\" data-element_type=\"widget\" data-widget_type=\"wd_text_block.default\">\n\t\t\t\t<div class=\"elementor-widget-container\">\n\t\t\t\t\t<div class=\"wd-text-block reset-last-child text-left color-title\">\n\t\t\t\n\t\t\t<h5>*Conception du filet de protection\u00a0:<\/h5><p>Efficace pour pr\u00e9venir les rayures et prot\u00e9ger la peau\u00a0;<\/p><h5>*Couvercle de protection:<\/h5><p>Housse anti-poussi\u00e8re pour vous garder en s\u00e9curit\u00e9 et hygi\u00e9nique\u00a0;<\/p><h5>*Aiguis\u00e9 et s\u00fbr :<\/h5><p>Facile \u00e0 utiliser pour les d\u00e9butants.<\/p>\n\t\t\t\t\t<\/div>\n\t\t\t\t<\/div>\n\t\t\t\t<\/div>\n\t\t\t\t\t<\/div>\n\t\t<\/div>\n\t\t\t\t\t\t\t<\/div>\n\t\t<\/section>\n\t\t\t\t<section class=\"wd-negative-gap elementor-section elementor-top-section elementor-element elementor-element-590cd307 elementor-section-content-middle elementor-section-boxed elementor-section-height-default elementor-section-height-default wd-section-disabled\" data-id=\"590cd307\" data-element_type=\"section\">\n\t\t\t\t\t\t<div class=\"elementor-container elementor-column-gap-default\">\n\t\t\t\t\t<div class=\"elementor-column elementor-col-50 elementor-top-column elementor-element elementor-element-6eedadbb\" data-id=\"6eedadbb\" data-element_type=\"column\">\n\t\t\t<div class=\"elementor-widget-wrap elementor-element-populated\">\n\t\t\t\t\t\t\t\t<div class=\"elementor-element elementor-element-5e6b7185 elementor-widget elementor-widget-wd_text_block\" data-id=\"5e6b7185\" data-element_type=\"widget\" data-widget_type=\"wd_text_block.default\">\n\t\t\t\t<div class=\"elementor-widget-container\">\n\t\t\t\t\t<div class=\"wd-text-block reset-last-child text-left color-title\">\n\t\t\t\n\t\t\t<h5>*Courbure r\u00e9fl\u00e9chie de la poign\u00e9e\u00a0:<\/h5><p>Poign\u00e9e ergonomique pour une prise en main confortable\u00a0;<\/p><h5>*L\u00e9ger et compact\u00a0;<\/h5><h5>*Facile \u00e0 ranger\u00a0;<\/h5><h5>*Un rasoir pour plusieurs usages\u00a0:<\/h5><p>Can be used to trim not only women's eyebrows but also facial and other fine hairs.<\/p>\n\t\t\t\t\t<\/div>\n\t\t\t\t<\/div>\n\t\t\t\t<\/div>\n\t\t\t\t\t<\/div>\n\t\t<\/div>\n\t\t\t\t<div class=\"elementor-column elementor-col-50 elementor-top-column elementor-element elementor-element-34a1dfad\" data-id=\"34a1dfad\" data-element_type=\"column\">\n\t\t\t<div class=\"elementor-widget-wrap elementor-element-populated\">\n\t\t\t\t\t\t\t\t<div class=\"elementor-element elementor-element-115a61a1 elementor-widget elementor-widget-wd_image_or_svg\" data-id=\"115a61a1\" data-element_type=\"widget\" data-widget_type=\"wd_image_or_svg.default\">\n\t\t\t\t<div class=\"elementor-widget-container\">\n\t\t\t\n\t\t<div class=\"wd-image text-left\">\n\t\t\t\t\t\t\t\t<img decoding=\"async\" width=\"750\" height=\"848\" src=\"https:\/\/www.bailishaver.com\/wp-content\/uploads\/2024\/04\/Macaron_Ladies_Hair_Facial_Womens_Eyebrow_Razor_details_02.webp\" class=\"attachment-full size-full wp-image-232068\" alt=\"\" srcset=\"https:\/\/www.bailishaver.com\/wp-content\/uploads\/2024\/04\/Macaron_Ladies_Hair_Facial_Womens_Eyebrow_Razor_details_02.webp 750w, https:\/\/www.bailishaver.com\/wp-content\/uploads\/2024\/04\/Macaron_Ladies_Hair_Facial_Womens_Eyebrow_Razor_details_02-265x300.webp 265w, https:\/\/www.bailishaver.com\/wp-content\/uploads\/2024\/04\/Macaron_Ladies_Hair_Facial_Womens_Eyebrow_Razor_details_02-11x12.webp 11w, https:\/\/www.bailishaver.com\/wp-content\/uploads\/2024\/04\/Macaron_Ladies_Hair_Facial_Womens_Eyebrow_Razor_details_02-150x170.webp 150w\" sizes=\"(max-width: 750px) 100vw, 750px\" \/>\t\t\t\t\t<\/div>\n\n\t\t\t\t<\/div>\n\t\t\t\t<\/div>\n\t\t\t\t\t<\/div>\n\t\t<\/div>\n\t\t\t\t\t\t\t<\/div>\n\t\t<\/section>\n\t\t\t\t<section class=\"wd-negative-gap elementor-section elementor-top-section elementor-element elementor-element-794a0269 elementor-section-boxed elementor-section-height-default elementor-section-height-default wd-section-disabled\" data-id=\"794a0269\" data-element_type=\"section\">\n\t\t\t\t\t\t<div class=\"elementor-container elementor-column-gap-default\">\n\t\t\t\t\t<div class=\"elementor-column elementor-col-100 elementor-top-column elementor-element elementor-element-2ee86501\" data-id=\"2ee86501\" data-element_type=\"column\">\n\t\t\t<div class=\"elementor-widget-wrap elementor-element-populated\">\n\t\t\t\t\t\t\t\t<div class=\"elementor-element elementor-element-34cebfa8 elementor-widget elementor-widget-accordion\" data-id=\"34cebfa8\" data-element_type=\"widget\" data-widget_type=\"accordion.default\">\n\t\t\t\t<div class=\"elementor-widget-container\">\n\t\t\t<style>\/*! elementor - v3.18.0 - 20-12-2023 *\/\n.elementor-accordion{text-align:left}.elementor-accordion .elementor-accordion-item{border:1px solid #d5d8dc}.elementor-accordion .elementor-accordion-item+.elementor-accordion-item{border-top:none}.elementor-accordion .elementor-tab-title{margin:0;padding:15px 20px;font-weight:700;line-height:1;cursor:pointer;outline:none}.elementor-accordion .elementor-tab-title .elementor-accordion-icon{display:inline-block;width:1.5em}.elementor-accordion .elementor-tab-title .elementor-accordion-icon svg{width:1em;height:1em}.elementor-accordion .elementor-tab-title .elementor-accordion-icon.elementor-accordion-icon-right{float:right;text-align:right}.elementor-accordion .elementor-tab-title .elementor-accordion-icon.elementor-accordion-icon-left{float:left;text-align:left}.elementor-accordion .elementor-tab-title .elementor-accordion-icon .elementor-accordion-icon-closed{display:block}.elementor-accordion .elementor-tab-title .elementor-accordion-icon .elementor-accordion-icon-opened,.elementor-accordion .elementor-tab-title.elementor-active .elementor-accordion-icon-closed{display:none}.elementor-accordion .elementor-tab-title.elementor-active .elementor-accordion-icon-opened{display:block}.elementor-accordion .elementor-tab-content{display:none;padding:15px 20px;border-top:1px solid #d5d8dc}@media (max-width:767px){.elementor-accordion .elementor-tab-title{padding:12px 15px}.elementor-accordion .elementor-tab-title .elementor-accordion-icon{width:1.2em}.elementor-accordion .elementor-tab-content{padding:7px 15px}}.e-con-inner>.elementor-widget-accordion,.e-con>.elementor-widget-accordion{width:var(--container-widget-width);--flex-grow:var(--container-widget-flex-grow)}<\/style>\t\t<div class=\"elementor-accordion\">\n\t\t\t\t\t\t\t<div class=\"elementor-accordion-item\">\n\t\t\t\t\t<div id=\"elementor-tab-title-8851\" class=\"elementor-tab-title\" data-tab=\"1\" role=\"button\" aria-controls=\"elementor-tab-content-8851\" aria-expanded=\"false\">\n\t\t\t\t\t\t\t\t\t\t\t\t\t<span class=\"elementor-accordion-icon elementor-accordion-icon-left\" aria-hidden=\"true\">\n\t\t\t\t\t\t\t\t\t\t\t\t\t\t\t<span class=\"elementor-accordion-icon-closed\"><i class=\"fas fa-caret-down\"><\/i><\/span>\n\t\t\t\t\t\t\t\t<span class=\"elementor-accordion-icon-opened\"><i class=\"fas fa-caret-up\"><\/i><\/span>\n\t\t\t\t\t\t\t\t\t\t\t\t\t\t<\/span>\n\t\t\t\t\t\t\t\t\t\t\t\t<a class=\"elementor-accordion-title\" tabindex=\"0\">Emballer<\/a>\n\t\t\t\t\t<\/div>\n\t\t\t\t\t<div id=\"elementor-tab-content-8851\" class=\"elementor-tab-content elementor-clearfix\" data-tab=\"1\" role=\"region\" aria-labelledby=\"elementor-tab-title-8851\"><table><tbody><tr><td>Produit<\/td><td>Pi\u00e8ces<\/td><td>Emballer<\/td><td>Taille<\/td><td>Poids brut<\/td><\/tr><tr><td rowspan=\"2\">DB-G2B<\/td><td class=\"et4\">1<\/td><td class=\"et4\">Sac d&#039;opp<\/td><td class=\"et4\">14 \u00d7 6 \u00d7 141,3 mm<\/td><td class=\"et4\">6,4 g<\/td><\/tr><tr><td>1100<\/td><td>Carton<\/td><td>310\u00d7240\u00d7200mm<\/td><td>8 kg<\/td><\/tr><\/tbody><\/table><\/div>\n\t\t\t\t<\/div>\n\t\t\t\t\t\t\t<div class=\"elementor-accordion-item\">\n\t\t\t\t\t<div id=\"elementor-tab-title-8852\" class=\"elementor-tab-title\" data-tab=\"2\" role=\"button\" aria-controls=\"elementor-tab-content-8852\" aria-expanded=\"false\">\n\t\t\t\t\t\t\t\t\t\t\t\t\t<span class=\"elementor-accordion-icon elementor-accordion-icon-left\" aria-hidden=\"true\">\n\t\t\t\t\t\t\t\t\t\t\t\t\t\t\t<span class=\"elementor-accordion-icon-closed\"><i class=\"fas fa-caret-down\"><\/i><\/span>\n\t\t\t\t\t\t\t\t<span class=\"elementor-accordion-icon-opened\"><i class=\"fas fa-caret-up\"><\/i><\/span>\n\t\t\t\t\t\t\t\t\t\t\t\t\t\t<\/span>\n\t\t\t\t\t\t\t\t\t\t\t\t<a class=\"elementor-accordion-title\" tabindex=\"0\"> Exp\u00e9dition<\/a>\n\t\t\t\t\t<\/div>\n\t\t\t\t\t<div id=\"elementor-tab-content-8852\" class=\"elementor-tab-content elementor-clearfix\" data-tab=\"2\" role=\"region\" aria-labelledby=\"elementor-tab-title-8852\">La commande d&#039;\u00e9chantillon peut \u00eatre exp\u00e9di\u00e9e dans un d\u00e9lai de 3 \u00e0 7 jours\u00a0; <br>La production de commandes group\u00e9es ou de commandes personnalis\u00e9es prend 15 \u00e0 30 jours.\n<\/div>\n\t\t\t\t<\/div>\n\t\t\t\t\t\t\t\t<\/div>\n\t\t\t\t<\/div>\n\t\t\t\t<\/div>\n\t\t\t\t\t<\/div>\n\t\t<\/div>\n\t\t\t\t\t\t\t<\/div>\n\t\t<\/section>\n\t\t\t\t\t\t\t<\/div>","protected":false},"excerpt":{"rendered":"<p><strong>Mod\u00e8le : WR-G3B<\/strong><\/p>\n<div class=\"DescriptionImg\">\n<div class=\"image-box\">\n<p><img decoding=\"async\" src=\"https:\/\/bailishaver.com\/wp-content\/uploads\/2023\/10\/Safety_Blade.webp\" alt=\"Image1\" \/><\/p>\n<div class=\"caption\">Lame de s\u00e9curit\u00e9<\/div>\n<\/div>\n<div class=\"image-box\">\n<p><img decoding=\"async\" src=\"https:\/\/bailishaver.com\/wp-content\/uploads\/2023\/10\/Comfortable.webp\" alt=\"Image2\" \/><\/p>\n<div class=\"caption\">Confortable<\/div>\n<\/div>\n<div class=\"image-box\">\n<p><img decoding=\"async\" src=\"https:\/\/bailishaver.com\/wp-content\/uploads\/2023\/10\/Colorful.webp\" alt=\"Image3\" \/><\/p>\n<div class=\"caption\">Macarons<\/div>\n<\/div>\n<\/div>","protected":false},"featured_media":232072,"comment_status":"open","ping_status":"closed","template":"","meta":[],"product_cat":[66,33],"product_tag":[],"yoast_head":"<!-- This site is optimized with the Yoast SEO plugin v21.4 - https:\/\/yoast.com\/wordpress\/plugins\/seo\/ -->\n<title>Macaron Ladies Hair Facial Women&#039;s Eyebrow Razor - Guangzhou Weidi Technology Co.,Ltd<\/title>\n<meta name=\"description\" content=\"Macaron color series, rich colors. Safe and comfortable, easy to use for women&#039;s eyebrow and facial. Very skin-friendly for ladies hair.\" \/>\n<meta name=\"robots\" content=\"index, follow, max-snippet:-1, max-image-preview:large, max-video-preview:-1\" \/>\n<link rel=\"canonical\" href=\"https:\/\/www.bailishaver.com\/fr\/produit\/macaron-ladies-hair-facial-womens-eyebrow-razor\/\" \/>\n<meta property=\"og:locale\" content=\"fr_FR\" \/>\n<meta property=\"og:type\" content=\"article\" \/>\n<meta property=\"og:title\" content=\"Macaron Ladies Hair Facial Women&#039;s Eyebrow Razor - Guangzhou Weidi Technology Co.,Ltd\" \/>\n<meta property=\"og:description\" content=\"Macaron color series, rich colors. Safe and comfortable, easy to use for women&#039;s eyebrow and facial. Very skin-friendly for ladies hair.\" \/>\n<meta property=\"og:url\" content=\"https:\/\/www.bailishaver.com\/fr\/produit\/macaron-ladies-hair-facial-womens-eyebrow-razor\/\" \/>\n<meta property=\"og:site_name\" content=\"Guangzhou Weidi Technology Co.,Ltd\" \/>\n<meta property=\"article:modified_time\" content=\"2024-04-12T07:45:38+00:00\" \/>\n<meta property=\"og:image\" content=\"https:\/\/www.bailishaver.com\/wp-content\/uploads\/2024\/04\/Macaron_Ladies_Hair_Facial_Womens_Eyebrow_Razor_01.webp\" \/>\n\t<meta property=\"og:image:width\" content=\"800\" \/>\n\t<meta property=\"og:image:height\" content=\"800\" \/>\n\t<meta property=\"og:image:type\" content=\"image\/webp\" \/>\n<meta name=\"twitter:card\" content=\"summary_large_image\" \/>\n<meta name=\"twitter:label1\" content=\"Dur\u00e9e de lecture estim\u00e9e\" \/>\n\t<meta name=\"twitter:data1\" content=\"2 minutes\" \/>\n<script type=\"application\/ld+json\" class=\"yoast-schema-graph\">{\"@context\":\"https:\/\/schema.org\",\"@graph\":[{\"@type\":\"WebPage\",\"@id\":\"https:\/\/www.bailishaver.com\/product\/macaron-ladies-hair-facial-womens-eyebrow-razor\/\",\"url\":\"https:\/\/www.bailishaver.com\/product\/macaron-ladies-hair-facial-womens-eyebrow-razor\/\",\"name\":\"Macaron Ladies Hair Facial Women's Eyebrow Razor - Guangzhou Weidi Technology Co.,Ltd\",\"isPartOf\":{\"@id\":\"https:\/\/www.bailishaver.com\/#website\"},\"datePublished\":\"2024-04-12T07:16:12+00:00\",\"dateModified\":\"2024-04-12T07:45:38+00:00\",\"description\":\"Macaron color series, rich colors. Safe and comfortable, easy to use for women's eyebrow and facial. Very skin-friendly for ladies hair.\",\"breadcrumb\":{\"@id\":\"https:\/\/www.bailishaver.com\/product\/macaron-ladies-hair-facial-womens-eyebrow-razor\/#breadcrumb\"},\"inLanguage\":\"fr-FR\",\"potentialAction\":[{\"@type\":\"ReadAction\",\"target\":[\"https:\/\/www.bailishaver.com\/product\/macaron-ladies-hair-facial-womens-eyebrow-razor\/\"]}]},{\"@type\":\"BreadcrumbList\",\"@id\":\"https:\/\/www.bailishaver.com\/product\/macaron-ladies-hair-facial-womens-eyebrow-razor\/#breadcrumb\",\"itemListElement\":[{\"@type\":\"ListItem\",\"position\":1,\"name\":\"HOME\",\"item\":\"https:\/\/www.bailishaver.com\/\"},{\"@type\":\"ListItem\",\"position\":2,\"name\":\"Product\",\"item\":\"https:\/\/www.bailishaver.com\/product\/\"},{\"@type\":\"ListItem\",\"position\":3,\"name\":\"Macaron Ladies Hair Facial Women&#8217;s Eyebrow Razor\"}]},{\"@type\":\"WebSite\",\"@id\":\"https:\/\/www.bailishaver.com\/#website\",\"url\":\"https:\/\/www.bailishaver.com\/\",\"name\":\"Guangzhou Weidi Technology Co.,Ltd\",\"description\":\"system razors, lady razors, shaving kits, blade and refill, disposable razor, shaving , accessories, etc.\",\"potentialAction\":[{\"@type\":\"SearchAction\",\"target\":{\"@type\":\"EntryPoint\",\"urlTemplate\":\"https:\/\/www.bailishaver.com\/?s={search_term_string}\"},\"query-input\":\"required name=search_term_string\"}],\"inLanguage\":\"fr-FR\"}]}<\/script>\n<!-- \/ Yoast SEO plugin. -->","yoast_head_json":{"title":"Macaron Ladies Hair Facial Women's Eyebrow Razor - Guangzhou Weidi Technology Co.,Ltd","description":"Macaron color series, rich colors. Safe and comfortable, easy to use for women's eyebrow and facial. Very skin-friendly for ladies hair.","robots":{"index":"index","follow":"follow","max-snippet":"max-snippet:-1","max-image-preview":"max-image-preview:large","max-video-preview":"max-video-preview:-1"},"canonical":"https:\/\/www.bailishaver.com\/fr\/produit\/macaron-ladies-hair-facial-womens-eyebrow-razor\/","og_locale":"fr_FR","og_type":"article","og_title":"Macaron Ladies Hair Facial Women's Eyebrow Razor - Guangzhou Weidi Technology Co.,Ltd","og_description":"Macaron color series, rich colors. Safe and comfortable, easy to use for women's eyebrow and facial. Very skin-friendly for ladies hair.","og_url":"https:\/\/www.bailishaver.com\/fr\/produit\/macaron-ladies-hair-facial-womens-eyebrow-razor\/","og_site_name":"Guangzhou Weidi Technology Co.,Ltd","article_modified_time":"2024-04-12T07:45:38+00:00","og_image":[{"width":800,"height":800,"url":"https:\/\/www.bailishaver.com\/wp-content\/uploads\/2024\/04\/Macaron_Ladies_Hair_Facial_Womens_Eyebrow_Razor_01.webp","type":"image\/webp"}],"twitter_card":"summary_large_image","twitter_misc":{"Dur\u00e9e de lecture estim\u00e9e":"2 minutes"},"schema":{"@context":"https:\/\/schema.org","@graph":[{"@type":"WebPage","@id":"https:\/\/www.bailishaver.com\/product\/macaron-ladies-hair-facial-womens-eyebrow-razor\/","url":"https:\/\/www.bailishaver.com\/product\/macaron-ladies-hair-facial-womens-eyebrow-razor\/","name":"Macaron Ladies Hair Facial Women's Eyebrow Razor - Guangzhou Weidi Technology Co.,Ltd","isPartOf":{"@id":"https:\/\/www.bailishaver.com\/#website"},"datePublished":"2024-04-12T07:16:12+00:00","dateModified":"2024-04-12T07:45:38+00:00","description":"Macaron color series, rich colors. Safe and comfortable, easy to use for women's eyebrow and facial. Very skin-friendly for ladies hair.","breadcrumb":{"@id":"https:\/\/www.bailishaver.com\/product\/macaron-ladies-hair-facial-womens-eyebrow-razor\/#breadcrumb"},"inLanguage":"fr-FR","potentialAction":[{"@type":"ReadAction","target":["https:\/\/www.bailishaver.com\/product\/macaron-ladies-hair-facial-womens-eyebrow-razor\/"]}]},{"@type":"BreadcrumbList","@id":"https:\/\/www.bailishaver.com\/product\/macaron-ladies-hair-facial-womens-eyebrow-razor\/#breadcrumb","itemListElement":[{"@type":"ListItem","position":1,"name":"HOME","item":"https:\/\/www.bailishaver.com\/"},{"@type":"ListItem","position":2,"name":"Product","item":"https:\/\/www.bailishaver.com\/product\/"},{"@type":"ListItem","position":3,"name":"Macaron Ladies Hair Facial Women&#8217;s Eyebrow Razor"}]},{"@type":"WebSite","@id":"https:\/\/www.bailishaver.com\/#website","url":"https:\/\/www.bailishaver.com\/","name":"Guangzhou Weidi Technology Co.,Ltd","description":"system razors, lady razors, shaving kits, blade and refill, disposable razor, shaving , accessories, etc.","potentialAction":[{"@type":"SearchAction","target":{"@type":"EntryPoint","urlTemplate":"https:\/\/www.bailishaver.com\/?s={search_term_string}"},"query-input":"required name=search_term_string"}],"inLanguage":"fr-FR"}]}},"_links":{"self":[{"href":"https:\/\/www.bailishaver.com\/fr\/wp-json\/wp\/v2\/product\/232076"}],"collection":[{"href":"https:\/\/www.bailishaver.com\/fr\/wp-json\/wp\/v2\/product"}],"about":[{"href":"https:\/\/www.bailishaver.com\/fr\/wp-json\/wp\/v2\/types\/product"}],"replies":[{"embeddable":true,"href":"https:\/\/www.bailishaver.com\/fr\/wp-json\/wp\/v2\/comments?post=232076"}],"version-history":[{"count":8,"href":"https:\/\/www.bailishaver.com\/fr\/wp-json\/wp\/v2\/product\/232076\/revisions"}],"predecessor-version":[{"id":232088,"href":"https:\/\/www.bailishaver.com\/fr\/wp-json\/wp\/v2\/product\/232076\/revisions\/232088"}],"wp:featuredmedia":[{"embeddable":true,"href":"https:\/\/www.bailishaver.com\/fr\/wp-json\/wp\/v2\/media\/232072"}],"wp:attachment":[{"href":"https:\/\/www.bailishaver.com\/fr\/wp-json\/wp\/v2\/media?parent=232076"}],"wp:term":[{"taxonomy":"product_cat","embeddable":true,"href":"https:\/\/www.bailishaver.com\/fr\/wp-json\/wp\/v2\/product_cat?post=232076"},{"taxonomy":"product_tag","embeddable":true,"href":"https:\/\/www.bailishaver.com\/fr\/wp-json\/wp\/v2\/product_tag?post=232076"}],"curies":[{"name":"wp","href":"https:\/\/api.w.org\/{rel}","templated":true}]}}