{"id":232050,"date":"2024-04-10T15:27:07","date_gmt":"2024-04-10T07:27:07","guid":{"rendered":"https:\/\/bailishaver.com\/?post_type=product&#038;p=232050"},"modified":"2024-04-10T15:39:48","modified_gmt":"2024-04-10T07:39:48","slug":"bulk-double-edge-razor-blades-fit-most-safety-razors-2","status":"publish","type":"product","link":"https:\/\/www.bailishaver.com\/fr\/produit\/bulk-double-edge-razor-blades-fit-most-safety-razors-2\/","title":{"rendered":"Les lames de rasoir \u00e0 double tranchant conviennent \u00e0 la plupart des rasoirs de s\u00e9curit\u00e9"},"content":{"rendered":"<div data-elementor-type=\"product-post\" data-elementor-id=\"232050\" class=\"elementor elementor-232050\" data-elementor-post-type=\"product\">\n\t\t\t\t\t\t\t\t\t<section class=\"wd-negative-gap elementor-section elementor-top-section elementor-element elementor-element-1bc87b1b elementor-section-content-middle elementor-section-boxed elementor-section-height-default elementor-section-height-default wd-section-disabled\" data-id=\"1bc87b1b\" data-element_type=\"section\">\n\t\t\t\t\t\t<div class=\"elementor-container elementor-column-gap-default\">\n\t\t\t\t\t<div class=\"elementor-column elementor-col-50 elementor-top-column elementor-element elementor-element-77002fbc\" data-id=\"77002fbc\" data-element_type=\"column\">\n\t\t\t<div class=\"elementor-widget-wrap elementor-element-populated\">\n\t\t\t\t\t\t\t\t<div class=\"elementor-element elementor-element-36c4be58 elementor-widget elementor-widget-wd_text_block\" data-id=\"36c4be58\" data-element_type=\"widget\" data-widget_type=\"wd_text_block.default\">\n\t\t\t\t<div class=\"elementor-widget-container\">\n\t\t\t\t\t<div class=\"wd-text-block reset-last-child text-left color-title\">\n\t\t\t\n\t\t\t<p>Mod\u00e8le : BB5<\/p><p>Taille: 48 \u00d7 26 \u00d7 7 mm<\/p><p>Poids : 5,4 g<\/p><p>mat\u00e9riel: acier inoxydable<\/p><p>Caract\u00e9ristiques : convient \u00e0 la plupart des rasoirs de s\u00e9curit\u00e9 ; Le plus pointu\u00a0; Lavable; R\u00e9utilisable\u00a0; Imperm\u00e9able; Antirouille<\/p>\n\t\t\t\t\t<\/div>\n\t\t\t\t<\/div>\n\t\t\t\t<\/div>\n\t\t\t\t\t<\/div>\n\t\t<\/div>\n\t\t\t\t<div class=\"elementor-column elementor-col-50 elementor-top-column elementor-element elementor-element-3e96e9b6\" data-id=\"3e96e9b6\" data-element_type=\"column\">\n\t\t\t<div class=\"elementor-widget-wrap elementor-element-populated\">\n\t\t\t\t\t\t\t\t<div class=\"elementor-element elementor-element-14cb92f9 elementor-widget elementor-widget-wd_image_or_svg\" data-id=\"14cb92f9\" data-element_type=\"widget\" data-widget_type=\"wd_image_or_svg.default\">\n\t\t\t\t<div class=\"elementor-widget-container\">\n\t\t\t\n\t\t<div class=\"wd-image text-left\">\n\t\t\t\t\t\t\t\t<img fetchpriority=\"high\" decoding=\"async\" width=\"800\" height=\"800\" src=\"https:\/\/www.bailishaver.com\/wp-content\/uploads\/2024\/03\/Bulk_Double_Edge_Razor_Blades_Fit_Most_Safety_Razors_details_01.webp\" class=\"attachment-full size-full wp-image-231831\" alt=\"\" srcset=\"https:\/\/www.bailishaver.com\/wp-content\/uploads\/2024\/03\/Bulk_Double_Edge_Razor_Blades_Fit_Most_Safety_Razors_details_01.webp 800w, https:\/\/www.bailishaver.com\/wp-content\/uploads\/2024\/03\/Bulk_Double_Edge_Razor_Blades_Fit_Most_Safety_Razors_details_01-300x300.webp 300w, https:\/\/www.bailishaver.com\/wp-content\/uploads\/2024\/03\/Bulk_Double_Edge_Razor_Blades_Fit_Most_Safety_Razors_details_01-150x150.webp 150w, https:\/\/www.bailishaver.com\/wp-content\/uploads\/2024\/03\/Bulk_Double_Edge_Razor_Blades_Fit_Most_Safety_Razors_details_01-768x768.webp 768w, https:\/\/www.bailishaver.com\/wp-content\/uploads\/2024\/03\/Bulk_Double_Edge_Razor_Blades_Fit_Most_Safety_Razors_details_01-12x12.webp 12w\" sizes=\"(max-width: 800px) 100vw, 800px\" \/>\t\t\t\t\t<\/div>\n\n\t\t\t\t<\/div>\n\t\t\t\t<\/div>\n\t\t\t\t\t<\/div>\n\t\t<\/div>\n\t\t\t\t\t\t\t<\/div>\n\t\t<\/section>\n\t\t\t\t<section class=\"wd-negative-gap elementor-section elementor-top-section elementor-element elementor-element-4f9cf17a elementor-section-content-middle elementor-section-boxed elementor-section-height-default elementor-section-height-default wd-section-disabled\" data-id=\"4f9cf17a\" data-element_type=\"section\">\n\t\t\t\t\t\t<div class=\"elementor-container elementor-column-gap-default\">\n\t\t\t\t\t<div class=\"elementor-column elementor-col-50 elementor-top-column elementor-element elementor-element-19f1ba6b\" data-id=\"19f1ba6b\" data-element_type=\"column\">\n\t\t\t<div class=\"elementor-widget-wrap elementor-element-populated\">\n\t\t\t\t\t\t\t\t<div class=\"elementor-element elementor-element-076a733 elementor-hidden-desktop elementor-hidden-tablet elementor-widget elementor-widget-wd_text_block\" data-id=\"076a733\" data-element_type=\"widget\" data-widget_type=\"wd_text_block.default\">\n\t\t\t\t<div class=\"elementor-widget-container\">\n\t\t\t\t\t<div class=\"wd-text-block reset-last-child text-left color-title\">\n\t\t\t\n\t\t\t<p>*Convient \u00e0 la plupart des rasoirs de s\u00e9curit\u00e9 standard, les lames de rasoir de s\u00e9curit\u00e9 \u00e0 double tranchant peuvent \u00eatre parfaitement adapt\u00e9es \u00e0 tous les rasoirs de s\u00e9curit\u00e9 standard. Bien s\u00fbr, chacun d&#039;entre eux a \u00e9t\u00e9 test\u00e9 des milliers de fois pour obtenir l&#039;angle d&#039;exposition optimal de la lame\u00a0;<\/p><p>*Bord de lame ultra-fin \u00e0 0,01 cm, le plus tranchant et le plus lisse\u00a0;<\/p><p>*Rev\u00eatement platine pour une protection imperm\u00e9able et antirouille\u00a0;<\/p><p>*Mat\u00e9riau en acier import\u00e9, savoir-faire de qualit\u00e9 sup\u00e9rieure, qualit\u00e9 assur\u00e9e\u00a0;<\/p><p>*Fabriqu\u00e9 avec pr\u00e9cision selon les normes SANDVIK, mettant en valeur un travail m\u00e9ticuleux\u00a0;<\/p><p>*Aiguis\u00e9 et lisse, garantissant que chaque rasage donne l&#039;impression d&#039;utiliser une nouvelle lame\u00a0;<\/p><p>*5 pi\u00e8ces dans un petit emballage int\u00e9rieur vous permettent de conserver et de transporter facilement pendant vos voyages ou voyages d&#039;affaires.<\/p>\n\t\t\t\t\t<\/div>\n\t\t\t\t<\/div>\n\t\t\t\t<\/div>\n\t\t\t\t<div class=\"elementor-element elementor-element-437736a3 elementor-widget elementor-widget-wd_image_or_svg\" data-id=\"437736a3\" data-element_type=\"widget\" data-widget_type=\"wd_image_or_svg.default\">\n\t\t\t\t<div class=\"elementor-widget-container\">\n\t\t\t\n\t\t<div class=\"wd-image text-left\">\n\t\t\t\t\t\t\t\t<img decoding=\"async\" width=\"800\" height=\"800\" src=\"https:\/\/www.bailishaver.com\/wp-content\/uploads\/2024\/03\/Bulk_Double_Edge_Razor_Blades_Fit_Most_Safety_Razors_details_02.webp\" class=\"attachment-full size-full wp-image-231832\" alt=\"\" srcset=\"https:\/\/www.bailishaver.com\/wp-content\/uploads\/2024\/03\/Bulk_Double_Edge_Razor_Blades_Fit_Most_Safety_Razors_details_02.webp 800w, https:\/\/www.bailishaver.com\/wp-content\/uploads\/2024\/03\/Bulk_Double_Edge_Razor_Blades_Fit_Most_Safety_Razors_details_02-300x300.webp 300w, https:\/\/www.bailishaver.com\/wp-content\/uploads\/2024\/03\/Bulk_Double_Edge_Razor_Blades_Fit_Most_Safety_Razors_details_02-150x150.webp 150w, https:\/\/www.bailishaver.com\/wp-content\/uploads\/2024\/03\/Bulk_Double_Edge_Razor_Blades_Fit_Most_Safety_Razors_details_02-768x768.webp 768w, https:\/\/www.bailishaver.com\/wp-content\/uploads\/2024\/03\/Bulk_Double_Edge_Razor_Blades_Fit_Most_Safety_Razors_details_02-12x12.webp 12w\" sizes=\"(max-width: 800px) 100vw, 800px\" \/>\t\t\t\t\t<\/div>\n\n\t\t\t\t<\/div>\n\t\t\t\t<\/div>\n\t\t\t\t\t<\/div>\n\t\t<\/div>\n\t\t\t\t<div class=\"elementor-column elementor-col-50 elementor-top-column elementor-element elementor-element-7871959a\" data-id=\"7871959a\" data-element_type=\"column\">\n\t\t\t<div class=\"elementor-widget-wrap elementor-element-populated\">\n\t\t\t\t\t\t\t\t<div class=\"elementor-element elementor-element-4f3e2e1a elementor-hidden-mobile elementor-widget elementor-widget-wd_text_block\" data-id=\"4f3e2e1a\" data-element_type=\"widget\" data-widget_type=\"wd_text_block.default\">\n\t\t\t\t<div class=\"elementor-widget-container\">\n\t\t\t\t\t<div class=\"wd-text-block reset-last-child text-left color-title\">\n\t\t\t\n\t\t\t<p>*Convient \u00e0 la plupart des rasoirs de s\u00e9curit\u00e9 standard, les lames de rasoir de s\u00e9curit\u00e9 \u00e0 double tranchant peuvent \u00eatre parfaitement adapt\u00e9es \u00e0 tous les rasoirs de s\u00e9curit\u00e9 standard. Bien s\u00fbr, chacun d&#039;entre eux a \u00e9t\u00e9 test\u00e9 des milliers de fois pour obtenir l&#039;angle d&#039;exposition optimal de la lame\u00a0;<\/p><p>*Bord de lame ultra-fin \u00e0 0,01 cm, le plus tranchant et le plus lisse\u00a0;<\/p><p>*Rev\u00eatement platine pour une protection imperm\u00e9able et antirouille\u00a0;<\/p><p>*Mat\u00e9riau en acier import\u00e9, savoir-faire de qualit\u00e9 sup\u00e9rieure, qualit\u00e9 assur\u00e9e\u00a0;<\/p><p>*Fabriqu\u00e9 avec pr\u00e9cision selon les normes SANDVIK, mettant en valeur un travail m\u00e9ticuleux\u00a0;<\/p><p>*Aiguis\u00e9 et lisse, garantissant que chaque rasage donne l&#039;impression d&#039;utiliser une nouvelle lame\u00a0;<\/p><p>*5 pi\u00e8ces dans un petit emballage int\u00e9rieur vous permettent de conserver et de transporter facilement pendant vos voyages ou voyages d&#039;affaires.<\/p>\n\t\t\t\t\t<\/div>\n\t\t\t\t<\/div>\n\t\t\t\t<\/div>\n\t\t\t\t\t<\/div>\n\t\t<\/div>\n\t\t\t\t\t\t\t<\/div>\n\t\t<\/section>\n\t\t\t\t<section class=\"wd-negative-gap elementor-section elementor-top-section elementor-element elementor-element-2e747d07 elementor-section-boxed elementor-section-height-default elementor-section-height-default wd-section-disabled\" data-id=\"2e747d07\" data-element_type=\"section\">\n\t\t\t\t\t\t<div class=\"elementor-container elementor-column-gap-default\">\n\t\t\t\t\t<div class=\"elementor-column elementor-col-100 elementor-top-column elementor-element elementor-element-70f07ba7\" data-id=\"70f07ba7\" data-element_type=\"column\">\n\t\t\t<div class=\"elementor-widget-wrap elementor-element-populated\">\n\t\t\t\t\t\t\t\t<div class=\"elementor-element elementor-element-7f86f569 elementor-widget elementor-widget-accordion\" data-id=\"7f86f569\" data-element_type=\"widget\" data-widget_type=\"accordion.default\">\n\t\t\t\t<div class=\"elementor-widget-container\">\n\t\t\t<style>\/*! elementor - v3.18.0 - 20-12-2023 *\/\n.elementor-accordion{text-align:left}.elementor-accordion .elementor-accordion-item{border:1px solid #d5d8dc}.elementor-accordion .elementor-accordion-item+.elementor-accordion-item{border-top:none}.elementor-accordion .elementor-tab-title{margin:0;padding:15px 20px;font-weight:700;line-height:1;cursor:pointer;outline:none}.elementor-accordion .elementor-tab-title .elementor-accordion-icon{display:inline-block;width:1.5em}.elementor-accordion .elementor-tab-title .elementor-accordion-icon svg{width:1em;height:1em}.elementor-accordion .elementor-tab-title .elementor-accordion-icon.elementor-accordion-icon-right{float:right;text-align:right}.elementor-accordion .elementor-tab-title .elementor-accordion-icon.elementor-accordion-icon-left{float:left;text-align:left}.elementor-accordion .elementor-tab-title .elementor-accordion-icon .elementor-accordion-icon-closed{display:block}.elementor-accordion .elementor-tab-title .elementor-accordion-icon .elementor-accordion-icon-opened,.elementor-accordion .elementor-tab-title.elementor-active .elementor-accordion-icon-closed{display:none}.elementor-accordion .elementor-tab-title.elementor-active .elementor-accordion-icon-opened{display:block}.elementor-accordion .elementor-tab-content{display:none;padding:15px 20px;border-top:1px solid #d5d8dc}@media (max-width:767px){.elementor-accordion .elementor-tab-title{padding:12px 15px}.elementor-accordion .elementor-tab-title .elementor-accordion-icon{width:1.2em}.elementor-accordion .elementor-tab-content{padding:7px 15px}}.e-con-inner>.elementor-widget-accordion,.e-con>.elementor-widget-accordion{width:var(--container-widget-width);--flex-grow:var(--container-widget-flex-grow)}<\/style>\t\t<div class=\"elementor-accordion\">\n\t\t\t\t\t\t\t<div class=\"elementor-accordion-item\">\n\t\t\t\t\t<div id=\"elementor-tab-title-2131\" class=\"elementor-tab-title\" data-tab=\"1\" role=\"button\" aria-controls=\"elementor-tab-content-2131\" aria-expanded=\"false\">\n\t\t\t\t\t\t\t\t\t\t\t\t\t<span class=\"elementor-accordion-icon elementor-accordion-icon-left\" aria-hidden=\"true\">\n\t\t\t\t\t\t\t\t\t\t\t\t\t\t\t<span class=\"elementor-accordion-icon-closed\"><i class=\"fas fa-caret-down\"><\/i><\/span>\n\t\t\t\t\t\t\t\t<span class=\"elementor-accordion-icon-opened\"><i class=\"fas fa-caret-up\"><\/i><\/span>\n\t\t\t\t\t\t\t\t\t\t\t\t\t\t<\/span>\n\t\t\t\t\t\t\t\t\t\t\t\t<a class=\"elementor-accordion-title\" tabindex=\"0\">Emballer<\/a>\n\t\t\t\t\t<\/div>\n\t\t\t\t\t<div id=\"elementor-tab-content-2131\" class=\"elementor-tab-content elementor-clearfix\" data-tab=\"1\" role=\"region\" aria-labelledby=\"elementor-tab-title-2131\"><table><tbody><tr><td>Produit<\/td><td>Pi\u00e8ces<\/td><td>Emballer<\/td><td>Taille<\/td><td>Poids brut<\/td><\/tr><tr><td rowspan=\"2\">BB5<\/td><td class=\"et4\">10<\/td><td class=\"et4\">Bo\u00eete<\/td><td class=\"et4\">48\u00d726\u00d77mm<\/td><td class=\"et4\">5,4 g<\/td><\/tr><tr><td class=\"et4\">1800<\/td><td class=\"et4\">Carton<\/td><td class=\"et4\">500\u00d7240\u00d7230mm<\/td><td class=\"et4\">10,3 kg<\/td><\/tr><\/tbody><\/table><\/div>\n\t\t\t\t<\/div>\n\t\t\t\t\t\t\t<div class=\"elementor-accordion-item\">\n\t\t\t\t\t<div id=\"elementor-tab-title-2132\" class=\"elementor-tab-title\" data-tab=\"2\" role=\"button\" aria-controls=\"elementor-tab-content-2132\" aria-expanded=\"false\">\n\t\t\t\t\t\t\t\t\t\t\t\t\t<span class=\"elementor-accordion-icon elementor-accordion-icon-left\" aria-hidden=\"true\">\n\t\t\t\t\t\t\t\t\t\t\t\t\t\t\t<span class=\"elementor-accordion-icon-closed\"><i class=\"fas fa-caret-down\"><\/i><\/span>\n\t\t\t\t\t\t\t\t<span class=\"elementor-accordion-icon-opened\"><i class=\"fas fa-caret-up\"><\/i><\/span>\n\t\t\t\t\t\t\t\t\t\t\t\t\t\t<\/span>\n\t\t\t\t\t\t\t\t\t\t\t\t<a class=\"elementor-accordion-title\" tabindex=\"0\"> Exp\u00e9dition<\/a>\n\t\t\t\t\t<\/div>\n\t\t\t\t\t<div id=\"elementor-tab-content-2132\" class=\"elementor-tab-content elementor-clearfix\" data-tab=\"2\" role=\"region\" aria-labelledby=\"elementor-tab-title-2132\"><p>La commande d&#039;\u00e9chantillon peut \u00eatre exp\u00e9di\u00e9e dans un d\u00e9lai de 3 \u00e0 7 jours\u00a0;<br \/>La production de commandes group\u00e9es ou de commandes personnalis\u00e9es prend 15 \u00e0 30 jours.<\/p><\/div>\n\t\t\t\t<\/div>\n\t\t\t\t\t\t\t\t<\/div>\n\t\t\t\t<\/div>\n\t\t\t\t<\/div>\n\t\t\t\t\t<\/div>\n\t\t<\/div>\n\t\t\t\t\t\t\t<\/div>\n\t\t<\/section>\n\t\t\t\t\t\t\t<\/div>","protected":false},"excerpt":{"rendered":"<p><strong>Mod\u00e8le : BB5 <\/strong><\/p>\n<div class=\"DescriptionImg\">\n<div class=\"image-box\">\n<p><img decoding=\"async\" src=\"https:\/\/bailishaver.com\/wp-content\/uploads\/2024\/02\/Reusable_Razor_Blade_Icon.webp\" alt=\"Image1\" \/><\/p>\n<div class=\"caption\">Le plus net<\/div>\n<\/div>\n<div class=\"image-box\">\n<p><img decoding=\"async\" src=\"https:\/\/bailishaver.com\/wp-content\/uploads\/2024\/02\/Double_Edge_Icon.webp\" alt=\"Image2\" \/><\/p>\n<div class=\"caption\">Double tranchant<\/div>\n<\/div>\n<div class=\"image-box\">\n<p><img decoding=\"async\" src=\"https:\/\/bailishaver.com\/wp-content\/uploads\/2023\/12\/Customizable.webp\" alt=\"Image3\" \/><\/p>\n<div class=\"caption\">Personnalisable<\/div>\n<\/div>\n<\/div>","protected":false},"featured_media":231824,"comment_status":"open","ping_status":"closed","template":"","meta":[],"product_cat":[35,72],"product_tag":[],"yoast_head":"<!-- This site is optimized with the Yoast SEO plugin v21.4 - https:\/\/yoast.com\/wordpress\/plugins\/seo\/ -->\n<title>Bulk Double Edge Razor Blades Fit Most Safety Razors - Guangzhou Weidi Technology Co.,Ltd<\/title>\n<meta name=\"description\" content=\"Sharpest double edge razor blades, 5 pieces in a small inner packing enable you to keep and carry easily during traveling or business trip.\" \/>\n<meta name=\"robots\" content=\"index, follow, max-snippet:-1, max-image-preview:large, max-video-preview:-1\" \/>\n<link rel=\"canonical\" href=\"https:\/\/www.bailishaver.com\/fr\/produit\/bulk-double-edge-razor-blades-fit-most-safety-razors-2\/\" \/>\n<meta property=\"og:locale\" content=\"fr_FR\" \/>\n<meta property=\"og:type\" content=\"article\" \/>\n<meta property=\"og:title\" content=\"Bulk Double Edge Razor Blades Fit Most Safety Razors - Guangzhou Weidi Technology Co.,Ltd\" \/>\n<meta property=\"og:description\" content=\"Sharpest double edge razor blades, 5 pieces in a small inner packing enable you to keep and carry easily during traveling or business trip.\" \/>\n<meta property=\"og:url\" content=\"https:\/\/www.bailishaver.com\/fr\/produit\/bulk-double-edge-razor-blades-fit-most-safety-razors-2\/\" \/>\n<meta property=\"og:site_name\" content=\"Guangzhou Weidi Technology Co.,Ltd\" \/>\n<meta property=\"article:modified_time\" content=\"2024-04-10T07:39:48+00:00\" \/>\n<meta property=\"og:image\" content=\"https:\/\/www.bailishaver.com\/wp-content\/uploads\/2024\/03\/Bulk_Double_Edge_Razor_Blades_Fit_Most_Safety_Razors_01.webp\" \/>\n\t<meta property=\"og:image:width\" content=\"800\" \/>\n\t<meta property=\"og:image:height\" content=\"800\" \/>\n\t<meta property=\"og:image:type\" content=\"image\/webp\" \/>\n<meta name=\"twitter:card\" content=\"summary_large_image\" \/>\n<meta name=\"twitter:label1\" content=\"Dur\u00e9e de lecture estim\u00e9e\" \/>\n\t<meta name=\"twitter:data1\" content=\"2 minutes\" \/>\n<script type=\"application\/ld+json\" class=\"yoast-schema-graph\">{\"@context\":\"https:\/\/schema.org\",\"@graph\":[{\"@type\":\"WebPage\",\"@id\":\"https:\/\/www.bailishaver.com\/product\/bulk-double-edge-razor-blades-fit-most-safety-razors-2\/\",\"url\":\"https:\/\/www.bailishaver.com\/product\/bulk-double-edge-razor-blades-fit-most-safety-razors-2\/\",\"name\":\"Bulk Double Edge Razor Blades Fit Most Safety Razors - Guangzhou Weidi Technology Co.,Ltd\",\"isPartOf\":{\"@id\":\"https:\/\/www.bailishaver.com\/#website\"},\"datePublished\":\"2024-04-10T07:27:07+00:00\",\"dateModified\":\"2024-04-10T07:39:48+00:00\",\"description\":\"Sharpest double edge razor blades, 5 pieces in a small inner packing enable you to keep and carry easily during traveling or business trip.\",\"breadcrumb\":{\"@id\":\"https:\/\/www.bailishaver.com\/product\/bulk-double-edge-razor-blades-fit-most-safety-razors-2\/#breadcrumb\"},\"inLanguage\":\"fr-FR\",\"potentialAction\":[{\"@type\":\"ReadAction\",\"target\":[\"https:\/\/www.bailishaver.com\/product\/bulk-double-edge-razor-blades-fit-most-safety-razors-2\/\"]}]},{\"@type\":\"BreadcrumbList\",\"@id\":\"https:\/\/www.bailishaver.com\/product\/bulk-double-edge-razor-blades-fit-most-safety-razors-2\/#breadcrumb\",\"itemListElement\":[{\"@type\":\"ListItem\",\"position\":1,\"name\":\"HOME\",\"item\":\"https:\/\/www.bailishaver.com\/\"},{\"@type\":\"ListItem\",\"position\":2,\"name\":\"Product\",\"item\":\"https:\/\/www.bailishaver.com\/product\/\"},{\"@type\":\"ListItem\",\"position\":3,\"name\":\"Bulk Double Edge Razor Blades Fit Most Safety Razors\"}]},{\"@type\":\"WebSite\",\"@id\":\"https:\/\/www.bailishaver.com\/#website\",\"url\":\"https:\/\/www.bailishaver.com\/\",\"name\":\"Guangzhou Weidi Technology Co.,Ltd\",\"description\":\"system razors, lady razors, shaving kits, blade and refill, disposable razor, shaving , accessories, etc.\",\"potentialAction\":[{\"@type\":\"SearchAction\",\"target\":{\"@type\":\"EntryPoint\",\"urlTemplate\":\"https:\/\/www.bailishaver.com\/?s={search_term_string}\"},\"query-input\":\"required name=search_term_string\"}],\"inLanguage\":\"fr-FR\"}]}<\/script>\n<!-- \/ Yoast SEO plugin. -->","yoast_head_json":{"title":"Bulk Double Edge Razor Blades Fit Most Safety Razors - Guangzhou Weidi Technology Co.,Ltd","description":"Sharpest double edge razor blades, 5 pieces in a small inner packing enable you to keep and carry easily during traveling or business trip.","robots":{"index":"index","follow":"follow","max-snippet":"max-snippet:-1","max-image-preview":"max-image-preview:large","max-video-preview":"max-video-preview:-1"},"canonical":"https:\/\/www.bailishaver.com\/fr\/produit\/bulk-double-edge-razor-blades-fit-most-safety-razors-2\/","og_locale":"fr_FR","og_type":"article","og_title":"Bulk Double Edge Razor Blades Fit Most Safety Razors - Guangzhou Weidi Technology Co.,Ltd","og_description":"Sharpest double edge razor blades, 5 pieces in a small inner packing enable you to keep and carry easily during traveling or business trip.","og_url":"https:\/\/www.bailishaver.com\/fr\/produit\/bulk-double-edge-razor-blades-fit-most-safety-razors-2\/","og_site_name":"Guangzhou Weidi Technology Co.,Ltd","article_modified_time":"2024-04-10T07:39:48+00:00","og_image":[{"width":800,"height":800,"url":"https:\/\/www.bailishaver.com\/wp-content\/uploads\/2024\/03\/Bulk_Double_Edge_Razor_Blades_Fit_Most_Safety_Razors_01.webp","type":"image\/webp"}],"twitter_card":"summary_large_image","twitter_misc":{"Dur\u00e9e de lecture estim\u00e9e":"2 minutes"},"schema":{"@context":"https:\/\/schema.org","@graph":[{"@type":"WebPage","@id":"https:\/\/www.bailishaver.com\/product\/bulk-double-edge-razor-blades-fit-most-safety-razors-2\/","url":"https:\/\/www.bailishaver.com\/product\/bulk-double-edge-razor-blades-fit-most-safety-razors-2\/","name":"Bulk Double Edge Razor Blades Fit Most Safety Razors - Guangzhou Weidi Technology Co.,Ltd","isPartOf":{"@id":"https:\/\/www.bailishaver.com\/#website"},"datePublished":"2024-04-10T07:27:07+00:00","dateModified":"2024-04-10T07:39:48+00:00","description":"Sharpest double edge razor blades, 5 pieces in a small inner packing enable you to keep and carry easily during traveling or business trip.","breadcrumb":{"@id":"https:\/\/www.bailishaver.com\/product\/bulk-double-edge-razor-blades-fit-most-safety-razors-2\/#breadcrumb"},"inLanguage":"fr-FR","potentialAction":[{"@type":"ReadAction","target":["https:\/\/www.bailishaver.com\/product\/bulk-double-edge-razor-blades-fit-most-safety-razors-2\/"]}]},{"@type":"BreadcrumbList","@id":"https:\/\/www.bailishaver.com\/product\/bulk-double-edge-razor-blades-fit-most-safety-razors-2\/#breadcrumb","itemListElement":[{"@type":"ListItem","position":1,"name":"HOME","item":"https:\/\/www.bailishaver.com\/"},{"@type":"ListItem","position":2,"name":"Product","item":"https:\/\/www.bailishaver.com\/product\/"},{"@type":"ListItem","position":3,"name":"Bulk Double Edge Razor Blades Fit Most Safety Razors"}]},{"@type":"WebSite","@id":"https:\/\/www.bailishaver.com\/#website","url":"https:\/\/www.bailishaver.com\/","name":"Guangzhou Weidi Technology Co.,Ltd","description":"system razors, lady razors, shaving kits, blade and refill, disposable razor, shaving , accessories, etc.","potentialAction":[{"@type":"SearchAction","target":{"@type":"EntryPoint","urlTemplate":"https:\/\/www.bailishaver.com\/?s={search_term_string}"},"query-input":"required name=search_term_string"}],"inLanguage":"fr-FR"}]}},"_links":{"self":[{"href":"https:\/\/www.bailishaver.com\/fr\/wp-json\/wp\/v2\/product\/232050"}],"collection":[{"href":"https:\/\/www.bailishaver.com\/fr\/wp-json\/wp\/v2\/product"}],"about":[{"href":"https:\/\/www.bailishaver.com\/fr\/wp-json\/wp\/v2\/types\/product"}],"replies":[{"embeddable":true,"href":"https:\/\/www.bailishaver.com\/fr\/wp-json\/wp\/v2\/comments?post=232050"}],"version-history":[{"count":1,"href":"https:\/\/www.bailishaver.com\/fr\/wp-json\/wp\/v2\/product\/232050\/revisions"}],"predecessor-version":[{"id":232055,"href":"https:\/\/www.bailishaver.com\/fr\/wp-json\/wp\/v2\/product\/232050\/revisions\/232055"}],"wp:featuredmedia":[{"embeddable":true,"href":"https:\/\/www.bailishaver.com\/fr\/wp-json\/wp\/v2\/media\/231824"}],"wp:attachment":[{"href":"https:\/\/www.bailishaver.com\/fr\/wp-json\/wp\/v2\/media?parent=232050"}],"wp:term":[{"taxonomy":"product_cat","embeddable":true,"href":"https:\/\/www.bailishaver.com\/fr\/wp-json\/wp\/v2\/product_cat?post=232050"},{"taxonomy":"product_tag","embeddable":true,"href":"https:\/\/www.bailishaver.com\/fr\/wp-json\/wp\/v2\/product_tag?post=232050"}],"curies":[{"name":"wp","href":"https:\/\/api.w.org\/{rel}","templated":true}]}}