{"id":232047,"date":"2024-04-10T14:32:49","date_gmt":"2024-04-10T06:32:49","guid":{"rendered":"https:\/\/bailishaver.com\/?post_type=product&#038;p=232047"},"modified":"2026-04-08T11:04:15","modified_gmt":"2026-04-08T03:04:15","slug":"platinum-coated-smooth-double-edge-razor-blades-for-shaving","status":"publish","type":"product","link":"https:\/\/www.bailishaver.com\/fr\/produit\/platinum-coated-smooth-double-edge-razor-blades-for-shaving\/","title":{"rendered":"Lames de rasoir lisses \u00e0 double tranchant avec rev\u00eatement en platine pour le rasage"},"content":{"rendered":"<div data-elementor-type=\"product-post\" data-elementor-id=\"232047\" class=\"elementor elementor-232047\" data-elementor-post-type=\"product\">\n\t\t\t\t\t\t\t\t\t<section class=\"wd-negative-gap elementor-section elementor-top-section elementor-element elementor-element-1bc87b1b elementor-section-content-middle elementor-section-boxed elementor-section-height-default elementor-section-height-default wd-section-disabled\" data-id=\"1bc87b1b\" data-element_type=\"section\">\n\t\t\t\t\t\t<div class=\"elementor-container elementor-column-gap-default\">\n\t\t\t\t\t<div class=\"elementor-column elementor-col-50 elementor-top-column elementor-element elementor-element-77002fbc\" data-id=\"77002fbc\" data-element_type=\"column\">\n\t\t\t<div class=\"elementor-widget-wrap elementor-element-populated\">\n\t\t\t\t\t\t\t\t<div class=\"elementor-element elementor-element-36c4be58 elementor-widget elementor-widget-wd_text_block\" data-id=\"36c4be58\" data-element_type=\"widget\" data-widget_type=\"wd_text_block.default\">\n\t\t\t\t<div class=\"elementor-widget-container\">\n\t\t\t\t\t<div class=\"wd-text-block reset-last-child text-left color-title\">\n\t\t\t\n\t\t\t<p>Mod\u00e8le : BB1<\/p><p>Taille\u00a0: 43 \u00d7 22 \u00d7 0,1 mm<\/p><p>Poids : 0,56 g<\/p><p>mat\u00e9riel: acier inoxydable<\/p><p>Caract\u00e9ristiques : rev\u00eatement platine ; Le plus pointu\u00a0; Lavable; R\u00e9utilisable\u00a0; Imperm\u00e9able; Antirouille<\/p>\n\t\t\t\t\t<\/div>\n\t\t\t\t<\/div>\n\t\t\t\t<\/div>\n\t\t\t\t\t<\/div>\n\t\t<\/div>\n\t\t\t\t<div class=\"elementor-column elementor-col-50 elementor-top-column elementor-element elementor-element-3e96e9b6\" data-id=\"3e96e9b6\" data-element_type=\"column\">\n\t\t\t<div class=\"elementor-widget-wrap elementor-element-populated\">\n\t\t\t\t\t\t\t\t<div class=\"elementor-element elementor-element-14cb92f9 elementor-widget elementor-widget-wd_image_or_svg\" data-id=\"14cb92f9\" data-element_type=\"widget\" data-widget_type=\"wd_image_or_svg.default\">\n\t\t\t\t<div class=\"elementor-widget-container\">\n\t\t\t\n\t\t<div class=\"wd-image text-left\">\n\t\t\t\t\t\t\t\t<img fetchpriority=\"high\" decoding=\"async\" width=\"800\" height=\"800\" src=\"https:\/\/www.bailishaver.com\/wp-content\/uploads\/2024\/03\/Platinum_Coated_Smooth_Double_Edge_Razor_Blades_for_Shaving_details_01.webp\" class=\"attachment-full size-full wp-image-231843\" alt=\"\" srcset=\"https:\/\/www.bailishaver.com\/wp-content\/uploads\/2024\/03\/Platinum_Coated_Smooth_Double_Edge_Razor_Blades_for_Shaving_details_01.webp 800w, https:\/\/www.bailishaver.com\/wp-content\/uploads\/2024\/03\/Platinum_Coated_Smooth_Double_Edge_Razor_Blades_for_Shaving_details_01-300x300.webp 300w, https:\/\/www.bailishaver.com\/wp-content\/uploads\/2024\/03\/Platinum_Coated_Smooth_Double_Edge_Razor_Blades_for_Shaving_details_01-150x150.webp 150w, https:\/\/www.bailishaver.com\/wp-content\/uploads\/2024\/03\/Platinum_Coated_Smooth_Double_Edge_Razor_Blades_for_Shaving_details_01-768x768.webp 768w, https:\/\/www.bailishaver.com\/wp-content\/uploads\/2024\/03\/Platinum_Coated_Smooth_Double_Edge_Razor_Blades_for_Shaving_details_01-12x12.webp 12w\" sizes=\"(max-width: 800px) 100vw, 800px\" \/>\t\t\t\t\t<\/div>\n\n\t\t\t\t<\/div>\n\t\t\t\t<\/div>\n\t\t\t\t\t<\/div>\n\t\t<\/div>\n\t\t\t\t\t\t\t<\/div>\n\t\t<\/section>\n\t\t\t\t<section class=\"wd-negative-gap elementor-section elementor-top-section elementor-element elementor-element-4f9cf17a elementor-section-content-middle elementor-section-boxed elementor-section-height-default elementor-section-height-default wd-section-disabled\" data-id=\"4f9cf17a\" data-element_type=\"section\">\n\t\t\t\t\t\t<div class=\"elementor-container elementor-column-gap-default\">\n\t\t\t\t\t<div class=\"elementor-column elementor-col-50 elementor-top-column elementor-element elementor-element-19f1ba6b\" data-id=\"19f1ba6b\" data-element_type=\"column\">\n\t\t\t<div class=\"elementor-widget-wrap elementor-element-populated\">\n\t\t\t\t\t\t\t\t<div class=\"elementor-element elementor-element-076a733 elementor-hidden-desktop elementor-hidden-tablet elementor-widget elementor-widget-wd_text_block\" data-id=\"076a733\" data-element_type=\"widget\" data-widget_type=\"wd_text_block.default\">\n\t\t\t\t<div class=\"elementor-widget-container\">\n\t\t\t\t\t<div class=\"wd-text-block reset-last-child text-left color-title\">\n\t\t\t\n\t\t\t<p>*Acier inoxydable rev\u00eatu de platine de qualit\u00e9 sup\u00e9rieure : les lames de rasoir de s\u00e9curit\u00e9 Baili \u00e0 double tranchant sont fabriqu\u00e9es en acier inoxydable am\u00e9ricain pour un rasage durable, pr\u00e9cis et facile, cela peut vous faire gagner du temps et de l&#039;argent. Le rev\u00eatement en platine de haute pr\u00e9cision emp\u00eache la rouille, conserve leur tranchant et leur douceur\u00a0;<\/p><p>*Bord de lame ultra-fin \u00e0 0,01 cm, le plus tranchant et le plus lisse\u00a0;<\/p><p>*Rev\u00eatement platine pour une protection imperm\u00e9able et antirouille\u00a0;<\/p><p>*Mat\u00e9riau en acier import\u00e9, savoir-faire de qualit\u00e9 sup\u00e9rieure, qualit\u00e9 assur\u00e9e\u00a0;<\/p><p>*Fabriqu\u00e9 avec pr\u00e9cision selon les normes SANDVIK, mettant en valeur un travail m\u00e9ticuleux\u00a0;<\/p><p>*Aiguis\u00e9 et lisse, garantissant que chaque rasage donne l&#039;impression d&#039;utiliser une nouvelle lame.<\/p>\n\t\t\t\t\t<\/div>\n\t\t\t\t<\/div>\n\t\t\t\t<\/div>\n\t\t\t\t<div class=\"elementor-element elementor-element-437736a3 elementor-widget elementor-widget-wd_image_or_svg\" data-id=\"437736a3\" data-element_type=\"widget\" data-widget_type=\"wd_image_or_svg.default\">\n\t\t\t\t<div class=\"elementor-widget-container\">\n\t\t\t\n\t\t<div class=\"wd-image text-left\">\n\t\t\t\t\t\t\t\t<img decoding=\"async\" width=\"800\" height=\"800\" src=\"https:\/\/www.bailishaver.com\/wp-content\/uploads\/2024\/03\/Platinum_Coated_Smooth_Double_Edge_Razor_Blades_for_Shaving_details_02.webp\" class=\"attachment-full size-full wp-image-231844\" alt=\"\" srcset=\"https:\/\/www.bailishaver.com\/wp-content\/uploads\/2024\/03\/Platinum_Coated_Smooth_Double_Edge_Razor_Blades_for_Shaving_details_02.webp 800w, https:\/\/www.bailishaver.com\/wp-content\/uploads\/2024\/03\/Platinum_Coated_Smooth_Double_Edge_Razor_Blades_for_Shaving_details_02-300x300.webp 300w, https:\/\/www.bailishaver.com\/wp-content\/uploads\/2024\/03\/Platinum_Coated_Smooth_Double_Edge_Razor_Blades_for_Shaving_details_02-150x150.webp 150w, https:\/\/www.bailishaver.com\/wp-content\/uploads\/2024\/03\/Platinum_Coated_Smooth_Double_Edge_Razor_Blades_for_Shaving_details_02-768x768.webp 768w, https:\/\/www.bailishaver.com\/wp-content\/uploads\/2024\/03\/Platinum_Coated_Smooth_Double_Edge_Razor_Blades_for_Shaving_details_02-12x12.webp 12w\" sizes=\"(max-width: 800px) 100vw, 800px\" \/>\t\t\t\t\t<\/div>\n\n\t\t\t\t<\/div>\n\t\t\t\t<\/div>\n\t\t\t\t\t<\/div>\n\t\t<\/div>\n\t\t\t\t<div class=\"elementor-column elementor-col-50 elementor-top-column elementor-element elementor-element-7871959a\" data-id=\"7871959a\" data-element_type=\"column\">\n\t\t\t<div class=\"elementor-widget-wrap elementor-element-populated\">\n\t\t\t\t\t\t\t\t<div class=\"elementor-element elementor-element-4f3e2e1a elementor-hidden-mobile elementor-widget elementor-widget-wd_text_block\" data-id=\"4f3e2e1a\" data-element_type=\"widget\" data-widget_type=\"wd_text_block.default\">\n\t\t\t\t<div class=\"elementor-widget-container\">\n\t\t\t\t\t<div class=\"wd-text-block reset-last-child text-left color-title\">\n\t\t\t\n\t\t\t<p>*Acier inoxydable rev\u00eatu de platine de qualit\u00e9 sup\u00e9rieure : les lames de rasoir de s\u00e9curit\u00e9 Baili \u00e0 double tranchant sont fabriqu\u00e9es en acier inoxydable am\u00e9ricain pour un rasage durable, pr\u00e9cis et facile, cela peut vous faire gagner du temps et de l&#039;argent. Le rev\u00eatement en platine de haute pr\u00e9cision emp\u00eache la rouille, conserve leur tranchant et leur douceur\u00a0;<\/p><p>*Bord de lame ultra-fin \u00e0 0,01 cm, le plus tranchant et le plus lisse\u00a0;<\/p><p>*Rev\u00eatement platine pour une protection imperm\u00e9able et antirouille\u00a0;<\/p><p>*Mat\u00e9riau en acier import\u00e9, savoir-faire de qualit\u00e9 sup\u00e9rieure, qualit\u00e9 assur\u00e9e\u00a0;<\/p><p>*Fabriqu\u00e9 avec pr\u00e9cision selon les normes SANDVIK, mettant en valeur un travail m\u00e9ticuleux\u00a0;<\/p><p>*Aiguis\u00e9 et lisse, garantissant que chaque rasage donne l&#039;impression d&#039;utiliser une nouvelle lame.<\/p>\n\t\t\t\t\t<\/div>\n\t\t\t\t<\/div>\n\t\t\t\t<\/div>\n\t\t\t\t\t<\/div>\n\t\t<\/div>\n\t\t\t\t\t\t\t<\/div>\n\t\t<\/section>\n\t\t\t\t<section class=\"wd-negative-gap elementor-section elementor-top-section elementor-element elementor-element-5a78efc elementor-section-content-middle elementor-section-boxed elementor-section-height-default elementor-section-height-default wd-section-disabled\" data-id=\"5a78efc\" data-element_type=\"section\">\n\t\t\t\t\t\t<div class=\"elementor-container elementor-column-gap-default\">\n\t\t\t\t\t<div class=\"elementor-column elementor-col-50 elementor-top-column elementor-element elementor-element-224cbd05\" data-id=\"224cbd05\" data-element_type=\"column\">\n\t\t\t<div class=\"elementor-widget-wrap elementor-element-populated\">\n\t\t\t\t\t\t\t\t<div class=\"elementor-element elementor-element-6ab5a3bb elementor-widget elementor-widget-wd_text_block\" data-id=\"6ab5a3bb\" data-element_type=\"widget\" data-widget_type=\"wd_text_block.default\">\n\t\t\t\t<div class=\"elementor-widget-container\">\n\t\t\t\t\t<div class=\"wd-text-block reset-last-child text-left color-title\">\n\t\t\t\n\t\t\t<h5>*Con\u00e7u pour s&#039;adapter \u00e0 tous les rasoirs de s\u00e9curit\u00e9 \u00e0 double tranchant standard\u00a0;<\/h5><h5>*Utiliser \u00e0 plusieurs reprises\u00a0:<\/h5><p>R\u00e9utilisable plus de 5 \u00e0 10 fois pour chaque lame\u00a0;<\/p><p>Peut \u00eatre utilis\u00e9 avec du savon, du gel et de la cr\u00e8me \u00e0 raser, il suffit de rincer apr\u00e8s chaque utilisation\u00a0;<\/p><h5>*Service OEM\u00a0:<\/h5><p>Un logo personnalis\u00e9 sur la lame de rasoir ou l&#039;emballage est disponible.<\/p>\n\t\t\t\t\t<\/div>\n\t\t\t\t<\/div>\n\t\t\t\t<\/div>\n\t\t\t\t\t<\/div>\n\t\t<\/div>\n\t\t\t\t<div class=\"elementor-column elementor-col-50 elementor-top-column elementor-element elementor-element-5d2e379\" data-id=\"5d2e379\" data-element_type=\"column\">\n\t\t\t<div class=\"elementor-widget-wrap elementor-element-populated\">\n\t\t\t\t\t\t\t\t<div class=\"elementor-element elementor-element-25b8109f elementor-widget elementor-widget-wd_image_or_svg\" data-id=\"25b8109f\" data-element_type=\"widget\" data-widget_type=\"wd_image_or_svg.default\">\n\t\t\t\t<div class=\"elementor-widget-container\">\n\t\t\t\n\t\t<div class=\"wd-image text-left\">\n\t\t\t\t\t\t\t\t<img decoding=\"async\" width=\"800\" height=\"800\" src=\"https:\/\/www.bailishaver.com\/wp-content\/uploads\/2024\/03\/Bulk_Double_Edge_Razor_Blades_Fit_Most_Safety_Razors_details_02.webp\" class=\"attachment-full size-full wp-image-231832\" alt=\"\" srcset=\"https:\/\/www.bailishaver.com\/wp-content\/uploads\/2024\/03\/Bulk_Double_Edge_Razor_Blades_Fit_Most_Safety_Razors_details_02.webp 800w, https:\/\/www.bailishaver.com\/wp-content\/uploads\/2024\/03\/Bulk_Double_Edge_Razor_Blades_Fit_Most_Safety_Razors_details_02-300x300.webp 300w, https:\/\/www.bailishaver.com\/wp-content\/uploads\/2024\/03\/Bulk_Double_Edge_Razor_Blades_Fit_Most_Safety_Razors_details_02-150x150.webp 150w, https:\/\/www.bailishaver.com\/wp-content\/uploads\/2024\/03\/Bulk_Double_Edge_Razor_Blades_Fit_Most_Safety_Razors_details_02-768x768.webp 768w, https:\/\/www.bailishaver.com\/wp-content\/uploads\/2024\/03\/Bulk_Double_Edge_Razor_Blades_Fit_Most_Safety_Razors_details_02-12x12.webp 12w\" sizes=\"(max-width: 800px) 100vw, 800px\" \/>\t\t\t\t\t<\/div>\n\n\t\t\t\t<\/div>\n\t\t\t\t<\/div>\n\t\t\t\t\t<\/div>\n\t\t<\/div>\n\t\t\t\t\t\t\t<\/div>\n\t\t<\/section>\n\t\t\t\t<section class=\"wd-negative-gap elementor-section elementor-top-section elementor-element elementor-element-2e747d07 elementor-section-boxed elementor-section-height-default elementor-section-height-default wd-section-disabled\" data-id=\"2e747d07\" data-element_type=\"section\">\n\t\t\t\t\t\t<div class=\"elementor-container elementor-column-gap-default\">\n\t\t\t\t\t<div class=\"elementor-column elementor-col-100 elementor-top-column elementor-element elementor-element-70f07ba7\" data-id=\"70f07ba7\" data-element_type=\"column\">\n\t\t\t<div class=\"elementor-widget-wrap elementor-element-populated\">\n\t\t\t\t\t\t\t\t<div class=\"elementor-element elementor-element-7f86f569 elementor-widget elementor-widget-accordion\" data-id=\"7f86f569\" data-element_type=\"widget\" data-widget_type=\"accordion.default\">\n\t\t\t\t<div class=\"elementor-widget-container\">\n\t\t\t<style>\/*! elementor - v3.18.0 - 20-12-2023 *\/\n.elementor-accordion{text-align:left}.elementor-accordion .elementor-accordion-item{border:1px solid #d5d8dc}.elementor-accordion .elementor-accordion-item+.elementor-accordion-item{border-top:none}.elementor-accordion .elementor-tab-title{margin:0;padding:15px 20px;font-weight:700;line-height:1;cursor:pointer;outline:none}.elementor-accordion .elementor-tab-title .elementor-accordion-icon{display:inline-block;width:1.5em}.elementor-accordion .elementor-tab-title .elementor-accordion-icon svg{width:1em;height:1em}.elementor-accordion .elementor-tab-title .elementor-accordion-icon.elementor-accordion-icon-right{float:right;text-align:right}.elementor-accordion .elementor-tab-title .elementor-accordion-icon.elementor-accordion-icon-left{float:left;text-align:left}.elementor-accordion .elementor-tab-title .elementor-accordion-icon .elementor-accordion-icon-closed{display:block}.elementor-accordion .elementor-tab-title .elementor-accordion-icon .elementor-accordion-icon-opened,.elementor-accordion .elementor-tab-title.elementor-active .elementor-accordion-icon-closed{display:none}.elementor-accordion .elementor-tab-title.elementor-active .elementor-accordion-icon-opened{display:block}.elementor-accordion .elementor-tab-content{display:none;padding:15px 20px;border-top:1px solid #d5d8dc}@media (max-width:767px){.elementor-accordion .elementor-tab-title{padding:12px 15px}.elementor-accordion .elementor-tab-title .elementor-accordion-icon{width:1.2em}.elementor-accordion .elementor-tab-content{padding:7px 15px}}.e-con-inner>.elementor-widget-accordion,.e-con>.elementor-widget-accordion{width:var(--container-widget-width);--flex-grow:var(--container-widget-flex-grow)}<\/style>\t\t<div class=\"elementor-accordion\">\n\t\t\t\t\t\t\t<div class=\"elementor-accordion-item\">\n\t\t\t\t\t<div id=\"elementor-tab-title-2131\" class=\"elementor-tab-title\" data-tab=\"1\" role=\"button\" aria-controls=\"elementor-tab-content-2131\" aria-expanded=\"false\">\n\t\t\t\t\t\t\t\t\t\t\t\t\t<span class=\"elementor-accordion-icon elementor-accordion-icon-left\" aria-hidden=\"true\">\n\t\t\t\t\t\t\t\t\t\t\t\t\t\t\t<span class=\"elementor-accordion-icon-closed\"><i class=\"fas fa-caret-down\"><\/i><\/span>\n\t\t\t\t\t\t\t\t<span class=\"elementor-accordion-icon-opened\"><i class=\"fas fa-caret-up\"><\/i><\/span>\n\t\t\t\t\t\t\t\t\t\t\t\t\t\t<\/span>\n\t\t\t\t\t\t\t\t\t\t\t\t<a class=\"elementor-accordion-title\" tabindex=\"0\">Emballer<\/a>\n\t\t\t\t\t<\/div>\n\t\t\t\t\t<div id=\"elementor-tab-content-2131\" class=\"elementor-tab-content elementor-clearfix\" data-tab=\"1\" role=\"region\" aria-labelledby=\"elementor-tab-title-2131\"><table><tbody><tr><td>Produit<\/td><td>Pi\u00e8ces<\/td><td>Emballer<\/td><td>Taille<\/td><td>Poids brut<\/td><\/tr><tr><td rowspan=\"2\">BB1<\/td><td class=\"et4\">1<\/td><td class=\"et4\">Morceau<\/td><td class=\"et4\">43 \u00d7 22 \u00d7 0,1 mm<\/td><td class=\"et4\">0,56g<\/td><\/tr><tr><td class=\"et4\">14400<\/td><td class=\"et4\">Carton<\/td><td class=\"et4\">385\u00d7155\u00d7235mm<\/td><td class=\"et4\">9,4 kg<\/td><\/tr><\/tbody><\/table><\/div>\n\t\t\t\t<\/div>\n\t\t\t\t\t\t\t<div class=\"elementor-accordion-item\">\n\t\t\t\t\t<div id=\"elementor-tab-title-2132\" class=\"elementor-tab-title\" data-tab=\"2\" role=\"button\" aria-controls=\"elementor-tab-content-2132\" aria-expanded=\"false\">\n\t\t\t\t\t\t\t\t\t\t\t\t\t<span class=\"elementor-accordion-icon elementor-accordion-icon-left\" aria-hidden=\"true\">\n\t\t\t\t\t\t\t\t\t\t\t\t\t\t\t<span class=\"elementor-accordion-icon-closed\"><i class=\"fas fa-caret-down\"><\/i><\/span>\n\t\t\t\t\t\t\t\t<span class=\"elementor-accordion-icon-opened\"><i class=\"fas fa-caret-up\"><\/i><\/span>\n\t\t\t\t\t\t\t\t\t\t\t\t\t\t<\/span>\n\t\t\t\t\t\t\t\t\t\t\t\t<a class=\"elementor-accordion-title\" tabindex=\"0\"> Exp\u00e9dition<\/a>\n\t\t\t\t\t<\/div>\n\t\t\t\t\t<div id=\"elementor-tab-content-2132\" class=\"elementor-tab-content elementor-clearfix\" data-tab=\"2\" role=\"region\" aria-labelledby=\"elementor-tab-title-2132\"><p>La commande d&#039;\u00e9chantillon peut \u00eatre exp\u00e9di\u00e9e dans un d\u00e9lai de 3 \u00e0 7 jours\u00a0;<br \/>La production de commandes group\u00e9es ou de commandes personnalis\u00e9es prend 15 \u00e0 30 jours.<\/p><\/div>\n\t\t\t\t<\/div>\n\t\t\t\t\t\t\t\t<\/div>\n\t\t\t\t<\/div>\n\t\t\t\t<\/div>\n\t\t\t\t\t<\/div>\n\t\t<\/div>\n\t\t\t\t\t\t\t<\/div>\n\t\t<\/section>\n\t\t\t\t\t\t\t<\/div>","protected":false},"excerpt":{"rendered":"<p><strong>Mod\u00e8le : BB1 <\/strong><\/p>\n<div class=\"DescriptionImg\">\n<div class=\"image-box\">\n<p><img decoding=\"async\" src=\"https:\/\/bailishaver.com\/wp-content\/uploads\/2024\/02\/Reusable_Razor_Blade_Icon.webp\" alt=\"Image1\" \/><\/p>\n<div class=\"caption\">Le plus net<\/div>\n<\/div>\n<div class=\"image-box\">\n<p><img decoding=\"async\" src=\"https:\/\/bailishaver.com\/wp-content\/uploads\/2024\/02\/Double_Edge_Icon.webp\" alt=\"Image2\" \/><\/p>\n<div class=\"caption\">Double tranchant<\/div>\n<\/div>\n<div class=\"image-box\">\n<p><img decoding=\"async\" src=\"https:\/\/bailishaver.com\/wp-content\/uploads\/2023\/12\/Customizable.webp\" alt=\"Image3\" \/><\/p>\n<div class=\"caption\">Personnalisable<\/div>\n<\/div>\n<\/div>","protected":false},"featured_media":231845,"comment_status":"open","ping_status":"closed","template":"","meta":[],"product_cat":[35,72],"product_tag":[],"yoast_head":"<!-- This site is optimized with the Yoast SEO plugin v21.4 - https:\/\/yoast.com\/wordpress\/plugins\/seo\/ -->\n<title>Platinum Coated Smooth Double Edge Razor Blades for Shaving - Guangzhou Weidi Technology Co.,Ltd<\/title>\n<meta name=\"description\" content=\"Sharpest platinum double edge razor blades, suitable for most safety razor on the market, customized logo on the razor blade or package is available.\" \/>\n<meta name=\"robots\" content=\"index, follow, max-snippet:-1, max-image-preview:large, max-video-preview:-1\" \/>\n<link rel=\"canonical\" href=\"https:\/\/www.bailishaver.com\/fr\/produit\/platinum-coated-smooth-double-edge-razor-blades-for-shaving\/\" \/>\n<meta property=\"og:locale\" content=\"fr_FR\" \/>\n<meta property=\"og:type\" content=\"article\" \/>\n<meta property=\"og:title\" content=\"Platinum Coated Smooth Double Edge Razor Blades for Shaving - Guangzhou Weidi Technology Co.,Ltd\" \/>\n<meta property=\"og:description\" content=\"Sharpest platinum double edge razor blades, suitable for most safety razor on the market, customized logo on the razor blade or package is available.\" \/>\n<meta property=\"og:url\" content=\"https:\/\/www.bailishaver.com\/fr\/produit\/platinum-coated-smooth-double-edge-razor-blades-for-shaving\/\" \/>\n<meta property=\"og:site_name\" content=\"Guangzhou Weidi Technology Co.,Ltd\" \/>\n<meta property=\"article:modified_time\" content=\"2026-04-08T03:04:15+00:00\" \/>\n<meta property=\"og:image\" content=\"https:\/\/www.bailishaver.com\/wp-content\/uploads\/2024\/03\/Platinum_Coated_Smooth_Double_Edge_Razor_Blades_for_Shaving_01.webp\" \/>\n\t<meta property=\"og:image:width\" content=\"800\" \/>\n\t<meta property=\"og:image:height\" content=\"800\" \/>\n\t<meta property=\"og:image:type\" content=\"image\/webp\" \/>\n<meta name=\"twitter:card\" content=\"summary_large_image\" \/>\n<meta name=\"twitter:label1\" content=\"Dur\u00e9e de lecture estim\u00e9e\" \/>\n\t<meta name=\"twitter:data1\" content=\"2 minutes\" \/>\n<script type=\"application\/ld+json\" class=\"yoast-schema-graph\">{\"@context\":\"https:\/\/schema.org\",\"@graph\":[{\"@type\":\"WebPage\",\"@id\":\"https:\/\/www.bailishaver.com\/product\/platinum-coated-smooth-double-edge-razor-blades-for-shaving\/\",\"url\":\"https:\/\/www.bailishaver.com\/product\/platinum-coated-smooth-double-edge-razor-blades-for-shaving\/\",\"name\":\"Platinum Coated Smooth Double Edge Razor Blades for Shaving - Guangzhou Weidi Technology Co.,Ltd\",\"isPartOf\":{\"@id\":\"https:\/\/www.bailishaver.com\/#website\"},\"datePublished\":\"2024-04-10T06:32:49+00:00\",\"dateModified\":\"2026-04-08T03:04:15+00:00\",\"description\":\"Sharpest platinum double edge razor blades, suitable for most safety razor on the market, customized logo on the razor blade or package is available.\",\"breadcrumb\":{\"@id\":\"https:\/\/www.bailishaver.com\/product\/platinum-coated-smooth-double-edge-razor-blades-for-shaving\/#breadcrumb\"},\"inLanguage\":\"fr-FR\",\"potentialAction\":[{\"@type\":\"ReadAction\",\"target\":[\"https:\/\/www.bailishaver.com\/product\/platinum-coated-smooth-double-edge-razor-blades-for-shaving\/\"]}]},{\"@type\":\"BreadcrumbList\",\"@id\":\"https:\/\/www.bailishaver.com\/product\/platinum-coated-smooth-double-edge-razor-blades-for-shaving\/#breadcrumb\",\"itemListElement\":[{\"@type\":\"ListItem\",\"position\":1,\"name\":\"HOME\",\"item\":\"https:\/\/www.bailishaver.com\/\"},{\"@type\":\"ListItem\",\"position\":2,\"name\":\"Product\",\"item\":\"https:\/\/www.bailishaver.com\/product\/\"},{\"@type\":\"ListItem\",\"position\":3,\"name\":\"Platinum Coated Smooth Double Edge Razor Blades for Shaving\"}]},{\"@type\":\"WebSite\",\"@id\":\"https:\/\/www.bailishaver.com\/#website\",\"url\":\"https:\/\/www.bailishaver.com\/\",\"name\":\"Guangzhou Weidi Technology Co.,Ltd\",\"description\":\"system razors, lady razors, shaving kits, blade and refill, disposable razor, shaving , accessories, etc.\",\"potentialAction\":[{\"@type\":\"SearchAction\",\"target\":{\"@type\":\"EntryPoint\",\"urlTemplate\":\"https:\/\/www.bailishaver.com\/?s={search_term_string}\"},\"query-input\":\"required name=search_term_string\"}],\"inLanguage\":\"fr-FR\"}]}<\/script>\n<!-- \/ Yoast SEO plugin. -->","yoast_head_json":{"title":"Platinum Coated Smooth Double Edge Razor Blades for Shaving - Guangzhou Weidi Technology Co.,Ltd","description":"Sharpest platinum double edge razor blades, suitable for most safety razor on the market, customized logo on the razor blade or package is available.","robots":{"index":"index","follow":"follow","max-snippet":"max-snippet:-1","max-image-preview":"max-image-preview:large","max-video-preview":"max-video-preview:-1"},"canonical":"https:\/\/www.bailishaver.com\/fr\/produit\/platinum-coated-smooth-double-edge-razor-blades-for-shaving\/","og_locale":"fr_FR","og_type":"article","og_title":"Platinum Coated Smooth Double Edge Razor Blades for Shaving - Guangzhou Weidi Technology Co.,Ltd","og_description":"Sharpest platinum double edge razor blades, suitable for most safety razor on the market, customized logo on the razor blade or package is available.","og_url":"https:\/\/www.bailishaver.com\/fr\/produit\/platinum-coated-smooth-double-edge-razor-blades-for-shaving\/","og_site_name":"Guangzhou Weidi Technology Co.,Ltd","article_modified_time":"2026-04-08T03:04:15+00:00","og_image":[{"width":800,"height":800,"url":"https:\/\/www.bailishaver.com\/wp-content\/uploads\/2024\/03\/Platinum_Coated_Smooth_Double_Edge_Razor_Blades_for_Shaving_01.webp","type":"image\/webp"}],"twitter_card":"summary_large_image","twitter_misc":{"Dur\u00e9e de lecture estim\u00e9e":"2 minutes"},"schema":{"@context":"https:\/\/schema.org","@graph":[{"@type":"WebPage","@id":"https:\/\/www.bailishaver.com\/product\/platinum-coated-smooth-double-edge-razor-blades-for-shaving\/","url":"https:\/\/www.bailishaver.com\/product\/platinum-coated-smooth-double-edge-razor-blades-for-shaving\/","name":"Platinum Coated Smooth Double Edge Razor Blades for Shaving - Guangzhou Weidi Technology Co.,Ltd","isPartOf":{"@id":"https:\/\/www.bailishaver.com\/#website"},"datePublished":"2024-04-10T06:32:49+00:00","dateModified":"2026-04-08T03:04:15+00:00","description":"Sharpest platinum double edge razor blades, suitable for most safety razor on the market, customized logo on the razor blade or package is available.","breadcrumb":{"@id":"https:\/\/www.bailishaver.com\/product\/platinum-coated-smooth-double-edge-razor-blades-for-shaving\/#breadcrumb"},"inLanguage":"fr-FR","potentialAction":[{"@type":"ReadAction","target":["https:\/\/www.bailishaver.com\/product\/platinum-coated-smooth-double-edge-razor-blades-for-shaving\/"]}]},{"@type":"BreadcrumbList","@id":"https:\/\/www.bailishaver.com\/product\/platinum-coated-smooth-double-edge-razor-blades-for-shaving\/#breadcrumb","itemListElement":[{"@type":"ListItem","position":1,"name":"HOME","item":"https:\/\/www.bailishaver.com\/"},{"@type":"ListItem","position":2,"name":"Product","item":"https:\/\/www.bailishaver.com\/product\/"},{"@type":"ListItem","position":3,"name":"Platinum Coated Smooth Double Edge Razor Blades for Shaving"}]},{"@type":"WebSite","@id":"https:\/\/www.bailishaver.com\/#website","url":"https:\/\/www.bailishaver.com\/","name":"Guangzhou Weidi Technology Co.,Ltd","description":"system razors, lady razors, shaving kits, blade and refill, disposable razor, shaving , accessories, etc.","potentialAction":[{"@type":"SearchAction","target":{"@type":"EntryPoint","urlTemplate":"https:\/\/www.bailishaver.com\/?s={search_term_string}"},"query-input":"required name=search_term_string"}],"inLanguage":"fr-FR"}]}},"_links":{"self":[{"href":"https:\/\/www.bailishaver.com\/fr\/wp-json\/wp\/v2\/product\/232047"}],"collection":[{"href":"https:\/\/www.bailishaver.com\/fr\/wp-json\/wp\/v2\/product"}],"about":[{"href":"https:\/\/www.bailishaver.com\/fr\/wp-json\/wp\/v2\/types\/product"}],"replies":[{"embeddable":true,"href":"https:\/\/www.bailishaver.com\/fr\/wp-json\/wp\/v2\/comments?post=232047"}],"version-history":[{"count":2,"href":"https:\/\/www.bailishaver.com\/fr\/wp-json\/wp\/v2\/product\/232047\/revisions"}],"predecessor-version":[{"id":235156,"href":"https:\/\/www.bailishaver.com\/fr\/wp-json\/wp\/v2\/product\/232047\/revisions\/235156"}],"wp:featuredmedia":[{"embeddable":true,"href":"https:\/\/www.bailishaver.com\/fr\/wp-json\/wp\/v2\/media\/231845"}],"wp:attachment":[{"href":"https:\/\/www.bailishaver.com\/fr\/wp-json\/wp\/v2\/media?parent=232047"}],"wp:term":[{"taxonomy":"product_cat","embeddable":true,"href":"https:\/\/www.bailishaver.com\/fr\/wp-json\/wp\/v2\/product_cat?post=232047"},{"taxonomy":"product_tag","embeddable":true,"href":"https:\/\/www.bailishaver.com\/fr\/wp-json\/wp\/v2\/product_tag?post=232047"}],"curies":[{"name":"wp","href":"https:\/\/api.w.org\/{rel}","templated":true}]}}