{"id":232023,"date":"2024-04-10T11:45:38","date_gmt":"2024-04-10T03:45:38","guid":{"rendered":"https:\/\/bailishaver.com\/?post_type=product&#038;p=232023"},"modified":"2024-11-29T10:09:04","modified_gmt":"2024-11-29T02:09:04","slug":"3-blades-body-smooth-shave-razors-disposable","status":"publish","type":"product","link":"https:\/\/www.bailishaver.com\/fr\/produit\/3-blades-body-smooth-shave-razors-disposable\/","title":{"rendered":"Rasoirs jetables \u00e0 3 lames pour rasage lisse"},"content":{"rendered":"<div data-elementor-type=\"product-post\" data-elementor-id=\"232023\" class=\"elementor elementor-232023\" data-elementor-post-type=\"product\">\n\t\t\t\t\t\t\t\t\t<section class=\"wd-negative-gap elementor-section elementor-top-section elementor-element elementor-element-2b250538 elementor-section-content-middle elementor-section-boxed elementor-section-height-default elementor-section-height-default wd-section-disabled\" data-id=\"2b250538\" data-element_type=\"section\">\n\t\t\t\t\t\t<div class=\"elementor-container elementor-column-gap-default\">\n\t\t\t\t\t<div class=\"elementor-column elementor-col-50 elementor-top-column elementor-element elementor-element-2bc1fe9d\" data-id=\"2bc1fe9d\" data-element_type=\"column\">\n\t\t\t<div class=\"elementor-widget-wrap elementor-element-populated\">\n\t\t\t\t\t\t\t\t<div class=\"elementor-element elementor-element-32327de4 elementor-widget elementor-widget-wd_text_block\" data-id=\"32327de4\" data-element_type=\"widget\" data-widget_type=\"wd_text_block.default\">\n\t\t\t\t<div class=\"elementor-widget-container\">\n\t\t\t\t\t<div class=\"wd-text-block reset-last-child text-left color-title\">\n\t\t\t\n\t\t\t<p>Mod\u00e8le : BL103<\/p><p>T\u00eate de rasoir\u00a0: t\u00eate de rasoir fixe<\/p><p>Taille du rasoir\u00a0: 116 \u00d7 42 \u00d7 7,5 mm<\/p><p>Poids du rasoir : 8,1 g<\/p><p>Mat\u00e9riel: caoutchouc + plastique + acier inoxydable<\/p><p>Caract\u00e9ristiques\u00a0:\u00a0Commodit\u00e9\u00a0; Lavable; Disposable\u00a0; Imperm\u00e9able; Antirouille<\/p>\n\t\t\t\t\t<\/div>\n\t\t\t\t<\/div>\n\t\t\t\t<\/div>\n\t\t\t\t\t<\/div>\n\t\t<\/div>\n\t\t\t\t<div class=\"elementor-column elementor-col-50 elementor-top-column elementor-element elementor-element-7c723e51\" data-id=\"7c723e51\" data-element_type=\"column\">\n\t\t\t<div class=\"elementor-widget-wrap elementor-element-populated\">\n\t\t\t\t\t\t\t\t<div class=\"elementor-element elementor-element-5e47ba72 elementor-widget elementor-widget-wd_image_or_svg\" data-id=\"5e47ba72\" data-element_type=\"widget\" data-widget_type=\"wd_image_or_svg.default\">\n\t\t\t\t<div class=\"elementor-widget-container\">\n\t\t\t\n\t\t<div class=\"wd-image text-left\">\n\t\t\t\t\t\t\t\t<img fetchpriority=\"high\" decoding=\"async\" width=\"1200\" height=\"1200\" src=\"https:\/\/www.bailishaver.com\/wp-content\/uploads\/2024\/04\/3-Blades_Body_Smooth_Shave_Razors_Disposable_details_01.webp\" class=\"attachment-full size-full wp-image-232035\" alt=\"\" srcset=\"https:\/\/www.bailishaver.com\/wp-content\/uploads\/2024\/04\/3-Blades_Body_Smooth_Shave_Razors_Disposable_details_01.webp 1200w, https:\/\/www.bailishaver.com\/wp-content\/uploads\/2024\/04\/3-Blades_Body_Smooth_Shave_Razors_Disposable_details_01-300x300.webp 300w, https:\/\/www.bailishaver.com\/wp-content\/uploads\/2024\/04\/3-Blades_Body_Smooth_Shave_Razors_Disposable_details_01-1024x1024.webp 1024w, https:\/\/www.bailishaver.com\/wp-content\/uploads\/2024\/04\/3-Blades_Body_Smooth_Shave_Razors_Disposable_details_01-150x150.webp 150w, https:\/\/www.bailishaver.com\/wp-content\/uploads\/2024\/04\/3-Blades_Body_Smooth_Shave_Razors_Disposable_details_01-768x768.webp 768w, https:\/\/www.bailishaver.com\/wp-content\/uploads\/2024\/04\/3-Blades_Body_Smooth_Shave_Razors_Disposable_details_01-12x12.webp 12w\" sizes=\"(max-width: 1200px) 100vw, 1200px\" \/>\t\t\t\t\t<\/div>\n\n\t\t\t\t<\/div>\n\t\t\t\t<\/div>\n\t\t\t\t\t<\/div>\n\t\t<\/div>\n\t\t\t\t\t\t\t<\/div>\n\t\t<\/section>\n\t\t\t\t<section class=\"wd-negative-gap elementor-section elementor-top-section elementor-element elementor-element-700594e7 elementor-section-content-middle elementor-section-boxed elementor-section-height-default elementor-section-height-default wd-section-disabled\" data-id=\"700594e7\" data-element_type=\"section\">\n\t\t\t\t\t\t<div class=\"elementor-container elementor-column-gap-default\">\n\t\t\t\t\t<div class=\"elementor-column elementor-col-50 elementor-top-column elementor-element elementor-element-13b0430a\" data-id=\"13b0430a\" data-element_type=\"column\">\n\t\t\t<div class=\"elementor-widget-wrap elementor-element-populated\">\n\t\t\t\t\t\t\t\t<div class=\"elementor-element elementor-element-19b15c3 elementor-hidden-desktop elementor-hidden-tablet elementor-widget elementor-widget-wd_text_block\" data-id=\"19b15c3\" data-element_type=\"widget\" data-widget_type=\"wd_text_block.default\">\n\t\t\t\t<div class=\"elementor-widget-container\">\n\t\t\t\t\t<div class=\"wd-text-block reset-last-child text-left color-title\">\n\t\t\t\n\t\t\t<p><strong>*3 lames en acier inoxydable<\/strong><br \/>Dot\u00e9 d&#039;une lame en acier inoxydable, le rasoir contribue \u00e0 offrir une exp\u00e9rience de rasage en douceur. Fournit un rasage de pr\u00e8s et propre\u00a0;<\/p><p><strong>*Convient aux peaux sensibles<\/strong><\/p><p>Ce rasoir jetable \u00e0 trois lames fonctionne avec les hommes pour obtenir une peau plus lisse et plus lumineuse. Ses lames tranchantes et antirouille sont con\u00e7ues pour offrir un rasage propre, \u00e9vitant les entailles, les coupures et les dommages \u00e0 votre peau ;<\/p><p>Conception indolore, parfaite pour les peaux sensibles\u00a0;<\/p><p><strong>*Bande lubrifiante<\/strong><\/p><p>Prot\u00e8ge contre les irritations. La bande lubrifiante activ\u00e9e par l&#039;eau fournit une lubrification instantan\u00e9e pour un confort extraordinaire.<\/p>\n\t\t\t\t\t<\/div>\n\t\t\t\t<\/div>\n\t\t\t\t<\/div>\n\t\t\t\t<div class=\"elementor-element elementor-element-5309536d elementor-widget elementor-widget-wd_image_or_svg\" data-id=\"5309536d\" data-element_type=\"widget\" data-widget_type=\"wd_image_or_svg.default\">\n\t\t\t\t<div class=\"elementor-widget-container\">\n\t\t\t\n\t\t<div class=\"wd-image text-left\">\n\t\t\t\t\t\t\t\t<img decoding=\"async\" width=\"1200\" height=\"1200\" src=\"https:\/\/www.bailishaver.com\/wp-content\/uploads\/2024\/04\/3-Blades_Body_Smooth_Shave_Razors_Disposable_details_02.webp\" class=\"attachment-full size-full wp-image-232036\" alt=\"\" srcset=\"https:\/\/www.bailishaver.com\/wp-content\/uploads\/2024\/04\/3-Blades_Body_Smooth_Shave_Razors_Disposable_details_02.webp 1200w, https:\/\/www.bailishaver.com\/wp-content\/uploads\/2024\/04\/3-Blades_Body_Smooth_Shave_Razors_Disposable_details_02-300x300.webp 300w, https:\/\/www.bailishaver.com\/wp-content\/uploads\/2024\/04\/3-Blades_Body_Smooth_Shave_Razors_Disposable_details_02-1024x1024.webp 1024w, https:\/\/www.bailishaver.com\/wp-content\/uploads\/2024\/04\/3-Blades_Body_Smooth_Shave_Razors_Disposable_details_02-150x150.webp 150w, https:\/\/www.bailishaver.com\/wp-content\/uploads\/2024\/04\/3-Blades_Body_Smooth_Shave_Razors_Disposable_details_02-768x768.webp 768w, https:\/\/www.bailishaver.com\/wp-content\/uploads\/2024\/04\/3-Blades_Body_Smooth_Shave_Razors_Disposable_details_02-12x12.webp 12w\" sizes=\"(max-width: 1200px) 100vw, 1200px\" \/>\t\t\t\t\t<\/div>\n\n\t\t\t\t<\/div>\n\t\t\t\t<\/div>\n\t\t\t\t\t<\/div>\n\t\t<\/div>\n\t\t\t\t<div class=\"elementor-column elementor-col-50 elementor-top-column elementor-element elementor-element-2d5eab32\" data-id=\"2d5eab32\" data-element_type=\"column\">\n\t\t\t<div class=\"elementor-widget-wrap elementor-element-populated\">\n\t\t\t\t\t\t\t\t<div class=\"elementor-element elementor-element-69c74ddc elementor-hidden-mobile elementor-widget elementor-widget-wd_text_block\" data-id=\"69c74ddc\" data-element_type=\"widget\" data-widget_type=\"wd_text_block.default\">\n\t\t\t\t<div class=\"elementor-widget-container\">\n\t\t\t\t\t<div class=\"wd-text-block reset-last-child text-left color-title\">\n\t\t\t\n\t\t\t<p><strong>*3 lames en acier inoxydable<\/strong><br \/>Dot\u00e9 d&#039;une lame en acier inoxydable, le rasoir contribue \u00e0 offrir une exp\u00e9rience de rasage en douceur. Fournit un rasage de pr\u00e8s et propre\u00a0;<\/p><p><strong>*Convient aux peaux sensibles<\/strong><\/p><p>Ce rasoir jetable \u00e0 trois lames fonctionne avec les hommes pour obtenir une peau plus lisse et plus lumineuse. Ses lames tranchantes et antirouille sont con\u00e7ues pour offrir un rasage propre, \u00e9vitant les entailles, les coupures et les dommages \u00e0 votre peau ;<\/p><p>Conception indolore, parfaite pour les peaux sensibles\u00a0;<\/p><p><strong>*Bande lubrifiante<\/strong><\/p><p>Prot\u00e8ge contre les irritations. La bande lubrifiante activ\u00e9e par l&#039;eau fournit une lubrification instantan\u00e9e pour un confort extraordinaire.<\/p>\n\t\t\t\t\t<\/div>\n\t\t\t\t<\/div>\n\t\t\t\t<\/div>\n\t\t\t\t\t<\/div>\n\t\t<\/div>\n\t\t\t\t\t\t\t<\/div>\n\t\t<\/section>\n\t\t\t\t<section class=\"wd-negative-gap elementor-section elementor-top-section elementor-element elementor-element-5bcf0f57 elementor-section-content-middle elementor-section-boxed elementor-section-height-default elementor-section-height-default wd-section-disabled\" data-id=\"5bcf0f57\" data-element_type=\"section\">\n\t\t\t\t\t\t<div class=\"elementor-container elementor-column-gap-default\">\n\t\t\t\t\t<div class=\"elementor-column elementor-col-50 elementor-top-column elementor-element elementor-element-6ac4baf2\" data-id=\"6ac4baf2\" data-element_type=\"column\">\n\t\t\t<div class=\"elementor-widget-wrap elementor-element-populated\">\n\t\t\t\t\t\t\t\t<div class=\"elementor-element elementor-element-66794a51 elementor-widget elementor-widget-wd_text_block\" data-id=\"66794a51\" data-element_type=\"widget\" data-widget_type=\"wd_text_block.default\">\n\t\t\t\t<div class=\"elementor-widget-container\">\n\t\t\t\t\t<div class=\"wd-text-block reset-last-child text-left color-title\">\n\t\t\t\n\t\t\t<p><strong>*Poign\u00e9e en caoutchouc<\/strong><br \/>Ces rasoirs \u00e0 t\u00eate fixe ont un bras incurv\u00e9 qui offre contr\u00f4le et pr\u00e9cision lors du rasage. Un manche en caoutchouc permet aux doigts de tenir fermement le rasoir\u00a0;\u00a0<br \/>Complet avec une poign\u00e9e en caoutchouc souple pour un excellent contr\u00f4le\u00a0;<\/p><p><strong>*Rasage en douceur<\/strong><\/p><p>Utilisez-le sur votre corps, vos aisselles et votre visage pour contr\u00f4ler les poils ind\u00e9sirables et obtenir une peau plus lisse, plus lumineuse et plus uniforme ;<\/p><p><strong>*Facile et s\u00fbr \u00e0 transporter<\/strong><\/p><p>Petit, discret et facile \u00e0 emporter avec vous pour une utilisation en d\u00e9placement. Sa poign\u00e9e souple antid\u00e9rapante est con\u00e7ue pour un contr\u00f4le pr\u00e9cis et une s\u00e9curit\u00e9 ultime, s&#039;adaptant parfaitement \u00e0 n&#039;importe quelle trousse de maquillage ou de toilette de voyage.<\/p>\n\t\t\t\t\t<\/div>\n\t\t\t\t<\/div>\n\t\t\t\t<\/div>\n\t\t\t\t\t<\/div>\n\t\t<\/div>\n\t\t\t\t<div class=\"elementor-column elementor-col-50 elementor-top-column elementor-element elementor-element-36b43f79\" data-id=\"36b43f79\" data-element_type=\"column\">\n\t\t\t<div class=\"elementor-widget-wrap elementor-element-populated\">\n\t\t\t\t\t\t\t\t<div class=\"elementor-element elementor-element-250ccdfe elementor-widget elementor-widget-wd_image_or_svg\" data-id=\"250ccdfe\" data-element_type=\"widget\" data-widget_type=\"wd_image_or_svg.default\">\n\t\t\t\t<div class=\"elementor-widget-container\">\n\t\t\t\n\t\t<div class=\"wd-image text-left\">\n\t\t\t\t\t\t\t\t<img decoding=\"async\" width=\"1200\" height=\"1200\" src=\"https:\/\/www.bailishaver.com\/wp-content\/uploads\/2024\/04\/3-Blades_Body_Smooth_Shave_Razors_Disposable_details_03.webp\" class=\"attachment-full size-full wp-image-232037\" alt=\"\" srcset=\"https:\/\/www.bailishaver.com\/wp-content\/uploads\/2024\/04\/3-Blades_Body_Smooth_Shave_Razors_Disposable_details_03.webp 1200w, https:\/\/www.bailishaver.com\/wp-content\/uploads\/2024\/04\/3-Blades_Body_Smooth_Shave_Razors_Disposable_details_03-300x300.webp 300w, https:\/\/www.bailishaver.com\/wp-content\/uploads\/2024\/04\/3-Blades_Body_Smooth_Shave_Razors_Disposable_details_03-1024x1024.webp 1024w, https:\/\/www.bailishaver.com\/wp-content\/uploads\/2024\/04\/3-Blades_Body_Smooth_Shave_Razors_Disposable_details_03-150x150.webp 150w, https:\/\/www.bailishaver.com\/wp-content\/uploads\/2024\/04\/3-Blades_Body_Smooth_Shave_Razors_Disposable_details_03-768x768.webp 768w, https:\/\/www.bailishaver.com\/wp-content\/uploads\/2024\/04\/3-Blades_Body_Smooth_Shave_Razors_Disposable_details_03-12x12.webp 12w\" sizes=\"(max-width: 1200px) 100vw, 1200px\" \/>\t\t\t\t\t<\/div>\n\n\t\t\t\t<\/div>\n\t\t\t\t<\/div>\n\t\t\t\t\t<\/div>\n\t\t<\/div>\n\t\t\t\t\t\t\t<\/div>\n\t\t<\/section>\n\t\t\t\t<section class=\"wd-negative-gap elementor-section elementor-top-section elementor-element elementor-element-474c4d29 elementor-section-boxed elementor-section-height-default elementor-section-height-default wd-section-disabled\" data-id=\"474c4d29\" data-element_type=\"section\">\n\t\t\t\t\t\t<div class=\"elementor-container elementor-column-gap-default\">\n\t\t\t\t\t<div class=\"elementor-column elementor-col-100 elementor-top-column elementor-element elementor-element-247bd7fe\" data-id=\"247bd7fe\" data-element_type=\"column\">\n\t\t\t<div class=\"elementor-widget-wrap elementor-element-populated\">\n\t\t\t\t\t\t\t\t<div class=\"elementor-element elementor-element-63a820c7 elementor-widget elementor-widget-accordion\" data-id=\"63a820c7\" data-element_type=\"widget\" data-widget_type=\"accordion.default\">\n\t\t\t\t<div class=\"elementor-widget-container\">\n\t\t\t<style>\/*! elementor - v3.18.0 - 20-12-2023 *\/\n.elementor-accordion{text-align:left}.elementor-accordion .elementor-accordion-item{border:1px solid #d5d8dc}.elementor-accordion .elementor-accordion-item+.elementor-accordion-item{border-top:none}.elementor-accordion .elementor-tab-title{margin:0;padding:15px 20px;font-weight:700;line-height:1;cursor:pointer;outline:none}.elementor-accordion .elementor-tab-title .elementor-accordion-icon{display:inline-block;width:1.5em}.elementor-accordion .elementor-tab-title .elementor-accordion-icon svg{width:1em;height:1em}.elementor-accordion .elementor-tab-title .elementor-accordion-icon.elementor-accordion-icon-right{float:right;text-align:right}.elementor-accordion .elementor-tab-title .elementor-accordion-icon.elementor-accordion-icon-left{float:left;text-align:left}.elementor-accordion .elementor-tab-title .elementor-accordion-icon .elementor-accordion-icon-closed{display:block}.elementor-accordion .elementor-tab-title .elementor-accordion-icon .elementor-accordion-icon-opened,.elementor-accordion .elementor-tab-title.elementor-active .elementor-accordion-icon-closed{display:none}.elementor-accordion .elementor-tab-title.elementor-active .elementor-accordion-icon-opened{display:block}.elementor-accordion .elementor-tab-content{display:none;padding:15px 20px;border-top:1px solid #d5d8dc}@media (max-width:767px){.elementor-accordion .elementor-tab-title{padding:12px 15px}.elementor-accordion .elementor-tab-title .elementor-accordion-icon{width:1.2em}.elementor-accordion .elementor-tab-content{padding:7px 15px}}.e-con-inner>.elementor-widget-accordion,.e-con>.elementor-widget-accordion{width:var(--container-widget-width);--flex-grow:var(--container-widget-flex-grow)}<\/style>\t\t<div class=\"elementor-accordion\">\n\t\t\t\t\t\t\t<div class=\"elementor-accordion-item\">\n\t\t\t\t\t<div id=\"elementor-tab-title-1671\" class=\"elementor-tab-title\" data-tab=\"1\" role=\"button\" aria-controls=\"elementor-tab-content-1671\" aria-expanded=\"false\">\n\t\t\t\t\t\t\t\t\t\t\t\t\t<span class=\"elementor-accordion-icon elementor-accordion-icon-left\" aria-hidden=\"true\">\n\t\t\t\t\t\t\t\t\t\t\t\t\t\t\t<span class=\"elementor-accordion-icon-closed\"><i class=\"fas fa-caret-down\"><\/i><\/span>\n\t\t\t\t\t\t\t\t<span class=\"elementor-accordion-icon-opened\"><i class=\"fas fa-caret-up\"><\/i><\/span>\n\t\t\t\t\t\t\t\t\t\t\t\t\t\t<\/span>\n\t\t\t\t\t\t\t\t\t\t\t\t<a class=\"elementor-accordion-title\" tabindex=\"0\">Emballer<\/a>\n\t\t\t\t\t<\/div>\n\t\t\t\t\t<div id=\"elementor-tab-content-1671\" class=\"elementor-tab-content elementor-clearfix\" data-tab=\"1\" role=\"region\" aria-labelledby=\"elementor-tab-title-1671\"><table><tbody><tr><td>Produit<\/td><td>Pi\u00e8ces<\/td><td>Emballer<\/td><td>Taille<\/td><td>Poids brut<\/td><\/tr><tr><td rowspan=\"2\">BL103<\/td><td class=\"et4\">1<\/td><td class=\"et4\">Sac d&#039;opp<\/td><td class=\"et4\">116 \u00d7 42 \u00d7 7,5 mm<\/td><td class=\"et4\">8,1g<\/td><\/tr><tr><td>2000<\/td><td>Carton<\/td><td>540\u00d7400\u00d7380mm<\/td><td>20 kg<\/td><\/tr><\/tbody><\/table><\/div>\n\t\t\t\t<\/div>\n\t\t\t\t\t\t\t<div class=\"elementor-accordion-item\">\n\t\t\t\t\t<div id=\"elementor-tab-title-1672\" class=\"elementor-tab-title\" data-tab=\"2\" role=\"button\" aria-controls=\"elementor-tab-content-1672\" aria-expanded=\"false\">\n\t\t\t\t\t\t\t\t\t\t\t\t\t<span class=\"elementor-accordion-icon elementor-accordion-icon-left\" aria-hidden=\"true\">\n\t\t\t\t\t\t\t\t\t\t\t\t\t\t\t<span class=\"elementor-accordion-icon-closed\"><i class=\"fas fa-caret-down\"><\/i><\/span>\n\t\t\t\t\t\t\t\t<span class=\"elementor-accordion-icon-opened\"><i class=\"fas fa-caret-up\"><\/i><\/span>\n\t\t\t\t\t\t\t\t\t\t\t\t\t\t<\/span>\n\t\t\t\t\t\t\t\t\t\t\t\t<a class=\"elementor-accordion-title\" tabindex=\"0\"> Exp\u00e9dition<\/a>\n\t\t\t\t\t<\/div>\n\t\t\t\t\t<div id=\"elementor-tab-content-1672\" class=\"elementor-tab-content elementor-clearfix\" data-tab=\"2\" role=\"region\" aria-labelledby=\"elementor-tab-title-1672\">La commande d&#039;\u00e9chantillon peut \u00eatre exp\u00e9di\u00e9e dans un d\u00e9lai de 3 \u00e0 7 jours\u00a0; <br>\nLa production de commandes group\u00e9es ou de commandes personnalis\u00e9es prend 15 \u00e0 30 jours.\n<\/div>\n\t\t\t\t<\/div>\n\t\t\t\t\t\t\t\t<\/div>\n\t\t\t\t<\/div>\n\t\t\t\t<\/div>\n\t\t\t\t\t<\/div>\n\t\t<\/div>\n\t\t\t\t\t\t\t<\/div>\n\t\t<\/section>\n\t\t\t\t\t\t\t<\/div>","protected":false},"excerpt":{"rendered":"<p><strong>Mod\u00e8le : BL103<\/strong><\/p>\n<div class=\"DescriptionImg\">\n<div class=\"image-box\">\n<p><img decoding=\"async\" src=\"https:\/\/bailishaver.com\/wp-content\/uploads\/2024\/02\/Clear_Safety_Cap_Icon.webp\" alt=\"Image1\" \/><\/p>\n<div class=\"caption\">Bouchon de s\u00e9curit\u00e9<\/div>\n<\/div>\n<div class=\"image-box\">\n<p><img decoding=\"async\" src=\"https:\/\/bailishaver.com\/wp-content\/uploads\/2024\/11\/Triple_Blade.webp\" alt=\"Image2\" \/><\/p>\n<div class=\"caption\">Lame triple<\/div>\n<\/div>\n<div class=\"image-box\">\n<p><img decoding=\"async\" src=\"https:\/\/bailishaver.com\/wp-content\/uploads\/2024\/02\/Smooth_Icon.webp\" alt=\"Image3\" \/><\/p>\n<div class=\"caption\">Lisse<\/div>\n<\/div>\n<\/div>","protected":false},"featured_media":232028,"comment_status":"open","ping_status":"closed","template":"","meta":[],"product_cat":[36,75],"product_tag":[],"yoast_head":"<!-- This site is optimized with the Yoast SEO plugin v21.4 - https:\/\/yoast.com\/wordpress\/plugins\/seo\/ -->\n<title>3-Blades Body Smooth Shave Razors Disposable - Guangzhou Weidi Technology Co.,Ltd<\/title>\n<meta name=\"description\" content=\"3-blades razors use on your body to control unwanted hair and achieve smoother, brighter, more even-toned skin. Disposable use, clean shave.\" \/>\n<meta name=\"robots\" content=\"index, follow, max-snippet:-1, max-image-preview:large, max-video-preview:-1\" \/>\n<link rel=\"canonical\" href=\"https:\/\/www.bailishaver.com\/fr\/produit\/3-blades-body-smooth-shave-razors-disposable\/\" \/>\n<meta property=\"og:locale\" content=\"fr_FR\" \/>\n<meta property=\"og:type\" content=\"article\" \/>\n<meta property=\"og:title\" content=\"3-Blades Body Smooth Shave Razors Disposable - Guangzhou Weidi Technology Co.,Ltd\" \/>\n<meta property=\"og:description\" content=\"3-blades razors use on your body to control unwanted hair and achieve smoother, brighter, more even-toned skin. Disposable use, clean shave.\" \/>\n<meta property=\"og:url\" content=\"https:\/\/www.bailishaver.com\/fr\/produit\/3-blades-body-smooth-shave-razors-disposable\/\" \/>\n<meta property=\"og:site_name\" content=\"Guangzhou Weidi Technology Co.,Ltd\" \/>\n<meta property=\"article:modified_time\" content=\"2024-11-29T02:09:04+00:00\" \/>\n<meta property=\"og:image\" content=\"https:\/\/www.bailishaver.com\/wp-content\/uploads\/2024\/04\/3-Blades_Body_Smooth_Shave_Razors_Disposable_01.webp\" \/>\n\t<meta property=\"og:image:width\" content=\"1200\" \/>\n\t<meta property=\"og:image:height\" content=\"1200\" \/>\n\t<meta property=\"og:image:type\" content=\"image\/webp\" \/>\n<meta name=\"twitter:card\" content=\"summary_large_image\" \/>\n<meta name=\"twitter:label1\" content=\"Dur\u00e9e de lecture estim\u00e9e\" \/>\n\t<meta name=\"twitter:data1\" content=\"2 minutes\" \/>\n<script type=\"application\/ld+json\" class=\"yoast-schema-graph\">{\"@context\":\"https:\/\/schema.org\",\"@graph\":[{\"@type\":\"WebPage\",\"@id\":\"https:\/\/www.bailishaver.com\/product\/3-blades-body-smooth-shave-razors-disposable\/\",\"url\":\"https:\/\/www.bailishaver.com\/product\/3-blades-body-smooth-shave-razors-disposable\/\",\"name\":\"3-Blades Body Smooth Shave Razors Disposable - Guangzhou Weidi Technology Co.,Ltd\",\"isPartOf\":{\"@id\":\"https:\/\/www.bailishaver.com\/#website\"},\"datePublished\":\"2024-04-10T03:45:38+00:00\",\"dateModified\":\"2024-11-29T02:09:04+00:00\",\"description\":\"3-blades razors use on your body to control unwanted hair and achieve smoother, brighter, more even-toned skin. Disposable use, clean shave.\",\"breadcrumb\":{\"@id\":\"https:\/\/www.bailishaver.com\/product\/3-blades-body-smooth-shave-razors-disposable\/#breadcrumb\"},\"inLanguage\":\"fr-FR\",\"potentialAction\":[{\"@type\":\"ReadAction\",\"target\":[\"https:\/\/www.bailishaver.com\/product\/3-blades-body-smooth-shave-razors-disposable\/\"]}]},{\"@type\":\"BreadcrumbList\",\"@id\":\"https:\/\/www.bailishaver.com\/product\/3-blades-body-smooth-shave-razors-disposable\/#breadcrumb\",\"itemListElement\":[{\"@type\":\"ListItem\",\"position\":1,\"name\":\"HOME\",\"item\":\"https:\/\/www.bailishaver.com\/\"},{\"@type\":\"ListItem\",\"position\":2,\"name\":\"Product\",\"item\":\"https:\/\/www.bailishaver.com\/product\/\"},{\"@type\":\"ListItem\",\"position\":3,\"name\":\"3-Blades Body Smooth Shave Razors Disposable\"}]},{\"@type\":\"WebSite\",\"@id\":\"https:\/\/www.bailishaver.com\/#website\",\"url\":\"https:\/\/www.bailishaver.com\/\",\"name\":\"Guangzhou Weidi Technology Co.,Ltd\",\"description\":\"system razors, lady razors, shaving kits, blade and refill, disposable razor, shaving , accessories, etc.\",\"potentialAction\":[{\"@type\":\"SearchAction\",\"target\":{\"@type\":\"EntryPoint\",\"urlTemplate\":\"https:\/\/www.bailishaver.com\/?s={search_term_string}\"},\"query-input\":\"required name=search_term_string\"}],\"inLanguage\":\"fr-FR\"}]}<\/script>\n<!-- \/ Yoast SEO plugin. -->","yoast_head_json":{"title":"3-Blades Body Smooth Shave Razors Disposable - Guangzhou Weidi Technology Co.,Ltd","description":"3-blades razors use on your body to control unwanted hair and achieve smoother, brighter, more even-toned skin. Disposable use, clean shave.","robots":{"index":"index","follow":"follow","max-snippet":"max-snippet:-1","max-image-preview":"max-image-preview:large","max-video-preview":"max-video-preview:-1"},"canonical":"https:\/\/www.bailishaver.com\/fr\/produit\/3-blades-body-smooth-shave-razors-disposable\/","og_locale":"fr_FR","og_type":"article","og_title":"3-Blades Body Smooth Shave Razors Disposable - Guangzhou Weidi Technology Co.,Ltd","og_description":"3-blades razors use on your body to control unwanted hair and achieve smoother, brighter, more even-toned skin. Disposable use, clean shave.","og_url":"https:\/\/www.bailishaver.com\/fr\/produit\/3-blades-body-smooth-shave-razors-disposable\/","og_site_name":"Guangzhou Weidi Technology Co.,Ltd","article_modified_time":"2024-11-29T02:09:04+00:00","og_image":[{"width":1200,"height":1200,"url":"https:\/\/www.bailishaver.com\/wp-content\/uploads\/2024\/04\/3-Blades_Body_Smooth_Shave_Razors_Disposable_01.webp","type":"image\/webp"}],"twitter_card":"summary_large_image","twitter_misc":{"Dur\u00e9e de lecture estim\u00e9e":"2 minutes"},"schema":{"@context":"https:\/\/schema.org","@graph":[{"@type":"WebPage","@id":"https:\/\/www.bailishaver.com\/product\/3-blades-body-smooth-shave-razors-disposable\/","url":"https:\/\/www.bailishaver.com\/product\/3-blades-body-smooth-shave-razors-disposable\/","name":"3-Blades Body Smooth Shave Razors Disposable - Guangzhou Weidi Technology Co.,Ltd","isPartOf":{"@id":"https:\/\/www.bailishaver.com\/#website"},"datePublished":"2024-04-10T03:45:38+00:00","dateModified":"2024-11-29T02:09:04+00:00","description":"3-blades razors use on your body to control unwanted hair and achieve smoother, brighter, more even-toned skin. Disposable use, clean shave.","breadcrumb":{"@id":"https:\/\/www.bailishaver.com\/product\/3-blades-body-smooth-shave-razors-disposable\/#breadcrumb"},"inLanguage":"fr-FR","potentialAction":[{"@type":"ReadAction","target":["https:\/\/www.bailishaver.com\/product\/3-blades-body-smooth-shave-razors-disposable\/"]}]},{"@type":"BreadcrumbList","@id":"https:\/\/www.bailishaver.com\/product\/3-blades-body-smooth-shave-razors-disposable\/#breadcrumb","itemListElement":[{"@type":"ListItem","position":1,"name":"HOME","item":"https:\/\/www.bailishaver.com\/"},{"@type":"ListItem","position":2,"name":"Product","item":"https:\/\/www.bailishaver.com\/product\/"},{"@type":"ListItem","position":3,"name":"3-Blades Body Smooth Shave Razors Disposable"}]},{"@type":"WebSite","@id":"https:\/\/www.bailishaver.com\/#website","url":"https:\/\/www.bailishaver.com\/","name":"Guangzhou Weidi Technology Co.,Ltd","description":"system razors, lady razors, shaving kits, blade and refill, disposable razor, shaving , accessories, etc.","potentialAction":[{"@type":"SearchAction","target":{"@type":"EntryPoint","urlTemplate":"https:\/\/www.bailishaver.com\/?s={search_term_string}"},"query-input":"required name=search_term_string"}],"inLanguage":"fr-FR"}]}},"_links":{"self":[{"href":"https:\/\/www.bailishaver.com\/fr\/wp-json\/wp\/v2\/product\/232023"}],"collection":[{"href":"https:\/\/www.bailishaver.com\/fr\/wp-json\/wp\/v2\/product"}],"about":[{"href":"https:\/\/www.bailishaver.com\/fr\/wp-json\/wp\/v2\/types\/product"}],"replies":[{"embeddable":true,"href":"https:\/\/www.bailishaver.com\/fr\/wp-json\/wp\/v2\/comments?post=232023"}],"version-history":[{"count":9,"href":"https:\/\/www.bailishaver.com\/fr\/wp-json\/wp\/v2\/product\/232023\/revisions"}],"predecessor-version":[{"id":233809,"href":"https:\/\/www.bailishaver.com\/fr\/wp-json\/wp\/v2\/product\/232023\/revisions\/233809"}],"wp:featuredmedia":[{"embeddable":true,"href":"https:\/\/www.bailishaver.com\/fr\/wp-json\/wp\/v2\/media\/232028"}],"wp:attachment":[{"href":"https:\/\/www.bailishaver.com\/fr\/wp-json\/wp\/v2\/media?parent=232023"}],"wp:term":[{"taxonomy":"product_cat","embeddable":true,"href":"https:\/\/www.bailishaver.com\/fr\/wp-json\/wp\/v2\/product_cat?post=232023"},{"taxonomy":"product_tag","embeddable":true,"href":"https:\/\/www.bailishaver.com\/fr\/wp-json\/wp\/v2\/product_tag?post=232023"}],"curies":[{"name":"wp","href":"https:\/\/api.w.org\/{rel}","templated":true}]}}