{"id":231182,"date":"2024-01-06T14:00:14","date_gmt":"2024-01-06T06:00:14","guid":{"rendered":"https:\/\/bailishaver.com\/?post_type=product&#038;p=231182"},"modified":"2024-02-29T17:24:06","modified_gmt":"2024-02-29T09:24:06","slug":"extra-long-vintage-butterfly-open-double-edge-tto-safety-razor","status":"publish","type":"product","link":"https:\/\/www.bailishaver.com\/fr\/produit\/extra-long-vintage-butterfly-open-double-edge-tto-safety-razor\/","title":{"rendered":"Rasoir de s\u00e9curit\u00e9 TTO \u00e0 double tranchant ouvert papillon vintage extra-long"},"content":{"rendered":"<div data-elementor-type=\"product-post\" data-elementor-id=\"231182\" class=\"elementor elementor-231182\" data-elementor-post-type=\"product\">\n\t\t\t\t\t\t\t\t\t<section class=\"wd-negative-gap elementor-section elementor-top-section elementor-element elementor-element-4a9cd624 elementor-section-content-middle elementor-section-boxed elementor-section-height-default elementor-section-height-default wd-section-disabled\" data-id=\"4a9cd624\" data-element_type=\"section\">\n\t\t\t\t\t\t<div class=\"elementor-container elementor-column-gap-default\">\n\t\t\t\t\t<div class=\"elementor-column elementor-col-50 elementor-top-column elementor-element elementor-element-6549ac44\" data-id=\"6549ac44\" data-element_type=\"column\">\n\t\t\t<div class=\"elementor-widget-wrap elementor-element-populated\">\n\t\t\t\t\t\t\t\t<div class=\"elementor-element elementor-element-26f43ff4 elementor-widget elementor-widget-wd_text_block\" data-id=\"26f43ff4\" data-element_type=\"widget\" data-widget_type=\"wd_text_block.default\">\n\t\t\t\t<div class=\"elementor-widget-container\">\n\t\t\t\t\t<div class=\"wd-text-block reset-last-child text-left color-title\">\n\t\t\t\n\t\t\t<p>Mod\u00e8le\u00a0:\u00a0DB-B4B<br \/>T\u00eate de rasoir\u00a0:\u00a0rasoir papillon DE<br \/>Taille du rasoir\u00a0: 44 \u00d7 25,3 \u00d7 121,4\u00a0mm<br \/>Poids du rasoir : 90,3 g<br \/>Mat\u00e9riel: Alliage de zinc<br \/>Caract\u00e9ristiques : lavable, r\u00e9utilisable, imperm\u00e9able, antirouille.<\/p>\n\t\t\t\t\t<\/div>\n\t\t\t\t<\/div>\n\t\t\t\t<\/div>\n\t\t\t\t\t<\/div>\n\t\t<\/div>\n\t\t\t\t<div class=\"elementor-column elementor-col-50 elementor-top-column elementor-element elementor-element-5eeb513c\" data-id=\"5eeb513c\" data-element_type=\"column\">\n\t\t\t<div class=\"elementor-widget-wrap elementor-element-populated\">\n\t\t\t\t\t\t\t\t<div class=\"elementor-element elementor-element-5396853e elementor-widget elementor-widget-wd_image_or_svg\" data-id=\"5396853e\" data-element_type=\"widget\" data-widget_type=\"wd_image_or_svg.default\">\n\t\t\t\t<div class=\"elementor-widget-container\">\n\t\t\t\n\t\t<div class=\"wd-image text-left\">\n\t\t\t\t\t\t\t\t<img fetchpriority=\"high\" decoding=\"async\" width=\"800\" height=\"800\" src=\"https:\/\/www.bailishaver.com\/wp-content\/uploads\/2024\/01\/Extra-long_Vintage_-Butterfly_Open_Double_Edge_TTO_Safety_Razor_details_01.webp\" class=\"attachment-full size-full wp-image-231198\" alt=\"\" srcset=\"https:\/\/www.bailishaver.com\/wp-content\/uploads\/2024\/01\/Extra-long_Vintage_-Butterfly_Open_Double_Edge_TTO_Safety_Razor_details_01.webp 800w, https:\/\/www.bailishaver.com\/wp-content\/uploads\/2024\/01\/Extra-long_Vintage_-Butterfly_Open_Double_Edge_TTO_Safety_Razor_details_01-300x300.webp 300w, https:\/\/www.bailishaver.com\/wp-content\/uploads\/2024\/01\/Extra-long_Vintage_-Butterfly_Open_Double_Edge_TTO_Safety_Razor_details_01-150x150.webp 150w, https:\/\/www.bailishaver.com\/wp-content\/uploads\/2024\/01\/Extra-long_Vintage_-Butterfly_Open_Double_Edge_TTO_Safety_Razor_details_01-768x768.webp 768w, https:\/\/www.bailishaver.com\/wp-content\/uploads\/2024\/01\/Extra-long_Vintage_-Butterfly_Open_Double_Edge_TTO_Safety_Razor_details_01-12x12.webp 12w\" sizes=\"(max-width: 800px) 100vw, 800px\" \/>\t\t\t\t\t<\/div>\n\n\t\t\t\t<\/div>\n\t\t\t\t<\/div>\n\t\t\t\t\t<\/div>\n\t\t<\/div>\n\t\t\t\t\t\t\t<\/div>\n\t\t<\/section>\n\t\t\t\t<section class=\"wd-negative-gap elementor-section elementor-top-section elementor-element elementor-element-282dad3 elementor-section-content-middle elementor-section-boxed elementor-section-height-default elementor-section-height-default wd-section-disabled\" data-id=\"282dad3\" data-element_type=\"section\">\n\t\t\t\t\t\t<div class=\"elementor-container elementor-column-gap-default\">\n\t\t\t\t\t<div class=\"elementor-column elementor-col-50 elementor-top-column elementor-element elementor-element-53b97505\" data-id=\"53b97505\" data-element_type=\"column\">\n\t\t\t<div class=\"elementor-widget-wrap elementor-element-populated\">\n\t\t\t\t\t\t\t\t<div class=\"elementor-element elementor-element-ecc643e elementor-widget__width-initial elementor-hidden-desktop elementor-hidden-tablet elementor-widget elementor-widget-wd_text_block\" data-id=\"ecc643e\" data-element_type=\"widget\" data-widget_type=\"wd_text_block.default\">\n\t\t\t\t<div class=\"elementor-widget-container\">\n\t\t\t\t\t<div class=\"wd-text-block reset-last-child text-left color-title\">\n\t\t\t\n\t\t\t<p>* Finition or rose de qualit\u00e9 sup\u00e9rieure, luxueuse et \u00e9l\u00e9gante, adapt\u00e9e \u00e0 la fois pour offrir et pour un usage personnel ;<\/p><p>* Angle de confort dor\u00e9, exp\u00e9rience de rasage am\u00e9lior\u00e9e, douce mais efficace\u00a0;<\/p><p>* Rasoir adapt\u00e9 aux d\u00e9butants, adapt\u00e9 aux peaux sensibles\u00a0;<\/p><p>* Le rasoir de s\u00e9curit\u00e9 TTO s&#039;ouvre comme un papillon, rapide \u00e0 rincer et pratique pour remplacer la lame.<\/p>\n\t\t\t\t\t<\/div>\n\t\t\t\t<\/div>\n\t\t\t\t<\/div>\n\t\t\t\t<div class=\"elementor-element elementor-element-1e26cbbf elementor-widget elementor-widget-wd_image_or_svg\" data-id=\"1e26cbbf\" data-element_type=\"widget\" data-widget_type=\"wd_image_or_svg.default\">\n\t\t\t\t<div class=\"elementor-widget-container\">\n\t\t\t\n\t\t<div class=\"wd-image text-left\">\n\t\t\t\t\t\t\t\t<img decoding=\"async\" width=\"800\" height=\"800\" src=\"https:\/\/www.bailishaver.com\/wp-content\/uploads\/2024\/01\/Extra-long_Vintage_-Butterfly_Open_Double_Edge_TTO_Safety_Razor_details_02.webp\" class=\"attachment-full size-full wp-image-231199\" alt=\"\" srcset=\"https:\/\/www.bailishaver.com\/wp-content\/uploads\/2024\/01\/Extra-long_Vintage_-Butterfly_Open_Double_Edge_TTO_Safety_Razor_details_02.webp 800w, https:\/\/www.bailishaver.com\/wp-content\/uploads\/2024\/01\/Extra-long_Vintage_-Butterfly_Open_Double_Edge_TTO_Safety_Razor_details_02-300x300.webp 300w, https:\/\/www.bailishaver.com\/wp-content\/uploads\/2024\/01\/Extra-long_Vintage_-Butterfly_Open_Double_Edge_TTO_Safety_Razor_details_02-150x150.webp 150w, https:\/\/www.bailishaver.com\/wp-content\/uploads\/2024\/01\/Extra-long_Vintage_-Butterfly_Open_Double_Edge_TTO_Safety_Razor_details_02-768x768.webp 768w, https:\/\/www.bailishaver.com\/wp-content\/uploads\/2024\/01\/Extra-long_Vintage_-Butterfly_Open_Double_Edge_TTO_Safety_Razor_details_02-12x12.webp 12w\" sizes=\"(max-width: 800px) 100vw, 800px\" \/>\t\t\t\t\t<\/div>\n\n\t\t\t\t<\/div>\n\t\t\t\t<\/div>\n\t\t\t\t\t<\/div>\n\t\t<\/div>\n\t\t\t\t<div class=\"elementor-column elementor-col-50 elementor-top-column elementor-element elementor-element-49f16e8a\" data-id=\"49f16e8a\" data-element_type=\"column\">\n\t\t\t<div class=\"elementor-widget-wrap elementor-element-populated\">\n\t\t\t\t\t\t\t\t<div class=\"elementor-element elementor-element-22ba71c0 elementor-hidden-mobile elementor-widget elementor-widget-wd_text_block\" data-id=\"22ba71c0\" data-element_type=\"widget\" data-widget_type=\"wd_text_block.default\">\n\t\t\t\t<div class=\"elementor-widget-container\">\n\t\t\t\t\t<div class=\"wd-text-block reset-last-child text-left color-title\">\n\t\t\t\n\t\t\t<p>* Finition or rose de qualit\u00e9 sup\u00e9rieure, luxueuse et \u00e9l\u00e9gante, adapt\u00e9e \u00e0 la fois pour offrir et pour un usage personnel ;<\/p><p>* Angle de confort dor\u00e9, exp\u00e9rience de rasage am\u00e9lior\u00e9e, douce mais efficace\u00a0;<\/p><p>* Rasoir adapt\u00e9 aux d\u00e9butants, adapt\u00e9 aux peaux sensibles\u00a0;<\/p><p>* Le rasoir de s\u00e9curit\u00e9 TTO s&#039;ouvre comme un papillon, rapide \u00e0 rincer et pratique pour remplacer la lame.<\/p>\n\t\t\t\t\t<\/div>\n\t\t\t\t<\/div>\n\t\t\t\t<\/div>\n\t\t\t\t\t<\/div>\n\t\t<\/div>\n\t\t\t\t\t\t\t<\/div>\n\t\t<\/section>\n\t\t\t\t<section class=\"wd-negative-gap elementor-section elementor-top-section elementor-element elementor-element-72c7b5ed elementor-section-content-middle elementor-section-boxed elementor-section-height-default elementor-section-height-default wd-section-disabled\" data-id=\"72c7b5ed\" data-element_type=\"section\">\n\t\t\t\t\t\t<div class=\"elementor-container elementor-column-gap-default\">\n\t\t\t\t\t<div class=\"elementor-column elementor-col-50 elementor-top-column elementor-element elementor-element-6de9744c\" data-id=\"6de9744c\" data-element_type=\"column\">\n\t\t\t<div class=\"elementor-widget-wrap elementor-element-populated\">\n\t\t\t\t\t\t\t\t<div class=\"elementor-element elementor-element-627b1a32 elementor-widget elementor-widget-wd_text_block\" data-id=\"627b1a32\" data-element_type=\"widget\" data-widget_type=\"wd_text_block.default\">\n\t\t\t\t<div class=\"elementor-widget-container\">\n\t\t\t\t\t<div class=\"wd-text-block reset-last-child text-left color-title\">\n\t\t\t\n\t\t\t<p>* Poign\u00e9e 3D finement textur\u00e9e, poign\u00e9e vintage extra-longue, imperm\u00e9able, r\u00e9sistante \u00e0 la rouille et antioxydante, avec une sensation sup\u00e9rieure ;<\/p><p>* Fabriqu\u00e9 en alliage de zinc 100%, des mat\u00e9riaux de haute qualit\u00e9 garantissent la durabilit\u00e9\u00a0;<\/p><p>* Poign\u00e9e scientifiquement pond\u00e9r\u00e9e pour une meilleure prise en main\u00a0;<\/p><p>* Couleur or rose. La couleur peut \u00eatre mieux imagin\u00e9e comme un m\u00e9lange chatoyant de teintes dor\u00e9es et de tons rose blush. Il d\u00e9gage un charme doux et sophistiqu\u00e9, avec une subtile lueur ros\u00e9e qui ajoute une touche de chaleur et d&#039;\u00e9l\u00e9gance \u00e0 n&#039;importe quel objet ou surface.<\/p>\n\t\t\t\t\t<\/div>\n\t\t\t\t<\/div>\n\t\t\t\t<\/div>\n\t\t\t\t\t<\/div>\n\t\t<\/div>\n\t\t\t\t<div class=\"elementor-column elementor-col-50 elementor-top-column elementor-element elementor-element-25e56d2\" data-id=\"25e56d2\" data-element_type=\"column\">\n\t\t\t<div class=\"elementor-widget-wrap elementor-element-populated\">\n\t\t\t\t\t\t\t\t<div class=\"elementor-element elementor-element-5759ae74 elementor-widget elementor-widget-wd_image_or_svg\" data-id=\"5759ae74\" data-element_type=\"widget\" data-widget_type=\"wd_image_or_svg.default\">\n\t\t\t\t<div class=\"elementor-widget-container\">\n\t\t\t\n\t\t<div class=\"wd-image text-left\">\n\t\t\t\t\t\t\t\t<img decoding=\"async\" width=\"800\" height=\"800\" src=\"https:\/\/www.bailishaver.com\/wp-content\/uploads\/2024\/01\/Extra-long_Vintage_-Butterfly_Open_Double_Edge_TTO_Safety_Razor_details_03.webp\" class=\"attachment-full size-full wp-image-231200\" alt=\"\" srcset=\"https:\/\/www.bailishaver.com\/wp-content\/uploads\/2024\/01\/Extra-long_Vintage_-Butterfly_Open_Double_Edge_TTO_Safety_Razor_details_03.webp 800w, https:\/\/www.bailishaver.com\/wp-content\/uploads\/2024\/01\/Extra-long_Vintage_-Butterfly_Open_Double_Edge_TTO_Safety_Razor_details_03-300x300.webp 300w, https:\/\/www.bailishaver.com\/wp-content\/uploads\/2024\/01\/Extra-long_Vintage_-Butterfly_Open_Double_Edge_TTO_Safety_Razor_details_03-150x150.webp 150w, https:\/\/www.bailishaver.com\/wp-content\/uploads\/2024\/01\/Extra-long_Vintage_-Butterfly_Open_Double_Edge_TTO_Safety_Razor_details_03-768x768.webp 768w, https:\/\/www.bailishaver.com\/wp-content\/uploads\/2024\/01\/Extra-long_Vintage_-Butterfly_Open_Double_Edge_TTO_Safety_Razor_details_03-12x12.webp 12w\" sizes=\"(max-width: 800px) 100vw, 800px\" \/>\t\t\t\t\t<\/div>\n\n\t\t\t\t<\/div>\n\t\t\t\t<\/div>\n\t\t\t\t\t<\/div>\n\t\t<\/div>\n\t\t\t\t\t\t\t<\/div>\n\t\t<\/section>\n\t\t\t\t<section class=\"wd-negative-gap elementor-section elementor-top-section elementor-element elementor-element-2e53e4c elementor-section-boxed elementor-section-height-default elementor-section-height-default wd-section-disabled\" data-id=\"2e53e4c\" data-element_type=\"section\">\n\t\t\t\t\t\t<div class=\"elementor-container elementor-column-gap-default\">\n\t\t\t\t\t<div class=\"elementor-column elementor-col-100 elementor-top-column elementor-element elementor-element-11d156bc\" data-id=\"11d156bc\" data-element_type=\"column\">\n\t\t\t<div class=\"elementor-widget-wrap elementor-element-populated\">\n\t\t\t\t\t\t\t\t<div class=\"elementor-element elementor-element-93cc531 elementor-widget elementor-widget-accordion\" data-id=\"93cc531\" data-element_type=\"widget\" data-widget_type=\"accordion.default\">\n\t\t\t\t<div class=\"elementor-widget-container\">\n\t\t\t<style>\/*! elementor - v3.18.0 - 20-12-2023 *\/\n.elementor-accordion{text-align:left}.elementor-accordion .elementor-accordion-item{border:1px solid #d5d8dc}.elementor-accordion .elementor-accordion-item+.elementor-accordion-item{border-top:none}.elementor-accordion .elementor-tab-title{margin:0;padding:15px 20px;font-weight:700;line-height:1;cursor:pointer;outline:none}.elementor-accordion .elementor-tab-title .elementor-accordion-icon{display:inline-block;width:1.5em}.elementor-accordion .elementor-tab-title .elementor-accordion-icon svg{width:1em;height:1em}.elementor-accordion .elementor-tab-title .elementor-accordion-icon.elementor-accordion-icon-right{float:right;text-align:right}.elementor-accordion .elementor-tab-title .elementor-accordion-icon.elementor-accordion-icon-left{float:left;text-align:left}.elementor-accordion .elementor-tab-title .elementor-accordion-icon .elementor-accordion-icon-closed{display:block}.elementor-accordion .elementor-tab-title .elementor-accordion-icon .elementor-accordion-icon-opened,.elementor-accordion .elementor-tab-title.elementor-active .elementor-accordion-icon-closed{display:none}.elementor-accordion .elementor-tab-title.elementor-active .elementor-accordion-icon-opened{display:block}.elementor-accordion .elementor-tab-content{display:none;padding:15px 20px;border-top:1px solid #d5d8dc}@media (max-width:767px){.elementor-accordion .elementor-tab-title{padding:12px 15px}.elementor-accordion .elementor-tab-title .elementor-accordion-icon{width:1.2em}.elementor-accordion .elementor-tab-content{padding:7px 15px}}.e-con-inner>.elementor-widget-accordion,.e-con>.elementor-widget-accordion{width:var(--container-widget-width);--flex-grow:var(--container-widget-flex-grow)}<\/style>\t\t<div class=\"elementor-accordion\">\n\t\t\t\t\t\t\t<div class=\"elementor-accordion-item\">\n\t\t\t\t\t<div id=\"elementor-tab-title-1541\" class=\"elementor-tab-title\" data-tab=\"1\" role=\"button\" aria-controls=\"elementor-tab-content-1541\" aria-expanded=\"false\">\n\t\t\t\t\t\t\t\t\t\t\t\t\t<span class=\"elementor-accordion-icon elementor-accordion-icon-left\" aria-hidden=\"true\">\n\t\t\t\t\t\t\t\t\t\t\t\t\t\t\t<span class=\"elementor-accordion-icon-closed\"><i class=\"fas fa-caret-down\"><\/i><\/span>\n\t\t\t\t\t\t\t\t<span class=\"elementor-accordion-icon-opened\"><i class=\"fas fa-caret-up\"><\/i><\/span>\n\t\t\t\t\t\t\t\t\t\t\t\t\t\t<\/span>\n\t\t\t\t\t\t\t\t\t\t\t\t<a class=\"elementor-accordion-title\" tabindex=\"0\">Emballer<\/a>\n\t\t\t\t\t<\/div>\n\t\t\t\t\t<div id=\"elementor-tab-content-1541\" class=\"elementor-tab-content elementor-clearfix\" data-tab=\"1\" role=\"region\" aria-labelledby=\"elementor-tab-title-1541\"><table><tbody><tr><td>Produit<\/td><td>Pi\u00e8ces<\/td><td>Emballer<\/td><td>Taille<\/td><td>Poids brut<\/td><\/tr><tr><td rowspan=\"2\">DB-B4B<\/td><td class=\"et4\">1<\/td><td class=\"et4\">Sac d&#039;opp<\/td><td class=\"et4\">44 \u00d7 25,3 \u00d7 121,4 mm<\/td><td class=\"et4\">90,3g<\/td><\/tr><tr><td>96<\/td><td>Carton<\/td><td>385\u00d7155\u00d7235mm<\/td><td>10,1 kg<\/td><\/tr><\/tbody><\/table><\/div>\n\t\t\t\t<\/div>\n\t\t\t\t\t\t\t<div class=\"elementor-accordion-item\">\n\t\t\t\t\t<div id=\"elementor-tab-title-1542\" class=\"elementor-tab-title\" data-tab=\"2\" role=\"button\" aria-controls=\"elementor-tab-content-1542\" aria-expanded=\"false\">\n\t\t\t\t\t\t\t\t\t\t\t\t\t<span class=\"elementor-accordion-icon elementor-accordion-icon-left\" aria-hidden=\"true\">\n\t\t\t\t\t\t\t\t\t\t\t\t\t\t\t<span class=\"elementor-accordion-icon-closed\"><i class=\"fas fa-caret-down\"><\/i><\/span>\n\t\t\t\t\t\t\t\t<span class=\"elementor-accordion-icon-opened\"><i class=\"fas fa-caret-up\"><\/i><\/span>\n\t\t\t\t\t\t\t\t\t\t\t\t\t\t<\/span>\n\t\t\t\t\t\t\t\t\t\t\t\t<a class=\"elementor-accordion-title\" tabindex=\"0\"> Exp\u00e9dition<\/a>\n\t\t\t\t\t<\/div>\n\t\t\t\t\t<div id=\"elementor-tab-content-1542\" class=\"elementor-tab-content elementor-clearfix\" data-tab=\"2\" role=\"region\" aria-labelledby=\"elementor-tab-title-1542\"><p>La commande d&#039;\u00e9chantillon peut \u00eatre exp\u00e9di\u00e9e dans un d\u00e9lai de 3 \u00e0 7 jours\u00a0;<br \/>La production de commandes group\u00e9es ou de commandes personnalis\u00e9es prend 15 \u00e0 30 jours.<\/p><\/div>\n\t\t\t\t<\/div>\n\t\t\t\t\t\t\t\t<\/div>\n\t\t\t\t<\/div>\n\t\t\t\t<\/div>\n\t\t\t\t\t<\/div>\n\t\t<\/div>\n\t\t\t\t\t\t\t<\/div>\n\t\t<\/section>\n\t\t\t\t\t\t\t<\/div>","protected":false},"excerpt":{"rendered":"<p><strong>Mod\u00e8le\u00a0:\u00a0DB-B4B<\/strong><\/p>\n<div class=\"DescriptionImg\">\n<div class=\"image-box\">\n<p><img decoding=\"async\" src=\"https:\/\/bailishaver.com\/wp-content\/uploads\/2023\/09\/Butterfly-Opening.png\" alt=\"Image1\" \/><\/p>\n<div class=\"caption\">Ouverture papillon<\/div>\n<\/div>\n<div class=\"image-box\">\n<p><img decoding=\"async\" src=\"https:\/\/bailishaver.com\/wp-content\/uploads\/2024\/02\/Extra-long_Handle_Icon.webp\" alt=\"Image2\" \/><\/p>\n<div class=\"caption\">Manche extra-long<\/div>\n<\/div>\n<div class=\"image-box\">\n<p><img decoding=\"async\" src=\"https:\/\/bailishaver.com\/wp-content\/uploads\/2023\/09\/Mild.png\" alt=\"Image3\" \/><\/p>\n<div class=\"caption\">B\u00e9nin<\/div>\n<\/div>\n<\/div>","protected":false},"featured_media":231207,"comment_status":"open","ping_status":"closed","template":"","meta":[],"product_cat":[31],"product_tag":[],"yoast_head":"<!-- This site is optimized with the Yoast SEO plugin v21.4 - https:\/\/yoast.com\/wordpress\/plugins\/seo\/ -->\n<title>Extra-long Vintage Butterfly Open Double Edge TTO Safety Razor - Guangzhou Weidi Technology Co.,Ltd<\/title>\n<meta name=\"description\" content=\"TTO safety razor opens like a butterfly, which is quick to rinse and convenient to replace the blade. Extra-long vintage handle, elegant and luxurious.\" \/>\n<meta name=\"robots\" content=\"index, follow, max-snippet:-1, max-image-preview:large, max-video-preview:-1\" \/>\n<link rel=\"canonical\" href=\"https:\/\/www.bailishaver.com\/fr\/produit\/extra-long-vintage-butterfly-open-double-edge-tto-safety-razor\/\" \/>\n<meta property=\"og:locale\" content=\"fr_FR\" \/>\n<meta property=\"og:type\" content=\"article\" \/>\n<meta property=\"og:title\" content=\"Extra-long Vintage Butterfly Open Double Edge TTO Safety Razor - Guangzhou Weidi Technology Co.,Ltd\" \/>\n<meta property=\"og:description\" content=\"TTO safety razor opens like a butterfly, which is quick to rinse and convenient to replace the blade. Extra-long vintage handle, elegant and luxurious.\" \/>\n<meta property=\"og:url\" content=\"https:\/\/www.bailishaver.com\/fr\/produit\/extra-long-vintage-butterfly-open-double-edge-tto-safety-razor\/\" \/>\n<meta property=\"og:site_name\" content=\"Guangzhou Weidi Technology Co.,Ltd\" \/>\n<meta property=\"article:modified_time\" content=\"2024-02-29T09:24:06+00:00\" \/>\n<meta property=\"og:image\" content=\"https:\/\/www.bailishaver.com\/wp-content\/uploads\/2024\/01\/Extra-long_Vintage_-Butterfly_Open_Double_Edge_TTO_Safety_Razor_01.webp\" \/>\n\t<meta property=\"og:image:width\" content=\"800\" \/>\n\t<meta property=\"og:image:height\" content=\"800\" \/>\n\t<meta property=\"og:image:type\" content=\"image\/webp\" \/>\n<meta name=\"twitter:card\" content=\"summary_large_image\" \/>\n<meta name=\"twitter:label1\" content=\"Dur\u00e9e de lecture estim\u00e9e\" \/>\n\t<meta name=\"twitter:data1\" content=\"2 minutes\" \/>\n<script type=\"application\/ld+json\" class=\"yoast-schema-graph\">{\"@context\":\"https:\/\/schema.org\",\"@graph\":[{\"@type\":\"WebPage\",\"@id\":\"https:\/\/www.bailishaver.com\/product\/extra-long-vintage-butterfly-open-double-edge-tto-safety-razor\/\",\"url\":\"https:\/\/www.bailishaver.com\/product\/extra-long-vintage-butterfly-open-double-edge-tto-safety-razor\/\",\"name\":\"Extra-long Vintage Butterfly Open Double Edge TTO Safety Razor - Guangzhou Weidi Technology Co.,Ltd\",\"isPartOf\":{\"@id\":\"https:\/\/www.bailishaver.com\/#website\"},\"datePublished\":\"2024-01-06T06:00:14+00:00\",\"dateModified\":\"2024-02-29T09:24:06+00:00\",\"description\":\"TTO safety razor opens like a butterfly, which is quick to rinse and convenient to replace the blade. Extra-long vintage handle, elegant and luxurious.\",\"breadcrumb\":{\"@id\":\"https:\/\/www.bailishaver.com\/product\/extra-long-vintage-butterfly-open-double-edge-tto-safety-razor\/#breadcrumb\"},\"inLanguage\":\"fr-FR\",\"potentialAction\":[{\"@type\":\"ReadAction\",\"target\":[\"https:\/\/www.bailishaver.com\/product\/extra-long-vintage-butterfly-open-double-edge-tto-safety-razor\/\"]}]},{\"@type\":\"BreadcrumbList\",\"@id\":\"https:\/\/www.bailishaver.com\/product\/extra-long-vintage-butterfly-open-double-edge-tto-safety-razor\/#breadcrumb\",\"itemListElement\":[{\"@type\":\"ListItem\",\"position\":1,\"name\":\"HOME\",\"item\":\"https:\/\/www.bailishaver.com\/\"},{\"@type\":\"ListItem\",\"position\":2,\"name\":\"Product\",\"item\":\"https:\/\/www.bailishaver.com\/product\/\"},{\"@type\":\"ListItem\",\"position\":3,\"name\":\"Extra-long Vintage Butterfly Open Double Edge TTO Safety Razor\"}]},{\"@type\":\"WebSite\",\"@id\":\"https:\/\/www.bailishaver.com\/#website\",\"url\":\"https:\/\/www.bailishaver.com\/\",\"name\":\"Guangzhou Weidi Technology Co.,Ltd\",\"description\":\"system razors, lady razors, shaving kits, blade and refill, disposable razor, shaving , accessories, etc.\",\"potentialAction\":[{\"@type\":\"SearchAction\",\"target\":{\"@type\":\"EntryPoint\",\"urlTemplate\":\"https:\/\/www.bailishaver.com\/?s={search_term_string}\"},\"query-input\":\"required name=search_term_string\"}],\"inLanguage\":\"fr-FR\"}]}<\/script>\n<!-- \/ Yoast SEO plugin. -->","yoast_head_json":{"title":"Extra-long Vintage Butterfly Open Double Edge TTO Safety Razor - Guangzhou Weidi Technology Co.,Ltd","description":"TTO safety razor opens like a butterfly, which is quick to rinse and convenient to replace the blade. Extra-long vintage handle, elegant and luxurious.","robots":{"index":"index","follow":"follow","max-snippet":"max-snippet:-1","max-image-preview":"max-image-preview:large","max-video-preview":"max-video-preview:-1"},"canonical":"https:\/\/www.bailishaver.com\/fr\/produit\/extra-long-vintage-butterfly-open-double-edge-tto-safety-razor\/","og_locale":"fr_FR","og_type":"article","og_title":"Extra-long Vintage Butterfly Open Double Edge TTO Safety Razor - Guangzhou Weidi Technology Co.,Ltd","og_description":"TTO safety razor opens like a butterfly, which is quick to rinse and convenient to replace the blade. Extra-long vintage handle, elegant and luxurious.","og_url":"https:\/\/www.bailishaver.com\/fr\/produit\/extra-long-vintage-butterfly-open-double-edge-tto-safety-razor\/","og_site_name":"Guangzhou Weidi Technology Co.,Ltd","article_modified_time":"2024-02-29T09:24:06+00:00","og_image":[{"width":800,"height":800,"url":"https:\/\/www.bailishaver.com\/wp-content\/uploads\/2024\/01\/Extra-long_Vintage_-Butterfly_Open_Double_Edge_TTO_Safety_Razor_01.webp","type":"image\/webp"}],"twitter_card":"summary_large_image","twitter_misc":{"Dur\u00e9e de lecture estim\u00e9e":"2 minutes"},"schema":{"@context":"https:\/\/schema.org","@graph":[{"@type":"WebPage","@id":"https:\/\/www.bailishaver.com\/product\/extra-long-vintage-butterfly-open-double-edge-tto-safety-razor\/","url":"https:\/\/www.bailishaver.com\/product\/extra-long-vintage-butterfly-open-double-edge-tto-safety-razor\/","name":"Extra-long Vintage Butterfly Open Double Edge TTO Safety Razor - Guangzhou Weidi Technology Co.,Ltd","isPartOf":{"@id":"https:\/\/www.bailishaver.com\/#website"},"datePublished":"2024-01-06T06:00:14+00:00","dateModified":"2024-02-29T09:24:06+00:00","description":"TTO safety razor opens like a butterfly, which is quick to rinse and convenient to replace the blade. Extra-long vintage handle, elegant and luxurious.","breadcrumb":{"@id":"https:\/\/www.bailishaver.com\/product\/extra-long-vintage-butterfly-open-double-edge-tto-safety-razor\/#breadcrumb"},"inLanguage":"fr-FR","potentialAction":[{"@type":"ReadAction","target":["https:\/\/www.bailishaver.com\/product\/extra-long-vintage-butterfly-open-double-edge-tto-safety-razor\/"]}]},{"@type":"BreadcrumbList","@id":"https:\/\/www.bailishaver.com\/product\/extra-long-vintage-butterfly-open-double-edge-tto-safety-razor\/#breadcrumb","itemListElement":[{"@type":"ListItem","position":1,"name":"HOME","item":"https:\/\/www.bailishaver.com\/"},{"@type":"ListItem","position":2,"name":"Product","item":"https:\/\/www.bailishaver.com\/product\/"},{"@type":"ListItem","position":3,"name":"Extra-long Vintage Butterfly Open Double Edge TTO Safety Razor"}]},{"@type":"WebSite","@id":"https:\/\/www.bailishaver.com\/#website","url":"https:\/\/www.bailishaver.com\/","name":"Guangzhou Weidi Technology Co.,Ltd","description":"system razors, lady razors, shaving kits, blade and refill, disposable razor, shaving , accessories, etc.","potentialAction":[{"@type":"SearchAction","target":{"@type":"EntryPoint","urlTemplate":"https:\/\/www.bailishaver.com\/?s={search_term_string}"},"query-input":"required name=search_term_string"}],"inLanguage":"fr-FR"}]}},"_links":{"self":[{"href":"https:\/\/www.bailishaver.com\/fr\/wp-json\/wp\/v2\/product\/231182"}],"collection":[{"href":"https:\/\/www.bailishaver.com\/fr\/wp-json\/wp\/v2\/product"}],"about":[{"href":"https:\/\/www.bailishaver.com\/fr\/wp-json\/wp\/v2\/types\/product"}],"replies":[{"embeddable":true,"href":"https:\/\/www.bailishaver.com\/fr\/wp-json\/wp\/v2\/comments?post=231182"}],"version-history":[{"count":13,"href":"https:\/\/www.bailishaver.com\/fr\/wp-json\/wp\/v2\/product\/231182\/revisions"}],"predecessor-version":[{"id":231686,"href":"https:\/\/www.bailishaver.com\/fr\/wp-json\/wp\/v2\/product\/231182\/revisions\/231686"}],"wp:featuredmedia":[{"embeddable":true,"href":"https:\/\/www.bailishaver.com\/fr\/wp-json\/wp\/v2\/media\/231207"}],"wp:attachment":[{"href":"https:\/\/www.bailishaver.com\/fr\/wp-json\/wp\/v2\/media?parent=231182"}],"wp:term":[{"taxonomy":"product_cat","embeddable":true,"href":"https:\/\/www.bailishaver.com\/fr\/wp-json\/wp\/v2\/product_cat?post=231182"},{"taxonomy":"product_tag","embeddable":true,"href":"https:\/\/www.bailishaver.com\/fr\/wp-json\/wp\/v2\/product_tag?post=231182"}],"curies":[{"name":"wp","href":"https:\/\/api.w.org\/{rel}","templated":true}]}}