{"id":230373,"date":"2023-12-07T15:33:52","date_gmt":"2023-12-07T07:33:52","guid":{"rendered":"https:\/\/bailishaver.com\/?post_type=product&#038;p=230373"},"modified":"2024-02-29T16:16:06","modified_gmt":"2024-02-29T08:16:06","slug":"two-prong-weightly-base-safety-razor-shaving-brush-stand","status":"publish","type":"product","link":"https:\/\/www.bailishaver.com\/fr\/produit\/two-prong-weightly-base-safety-razor-shaving-brush-stand\/","title":{"rendered":"Support de blaireau de rasage pour rasoir de s\u00e9curit\u00e9 \u00e0 base lourde \u00e0 deux broches"},"content":{"rendered":"<div data-elementor-type=\"product-post\" data-elementor-id=\"230373\" class=\"elementor elementor-230373\" data-elementor-post-type=\"product\">\n\t\t\t\t\t\t\t\t\t<section class=\"wd-negative-gap elementor-section elementor-top-section elementor-element elementor-element-1bc87b1b elementor-section-content-middle elementor-section-boxed elementor-section-height-default elementor-section-height-default wd-section-disabled\" data-id=\"1bc87b1b\" data-element_type=\"section\">\n\t\t\t\t\t\t<div class=\"elementor-container elementor-column-gap-default\">\n\t\t\t\t\t<div class=\"elementor-column elementor-col-50 elementor-top-column elementor-element elementor-element-77002fbc\" data-id=\"77002fbc\" data-element_type=\"column\">\n\t\t\t<div class=\"elementor-widget-wrap elementor-element-populated\">\n\t\t\t\t\t\t\t\t<div class=\"elementor-element elementor-element-36c4be58 elementor-widget elementor-widget-wd_text_block\" data-id=\"36c4be58\" data-element_type=\"widget\" data-widget_type=\"wd_text_block.default\">\n\t\t\t\t<div class=\"elementor-widget-container\">\n\t\t\t\t\t<div class=\"wd-text-block reset-last-child text-left color-title\">\n\t\t\t\n\t\t\t<p>Mod\u00e8le\u00a0: PJ-AC2-02<\/p><p>Taille\u00a0: 106,5\u00a0X\u03a672X148,6\u00a0mm<\/p><p>Poids : 206,2 g<\/p><p>Mat\u00e9riau : alliage de zinc + EVA.<\/p><p>Caract\u00e9ristiques : Capable de contenir \u00e0 la fois un rasoir \u00e0 double tranchant et un blaireau<\/p>\n\t\t\t\t\t<\/div>\n\t\t\t\t<\/div>\n\t\t\t\t<\/div>\n\t\t\t\t\t<\/div>\n\t\t<\/div>\n\t\t\t\t<div class=\"elementor-column elementor-col-50 elementor-top-column elementor-element elementor-element-3e96e9b6\" data-id=\"3e96e9b6\" data-element_type=\"column\">\n\t\t\t<div class=\"elementor-widget-wrap elementor-element-populated\">\n\t\t\t\t\t\t\t\t<div class=\"elementor-element elementor-element-14cb92f9 elementor-widget elementor-widget-wd_image_or_svg\" data-id=\"14cb92f9\" data-element_type=\"widget\" data-widget_type=\"wd_image_or_svg.default\">\n\t\t\t\t<div class=\"elementor-widget-container\">\n\t\t\t\n\t\t<div class=\"wd-image text-left\">\n\t\t\t\t\t\t\t\t<img fetchpriority=\"high\" decoding=\"async\" width=\"1200\" height=\"1200\" src=\"https:\/\/www.bailishaver.com\/wp-content\/uploads\/2023\/12\/Two-prong_Weightly_Base_Safety_Razor_Shaving_Brush_Stand_details_01.webp\" class=\"attachment-full size-full wp-image-230376\" alt=\"\" srcset=\"https:\/\/www.bailishaver.com\/wp-content\/uploads\/2023\/12\/Two-prong_Weightly_Base_Safety_Razor_Shaving_Brush_Stand_details_01.webp 1200w, https:\/\/www.bailishaver.com\/wp-content\/uploads\/2023\/12\/Two-prong_Weightly_Base_Safety_Razor_Shaving_Brush_Stand_details_01-300x300.webp 300w, https:\/\/www.bailishaver.com\/wp-content\/uploads\/2023\/12\/Two-prong_Weightly_Base_Safety_Razor_Shaving_Brush_Stand_details_01-1024x1024.webp 1024w, https:\/\/www.bailishaver.com\/wp-content\/uploads\/2023\/12\/Two-prong_Weightly_Base_Safety_Razor_Shaving_Brush_Stand_details_01-150x150.webp 150w, https:\/\/www.bailishaver.com\/wp-content\/uploads\/2023\/12\/Two-prong_Weightly_Base_Safety_Razor_Shaving_Brush_Stand_details_01-768x768.webp 768w, https:\/\/www.bailishaver.com\/wp-content\/uploads\/2023\/12\/Two-prong_Weightly_Base_Safety_Razor_Shaving_Brush_Stand_details_01-12x12.webp 12w\" sizes=\"(max-width: 1200px) 100vw, 1200px\" \/>\t\t\t\t\t<\/div>\n\n\t\t\t\t<\/div>\n\t\t\t\t<\/div>\n\t\t\t\t\t<\/div>\n\t\t<\/div>\n\t\t\t\t\t\t\t<\/div>\n\t\t<\/section>\n\t\t\t\t<section class=\"wd-negative-gap elementor-section elementor-top-section elementor-element elementor-element-4f9cf17a elementor-section-content-middle elementor-section-boxed elementor-section-height-default elementor-section-height-default wd-section-disabled\" data-id=\"4f9cf17a\" data-element_type=\"section\">\n\t\t\t\t\t\t<div class=\"elementor-container elementor-column-gap-default\">\n\t\t\t\t\t<div class=\"elementor-column elementor-col-50 elementor-top-column elementor-element elementor-element-19f1ba6b\" data-id=\"19f1ba6b\" data-element_type=\"column\">\n\t\t\t<div class=\"elementor-widget-wrap elementor-element-populated\">\n\t\t\t\t\t\t\t\t<div class=\"elementor-element elementor-element-076a733 elementor-hidden-desktop elementor-hidden-tablet elementor-widget elementor-widget-wd_text_block\" data-id=\"076a733\" data-element_type=\"widget\" data-widget_type=\"wd_text_block.default\">\n\t\t\t\t<div class=\"elementor-widget-container\">\n\t\t\t\t\t<div class=\"wd-text-block reset-last-child text-left color-title\">\n\t\t\t\n\t\t\t<p>*Compatible avec la plupart des rasoirs \u00e0 double tranchant du march\u00e9. Ajustement pr\u00e9cis, avec une base pond\u00e9r\u00e9e bien \u00e9quilibr\u00e9e qui ne se renverse pas facilement\u00a0;<\/p><p>*Le rasoir tient debout, favorisant un s\u00e9chage rapide de l&#039;air et un drainage de l&#039;eau, ce qui r\u00e9duit le risque de croissance bact\u00e9rienne, garantissant ainsi la propret\u00e9 et l&#039;hygi\u00e8ne\u00a0;<\/p><p>*Capable de contenir simultan\u00e9ment un rasoir \u00e0 double tranchant et un blaireau, \u00e9conomisant ainsi de l&#039;espace de stockage\u00a0;<\/p><p>* Support de rasoir et de brosse \u00e0 deux broches, le support en m\u00e9tal est con\u00e7u pour la plupart des rasoirs traditionnels, le fond en m\u00e9tal chrom\u00e9 pur le rend suffisamment stable. Un c\u00f4t\u00e9 peut mettre un blaireau d&#039;un diam\u00e8tre de \u03a627 mm, un c\u00f4t\u00e9 peut mettre un rasoir d&#039;un diam\u00e8tre de \u03a611mm.<\/p>\n\t\t\t\t\t<\/div>\n\t\t\t\t<\/div>\n\t\t\t\t<\/div>\n\t\t\t\t<div class=\"elementor-element elementor-element-437736a3 elementor-widget elementor-widget-wd_image_or_svg\" data-id=\"437736a3\" data-element_type=\"widget\" data-widget_type=\"wd_image_or_svg.default\">\n\t\t\t\t<div class=\"elementor-widget-container\">\n\t\t\t\n\t\t<div class=\"wd-image text-left\">\n\t\t\t\t\t\t\t\t<img decoding=\"async\" width=\"728\" height=\"759\" src=\"https:\/\/www.bailishaver.com\/wp-content\/uploads\/2023\/12\/Two-prong_Weightly_Base_Safety_Razor_Shaving_Brush_Stand_details_02.webp\" class=\"attachment-full size-full wp-image-230366\" alt=\"\" srcset=\"https:\/\/www.bailishaver.com\/wp-content\/uploads\/2023\/12\/Two-prong_Weightly_Base_Safety_Razor_Shaving_Brush_Stand_details_02.webp 728w, https:\/\/www.bailishaver.com\/wp-content\/uploads\/2023\/12\/Two-prong_Weightly_Base_Safety_Razor_Shaving_Brush_Stand_details_02-288x300.webp 288w, https:\/\/www.bailishaver.com\/wp-content\/uploads\/2023\/12\/Two-prong_Weightly_Base_Safety_Razor_Shaving_Brush_Stand_details_02-12x12.webp 12w, https:\/\/www.bailishaver.com\/wp-content\/uploads\/2023\/12\/Two-prong_Weightly_Base_Safety_Razor_Shaving_Brush_Stand_details_02-150x156.webp 150w\" sizes=\"(max-width: 728px) 100vw, 728px\" \/>\t\t\t\t\t<\/div>\n\n\t\t\t\t<\/div>\n\t\t\t\t<\/div>\n\t\t\t\t\t<\/div>\n\t\t<\/div>\n\t\t\t\t<div class=\"elementor-column elementor-col-50 elementor-top-column elementor-element elementor-element-7871959a\" data-id=\"7871959a\" data-element_type=\"column\">\n\t\t\t<div class=\"elementor-widget-wrap elementor-element-populated\">\n\t\t\t\t\t\t\t\t<div class=\"elementor-element elementor-element-4f3e2e1a elementor-hidden-mobile elementor-widget elementor-widget-wd_text_block\" data-id=\"4f3e2e1a\" data-element_type=\"widget\" data-widget_type=\"wd_text_block.default\">\n\t\t\t\t<div class=\"elementor-widget-container\">\n\t\t\t\t\t<div class=\"wd-text-block reset-last-child text-left color-title\">\n\t\t\t\n\t\t\t<p>*Compatible avec la plupart des rasoirs \u00e0 double tranchant du march\u00e9. Ajustement pr\u00e9cis, avec une base pond\u00e9r\u00e9e bien \u00e9quilibr\u00e9e qui ne se renverse pas facilement\u00a0;<\/p><p>*Le rasoir tient debout, favorisant un s\u00e9chage rapide de l&#039;air et un drainage de l&#039;eau, ce qui r\u00e9duit le risque de croissance bact\u00e9rienne, garantissant ainsi la propret\u00e9 et l&#039;hygi\u00e8ne\u00a0;<\/p><p>*Capable de contenir simultan\u00e9ment un rasoir \u00e0 double tranchant et un blaireau, \u00e9conomisant ainsi de l&#039;espace de stockage\u00a0;<\/p><p>* Support de rasoir et de brosse \u00e0 deux broches, le support en m\u00e9tal est con\u00e7u pour la plupart des rasoirs traditionnels, le fond en m\u00e9tal chrom\u00e9 pur le rend suffisamment stable. Un c\u00f4t\u00e9 peut mettre un blaireau d&#039;un diam\u00e8tre de \u03a627 mm, un c\u00f4t\u00e9 peut mettre un rasoir d&#039;un diam\u00e8tre de \u03a611mm.<\/p>\n\t\t\t\t\t<\/div>\n\t\t\t\t<\/div>\n\t\t\t\t<\/div>\n\t\t\t\t\t<\/div>\n\t\t<\/div>\n\t\t\t\t\t\t\t<\/div>\n\t\t<\/section>\n\t\t\t\t<section class=\"wd-negative-gap elementor-section elementor-top-section elementor-element elementor-element-2e747d07 elementor-section-boxed elementor-section-height-default elementor-section-height-default wd-section-disabled\" data-id=\"2e747d07\" data-element_type=\"section\">\n\t\t\t\t\t\t<div class=\"elementor-container elementor-column-gap-default\">\n\t\t\t\t\t<div class=\"elementor-column elementor-col-100 elementor-top-column elementor-element elementor-element-70f07ba7\" data-id=\"70f07ba7\" data-element_type=\"column\">\n\t\t\t<div class=\"elementor-widget-wrap elementor-element-populated\">\n\t\t\t\t\t\t\t\t<div class=\"elementor-element elementor-element-7f86f569 elementor-widget elementor-widget-accordion\" data-id=\"7f86f569\" data-element_type=\"widget\" data-widget_type=\"accordion.default\">\n\t\t\t\t<div class=\"elementor-widget-container\">\n\t\t\t<style>\/*! elementor - v3.18.0 - 20-12-2023 *\/\n.elementor-accordion{text-align:left}.elementor-accordion .elementor-accordion-item{border:1px solid #d5d8dc}.elementor-accordion .elementor-accordion-item+.elementor-accordion-item{border-top:none}.elementor-accordion .elementor-tab-title{margin:0;padding:15px 20px;font-weight:700;line-height:1;cursor:pointer;outline:none}.elementor-accordion .elementor-tab-title .elementor-accordion-icon{display:inline-block;width:1.5em}.elementor-accordion .elementor-tab-title .elementor-accordion-icon svg{width:1em;height:1em}.elementor-accordion .elementor-tab-title .elementor-accordion-icon.elementor-accordion-icon-right{float:right;text-align:right}.elementor-accordion .elementor-tab-title .elementor-accordion-icon.elementor-accordion-icon-left{float:left;text-align:left}.elementor-accordion .elementor-tab-title .elementor-accordion-icon .elementor-accordion-icon-closed{display:block}.elementor-accordion .elementor-tab-title .elementor-accordion-icon .elementor-accordion-icon-opened,.elementor-accordion .elementor-tab-title.elementor-active .elementor-accordion-icon-closed{display:none}.elementor-accordion .elementor-tab-title.elementor-active .elementor-accordion-icon-opened{display:block}.elementor-accordion .elementor-tab-content{display:none;padding:15px 20px;border-top:1px solid #d5d8dc}@media (max-width:767px){.elementor-accordion .elementor-tab-title{padding:12px 15px}.elementor-accordion .elementor-tab-title .elementor-accordion-icon{width:1.2em}.elementor-accordion .elementor-tab-content{padding:7px 15px}}.e-con-inner>.elementor-widget-accordion,.e-con>.elementor-widget-accordion{width:var(--container-widget-width);--flex-grow:var(--container-widget-flex-grow)}<\/style>\t\t<div class=\"elementor-accordion\">\n\t\t\t\t\t\t\t<div class=\"elementor-accordion-item\">\n\t\t\t\t\t<div id=\"elementor-tab-title-2131\" class=\"elementor-tab-title\" data-tab=\"1\" role=\"button\" aria-controls=\"elementor-tab-content-2131\" aria-expanded=\"false\">\n\t\t\t\t\t\t\t\t\t\t\t\t\t<span class=\"elementor-accordion-icon elementor-accordion-icon-left\" aria-hidden=\"true\">\n\t\t\t\t\t\t\t\t\t\t\t\t\t\t\t<span class=\"elementor-accordion-icon-closed\"><i class=\"fas fa-caret-down\"><\/i><\/span>\n\t\t\t\t\t\t\t\t<span class=\"elementor-accordion-icon-opened\"><i class=\"fas fa-caret-up\"><\/i><\/span>\n\t\t\t\t\t\t\t\t\t\t\t\t\t\t<\/span>\n\t\t\t\t\t\t\t\t\t\t\t\t<a class=\"elementor-accordion-title\" tabindex=\"0\">Emballer<\/a>\n\t\t\t\t\t<\/div>\n\t\t\t\t\t<div id=\"elementor-tab-content-2131\" class=\"elementor-tab-content elementor-clearfix\" data-tab=\"1\" role=\"region\" aria-labelledby=\"elementor-tab-title-2131\"><table>\n<tbody>\n<tr>\n<td>Produit<\/td>\n<td>Pi\u00e8ces<\/td>\n<td>Emballer<\/td>\n<td>Taille<\/td>\n<td>Poids brut<\/td>\n<\/tr>\n<tr>\n<td rowspan=\"2\">PJ-AC2-02<\/td>\n<td class=\"et4\">1<\/td>\n<td class=\"et4\">Bo\u00eete<\/td>\n<td class=\"et4\">106,5X\u03a672X148,6mm<\/td>\n<td class=\"et4\">206,2 g<\/td>\n<\/tr>\n<tr>\n<td class=\"et4\">40<\/td>\n<td class=\"et4\">Carton<\/td>\n<td class=\"et4\">475\u00d7390\u00d7325mm<\/td>\n<td class=\"et4\">10,8 kg<\/td>\n<\/tr>\n<\/tbody>\n<\/table><\/div>\n\t\t\t\t<\/div>\n\t\t\t\t\t\t\t<div class=\"elementor-accordion-item\">\n\t\t\t\t\t<div id=\"elementor-tab-title-2132\" class=\"elementor-tab-title\" data-tab=\"2\" role=\"button\" aria-controls=\"elementor-tab-content-2132\" aria-expanded=\"false\">\n\t\t\t\t\t\t\t\t\t\t\t\t\t<span class=\"elementor-accordion-icon elementor-accordion-icon-left\" aria-hidden=\"true\">\n\t\t\t\t\t\t\t\t\t\t\t\t\t\t\t<span class=\"elementor-accordion-icon-closed\"><i class=\"fas fa-caret-down\"><\/i><\/span>\n\t\t\t\t\t\t\t\t<span class=\"elementor-accordion-icon-opened\"><i class=\"fas fa-caret-up\"><\/i><\/span>\n\t\t\t\t\t\t\t\t\t\t\t\t\t\t<\/span>\n\t\t\t\t\t\t\t\t\t\t\t\t<a class=\"elementor-accordion-title\" tabindex=\"0\"> Exp\u00e9dition<\/a>\n\t\t\t\t\t<\/div>\n\t\t\t\t\t<div id=\"elementor-tab-content-2132\" class=\"elementor-tab-content elementor-clearfix\" data-tab=\"2\" role=\"region\" aria-labelledby=\"elementor-tab-title-2132\"><p>La commande d&#039;\u00e9chantillon peut \u00eatre exp\u00e9di\u00e9e dans un d\u00e9lai de 3 \u00e0 7 jours\u00a0;<br \/>La production de commandes group\u00e9es ou de commandes personnalis\u00e9es prend 15 \u00e0 30 jours.<\/p><\/div>\n\t\t\t\t<\/div>\n\t\t\t\t\t\t\t\t<\/div>\n\t\t\t\t<\/div>\n\t\t\t\t<\/div>\n\t\t\t\t\t<\/div>\n\t\t<\/div>\n\t\t\t\t\t\t\t<\/div>\n\t\t<\/section>\n\t\t\t\t\t\t\t<\/div>","protected":false},"excerpt":{"rendered":"<p><strong>Mod\u00e8le\u00a0: PJ-AC2-02<\/strong><\/p>\n<div class=\"DescriptionImg\">\n<div class=\"image-box\">\n<p><img decoding=\"async\" src=\"https:\/\/bailishaver.com\/wp-content\/uploads\/2024\/02\/Weightly_Base_Icon.webp\" alt=\"Image1\" \/><\/p>\n<div class=\"caption\">Base lourde<\/div>\n<\/div>\n<div class=\"image-box\">\n<p><img decoding=\"async\" src=\"https:\/\/bailishaver.com\/wp-content\/uploads\/2024\/02\/Two-prong_Icon.webp\" alt=\"Image2\" \/><\/p>\n<div class=\"caption\">\u00c0 deux volets<\/div>\n<\/div>\n<div class=\"image-box\">\n<p><img decoding=\"async\" src=\"https:\/\/bailishaver.com\/wp-content\/uploads\/2023\/12\/Customizable.webp\" alt=\"Image3\" \/><\/p>\n<div class=\"caption\">Personnalisable<\/div>\n<\/div>\n<\/div>","protected":false},"featured_media":230367,"comment_status":"open","ping_status":"closed","template":"","meta":[],"product_cat":[37,58],"product_tag":[],"yoast_head":"<!-- This site is optimized with the Yoast SEO plugin v21.4 - https:\/\/yoast.com\/wordpress\/plugins\/seo\/ -->\n<title>Two-prong Weightly Base Safety Razor Shaving Brush Stand - Guangzhou Weidi Technology Co.,Ltd<\/title>\n<meta name=\"description\" content=\"Two-prong shaving brush stand capable of holding both a double edge razor and a shaving brush, saving storage space.The base is weightly and stable enough.\" \/>\n<meta name=\"robots\" content=\"index, follow, max-snippet:-1, max-image-preview:large, max-video-preview:-1\" \/>\n<link rel=\"canonical\" href=\"https:\/\/www.bailishaver.com\/fr\/produit\/two-prong-weightly-base-safety-razor-shaving-brush-stand\/\" \/>\n<meta property=\"og:locale\" content=\"fr_FR\" \/>\n<meta property=\"og:type\" content=\"article\" \/>\n<meta property=\"og:title\" content=\"Two-prong Weightly Base Safety Razor Shaving Brush Stand - Guangzhou Weidi Technology Co.,Ltd\" \/>\n<meta property=\"og:description\" content=\"Two-prong shaving brush stand capable of holding both a double edge razor and a shaving brush, saving storage space.The base is weightly and stable enough.\" \/>\n<meta property=\"og:url\" content=\"https:\/\/www.bailishaver.com\/fr\/produit\/two-prong-weightly-base-safety-razor-shaving-brush-stand\/\" \/>\n<meta property=\"og:site_name\" content=\"Guangzhou Weidi Technology Co.,Ltd\" \/>\n<meta property=\"article:modified_time\" content=\"2024-02-29T08:16:06+00:00\" \/>\n<meta property=\"og:image\" content=\"https:\/\/www.bailishaver.com\/wp-content\/uploads\/2023\/12\/Two-prong_Weightly_Base_Safety_Razor_Shaving_Brush_Stand_01.webp\" \/>\n\t<meta property=\"og:image:width\" content=\"800\" \/>\n\t<meta property=\"og:image:height\" content=\"800\" \/>\n\t<meta property=\"og:image:type\" content=\"image\/webp\" \/>\n<meta name=\"twitter:card\" content=\"summary_large_image\" \/>\n<meta name=\"twitter:label1\" content=\"Dur\u00e9e de lecture estim\u00e9e\" \/>\n\t<meta name=\"twitter:data1\" content=\"2 minutes\" \/>\n<script type=\"application\/ld+json\" class=\"yoast-schema-graph\">{\"@context\":\"https:\/\/schema.org\",\"@graph\":[{\"@type\":\"WebPage\",\"@id\":\"https:\/\/www.bailishaver.com\/product\/two-prong-weightly-base-safety-razor-shaving-brush-stand\/\",\"url\":\"https:\/\/www.bailishaver.com\/product\/two-prong-weightly-base-safety-razor-shaving-brush-stand\/\",\"name\":\"Two-prong Weightly Base Safety Razor Shaving Brush Stand - Guangzhou Weidi Technology Co.,Ltd\",\"isPartOf\":{\"@id\":\"https:\/\/www.bailishaver.com\/#website\"},\"datePublished\":\"2023-12-07T07:33:52+00:00\",\"dateModified\":\"2024-02-29T08:16:06+00:00\",\"description\":\"Two-prong shaving brush stand capable of holding both a double edge razor and a shaving brush, saving storage space.The base is weightly and stable enough.\",\"breadcrumb\":{\"@id\":\"https:\/\/www.bailishaver.com\/product\/two-prong-weightly-base-safety-razor-shaving-brush-stand\/#breadcrumb\"},\"inLanguage\":\"fr-FR\",\"potentialAction\":[{\"@type\":\"ReadAction\",\"target\":[\"https:\/\/www.bailishaver.com\/product\/two-prong-weightly-base-safety-razor-shaving-brush-stand\/\"]}]},{\"@type\":\"BreadcrumbList\",\"@id\":\"https:\/\/www.bailishaver.com\/product\/two-prong-weightly-base-safety-razor-shaving-brush-stand\/#breadcrumb\",\"itemListElement\":[{\"@type\":\"ListItem\",\"position\":1,\"name\":\"HOME\",\"item\":\"https:\/\/www.bailishaver.com\/\"},{\"@type\":\"ListItem\",\"position\":2,\"name\":\"Product\",\"item\":\"https:\/\/www.bailishaver.com\/product\/\"},{\"@type\":\"ListItem\",\"position\":3,\"name\":\"Two-prong Weightly Base Safety Razor Shaving Brush Stand\"}]},{\"@type\":\"WebSite\",\"@id\":\"https:\/\/www.bailishaver.com\/#website\",\"url\":\"https:\/\/www.bailishaver.com\/\",\"name\":\"Guangzhou Weidi Technology Co.,Ltd\",\"description\":\"system razors, lady razors, shaving kits, blade and refill, disposable razor, shaving , accessories, etc.\",\"potentialAction\":[{\"@type\":\"SearchAction\",\"target\":{\"@type\":\"EntryPoint\",\"urlTemplate\":\"https:\/\/www.bailishaver.com\/?s={search_term_string}\"},\"query-input\":\"required name=search_term_string\"}],\"inLanguage\":\"fr-FR\"}]}<\/script>\n<!-- \/ Yoast SEO plugin. -->","yoast_head_json":{"title":"Two-prong Weightly Base Safety Razor Shaving Brush Stand - Guangzhou Weidi Technology Co.,Ltd","description":"Two-prong shaving brush stand capable of holding both a double edge razor and a shaving brush, saving storage space.The base is weightly and stable enough.","robots":{"index":"index","follow":"follow","max-snippet":"max-snippet:-1","max-image-preview":"max-image-preview:large","max-video-preview":"max-video-preview:-1"},"canonical":"https:\/\/www.bailishaver.com\/fr\/produit\/two-prong-weightly-base-safety-razor-shaving-brush-stand\/","og_locale":"fr_FR","og_type":"article","og_title":"Two-prong Weightly Base Safety Razor Shaving Brush Stand - Guangzhou Weidi Technology Co.,Ltd","og_description":"Two-prong shaving brush stand capable of holding both a double edge razor and a shaving brush, saving storage space.The base is weightly and stable enough.","og_url":"https:\/\/www.bailishaver.com\/fr\/produit\/two-prong-weightly-base-safety-razor-shaving-brush-stand\/","og_site_name":"Guangzhou Weidi Technology Co.,Ltd","article_modified_time":"2024-02-29T08:16:06+00:00","og_image":[{"width":800,"height":800,"url":"https:\/\/www.bailishaver.com\/wp-content\/uploads\/2023\/12\/Two-prong_Weightly_Base_Safety_Razor_Shaving_Brush_Stand_01.webp","type":"image\/webp"}],"twitter_card":"summary_large_image","twitter_misc":{"Dur\u00e9e de lecture estim\u00e9e":"2 minutes"},"schema":{"@context":"https:\/\/schema.org","@graph":[{"@type":"WebPage","@id":"https:\/\/www.bailishaver.com\/product\/two-prong-weightly-base-safety-razor-shaving-brush-stand\/","url":"https:\/\/www.bailishaver.com\/product\/two-prong-weightly-base-safety-razor-shaving-brush-stand\/","name":"Two-prong Weightly Base Safety Razor Shaving Brush Stand - Guangzhou Weidi Technology Co.,Ltd","isPartOf":{"@id":"https:\/\/www.bailishaver.com\/#website"},"datePublished":"2023-12-07T07:33:52+00:00","dateModified":"2024-02-29T08:16:06+00:00","description":"Two-prong shaving brush stand capable of holding both a double edge razor and a shaving brush, saving storage space.The base is weightly and stable enough.","breadcrumb":{"@id":"https:\/\/www.bailishaver.com\/product\/two-prong-weightly-base-safety-razor-shaving-brush-stand\/#breadcrumb"},"inLanguage":"fr-FR","potentialAction":[{"@type":"ReadAction","target":["https:\/\/www.bailishaver.com\/product\/two-prong-weightly-base-safety-razor-shaving-brush-stand\/"]}]},{"@type":"BreadcrumbList","@id":"https:\/\/www.bailishaver.com\/product\/two-prong-weightly-base-safety-razor-shaving-brush-stand\/#breadcrumb","itemListElement":[{"@type":"ListItem","position":1,"name":"HOME","item":"https:\/\/www.bailishaver.com\/"},{"@type":"ListItem","position":2,"name":"Product","item":"https:\/\/www.bailishaver.com\/product\/"},{"@type":"ListItem","position":3,"name":"Two-prong Weightly Base Safety Razor Shaving Brush Stand"}]},{"@type":"WebSite","@id":"https:\/\/www.bailishaver.com\/#website","url":"https:\/\/www.bailishaver.com\/","name":"Guangzhou Weidi Technology Co.,Ltd","description":"system razors, lady razors, shaving kits, blade and refill, disposable razor, shaving , accessories, etc.","potentialAction":[{"@type":"SearchAction","target":{"@type":"EntryPoint","urlTemplate":"https:\/\/www.bailishaver.com\/?s={search_term_string}"},"query-input":"required name=search_term_string"}],"inLanguage":"fr-FR"}]}},"_links":{"self":[{"href":"https:\/\/www.bailishaver.com\/fr\/wp-json\/wp\/v2\/product\/230373"}],"collection":[{"href":"https:\/\/www.bailishaver.com\/fr\/wp-json\/wp\/v2\/product"}],"about":[{"href":"https:\/\/www.bailishaver.com\/fr\/wp-json\/wp\/v2\/types\/product"}],"replies":[{"embeddable":true,"href":"https:\/\/www.bailishaver.com\/fr\/wp-json\/wp\/v2\/comments?post=230373"}],"version-history":[{"count":2,"href":"https:\/\/www.bailishaver.com\/fr\/wp-json\/wp\/v2\/product\/230373\/revisions"}],"predecessor-version":[{"id":231666,"href":"https:\/\/www.bailishaver.com\/fr\/wp-json\/wp\/v2\/product\/230373\/revisions\/231666"}],"wp:featuredmedia":[{"embeddable":true,"href":"https:\/\/www.bailishaver.com\/fr\/wp-json\/wp\/v2\/media\/230367"}],"wp:attachment":[{"href":"https:\/\/www.bailishaver.com\/fr\/wp-json\/wp\/v2\/media?parent=230373"}],"wp:term":[{"taxonomy":"product_cat","embeddable":true,"href":"https:\/\/www.bailishaver.com\/fr\/wp-json\/wp\/v2\/product_cat?post=230373"},{"taxonomy":"product_tag","embeddable":true,"href":"https:\/\/www.bailishaver.com\/fr\/wp-json\/wp\/v2\/product_tag?post=230373"}],"curies":[{"name":"wp","href":"https:\/\/api.w.org\/{rel}","templated":true}]}}