{"id":230290,"date":"2023-12-07T14:18:11","date_gmt":"2023-12-07T06:18:11","guid":{"rendered":"https:\/\/bailishaver.com\/?post_type=product&#038;p=230290"},"modified":"2024-02-29T16:01:25","modified_gmt":"2024-02-29T08:01:25","slug":"wet-mens-foam-rich-cream-shaving-soap-for-men","status":"publish","type":"product","link":"https:\/\/www.bailishaver.com\/fr\/produit\/wet-mens-foam-rich-cream-shaving-soap-for-men\/","title":{"rendered":"Savon \u00e0 raser cr\u00e8me riche en mousse Wet Men&#039;s pour hommes"},"content":{"rendered":"<div data-elementor-type=\"product-post\" data-elementor-id=\"230290\" class=\"elementor elementor-230290\" data-elementor-post-type=\"product\">\n\t\t\t\t\t\t\t\t\t<section class=\"wd-negative-gap elementor-section elementor-top-section elementor-element elementor-element-1bc87b1b elementor-section-content-middle elementor-section-boxed elementor-section-height-default elementor-section-height-default wd-section-disabled\" data-id=\"1bc87b1b\" data-element_type=\"section\">\n\t\t\t\t\t\t<div class=\"elementor-container elementor-column-gap-default\">\n\t\t\t\t\t<div class=\"elementor-column elementor-col-50 elementor-top-column elementor-element elementor-element-77002fbc\" data-id=\"77002fbc\" data-element_type=\"column\">\n\t\t\t<div class=\"elementor-widget-wrap elementor-element-populated\">\n\t\t\t\t\t\t\t\t<div class=\"elementor-element elementor-element-36c4be58 elementor-widget elementor-widget-wd_text_block\" data-id=\"36c4be58\" data-element_type=\"widget\" data-widget_type=\"wd_text_block.default\">\n\t\t\t\t<div class=\"elementor-widget-container\">\n\t\t\t\t\t<div class=\"wd-text-block reset-last-child text-left color-title\">\n\t\t\t\n\t\t\t<p>Mod\u00e8le\u00a0: BR-BC921<\/p><p>Taille: 85 \u00d7 86 \u00d7 29 mm<\/p><p>Poids : 129,2 g<\/p><p>\u00c9l\u00e9ment principal : Miel + Beurre de Karit\u00e9<\/p><p>Parfum\u00a0: Cologne classique<\/p><p>Caract\u00e9ristiques : Mousse riche et d\u00e9licate ; Hydratant\u00a0; Doux; Non irritant<\/p>\n\t\t\t\t\t<\/div>\n\t\t\t\t<\/div>\n\t\t\t\t<\/div>\n\t\t\t\t\t<\/div>\n\t\t<\/div>\n\t\t\t\t<div class=\"elementor-column elementor-col-50 elementor-top-column elementor-element elementor-element-3e96e9b6\" data-id=\"3e96e9b6\" data-element_type=\"column\">\n\t\t\t<div class=\"elementor-widget-wrap elementor-element-populated\">\n\t\t\t\t\t\t\t\t<div class=\"elementor-element elementor-element-14cb92f9 elementor-widget elementor-widget-wd_image_or_svg\" data-id=\"14cb92f9\" data-element_type=\"widget\" data-widget_type=\"wd_image_or_svg.default\">\n\t\t\t\t<div class=\"elementor-widget-container\">\n\t\t\t\n\t\t<div class=\"wd-image text-left\">\n\t\t\t\t\t\t\t\t<img fetchpriority=\"high\" decoding=\"async\" width=\"800\" height=\"800\" src=\"https:\/\/www.bailishaver.com\/wp-content\/uploads\/2023\/12\/Wet_Mens_Foam_Rich_Cream_Shaving_Soap_for_Men_details_01.webp\" class=\"attachment-full size-full wp-image-230300\" alt=\"\" srcset=\"https:\/\/www.bailishaver.com\/wp-content\/uploads\/2023\/12\/Wet_Mens_Foam_Rich_Cream_Shaving_Soap_for_Men_details_01.webp 800w, https:\/\/www.bailishaver.com\/wp-content\/uploads\/2023\/12\/Wet_Mens_Foam_Rich_Cream_Shaving_Soap_for_Men_details_01-300x300.webp 300w, https:\/\/www.bailishaver.com\/wp-content\/uploads\/2023\/12\/Wet_Mens_Foam_Rich_Cream_Shaving_Soap_for_Men_details_01-150x150.webp 150w, https:\/\/www.bailishaver.com\/wp-content\/uploads\/2023\/12\/Wet_Mens_Foam_Rich_Cream_Shaving_Soap_for_Men_details_01-768x768.webp 768w, https:\/\/www.bailishaver.com\/wp-content\/uploads\/2023\/12\/Wet_Mens_Foam_Rich_Cream_Shaving_Soap_for_Men_details_01-12x12.webp 12w\" sizes=\"(max-width: 800px) 100vw, 800px\" \/>\t\t\t\t\t<\/div>\n\n\t\t\t\t<\/div>\n\t\t\t\t<\/div>\n\t\t\t\t\t<\/div>\n\t\t<\/div>\n\t\t\t\t\t\t\t<\/div>\n\t\t<\/section>\n\t\t\t\t<section class=\"wd-negative-gap elementor-section elementor-top-section elementor-element elementor-element-59a296c4 elementor-section-content-middle elementor-section-boxed elementor-section-height-default elementor-section-height-default wd-section-disabled\" data-id=\"59a296c4\" data-element_type=\"section\">\n\t\t\t\t\t\t<div class=\"elementor-container elementor-column-gap-default\">\n\t\t\t\t\t<div class=\"elementor-column elementor-col-50 elementor-top-column elementor-element elementor-element-446a39f\" data-id=\"446a39f\" data-element_type=\"column\">\n\t\t\t<div class=\"elementor-widget-wrap elementor-element-populated\">\n\t\t\t\t\t\t\t\t<div class=\"elementor-element elementor-element-e45c62f elementor-hidden-desktop elementor-hidden-tablet elementor-widget elementor-widget-wd_text_block\" data-id=\"e45c62f\" data-element_type=\"widget\" data-widget_type=\"wd_text_block.default\">\n\t\t\t\t<div class=\"elementor-widget-container\">\n\t\t\t\t\t<div class=\"wd-text-block reset-last-child text-left color-title\">\n\t\t\t\n\t\t\t<p><strong>*Nettoyage en profondeur:<\/strong><br \/>D\u00e9boucher les pores, dissoudre en douceur l&#039;huile et la salet\u00e9, respectueux des peaux sensibles\u00a0;<\/p><p><strong>*Apaiser la peau :<\/strong><br \/>Miel et beurre de karit\u00e9 sp\u00e9cialement ajout\u00e9s. Doux et hydratant, prend soin de la barri\u00e8re d&#039;\u00e9quilibre de la peau et ne serre pas apr\u00e8s le rasage ;<\/p><p><strong>*Profitez du rasage\u00a0:<\/strong><br \/>adoucit la barbe et lubrifie la surface de la lame. Sharp et lisse sans tirer, r\u00e9duisant la sensibilit\u00e9 apr\u00e8s-rasage ;<\/p><p><strong>*Convient \u00e0 la plupart des types de peau\u00a0:<\/strong><br \/>Mousse riche et d\u00e9licate, hydratante sans tiraillement, douce et non irritante, mousse riche comme une cr\u00e8me.<\/p>\n\t\t\t\t\t<\/div>\n\t\t\t\t<\/div>\n\t\t\t\t<\/div>\n\t\t\t\t<div class=\"elementor-element elementor-element-7bc46248 elementor-widget elementor-widget-wd_image_or_svg\" data-id=\"7bc46248\" data-element_type=\"widget\" data-widget_type=\"wd_image_or_svg.default\">\n\t\t\t\t<div class=\"elementor-widget-container\">\n\t\t\t\n\t\t<div class=\"wd-image text-left\">\n\t\t\t\t\t\t\t\t<img decoding=\"async\" width=\"800\" height=\"800\" src=\"https:\/\/www.bailishaver.com\/wp-content\/uploads\/2023\/12\/Wet_Mens_Foam_Rich_Cream_Shaving_Soap_for_Men_details_02.webp\" class=\"attachment-full size-full wp-image-230292\" alt=\"\" srcset=\"https:\/\/www.bailishaver.com\/wp-content\/uploads\/2023\/12\/Wet_Mens_Foam_Rich_Cream_Shaving_Soap_for_Men_details_02.webp 800w, https:\/\/www.bailishaver.com\/wp-content\/uploads\/2023\/12\/Wet_Mens_Foam_Rich_Cream_Shaving_Soap_for_Men_details_02-300x300.webp 300w, https:\/\/www.bailishaver.com\/wp-content\/uploads\/2023\/12\/Wet_Mens_Foam_Rich_Cream_Shaving_Soap_for_Men_details_02-150x150.webp 150w, https:\/\/www.bailishaver.com\/wp-content\/uploads\/2023\/12\/Wet_Mens_Foam_Rich_Cream_Shaving_Soap_for_Men_details_02-768x768.webp 768w, https:\/\/www.bailishaver.com\/wp-content\/uploads\/2023\/12\/Wet_Mens_Foam_Rich_Cream_Shaving_Soap_for_Men_details_02-12x12.webp 12w\" sizes=\"(max-width: 800px) 100vw, 800px\" \/>\t\t\t\t\t<\/div>\n\n\t\t\t\t<\/div>\n\t\t\t\t<\/div>\n\t\t\t\t\t<\/div>\n\t\t<\/div>\n\t\t\t\t<div class=\"elementor-column elementor-col-50 elementor-top-column elementor-element elementor-element-686c4fae\" data-id=\"686c4fae\" data-element_type=\"column\">\n\t\t\t<div class=\"elementor-widget-wrap elementor-element-populated\">\n\t\t\t\t\t\t\t\t<div class=\"elementor-element elementor-element-22d67042 elementor-hidden-mobile elementor-widget elementor-widget-wd_text_block\" data-id=\"22d67042\" data-element_type=\"widget\" data-widget_type=\"wd_text_block.default\">\n\t\t\t\t<div class=\"elementor-widget-container\">\n\t\t\t\t\t<div class=\"wd-text-block reset-last-child text-left color-title\">\n\t\t\t\n\t\t\t<p><strong>*Nettoyage en profondeur:<\/strong><br \/>D\u00e9boucher les pores, dissoudre en douceur l&#039;huile et la salet\u00e9, respectueux des peaux sensibles\u00a0;<\/p><p><strong>*Apaiser la peau :<\/strong><br \/>Miel et beurre de karit\u00e9 sp\u00e9cialement ajout\u00e9s. Doux et hydratant, prend soin de la barri\u00e8re d&#039;\u00e9quilibre de la peau et ne serre pas apr\u00e8s le rasage ;<\/p><p><strong>*Profitez du rasage\u00a0:<\/strong><br \/>adoucit la barbe et lubrifie la surface de la lame. Sharp et lisse sans tirer, r\u00e9duisant la sensibilit\u00e9 apr\u00e8s-rasage ;<\/p><p><strong>*Convient \u00e0 la plupart des types de peau\u00a0:<\/strong><br \/>Mousse riche et d\u00e9licate, hydratante sans tiraillement, douce et non irritante, mousse riche comme une cr\u00e8me.<\/p>\n\t\t\t\t\t<\/div>\n\t\t\t\t<\/div>\n\t\t\t\t<\/div>\n\t\t\t\t\t<\/div>\n\t\t<\/div>\n\t\t\t\t\t\t\t<\/div>\n\t\t<\/section>\n\t\t\t\t<section class=\"wd-negative-gap elementor-section elementor-top-section elementor-element elementor-element-64f6827 elementor-section-boxed elementor-section-height-default elementor-section-height-default wd-section-disabled\" data-id=\"64f6827\" data-element_type=\"section\">\n\t\t\t\t\t\t<div class=\"elementor-container elementor-column-gap-default\">\n\t\t\t\t\t<div class=\"elementor-column elementor-col-100 elementor-top-column elementor-element elementor-element-2737af4\" data-id=\"2737af4\" data-element_type=\"column\">\n\t\t\t<div class=\"elementor-widget-wrap elementor-element-populated\">\n\t\t\t\t\t\t\t\t<div class=\"elementor-element elementor-element-b8642ae elementor-widget elementor-widget-accordion\" data-id=\"b8642ae\" data-element_type=\"widget\" data-widget_type=\"accordion.default\">\n\t\t\t\t<div class=\"elementor-widget-container\">\n\t\t\t<style>\/*! elementor - v3.18.0 - 20-12-2023 *\/\n.elementor-accordion{text-align:left}.elementor-accordion .elementor-accordion-item{border:1px solid #d5d8dc}.elementor-accordion .elementor-accordion-item+.elementor-accordion-item{border-top:none}.elementor-accordion .elementor-tab-title{margin:0;padding:15px 20px;font-weight:700;line-height:1;cursor:pointer;outline:none}.elementor-accordion .elementor-tab-title .elementor-accordion-icon{display:inline-block;width:1.5em}.elementor-accordion .elementor-tab-title .elementor-accordion-icon svg{width:1em;height:1em}.elementor-accordion .elementor-tab-title .elementor-accordion-icon.elementor-accordion-icon-right{float:right;text-align:right}.elementor-accordion .elementor-tab-title .elementor-accordion-icon.elementor-accordion-icon-left{float:left;text-align:left}.elementor-accordion .elementor-tab-title .elementor-accordion-icon .elementor-accordion-icon-closed{display:block}.elementor-accordion .elementor-tab-title .elementor-accordion-icon .elementor-accordion-icon-opened,.elementor-accordion .elementor-tab-title.elementor-active .elementor-accordion-icon-closed{display:none}.elementor-accordion .elementor-tab-title.elementor-active .elementor-accordion-icon-opened{display:block}.elementor-accordion .elementor-tab-content{display:none;padding:15px 20px;border-top:1px solid #d5d8dc}@media (max-width:767px){.elementor-accordion .elementor-tab-title{padding:12px 15px}.elementor-accordion .elementor-tab-title .elementor-accordion-icon{width:1.2em}.elementor-accordion .elementor-tab-content{padding:7px 15px}}.e-con-inner>.elementor-widget-accordion,.e-con>.elementor-widget-accordion{width:var(--container-widget-width);--flex-grow:var(--container-widget-flex-grow)}<\/style>\t\t<div class=\"elementor-accordion\">\n\t\t\t\t\t\t\t<div class=\"elementor-accordion-item\">\n\t\t\t\t\t<div id=\"elementor-tab-title-1931\" class=\"elementor-tab-title\" data-tab=\"1\" role=\"button\" aria-controls=\"elementor-tab-content-1931\" aria-expanded=\"false\">\n\t\t\t\t\t\t\t\t\t\t\t\t\t<span class=\"elementor-accordion-icon elementor-accordion-icon-left\" aria-hidden=\"true\">\n\t\t\t\t\t\t\t\t\t\t\t\t\t\t\t<span class=\"elementor-accordion-icon-closed\"><i class=\"fas fa-caret-down\"><\/i><\/span>\n\t\t\t\t\t\t\t\t<span class=\"elementor-accordion-icon-opened\"><i class=\"fas fa-caret-up\"><\/i><\/span>\n\t\t\t\t\t\t\t\t\t\t\t\t\t\t<\/span>\n\t\t\t\t\t\t\t\t\t\t\t\t<a class=\"elementor-accordion-title\" tabindex=\"0\">Emballer<\/a>\n\t\t\t\t\t<\/div>\n\t\t\t\t\t<div id=\"elementor-tab-content-1931\" class=\"elementor-tab-content elementor-clearfix\" data-tab=\"1\" role=\"region\" aria-labelledby=\"elementor-tab-title-1931\"><table>\n<tbody>\n<tr>\n<td>Produit<\/td>\n<td>Pi\u00e8ces<\/td>\n<td>Emballer<\/td>\n<td>Taille<\/td>\n<td>Poids brut<\/td>\n<\/tr>\n<tr>\n<td rowspan=\"2\">BR-BC921<\/td>\n<td class=\"et4\">1<\/td>\n<td class=\"et4\">Bo\u00eete<\/td>\n<td class=\"et4\">85\u00d786\u00d729mm<\/td>\n<td class=\"et4\">129,2g<\/td>\n<\/tr>\n<\/tbody>\n<\/table><\/div>\n\t\t\t\t<\/div>\n\t\t\t\t\t\t\t<div class=\"elementor-accordion-item\">\n\t\t\t\t\t<div id=\"elementor-tab-title-1932\" class=\"elementor-tab-title\" data-tab=\"2\" role=\"button\" aria-controls=\"elementor-tab-content-1932\" aria-expanded=\"false\">\n\t\t\t\t\t\t\t\t\t\t\t\t\t<span class=\"elementor-accordion-icon elementor-accordion-icon-left\" aria-hidden=\"true\">\n\t\t\t\t\t\t\t\t\t\t\t\t\t\t\t<span class=\"elementor-accordion-icon-closed\"><i class=\"fas fa-caret-down\"><\/i><\/span>\n\t\t\t\t\t\t\t\t<span class=\"elementor-accordion-icon-opened\"><i class=\"fas fa-caret-up\"><\/i><\/span>\n\t\t\t\t\t\t\t\t\t\t\t\t\t\t<\/span>\n\t\t\t\t\t\t\t\t\t\t\t\t<a class=\"elementor-accordion-title\" tabindex=\"0\"> Exp\u00e9dition<\/a>\n\t\t\t\t\t<\/div>\n\t\t\t\t\t<div id=\"elementor-tab-content-1932\" class=\"elementor-tab-content elementor-clearfix\" data-tab=\"2\" role=\"region\" aria-labelledby=\"elementor-tab-title-1932\"><p>La commande d&#039;\u00e9chantillon peut \u00eatre exp\u00e9di\u00e9e dans un d\u00e9lai de 3 \u00e0 7 jours\u00a0;<br \/>La production de commandes group\u00e9es ou de commandes personnalis\u00e9es prend 15 \u00e0 30 jours.<\/p><\/div>\n\t\t\t\t<\/div>\n\t\t\t\t\t\t\t\t<\/div>\n\t\t\t\t<\/div>\n\t\t\t\t<\/div>\n\t\t\t\t\t<\/div>\n\t\t<\/div>\n\t\t\t\t\t\t\t<\/div>\n\t\t<\/section>\n\t\t\t\t\t\t\t<\/div>","protected":false},"excerpt":{"rendered":"<p><strong>Mod\u00e8le\u00a0: BR-BC921<\/strong><\/p>\n<div class=\"DescriptionImg\">\n<div class=\"image-box\">\n<p><img decoding=\"async\" src=\"https:\/\/bailishaver.com\/wp-content\/uploads\/2024\/02\/Foam_Rich_Icon.webp\" alt=\"Image1\" \/><\/p>\n<div class=\"caption\">Riche en mousse<\/div>\n<\/div>\n<div class=\"image-box\">\n<p><img decoding=\"async\" src=\"https:\/\/bailishaver.com\/wp-content\/uploads\/2024\/02\/Mens_Razor_Icon.webp\" alt=\"Image2\" \/><\/p>\n<div class=\"caption\">Pour des hommes<\/div>\n<\/div>\n<div class=\"image-box\">\n<p><img decoding=\"async\" src=\"https:\/\/bailishaver.com\/wp-content\/uploads\/2023\/12\/Customizable.webp\" alt=\"Image3\" \/><\/p>\n<div class=\"caption\">Personnalisable<\/div>\n<\/div>\n<\/div>","protected":false},"featured_media":230294,"comment_status":"open","ping_status":"closed","template":"","meta":[],"product_cat":[37,62],"product_tag":[],"yoast_head":"<!-- This site is optimized with the Yoast SEO plugin v21.4 - https:\/\/yoast.com\/wordpress\/plugins\/seo\/ -->\n<title>Wet Men&#039;s Foam Rich Cream Shaving Soap for Men - Guangzhou Weidi Technology Co.,Ltd<\/title>\n<meta name=\"description\" content=\"Shaving soap suitable for men&#039;s most skin types: rich and delicate foam, moisturizing without tightness, soft and non-irritating.\" \/>\n<meta name=\"robots\" content=\"index, follow, max-snippet:-1, max-image-preview:large, max-video-preview:-1\" \/>\n<link rel=\"canonical\" href=\"https:\/\/www.bailishaver.com\/fr\/produit\/wet-mens-foam-rich-cream-shaving-soap-for-men\/\" \/>\n<meta property=\"og:locale\" content=\"fr_FR\" \/>\n<meta property=\"og:type\" content=\"article\" \/>\n<meta property=\"og:title\" content=\"Wet Men&#039;s Foam Rich Cream Shaving Soap for Men - Guangzhou Weidi Technology Co.,Ltd\" \/>\n<meta property=\"og:description\" content=\"Shaving soap suitable for men&#039;s most skin types: rich and delicate foam, moisturizing without tightness, soft and non-irritating.\" \/>\n<meta property=\"og:url\" content=\"https:\/\/www.bailishaver.com\/fr\/produit\/wet-mens-foam-rich-cream-shaving-soap-for-men\/\" \/>\n<meta property=\"og:site_name\" content=\"Guangzhou Weidi Technology Co.,Ltd\" \/>\n<meta property=\"article:modified_time\" content=\"2024-02-29T08:01:25+00:00\" \/>\n<meta property=\"og:image\" content=\"https:\/\/www.bailishaver.com\/wp-content\/uploads\/2023\/12\/Wet_Mens_Foam_Rich_Cream_Shaving_Soap_for_Men_01.webp\" \/>\n\t<meta property=\"og:image:width\" content=\"800\" \/>\n\t<meta property=\"og:image:height\" content=\"800\" \/>\n\t<meta property=\"og:image:type\" content=\"image\/webp\" \/>\n<meta name=\"twitter:card\" content=\"summary_large_image\" \/>\n<meta name=\"twitter:label1\" content=\"Dur\u00e9e de lecture estim\u00e9e\" \/>\n\t<meta name=\"twitter:data1\" content=\"2 minutes\" \/>\n<script type=\"application\/ld+json\" class=\"yoast-schema-graph\">{\"@context\":\"https:\/\/schema.org\",\"@graph\":[{\"@type\":\"WebPage\",\"@id\":\"https:\/\/www.bailishaver.com\/product\/wet-mens-foam-rich-cream-shaving-soap-for-men\/\",\"url\":\"https:\/\/www.bailishaver.com\/product\/wet-mens-foam-rich-cream-shaving-soap-for-men\/\",\"name\":\"Wet Men's Foam Rich Cream Shaving Soap for Men - Guangzhou Weidi Technology Co.,Ltd\",\"isPartOf\":{\"@id\":\"https:\/\/www.bailishaver.com\/#website\"},\"datePublished\":\"2023-12-07T06:18:11+00:00\",\"dateModified\":\"2024-02-29T08:01:25+00:00\",\"description\":\"Shaving soap suitable for men's most skin types: rich and delicate foam, moisturizing without tightness, soft and non-irritating.\",\"breadcrumb\":{\"@id\":\"https:\/\/www.bailishaver.com\/product\/wet-mens-foam-rich-cream-shaving-soap-for-men\/#breadcrumb\"},\"inLanguage\":\"fr-FR\",\"potentialAction\":[{\"@type\":\"ReadAction\",\"target\":[\"https:\/\/www.bailishaver.com\/product\/wet-mens-foam-rich-cream-shaving-soap-for-men\/\"]}]},{\"@type\":\"BreadcrumbList\",\"@id\":\"https:\/\/www.bailishaver.com\/product\/wet-mens-foam-rich-cream-shaving-soap-for-men\/#breadcrumb\",\"itemListElement\":[{\"@type\":\"ListItem\",\"position\":1,\"name\":\"HOME\",\"item\":\"https:\/\/www.bailishaver.com\/\"},{\"@type\":\"ListItem\",\"position\":2,\"name\":\"Product\",\"item\":\"https:\/\/www.bailishaver.com\/product\/\"},{\"@type\":\"ListItem\",\"position\":3,\"name\":\"Wet Men&#8217;s Foam Rich Cream Shaving Soap for Men\"}]},{\"@type\":\"WebSite\",\"@id\":\"https:\/\/www.bailishaver.com\/#website\",\"url\":\"https:\/\/www.bailishaver.com\/\",\"name\":\"Guangzhou Weidi Technology Co.,Ltd\",\"description\":\"system razors, lady razors, shaving kits, blade and refill, disposable razor, shaving , accessories, etc.\",\"potentialAction\":[{\"@type\":\"SearchAction\",\"target\":{\"@type\":\"EntryPoint\",\"urlTemplate\":\"https:\/\/www.bailishaver.com\/?s={search_term_string}\"},\"query-input\":\"required name=search_term_string\"}],\"inLanguage\":\"fr-FR\"}]}<\/script>\n<!-- \/ Yoast SEO plugin. -->","yoast_head_json":{"title":"Wet Men's Foam Rich Cream Shaving Soap for Men - Guangzhou Weidi Technology Co.,Ltd","description":"Shaving soap suitable for men's most skin types: rich and delicate foam, moisturizing without tightness, soft and non-irritating.","robots":{"index":"index","follow":"follow","max-snippet":"max-snippet:-1","max-image-preview":"max-image-preview:large","max-video-preview":"max-video-preview:-1"},"canonical":"https:\/\/www.bailishaver.com\/fr\/produit\/wet-mens-foam-rich-cream-shaving-soap-for-men\/","og_locale":"fr_FR","og_type":"article","og_title":"Wet Men's Foam Rich Cream Shaving Soap for Men - Guangzhou Weidi Technology Co.,Ltd","og_description":"Shaving soap suitable for men's most skin types: rich and delicate foam, moisturizing without tightness, soft and non-irritating.","og_url":"https:\/\/www.bailishaver.com\/fr\/produit\/wet-mens-foam-rich-cream-shaving-soap-for-men\/","og_site_name":"Guangzhou Weidi Technology Co.,Ltd","article_modified_time":"2024-02-29T08:01:25+00:00","og_image":[{"width":800,"height":800,"url":"https:\/\/www.bailishaver.com\/wp-content\/uploads\/2023\/12\/Wet_Mens_Foam_Rich_Cream_Shaving_Soap_for_Men_01.webp","type":"image\/webp"}],"twitter_card":"summary_large_image","twitter_misc":{"Dur\u00e9e de lecture estim\u00e9e":"2 minutes"},"schema":{"@context":"https:\/\/schema.org","@graph":[{"@type":"WebPage","@id":"https:\/\/www.bailishaver.com\/product\/wet-mens-foam-rich-cream-shaving-soap-for-men\/","url":"https:\/\/www.bailishaver.com\/product\/wet-mens-foam-rich-cream-shaving-soap-for-men\/","name":"Wet Men's Foam Rich Cream Shaving Soap for Men - Guangzhou Weidi Technology Co.,Ltd","isPartOf":{"@id":"https:\/\/www.bailishaver.com\/#website"},"datePublished":"2023-12-07T06:18:11+00:00","dateModified":"2024-02-29T08:01:25+00:00","description":"Shaving soap suitable for men's most skin types: rich and delicate foam, moisturizing without tightness, soft and non-irritating.","breadcrumb":{"@id":"https:\/\/www.bailishaver.com\/product\/wet-mens-foam-rich-cream-shaving-soap-for-men\/#breadcrumb"},"inLanguage":"fr-FR","potentialAction":[{"@type":"ReadAction","target":["https:\/\/www.bailishaver.com\/product\/wet-mens-foam-rich-cream-shaving-soap-for-men\/"]}]},{"@type":"BreadcrumbList","@id":"https:\/\/www.bailishaver.com\/product\/wet-mens-foam-rich-cream-shaving-soap-for-men\/#breadcrumb","itemListElement":[{"@type":"ListItem","position":1,"name":"HOME","item":"https:\/\/www.bailishaver.com\/"},{"@type":"ListItem","position":2,"name":"Product","item":"https:\/\/www.bailishaver.com\/product\/"},{"@type":"ListItem","position":3,"name":"Wet Men&#8217;s Foam Rich Cream Shaving Soap for Men"}]},{"@type":"WebSite","@id":"https:\/\/www.bailishaver.com\/#website","url":"https:\/\/www.bailishaver.com\/","name":"Guangzhou Weidi Technology Co.,Ltd","description":"system razors, lady razors, shaving kits, blade and refill, disposable razor, shaving , accessories, etc.","potentialAction":[{"@type":"SearchAction","target":{"@type":"EntryPoint","urlTemplate":"https:\/\/www.bailishaver.com\/?s={search_term_string}"},"query-input":"required name=search_term_string"}],"inLanguage":"fr-FR"}]}},"_links":{"self":[{"href":"https:\/\/www.bailishaver.com\/fr\/wp-json\/wp\/v2\/product\/230290"}],"collection":[{"href":"https:\/\/www.bailishaver.com\/fr\/wp-json\/wp\/v2\/product"}],"about":[{"href":"https:\/\/www.bailishaver.com\/fr\/wp-json\/wp\/v2\/types\/product"}],"replies":[{"embeddable":true,"href":"https:\/\/www.bailishaver.com\/fr\/wp-json\/wp\/v2\/comments?post=230290"}],"version-history":[{"count":2,"href":"https:\/\/www.bailishaver.com\/fr\/wp-json\/wp\/v2\/product\/230290\/revisions"}],"predecessor-version":[{"id":231654,"href":"https:\/\/www.bailishaver.com\/fr\/wp-json\/wp\/v2\/product\/230290\/revisions\/231654"}],"wp:featuredmedia":[{"embeddable":true,"href":"https:\/\/www.bailishaver.com\/fr\/wp-json\/wp\/v2\/media\/230294"}],"wp:attachment":[{"href":"https:\/\/www.bailishaver.com\/fr\/wp-json\/wp\/v2\/media?parent=230290"}],"wp:term":[{"taxonomy":"product_cat","embeddable":true,"href":"https:\/\/www.bailishaver.com\/fr\/wp-json\/wp\/v2\/product_cat?post=230290"},{"taxonomy":"product_tag","embeddable":true,"href":"https:\/\/www.bailishaver.com\/fr\/wp-json\/wp\/v2\/product_tag?post=230290"}],"curies":[{"name":"wp","href":"https:\/\/api.w.org\/{rel}","templated":true}]}}