{"id":229217,"date":"2023-11-03T11:27:02","date_gmt":"2023-11-03T03:27:02","guid":{"rendered":"https:\/\/bailishaver.com\/?post_type=product&#038;p=229217"},"modified":"2024-02-29T12:26:03","modified_gmt":"2024-02-29T04:26:03","slug":"cat-paw-wide-area-aloe-vera-strip-womens-triple-blade","status":"publish","type":"product","link":"https:\/\/www.bailishaver.com\/fr\/produit\/cat-paw-wide-area-aloe-vera-strip-womens-triple-blade\/","title":{"rendered":"Bande d&#039;aloe vera \u00e0 large surface Cat Paw pour femmes, triple lame"},"content":{"rendered":"<div data-elementor-type=\"product-post\" data-elementor-id=\"229217\" class=\"elementor elementor-229217\" data-elementor-post-type=\"product\">\n\t\t\t\t\t\t\t\t\t<section class=\"wd-negative-gap elementor-section elementor-top-section elementor-element elementor-element-1bc87b1b elementor-section-content-middle elementor-section-boxed elementor-section-height-default elementor-section-height-default wd-section-disabled\" data-id=\"1bc87b1b\" data-element_type=\"section\">\n\t\t\t\t\t\t<div class=\"elementor-container elementor-column-gap-default\">\n\t\t\t\t\t<div class=\"elementor-column elementor-col-50 elementor-top-column elementor-element elementor-element-77002fbc\" data-id=\"77002fbc\" data-element_type=\"column\">\n\t\t\t<div class=\"elementor-widget-wrap elementor-element-populated\">\n\t\t\t\t\t\t\t\t<div class=\"elementor-element elementor-element-36c4be58 elementor-widget elementor-widget-wd_text_block\" data-id=\"36c4be58\" data-element_type=\"widget\" data-widget_type=\"wd_text_block.default\">\n\t\t\t\t<div class=\"elementor-widget-container\">\n\t\t\t\t\t<div class=\"wd-text-block reset-last-child text-left color-title\">\n\t\t\t\n\t\t\t<p>Mod\u00e8le : DT43<\/p><p>T\u00eate de rasoir\u00a0: t\u00eate de rasoir \u00e0 triple lame<\/p><p>Taille: 52X25X12mm<\/p><p>Poids : 4,5 g<\/p><p>Mat\u00e9riel: acier inoxydable + ABS + PS<\/p><p>Caract\u00e9ristiques : bande lubrifiante \u00e0 l&#039;aloe vera \u00e0 large surface ; lavable ; r\u00e9utilisable ; imperm\u00e9able ; antirouille.<\/p>\n\t\t\t\t\t<\/div>\n\t\t\t\t<\/div>\n\t\t\t\t<\/div>\n\t\t\t\t\t<\/div>\n\t\t<\/div>\n\t\t\t\t<div class=\"elementor-column elementor-col-50 elementor-top-column elementor-element elementor-element-3e96e9b6\" data-id=\"3e96e9b6\" data-element_type=\"column\">\n\t\t\t<div class=\"elementor-widget-wrap elementor-element-populated\">\n\t\t\t\t\t\t\t\t<div class=\"elementor-element elementor-element-14cb92f9 elementor-widget elementor-widget-wd_image_or_svg\" data-id=\"14cb92f9\" data-element_type=\"widget\" data-widget_type=\"wd_image_or_svg.default\">\n\t\t\t\t<div class=\"elementor-widget-container\">\n\t\t\t\n\t\t<div class=\"wd-image text-left\">\n\t\t\t\t\t\t\t\t<img fetchpriority=\"high\" decoding=\"async\" width=\"800\" height=\"800\" src=\"https:\/\/www.bailishaver.com\/wp-content\/uploads\/2023\/11\/Wide_Area_Aloe_Vera_Strip_Womens_Triple_Blade_details_01.webp\" class=\"attachment-full size-full wp-image-229225\" alt=\"\" srcset=\"https:\/\/www.bailishaver.com\/wp-content\/uploads\/2023\/11\/Wide_Area_Aloe_Vera_Strip_Womens_Triple_Blade_details_01.webp 800w, https:\/\/www.bailishaver.com\/wp-content\/uploads\/2023\/11\/Wide_Area_Aloe_Vera_Strip_Womens_Triple_Blade_details_01-300x300.webp 300w, https:\/\/www.bailishaver.com\/wp-content\/uploads\/2023\/11\/Wide_Area_Aloe_Vera_Strip_Womens_Triple_Blade_details_01-150x150.webp 150w, https:\/\/www.bailishaver.com\/wp-content\/uploads\/2023\/11\/Wide_Area_Aloe_Vera_Strip_Womens_Triple_Blade_details_01-768x768.webp 768w, https:\/\/www.bailishaver.com\/wp-content\/uploads\/2023\/11\/Wide_Area_Aloe_Vera_Strip_Womens_Triple_Blade_details_01-12x12.webp 12w\" sizes=\"(max-width: 800px) 100vw, 800px\" \/>\t\t\t\t\t<\/div>\n\n\t\t\t\t<\/div>\n\t\t\t\t<\/div>\n\t\t\t\t\t<\/div>\n\t\t<\/div>\n\t\t\t\t\t\t\t<\/div>\n\t\t<\/section>\n\t\t\t\t<section class=\"wd-negative-gap elementor-section elementor-top-section elementor-element elementor-element-4f9cf17a elementor-section-content-middle elementor-section-boxed elementor-section-height-default elementor-section-height-default wd-section-disabled\" data-id=\"4f9cf17a\" data-element_type=\"section\">\n\t\t\t\t\t\t<div class=\"elementor-container elementor-column-gap-default\">\n\t\t\t\t\t<div class=\"elementor-column elementor-col-50 elementor-top-column elementor-element elementor-element-19f1ba6b\" data-id=\"19f1ba6b\" data-element_type=\"column\">\n\t\t\t<div class=\"elementor-widget-wrap elementor-element-populated\">\n\t\t\t\t\t\t\t\t<div class=\"elementor-element elementor-element-076a733 elementor-hidden-desktop elementor-hidden-tablet elementor-widget elementor-widget-wd_text_block\" data-id=\"076a733\" data-element_type=\"widget\" data-widget_type=\"wd_text_block.default\">\n\t\t\t\t<div class=\"elementor-widget-container\">\n\t\t\t\t\t<div class=\"wd-text-block reset-last-child text-left color-title\">\n\t\t\t\n\t\t\t<h5>*T\u00eate de lame rotative \u00e0 triple lame pour un rasage de pr\u00e8s et confortable\u00a0;<\/h5><h5>*Bande d&#039;alo\u00e8s avec une large zone\u00a0:<\/h5><p>A. Il peut rendre le rasage plus doux et prot\u00e9ger votre peau, et vous aurez une bonne exp\u00e9rience de rasage\u00a0;<\/p><p>B. Peau apaisante : l&#039;aloe vera a pour effet d&#039;apaiser la peau, ce qui peut r\u00e9duire les irritations cutan\u00e9es pendant le rasage et \u00e9viter les dommages cutan\u00e9s ;<\/p><p>c. Effet de rasage am\u00e9lior\u00e9 : les bandes d&#039;aloe vera de grande surface peuvent augmenter la zone de contact entre la lame et la peau, rendant le rasage plus doux, r\u00e9duisant la casse et les r\u00e9sidus de cheveux et am\u00e9liorant l&#039;effet de rasage.<\/p>\n\t\t\t\t\t<\/div>\n\t\t\t\t<\/div>\n\t\t\t\t<\/div>\n\t\t\t\t<div class=\"elementor-element elementor-element-437736a3 elementor-widget elementor-widget-wd_image_or_svg\" data-id=\"437736a3\" data-element_type=\"widget\" data-widget_type=\"wd_image_or_svg.default\">\n\t\t\t\t<div class=\"elementor-widget-container\">\n\t\t\t\n\t\t<div class=\"wd-image text-left\">\n\t\t\t\t\t\t\t\t<img decoding=\"async\" width=\"800\" height=\"800\" src=\"https:\/\/www.bailishaver.com\/wp-content\/uploads\/2023\/11\/Cat_Paw_Wide_Area_Aloe_Vera_Strip_Womens_Triple_Blade_06_details_02.webp\" class=\"attachment-full size-full wp-image-229223\" alt=\"\" srcset=\"https:\/\/www.bailishaver.com\/wp-content\/uploads\/2023\/11\/Cat_Paw_Wide_Area_Aloe_Vera_Strip_Womens_Triple_Blade_06_details_02.webp 800w, https:\/\/www.bailishaver.com\/wp-content\/uploads\/2023\/11\/Cat_Paw_Wide_Area_Aloe_Vera_Strip_Womens_Triple_Blade_06_details_02-300x300.webp 300w, https:\/\/www.bailishaver.com\/wp-content\/uploads\/2023\/11\/Cat_Paw_Wide_Area_Aloe_Vera_Strip_Womens_Triple_Blade_06_details_02-150x150.webp 150w, https:\/\/www.bailishaver.com\/wp-content\/uploads\/2023\/11\/Cat_Paw_Wide_Area_Aloe_Vera_Strip_Womens_Triple_Blade_06_details_02-768x768.webp 768w, https:\/\/www.bailishaver.com\/wp-content\/uploads\/2023\/11\/Cat_Paw_Wide_Area_Aloe_Vera_Strip_Womens_Triple_Blade_06_details_02-12x12.webp 12w\" sizes=\"(max-width: 800px) 100vw, 800px\" \/>\t\t\t\t\t<\/div>\n\n\t\t\t\t<\/div>\n\t\t\t\t<\/div>\n\t\t\t\t\t<\/div>\n\t\t<\/div>\n\t\t\t\t<div class=\"elementor-column elementor-col-50 elementor-top-column elementor-element elementor-element-7871959a\" data-id=\"7871959a\" data-element_type=\"column\">\n\t\t\t<div class=\"elementor-widget-wrap elementor-element-populated\">\n\t\t\t\t\t\t\t\t<div class=\"elementor-element elementor-element-4f3e2e1a elementor-hidden-mobile elementor-widget elementor-widget-wd_text_block\" data-id=\"4f3e2e1a\" data-element_type=\"widget\" data-widget_type=\"wd_text_block.default\">\n\t\t\t\t<div class=\"elementor-widget-container\">\n\t\t\t\t\t<div class=\"wd-text-block reset-last-child text-left color-title\">\n\t\t\t\n\t\t\t<h5>*T\u00eate de lame rotative \u00e0 triple lame pour un rasage de pr\u00e8s et confortable\u00a0;<\/h5><h5>*Bande d&#039;alo\u00e8s avec une large zone\u00a0:<\/h5><p>A. Il peut rendre le rasage plus doux et prot\u00e9ger votre peau, et vous aurez une bonne exp\u00e9rience de rasage\u00a0;<\/p><p>B. Peau apaisante : l&#039;aloe vera a pour effet d&#039;apaiser la peau, ce qui peut r\u00e9duire les irritations cutan\u00e9es pendant le rasage et \u00e9viter les dommages cutan\u00e9s ;<\/p><p>c. Effet de rasage am\u00e9lior\u00e9 : les bandes d&#039;aloe vera de grande surface peuvent augmenter la zone de contact entre la lame et la peau, rendant le rasage plus doux, r\u00e9duisant la casse et les r\u00e9sidus de cheveux et am\u00e9liorant l&#039;effet de rasage.<\/p>\n\t\t\t\t\t<\/div>\n\t\t\t\t<\/div>\n\t\t\t\t<\/div>\n\t\t\t\t\t<\/div>\n\t\t<\/div>\n\t\t\t\t\t\t\t<\/div>\n\t\t<\/section>\n\t\t\t\t<section class=\"wd-negative-gap elementor-section elementor-top-section elementor-element elementor-element-2e747d07 elementor-section-boxed elementor-section-height-default elementor-section-height-default wd-section-disabled\" data-id=\"2e747d07\" data-element_type=\"section\">\n\t\t\t\t\t\t<div class=\"elementor-container elementor-column-gap-default\">\n\t\t\t\t\t<div class=\"elementor-column elementor-col-100 elementor-top-column elementor-element elementor-element-70f07ba7\" data-id=\"70f07ba7\" data-element_type=\"column\">\n\t\t\t<div class=\"elementor-widget-wrap elementor-element-populated\">\n\t\t\t\t\t\t\t\t<div class=\"elementor-element elementor-element-7f86f569 elementor-widget elementor-widget-accordion\" data-id=\"7f86f569\" data-element_type=\"widget\" data-widget_type=\"accordion.default\">\n\t\t\t\t<div class=\"elementor-widget-container\">\n\t\t\t<style>\/*! elementor - v3.18.0 - 20-12-2023 *\/\n.elementor-accordion{text-align:left}.elementor-accordion .elementor-accordion-item{border:1px solid #d5d8dc}.elementor-accordion .elementor-accordion-item+.elementor-accordion-item{border-top:none}.elementor-accordion .elementor-tab-title{margin:0;padding:15px 20px;font-weight:700;line-height:1;cursor:pointer;outline:none}.elementor-accordion .elementor-tab-title .elementor-accordion-icon{display:inline-block;width:1.5em}.elementor-accordion .elementor-tab-title .elementor-accordion-icon svg{width:1em;height:1em}.elementor-accordion .elementor-tab-title .elementor-accordion-icon.elementor-accordion-icon-right{float:right;text-align:right}.elementor-accordion .elementor-tab-title .elementor-accordion-icon.elementor-accordion-icon-left{float:left;text-align:left}.elementor-accordion .elementor-tab-title .elementor-accordion-icon .elementor-accordion-icon-closed{display:block}.elementor-accordion .elementor-tab-title .elementor-accordion-icon .elementor-accordion-icon-opened,.elementor-accordion .elementor-tab-title.elementor-active .elementor-accordion-icon-closed{display:none}.elementor-accordion .elementor-tab-title.elementor-active .elementor-accordion-icon-opened{display:block}.elementor-accordion .elementor-tab-content{display:none;padding:15px 20px;border-top:1px solid #d5d8dc}@media (max-width:767px){.elementor-accordion .elementor-tab-title{padding:12px 15px}.elementor-accordion .elementor-tab-title .elementor-accordion-icon{width:1.2em}.elementor-accordion .elementor-tab-content{padding:7px 15px}}.e-con-inner>.elementor-widget-accordion,.e-con>.elementor-widget-accordion{width:var(--container-widget-width);--flex-grow:var(--container-widget-flex-grow)}<\/style>\t\t<div class=\"elementor-accordion\">\n\t\t\t\t\t\t\t<div class=\"elementor-accordion-item\">\n\t\t\t\t\t<div id=\"elementor-tab-title-2131\" class=\"elementor-tab-title\" data-tab=\"1\" role=\"button\" aria-controls=\"elementor-tab-content-2131\" aria-expanded=\"false\">\n\t\t\t\t\t\t\t\t\t\t\t\t\t<span class=\"elementor-accordion-icon elementor-accordion-icon-left\" aria-hidden=\"true\">\n\t\t\t\t\t\t\t\t\t\t\t\t\t\t\t<span class=\"elementor-accordion-icon-closed\"><i class=\"fas fa-caret-down\"><\/i><\/span>\n\t\t\t\t\t\t\t\t<span class=\"elementor-accordion-icon-opened\"><i class=\"fas fa-caret-up\"><\/i><\/span>\n\t\t\t\t\t\t\t\t\t\t\t\t\t\t<\/span>\n\t\t\t\t\t\t\t\t\t\t\t\t<a class=\"elementor-accordion-title\" tabindex=\"0\">Emballer<\/a>\n\t\t\t\t\t<\/div>\n\t\t\t\t\t<div id=\"elementor-tab-content-2131\" class=\"elementor-tab-content elementor-clearfix\" data-tab=\"1\" role=\"region\" aria-labelledby=\"elementor-tab-title-2131\"><table><tbody><tr><td>Produit<\/td><td>Pi\u00e8ces<\/td><td>Emballer<\/td><td>Taille<\/td><td>Poids brut<\/td><\/tr><tr><td rowspan=\"2\">DT43<\/td><td class=\"et4\">1<\/td><td class=\"et4\">Sac d&#039;opp<\/td><td class=\"et4\">52X25X12mm<\/td><td class=\"et4\">4,5g<\/td><\/tr><\/tbody><\/table><\/div>\n\t\t\t\t<\/div>\n\t\t\t\t\t\t\t<div class=\"elementor-accordion-item\">\n\t\t\t\t\t<div id=\"elementor-tab-title-2132\" class=\"elementor-tab-title\" data-tab=\"2\" role=\"button\" aria-controls=\"elementor-tab-content-2132\" aria-expanded=\"false\">\n\t\t\t\t\t\t\t\t\t\t\t\t\t<span class=\"elementor-accordion-icon elementor-accordion-icon-left\" aria-hidden=\"true\">\n\t\t\t\t\t\t\t\t\t\t\t\t\t\t\t<span class=\"elementor-accordion-icon-closed\"><i class=\"fas fa-caret-down\"><\/i><\/span>\n\t\t\t\t\t\t\t\t<span class=\"elementor-accordion-icon-opened\"><i class=\"fas fa-caret-up\"><\/i><\/span>\n\t\t\t\t\t\t\t\t\t\t\t\t\t\t<\/span>\n\t\t\t\t\t\t\t\t\t\t\t\t<a class=\"elementor-accordion-title\" tabindex=\"0\"> Exp\u00e9dition<\/a>\n\t\t\t\t\t<\/div>\n\t\t\t\t\t<div id=\"elementor-tab-content-2132\" class=\"elementor-tab-content elementor-clearfix\" data-tab=\"2\" role=\"region\" aria-labelledby=\"elementor-tab-title-2132\"><p>La commande d&#039;\u00e9chantillon peut \u00eatre exp\u00e9di\u00e9e dans un d\u00e9lai de 3 \u00e0 7 jours\u00a0;<br \/>La production de commandes group\u00e9es ou de commandes personnalis\u00e9es prend 15 \u00e0 30 jours.<\/p><\/div>\n\t\t\t\t<\/div>\n\t\t\t\t\t\t\t\t<\/div>\n\t\t\t\t<\/div>\n\t\t\t\t<\/div>\n\t\t\t\t\t<\/div>\n\t\t<\/div>\n\t\t\t\t\t\t\t<\/div>\n\t\t<\/section>\n\t\t\t\t\t\t\t<\/div>","protected":false},"excerpt":{"rendered":"<p><strong>Mod\u00e8le : DT43<\/strong><\/p>\n<div class=\"DescriptionImg\">\n<div class=\"image-box\">\n<p><img decoding=\"async\" src=\"https:\/\/bailishaver.com\/wp-content\/uploads\/2023\/10\/Triple_Blade.webp\" alt=\"Image1\" \/><\/p>\n<div class=\"caption\">Triple lame<\/div>\n<\/div>\n<div class=\"image-box\">\n<p><img decoding=\"async\" src=\"https:\/\/bailishaver.com\/wp-content\/uploads\/2024\/02\/360\u00b0_Aloe_Vera_Strip_Icon.webp\" alt=\"Image2\" \/><\/p>\n<div class=\"caption\">Bande d&#039;Aloe Vera \u00e0 grande surface<\/div>\n<\/div>\n<div class=\"image-box\">\n<p><img decoding=\"async\" src=\"https:\/\/bailishaver.com\/wp-content\/uploads\/2024\/02\/Womens_Razor_Icon.webp\" alt=\"Image3\" \/><\/p>\n<div class=\"caption\">Rasoir pour femme<\/div>\n<\/div>\n<\/div>","protected":false},"featured_media":229229,"comment_status":"open","ping_status":"closed","template":"","meta":[],"product_cat":[35],"product_tag":[],"yoast_head":"<!-- This site is optimized with the Yoast SEO plugin v21.4 - https:\/\/yoast.com\/wordpress\/plugins\/seo\/ -->\n<title>Cat Paw Wide Area Aloe Vera Strip Women&#039;s Triple Blade - Guangzhou Weidi Technology Co.,Ltd<\/title>\n<meta name=\"description\" content=\"Wide area aloe vera strip triple rotating blade for women,protecting against skin irritation,provides a close, comfortable and smooth shave.\" \/>\n<meta name=\"robots\" content=\"index, follow, max-snippet:-1, max-image-preview:large, max-video-preview:-1\" \/>\n<link rel=\"canonical\" href=\"https:\/\/www.bailishaver.com\/fr\/produit\/cat-paw-wide-area-aloe-vera-strip-womens-triple-blade\/\" \/>\n<meta property=\"og:locale\" content=\"fr_FR\" \/>\n<meta property=\"og:type\" content=\"article\" \/>\n<meta property=\"og:title\" content=\"Cat Paw Wide Area Aloe Vera Strip Women&#039;s Triple Blade - Guangzhou Weidi Technology Co.,Ltd\" \/>\n<meta property=\"og:description\" content=\"Wide area aloe vera strip triple rotating blade for women,protecting against skin irritation,provides a close, comfortable and smooth shave.\" \/>\n<meta property=\"og:url\" content=\"https:\/\/www.bailishaver.com\/fr\/produit\/cat-paw-wide-area-aloe-vera-strip-womens-triple-blade\/\" \/>\n<meta property=\"og:site_name\" content=\"Guangzhou Weidi Technology Co.,Ltd\" \/>\n<meta property=\"article:modified_time\" content=\"2024-02-29T04:26:03+00:00\" \/>\n<meta property=\"og:image\" content=\"https:\/\/www.bailishaver.com\/wp-content\/uploads\/2023\/11\/Cat_Paw_Wide_Area_Aloe_Vera_Strip_Womens_Triple_Blade_01.webp\" \/>\n\t<meta property=\"og:image:width\" content=\"800\" \/>\n\t<meta property=\"og:image:height\" content=\"800\" \/>\n\t<meta property=\"og:image:type\" content=\"image\/webp\" \/>\n<meta name=\"twitter:card\" content=\"summary_large_image\" \/>\n<meta name=\"twitter:label1\" content=\"Dur\u00e9e de lecture estim\u00e9e\" \/>\n\t<meta name=\"twitter:data1\" content=\"2 minutes\" \/>\n<script type=\"application\/ld+json\" class=\"yoast-schema-graph\">{\"@context\":\"https:\/\/schema.org\",\"@graph\":[{\"@type\":\"WebPage\",\"@id\":\"https:\/\/www.bailishaver.com\/product\/cat-paw-wide-area-aloe-vera-strip-womens-triple-blade\/\",\"url\":\"https:\/\/www.bailishaver.com\/product\/cat-paw-wide-area-aloe-vera-strip-womens-triple-blade\/\",\"name\":\"Cat Paw Wide Area Aloe Vera Strip Women's Triple Blade - Guangzhou Weidi Technology Co.,Ltd\",\"isPartOf\":{\"@id\":\"https:\/\/www.bailishaver.com\/#website\"},\"datePublished\":\"2023-11-03T03:27:02+00:00\",\"dateModified\":\"2024-02-29T04:26:03+00:00\",\"description\":\"Wide area aloe vera strip triple rotating blade for women,protecting against skin irritation,provides a close, comfortable and smooth shave.\",\"breadcrumb\":{\"@id\":\"https:\/\/www.bailishaver.com\/product\/cat-paw-wide-area-aloe-vera-strip-womens-triple-blade\/#breadcrumb\"},\"inLanguage\":\"fr-FR\",\"potentialAction\":[{\"@type\":\"ReadAction\",\"target\":[\"https:\/\/www.bailishaver.com\/product\/cat-paw-wide-area-aloe-vera-strip-womens-triple-blade\/\"]}]},{\"@type\":\"BreadcrumbList\",\"@id\":\"https:\/\/www.bailishaver.com\/product\/cat-paw-wide-area-aloe-vera-strip-womens-triple-blade\/#breadcrumb\",\"itemListElement\":[{\"@type\":\"ListItem\",\"position\":1,\"name\":\"HOME\",\"item\":\"https:\/\/www.bailishaver.com\/\"},{\"@type\":\"ListItem\",\"position\":2,\"name\":\"Product\",\"item\":\"https:\/\/www.bailishaver.com\/product\/\"},{\"@type\":\"ListItem\",\"position\":3,\"name\":\"Cat Paw Wide Area Aloe Vera Strip Women&#8217;s Triple Blade\"}]},{\"@type\":\"WebSite\",\"@id\":\"https:\/\/www.bailishaver.com\/#website\",\"url\":\"https:\/\/www.bailishaver.com\/\",\"name\":\"Guangzhou Weidi Technology Co.,Ltd\",\"description\":\"system razors, lady razors, shaving kits, blade and refill, disposable razor, shaving , accessories, etc.\",\"potentialAction\":[{\"@type\":\"SearchAction\",\"target\":{\"@type\":\"EntryPoint\",\"urlTemplate\":\"https:\/\/www.bailishaver.com\/?s={search_term_string}\"},\"query-input\":\"required name=search_term_string\"}],\"inLanguage\":\"fr-FR\"}]}<\/script>\n<!-- \/ Yoast SEO plugin. -->","yoast_head_json":{"title":"Cat Paw Wide Area Aloe Vera Strip Women's Triple Blade - Guangzhou Weidi Technology Co.,Ltd","description":"Wide area aloe vera strip triple rotating blade for women,protecting against skin irritation,provides a close, comfortable and smooth shave.","robots":{"index":"index","follow":"follow","max-snippet":"max-snippet:-1","max-image-preview":"max-image-preview:large","max-video-preview":"max-video-preview:-1"},"canonical":"https:\/\/www.bailishaver.com\/fr\/produit\/cat-paw-wide-area-aloe-vera-strip-womens-triple-blade\/","og_locale":"fr_FR","og_type":"article","og_title":"Cat Paw Wide Area Aloe Vera Strip Women's Triple Blade - Guangzhou Weidi Technology Co.,Ltd","og_description":"Wide area aloe vera strip triple rotating blade for women,protecting against skin irritation,provides a close, comfortable and smooth shave.","og_url":"https:\/\/www.bailishaver.com\/fr\/produit\/cat-paw-wide-area-aloe-vera-strip-womens-triple-blade\/","og_site_name":"Guangzhou Weidi Technology Co.,Ltd","article_modified_time":"2024-02-29T04:26:03+00:00","og_image":[{"width":800,"height":800,"url":"https:\/\/www.bailishaver.com\/wp-content\/uploads\/2023\/11\/Cat_Paw_Wide_Area_Aloe_Vera_Strip_Womens_Triple_Blade_01.webp","type":"image\/webp"}],"twitter_card":"summary_large_image","twitter_misc":{"Dur\u00e9e de lecture estim\u00e9e":"2 minutes"},"schema":{"@context":"https:\/\/schema.org","@graph":[{"@type":"WebPage","@id":"https:\/\/www.bailishaver.com\/product\/cat-paw-wide-area-aloe-vera-strip-womens-triple-blade\/","url":"https:\/\/www.bailishaver.com\/product\/cat-paw-wide-area-aloe-vera-strip-womens-triple-blade\/","name":"Cat Paw Wide Area Aloe Vera Strip Women's Triple Blade - Guangzhou Weidi Technology Co.,Ltd","isPartOf":{"@id":"https:\/\/www.bailishaver.com\/#website"},"datePublished":"2023-11-03T03:27:02+00:00","dateModified":"2024-02-29T04:26:03+00:00","description":"Wide area aloe vera strip triple rotating blade for women,protecting against skin irritation,provides a close, comfortable and smooth shave.","breadcrumb":{"@id":"https:\/\/www.bailishaver.com\/product\/cat-paw-wide-area-aloe-vera-strip-womens-triple-blade\/#breadcrumb"},"inLanguage":"fr-FR","potentialAction":[{"@type":"ReadAction","target":["https:\/\/www.bailishaver.com\/product\/cat-paw-wide-area-aloe-vera-strip-womens-triple-blade\/"]}]},{"@type":"BreadcrumbList","@id":"https:\/\/www.bailishaver.com\/product\/cat-paw-wide-area-aloe-vera-strip-womens-triple-blade\/#breadcrumb","itemListElement":[{"@type":"ListItem","position":1,"name":"HOME","item":"https:\/\/www.bailishaver.com\/"},{"@type":"ListItem","position":2,"name":"Product","item":"https:\/\/www.bailishaver.com\/product\/"},{"@type":"ListItem","position":3,"name":"Cat Paw Wide Area Aloe Vera Strip Women&#8217;s Triple Blade"}]},{"@type":"WebSite","@id":"https:\/\/www.bailishaver.com\/#website","url":"https:\/\/www.bailishaver.com\/","name":"Guangzhou Weidi Technology Co.,Ltd","description":"system razors, lady razors, shaving kits, blade and refill, disposable razor, shaving , accessories, etc.","potentialAction":[{"@type":"SearchAction","target":{"@type":"EntryPoint","urlTemplate":"https:\/\/www.bailishaver.com\/?s={search_term_string}"},"query-input":"required name=search_term_string"}],"inLanguage":"fr-FR"}]}},"_links":{"self":[{"href":"https:\/\/www.bailishaver.com\/fr\/wp-json\/wp\/v2\/product\/229217"}],"collection":[{"href":"https:\/\/www.bailishaver.com\/fr\/wp-json\/wp\/v2\/product"}],"about":[{"href":"https:\/\/www.bailishaver.com\/fr\/wp-json\/wp\/v2\/types\/product"}],"replies":[{"embeddable":true,"href":"https:\/\/www.bailishaver.com\/fr\/wp-json\/wp\/v2\/comments?post=229217"}],"version-history":[{"count":2,"href":"https:\/\/www.bailishaver.com\/fr\/wp-json\/wp\/v2\/product\/229217\/revisions"}],"predecessor-version":[{"id":231636,"href":"https:\/\/www.bailishaver.com\/fr\/wp-json\/wp\/v2\/product\/229217\/revisions\/231636"}],"wp:featuredmedia":[{"embeddable":true,"href":"https:\/\/www.bailishaver.com\/fr\/wp-json\/wp\/v2\/media\/229229"}],"wp:attachment":[{"href":"https:\/\/www.bailishaver.com\/fr\/wp-json\/wp\/v2\/media?parent=229217"}],"wp:term":[{"taxonomy":"product_cat","embeddable":true,"href":"https:\/\/www.bailishaver.com\/fr\/wp-json\/wp\/v2\/product_cat?post=229217"},{"taxonomy":"product_tag","embeddable":true,"href":"https:\/\/www.bailishaver.com\/fr\/wp-json\/wp\/v2\/product_tag?post=229217"}],"curies":[{"name":"wp","href":"https:\/\/api.w.org\/{rel}","templated":true}]}}