{"id":228945,"date":"2023-10-25T16:29:09","date_gmt":"2023-10-25T08:29:09","guid":{"rendered":"https:\/\/bailishaver.com\/?post_type=product&#038;p=228945"},"modified":"2024-02-29T11:32:25","modified_gmt":"2024-02-29T03:32:25","slug":"retro-red-natural-sandalwood-5-razor-blades-shaving-kit","status":"publish","type":"product","link":"https:\/\/www.bailishaver.com\/fr\/produit\/retro-red-natural-sandalwood-5-razor-blades-shaving-kit\/","title":{"rendered":"Kit de rasage r\u00e9tro en bois de santal naturel rouge, 5 lames de rasoir"},"content":{"rendered":"<div data-elementor-type=\"product-post\" data-elementor-id=\"228945\" class=\"elementor elementor-228945\" data-elementor-post-type=\"product\">\n\t\t\t\t\t\t\t\t\t<section class=\"wd-negative-gap elementor-section elementor-top-section elementor-element elementor-element-4046c19d elementor-section-content-middle elementor-section-boxed elementor-section-height-default elementor-section-height-default wd-section-disabled\" data-id=\"4046c19d\" data-element_type=\"section\">\n\t\t\t\t\t\t<div class=\"elementor-container elementor-column-gap-default\">\n\t\t\t\t\t<div class=\"elementor-column elementor-col-50 elementor-top-column elementor-element elementor-element-5f3a54b9\" data-id=\"5f3a54b9\" data-element_type=\"column\">\n\t\t\t<div class=\"elementor-widget-wrap elementor-element-populated\">\n\t\t\t\t\t\t\t\t<div class=\"elementor-element elementor-element-18732802 elementor-widget elementor-widget-wd_text_block\" data-id=\"18732802\" data-element_type=\"widget\" data-widget_type=\"wd_text_block.default\">\n\t\t\t\t<div class=\"elementor-widget-container\">\n\t\t\t\t\t<div class=\"wd-text-block reset-last-child text-left color-title\">\n\t\t\t\n\t\t\t<p>Mod\u00e8le : BR-B3A<\/p><p>T\u00eate de rasoir\u00a0: t\u00eate de rasoir \u00e0 double tranchant<\/p><p>Taille du kit de rasage\u00a0: 73,5 \u00d7 162,5 \u00d7 30,5 mm<\/p><p>Poids du kit de rasage : 157 g<\/p><p>Mat\u00e9riau : alliage de zinc + acier inoxydable.<\/p><p>Caract\u00e9ristiques : respectueux de l&#039;environnement, lavable, r\u00e9utilisable, imperm\u00e9able, antirouille.<\/p>\n\t\t\t\t\t<\/div>\n\t\t\t\t<\/div>\n\t\t\t\t<\/div>\n\t\t\t\t\t<\/div>\n\t\t<\/div>\n\t\t\t\t<div class=\"elementor-column elementor-col-50 elementor-top-column elementor-element elementor-element-541ec9c7\" data-id=\"541ec9c7\" data-element_type=\"column\">\n\t\t\t<div class=\"elementor-widget-wrap elementor-element-populated\">\n\t\t\t\t\t\t\t\t<div class=\"elementor-element elementor-element-4536a9e4 elementor-widget elementor-widget-wd_image_or_svg\" data-id=\"4536a9e4\" data-element_type=\"widget\" data-widget_type=\"wd_image_or_svg.default\">\n\t\t\t\t<div class=\"elementor-widget-container\">\n\t\t\t\n\t\t<div class=\"wd-image text-left\">\n\t\t\t\t\t\t\t\t<img fetchpriority=\"high\" decoding=\"async\" width=\"800\" height=\"800\" src=\"https:\/\/www.bailishaver.com\/wp-content\/uploads\/2023\/12\/Retro_Red_Natural_Sandalwood_5_Razor_Blades_Shaving_Kit_details_01.webp\" class=\"attachment-full size-full wp-image-230244\" alt=\"\" srcset=\"https:\/\/www.bailishaver.com\/wp-content\/uploads\/2023\/12\/Retro_Red_Natural_Sandalwood_5_Razor_Blades_Shaving_Kit_details_01.webp 800w, https:\/\/www.bailishaver.com\/wp-content\/uploads\/2023\/12\/Retro_Red_Natural_Sandalwood_5_Razor_Blades_Shaving_Kit_details_01-300x300.webp 300w, https:\/\/www.bailishaver.com\/wp-content\/uploads\/2023\/12\/Retro_Red_Natural_Sandalwood_5_Razor_Blades_Shaving_Kit_details_01-150x150.webp 150w, https:\/\/www.bailishaver.com\/wp-content\/uploads\/2023\/12\/Retro_Red_Natural_Sandalwood_5_Razor_Blades_Shaving_Kit_details_01-768x768.webp 768w, https:\/\/www.bailishaver.com\/wp-content\/uploads\/2023\/12\/Retro_Red_Natural_Sandalwood_5_Razor_Blades_Shaving_Kit_details_01-12x12.webp 12w\" sizes=\"(max-width: 800px) 100vw, 800px\" \/>\t\t\t\t\t<\/div>\n\n\t\t\t\t<\/div>\n\t\t\t\t<\/div>\n\t\t\t\t\t<\/div>\n\t\t<\/div>\n\t\t\t\t\t\t\t<\/div>\n\t\t<\/section>\n\t\t\t\t<section class=\"wd-negative-gap elementor-section elementor-top-section elementor-element elementor-element-12a39ae1 elementor-section-content-middle elementor-section-boxed elementor-section-height-default elementor-section-height-default wd-section-disabled\" data-id=\"12a39ae1\" data-element_type=\"section\">\n\t\t\t\t\t\t<div class=\"elementor-container elementor-column-gap-default\">\n\t\t\t\t\t<div class=\"elementor-column elementor-col-50 elementor-top-column elementor-element elementor-element-4d0e8831\" data-id=\"4d0e8831\" data-element_type=\"column\">\n\t\t\t<div class=\"elementor-widget-wrap elementor-element-populated\">\n\t\t\t\t\t\t\t\t<div class=\"elementor-element elementor-element-b3959b8 elementor-widget__width-initial elementor-hidden-desktop elementor-hidden-tablet elementor-widget elementor-widget-wd_text_block\" data-id=\"b3959b8\" data-element_type=\"widget\" data-widget_type=\"wd_text_block.default\">\n\t\t\t\t<div class=\"elementor-widget-container\">\n\t\t\t\t\t<div class=\"wd-text-block reset-last-child text-left color-title\">\n\t\t\t\n\t\t\t<p>*Prot\u00e9gez le rasoir : le rasoir est sujet aux vibrations et aux frottements pendant le transport et le transport, et le coffret cadeau peut prot\u00e9ger efficacement le rasoir contre les dommages ;<\/p><p>* Apparence exquise : l&#039;ensemble de rasoirs artisanaux Baili a une apparence exquise, simple et \u00e0 la mode, conforme \u00e0 l&#039;esth\u00e9tique moderne ;<\/p><p>* Pratique \u00e0 transporter : le coffret cadeau est con\u00e7u pour \u00eatre l\u00e9ger et solide, ce qui le rend facile \u00e0 transporter pour les consommateurs et peut \u00eatre facilement utilis\u00e9 et stock\u00e9, que ce soit \u00e0 la maison ou en voyage.<\/p>\n\t\t\t\t\t<\/div>\n\t\t\t\t<\/div>\n\t\t\t\t<\/div>\n\t\t\t\t<div class=\"elementor-element elementor-element-5a981d3 elementor-widget elementor-widget-wd_image_or_svg\" data-id=\"5a981d3\" data-element_type=\"widget\" data-widget_type=\"wd_image_or_svg.default\">\n\t\t\t\t<div class=\"elementor-widget-container\">\n\t\t\t\n\t\t<div class=\"wd-image text-left\">\n\t\t\t\t\t\t\t\t<img decoding=\"async\" width=\"800\" height=\"800\" src=\"https:\/\/www.bailishaver.com\/wp-content\/uploads\/2023\/12\/Retro_Red_Natural_Sandalwood_5_Razor_Blades_Shaving_Kit_details_02.webp\" class=\"attachment-full size-full wp-image-230245\" alt=\"\" srcset=\"https:\/\/www.bailishaver.com\/wp-content\/uploads\/2023\/12\/Retro_Red_Natural_Sandalwood_5_Razor_Blades_Shaving_Kit_details_02.webp 800w, https:\/\/www.bailishaver.com\/wp-content\/uploads\/2023\/12\/Retro_Red_Natural_Sandalwood_5_Razor_Blades_Shaving_Kit_details_02-300x300.webp 300w, https:\/\/www.bailishaver.com\/wp-content\/uploads\/2023\/12\/Retro_Red_Natural_Sandalwood_5_Razor_Blades_Shaving_Kit_details_02-150x150.webp 150w, https:\/\/www.bailishaver.com\/wp-content\/uploads\/2023\/12\/Retro_Red_Natural_Sandalwood_5_Razor_Blades_Shaving_Kit_details_02-768x768.webp 768w, https:\/\/www.bailishaver.com\/wp-content\/uploads\/2023\/12\/Retro_Red_Natural_Sandalwood_5_Razor_Blades_Shaving_Kit_details_02-12x12.webp 12w\" sizes=\"(max-width: 800px) 100vw, 800px\" \/>\t\t\t\t\t<\/div>\n\n\t\t\t\t<\/div>\n\t\t\t\t<\/div>\n\t\t\t\t\t<\/div>\n\t\t<\/div>\n\t\t\t\t<div class=\"elementor-column elementor-col-50 elementor-top-column elementor-element elementor-element-397c01a4\" data-id=\"397c01a4\" data-element_type=\"column\">\n\t\t\t<div class=\"elementor-widget-wrap elementor-element-populated\">\n\t\t\t\t\t\t\t\t<div class=\"elementor-element elementor-element-3320bc73 elementor-hidden-mobile elementor-widget elementor-widget-wd_text_block\" data-id=\"3320bc73\" data-element_type=\"widget\" data-widget_type=\"wd_text_block.default\">\n\t\t\t\t<div class=\"elementor-widget-container\">\n\t\t\t\t\t<div class=\"wd-text-block reset-last-child text-left color-title\">\n\t\t\t\n\t\t\t<p>*Prot\u00e9gez le rasoir : le rasoir est sujet aux vibrations et aux frottements pendant le transport et le transport, et le coffret cadeau peut prot\u00e9ger efficacement le rasoir contre les dommages ;<\/p><p>* Apparence exquise : l&#039;ensemble de rasoirs artisanaux Baili a une apparence exquise, simple et \u00e0 la mode, conforme \u00e0 l&#039;esth\u00e9tique moderne ;<\/p><p>* Pratique \u00e0 transporter : le coffret cadeau est con\u00e7u pour \u00eatre l\u00e9ger et solide, ce qui le rend facile \u00e0 transporter pour les consommateurs et peut \u00eatre facilement utilis\u00e9 et stock\u00e9, que ce soit \u00e0 la maison ou en voyage.<\/p>\n\t\t\t\t\t<\/div>\n\t\t\t\t<\/div>\n\t\t\t\t<\/div>\n\t\t\t\t\t<\/div>\n\t\t<\/div>\n\t\t\t\t\t\t\t<\/div>\n\t\t<\/section>\n\t\t\t\t<section class=\"wd-negative-gap elementor-section elementor-top-section elementor-element elementor-element-38eaf730 elementor-section-content-middle elementor-section-boxed elementor-section-height-default elementor-section-height-default wd-section-disabled\" data-id=\"38eaf730\" data-element_type=\"section\">\n\t\t\t\t\t\t<div class=\"elementor-container elementor-column-gap-default\">\n\t\t\t\t\t<div class=\"elementor-column elementor-col-50 elementor-top-column elementor-element elementor-element-1dca619e\" data-id=\"1dca619e\" data-element_type=\"column\">\n\t\t\t<div class=\"elementor-widget-wrap elementor-element-populated\">\n\t\t\t\t\t\t\t\t<div class=\"elementor-element elementor-element-17c7ea95 elementor-widget elementor-widget-wd_text_block\" data-id=\"17c7ea95\" data-element_type=\"widget\" data-widget_type=\"wd_text_block.default\">\n\t\t\t\t<div class=\"elementor-widget-container\">\n\t\t\t\t\t<div class=\"wd-text-block reset-last-child text-left color-title\">\n\t\t\t\n\t\t\t<p>* Alliage m\u00e9tallique \u00e9cologique de haute qualit\u00e9 avec t\u00eate de rasoir chrom\u00e9e \u00e9l\u00e9gante. Combinaison parfaite de tradition et de technologie moderne.<\/p><p>* Manche rond en bois de santal, vous offrant une prise confortable ; utilisation du bois pour cr\u00e9er des objets de collision artistique en bois de santal et en laiton.<\/p>\n\t\t\t\t\t<\/div>\n\t\t\t\t<\/div>\n\t\t\t\t<\/div>\n\t\t\t\t\t<\/div>\n\t\t<\/div>\n\t\t\t\t<div class=\"elementor-column elementor-col-50 elementor-top-column elementor-element elementor-element-137c34c6\" data-id=\"137c34c6\" data-element_type=\"column\">\n\t\t\t<div class=\"elementor-widget-wrap elementor-element-populated\">\n\t\t\t\t\t\t\t\t<div class=\"elementor-element elementor-element-61b6e302 elementor-widget elementor-widget-wd_image_or_svg\" data-id=\"61b6e302\" data-element_type=\"widget\" data-widget_type=\"wd_image_or_svg.default\">\n\t\t\t\t<div class=\"elementor-widget-container\">\n\t\t\t\n\t\t<div class=\"wd-image text-left\">\n\t\t\t\t\t\t\t\t<img decoding=\"async\" width=\"800\" height=\"800\" src=\"https:\/\/www.bailishaver.com\/wp-content\/uploads\/2023\/12\/Retro_Red_Natural_Sandalwood_5_Razor_Blades_Shaving_Kit_details_03.webp\" class=\"attachment-full size-full wp-image-230246\" alt=\"\" srcset=\"https:\/\/www.bailishaver.com\/wp-content\/uploads\/2023\/12\/Retro_Red_Natural_Sandalwood_5_Razor_Blades_Shaving_Kit_details_03.webp 800w, https:\/\/www.bailishaver.com\/wp-content\/uploads\/2023\/12\/Retro_Red_Natural_Sandalwood_5_Razor_Blades_Shaving_Kit_details_03-300x300.webp 300w, https:\/\/www.bailishaver.com\/wp-content\/uploads\/2023\/12\/Retro_Red_Natural_Sandalwood_5_Razor_Blades_Shaving_Kit_details_03-150x150.webp 150w, https:\/\/www.bailishaver.com\/wp-content\/uploads\/2023\/12\/Retro_Red_Natural_Sandalwood_5_Razor_Blades_Shaving_Kit_details_03-768x768.webp 768w, https:\/\/www.bailishaver.com\/wp-content\/uploads\/2023\/12\/Retro_Red_Natural_Sandalwood_5_Razor_Blades_Shaving_Kit_details_03-12x12.webp 12w\" sizes=\"(max-width: 800px) 100vw, 800px\" \/>\t\t\t\t\t<\/div>\n\n\t\t\t\t<\/div>\n\t\t\t\t<\/div>\n\t\t\t\t\t<\/div>\n\t\t<\/div>\n\t\t\t\t\t\t\t<\/div>\n\t\t<\/section>\n\t\t\t\t<section class=\"wd-negative-gap elementor-section elementor-top-section elementor-element elementor-element-1f10780a elementor-section-boxed elementor-section-height-default elementor-section-height-default wd-section-disabled\" data-id=\"1f10780a\" data-element_type=\"section\">\n\t\t\t\t\t\t<div class=\"elementor-container elementor-column-gap-default\">\n\t\t\t\t\t<div class=\"elementor-column elementor-col-100 elementor-top-column elementor-element elementor-element-1e8bf597\" data-id=\"1e8bf597\" data-element_type=\"column\">\n\t\t\t<div class=\"elementor-widget-wrap elementor-element-populated\">\n\t\t\t\t\t\t\t\t<div class=\"elementor-element elementor-element-28dda0c3 elementor-widget elementor-widget-accordion\" data-id=\"28dda0c3\" data-element_type=\"widget\" data-widget_type=\"accordion.default\">\n\t\t\t\t<div class=\"elementor-widget-container\">\n\t\t\t<style>\/*! elementor - v3.18.0 - 20-12-2023 *\/\n.elementor-accordion{text-align:left}.elementor-accordion .elementor-accordion-item{border:1px solid #d5d8dc}.elementor-accordion .elementor-accordion-item+.elementor-accordion-item{border-top:none}.elementor-accordion .elementor-tab-title{margin:0;padding:15px 20px;font-weight:700;line-height:1;cursor:pointer;outline:none}.elementor-accordion .elementor-tab-title .elementor-accordion-icon{display:inline-block;width:1.5em}.elementor-accordion .elementor-tab-title .elementor-accordion-icon svg{width:1em;height:1em}.elementor-accordion .elementor-tab-title .elementor-accordion-icon.elementor-accordion-icon-right{float:right;text-align:right}.elementor-accordion .elementor-tab-title .elementor-accordion-icon.elementor-accordion-icon-left{float:left;text-align:left}.elementor-accordion .elementor-tab-title .elementor-accordion-icon .elementor-accordion-icon-closed{display:block}.elementor-accordion .elementor-tab-title .elementor-accordion-icon .elementor-accordion-icon-opened,.elementor-accordion .elementor-tab-title.elementor-active .elementor-accordion-icon-closed{display:none}.elementor-accordion .elementor-tab-title.elementor-active .elementor-accordion-icon-opened{display:block}.elementor-accordion .elementor-tab-content{display:none;padding:15px 20px;border-top:1px solid #d5d8dc}@media (max-width:767px){.elementor-accordion .elementor-tab-title{padding:12px 15px}.elementor-accordion .elementor-tab-title .elementor-accordion-icon{width:1.2em}.elementor-accordion .elementor-tab-content{padding:7px 15px}}.e-con-inner>.elementor-widget-accordion,.e-con>.elementor-widget-accordion{width:var(--container-widget-width);--flex-grow:var(--container-widget-flex-grow)}<\/style>\t\t<div class=\"elementor-accordion\">\n\t\t\t\t\t\t\t<div class=\"elementor-accordion-item\">\n\t\t\t\t\t<div id=\"elementor-tab-title-6851\" class=\"elementor-tab-title\" data-tab=\"1\" role=\"button\" aria-controls=\"elementor-tab-content-6851\" aria-expanded=\"false\">\n\t\t\t\t\t\t\t\t\t\t\t\t\t<span class=\"elementor-accordion-icon elementor-accordion-icon-left\" aria-hidden=\"true\">\n\t\t\t\t\t\t\t\t\t\t\t\t\t\t\t<span class=\"elementor-accordion-icon-closed\"><i class=\"fas fa-caret-down\"><\/i><\/span>\n\t\t\t\t\t\t\t\t<span class=\"elementor-accordion-icon-opened\"><i class=\"fas fa-caret-up\"><\/i><\/span>\n\t\t\t\t\t\t\t\t\t\t\t\t\t\t<\/span>\n\t\t\t\t\t\t\t\t\t\t\t\t<a class=\"elementor-accordion-title\" tabindex=\"0\">Emballer<\/a>\n\t\t\t\t\t<\/div>\n\t\t\t\t\t<div id=\"elementor-tab-content-6851\" class=\"elementor-tab-content elementor-clearfix\" data-tab=\"1\" role=\"region\" aria-labelledby=\"elementor-tab-title-6851\"><table><tbody><tr><td>Produit<\/td><td>Pi\u00e8ces<\/td><td>Emballer<\/td><td>Taille<\/td><td>Poids brut<\/td><\/tr><tr><td rowspan=\"2\">BR-B3A<\/td><td class=\"et4\">1<\/td><td class=\"et4\">Bo\u00eete<\/td><td class=\"et4\">73,5 \u00d7 162,5 \u00d7 30,5 mm<\/td><td class=\"et4\">157g<\/td><\/tr><tr><td class=\"et4\">60<\/td><td class=\"et4\">Carton<\/td><td class=\"et4\">340\u00d7230\u00d7320mm<\/td><td class=\"et4\">10 kg<\/td><\/tr><\/tbody><\/table><\/div>\n\t\t\t\t<\/div>\n\t\t\t\t\t\t\t<div class=\"elementor-accordion-item\">\n\t\t\t\t\t<div id=\"elementor-tab-title-6852\" class=\"elementor-tab-title\" data-tab=\"2\" role=\"button\" aria-controls=\"elementor-tab-content-6852\" aria-expanded=\"false\">\n\t\t\t\t\t\t\t\t\t\t\t\t\t<span class=\"elementor-accordion-icon elementor-accordion-icon-left\" aria-hidden=\"true\">\n\t\t\t\t\t\t\t\t\t\t\t\t\t\t\t<span class=\"elementor-accordion-icon-closed\"><i class=\"fas fa-caret-down\"><\/i><\/span>\n\t\t\t\t\t\t\t\t<span class=\"elementor-accordion-icon-opened\"><i class=\"fas fa-caret-up\"><\/i><\/span>\n\t\t\t\t\t\t\t\t\t\t\t\t\t\t<\/span>\n\t\t\t\t\t\t\t\t\t\t\t\t<a class=\"elementor-accordion-title\" tabindex=\"0\"> Exp\u00e9dition<\/a>\n\t\t\t\t\t<\/div>\n\t\t\t\t\t<div id=\"elementor-tab-content-6852\" class=\"elementor-tab-content elementor-clearfix\" data-tab=\"2\" role=\"region\" aria-labelledby=\"elementor-tab-title-6852\"><p>La commande d&#039;\u00e9chantillon peut \u00eatre exp\u00e9di\u00e9e dans un d\u00e9lai de 3 \u00e0 7 jours\u00a0;<br \/>La production de commandes group\u00e9es ou de commandes personnalis\u00e9es prend 15 \u00e0 30 jours.<\/p><\/div>\n\t\t\t\t<\/div>\n\t\t\t\t\t\t\t\t<\/div>\n\t\t\t\t<\/div>\n\t\t\t\t<\/div>\n\t\t\t\t\t<\/div>\n\t\t<\/div>\n\t\t\t\t\t\t\t<\/div>\n\t\t<\/section>\n\t\t\t\t\t\t\t<\/div>","protected":false},"excerpt":{"rendered":"<p><strong>Mod\u00e8le : BR-B3A<\/strong><\/p>\n<div class=\"DescriptionImg\">\n<div class=\"image-box\">\n<p><img decoding=\"async\" src=\"https:\/\/bailishaver.com\/wp-content\/uploads\/2023\/09\/Sandalwood-Handle.png\" alt=\"Image1\" \/><\/p>\n<div class=\"caption\">Manche en bois de santal<\/div>\n<\/div>\n<div class=\"image-box\">\n<p><img decoding=\"async\" src=\"https:\/\/bailishaver.com\/wp-content\/uploads\/2023\/09\/Safe.png\" alt=\"Image2\" \/><\/p>\n<div class=\"caption\">S\u00fbr<\/div>\n<\/div>\n<div class=\"image-box\">\n<p><img decoding=\"async\" src=\"https:\/\/bailishaver.com\/wp-content\/uploads\/2024\/02\/Exquisite_Gift_Box_Icon.webp\" alt=\"Image3\" \/><\/p>\n<div class=\"caption\">Coffret cadeau exquis<\/div>\n<\/div>\n<\/div>","protected":false},"featured_media":230238,"comment_status":"open","ping_status":"closed","template":"","meta":[],"product_cat":[71,34],"product_tag":[],"yoast_head":"<!-- This site is optimized with the Yoast SEO plugin v21.4 - https:\/\/yoast.com\/wordpress\/plugins\/seo\/ -->\n<title>Retro Red Natural Sandalwood 5 Razor Blades Shaving Kit - Guangzhou Weidi Technology Co.,Ltd<\/title>\n<meta name=\"description\" content=\"The wooden retro elegant shaving kit include retro red natural sandalwood razor and 5 pcs razor blade.High cost performance box.Convenient and practical.\" \/>\n<meta name=\"robots\" content=\"index, follow, max-snippet:-1, max-image-preview:large, max-video-preview:-1\" \/>\n<link rel=\"canonical\" href=\"https:\/\/www.bailishaver.com\/fr\/produit\/retro-red-natural-sandalwood-5-razor-blades-shaving-kit\/\" \/>\n<meta property=\"og:locale\" content=\"fr_FR\" \/>\n<meta property=\"og:type\" content=\"article\" \/>\n<meta property=\"og:title\" content=\"Retro Red Natural Sandalwood 5 Razor Blades Shaving Kit - Guangzhou Weidi Technology Co.,Ltd\" \/>\n<meta property=\"og:description\" content=\"The wooden retro elegant shaving kit include retro red natural sandalwood razor and 5 pcs razor blade.High cost performance box.Convenient and practical.\" \/>\n<meta property=\"og:url\" content=\"https:\/\/www.bailishaver.com\/fr\/produit\/retro-red-natural-sandalwood-5-razor-blades-shaving-kit\/\" \/>\n<meta property=\"og:site_name\" content=\"Guangzhou Weidi Technology Co.,Ltd\" \/>\n<meta property=\"article:modified_time\" content=\"2024-02-29T03:32:25+00:00\" \/>\n<meta property=\"og:image\" content=\"https:\/\/www.bailishaver.com\/wp-content\/uploads\/2023\/12\/Retro_Red_Natural_Sandalwood_5_Razor_Blades_Shaving_Kit_01.webp\" \/>\n\t<meta property=\"og:image:width\" content=\"800\" \/>\n\t<meta property=\"og:image:height\" content=\"800\" \/>\n\t<meta property=\"og:image:type\" content=\"image\/webp\" \/>\n<meta name=\"twitter:card\" content=\"summary_large_image\" \/>\n<meta name=\"twitter:label1\" content=\"Dur\u00e9e de lecture estim\u00e9e\" \/>\n\t<meta name=\"twitter:data1\" content=\"2 minutes\" \/>\n<script type=\"application\/ld+json\" class=\"yoast-schema-graph\">{\"@context\":\"https:\/\/schema.org\",\"@graph\":[{\"@type\":\"WebPage\",\"@id\":\"https:\/\/www.bailishaver.com\/product\/retro-red-natural-sandalwood-5-razor-blades-shaving-kit\/\",\"url\":\"https:\/\/www.bailishaver.com\/product\/retro-red-natural-sandalwood-5-razor-blades-shaving-kit\/\",\"name\":\"Retro Red Natural Sandalwood 5 Razor Blades Shaving Kit - Guangzhou Weidi Technology Co.,Ltd\",\"isPartOf\":{\"@id\":\"https:\/\/www.bailishaver.com\/#website\"},\"datePublished\":\"2023-10-25T08:29:09+00:00\",\"dateModified\":\"2024-02-29T03:32:25+00:00\",\"description\":\"The wooden retro elegant shaving kit include retro red natural sandalwood razor and 5 pcs razor blade.High cost performance box.Convenient and practical.\",\"breadcrumb\":{\"@id\":\"https:\/\/www.bailishaver.com\/product\/retro-red-natural-sandalwood-5-razor-blades-shaving-kit\/#breadcrumb\"},\"inLanguage\":\"fr-FR\",\"potentialAction\":[{\"@type\":\"ReadAction\",\"target\":[\"https:\/\/www.bailishaver.com\/product\/retro-red-natural-sandalwood-5-razor-blades-shaving-kit\/\"]}]},{\"@type\":\"BreadcrumbList\",\"@id\":\"https:\/\/www.bailishaver.com\/product\/retro-red-natural-sandalwood-5-razor-blades-shaving-kit\/#breadcrumb\",\"itemListElement\":[{\"@type\":\"ListItem\",\"position\":1,\"name\":\"HOME\",\"item\":\"https:\/\/www.bailishaver.com\/\"},{\"@type\":\"ListItem\",\"position\":2,\"name\":\"Product\",\"item\":\"https:\/\/www.bailishaver.com\/product\/\"},{\"@type\":\"ListItem\",\"position\":3,\"name\":\"Retro Red Natural Sandalwood 5 Razor Blades Shaving Kit\"}]},{\"@type\":\"WebSite\",\"@id\":\"https:\/\/www.bailishaver.com\/#website\",\"url\":\"https:\/\/www.bailishaver.com\/\",\"name\":\"Guangzhou Weidi Technology Co.,Ltd\",\"description\":\"system razors, lady razors, shaving kits, blade and refill, disposable razor, shaving , accessories, etc.\",\"potentialAction\":[{\"@type\":\"SearchAction\",\"target\":{\"@type\":\"EntryPoint\",\"urlTemplate\":\"https:\/\/www.bailishaver.com\/?s={search_term_string}\"},\"query-input\":\"required name=search_term_string\"}],\"inLanguage\":\"fr-FR\"}]}<\/script>\n<!-- \/ Yoast SEO plugin. -->","yoast_head_json":{"title":"Retro Red Natural Sandalwood 5 Razor Blades Shaving Kit - Guangzhou Weidi Technology Co.,Ltd","description":"The wooden retro elegant shaving kit include retro red natural sandalwood razor and 5 pcs razor blade.High cost performance box.Convenient and practical.","robots":{"index":"index","follow":"follow","max-snippet":"max-snippet:-1","max-image-preview":"max-image-preview:large","max-video-preview":"max-video-preview:-1"},"canonical":"https:\/\/www.bailishaver.com\/fr\/produit\/retro-red-natural-sandalwood-5-razor-blades-shaving-kit\/","og_locale":"fr_FR","og_type":"article","og_title":"Retro Red Natural Sandalwood 5 Razor Blades Shaving Kit - Guangzhou Weidi Technology Co.,Ltd","og_description":"The wooden retro elegant shaving kit include retro red natural sandalwood razor and 5 pcs razor blade.High cost performance box.Convenient and practical.","og_url":"https:\/\/www.bailishaver.com\/fr\/produit\/retro-red-natural-sandalwood-5-razor-blades-shaving-kit\/","og_site_name":"Guangzhou Weidi Technology Co.,Ltd","article_modified_time":"2024-02-29T03:32:25+00:00","og_image":[{"width":800,"height":800,"url":"https:\/\/www.bailishaver.com\/wp-content\/uploads\/2023\/12\/Retro_Red_Natural_Sandalwood_5_Razor_Blades_Shaving_Kit_01.webp","type":"image\/webp"}],"twitter_card":"summary_large_image","twitter_misc":{"Dur\u00e9e de lecture estim\u00e9e":"2 minutes"},"schema":{"@context":"https:\/\/schema.org","@graph":[{"@type":"WebPage","@id":"https:\/\/www.bailishaver.com\/product\/retro-red-natural-sandalwood-5-razor-blades-shaving-kit\/","url":"https:\/\/www.bailishaver.com\/product\/retro-red-natural-sandalwood-5-razor-blades-shaving-kit\/","name":"Retro Red Natural Sandalwood 5 Razor Blades Shaving Kit - Guangzhou Weidi Technology Co.,Ltd","isPartOf":{"@id":"https:\/\/www.bailishaver.com\/#website"},"datePublished":"2023-10-25T08:29:09+00:00","dateModified":"2024-02-29T03:32:25+00:00","description":"The wooden retro elegant shaving kit include retro red natural sandalwood razor and 5 pcs razor blade.High cost performance box.Convenient and practical.","breadcrumb":{"@id":"https:\/\/www.bailishaver.com\/product\/retro-red-natural-sandalwood-5-razor-blades-shaving-kit\/#breadcrumb"},"inLanguage":"fr-FR","potentialAction":[{"@type":"ReadAction","target":["https:\/\/www.bailishaver.com\/product\/retro-red-natural-sandalwood-5-razor-blades-shaving-kit\/"]}]},{"@type":"BreadcrumbList","@id":"https:\/\/www.bailishaver.com\/product\/retro-red-natural-sandalwood-5-razor-blades-shaving-kit\/#breadcrumb","itemListElement":[{"@type":"ListItem","position":1,"name":"HOME","item":"https:\/\/www.bailishaver.com\/"},{"@type":"ListItem","position":2,"name":"Product","item":"https:\/\/www.bailishaver.com\/product\/"},{"@type":"ListItem","position":3,"name":"Retro Red Natural Sandalwood 5 Razor Blades Shaving Kit"}]},{"@type":"WebSite","@id":"https:\/\/www.bailishaver.com\/#website","url":"https:\/\/www.bailishaver.com\/","name":"Guangzhou Weidi Technology Co.,Ltd","description":"system razors, lady razors, shaving kits, blade and refill, disposable razor, shaving , accessories, etc.","potentialAction":[{"@type":"SearchAction","target":{"@type":"EntryPoint","urlTemplate":"https:\/\/www.bailishaver.com\/?s={search_term_string}"},"query-input":"required name=search_term_string"}],"inLanguage":"fr-FR"}]}},"_links":{"self":[{"href":"https:\/\/www.bailishaver.com\/fr\/wp-json\/wp\/v2\/product\/228945"}],"collection":[{"href":"https:\/\/www.bailishaver.com\/fr\/wp-json\/wp\/v2\/product"}],"about":[{"href":"https:\/\/www.bailishaver.com\/fr\/wp-json\/wp\/v2\/types\/product"}],"replies":[{"embeddable":true,"href":"https:\/\/www.bailishaver.com\/fr\/wp-json\/wp\/v2\/comments?post=228945"}],"version-history":[{"count":1,"href":"https:\/\/www.bailishaver.com\/fr\/wp-json\/wp\/v2\/product\/228945\/revisions"}],"predecessor-version":[{"id":231608,"href":"https:\/\/www.bailishaver.com\/fr\/wp-json\/wp\/v2\/product\/228945\/revisions\/231608"}],"wp:featuredmedia":[{"embeddable":true,"href":"https:\/\/www.bailishaver.com\/fr\/wp-json\/wp\/v2\/media\/230238"}],"wp:attachment":[{"href":"https:\/\/www.bailishaver.com\/fr\/wp-json\/wp\/v2\/media?parent=228945"}],"wp:term":[{"taxonomy":"product_cat","embeddable":true,"href":"https:\/\/www.bailishaver.com\/fr\/wp-json\/wp\/v2\/product_cat?post=228945"},{"taxonomy":"product_tag","embeddable":true,"href":"https:\/\/www.bailishaver.com\/fr\/wp-json\/wp\/v2\/product_tag?post=228945"}],"curies":[{"name":"wp","href":"https:\/\/api.w.org\/{rel}","templated":true}]}}