{"id":228463,"date":"2023-10-13T09:56:00","date_gmt":"2023-10-13T01:56:00","guid":{"rendered":"https:\/\/bailishaver.com\/?post_type=product&#038;p=228463"},"modified":"2024-02-29T10:38:02","modified_gmt":"2024-02-29T02:38:02","slug":"cat-paw-mini-travel-razor-womens-with-abs-case-shaving-kits","status":"publish","type":"product","link":"https:\/\/www.bailishaver.com\/fr\/produit\/cat-paw-mini-travel-razor-womens-with-abs-case-shaving-kits\/","title":{"rendered":"Cat Paw Mini rasoir de voyage pour femme avec \u00e9tui ABS, kits de rasage"},"content":{"rendered":"<div data-elementor-type=\"product-post\" data-elementor-id=\"228463\" class=\"elementor elementor-228463\" data-elementor-post-type=\"product\">\n\t\t\t\t\t\t\t\t\t<section class=\"wd-negative-gap elementor-section elementor-top-section elementor-element elementor-element-755984c8 elementor-section-content-middle elementor-section-boxed elementor-section-height-default elementor-section-height-default wd-section-disabled\" data-id=\"755984c8\" data-element_type=\"section\">\n\t\t\t\t\t\t<div class=\"elementor-container elementor-column-gap-default\">\n\t\t\t\t\t<div class=\"elementor-column elementor-col-50 elementor-top-column elementor-element elementor-element-6460543e\" data-id=\"6460543e\" data-element_type=\"column\">\n\t\t\t<div class=\"elementor-widget-wrap elementor-element-populated\">\n\t\t\t\t\t\t\t\t<div class=\"elementor-element elementor-element-64425ac7 elementor-widget elementor-widget-wd_text_block\" data-id=\"64425ac7\" data-element_type=\"widget\" data-widget_type=\"wd_text_block.default\">\n\t\t\t\t<div class=\"elementor-widget-container\">\n\t\t\t\t\t<div class=\"wd-text-block reset-last-child text-left color-title\">\n\t\t\t\n\t\t\t<p>Mod\u00e8le\u00a0:\u00a0MR-DR100<\/p><p>T\u00eate de rasoir\u00a0: t\u00eate de rasoir flottante \u00e0 trois lames<\/p><p>Taille du rasoir : 43,4 x 30 x 13 mm.<\/p><p>Taille du kit de rasage: 88X67X30mm<\/p><p>Poids du kit de rasage\u00a0: 39,6\u00a0g<\/p><p>Mat\u00e9riel: ABS + TPE + acier inoxydable<\/p><p>Caract\u00e9ristiques : bande d&#039;aloe vera hydratante \u00e0 360\u00b0 ; lavable, r\u00e9utilisable, imperm\u00e9able, antirouille.<\/p>\n\t\t\t\t\t<\/div>\n\t\t\t\t<\/div>\n\t\t\t\t<\/div>\n\t\t\t\t\t<\/div>\n\t\t<\/div>\n\t\t\t\t<div class=\"elementor-column elementor-col-50 elementor-top-column elementor-element elementor-element-26715414\" data-id=\"26715414\" data-element_type=\"column\">\n\t\t\t<div class=\"elementor-widget-wrap elementor-element-populated\">\n\t\t\t\t\t\t\t\t<div class=\"elementor-element elementor-element-66c3c1e8 elementor-widget elementor-widget-wd_image_or_svg\" data-id=\"66c3c1e8\" data-element_type=\"widget\" data-widget_type=\"wd_image_or_svg.default\">\n\t\t\t\t<div class=\"elementor-widget-container\">\n\t\t\t\n\t\t<div class=\"wd-image text-left\">\n\t\t\t\t\t\t\t\t<img fetchpriority=\"high\" decoding=\"async\" width=\"800\" height=\"800\" src=\"https:\/\/www.bailishaver.com\/wp-content\/uploads\/2023\/11\/Cat_Paw_Mini_Travel_Razor_Womens_with_ABS_Case_Shaving_Kits_details_01.webp\" class=\"attachment-full size-full wp-image-229854\" alt=\"\" srcset=\"https:\/\/www.bailishaver.com\/wp-content\/uploads\/2023\/11\/Cat_Paw_Mini_Travel_Razor_Womens_with_ABS_Case_Shaving_Kits_details_01.webp 800w, https:\/\/www.bailishaver.com\/wp-content\/uploads\/2023\/11\/Cat_Paw_Mini_Travel_Razor_Womens_with_ABS_Case_Shaving_Kits_details_01-300x300.webp 300w, https:\/\/www.bailishaver.com\/wp-content\/uploads\/2023\/11\/Cat_Paw_Mini_Travel_Razor_Womens_with_ABS_Case_Shaving_Kits_details_01-150x150.webp 150w, https:\/\/www.bailishaver.com\/wp-content\/uploads\/2023\/11\/Cat_Paw_Mini_Travel_Razor_Womens_with_ABS_Case_Shaving_Kits_details_01-768x768.webp 768w, https:\/\/www.bailishaver.com\/wp-content\/uploads\/2023\/11\/Cat_Paw_Mini_Travel_Razor_Womens_with_ABS_Case_Shaving_Kits_details_01-12x12.webp 12w\" sizes=\"(max-width: 800px) 100vw, 800px\" \/>\t\t\t\t\t<\/div>\n\n\t\t\t\t<\/div>\n\t\t\t\t<\/div>\n\t\t\t\t\t<\/div>\n\t\t<\/div>\n\t\t\t\t\t\t\t<\/div>\n\t\t<\/section>\n\t\t\t\t<section class=\"wd-negative-gap elementor-section elementor-top-section elementor-element elementor-element-651996b3 elementor-section-content-middle elementor-section-boxed elementor-section-height-default elementor-section-height-default wd-section-disabled\" data-id=\"651996b3\" data-element_type=\"section\">\n\t\t\t\t\t\t<div class=\"elementor-container elementor-column-gap-default\">\n\t\t\t\t\t<div class=\"elementor-column elementor-col-50 elementor-top-column elementor-element elementor-element-33471ec3\" data-id=\"33471ec3\" data-element_type=\"column\">\n\t\t\t<div class=\"elementor-widget-wrap elementor-element-populated\">\n\t\t\t\t\t\t\t\t<div class=\"elementor-element elementor-element-2ae26ea9 elementor-hidden-desktop elementor-hidden-tablet elementor-widget elementor-widget-wd_text_block\" data-id=\"2ae26ea9\" data-element_type=\"widget\" data-widget_type=\"wd_text_block.default\">\n\t\t\t\t<div class=\"elementor-widget-container\">\n\t\t\t\t\t<div class=\"wd-text-block reset-last-child text-left color-title\">\n\t\t\t\n\t\t\t<p>*Trois lames de rasoir\u00a0:<\/p><p>T\u00eate de lame rotative \u00e0 3 lames pour un rasage de pr\u00e8s et confortable\u00a0;<\/p><p>*Bande d&#039;alo\u00e8s avec une zone de 360\u00b0\u00a0:<\/p><p>Cela peut rendre le rasage plus doux et prot\u00e9ger votre peau, et vous aurez une bonne exp\u00e9rience de rasage\u00a0;<\/p><p>*Mini poign\u00e9e antid\u00e9rapante :<\/p><p>De belles couleurs et une belle apparence vous rendent heureux ;<\/p><p>* Lames de rasoir rempla\u00e7ables facilement, rempla\u00e7ables en un clic.<\/p>\n\t\t\t\t\t<\/div>\n\t\t\t\t<\/div>\n\t\t\t\t<\/div>\n\t\t\t\t<div class=\"elementor-element elementor-element-481459e0 elementor-widget elementor-widget-wd_image_or_svg\" data-id=\"481459e0\" data-element_type=\"widget\" data-widget_type=\"wd_image_or_svg.default\">\n\t\t\t\t<div class=\"elementor-widget-container\">\n\t\t\t\n\t\t<div class=\"wd-image text-left\">\n\t\t\t\t\t\t\t\t<img decoding=\"async\" width=\"1000\" height=\"1000\" src=\"https:\/\/www.bailishaver.com\/wp-content\/uploads\/2023\/11\/Cat_Paw_Mini_Travel_Razor_Womens_with_ABS_Case_Shaving_Kits_details_02.webp\" class=\"attachment-full size-full wp-image-229855\" alt=\"\" srcset=\"https:\/\/www.bailishaver.com\/wp-content\/uploads\/2023\/11\/Cat_Paw_Mini_Travel_Razor_Womens_with_ABS_Case_Shaving_Kits_details_02.webp 1000w, https:\/\/www.bailishaver.com\/wp-content\/uploads\/2023\/11\/Cat_Paw_Mini_Travel_Razor_Womens_with_ABS_Case_Shaving_Kits_details_02-300x300.webp 300w, https:\/\/www.bailishaver.com\/wp-content\/uploads\/2023\/11\/Cat_Paw_Mini_Travel_Razor_Womens_with_ABS_Case_Shaving_Kits_details_02-150x150.webp 150w, https:\/\/www.bailishaver.com\/wp-content\/uploads\/2023\/11\/Cat_Paw_Mini_Travel_Razor_Womens_with_ABS_Case_Shaving_Kits_details_02-768x768.webp 768w, https:\/\/www.bailishaver.com\/wp-content\/uploads\/2023\/11\/Cat_Paw_Mini_Travel_Razor_Womens_with_ABS_Case_Shaving_Kits_details_02-12x12.webp 12w\" sizes=\"(max-width: 1000px) 100vw, 1000px\" \/>\t\t\t\t\t<\/div>\n\n\t\t\t\t<\/div>\n\t\t\t\t<\/div>\n\t\t\t\t\t<\/div>\n\t\t<\/div>\n\t\t\t\t<div class=\"elementor-column elementor-col-50 elementor-top-column elementor-element elementor-element-22ff900f\" data-id=\"22ff900f\" data-element_type=\"column\">\n\t\t\t<div class=\"elementor-widget-wrap elementor-element-populated\">\n\t\t\t\t\t\t\t\t<div class=\"elementor-element elementor-element-b366e36 elementor-hidden-mobile elementor-widget elementor-widget-wd_text_block\" data-id=\"b366e36\" data-element_type=\"widget\" data-widget_type=\"wd_text_block.default\">\n\t\t\t\t<div class=\"elementor-widget-container\">\n\t\t\t\t\t<div class=\"wd-text-block reset-last-child text-left color-title\">\n\t\t\t\n\t\t\t<p>*Trois lames de rasoir\u00a0:<\/p><p>T\u00eate de lame rotative \u00e0 3 lames pour un rasage de pr\u00e8s et confortable\u00a0;<\/p><p>*Bande d&#039;alo\u00e8s avec une zone de 360\u00b0\u00a0:<\/p><p>Cela peut rendre le rasage plus doux et prot\u00e9ger votre peau, et vous aurez une bonne exp\u00e9rience de rasage\u00a0;<\/p><p>*Mini poign\u00e9e antid\u00e9rapante :<\/p><p>De belles couleurs et une belle apparence vous rendent heureux ;<\/p><p>* Lames de rasoir rempla\u00e7ables facilement, rempla\u00e7ables en un clic.<\/p>\n\t\t\t\t\t<\/div>\n\t\t\t\t<\/div>\n\t\t\t\t<\/div>\n\t\t\t\t\t<\/div>\n\t\t<\/div>\n\t\t\t\t\t\t\t<\/div>\n\t\t<\/section>\n\t\t\t\t<section class=\"wd-negative-gap elementor-section elementor-top-section elementor-element elementor-element-590cd307 elementor-section-content-middle elementor-section-boxed elementor-section-height-default elementor-section-height-default wd-section-disabled\" data-id=\"590cd307\" data-element_type=\"section\">\n\t\t\t\t\t\t<div class=\"elementor-container elementor-column-gap-default\">\n\t\t\t\t\t<div class=\"elementor-column elementor-col-50 elementor-top-column elementor-element elementor-element-6eedadbb\" data-id=\"6eedadbb\" data-element_type=\"column\">\n\t\t\t<div class=\"elementor-widget-wrap elementor-element-populated\">\n\t\t\t\t\t\t\t\t<div class=\"elementor-element elementor-element-5e6b7185 elementor-widget elementor-widget-wd_text_block\" data-id=\"5e6b7185\" data-element_type=\"widget\" data-widget_type=\"wd_text_block.default\">\n\t\t\t\t<div class=\"elementor-widget-container\">\n\t\t\t\t\t<div class=\"wd-text-block reset-last-child text-left color-title\">\n\t\t\t\n\t\t\t<p>*\u00c9tui de voyage portable\u00a0:<\/p><p>La bo\u00eete de rangement peut stocker et prot\u00e9ger la bande de lubrification, qui est de petite taille et pratique \u00e0 transporter en voyage\u00a0;<\/p><p>A. Convient pour ranger le rasoir d&#039;\u00e9pilation \u00ab Baili Cat Paw Mini Lady \u00bb. Avec une apparence mignonne, il est fabriqu\u00e9 dans un mat\u00e9riau durable r\u00e9sistant \u00e0 la compression. Compact pour des d\u00e9placements faciles et pratiques, garantissant un transport sans tracas\u00a0;<\/p><p>B. \u00c9tanche et r\u00e9sistant \u00e0 l&#039;humidit\u00e9 avec des trous de drainage, offrant un espace de stockage sec et propre pour le rasoir d&#039;\u00e9pilation, r\u00e9duisant ainsi le risque de croissance bact\u00e9rienne.<\/p>\n\t\t\t\t\t<\/div>\n\t\t\t\t<\/div>\n\t\t\t\t<\/div>\n\t\t\t\t\t<\/div>\n\t\t<\/div>\n\t\t\t\t<div class=\"elementor-column elementor-col-50 elementor-top-column elementor-element elementor-element-34a1dfad\" data-id=\"34a1dfad\" data-element_type=\"column\">\n\t\t\t<div class=\"elementor-widget-wrap elementor-element-populated\">\n\t\t\t\t\t\t\t\t<div class=\"elementor-element elementor-element-115a61a1 elementor-widget elementor-widget-wd_image_or_svg\" data-id=\"115a61a1\" data-element_type=\"widget\" data-widget_type=\"wd_image_or_svg.default\">\n\t\t\t\t<div class=\"elementor-widget-container\">\n\t\t\t\n\t\t<div class=\"wd-image text-left\">\n\t\t\t\t\t\t\t\t<img decoding=\"async\" width=\"790\" height=\"742\" src=\"https:\/\/www.bailishaver.com\/wp-content\/uploads\/2023\/11\/Cat_Paw_Mini_Travel_Razor_Womens_with_ABS_Case_Shaving_Kits_details_03.webp\" class=\"attachment-full size-full wp-image-229856\" alt=\"\" srcset=\"https:\/\/www.bailishaver.com\/wp-content\/uploads\/2023\/11\/Cat_Paw_Mini_Travel_Razor_Womens_with_ABS_Case_Shaving_Kits_details_03.webp 790w, https:\/\/www.bailishaver.com\/wp-content\/uploads\/2023\/11\/Cat_Paw_Mini_Travel_Razor_Womens_with_ABS_Case_Shaving_Kits_details_03-300x282.webp 300w, https:\/\/www.bailishaver.com\/wp-content\/uploads\/2023\/11\/Cat_Paw_Mini_Travel_Razor_Womens_with_ABS_Case_Shaving_Kits_details_03-768x721.webp 768w, https:\/\/www.bailishaver.com\/wp-content\/uploads\/2023\/11\/Cat_Paw_Mini_Travel_Razor_Womens_with_ABS_Case_Shaving_Kits_details_03-13x12.webp 13w, https:\/\/www.bailishaver.com\/wp-content\/uploads\/2023\/11\/Cat_Paw_Mini_Travel_Razor_Womens_with_ABS_Case_Shaving_Kits_details_03-150x141.webp 150w\" sizes=\"(max-width: 790px) 100vw, 790px\" \/>\t\t\t\t\t<\/div>\n\n\t\t\t\t<\/div>\n\t\t\t\t<\/div>\n\t\t\t\t\t<\/div>\n\t\t<\/div>\n\t\t\t\t\t\t\t<\/div>\n\t\t<\/section>\n\t\t\t\t<section class=\"wd-negative-gap elementor-section elementor-top-section elementor-element elementor-element-794a0269 elementor-section-boxed elementor-section-height-default elementor-section-height-default wd-section-disabled\" data-id=\"794a0269\" data-element_type=\"section\">\n\t\t\t\t\t\t<div class=\"elementor-container elementor-column-gap-default\">\n\t\t\t\t\t<div class=\"elementor-column elementor-col-100 elementor-top-column elementor-element elementor-element-2ee86501\" data-id=\"2ee86501\" data-element_type=\"column\">\n\t\t\t<div class=\"elementor-widget-wrap elementor-element-populated\">\n\t\t\t\t\t\t\t\t<div class=\"elementor-element elementor-element-34cebfa8 elementor-widget elementor-widget-accordion\" data-id=\"34cebfa8\" data-element_type=\"widget\" data-widget_type=\"accordion.default\">\n\t\t\t\t<div class=\"elementor-widget-container\">\n\t\t\t<style>\/*! elementor - v3.18.0 - 20-12-2023 *\/\n.elementor-accordion{text-align:left}.elementor-accordion .elementor-accordion-item{border:1px solid #d5d8dc}.elementor-accordion .elementor-accordion-item+.elementor-accordion-item{border-top:none}.elementor-accordion .elementor-tab-title{margin:0;padding:15px 20px;font-weight:700;line-height:1;cursor:pointer;outline:none}.elementor-accordion .elementor-tab-title .elementor-accordion-icon{display:inline-block;width:1.5em}.elementor-accordion .elementor-tab-title .elementor-accordion-icon svg{width:1em;height:1em}.elementor-accordion .elementor-tab-title .elementor-accordion-icon.elementor-accordion-icon-right{float:right;text-align:right}.elementor-accordion .elementor-tab-title .elementor-accordion-icon.elementor-accordion-icon-left{float:left;text-align:left}.elementor-accordion .elementor-tab-title .elementor-accordion-icon .elementor-accordion-icon-closed{display:block}.elementor-accordion .elementor-tab-title .elementor-accordion-icon .elementor-accordion-icon-opened,.elementor-accordion .elementor-tab-title.elementor-active .elementor-accordion-icon-closed{display:none}.elementor-accordion .elementor-tab-title.elementor-active .elementor-accordion-icon-opened{display:block}.elementor-accordion .elementor-tab-content{display:none;padding:15px 20px;border-top:1px solid #d5d8dc}@media (max-width:767px){.elementor-accordion .elementor-tab-title{padding:12px 15px}.elementor-accordion .elementor-tab-title .elementor-accordion-icon{width:1.2em}.elementor-accordion .elementor-tab-content{padding:7px 15px}}.e-con-inner>.elementor-widget-accordion,.e-con>.elementor-widget-accordion{width:var(--container-widget-width);--flex-grow:var(--container-widget-flex-grow)}<\/style>\t\t<div class=\"elementor-accordion\">\n\t\t\t\t\t\t\t<div class=\"elementor-accordion-item\">\n\t\t\t\t\t<div id=\"elementor-tab-title-8851\" class=\"elementor-tab-title\" data-tab=\"1\" role=\"button\" aria-controls=\"elementor-tab-content-8851\" aria-expanded=\"false\">\n\t\t\t\t\t\t\t\t\t\t\t\t\t<span class=\"elementor-accordion-icon elementor-accordion-icon-left\" aria-hidden=\"true\">\n\t\t\t\t\t\t\t\t\t\t\t\t\t\t\t<span class=\"elementor-accordion-icon-closed\"><i class=\"fas fa-caret-down\"><\/i><\/span>\n\t\t\t\t\t\t\t\t<span class=\"elementor-accordion-icon-opened\"><i class=\"fas fa-caret-up\"><\/i><\/span>\n\t\t\t\t\t\t\t\t\t\t\t\t\t\t<\/span>\n\t\t\t\t\t\t\t\t\t\t\t\t<a class=\"elementor-accordion-title\" tabindex=\"0\">Emballer<\/a>\n\t\t\t\t\t<\/div>\n\t\t\t\t\t<div id=\"elementor-tab-content-8851\" class=\"elementor-tab-content elementor-clearfix\" data-tab=\"1\" role=\"region\" aria-labelledby=\"elementor-tab-title-8851\"><table><tbody><tr><td>Produit<\/td><td>Pi\u00e8ces<\/td><td>Emballer<\/td><td>Taille<\/td><td>Poids brut<\/td><\/tr><tr><td rowspan=\"2\">MR-DR100<\/td><td class=\"et4\">1<\/td><td class=\"et4\">Sac d&#039;opp<\/td><td class=\"et4\">88X67X30mm<\/td><td class=\"et4\">39,6g<\/td><\/tr><tr><td>300<\/td><td>Carton<\/td><td>440\u00d7330\u00d7505mm<\/td><td>11,9kg<\/td><\/tr><\/tbody><\/table><\/div>\n\t\t\t\t<\/div>\n\t\t\t\t\t\t\t<div class=\"elementor-accordion-item\">\n\t\t\t\t\t<div id=\"elementor-tab-title-8852\" class=\"elementor-tab-title\" data-tab=\"2\" role=\"button\" aria-controls=\"elementor-tab-content-8852\" aria-expanded=\"false\">\n\t\t\t\t\t\t\t\t\t\t\t\t\t<span class=\"elementor-accordion-icon elementor-accordion-icon-left\" aria-hidden=\"true\">\n\t\t\t\t\t\t\t\t\t\t\t\t\t\t\t<span class=\"elementor-accordion-icon-closed\"><i class=\"fas fa-caret-down\"><\/i><\/span>\n\t\t\t\t\t\t\t\t<span class=\"elementor-accordion-icon-opened\"><i class=\"fas fa-caret-up\"><\/i><\/span>\n\t\t\t\t\t\t\t\t\t\t\t\t\t\t<\/span>\n\t\t\t\t\t\t\t\t\t\t\t\t<a class=\"elementor-accordion-title\" tabindex=\"0\"> Exp\u00e9dition<\/a>\n\t\t\t\t\t<\/div>\n\t\t\t\t\t<div id=\"elementor-tab-content-8852\" class=\"elementor-tab-content elementor-clearfix\" data-tab=\"2\" role=\"region\" aria-labelledby=\"elementor-tab-title-8852\">La commande d&#039;\u00e9chantillon peut \u00eatre exp\u00e9di\u00e9e dans un d\u00e9lai de 3 \u00e0 7 jours\u00a0; <br>La production de commandes group\u00e9es ou de commandes personnalis\u00e9es prend 15 \u00e0 30 jours.\n<\/div>\n\t\t\t\t<\/div>\n\t\t\t\t\t\t\t\t<\/div>\n\t\t\t\t<\/div>\n\t\t\t\t<\/div>\n\t\t\t\t\t<\/div>\n\t\t<\/div>\n\t\t\t\t\t\t\t<\/div>\n\t\t<\/section>\n\t\t\t\t\t\t\t<\/div>","protected":false},"excerpt":{"rendered":"<p><strong>Mod\u00e8le\u00a0:\u00a0MR-DR100<\/strong><\/p>\n<div class=\"DescriptionImg\">\n<div class=\"image-box\">\n<p><img decoding=\"async\" src=\"https:\/\/bailishaver.com\/wp-content\/uploads\/2023\/10\/Triple_Blade.jpg\" alt=\"Image1\" \/><\/p>\n<div class=\"caption\">Triple lame<\/div>\n<\/div>\n<div class=\"image-box\">\n<p><img decoding=\"async\" src=\"https:\/\/bailishaver.com\/wp-content\/uploads\/2024\/02\/Min_Handle_Icon.webp\" alt=\"Image2\" \/><\/p>\n<div class=\"caption\">Poign\u00e9e minimale<\/div>\n<\/div>\n<div class=\"image-box\">\n<p><img decoding=\"async\" src=\"https:\/\/bailishaver.com\/wp-content\/uploads\/2024\/02\/Portable_Travel_Case_Icon.webp\" alt=\"Image3\" \/><\/p>\n<div class=\"caption\">\u00c9tui de voyage portable<\/div>\n<\/div>\n<\/div>","protected":false},"featured_media":229857,"comment_status":"open","ping_status":"closed","template":"","meta":[],"product_cat":[34,69],"product_tag":[],"yoast_head":"<!-- This site is optimized with the Yoast SEO plugin v21.4 - https:\/\/yoast.com\/wordpress\/plugins\/seo\/ -->\n<title>Cat Paw Mini Travel Razor Women&#039;s with ABS Case Shaving Kits - Guangzhou Weidi Technology Co.,Ltd<\/title>\n<meta name=\"description\" content=\"Cat paw handle mini travel razor women&#039;s portable shaving kits with ABS case, can store and protect the lubrication strip.\" \/>\n<meta name=\"robots\" content=\"index, follow, max-snippet:-1, max-image-preview:large, max-video-preview:-1\" \/>\n<link rel=\"canonical\" href=\"https:\/\/www.bailishaver.com\/fr\/produit\/cat-paw-mini-travel-razor-womens-with-abs-case-shaving-kits\/\" \/>\n<meta property=\"og:locale\" content=\"fr_FR\" \/>\n<meta property=\"og:type\" content=\"article\" \/>\n<meta property=\"og:title\" content=\"Cat Paw Mini Travel Razor Women&#039;s with ABS Case Shaving Kits - Guangzhou Weidi Technology Co.,Ltd\" \/>\n<meta property=\"og:description\" content=\"Cat paw handle mini travel razor women&#039;s portable shaving kits with ABS case, can store and protect the lubrication strip.\" \/>\n<meta property=\"og:url\" content=\"https:\/\/www.bailishaver.com\/fr\/produit\/cat-paw-mini-travel-razor-womens-with-abs-case-shaving-kits\/\" \/>\n<meta property=\"og:site_name\" content=\"Guangzhou Weidi Technology Co.,Ltd\" \/>\n<meta property=\"article:modified_time\" content=\"2024-02-29T02:38:02+00:00\" \/>\n<meta property=\"og:image\" content=\"https:\/\/www.bailishaver.com\/wp-content\/uploads\/2023\/11\/Cat_Paw_Mini_Travel_Razor_Womens_with_ABS_Case_Shaving_Kits_01.webp\" \/>\n\t<meta property=\"og:image:width\" content=\"800\" \/>\n\t<meta property=\"og:image:height\" content=\"800\" \/>\n\t<meta property=\"og:image:type\" content=\"image\/webp\" \/>\n<meta name=\"twitter:card\" content=\"summary_large_image\" \/>\n<meta name=\"twitter:label1\" content=\"Dur\u00e9e de lecture estim\u00e9e\" \/>\n\t<meta name=\"twitter:data1\" content=\"2 minutes\" \/>\n<script type=\"application\/ld+json\" class=\"yoast-schema-graph\">{\"@context\":\"https:\/\/schema.org\",\"@graph\":[{\"@type\":\"WebPage\",\"@id\":\"https:\/\/www.bailishaver.com\/product\/cat-paw-mini-travel-razor-womens-with-abs-case-shaving-kits\/\",\"url\":\"https:\/\/www.bailishaver.com\/product\/cat-paw-mini-travel-razor-womens-with-abs-case-shaving-kits\/\",\"name\":\"Cat Paw Mini Travel Razor Women's with ABS Case Shaving Kits - Guangzhou Weidi Technology Co.,Ltd\",\"isPartOf\":{\"@id\":\"https:\/\/www.bailishaver.com\/#website\"},\"datePublished\":\"2023-10-13T01:56:00+00:00\",\"dateModified\":\"2024-02-29T02:38:02+00:00\",\"description\":\"Cat paw handle mini travel razor women's portable shaving kits with ABS case, can store and protect the lubrication strip.\",\"breadcrumb\":{\"@id\":\"https:\/\/www.bailishaver.com\/product\/cat-paw-mini-travel-razor-womens-with-abs-case-shaving-kits\/#breadcrumb\"},\"inLanguage\":\"fr-FR\",\"potentialAction\":[{\"@type\":\"ReadAction\",\"target\":[\"https:\/\/www.bailishaver.com\/product\/cat-paw-mini-travel-razor-womens-with-abs-case-shaving-kits\/\"]}]},{\"@type\":\"BreadcrumbList\",\"@id\":\"https:\/\/www.bailishaver.com\/product\/cat-paw-mini-travel-razor-womens-with-abs-case-shaving-kits\/#breadcrumb\",\"itemListElement\":[{\"@type\":\"ListItem\",\"position\":1,\"name\":\"HOME\",\"item\":\"https:\/\/www.bailishaver.com\/\"},{\"@type\":\"ListItem\",\"position\":2,\"name\":\"Product\",\"item\":\"https:\/\/www.bailishaver.com\/product\/\"},{\"@type\":\"ListItem\",\"position\":3,\"name\":\"Cat Paw Mini Travel Razor Women&#8217;s with ABS Case Shaving Kits\"}]},{\"@type\":\"WebSite\",\"@id\":\"https:\/\/www.bailishaver.com\/#website\",\"url\":\"https:\/\/www.bailishaver.com\/\",\"name\":\"Guangzhou Weidi Technology Co.,Ltd\",\"description\":\"system razors, lady razors, shaving kits, blade and refill, disposable razor, shaving , accessories, etc.\",\"potentialAction\":[{\"@type\":\"SearchAction\",\"target\":{\"@type\":\"EntryPoint\",\"urlTemplate\":\"https:\/\/www.bailishaver.com\/?s={search_term_string}\"},\"query-input\":\"required name=search_term_string\"}],\"inLanguage\":\"fr-FR\"}]}<\/script>\n<!-- \/ Yoast SEO plugin. -->","yoast_head_json":{"title":"Cat Paw Mini Travel Razor Women's with ABS Case Shaving Kits - Guangzhou Weidi Technology Co.,Ltd","description":"Cat paw handle mini travel razor women's portable shaving kits with ABS case, can store and protect the lubrication strip.","robots":{"index":"index","follow":"follow","max-snippet":"max-snippet:-1","max-image-preview":"max-image-preview:large","max-video-preview":"max-video-preview:-1"},"canonical":"https:\/\/www.bailishaver.com\/fr\/produit\/cat-paw-mini-travel-razor-womens-with-abs-case-shaving-kits\/","og_locale":"fr_FR","og_type":"article","og_title":"Cat Paw Mini Travel Razor Women's with ABS Case Shaving Kits - Guangzhou Weidi Technology Co.,Ltd","og_description":"Cat paw handle mini travel razor women's portable shaving kits with ABS case, can store and protect the lubrication strip.","og_url":"https:\/\/www.bailishaver.com\/fr\/produit\/cat-paw-mini-travel-razor-womens-with-abs-case-shaving-kits\/","og_site_name":"Guangzhou Weidi Technology Co.,Ltd","article_modified_time":"2024-02-29T02:38:02+00:00","og_image":[{"width":800,"height":800,"url":"https:\/\/www.bailishaver.com\/wp-content\/uploads\/2023\/11\/Cat_Paw_Mini_Travel_Razor_Womens_with_ABS_Case_Shaving_Kits_01.webp","type":"image\/webp"}],"twitter_card":"summary_large_image","twitter_misc":{"Dur\u00e9e de lecture estim\u00e9e":"2 minutes"},"schema":{"@context":"https:\/\/schema.org","@graph":[{"@type":"WebPage","@id":"https:\/\/www.bailishaver.com\/product\/cat-paw-mini-travel-razor-womens-with-abs-case-shaving-kits\/","url":"https:\/\/www.bailishaver.com\/product\/cat-paw-mini-travel-razor-womens-with-abs-case-shaving-kits\/","name":"Cat Paw Mini Travel Razor Women's with ABS Case Shaving Kits - Guangzhou Weidi Technology Co.,Ltd","isPartOf":{"@id":"https:\/\/www.bailishaver.com\/#website"},"datePublished":"2023-10-13T01:56:00+00:00","dateModified":"2024-02-29T02:38:02+00:00","description":"Cat paw handle mini travel razor women's portable shaving kits with ABS case, can store and protect the lubrication strip.","breadcrumb":{"@id":"https:\/\/www.bailishaver.com\/product\/cat-paw-mini-travel-razor-womens-with-abs-case-shaving-kits\/#breadcrumb"},"inLanguage":"fr-FR","potentialAction":[{"@type":"ReadAction","target":["https:\/\/www.bailishaver.com\/product\/cat-paw-mini-travel-razor-womens-with-abs-case-shaving-kits\/"]}]},{"@type":"BreadcrumbList","@id":"https:\/\/www.bailishaver.com\/product\/cat-paw-mini-travel-razor-womens-with-abs-case-shaving-kits\/#breadcrumb","itemListElement":[{"@type":"ListItem","position":1,"name":"HOME","item":"https:\/\/www.bailishaver.com\/"},{"@type":"ListItem","position":2,"name":"Product","item":"https:\/\/www.bailishaver.com\/product\/"},{"@type":"ListItem","position":3,"name":"Cat Paw Mini Travel Razor Women&#8217;s with ABS Case Shaving Kits"}]},{"@type":"WebSite","@id":"https:\/\/www.bailishaver.com\/#website","url":"https:\/\/www.bailishaver.com\/","name":"Guangzhou Weidi Technology Co.,Ltd","description":"system razors, lady razors, shaving kits, blade and refill, disposable razor, shaving , accessories, etc.","potentialAction":[{"@type":"SearchAction","target":{"@type":"EntryPoint","urlTemplate":"https:\/\/www.bailishaver.com\/?s={search_term_string}"},"query-input":"required name=search_term_string"}],"inLanguage":"fr-FR"}]}},"_links":{"self":[{"href":"https:\/\/www.bailishaver.com\/fr\/wp-json\/wp\/v2\/product\/228463"}],"collection":[{"href":"https:\/\/www.bailishaver.com\/fr\/wp-json\/wp\/v2\/product"}],"about":[{"href":"https:\/\/www.bailishaver.com\/fr\/wp-json\/wp\/v2\/types\/product"}],"replies":[{"embeddable":true,"href":"https:\/\/www.bailishaver.com\/fr\/wp-json\/wp\/v2\/comments?post=228463"}],"version-history":[{"count":2,"href":"https:\/\/www.bailishaver.com\/fr\/wp-json\/wp\/v2\/product\/228463\/revisions"}],"predecessor-version":[{"id":231585,"href":"https:\/\/www.bailishaver.com\/fr\/wp-json\/wp\/v2\/product\/228463\/revisions\/231585"}],"wp:featuredmedia":[{"embeddable":true,"href":"https:\/\/www.bailishaver.com\/fr\/wp-json\/wp\/v2\/media\/229857"}],"wp:attachment":[{"href":"https:\/\/www.bailishaver.com\/fr\/wp-json\/wp\/v2\/media?parent=228463"}],"wp:term":[{"taxonomy":"product_cat","embeddable":true,"href":"https:\/\/www.bailishaver.com\/fr\/wp-json\/wp\/v2\/product_cat?post=228463"},{"taxonomy":"product_tag","embeddable":true,"href":"https:\/\/www.bailishaver.com\/fr\/wp-json\/wp\/v2\/product_tag?post=228463"}],"curies":[{"name":"wp","href":"https:\/\/api.w.org\/{rel}","templated":true}]}}