{"id":228153,"date":"2023-09-26T14:39:53","date_gmt":"2023-09-26T06:39:53","guid":{"rendered":"https:\/\/bailishaver.com\/?post_type=product&#038;p=228153"},"modified":"2023-11-16T16:53:13","modified_gmt":"2023-11-16T08:53:13","slug":"179-rose-gold-womens-butterfly-safety-razors","status":"publish","type":"product","link":"https:\/\/www.bailishaver.com\/fr\/produit\/179-rose-gold-womens-butterfly-safety-razors\/","title":{"rendered":"179 Rasoirs de s\u00e9curit\u00e9 papillon pour femmes en or rose"},"content":{"rendered":"<div data-elementor-type=\"product-post\" data-elementor-id=\"228153\" class=\"elementor elementor-228153\" data-elementor-post-type=\"product\">\n\t\t\t\t\t\t\t\t\t<section class=\"wd-negative-gap elementor-section elementor-top-section elementor-element elementor-element-142361d elementor-section-content-middle elementor-section-boxed elementor-section-height-default elementor-section-height-default wd-section-disabled\" data-id=\"142361d\" data-element_type=\"section\">\n\t\t\t\t\t\t<div class=\"elementor-container elementor-column-gap-default\">\n\t\t\t\t\t<div class=\"elementor-column elementor-col-50 elementor-top-column elementor-element elementor-element-b363c88\" data-id=\"b363c88\" data-element_type=\"column\">\n\t\t\t<div class=\"elementor-widget-wrap elementor-element-populated\">\n\t\t\t\t\t\t\t\t<div class=\"elementor-element elementor-element-e10caf5 elementor-widget elementor-widget-wd_text_block\" data-id=\"e10caf5\" data-element_type=\"widget\" data-widget_type=\"wd_text_block.default\">\n\t\t\t\t<div class=\"elementor-widget-container\">\n\t\t\t\t\t<div class=\"wd-text-block reset-last-child text-left color-title\">\n\t\t\t\n\t\t\tMod\u00e8le : DB179<br>\nT\u00eate de rasoir\u00a0: t\u00eate de rasoir \u00e0 ouverture papillon<br>\nTaille du rasoir : 44 \u00d7 25,3 \u00d7 94,4 mm.<br>\nPoids du rasoir : 70,7 g<br>\nMat\u00e9riel: Alliage de zinc<br>\nCaract\u00e9ristiques : lavable, r\u00e9utilisable, imperm\u00e9able, antirouille.\n\n\n\t\t\t\t\t<\/div>\n\t\t\t\t<\/div>\n\t\t\t\t<\/div>\n\t\t\t\t\t<\/div>\n\t\t<\/div>\n\t\t\t\t<div class=\"elementor-column elementor-col-50 elementor-top-column elementor-element elementor-element-7be5f28\" data-id=\"7be5f28\" data-element_type=\"column\">\n\t\t\t<div class=\"elementor-widget-wrap elementor-element-populated\">\n\t\t\t\t\t\t\t\t<div class=\"elementor-element elementor-element-85a117a elementor-widget elementor-widget-wd_image_or_svg\" data-id=\"85a117a\" data-element_type=\"widget\" data-widget_type=\"wd_image_or_svg.default\">\n\t\t\t\t<div class=\"elementor-widget-container\">\n\t\t\t\n\t\t<div class=\"wd-image text-left\">\n\t\t\t\t\t\t\t\t<img fetchpriority=\"high\" decoding=\"async\" width=\"1001\" height=\"1001\" src=\"https:\/\/www.bailishaver.com\/wp-content\/uploads\/2023\/11\/179_Rose_Gold_Womens_Butterfly_Safety_Razors_details_01.webp\" class=\"attachment-full size-full wp-image-229659\" alt=\"\" srcset=\"https:\/\/www.bailishaver.com\/wp-content\/uploads\/2023\/11\/179_Rose_Gold_Womens_Butterfly_Safety_Razors_details_01.webp 1001w, https:\/\/www.bailishaver.com\/wp-content\/uploads\/2023\/11\/179_Rose_Gold_Womens_Butterfly_Safety_Razors_details_01-300x300.webp 300w, https:\/\/www.bailishaver.com\/wp-content\/uploads\/2023\/11\/179_Rose_Gold_Womens_Butterfly_Safety_Razors_details_01-150x150.webp 150w, https:\/\/www.bailishaver.com\/wp-content\/uploads\/2023\/11\/179_Rose_Gold_Womens_Butterfly_Safety_Razors_details_01-768x768.webp 768w, https:\/\/www.bailishaver.com\/wp-content\/uploads\/2023\/11\/179_Rose_Gold_Womens_Butterfly_Safety_Razors_details_01-12x12.webp 12w\" sizes=\"(max-width: 1001px) 100vw, 1001px\" \/>\t\t\t\t\t<\/div>\n\n\t\t\t\t<\/div>\n\t\t\t\t<\/div>\n\t\t\t\t\t<\/div>\n\t\t<\/div>\n\t\t\t\t\t\t\t<\/div>\n\t\t<\/section>\n\t\t\t\t<section class=\"wd-negative-gap elementor-section elementor-top-section elementor-element elementor-element-d47a173 elementor-section-content-middle elementor-section-boxed elementor-section-height-default elementor-section-height-default wd-section-disabled\" data-id=\"d47a173\" data-element_type=\"section\">\n\t\t\t\t\t\t<div class=\"elementor-container elementor-column-gap-default\">\n\t\t\t\t\t<div class=\"elementor-column elementor-col-50 elementor-top-column elementor-element elementor-element-e8636a4\" data-id=\"e8636a4\" data-element_type=\"column\">\n\t\t\t<div class=\"elementor-widget-wrap elementor-element-populated\">\n\t\t\t\t\t\t\t\t<div class=\"elementor-element elementor-element-e799e56 elementor-widget__width-initial elementor-hidden-desktop elementor-hidden-tablet elementor-widget elementor-widget-wd_text_block\" data-id=\"e799e56\" data-element_type=\"widget\" data-widget_type=\"wd_text_block.default\">\n\t\t\t\t<div class=\"elementor-widget-container\">\n\t\t\t\t\t<div class=\"wd-text-block reset-last-child text-left color-title\">\n\t\t\t\n\t\t\t<p>* La conception originale de la t\u00eate de rasoir ferm\u00e9e, anti-rayures \u00e0 360 \u00b0, mise \u00e0 niveau de s\u00e9curit\u00e9\u00a0;<\/p><p>*La t\u00eate du rasoir peut \u00eatre d\u00e9viss\u00e9e en tournant la poign\u00e9e, ce qui est rapide \u00e0 rincer et pratique pour remplacer la lame.<\/p>\n\t\t\t\t\t<\/div>\n\t\t\t\t<\/div>\n\t\t\t\t<\/div>\n\t\t\t\t<div class=\"elementor-element elementor-element-6e464df elementor-widget elementor-widget-wd_image_or_svg\" data-id=\"6e464df\" data-element_type=\"widget\" data-widget_type=\"wd_image_or_svg.default\">\n\t\t\t\t<div class=\"elementor-widget-container\">\n\t\t\t\n\t\t<div class=\"wd-image text-left\">\n\t\t\t\t\t\t\t\t<img decoding=\"async\" width=\"1001\" height=\"1001\" src=\"https:\/\/www.bailishaver.com\/wp-content\/uploads\/2023\/11\/179_Rose_Gold_Womens_Butterfly_Safety_Razors_details_02.webp\" class=\"attachment-full size-full wp-image-229660\" alt=\"\" srcset=\"https:\/\/www.bailishaver.com\/wp-content\/uploads\/2023\/11\/179_Rose_Gold_Womens_Butterfly_Safety_Razors_details_02.webp 1001w, https:\/\/www.bailishaver.com\/wp-content\/uploads\/2023\/11\/179_Rose_Gold_Womens_Butterfly_Safety_Razors_details_02-300x300.webp 300w, https:\/\/www.bailishaver.com\/wp-content\/uploads\/2023\/11\/179_Rose_Gold_Womens_Butterfly_Safety_Razors_details_02-150x150.webp 150w, https:\/\/www.bailishaver.com\/wp-content\/uploads\/2023\/11\/179_Rose_Gold_Womens_Butterfly_Safety_Razors_details_02-768x768.webp 768w, https:\/\/www.bailishaver.com\/wp-content\/uploads\/2023\/11\/179_Rose_Gold_Womens_Butterfly_Safety_Razors_details_02-12x12.webp 12w\" sizes=\"(max-width: 1001px) 100vw, 1001px\" \/>\t\t\t\t\t<\/div>\n\n\t\t\t\t<\/div>\n\t\t\t\t<\/div>\n\t\t\t\t\t<\/div>\n\t\t<\/div>\n\t\t\t\t<div class=\"elementor-column elementor-col-50 elementor-top-column elementor-element elementor-element-b79b4c6\" data-id=\"b79b4c6\" data-element_type=\"column\">\n\t\t\t<div class=\"elementor-widget-wrap elementor-element-populated\">\n\t\t\t\t\t\t\t\t<div class=\"elementor-element elementor-element-7efaaa3 elementor-hidden-mobile elementor-widget elementor-widget-wd_text_block\" data-id=\"7efaaa3\" data-element_type=\"widget\" data-widget_type=\"wd_text_block.default\">\n\t\t\t\t<div class=\"elementor-widget-container\">\n\t\t\t\t\t<div class=\"wd-text-block reset-last-child text-left color-title\">\n\t\t\t\n\t\t\t<p>* La conception originale de la t\u00eate de rasoir ferm\u00e9e, anti-rayures \u00e0 360 \u00b0, mise \u00e0 niveau de s\u00e9curit\u00e9\u00a0;<\/p><p>*La t\u00eate du rasoir peut \u00eatre d\u00e9viss\u00e9e en tournant la poign\u00e9e, ce qui est rapide \u00e0 rincer et pratique pour remplacer la lame.<\/p>\n\t\t\t\t\t<\/div>\n\t\t\t\t<\/div>\n\t\t\t\t<\/div>\n\t\t\t\t\t<\/div>\n\t\t<\/div>\n\t\t\t\t\t\t\t<\/div>\n\t\t<\/section>\n\t\t\t\t<section class=\"wd-negative-gap elementor-section elementor-top-section elementor-element elementor-element-a8b906d elementor-section-content-middle elementor-section-boxed elementor-section-height-default elementor-section-height-default wd-section-disabled\" data-id=\"a8b906d\" data-element_type=\"section\">\n\t\t\t\t\t\t<div class=\"elementor-container elementor-column-gap-default\">\n\t\t\t\t\t<div class=\"elementor-column elementor-col-50 elementor-top-column elementor-element elementor-element-8d82f72\" data-id=\"8d82f72\" data-element_type=\"column\">\n\t\t\t<div class=\"elementor-widget-wrap elementor-element-populated\">\n\t\t\t\t\t\t\t\t<div class=\"elementor-element elementor-element-c87fffd elementor-widget elementor-widget-wd_text_block\" data-id=\"c87fffd\" data-element_type=\"widget\" data-widget_type=\"wd_text_block.default\">\n\t\t\t\t<div class=\"elementor-widget-container\">\n\t\t\t\t\t<div class=\"wd-text-block reset-last-child text-left color-title\">\n\t\t\t\n\t\t\t<p>* Poign\u00e9e de texture antid\u00e9rapante tridimensionnelle de style r\u00e9tro, atmosph\u00e8re exquise et grande praticit\u00e9;<\/p><p>* Le mat\u00e9riau est fabriqu\u00e9 en alliage respectueux de l&#039;environnement, imperm\u00e9able et antirouille, le poids et le confort du manche sont bien \u00e9quilibr\u00e9s et la sensation de rasage est bonne.<\/p>\n\t\t\t\t\t<\/div>\n\t\t\t\t<\/div>\n\t\t\t\t<\/div>\n\t\t\t\t\t<\/div>\n\t\t<\/div>\n\t\t\t\t<div class=\"elementor-column elementor-col-50 elementor-top-column elementor-element elementor-element-1db0a6b\" data-id=\"1db0a6b\" data-element_type=\"column\">\n\t\t\t<div class=\"elementor-widget-wrap elementor-element-populated\">\n\t\t\t\t\t\t\t\t<div class=\"elementor-element elementor-element-2ac895f elementor-widget elementor-widget-wd_image_or_svg\" data-id=\"2ac895f\" data-element_type=\"widget\" data-widget_type=\"wd_image_or_svg.default\">\n\t\t\t\t<div class=\"elementor-widget-container\">\n\t\t\t\n\t\t<div class=\"wd-image text-left\">\n\t\t\t\t\t\t\t\t<img decoding=\"async\" width=\"800\" height=\"800\" src=\"https:\/\/www.bailishaver.com\/wp-content\/uploads\/2023\/11\/179_Rose_Gold_Womens_Butterfly_Safety_Razors_details_03.webp\" class=\"attachment-full size-full wp-image-229661\" alt=\"\" srcset=\"https:\/\/www.bailishaver.com\/wp-content\/uploads\/2023\/11\/179_Rose_Gold_Womens_Butterfly_Safety_Razors_details_03.webp 800w, https:\/\/www.bailishaver.com\/wp-content\/uploads\/2023\/11\/179_Rose_Gold_Womens_Butterfly_Safety_Razors_details_03-300x300.webp 300w, https:\/\/www.bailishaver.com\/wp-content\/uploads\/2023\/11\/179_Rose_Gold_Womens_Butterfly_Safety_Razors_details_03-150x150.webp 150w, https:\/\/www.bailishaver.com\/wp-content\/uploads\/2023\/11\/179_Rose_Gold_Womens_Butterfly_Safety_Razors_details_03-768x768.webp 768w, https:\/\/www.bailishaver.com\/wp-content\/uploads\/2023\/11\/179_Rose_Gold_Womens_Butterfly_Safety_Razors_details_03-12x12.webp 12w\" sizes=\"(max-width: 800px) 100vw, 800px\" \/>\t\t\t\t\t<\/div>\n\n\t\t\t\t<\/div>\n\t\t\t\t<\/div>\n\t\t\t\t\t<\/div>\n\t\t<\/div>\n\t\t\t\t\t\t\t<\/div>\n\t\t<\/section>\n\t\t\t\t<section class=\"wd-negative-gap elementor-section elementor-top-section elementor-element elementor-element-2fbb7c7 elementor-section-boxed elementor-section-height-default elementor-section-height-default wd-section-disabled\" data-id=\"2fbb7c7\" data-element_type=\"section\">\n\t\t\t\t\t\t<div class=\"elementor-container elementor-column-gap-default\">\n\t\t\t\t\t<div class=\"elementor-column elementor-col-100 elementor-top-column elementor-element elementor-element-9f097bb\" data-id=\"9f097bb\" data-element_type=\"column\">\n\t\t\t<div class=\"elementor-widget-wrap elementor-element-populated\">\n\t\t\t\t\t\t\t\t<div class=\"elementor-element elementor-element-0280bcc elementor-widget elementor-widget-accordion\" data-id=\"0280bcc\" data-element_type=\"widget\" data-widget_type=\"accordion.default\">\n\t\t\t\t<div class=\"elementor-widget-container\">\n\t\t\t<style>\/*! elementor - v3.18.0 - 20-12-2023 *\/\n.elementor-accordion{text-align:left}.elementor-accordion .elementor-accordion-item{border:1px solid #d5d8dc}.elementor-accordion .elementor-accordion-item+.elementor-accordion-item{border-top:none}.elementor-accordion .elementor-tab-title{margin:0;padding:15px 20px;font-weight:700;line-height:1;cursor:pointer;outline:none}.elementor-accordion .elementor-tab-title .elementor-accordion-icon{display:inline-block;width:1.5em}.elementor-accordion .elementor-tab-title .elementor-accordion-icon svg{width:1em;height:1em}.elementor-accordion .elementor-tab-title .elementor-accordion-icon.elementor-accordion-icon-right{float:right;text-align:right}.elementor-accordion .elementor-tab-title .elementor-accordion-icon.elementor-accordion-icon-left{float:left;text-align:left}.elementor-accordion .elementor-tab-title .elementor-accordion-icon .elementor-accordion-icon-closed{display:block}.elementor-accordion .elementor-tab-title .elementor-accordion-icon .elementor-accordion-icon-opened,.elementor-accordion .elementor-tab-title.elementor-active .elementor-accordion-icon-closed{display:none}.elementor-accordion .elementor-tab-title.elementor-active .elementor-accordion-icon-opened{display:block}.elementor-accordion .elementor-tab-content{display:none;padding:15px 20px;border-top:1px solid #d5d8dc}@media (max-width:767px){.elementor-accordion .elementor-tab-title{padding:12px 15px}.elementor-accordion .elementor-tab-title .elementor-accordion-icon{width:1.2em}.elementor-accordion .elementor-tab-content{padding:7px 15px}}.e-con-inner>.elementor-widget-accordion,.e-con>.elementor-widget-accordion{width:var(--container-widget-width);--flex-grow:var(--container-widget-flex-grow)}<\/style>\t\t<div class=\"elementor-accordion\">\n\t\t\t\t\t\t\t<div class=\"elementor-accordion-item\">\n\t\t\t\t\t<div id=\"elementor-tab-title-2621\" class=\"elementor-tab-title\" data-tab=\"1\" role=\"button\" aria-controls=\"elementor-tab-content-2621\" aria-expanded=\"false\">\n\t\t\t\t\t\t\t\t\t\t\t\t\t<span class=\"elementor-accordion-icon elementor-accordion-icon-left\" aria-hidden=\"true\">\n\t\t\t\t\t\t\t\t\t\t\t\t\t\t\t<span class=\"elementor-accordion-icon-closed\"><i class=\"fas fa-caret-down\"><\/i><\/span>\n\t\t\t\t\t\t\t\t<span class=\"elementor-accordion-icon-opened\"><i class=\"fas fa-caret-up\"><\/i><\/span>\n\t\t\t\t\t\t\t\t\t\t\t\t\t\t<\/span>\n\t\t\t\t\t\t\t\t\t\t\t\t<a class=\"elementor-accordion-title\" tabindex=\"0\">Emballer<\/a>\n\t\t\t\t\t<\/div>\n\t\t\t\t\t<div id=\"elementor-tab-content-2621\" class=\"elementor-tab-content elementor-clearfix\" data-tab=\"1\" role=\"region\" aria-labelledby=\"elementor-tab-title-2621\"><table>\n<tbody>\n<tr>\n<td>Produit<\/td>\n<td>Pi\u00e8ces<\/td>\n<td>Emballer<\/td>\n<td>Taille<\/td>\n<td>Poids brut<\/td>\n<\/tr>\n<tr>\n<td rowspan=\"2\">DB179<\/td>\n<td class=\"et4\">1<\/td>\n<td class=\"et4\">Sac d&#039;opp<\/td>\n<td class=\"et4\">44 \u00d7 25,3 \u00d7 94,4 mm<\/td>\n<td class=\"et4\">70,7g<\/td>\n<\/tr>\n<tr>\n<td>120<\/td>\n<td>Carton<\/td>\n<td>385\u00d7155\u00d7235mm<\/td>\n<td>10 kg<\/td>\n<\/tr>\n<\/tbody>\n<\/table><\/div>\n\t\t\t\t<\/div>\n\t\t\t\t\t\t\t<div class=\"elementor-accordion-item\">\n\t\t\t\t\t<div id=\"elementor-tab-title-2622\" class=\"elementor-tab-title\" data-tab=\"2\" role=\"button\" aria-controls=\"elementor-tab-content-2622\" aria-expanded=\"false\">\n\t\t\t\t\t\t\t\t\t\t\t\t\t<span class=\"elementor-accordion-icon elementor-accordion-icon-left\" aria-hidden=\"true\">\n\t\t\t\t\t\t\t\t\t\t\t\t\t\t\t<span class=\"elementor-accordion-icon-closed\"><i class=\"fas fa-caret-down\"><\/i><\/span>\n\t\t\t\t\t\t\t\t<span class=\"elementor-accordion-icon-opened\"><i class=\"fas fa-caret-up\"><\/i><\/span>\n\t\t\t\t\t\t\t\t\t\t\t\t\t\t<\/span>\n\t\t\t\t\t\t\t\t\t\t\t\t<a class=\"elementor-accordion-title\" tabindex=\"0\"> Exp\u00e9dition<\/a>\n\t\t\t\t\t<\/div>\n\t\t\t\t\t<div id=\"elementor-tab-content-2622\" class=\"elementor-tab-content elementor-clearfix\" data-tab=\"2\" role=\"region\" aria-labelledby=\"elementor-tab-title-2622\"><p>La commande d&#039;\u00e9chantillon peut \u00eatre exp\u00e9di\u00e9e dans un d\u00e9lai de 3 \u00e0 7 jours\u00a0;<br \/>La production de commandes group\u00e9es ou de commandes personnalis\u00e9es prend 15 \u00e0 30 jours.<\/p><\/div>\n\t\t\t\t<\/div>\n\t\t\t\t\t\t\t\t<\/div>\n\t\t\t\t<\/div>\n\t\t\t\t<\/div>\n\t\t\t\t\t<\/div>\n\t\t<\/div>\n\t\t\t\t\t\t\t<\/div>\n\t\t<\/section>\n\t\t\t\t\t\t\t<\/div>","protected":false},"excerpt":{"rendered":"<p><strong>Mod\u00e8le : DB179<\/strong><\/p>\n<div class=\"DescriptionImg\">\n<div class=\"image-box\">\n<p><img decoding=\"async\" src=\"https:\/\/bailishaver.com\/wp-content\/uploads\/2023\/10\/Global-Hot-Sale.webp\" alt=\"Image1\" \/><\/p>\n<div class=\"caption\">Vente chaude mondiale<\/div>\n<\/div>\n<div class=\"image-box\">\n<p><img decoding=\"async\" src=\"https:\/\/bailishaver.com\/wp-content\/uploads\/2023\/09\/Butterfly-Opening.png\" alt=\"Image2\" \/><\/p>\n<div class=\"caption\">Ouverture papillon<\/div>\n<\/div>\n<div class=\"image-box\">\n<p><img decoding=\"async\" src=\"https:\/\/bailishaver.com\/wp-content\/uploads\/2023\/09\/Mild.png\" alt=\"Image3\" \/><\/p>\n<div class=\"caption\">B\u00e9nin<\/div>\n<\/div>\n<\/div>","protected":false},"featured_media":229665,"comment_status":"open","ping_status":"closed","template":"","meta":[],"product_cat":[31],"product_tag":[],"yoast_head":"<!-- This site is optimized with the Yoast SEO plugin v21.4 - https:\/\/yoast.com\/wordpress\/plugins\/seo\/ -->\n<title>179 Rose Gold Womens Butterfly Safety Razors - Guangzhou Weidi Technology Co.,Ltd<\/title>\n<meta name=\"description\" content=\"Baili hot sale womens butterfly safety razors, butterfly opening design, easy to change blades.Twist the bottom to open the head.Fast and easy.\" \/>\n<meta name=\"robots\" content=\"index, follow, max-snippet:-1, max-image-preview:large, max-video-preview:-1\" \/>\n<link rel=\"canonical\" href=\"https:\/\/www.bailishaver.com\/fr\/produit\/179-rose-gold-womens-butterfly-safety-razors\/\" \/>\n<meta property=\"og:locale\" content=\"fr_FR\" \/>\n<meta property=\"og:type\" content=\"article\" \/>\n<meta property=\"og:title\" content=\"179 Rose Gold Womens Butterfly Safety Razors - Guangzhou Weidi Technology Co.,Ltd\" \/>\n<meta property=\"og:description\" content=\"Baili hot sale womens butterfly safety razors, butterfly opening design, easy to change blades.Twist the bottom to open the head.Fast and easy.\" \/>\n<meta property=\"og:url\" content=\"https:\/\/www.bailishaver.com\/fr\/produit\/179-rose-gold-womens-butterfly-safety-razors\/\" \/>\n<meta property=\"og:site_name\" content=\"Guangzhou Weidi Technology Co.,Ltd\" \/>\n<meta property=\"article:modified_time\" content=\"2023-11-16T08:53:13+00:00\" \/>\n<meta property=\"og:image\" content=\"https:\/\/www.bailishaver.com\/wp-content\/uploads\/2023\/11\/179_Rose_Gold_Womens_Butterfly_Safety_Razors_01.webp\" \/>\n\t<meta property=\"og:image:width\" content=\"1001\" \/>\n\t<meta property=\"og:image:height\" content=\"1001\" \/>\n\t<meta property=\"og:image:type\" content=\"image\/webp\" \/>\n<meta name=\"twitter:card\" content=\"summary_large_image\" \/>\n<script type=\"application\/ld+json\" class=\"yoast-schema-graph\">{\"@context\":\"https:\/\/schema.org\",\"@graph\":[{\"@type\":\"WebPage\",\"@id\":\"https:\/\/www.bailishaver.com\/product\/179-rose-gold-womens-butterfly-safety-razors\/\",\"url\":\"https:\/\/www.bailishaver.com\/product\/179-rose-gold-womens-butterfly-safety-razors\/\",\"name\":\"179 Rose Gold Womens Butterfly Safety Razors - Guangzhou Weidi Technology Co.,Ltd\",\"isPartOf\":{\"@id\":\"https:\/\/www.bailishaver.com\/#website\"},\"datePublished\":\"2023-09-26T06:39:53+00:00\",\"dateModified\":\"2023-11-16T08:53:13+00:00\",\"description\":\"Baili hot sale womens butterfly safety razors, butterfly opening design, easy to change blades.Twist the bottom to open the head.Fast and easy.\",\"breadcrumb\":{\"@id\":\"https:\/\/www.bailishaver.com\/product\/179-rose-gold-womens-butterfly-safety-razors\/#breadcrumb\"},\"inLanguage\":\"fr-FR\",\"potentialAction\":[{\"@type\":\"ReadAction\",\"target\":[\"https:\/\/www.bailishaver.com\/product\/179-rose-gold-womens-butterfly-safety-razors\/\"]}]},{\"@type\":\"BreadcrumbList\",\"@id\":\"https:\/\/www.bailishaver.com\/product\/179-rose-gold-womens-butterfly-safety-razors\/#breadcrumb\",\"itemListElement\":[{\"@type\":\"ListItem\",\"position\":1,\"name\":\"HOME\",\"item\":\"https:\/\/www.bailishaver.com\/\"},{\"@type\":\"ListItem\",\"position\":2,\"name\":\"Product\",\"item\":\"https:\/\/www.bailishaver.com\/product\/\"},{\"@type\":\"ListItem\",\"position\":3,\"name\":\"179 Rose Gold Womens Butterfly Safety Razors\"}]},{\"@type\":\"WebSite\",\"@id\":\"https:\/\/www.bailishaver.com\/#website\",\"url\":\"https:\/\/www.bailishaver.com\/\",\"name\":\"Guangzhou Weidi Technology Co.,Ltd\",\"description\":\"system razors, lady razors, shaving kits, blade and refill, disposable razor, shaving , accessories, etc.\",\"potentialAction\":[{\"@type\":\"SearchAction\",\"target\":{\"@type\":\"EntryPoint\",\"urlTemplate\":\"https:\/\/www.bailishaver.com\/?s={search_term_string}\"},\"query-input\":\"required name=search_term_string\"}],\"inLanguage\":\"fr-FR\"}]}<\/script>\n<!-- \/ Yoast SEO plugin. -->","yoast_head_json":{"title":"179 Rose Gold Womens Butterfly Safety Razors - Guangzhou Weidi Technology Co.,Ltd","description":"Baili hot sale womens butterfly safety razors, butterfly opening design, easy to change blades.Twist the bottom to open the head.Fast and easy.","robots":{"index":"index","follow":"follow","max-snippet":"max-snippet:-1","max-image-preview":"max-image-preview:large","max-video-preview":"max-video-preview:-1"},"canonical":"https:\/\/www.bailishaver.com\/fr\/produit\/179-rose-gold-womens-butterfly-safety-razors\/","og_locale":"fr_FR","og_type":"article","og_title":"179 Rose Gold Womens Butterfly Safety Razors - Guangzhou Weidi Technology Co.,Ltd","og_description":"Baili hot sale womens butterfly safety razors, butterfly opening design, easy to change blades.Twist the bottom to open the head.Fast and easy.","og_url":"https:\/\/www.bailishaver.com\/fr\/produit\/179-rose-gold-womens-butterfly-safety-razors\/","og_site_name":"Guangzhou Weidi Technology Co.,Ltd","article_modified_time":"2023-11-16T08:53:13+00:00","og_image":[{"width":1001,"height":1001,"url":"https:\/\/www.bailishaver.com\/wp-content\/uploads\/2023\/11\/179_Rose_Gold_Womens_Butterfly_Safety_Razors_01.webp","type":"image\/webp"}],"twitter_card":"summary_large_image","schema":{"@context":"https:\/\/schema.org","@graph":[{"@type":"WebPage","@id":"https:\/\/www.bailishaver.com\/product\/179-rose-gold-womens-butterfly-safety-razors\/","url":"https:\/\/www.bailishaver.com\/product\/179-rose-gold-womens-butterfly-safety-razors\/","name":"179 Rose Gold Womens Butterfly Safety Razors - Guangzhou Weidi Technology Co.,Ltd","isPartOf":{"@id":"https:\/\/www.bailishaver.com\/#website"},"datePublished":"2023-09-26T06:39:53+00:00","dateModified":"2023-11-16T08:53:13+00:00","description":"Baili hot sale womens butterfly safety razors, butterfly opening design, easy to change blades.Twist the bottom to open the head.Fast and easy.","breadcrumb":{"@id":"https:\/\/www.bailishaver.com\/product\/179-rose-gold-womens-butterfly-safety-razors\/#breadcrumb"},"inLanguage":"fr-FR","potentialAction":[{"@type":"ReadAction","target":["https:\/\/www.bailishaver.com\/product\/179-rose-gold-womens-butterfly-safety-razors\/"]}]},{"@type":"BreadcrumbList","@id":"https:\/\/www.bailishaver.com\/product\/179-rose-gold-womens-butterfly-safety-razors\/#breadcrumb","itemListElement":[{"@type":"ListItem","position":1,"name":"HOME","item":"https:\/\/www.bailishaver.com\/"},{"@type":"ListItem","position":2,"name":"Product","item":"https:\/\/www.bailishaver.com\/product\/"},{"@type":"ListItem","position":3,"name":"179 Rose Gold Womens Butterfly Safety Razors"}]},{"@type":"WebSite","@id":"https:\/\/www.bailishaver.com\/#website","url":"https:\/\/www.bailishaver.com\/","name":"Guangzhou Weidi Technology Co.,Ltd","description":"system razors, lady razors, shaving kits, blade and refill, disposable razor, shaving , accessories, etc.","potentialAction":[{"@type":"SearchAction","target":{"@type":"EntryPoint","urlTemplate":"https:\/\/www.bailishaver.com\/?s={search_term_string}"},"query-input":"required name=search_term_string"}],"inLanguage":"fr-FR"}]}},"_links":{"self":[{"href":"https:\/\/www.bailishaver.com\/fr\/wp-json\/wp\/v2\/product\/228153"}],"collection":[{"href":"https:\/\/www.bailishaver.com\/fr\/wp-json\/wp\/v2\/product"}],"about":[{"href":"https:\/\/www.bailishaver.com\/fr\/wp-json\/wp\/v2\/types\/product"}],"replies":[{"embeddable":true,"href":"https:\/\/www.bailishaver.com\/fr\/wp-json\/wp\/v2\/comments?post=228153"}],"version-history":[{"count":0,"href":"https:\/\/www.bailishaver.com\/fr\/wp-json\/wp\/v2\/product\/228153\/revisions"}],"wp:featuredmedia":[{"embeddable":true,"href":"https:\/\/www.bailishaver.com\/fr\/wp-json\/wp\/v2\/media\/229665"}],"wp:attachment":[{"href":"https:\/\/www.bailishaver.com\/fr\/wp-json\/wp\/v2\/media?parent=228153"}],"wp:term":[{"taxonomy":"product_cat","embeddable":true,"href":"https:\/\/www.bailishaver.com\/fr\/wp-json\/wp\/v2\/product_cat?post=228153"},{"taxonomy":"product_tag","embeddable":true,"href":"https:\/\/www.bailishaver.com\/fr\/wp-json\/wp\/v2\/product_tag?post=228153"}],"curies":[{"name":"wp","href":"https:\/\/api.w.org\/{rel}","templated":true}]}}