{"id":768,"date":"2023-08-24T07:28:29","date_gmt":"2023-08-24T07:28:29","guid":{"rendered":"https:\/\/bailishaver.com\/?page_id=768"},"modified":"2024-09-26T16:59:28","modified_gmt":"2024-09-26T08:59:28","slug":"company-profile","status":"publish","type":"page","link":"https:\/\/www.bailishaver.com\/fr\/company-profile\/","title":{"rendered":"Profil de l&#039;entreprise"},"content":{"rendered":"<div data-elementor-type=\"wp-page\" data-elementor-id=\"768\" class=\"elementor elementor-768\" data-elementor-post-type=\"page\">\n\t\t\t\t\t\t\t\t\t<section class=\"wd-negative-gap elementor-section elementor-top-section elementor-element elementor-element-88bab58 elementor-section-height-min-height elementor-section-items-top wd-section-stretch-content elementor-section-boxed elementor-section-height-default\" data-id=\"88bab58\" data-element_type=\"section\" data-settings=\"{&quot;background_background&quot;:&quot;classic&quot;}\">\n\t\t\t\t\t\t\t<div class=\"elementor-background-overlay\"><\/div>\n\t\t\t\t\t\t\t<div class=\"elementor-container elementor-column-gap-no\">\n\t\t\t\t\t<div class=\"elementor-column elementor-col-100 elementor-top-column elementor-element elementor-element-3f54759\" data-id=\"3f54759\" data-element_type=\"column\">\n\t\t\t<div class=\"elementor-widget-wrap elementor-element-populated\">\n\t\t\t\t\t\t\t\t<div class=\"elementor-element elementor-element-4edbc82 elementor-hidden-tablet elementor-hidden-mobile elementor-widget elementor-widget-wd_text_block\" data-id=\"4edbc82\" data-element_type=\"widget\" data-widget_type=\"wd_text_block.default\">\n\t\t\t\t<div class=\"elementor-widget-container\">\n\t\t\t\t\t<div class=\"wd-text-block reset-last-child text-left\">\n\t\t\t\n\t\t\tBaili China, un important fabricant de rasoirs manuels, n&#039;est pas <br> seulement vendre un rasoir, mais aussi cultiver un <br> attitude envers la vie.\n\t\t\t\t\t<\/div>\n\t\t\t\t<\/div>\n\t\t\t\t<\/div>\n\t\t\t\t<div class=\"elementor-element elementor-element-e0e08b4 elementor-hidden-desktop elementor-widget elementor-widget-wd_text_block\" data-id=\"e0e08b4\" data-element_type=\"widget\" data-widget_type=\"wd_text_block.default\">\n\t\t\t\t<div class=\"elementor-widget-container\">\n\t\t\t\t\t<div class=\"wd-text-block reset-last-child text-left\">\n\t\t\t\n\t\t\tBaili China, un important fabricant de rasoirs manuels, ne vend pas seulement un rasoir, mais cultive \u00e9galement une attitude envers la vie.\n\t\t\t\t\t<\/div>\n\t\t\t\t<\/div>\n\t\t\t\t<\/div>\n\t\t\t\t\t<\/div>\n\t\t<\/div>\n\t\t\t\t\t\t\t<\/div>\n\t\t<\/section>\n\t\t\t\t<section class=\"wd-negative-gap elementor-section elementor-top-section elementor-element elementor-element-947e24b elementor-section-boxed elementor-section-height-default elementor-section-height-default wd-section-disabled\" data-id=\"947e24b\" data-element_type=\"section\">\n\t\t\t\t\t\t<div class=\"elementor-container elementor-column-gap-default\">\n\t\t\t\t\t<div class=\"elementor-column elementor-col-100 elementor-top-column elementor-element elementor-element-f1ee68f\" data-id=\"f1ee68f\" data-element_type=\"column\">\n\t\t\t<div class=\"elementor-widget-wrap elementor-element-populated\">\n\t\t\t\t\t\t\t\t<div class=\"elementor-element elementor-element-c49789a elementor-widget elementor-widget-wd_text_block\" data-id=\"c49789a\" data-element_type=\"widget\" data-widget_type=\"wd_text_block.default\">\n\t\t\t\t<div class=\"elementor-widget-container\">\n\t\t\t\t\t<div class=\"wd-text-block reset-last-child text-left color-title\">\n\t\t\t\n\t\t\t<a href=\"https:\/\/www.bailishaver.com\/\">Maison<\/a>&gt;\u00c0 propos&gt;<span style=\"color: #002977\">Profil de l&#039;entreprise<\/span>\n\t\t\t\t\t<\/div>\n\t\t\t\t<\/div>\n\t\t\t\t<\/div>\n\t\t\t\t\t<\/div>\n\t\t<\/div>\n\t\t\t\t\t\t\t<\/div>\n\t\t<\/section>\n\t\t\t\t<section class=\"wd-negative-gap elementor-section elementor-top-section elementor-element elementor-element-c727aea elementor-section-content-middle wd-section-stretch-content aboutfull elementor-section-boxed elementor-section-height-default elementor-section-height-default\" data-id=\"c727aea\" data-element_type=\"section\">\n\t\t\t\t\t\t<div class=\"elementor-container elementor-column-gap-no\">\n\t\t\t\t\t<div class=\"elementor-column elementor-col-50 elementor-top-column elementor-element elementor-element-9a28418\" data-id=\"9a28418\" data-element_type=\"column\">\n\t\t\t<div class=\"elementor-widget-wrap elementor-element-populated\">\n\t\t\t\t\t\t\t\t<div class=\"elementor-element elementor-element-310a728 elementor-widget elementor-widget-wd_text_block\" data-id=\"310a728\" data-element_type=\"widget\" data-widget_type=\"wd_text_block.default\">\n\t\t\t\t<div class=\"elementor-widget-container\">\n\t\t\t\t\t<div class=\"wd-text-block reset-last-child text-center color-title\">\n\t\t\t\n\t\t\t<p>\u00c0 propos de nous<\/p>\n\t\t\t\t\t<\/div>\n\t\t\t\t<\/div>\n\t\t\t\t<\/div>\n\t\t\t\t<div class=\"elementor-element elementor-element-f2bf1a6 aboutText elementor-widget elementor-widget-wd_text_block\" data-id=\"f2bf1a6\" data-element_type=\"widget\" data-widget_type=\"wd_text_block.default\">\n\t\t\t\t<div class=\"elementor-widget-container\">\n\t\t\t\t\t<div class=\"wd-text-block reset-last-child text-left\">\n\t\t\t\n\t\t\tCr\u00e9\u00e9e en 2002, Baili s&#039;engage \u00e0 fournir des solutions de soins plus raffin\u00e9es \u00e0 1,8 milliard d&#039;hommes d&#039;\u00e9lite urbains dans le monde en profitant du rasage.\n\t\t\t\t\t<\/div>\n\t\t\t\t<\/div>\n\t\t\t\t<\/div>\n\t\t\t\t\t<\/div>\n\t\t<\/div>\n\t\t\t\t<div class=\"elementor-column elementor-col-50 elementor-top-column elementor-element elementor-element-5ea7406\" data-id=\"5ea7406\" data-element_type=\"column\">\n\t\t\t<div class=\"elementor-widget-wrap elementor-element-populated\">\n\t\t\t\t\t\t\t\t<div class=\"elementor-element elementor-element-95d197f elementor-widget elementor-widget-wd_image_or_svg\" data-id=\"95d197f\" data-element_type=\"widget\" data-widget_type=\"wd_image_or_svg.default\">\n\t\t\t\t<div class=\"elementor-widget-container\">\n\t\t\t\n\t\t<div class=\"wd-image text-left\">\n\t\t\t\t\t\t\t\t<img fetchpriority=\"high\" decoding=\"async\" width=\"946\" height=\"549\" src=\"https:\/\/www.bailishaver.com\/wp-content\/uploads\/2023\/08\/1804.webp\" class=\"attachment-full size-full wp-image-807\" alt=\"\" srcset=\"https:\/\/www.bailishaver.com\/wp-content\/uploads\/2023\/08\/1804.webp 946w, https:\/\/www.bailishaver.com\/wp-content\/uploads\/2023\/08\/1804-150x87.webp 150w, https:\/\/www.bailishaver.com\/wp-content\/uploads\/2023\/08\/1804-300x174.webp 300w, https:\/\/www.bailishaver.com\/wp-content\/uploads\/2023\/08\/1804-768x446.webp 768w, https:\/\/www.bailishaver.com\/wp-content\/uploads\/2023\/08\/1804-600x348.webp 600w\" sizes=\"(max-width: 946px) 100vw, 946px\" \/>\t\t\t\t\t<\/div>\n\n\t\t\t\t<\/div>\n\t\t\t\t<\/div>\n\t\t\t\t\t<\/div>\n\t\t<\/div>\n\t\t\t\t\t\t\t<\/div>\n\t\t<\/section>\n\t\t\t\t<section class=\"wd-negative-gap elementor-section elementor-top-section elementor-element elementor-element-0149c99 elementor-section-content-middle wd-section-stretch-content aboutfull elementor-section-boxed elementor-section-height-default elementor-section-height-default\" data-id=\"0149c99\" data-element_type=\"section\">\n\t\t\t\t\t\t<div class=\"elementor-container elementor-column-gap-no\">\n\t\t\t\t\t<div class=\"elementor-column elementor-col-33 elementor-top-column elementor-element elementor-element-d1ab679\" data-id=\"d1ab679\" data-element_type=\"column\" data-settings=\"{&quot;background_background&quot;:&quot;classic&quot;}\">\n\t\t\t<div class=\"elementor-widget-wrap elementor-element-populated\">\n\t\t\t\t\t\t\t\t<div class=\"elementor-element elementor-element-db0e4ec elementor-widget elementor-widget-wd_text_block\" data-id=\"db0e4ec\" data-element_type=\"widget\" data-widget_type=\"wd_text_block.default\">\n\t\t\t\t<div class=\"elementor-widget-container\">\n\t\t\t\t\t<div class=\"wd-text-block reset-last-child text-left\">\n\t\t\t\n\t\t\t<p>Force de l&#039;entreprise<\/p>\n\t\t\t\t\t<\/div>\n\t\t\t\t<\/div>\n\t\t\t\t<\/div>\n\t\t\t\t<div class=\"elementor-element elementor-element-dfb1fac elementor-widget elementor-widget-wd_text_block\" data-id=\"dfb1fac\" data-element_type=\"widget\" data-widget_type=\"wd_text_block.default\">\n\t\t\t\t<div class=\"elementor-widget-container\">\n\t\t\t\t\t<div class=\"wd-text-block reset-last-child text-left\">\n\t\t\t\n\t\t\t<p>20+ exp\u00e9rience de fabricant<br \/>Plus de 100 partenaires coop\u00e9r\u00e9s dans le monde<br \/>Plus de 100 brevets d&#039;innovation ind\u00e9pendants<br \/>Nouveau trimestriel<br \/>\u00c9quipe professionnelle de R&amp;D<br \/>100% V\u00e9rifier le processus de production<br \/>Inspection manuelle du produit fini<br \/>Surface d&#039;usine de 6000 m\u00b2<\/p>\n\t\t\t\t\t<\/div>\n\t\t\t\t<\/div>\n\t\t\t\t<\/div>\n\t\t\t\t\t<\/div>\n\t\t<\/div>\n\t\t\t\t<div class=\"elementor-column elementor-col-66 elementor-top-column elementor-element elementor-element-46b15a4\" data-id=\"46b15a4\" data-element_type=\"column\">\n\t\t\t<div class=\"elementor-widget-wrap elementor-element-populated\">\n\t\t\t\t\t\t\t\t<div class=\"elementor-element elementor-element-0cc3e49 elementor-widget__width-initial elementor-widget elementor-widget-wd_image_or_svg\" data-id=\"0cc3e49\" data-element_type=\"widget\" data-widget_type=\"wd_image_or_svg.default\">\n\t\t\t\t<div class=\"elementor-widget-container\">\n\t\t\t\n\t\t<div class=\"wd-image text-left\">\n\t\t\t\t\t\t\t\t<img decoding=\"async\" width=\"1179\" height=\"778\" src=\"https:\/\/www.bailishaver.com\/wp-content\/uploads\/2023\/08\/COMPANY_STRENGTH1.webp\" class=\"attachment-full size-full wp-image-891\" alt=\"\" srcset=\"https:\/\/www.bailishaver.com\/wp-content\/uploads\/2023\/08\/COMPANY_STRENGTH1.webp 1179w, https:\/\/www.bailishaver.com\/wp-content\/uploads\/2023\/08\/COMPANY_STRENGTH1-150x99.webp 150w, https:\/\/www.bailishaver.com\/wp-content\/uploads\/2023\/08\/COMPANY_STRENGTH1-300x198.webp 300w, https:\/\/www.bailishaver.com\/wp-content\/uploads\/2023\/08\/COMPANY_STRENGTH1-1024x676.webp 1024w, https:\/\/www.bailishaver.com\/wp-content\/uploads\/2023\/08\/COMPANY_STRENGTH1-768x507.webp 768w, https:\/\/www.bailishaver.com\/wp-content\/uploads\/2023\/08\/COMPANY_STRENGTH1-600x396.webp 600w\" sizes=\"(max-width: 1179px) 100vw, 1179px\" \/>\t\t\t\t\t<\/div>\n\n\t\t\t\t<\/div>\n\t\t\t\t<\/div>\n\t\t\t\t\t<\/div>\n\t\t<\/div>\n\t\t\t\t\t\t\t<\/div>\n\t\t<\/section>\n\t\t\t\t<section class=\"wd-negative-gap elementor-section elementor-top-section elementor-element elementor-element-fb54e93 elementor-section-content-middle wd-section-stretch-content aboutfull elementor-section-boxed elementor-section-height-default elementor-section-height-default\" data-id=\"fb54e93\" data-element_type=\"section\">\n\t\t\t\t\t\t<div class=\"elementor-container elementor-column-gap-no\">\n\t\t\t\t\t<div class=\"elementor-column elementor-col-50 elementor-top-column elementor-element elementor-element-21bc625\" data-id=\"21bc625\" data-element_type=\"column\">\n\t\t\t<div class=\"elementor-widget-wrap elementor-element-populated\">\n\t\t\t\t\t\t\t\t<div class=\"elementor-element elementor-element-3a464db elementor-hidden-desktop elementor-hidden-tablet elementor-widget elementor-widget-wd_text_block\" data-id=\"3a464db\" data-element_type=\"widget\" data-widget_type=\"wd_text_block.default\">\n\t\t\t\t<div class=\"elementor-widget-container\">\n\t\t\t\t\t<div class=\"wd-text-block reset-last-child text-center color-title\">\n\t\t\t\n\t\t\t<p>Principaux produits<span style=\"font-size: 34px;color: var(--wd-title-color);background-color: var(--wd-main-bgcolor)\"><\/span><\/p>\n\t\t\t\t\t<\/div>\n\t\t\t\t<\/div>\n\t\t\t\t<\/div>\n\t\t\t\t<div class=\"elementor-element elementor-element-64efc75 aboutText elementor-hidden-desktop elementor-hidden-tablet elementor-widget elementor-widget-wd_text_block\" data-id=\"64efc75\" data-element_type=\"widget\" data-widget_type=\"wd_text_block.default\">\n\t\t\t\t<div class=\"elementor-widget-container\">\n\t\t\t\t\t<div class=\"wd-text-block reset-last-child text-left\">\n\t\t\t\n\t\t\t<p>Guangzhou Weidi Technology Co., Ltd. est un fabricant professionnel engag\u00e9 dans la recherche, le d\u00e9veloppement, la production, la vente et le service de rasoirs de s\u00e9curit\u00e9,<a href=\"https:\/\/www.bailishaver.com\/product-category\/system-razor\/\"> rasoirs syst\u00e8me,<\/a> <a href=\"https:\/\/www.bailishaver.com\/product-category\/lady-razor\/\">les rasoirs pour dames,<\/a> <a href=\"https:\/\/www.bailishaver.com\/product-category\/shaving-kits\/\">kits de rasage,<\/a> <a href=\"https:\/\/www.bailishaver.com\/product-category\/blade-and-refill\/\">lame et recharge,<\/a> <a href=\"https:\/\/www.bailishaver.com\/product-category\/disposable-razor\/\">rasoir jetable,<\/a> <a href=\"https:\/\/www.bailishaver.com\/product-category\/shaving-kits\/\">rasage <\/a> , <a href=\"https:\/\/www.bailishaver.com\/product-category\/accessories\/\">accessoires,<\/a> etc.<\/p>\n\t\t\t\t\t<\/div>\n\t\t\t\t<\/div>\n\t\t\t\t<\/div>\n\t\t\t\t<div class=\"elementor-element elementor-element-4e06aab elementor-widget elementor-widget-wd_image_or_svg\" data-id=\"4e06aab\" data-element_type=\"widget\" data-widget_type=\"wd_image_or_svg.default\">\n\t\t\t\t<div class=\"elementor-widget-container\">\n\t\t\t\n\t\t<div class=\"wd-image text-left\">\n\t\t\t\t\t\t\t\t<img decoding=\"async\" width=\"960\" height=\"550\" src=\"https:\/\/www.bailishaver.com\/wp-content\/uploads\/2023\/08\/MAIN_PRODUCTS.png\" class=\"attachment-full size-full wp-image-919\" alt=\"\" srcset=\"https:\/\/www.bailishaver.com\/wp-content\/uploads\/2023\/08\/MAIN_PRODUCTS.png 960w, https:\/\/www.bailishaver.com\/wp-content\/uploads\/2023\/08\/MAIN_PRODUCTS-150x86.png 150w, https:\/\/www.bailishaver.com\/wp-content\/uploads\/2023\/08\/MAIN_PRODUCTS-300x172.png 300w, https:\/\/www.bailishaver.com\/wp-content\/uploads\/2023\/08\/MAIN_PRODUCTS-768x440.png 768w, https:\/\/www.bailishaver.com\/wp-content\/uploads\/2023\/08\/MAIN_PRODUCTS-600x344.png 600w\" sizes=\"(max-width: 960px) 100vw, 960px\" \/>\t\t\t\t\t<\/div>\n\n\t\t\t\t<\/div>\n\t\t\t\t<\/div>\n\t\t\t\t\t<\/div>\n\t\t<\/div>\n\t\t\t\t<div class=\"elementor-column elementor-col-50 elementor-top-column elementor-element elementor-element-3c580ca\" data-id=\"3c580ca\" data-element_type=\"column\">\n\t\t\t<div class=\"elementor-widget-wrap elementor-element-populated\">\n\t\t\t\t\t\t\t\t<div class=\"elementor-element elementor-element-3bb33ff elementor-hidden-mobile elementor-widget elementor-widget-wd_text_block\" data-id=\"3bb33ff\" data-element_type=\"widget\" data-widget_type=\"wd_text_block.default\">\n\t\t\t\t<div class=\"elementor-widget-container\">\n\t\t\t\t\t<div class=\"wd-text-block reset-last-child text-center color-title\">\n\t\t\t\n\t\t\t<p>Principaux produits<span style=\"font-size: 34px;color: var(--wd-title-color);background-color: var(--wd-main-bgcolor)\"><\/span><\/p>\n\t\t\t\t\t<\/div>\n\t\t\t\t<\/div>\n\t\t\t\t<\/div>\n\t\t\t\t<div class=\"elementor-element elementor-element-357d706 aboutText elementor-hidden-mobile elementor-widget elementor-widget-wd_text_block\" data-id=\"357d706\" data-element_type=\"widget\" data-widget_type=\"wd_text_block.default\">\n\t\t\t\t<div class=\"elementor-widget-container\">\n\t\t\t\t\t<div class=\"wd-text-block reset-last-child text-left\">\n\t\t\t\n\t\t\t<p>Guangzhou Weidi Technology Co., Ltd. est un fabricant professionnel engag\u00e9 dans la recherche, le d\u00e9veloppement, la production, la vente et le service de rasoirs de s\u00e9curit\u00e9,<a href=\"https:\/\/www.bailishaver.com\/product-category\/system-razor\/\"> rasoirs syst\u00e8me,<\/a> <a href=\"https:\/\/www.bailishaver.com\/product-category\/lady-razor\/\">les rasoirs pour dames,<\/a> <a href=\"https:\/\/www.bailishaver.com\/product-category\/shaving-kits\/\">kits de rasage,<\/a> <a href=\"https:\/\/www.bailishaver.com\/product-category\/blade-and-refill\/\">lame et recharge,<\/a> <a href=\"https:\/\/www.bailishaver.com\/product-category\/disposable-razor\/\">rasoir jetable,<\/a> <a href=\"https:\/\/www.bailishaver.com\/product-category\/shaving-kits\/\">rasage <\/a> , <a href=\"https:\/\/www.bailishaver.com\/product-category\/accessories\/\">accessoires,<\/a> etc.<\/p>\n\t\t\t\t\t<\/div>\n\t\t\t\t<\/div>\n\t\t\t\t<\/div>\n\t\t\t\t\t<\/div>\n\t\t<\/div>\n\t\t\t\t\t\t\t<\/div>\n\t\t<\/section>\n\t\t\t\t<section class=\"wd-negative-gap elementor-section elementor-top-section elementor-element elementor-element-49430da elementor-section-content-middle wd-section-stretch-content aboutfull elementor-section-boxed elementor-section-height-default elementor-section-height-default\" data-id=\"49430da\" data-element_type=\"section\">\n\t\t\t\t\t\t<div class=\"elementor-container elementor-column-gap-no\">\n\t\t\t\t\t<div class=\"elementor-column elementor-col-33 elementor-top-column elementor-element elementor-element-8b79861\" data-id=\"8b79861\" data-element_type=\"column\" data-settings=\"{&quot;background_background&quot;:&quot;classic&quot;}\">\n\t\t\t<div class=\"elementor-widget-wrap elementor-element-populated\">\n\t\t\t\t\t\t\t\t<div class=\"elementor-element elementor-element-99fc00b elementor-widget elementor-widget-wd_text_block\" data-id=\"99fc00b\" data-element_type=\"widget\" data-widget_type=\"wd_text_block.default\">\n\t\t\t\t<div class=\"elementor-widget-container\">\n\t\t\t\t\t<div class=\"wd-text-block reset-last-child text-left\">\n\t\t\t\n\t\t\tPrestations de service\n\t\t\t\t\t<\/div>\n\t\t\t\t<\/div>\n\t\t\t\t<\/div>\n\t\t\t\t<div class=\"elementor-element elementor-element-28c19e7 textUnderline elementor-widget elementor-widget-wd_text_block\" data-id=\"28c19e7\" data-element_type=\"widget\" data-widget_type=\"wd_text_block.default\">\n\t\t\t\t<div class=\"elementor-widget-container\">\n\t\t\t\t\t<div class=\"wd-text-block reset-last-child text-left\">\n\t\t\t\n\t\t\t<p>Service mondial export\u00e9 dans plus de 100 pays Cha\u00eene d&#039;approvisionnement mondiale pr\u00eate \u00e0 \u00eatre exp\u00e9di\u00e9e Fournisseur de rasoirs professionnels<br \/><a href=\"https:\/\/www.bailishaver.com\/mode-journey\/\">ODM et OEM<\/a><br \/><a href=\"https:\/\/www.bailishaver.com\/become-bailis-partner\/\">Agent de distribution et exclusif<\/a><br \/><a href=\"https:\/\/www.bailishaver.com\/contact-us\/\">Service apr\u00e8s-vente<\/a><\/p>\n\t\t\t\t\t<\/div>\n\t\t\t\t<\/div>\n\t\t\t\t<\/div>\n\t\t\t\t\t<\/div>\n\t\t<\/div>\n\t\t\t\t<div class=\"elementor-column elementor-col-66 elementor-top-column elementor-element elementor-element-40859be\" data-id=\"40859be\" data-element_type=\"column\" data-settings=\"{&quot;background_background&quot;:&quot;classic&quot;}\">\n\t\t\t<div class=\"elementor-widget-wrap elementor-element-populated\">\n\t\t\t\t\t\t\t\t<div class=\"elementor-element elementor-element-bba367a elementor-widget__width-initial elementor-widget elementor-widget-wd_image_or_svg\" data-id=\"bba367a\" data-element_type=\"widget\" data-widget_type=\"wd_image_or_svg.default\">\n\t\t\t\t<div class=\"elementor-widget-container\">\n\t\t\t\n\t\t<div class=\"wd-image text-left\">\n\t\t\t\t\t\t\t\t<img loading=\"lazy\" decoding=\"async\" width=\"1180\" height=\"787\" src=\"https:\/\/www.bailishaver.com\/wp-content\/uploads\/2023\/08\/1426.png\" class=\"attachment-full size-full wp-image-941\" alt=\"\" srcset=\"https:\/\/www.bailishaver.com\/wp-content\/uploads\/2023\/08\/1426.png 1180w, https:\/\/www.bailishaver.com\/wp-content\/uploads\/2023\/08\/1426-150x100.png 150w, https:\/\/www.bailishaver.com\/wp-content\/uploads\/2023\/08\/1426-300x200.png 300w, https:\/\/www.bailishaver.com\/wp-content\/uploads\/2023\/08\/1426-1024x683.png 1024w, https:\/\/www.bailishaver.com\/wp-content\/uploads\/2023\/08\/1426-768x512.png 768w, https:\/\/www.bailishaver.com\/wp-content\/uploads\/2023\/08\/1426-600x400.png 600w\" sizes=\"(max-width: 1180px) 100vw, 1180px\" \/>\t\t\t\t\t<\/div>\n\n\t\t\t\t<\/div>\n\t\t\t\t<\/div>\n\t\t\t\t\t<\/div>\n\t\t<\/div>\n\t\t\t\t\t\t\t<\/div>\n\t\t<\/section>\n\t\t\t\t\t\t\t<\/div>","protected":false},"excerpt":{"rendered":"<p>Baili China, a senior manufacturer of manual razors, is not only selling a razor, but also cultivating an attitude towards<\/p>","protected":false},"author":1,"featured_media":0,"parent":0,"menu_order":0,"comment_status":"closed","ping_status":"closed","template":"","meta":{"footnotes":""},"yoast_head":"<!-- This site is optimized with the Yoast SEO plugin v21.4 - https:\/\/yoast.com\/wordpress\/plugins\/seo\/ -->\n<title>company profile - Guangzhou Weidi Technology Co.,Ltd<\/title>\n<meta name=\"robots\" content=\"index, follow, max-snippet:-1, max-image-preview:large, max-video-preview:-1\" \/>\n<link rel=\"canonical\" href=\"https:\/\/www.bailishaver.com\/fr\/company-profile\/\" \/>\n<meta property=\"og:locale\" content=\"fr_FR\" \/>\n<meta property=\"og:type\" content=\"article\" \/>\n<meta property=\"og:title\" content=\"company profile - Guangzhou Weidi Technology Co.,Ltd\" \/>\n<meta property=\"og:description\" content=\"Baili China, a senior manufacturer of manual razors, is not only selling a razor, but also cultivating an attitude towards\" \/>\n<meta property=\"og:url\" content=\"https:\/\/www.bailishaver.com\/fr\/company-profile\/\" \/>\n<meta property=\"og:site_name\" content=\"Guangzhou Weidi Technology Co.,Ltd\" \/>\n<meta property=\"article:modified_time\" content=\"2024-09-26T08:59:28+00:00\" \/>\n<meta property=\"og:image\" content=\"https:\/\/bailishaver.com\/wp-content\/uploads\/2023\/08\/1804.webp\" \/>\n<meta name=\"twitter:card\" content=\"summary_large_image\" \/>\n<meta name=\"twitter:label1\" content=\"Dur\u00e9e de lecture estim\u00e9e\" \/>\n\t<meta name=\"twitter:data1\" content=\"2 minutes\" \/>\n<script type=\"application\/ld+json\" class=\"yoast-schema-graph\">{\"@context\":\"https:\/\/schema.org\",\"@graph\":[{\"@type\":\"WebPage\",\"@id\":\"https:\/\/www.bailishaver.com\/company-profile\/\",\"url\":\"https:\/\/www.bailishaver.com\/company-profile\/\",\"name\":\"company profile - Guangzhou Weidi Technology Co.,Ltd\",\"isPartOf\":{\"@id\":\"https:\/\/www.bailishaver.com\/#website\"},\"datePublished\":\"2023-08-24T07:28:29+00:00\",\"dateModified\":\"2024-09-26T08:59:28+00:00\",\"breadcrumb\":{\"@id\":\"https:\/\/www.bailishaver.com\/company-profile\/#breadcrumb\"},\"inLanguage\":\"fr-FR\",\"potentialAction\":[{\"@type\":\"ReadAction\",\"target\":[\"https:\/\/www.bailishaver.com\/company-profile\/\"]}]},{\"@type\":\"BreadcrumbList\",\"@id\":\"https:\/\/www.bailishaver.com\/company-profile\/#breadcrumb\",\"itemListElement\":[{\"@type\":\"ListItem\",\"position\":1,\"name\":\"HOME\",\"item\":\"https:\/\/www.bailishaver.com\/\"},{\"@type\":\"ListItem\",\"position\":2,\"name\":\"company profile\"}]},{\"@type\":\"WebSite\",\"@id\":\"https:\/\/www.bailishaver.com\/#website\",\"url\":\"https:\/\/www.bailishaver.com\/\",\"name\":\"Guangzhou Weidi Technology Co.,Ltd\",\"description\":\"system razors, lady razors, shaving kits, blade and refill, disposable razor, shaving , accessories, etc.\",\"potentialAction\":[{\"@type\":\"SearchAction\",\"target\":{\"@type\":\"EntryPoint\",\"urlTemplate\":\"https:\/\/www.bailishaver.com\/?s={search_term_string}\"},\"query-input\":\"required name=search_term_string\"}],\"inLanguage\":\"fr-FR\"}]}<\/script>\n<!-- \/ Yoast SEO plugin. -->","yoast_head_json":{"title":"company profile - Guangzhou Weidi Technology Co.,Ltd","robots":{"index":"index","follow":"follow","max-snippet":"max-snippet:-1","max-image-preview":"max-image-preview:large","max-video-preview":"max-video-preview:-1"},"canonical":"https:\/\/www.bailishaver.com\/fr\/company-profile\/","og_locale":"fr_FR","og_type":"article","og_title":"company profile - Guangzhou Weidi Technology Co.,Ltd","og_description":"Baili China, a senior manufacturer of manual razors, is not only selling a razor, but also cultivating an attitude towards","og_url":"https:\/\/www.bailishaver.com\/fr\/company-profile\/","og_site_name":"Guangzhou Weidi Technology Co.,Ltd","article_modified_time":"2024-09-26T08:59:28+00:00","og_image":[{"url":"https:\/\/bailishaver.com\/wp-content\/uploads\/2023\/08\/1804.webp"}],"twitter_card":"summary_large_image","twitter_misc":{"Dur\u00e9e de lecture estim\u00e9e":"2 minutes"},"schema":{"@context":"https:\/\/schema.org","@graph":[{"@type":"WebPage","@id":"https:\/\/www.bailishaver.com\/company-profile\/","url":"https:\/\/www.bailishaver.com\/company-profile\/","name":"company profile - Guangzhou Weidi Technology Co.,Ltd","isPartOf":{"@id":"https:\/\/www.bailishaver.com\/#website"},"datePublished":"2023-08-24T07:28:29+00:00","dateModified":"2024-09-26T08:59:28+00:00","breadcrumb":{"@id":"https:\/\/www.bailishaver.com\/company-profile\/#breadcrumb"},"inLanguage":"fr-FR","potentialAction":[{"@type":"ReadAction","target":["https:\/\/www.bailishaver.com\/company-profile\/"]}]},{"@type":"BreadcrumbList","@id":"https:\/\/www.bailishaver.com\/company-profile\/#breadcrumb","itemListElement":[{"@type":"ListItem","position":1,"name":"HOME","item":"https:\/\/www.bailishaver.com\/"},{"@type":"ListItem","position":2,"name":"company profile"}]},{"@type":"WebSite","@id":"https:\/\/www.bailishaver.com\/#website","url":"https:\/\/www.bailishaver.com\/","name":"Guangzhou Weidi Technology Co.,Ltd","description":"system razors, lady razors, shaving kits, blade and refill, disposable razor, shaving , accessories, etc.","potentialAction":[{"@type":"SearchAction","target":{"@type":"EntryPoint","urlTemplate":"https:\/\/www.bailishaver.com\/?s={search_term_string}"},"query-input":"required name=search_term_string"}],"inLanguage":"fr-FR"}]}},"_links":{"self":[{"href":"https:\/\/www.bailishaver.com\/fr\/wp-json\/wp\/v2\/pages\/768"}],"collection":[{"href":"https:\/\/www.bailishaver.com\/fr\/wp-json\/wp\/v2\/pages"}],"about":[{"href":"https:\/\/www.bailishaver.com\/fr\/wp-json\/wp\/v2\/types\/page"}],"author":[{"embeddable":true,"href":"https:\/\/www.bailishaver.com\/fr\/wp-json\/wp\/v2\/users\/1"}],"replies":[{"embeddable":true,"href":"https:\/\/www.bailishaver.com\/fr\/wp-json\/wp\/v2\/comments?post=768"}],"version-history":[{"count":12,"href":"https:\/\/www.bailishaver.com\/fr\/wp-json\/wp\/v2\/pages\/768\/revisions"}],"predecessor-version":[{"id":233509,"href":"https:\/\/www.bailishaver.com\/fr\/wp-json\/wp\/v2\/pages\/768\/revisions\/233509"}],"wp:attachment":[{"href":"https:\/\/www.bailishaver.com\/fr\/wp-json\/wp\/v2\/media?parent=768"}],"curies":[{"name":"wp","href":"https:\/\/api.w.org\/{rel}","templated":true}]}}