{"id":230052,"date":"2023-11-28T14:54:40","date_gmt":"2023-11-28T06:54:40","guid":{"rendered":"https:\/\/bailishaver.com\/?post_type=product&#038;p=230052"},"modified":"2023-11-28T15:36:34","modified_gmt":"2023-11-28T07:36:34","slug":"diamond-handle-plastic-free-razors-safety-razor-with-stand","status":"publish","type":"product","link":"https:\/\/www.bailishaver.com\/es\/producto\/diamond-handle-plastic-free-razors-safety-razor-with-stand\/","title":{"rendered":"Maquinilla de afeitar de seguridad sin pl\u00e1stico con mango de diamante y soporte"},"content":{"rendered":"<div data-elementor-type=\"product-post\" data-elementor-id=\"230052\" class=\"elementor elementor-230052\" data-elementor-post-type=\"product\">\n\t\t\t\t\t\t\t\t\t<section class=\"wd-negative-gap elementor-section elementor-top-section elementor-element elementor-element-7a643e2a elementor-section-content-middle elementor-section-boxed elementor-section-height-default elementor-section-height-default wd-section-disabled\" data-id=\"7a643e2a\" data-element_type=\"section\">\n\t\t\t\t\t\t<div class=\"elementor-container elementor-column-gap-default\">\n\t\t\t\t\t<div class=\"elementor-column elementor-col-50 elementor-top-column elementor-element elementor-element-7453c88a\" data-id=\"7453c88a\" data-element_type=\"column\">\n\t\t\t<div class=\"elementor-widget-wrap elementor-element-populated\">\n\t\t\t\t\t\t\t\t<div class=\"elementor-element elementor-element-7b9c3631 elementor-widget elementor-widget-wd_text_block\" data-id=\"7b9c3631\" data-element_type=\"widget\" data-widget_type=\"wd_text_block.default\">\n\t\t\t\t<div class=\"elementor-widget-container\">\n\t\t\t\t\t<div class=\"wd-text-block reset-last-child text-left color-title\">\n\t\t\t\n\t\t\t<h5>Maquinilla de afeitar de seguridad sin pl\u00e1stico:<\/h5><p>Modelo: DB-B3G<\/p><p>Cabezal de afeitar: cabezal de afeitar de doble filo<\/p><p>Tama\u00f1o de la maquinilla de afeitar: 43,5 \u00d7 25 \u00d7 109,7 mm<\/p><p>Peso de la maquinilla de afeitar: 92,6 g.<\/p><p>Material: aleaci\u00f3n de zinc + acero inoxidable.<\/p><p>Caracter\u00edsticas: Lavable; Reutilizable; Impermeable; A prueba de herrumbre<\/p><h5>Soporte para maquinilla de afeitar sin pl\u00e1stico:<\/h5><p>Modelo: PJ-AC1-05<\/p><p>Tama\u00f1o del soporte para maquinilla de afeitar: \u03a630\u00d730,8 mm<\/p><p>Peso del soporte para maquinilla de afeitar: 46,5 g.<\/p><p>Material: aleaci\u00f3n de aluminio+gel de s\u00edlice<\/p>\n\t\t\t\t\t<\/div>\n\t\t\t\t<\/div>\n\t\t\t\t<\/div>\n\t\t\t\t\t<\/div>\n\t\t<\/div>\n\t\t\t\t<div class=\"elementor-column elementor-col-50 elementor-top-column elementor-element elementor-element-22a33beb\" data-id=\"22a33beb\" data-element_type=\"column\">\n\t\t\t<div class=\"elementor-widget-wrap elementor-element-populated\">\n\t\t\t\t\t\t\t\t<div class=\"elementor-element elementor-element-573e9577 elementor-widget elementor-widget-wd_image_or_svg\" data-id=\"573e9577\" data-element_type=\"widget\" data-widget_type=\"wd_image_or_svg.default\">\n\t\t\t\t<div class=\"elementor-widget-container\">\n\t\t\t\n\t\t<div class=\"wd-image text-left\">\n\t\t\t\t\t\t\t\t<img fetchpriority=\"high\" decoding=\"async\" width=\"800\" height=\"800\" src=\"https:\/\/www.bailishaver.com\/wp-content\/uploads\/2023\/11\/Diamond_Handle_Plastic-free_Razors_Safety_Razor_with_Stand_details_01.webp\" class=\"attachment-full size-full wp-image-230059\" alt=\"\" srcset=\"https:\/\/www.bailishaver.com\/wp-content\/uploads\/2023\/11\/Diamond_Handle_Plastic-free_Razors_Safety_Razor_with_Stand_details_01.webp 800w, https:\/\/www.bailishaver.com\/wp-content\/uploads\/2023\/11\/Diamond_Handle_Plastic-free_Razors_Safety_Razor_with_Stand_details_01-300x300.webp 300w, https:\/\/www.bailishaver.com\/wp-content\/uploads\/2023\/11\/Diamond_Handle_Plastic-free_Razors_Safety_Razor_with_Stand_details_01-150x150.webp 150w, https:\/\/www.bailishaver.com\/wp-content\/uploads\/2023\/11\/Diamond_Handle_Plastic-free_Razors_Safety_Razor_with_Stand_details_01-768x768.webp 768w, https:\/\/www.bailishaver.com\/wp-content\/uploads\/2023\/11\/Diamond_Handle_Plastic-free_Razors_Safety_Razor_with_Stand_details_01-12x12.webp 12w\" sizes=\"(max-width: 800px) 100vw, 800px\" \/>\t\t\t\t\t<\/div>\n\n\t\t\t\t<\/div>\n\t\t\t\t<\/div>\n\t\t\t\t\t<\/div>\n\t\t<\/div>\n\t\t\t\t\t\t\t<\/div>\n\t\t<\/section>\n\t\t\t\t<section class=\"wd-negative-gap elementor-section elementor-top-section elementor-element elementor-element-6eb657e6 elementor-section-content-middle elementor-section-boxed elementor-section-height-default elementor-section-height-default wd-section-disabled\" data-id=\"6eb657e6\" data-element_type=\"section\">\n\t\t\t\t\t\t<div class=\"elementor-container elementor-column-gap-default\">\n\t\t\t\t\t<div class=\"elementor-column elementor-col-50 elementor-top-column elementor-element elementor-element-59e08d9e\" data-id=\"59e08d9e\" data-element_type=\"column\">\n\t\t\t<div class=\"elementor-widget-wrap elementor-element-populated\">\n\t\t\t\t\t\t\t\t<div class=\"elementor-element elementor-element-d7e62c2 elementor-hidden-desktop elementor-hidden-tablet elementor-widget elementor-widget-wd_text_block\" data-id=\"d7e62c2\" data-element_type=\"widget\" data-widget_type=\"wd_text_block.default\">\n\t\t\t\t<div class=\"elementor-widget-container\">\n\t\t\t\t\t<div class=\"wd-text-block reset-last-child text-left color-title\">\n\t\t\t\n\t\t\t<h5>Cabezal de afeitar sin pl\u00e1stico:<\/h5><p>* Dise\u00f1o exclusivo del cabezal de afeitar para una experiencia de afeitado agresiva y eficiente;\u00a0\u00a0\u00a0\u00a0<\/p><p>* Sensaci\u00f3n de afeitado agresiva, adecuada para personas con barba incipiente y abundante;<\/p><p>*Proporciona un afeitado limpio y suave sin irritaci\u00f3n post-afeitado;<\/p><h5>Mango sin pl\u00e1stico:<\/h5><p>*El mango con textura de diamante garantiza un agarre antideslizante, incluso cuando est\u00e1 mojado;<\/p><p>*Colores de moda, elegantes y universalmente atractivos para todos los grupos de edad;<\/p><p>* Material totalmente de aleaci\u00f3n de zinc, sin pl\u00e1stico, ecol\u00f3gico;<\/p><p>*Muy recomendable con excelente boca a boca.<\/p>\n\t\t\t\t\t<\/div>\n\t\t\t\t<\/div>\n\t\t\t\t<\/div>\n\t\t\t\t<div class=\"elementor-element elementor-element-755b55ce elementor-widget elementor-widget-wd_image_or_svg\" data-id=\"755b55ce\" data-element_type=\"widget\" data-widget_type=\"wd_image_or_svg.default\">\n\t\t\t\t<div class=\"elementor-widget-container\">\n\t\t\t\n\t\t<div class=\"wd-image text-left\">\n\t\t\t\t\t\t\t\t<img decoding=\"async\" width=\"800\" height=\"800\" src=\"https:\/\/www.bailishaver.com\/wp-content\/uploads\/2023\/11\/Diamond_Handle_Plastic-free_Razors_Safety_Razor_with_Stand_details_02.webp\" class=\"attachment-full size-full wp-image-230060\" alt=\"\" srcset=\"https:\/\/www.bailishaver.com\/wp-content\/uploads\/2023\/11\/Diamond_Handle_Plastic-free_Razors_Safety_Razor_with_Stand_details_02.webp 800w, https:\/\/www.bailishaver.com\/wp-content\/uploads\/2023\/11\/Diamond_Handle_Plastic-free_Razors_Safety_Razor_with_Stand_details_02-300x300.webp 300w, https:\/\/www.bailishaver.com\/wp-content\/uploads\/2023\/11\/Diamond_Handle_Plastic-free_Razors_Safety_Razor_with_Stand_details_02-150x150.webp 150w, https:\/\/www.bailishaver.com\/wp-content\/uploads\/2023\/11\/Diamond_Handle_Plastic-free_Razors_Safety_Razor_with_Stand_details_02-768x768.webp 768w, https:\/\/www.bailishaver.com\/wp-content\/uploads\/2023\/11\/Diamond_Handle_Plastic-free_Razors_Safety_Razor_with_Stand_details_02-12x12.webp 12w\" sizes=\"(max-width: 800px) 100vw, 800px\" \/>\t\t\t\t\t<\/div>\n\n\t\t\t\t<\/div>\n\t\t\t\t<\/div>\n\t\t\t\t\t<\/div>\n\t\t<\/div>\n\t\t\t\t<div class=\"elementor-column elementor-col-50 elementor-top-column elementor-element elementor-element-626ea703\" data-id=\"626ea703\" data-element_type=\"column\">\n\t\t\t<div class=\"elementor-widget-wrap elementor-element-populated\">\n\t\t\t\t\t\t\t\t<div class=\"elementor-element elementor-element-21fceecd elementor-hidden-mobile elementor-widget elementor-widget-wd_text_block\" data-id=\"21fceecd\" data-element_type=\"widget\" data-widget_type=\"wd_text_block.default\">\n\t\t\t\t<div class=\"elementor-widget-container\">\n\t\t\t\t\t<div class=\"wd-text-block reset-last-child text-left color-title\">\n\t\t\t\n\t\t\t<h5>Cabezal de afeitar sin pl\u00e1stico:<\/h5><p>* Dise\u00f1o exclusivo del cabezal de afeitar para una experiencia de afeitado agresiva y eficiente;\u00a0\u00a0\u00a0\u00a0<\/p><p>* Sensaci\u00f3n de afeitado agresiva, adecuada para personas con barba incipiente y abundante;<\/p><p>*Proporciona un afeitado limpio y suave sin irritaci\u00f3n post-afeitado;<\/p><h5>Mango sin pl\u00e1stico:<\/h5><p>*El mango con textura de diamante garantiza un agarre antideslizante, incluso cuando est\u00e1 mojado;<\/p><p>*Colores de moda, elegantes y universalmente atractivos para todos los grupos de edad;<\/p><p>* Material totalmente de aleaci\u00f3n de zinc, sin pl\u00e1stico, ecol\u00f3gico;<\/p><p>*Muy recomendable con excelente boca a boca.<\/p>\n\t\t\t\t\t<\/div>\n\t\t\t\t<\/div>\n\t\t\t\t<\/div>\n\t\t\t\t\t<\/div>\n\t\t<\/div>\n\t\t\t\t\t\t\t<\/div>\n\t\t<\/section>\n\t\t\t\t<section class=\"wd-negative-gap elementor-section elementor-top-section elementor-element elementor-element-79546c43 elementor-section-content-middle elementor-section-boxed elementor-section-height-default elementor-section-height-default wd-section-disabled\" data-id=\"79546c43\" data-element_type=\"section\">\n\t\t\t\t\t\t<div class=\"elementor-container elementor-column-gap-default\">\n\t\t\t\t\t<div class=\"elementor-column elementor-col-50 elementor-top-column elementor-element elementor-element-4ec49740\" data-id=\"4ec49740\" data-element_type=\"column\">\n\t\t\t<div class=\"elementor-widget-wrap elementor-element-populated\">\n\t\t\t\t\t\t\t\t<div class=\"elementor-element elementor-element-54bfb87f elementor-widget elementor-widget-wd_text_block\" data-id=\"54bfb87f\" data-element_type=\"widget\" data-widget_type=\"wd_text_block.default\">\n\t\t\t\t<div class=\"elementor-widget-container\">\n\t\t\t\t\t<div class=\"wd-text-block reset-last-child text-left color-title\">\n\t\t\t\n\t\t\t<p>*Hecho de aleaci\u00f3n de aluminio, materiales genuinos y de alta calidad, exquisitamente elaborados con una textura superior;<\/p><p>*Estera de gel de s\u00edlice sin silicona;<\/p><p>*Usar despu\u00e9s del afeitado, adecuado para maquinillas de afeitar de seguridad y maquinillas de afeitar de sistema.<\/p>\n\t\t\t\t\t<\/div>\n\t\t\t\t<\/div>\n\t\t\t\t<\/div>\n\t\t\t\t\t<\/div>\n\t\t<\/div>\n\t\t\t\t<div class=\"elementor-column elementor-col-50 elementor-top-column elementor-element elementor-element-29f6a26c\" data-id=\"29f6a26c\" data-element_type=\"column\">\n\t\t\t<div class=\"elementor-widget-wrap elementor-element-populated\">\n\t\t\t\t\t\t\t\t<div class=\"elementor-element elementor-element-696047e7 elementor-widget elementor-widget-wd_image_or_svg\" data-id=\"696047e7\" data-element_type=\"widget\" data-widget_type=\"wd_image_or_svg.default\">\n\t\t\t\t<div class=\"elementor-widget-container\">\n\t\t\t\n\t\t<div class=\"wd-image text-left\">\n\t\t\t\t\t\t\t\t<img decoding=\"async\" width=\"1200\" height=\"1200\" src=\"https:\/\/www.bailishaver.com\/wp-content\/uploads\/2023\/11\/Diamond_Handle_Plastic-free_Razors_Safety_Razor_with_Stand_details_03.webp\" class=\"attachment-full size-full wp-image-230061\" alt=\"\" srcset=\"https:\/\/www.bailishaver.com\/wp-content\/uploads\/2023\/11\/Diamond_Handle_Plastic-free_Razors_Safety_Razor_with_Stand_details_03.webp 1200w, https:\/\/www.bailishaver.com\/wp-content\/uploads\/2023\/11\/Diamond_Handle_Plastic-free_Razors_Safety_Razor_with_Stand_details_03-300x300.webp 300w, https:\/\/www.bailishaver.com\/wp-content\/uploads\/2023\/11\/Diamond_Handle_Plastic-free_Razors_Safety_Razor_with_Stand_details_03-1024x1024.webp 1024w, https:\/\/www.bailishaver.com\/wp-content\/uploads\/2023\/11\/Diamond_Handle_Plastic-free_Razors_Safety_Razor_with_Stand_details_03-150x150.webp 150w, https:\/\/www.bailishaver.com\/wp-content\/uploads\/2023\/11\/Diamond_Handle_Plastic-free_Razors_Safety_Razor_with_Stand_details_03-768x768.webp 768w, https:\/\/www.bailishaver.com\/wp-content\/uploads\/2023\/11\/Diamond_Handle_Plastic-free_Razors_Safety_Razor_with_Stand_details_03-12x12.webp 12w\" sizes=\"(max-width: 1200px) 100vw, 1200px\" \/>\t\t\t\t\t<\/div>\n\n\t\t\t\t<\/div>\n\t\t\t\t<\/div>\n\t\t\t\t\t<\/div>\n\t\t<\/div>\n\t\t\t\t\t\t\t<\/div>\n\t\t<\/section>\n\t\t\t\t<section class=\"wd-negative-gap elementor-section elementor-top-section elementor-element elementor-element-6c8da9f5 elementor-section-boxed elementor-section-height-default elementor-section-height-default wd-section-disabled\" data-id=\"6c8da9f5\" data-element_type=\"section\">\n\t\t\t\t\t\t<div class=\"elementor-container elementor-column-gap-default\">\n\t\t\t\t\t<div class=\"elementor-column elementor-col-100 elementor-top-column elementor-element elementor-element-63855f6e\" data-id=\"63855f6e\" data-element_type=\"column\">\n\t\t\t<div class=\"elementor-widget-wrap elementor-element-populated\">\n\t\t\t\t\t\t\t\t<div class=\"elementor-element elementor-element-488bea7a elementor-widget elementor-widget-accordion\" data-id=\"488bea7a\" data-element_type=\"widget\" data-widget_type=\"accordion.default\">\n\t\t\t\t<div class=\"elementor-widget-container\">\n\t\t\t<style>\/*! elementor - v3.18.0 - 20-12-2023 *\/\n.elementor-accordion{text-align:left}.elementor-accordion .elementor-accordion-item{border:1px solid #d5d8dc}.elementor-accordion .elementor-accordion-item+.elementor-accordion-item{border-top:none}.elementor-accordion .elementor-tab-title{margin:0;padding:15px 20px;font-weight:700;line-height:1;cursor:pointer;outline:none}.elementor-accordion .elementor-tab-title .elementor-accordion-icon{display:inline-block;width:1.5em}.elementor-accordion .elementor-tab-title .elementor-accordion-icon svg{width:1em;height:1em}.elementor-accordion .elementor-tab-title .elementor-accordion-icon.elementor-accordion-icon-right{float:right;text-align:right}.elementor-accordion .elementor-tab-title .elementor-accordion-icon.elementor-accordion-icon-left{float:left;text-align:left}.elementor-accordion .elementor-tab-title .elementor-accordion-icon .elementor-accordion-icon-closed{display:block}.elementor-accordion .elementor-tab-title .elementor-accordion-icon .elementor-accordion-icon-opened,.elementor-accordion .elementor-tab-title.elementor-active .elementor-accordion-icon-closed{display:none}.elementor-accordion .elementor-tab-title.elementor-active .elementor-accordion-icon-opened{display:block}.elementor-accordion .elementor-tab-content{display:none;padding:15px 20px;border-top:1px solid #d5d8dc}@media (max-width:767px){.elementor-accordion .elementor-tab-title{padding:12px 15px}.elementor-accordion .elementor-tab-title .elementor-accordion-icon{width:1.2em}.elementor-accordion .elementor-tab-content{padding:7px 15px}}.e-con-inner>.elementor-widget-accordion,.e-con>.elementor-widget-accordion{width:var(--container-widget-width);--flex-grow:var(--container-widget-flex-grow)}<\/style>\t\t<div class=\"elementor-accordion\">\n\t\t\t\t\t\t\t<div class=\"elementor-accordion-item\">\n\t\t\t\t\t<div id=\"elementor-tab-title-1211\" class=\"elementor-tab-title\" data-tab=\"1\" role=\"button\" aria-controls=\"elementor-tab-content-1211\" aria-expanded=\"false\">\n\t\t\t\t\t\t\t\t\t\t\t\t\t<span class=\"elementor-accordion-icon elementor-accordion-icon-left\" aria-hidden=\"true\">\n\t\t\t\t\t\t\t\t\t\t\t\t\t\t\t<span class=\"elementor-accordion-icon-closed\"><i class=\"fas fa-caret-down\"><\/i><\/span>\n\t\t\t\t\t\t\t\t<span class=\"elementor-accordion-icon-opened\"><i class=\"fas fa-caret-up\"><\/i><\/span>\n\t\t\t\t\t\t\t\t\t\t\t\t\t\t<\/span>\n\t\t\t\t\t\t\t\t\t\t\t\t<a class=\"elementor-accordion-title\" tabindex=\"0\">Paquete<\/a>\n\t\t\t\t\t<\/div>\n\t\t\t\t\t<div id=\"elementor-tab-content-1211\" class=\"elementor-tab-content elementor-clearfix\" data-tab=\"1\" role=\"region\" aria-labelledby=\"elementor-tab-title-1211\"><table><tbody><tr><td>Producto<\/td><td>PC<\/td><td>Paquete<\/td><td>Tama\u00f1o<\/td><td>Peso bruto<\/td><\/tr><tr><td rowspan=\"2\">DB-B3G<\/td><td>1<\/td><td>Bolsa de polipropileno<\/td><td>43,5\u00d725\u00d7109,7 mm<\/td><td>92,6g<\/td><\/tr><tr><td>120<\/td><td>Caja de cart\u00f3n<\/td><td>385\u00d7155\u00d7235mm<\/td><td>12,5 kilos<\/td><\/tr><tr><td rowspan=\"2\">PJ-AC1-05<\/td><td>1<\/td><td>Caja<\/td><td>30\u00d730\u00d730,8 mm<\/td><td>46,5g<\/td><\/tr><tr><td>200<\/td><td>Caja de cart\u00f3n<\/td><td>350\u00d7160\u00d7225mm<\/td><td>10,7 kilos<\/td><\/tr><\/tbody><\/table><\/div>\n\t\t\t\t<\/div>\n\t\t\t\t\t\t\t<div class=\"elementor-accordion-item\">\n\t\t\t\t\t<div id=\"elementor-tab-title-1212\" class=\"elementor-tab-title\" data-tab=\"2\" role=\"button\" aria-controls=\"elementor-tab-content-1212\" aria-expanded=\"false\">\n\t\t\t\t\t\t\t\t\t\t\t\t\t<span class=\"elementor-accordion-icon elementor-accordion-icon-left\" aria-hidden=\"true\">\n\t\t\t\t\t\t\t\t\t\t\t\t\t\t\t<span class=\"elementor-accordion-icon-closed\"><i class=\"fas fa-caret-down\"><\/i><\/span>\n\t\t\t\t\t\t\t\t<span class=\"elementor-accordion-icon-opened\"><i class=\"fas fa-caret-up\"><\/i><\/span>\n\t\t\t\t\t\t\t\t\t\t\t\t\t\t<\/span>\n\t\t\t\t\t\t\t\t\t\t\t\t<a class=\"elementor-accordion-title\" tabindex=\"0\"> Env\u00edo<\/a>\n\t\t\t\t\t<\/div>\n\t\t\t\t\t<div id=\"elementor-tab-content-1212\" class=\"elementor-tab-content elementor-clearfix\" data-tab=\"2\" role=\"region\" aria-labelledby=\"elementor-tab-title-1212\">El pedido de muestra se puede enviar en un plazo de 3 a 7 d\u00edas; <br>\nLa producci\u00f3n de pedidos al por mayor o pedidos personalizados tarda entre 15 y 30 d\u00edas.\n<\/div>\n\t\t\t\t<\/div>\n\t\t\t\t\t\t\t\t<\/div>\n\t\t\t\t<\/div>\n\t\t\t\t<\/div>\n\t\t\t\t\t<\/div>\n\t\t<\/div>\n\t\t\t\t\t\t\t<\/div>\n\t\t<\/section>\n\t\t\t\t\t\t\t<\/div>","protected":false},"excerpt":{"rendered":"<p><strong>Modelo: DB-B3G<\/strong><\/p>\n<div class=\"DescriptionImg\">\n<div class=\"image-box\">\n<p><img decoding=\"async\" src=\"https:\/\/bailishaver.com\/wp-content\/uploads\/2023\/11\/100__Biodegradable.webp\" alt=\"Image1\" \/><\/p>\n<div class=\"caption\">Sin pl\u00e1stico<\/div>\n<\/div>\n<div class=\"image-box\">\n<p><img decoding=\"async\" src=\"https:\/\/bailishaver.com\/wp-content\/uploads\/2023\/11\/Diamond_Texture_Handle_Icon.webp\" alt=\"Image2\" \/><\/p>\n<div class=\"caption\">Mango con textura de diamante.<\/div>\n<\/div>\n<div class=\"image-box\">\n<p><img decoding=\"async\" src=\"https:\/\/bailishaver.com\/wp-content\/uploads\/2023\/11\/Zinc_Alloy_Stand_Icon.webp\" alt=\"Image3\" \/><\/p>\n<div class=\"caption\">Soporte de aleaci\u00f3n de zinc<\/div>\n<\/div>\n<\/div>","protected":false},"featured_media":230064,"comment_status":"open","ping_status":"closed","template":"","meta":[],"product_cat":[31],"product_tag":[],"yoast_head":"<!-- This site is optimized with the Yoast SEO plugin v21.4 - https:\/\/yoast.com\/wordpress\/plugins\/seo\/ -->\n<title>Diamond Handle Plastic-free Razors Safety Razor with Stand - Guangzhou Weidi Technology Co.,Ltd<\/title>\n<meta name=\"description\" content=\"Diamond textured handle ensures a non-slip grip, even when wet; plastic-free razors, eco-friendly, aluminum alloy razor stand for safety razor.\" \/>\n<meta name=\"robots\" content=\"index, follow, max-snippet:-1, max-image-preview:large, max-video-preview:-1\" \/>\n<link rel=\"canonical\" href=\"https:\/\/www.bailishaver.com\/es\/producto\/diamond-handle-plastic-free-razors-safety-razor-with-stand\/\" \/>\n<meta property=\"og:locale\" content=\"es_ES\" \/>\n<meta property=\"og:type\" content=\"article\" \/>\n<meta property=\"og:title\" content=\"Diamond Handle Plastic-free Razors Safety Razor with Stand - Guangzhou Weidi Technology Co.,Ltd\" \/>\n<meta property=\"og:description\" content=\"Diamond textured handle ensures a non-slip grip, even when wet; plastic-free razors, eco-friendly, aluminum alloy razor stand for safety razor.\" \/>\n<meta property=\"og:url\" content=\"https:\/\/www.bailishaver.com\/es\/producto\/diamond-handle-plastic-free-razors-safety-razor-with-stand\/\" \/>\n<meta property=\"og:site_name\" content=\"Guangzhou Weidi Technology Co.,Ltd\" \/>\n<meta property=\"article:modified_time\" content=\"2023-11-28T07:36:34+00:00\" \/>\n<meta property=\"og:image\" content=\"https:\/\/www.bailishaver.com\/wp-content\/uploads\/2023\/11\/Diamond_Handle_Plastic-free_Razors_Safety_Razor_with_Stand_01.webp\" \/>\n\t<meta property=\"og:image:width\" content=\"800\" \/>\n\t<meta property=\"og:image:height\" content=\"800\" \/>\n\t<meta property=\"og:image:type\" content=\"image\/webp\" \/>\n<meta name=\"twitter:card\" content=\"summary_large_image\" \/>\n<script type=\"application\/ld+json\" class=\"yoast-schema-graph\">{\"@context\":\"https:\/\/schema.org\",\"@graph\":[{\"@type\":\"WebPage\",\"@id\":\"https:\/\/www.bailishaver.com\/product\/diamond-handle-plastic-free-razors-safety-razor-with-stand\/\",\"url\":\"https:\/\/www.bailishaver.com\/product\/diamond-handle-plastic-free-razors-safety-razor-with-stand\/\",\"name\":\"Diamond Handle Plastic-free Razors Safety Razor with Stand - Guangzhou Weidi Technology Co.,Ltd\",\"isPartOf\":{\"@id\":\"https:\/\/www.bailishaver.com\/#website\"},\"datePublished\":\"2023-11-28T06:54:40+00:00\",\"dateModified\":\"2023-11-28T07:36:34+00:00\",\"description\":\"Diamond textured handle ensures a non-slip grip, even when wet; plastic-free razors, eco-friendly, aluminum alloy razor stand for safety razor.\",\"breadcrumb\":{\"@id\":\"https:\/\/www.bailishaver.com\/product\/diamond-handle-plastic-free-razors-safety-razor-with-stand\/#breadcrumb\"},\"inLanguage\":\"es\",\"potentialAction\":[{\"@type\":\"ReadAction\",\"target\":[\"https:\/\/www.bailishaver.com\/product\/diamond-handle-plastic-free-razors-safety-razor-with-stand\/\"]}]},{\"@type\":\"BreadcrumbList\",\"@id\":\"https:\/\/www.bailishaver.com\/product\/diamond-handle-plastic-free-razors-safety-razor-with-stand\/#breadcrumb\",\"itemListElement\":[{\"@type\":\"ListItem\",\"position\":1,\"name\":\"HOME\",\"item\":\"https:\/\/www.bailishaver.com\/\"},{\"@type\":\"ListItem\",\"position\":2,\"name\":\"Product\",\"item\":\"https:\/\/www.bailishaver.com\/product\/\"},{\"@type\":\"ListItem\",\"position\":3,\"name\":\"Diamond Handle Plastic-free Razors Safety Razor with Stand\"}]},{\"@type\":\"WebSite\",\"@id\":\"https:\/\/www.bailishaver.com\/#website\",\"url\":\"https:\/\/www.bailishaver.com\/\",\"name\":\"Guangzhou Weidi Technology Co.,Ltd\",\"description\":\"system razors, lady razors, shaving kits, blade and refill, disposable razor, shaving , accessories, etc.\",\"potentialAction\":[{\"@type\":\"SearchAction\",\"target\":{\"@type\":\"EntryPoint\",\"urlTemplate\":\"https:\/\/www.bailishaver.com\/?s={search_term_string}\"},\"query-input\":\"required name=search_term_string\"}],\"inLanguage\":\"es\"}]}<\/script>\n<!-- \/ Yoast SEO plugin. -->","yoast_head_json":{"title":"Diamond Handle Plastic-free Razors Safety Razor with Stand - Guangzhou Weidi Technology Co.,Ltd","description":"Diamond textured handle ensures a non-slip grip, even when wet; plastic-free razors, eco-friendly, aluminum alloy razor stand for safety razor.","robots":{"index":"index","follow":"follow","max-snippet":"max-snippet:-1","max-image-preview":"max-image-preview:large","max-video-preview":"max-video-preview:-1"},"canonical":"https:\/\/www.bailishaver.com\/es\/producto\/diamond-handle-plastic-free-razors-safety-razor-with-stand\/","og_locale":"es_ES","og_type":"article","og_title":"Diamond Handle Plastic-free Razors Safety Razor with Stand - Guangzhou Weidi Technology Co.,Ltd","og_description":"Diamond textured handle ensures a non-slip grip, even when wet; plastic-free razors, eco-friendly, aluminum alloy razor stand for safety razor.","og_url":"https:\/\/www.bailishaver.com\/es\/producto\/diamond-handle-plastic-free-razors-safety-razor-with-stand\/","og_site_name":"Guangzhou Weidi Technology Co.,Ltd","article_modified_time":"2023-11-28T07:36:34+00:00","og_image":[{"width":800,"height":800,"url":"https:\/\/www.bailishaver.com\/wp-content\/uploads\/2023\/11\/Diamond_Handle_Plastic-free_Razors_Safety_Razor_with_Stand_01.webp","type":"image\/webp"}],"twitter_card":"summary_large_image","schema":{"@context":"https:\/\/schema.org","@graph":[{"@type":"WebPage","@id":"https:\/\/www.bailishaver.com\/product\/diamond-handle-plastic-free-razors-safety-razor-with-stand\/","url":"https:\/\/www.bailishaver.com\/product\/diamond-handle-plastic-free-razors-safety-razor-with-stand\/","name":"Diamond Handle Plastic-free Razors Safety Razor with Stand - Guangzhou Weidi Technology Co.,Ltd","isPartOf":{"@id":"https:\/\/www.bailishaver.com\/#website"},"datePublished":"2023-11-28T06:54:40+00:00","dateModified":"2023-11-28T07:36:34+00:00","description":"Diamond textured handle ensures a non-slip grip, even when wet; plastic-free razors, eco-friendly, aluminum alloy razor stand for safety razor.","breadcrumb":{"@id":"https:\/\/www.bailishaver.com\/product\/diamond-handle-plastic-free-razors-safety-razor-with-stand\/#breadcrumb"},"inLanguage":"es","potentialAction":[{"@type":"ReadAction","target":["https:\/\/www.bailishaver.com\/product\/diamond-handle-plastic-free-razors-safety-razor-with-stand\/"]}]},{"@type":"BreadcrumbList","@id":"https:\/\/www.bailishaver.com\/product\/diamond-handle-plastic-free-razors-safety-razor-with-stand\/#breadcrumb","itemListElement":[{"@type":"ListItem","position":1,"name":"HOME","item":"https:\/\/www.bailishaver.com\/"},{"@type":"ListItem","position":2,"name":"Product","item":"https:\/\/www.bailishaver.com\/product\/"},{"@type":"ListItem","position":3,"name":"Diamond Handle Plastic-free Razors Safety Razor with Stand"}]},{"@type":"WebSite","@id":"https:\/\/www.bailishaver.com\/#website","url":"https:\/\/www.bailishaver.com\/","name":"Guangzhou Weidi Technology Co.,Ltd","description":"system razors, lady razors, shaving kits, blade and refill, disposable razor, shaving , accessories, etc.","potentialAction":[{"@type":"SearchAction","target":{"@type":"EntryPoint","urlTemplate":"https:\/\/www.bailishaver.com\/?s={search_term_string}"},"query-input":"required name=search_term_string"}],"inLanguage":"es"}]}},"_links":{"self":[{"href":"https:\/\/www.bailishaver.com\/es\/wp-json\/wp\/v2\/product\/230052"}],"collection":[{"href":"https:\/\/www.bailishaver.com\/es\/wp-json\/wp\/v2\/product"}],"about":[{"href":"https:\/\/www.bailishaver.com\/es\/wp-json\/wp\/v2\/types\/product"}],"replies":[{"embeddable":true,"href":"https:\/\/www.bailishaver.com\/es\/wp-json\/wp\/v2\/comments?post=230052"}],"version-history":[{"count":1,"href":"https:\/\/www.bailishaver.com\/es\/wp-json\/wp\/v2\/product\/230052\/revisions"}],"predecessor-version":[{"id":231718,"href":"https:\/\/www.bailishaver.com\/es\/wp-json\/wp\/v2\/product\/230052\/revisions\/231718"}],"wp:featuredmedia":[{"embeddable":true,"href":"https:\/\/www.bailishaver.com\/es\/wp-json\/wp\/v2\/media\/230064"}],"wp:attachment":[{"href":"https:\/\/www.bailishaver.com\/es\/wp-json\/wp\/v2\/media?parent=230052"}],"wp:term":[{"taxonomy":"product_cat","embeddable":true,"href":"https:\/\/www.bailishaver.com\/es\/wp-json\/wp\/v2\/product_cat?post=230052"},{"taxonomy":"product_tag","embeddable":true,"href":"https:\/\/www.bailishaver.com\/es\/wp-json\/wp\/v2\/product_tag?post=230052"}],"curies":[{"name":"wp","href":"https:\/\/api.w.org\/{rel}","templated":true}]}}