{"id":229283,"date":"2023-11-03T14:20:23","date_gmt":"2023-11-03T06:20:23","guid":{"rendered":"https:\/\/bailishaver.com\/?post_type=product&#038;p=229283"},"modified":"2024-02-29T14:44:21","modified_gmt":"2024-02-29T06:44:21","slug":"synthetic-shave-brush-nylon-hair-acrylic-shaving-brush","status":"publish","type":"product","link":"https:\/\/www.bailishaver.com\/es\/producto\/synthetic-shave-brush-nylon-hair-acrylic-shaving-brush\/","title":{"rendered":"Brocha de afeitar sint\u00e9tica, brocha de afeitar acr\u00edlica de pelo de nailon"},"content":{"rendered":"<div data-elementor-type=\"product-post\" data-elementor-id=\"229283\" class=\"elementor elementor-229283\" data-elementor-post-type=\"product\">\n\t\t\t\t\t\t\t\t\t<section class=\"wd-negative-gap elementor-section elementor-top-section elementor-element elementor-element-1bc87b1b elementor-section-content-middle elementor-section-boxed elementor-section-height-default elementor-section-height-default wd-section-disabled\" data-id=\"1bc87b1b\" data-element_type=\"section\">\n\t\t\t\t\t\t<div class=\"elementor-container elementor-column-gap-default\">\n\t\t\t\t\t<div class=\"elementor-column elementor-col-50 elementor-top-column elementor-element elementor-element-77002fbc\" data-id=\"77002fbc\" data-element_type=\"column\">\n\t\t\t<div class=\"elementor-widget-wrap elementor-element-populated\">\n\t\t\t\t\t\t\t\t<div class=\"elementor-element elementor-element-36c4be58 elementor-widget elementor-widget-wd_text_block\" data-id=\"36c4be58\" data-element_type=\"widget\" data-widget_type=\"wd_text_block.default\">\n\t\t\t\t<div class=\"elementor-widget-container\">\n\t\t\t\t\t<div class=\"wd-text-block reset-last-child text-left color-title\">\n\t\t\t\n\t\t\t<p>Modelo: BDHS2<\/p><p>Nudo: Nudo de pelo sint\u00e9tico<\/p><p>Tama\u00f1o: 34,5 \u00d7 104 mm<\/p><p>Peso: 40,4g<\/p><p>Material: Acr\u00edlico+pelo de nailon sint\u00e9tico.<\/p><p>Caracter\u00edsticas: suave, suave, ligero, c\u00f3modo, duradero.<\/p>\n\t\t\t\t\t<\/div>\n\t\t\t\t<\/div>\n\t\t\t\t<\/div>\n\t\t\t\t\t<\/div>\n\t\t<\/div>\n\t\t\t\t<div class=\"elementor-column elementor-col-50 elementor-top-column elementor-element elementor-element-3e96e9b6\" data-id=\"3e96e9b6\" data-element_type=\"column\">\n\t\t\t<div class=\"elementor-widget-wrap elementor-element-populated\">\n\t\t\t\t\t\t\t\t<div class=\"elementor-element elementor-element-14cb92f9 elementor-widget elementor-widget-wd_image_or_svg\" data-id=\"14cb92f9\" data-element_type=\"widget\" data-widget_type=\"wd_image_or_svg.default\">\n\t\t\t\t<div class=\"elementor-widget-container\">\n\t\t\t\n\t\t<div class=\"wd-image text-left\">\n\t\t\t\t\t\t\t\t<img fetchpriority=\"high\" decoding=\"async\" width=\"800\" height=\"800\" src=\"https:\/\/www.bailishaver.com\/wp-content\/uploads\/2023\/11\/Synthetic_Shave_Brush_Nylon_Hair_Acrylic_Shaving_Brush_details_01.webp\" class=\"attachment-full size-full wp-image-229291\" alt=\"\" srcset=\"https:\/\/www.bailishaver.com\/wp-content\/uploads\/2023\/11\/Synthetic_Shave_Brush_Nylon_Hair_Acrylic_Shaving_Brush_details_01.webp 800w, https:\/\/www.bailishaver.com\/wp-content\/uploads\/2023\/11\/Synthetic_Shave_Brush_Nylon_Hair_Acrylic_Shaving_Brush_details_01-300x300.webp 300w, https:\/\/www.bailishaver.com\/wp-content\/uploads\/2023\/11\/Synthetic_Shave_Brush_Nylon_Hair_Acrylic_Shaving_Brush_details_01-150x150.webp 150w, https:\/\/www.bailishaver.com\/wp-content\/uploads\/2023\/11\/Synthetic_Shave_Brush_Nylon_Hair_Acrylic_Shaving_Brush_details_01-768x768.webp 768w, https:\/\/www.bailishaver.com\/wp-content\/uploads\/2023\/11\/Synthetic_Shave_Brush_Nylon_Hair_Acrylic_Shaving_Brush_details_01-12x12.webp 12w\" sizes=\"(max-width: 800px) 100vw, 800px\" \/>\t\t\t\t\t<\/div>\n\n\t\t\t\t<\/div>\n\t\t\t\t<\/div>\n\t\t\t\t\t<\/div>\n\t\t<\/div>\n\t\t\t\t\t\t\t<\/div>\n\t\t<\/section>\n\t\t\t\t<section class=\"wd-negative-gap elementor-section elementor-top-section elementor-element elementor-element-4f9cf17a elementor-section-content-middle elementor-section-boxed elementor-section-height-default elementor-section-height-default wd-section-disabled\" data-id=\"4f9cf17a\" data-element_type=\"section\">\n\t\t\t\t\t\t<div class=\"elementor-container elementor-column-gap-default\">\n\t\t\t\t\t<div class=\"elementor-column elementor-col-50 elementor-top-column elementor-element elementor-element-19f1ba6b\" data-id=\"19f1ba6b\" data-element_type=\"column\">\n\t\t\t<div class=\"elementor-widget-wrap elementor-element-populated\">\n\t\t\t\t\t\t\t\t<div class=\"elementor-element elementor-element-076a733 elementor-hidden-desktop elementor-hidden-tablet elementor-widget elementor-widget-wd_text_block\" data-id=\"076a733\" data-element_type=\"widget\" data-widget_type=\"wd_text_block.default\">\n\t\t\t\t<div class=\"elementor-widget-container\">\n\t\t\t\t\t<div class=\"wd-text-block reset-last-child text-left color-title\">\n\t\t\t\n\t\t\t<p>* Fabricada con pelo de nailon sint\u00e9tico, que ofrece una excelente relaci\u00f3n calidad-precio. La brocha de afeitar sint\u00e9tica es resistente, f\u00e1cil de manejar, no requiere mantenimiento y es duradera;<\/p><p>*Proporciona excelentes resultados de formaci\u00f3n de espuma, produciendo una espuma fina y densa, limpiando eficazmente los poros y suavizando el vello facial, brindando una experiencia de afeitado excepcionalmente placentera;<\/p><p>*No contiene pelo de animal, lo que demuestra el cuidado de los animales y el compromiso con la protecci\u00f3n del medio ambiente.<\/p>\n\t\t\t\t\t<\/div>\n\t\t\t\t<\/div>\n\t\t\t\t<\/div>\n\t\t\t\t<div class=\"elementor-element elementor-element-437736a3 elementor-widget elementor-widget-wd_image_or_svg\" data-id=\"437736a3\" data-element_type=\"widget\" data-widget_type=\"wd_image_or_svg.default\">\n\t\t\t\t<div class=\"elementor-widget-container\">\n\t\t\t\n\t\t<div class=\"wd-image text-left\">\n\t\t\t\t\t\t\t\t<img decoding=\"async\" width=\"1500\" height=\"1500\" src=\"https:\/\/www.bailishaver.com\/wp-content\/uploads\/2023\/11\/Synthetic_Shave_Brush_Nylon_Hair_Acrylic_Shaving_Brush_details_03-1.webp\" class=\"attachment-full size-full wp-image-229367\" alt=\"\" srcset=\"https:\/\/www.bailishaver.com\/wp-content\/uploads\/2023\/11\/Synthetic_Shave_Brush_Nylon_Hair_Acrylic_Shaving_Brush_details_03-1.webp 1500w, https:\/\/www.bailishaver.com\/wp-content\/uploads\/2023\/11\/Synthetic_Shave_Brush_Nylon_Hair_Acrylic_Shaving_Brush_details_03-1-300x300.webp 300w, https:\/\/www.bailishaver.com\/wp-content\/uploads\/2023\/11\/Synthetic_Shave_Brush_Nylon_Hair_Acrylic_Shaving_Brush_details_03-1-1024x1024.webp 1024w, https:\/\/www.bailishaver.com\/wp-content\/uploads\/2023\/11\/Synthetic_Shave_Brush_Nylon_Hair_Acrylic_Shaving_Brush_details_03-1-150x150.webp 150w, https:\/\/www.bailishaver.com\/wp-content\/uploads\/2023\/11\/Synthetic_Shave_Brush_Nylon_Hair_Acrylic_Shaving_Brush_details_03-1-768x768.webp 768w, https:\/\/www.bailishaver.com\/wp-content\/uploads\/2023\/11\/Synthetic_Shave_Brush_Nylon_Hair_Acrylic_Shaving_Brush_details_03-1-12x12.webp 12w\" sizes=\"(max-width: 1500px) 100vw, 1500px\" \/>\t\t\t\t\t<\/div>\n\n\t\t\t\t<\/div>\n\t\t\t\t<\/div>\n\t\t\t\t\t<\/div>\n\t\t<\/div>\n\t\t\t\t<div class=\"elementor-column elementor-col-50 elementor-top-column elementor-element elementor-element-7871959a\" data-id=\"7871959a\" data-element_type=\"column\">\n\t\t\t<div class=\"elementor-widget-wrap elementor-element-populated\">\n\t\t\t\t\t\t\t\t<div class=\"elementor-element elementor-element-4f3e2e1a elementor-hidden-mobile elementor-widget elementor-widget-wd_text_block\" data-id=\"4f3e2e1a\" data-element_type=\"widget\" data-widget_type=\"wd_text_block.default\">\n\t\t\t\t<div class=\"elementor-widget-container\">\n\t\t\t\t\t<div class=\"wd-text-block reset-last-child text-left color-title\">\n\t\t\t\n\t\t\t<p>* Fabricada con pelo de nailon sint\u00e9tico, que ofrece una excelente relaci\u00f3n calidad-precio. La brocha de afeitar sint\u00e9tica es resistente, f\u00e1cil de manejar, no requiere mantenimiento y es duradera;<\/p><p>*Proporciona excelentes resultados de formaci\u00f3n de espuma, produciendo una espuma fina y densa, limpiando eficazmente los poros y suavizando el vello facial, brindando una experiencia de afeitado excepcionalmente placentera;<\/p><p>*No contiene pelo de animal, lo que demuestra el cuidado de los animales y el compromiso con la protecci\u00f3n del medio ambiente.<\/p>\n\t\t\t\t\t<\/div>\n\t\t\t\t<\/div>\n\t\t\t\t<\/div>\n\t\t\t\t\t<\/div>\n\t\t<\/div>\n\t\t\t\t\t\t\t<\/div>\n\t\t<\/section>\n\t\t\t\t<section class=\"wd-negative-gap elementor-section elementor-top-section elementor-element elementor-element-5a78efc elementor-section-content-middle elementor-section-boxed elementor-section-height-default elementor-section-height-default wd-section-disabled\" data-id=\"5a78efc\" data-element_type=\"section\">\n\t\t\t\t\t\t<div class=\"elementor-container elementor-column-gap-default\">\n\t\t\t\t\t<div class=\"elementor-column elementor-col-50 elementor-top-column elementor-element elementor-element-224cbd05\" data-id=\"224cbd05\" data-element_type=\"column\">\n\t\t\t<div class=\"elementor-widget-wrap elementor-element-populated\">\n\t\t\t\t\t\t\t\t<div class=\"elementor-element elementor-element-6ab5a3bb elementor-widget elementor-widget-wd_text_block\" data-id=\"6ab5a3bb\" data-element_type=\"widget\" data-widget_type=\"wd_text_block.default\">\n\t\t\t\t<div class=\"elementor-widget-container\">\n\t\t\t\t\t<div class=\"wd-text-block reset-last-child text-left color-title\">\n\t\t\t\n\t\t\t<p>* Mango de madera acr\u00edlica de alta calidad:<\/p><p>a.Pulido ingenioso, antipolillas, antimoho;<\/p><p>b.Si\u00e9ntete lleno y c\u00f3modo de sostener;<\/p><p>* Mango acr\u00edlico liviano resistente al agua y a la humedad, con una curvatura ergon\u00f3mica que garantiza un agarre c\u00f3modo.<\/p>\n\t\t\t\t\t<\/div>\n\t\t\t\t<\/div>\n\t\t\t\t<\/div>\n\t\t\t\t\t<\/div>\n\t\t<\/div>\n\t\t\t\t<div class=\"elementor-column elementor-col-50 elementor-top-column elementor-element elementor-element-5d2e379\" data-id=\"5d2e379\" data-element_type=\"column\">\n\t\t\t<div class=\"elementor-widget-wrap elementor-element-populated\">\n\t\t\t\t\t\t\t\t<div class=\"elementor-element elementor-element-25b8109f elementor-widget elementor-widget-wd_image_or_svg\" data-id=\"25b8109f\" data-element_type=\"widget\" data-widget_type=\"wd_image_or_svg.default\">\n\t\t\t\t<div class=\"elementor-widget-container\">\n\t\t\t\n\t\t<div class=\"wd-image text-left\">\n\t\t\t\t\t\t\t\t<img decoding=\"async\" width=\"800\" height=\"800\" src=\"https:\/\/www.bailishaver.com\/wp-content\/uploads\/2023\/11\/Synthetic_Shave_Brush_Nylon_Hair_Acrylic_Shaving_Brush_details_02.webp\" class=\"attachment-full size-full wp-image-229292\" alt=\"\" srcset=\"https:\/\/www.bailishaver.com\/wp-content\/uploads\/2023\/11\/Synthetic_Shave_Brush_Nylon_Hair_Acrylic_Shaving_Brush_details_02.webp 800w, https:\/\/www.bailishaver.com\/wp-content\/uploads\/2023\/11\/Synthetic_Shave_Brush_Nylon_Hair_Acrylic_Shaving_Brush_details_02-300x300.webp 300w, https:\/\/www.bailishaver.com\/wp-content\/uploads\/2023\/11\/Synthetic_Shave_Brush_Nylon_Hair_Acrylic_Shaving_Brush_details_02-150x150.webp 150w, https:\/\/www.bailishaver.com\/wp-content\/uploads\/2023\/11\/Synthetic_Shave_Brush_Nylon_Hair_Acrylic_Shaving_Brush_details_02-768x768.webp 768w, https:\/\/www.bailishaver.com\/wp-content\/uploads\/2023\/11\/Synthetic_Shave_Brush_Nylon_Hair_Acrylic_Shaving_Brush_details_02-12x12.webp 12w\" sizes=\"(max-width: 800px) 100vw, 800px\" \/>\t\t\t\t\t<\/div>\n\n\t\t\t\t<\/div>\n\t\t\t\t<\/div>\n\t\t\t\t\t<\/div>\n\t\t<\/div>\n\t\t\t\t\t\t\t<\/div>\n\t\t<\/section>\n\t\t\t\t<section class=\"wd-negative-gap elementor-section elementor-top-section elementor-element elementor-element-2e747d07 elementor-section-boxed elementor-section-height-default elementor-section-height-default wd-section-disabled\" data-id=\"2e747d07\" data-element_type=\"section\">\n\t\t\t\t\t\t<div class=\"elementor-container elementor-column-gap-default\">\n\t\t\t\t\t<div class=\"elementor-column elementor-col-100 elementor-top-column elementor-element elementor-element-70f07ba7\" data-id=\"70f07ba7\" data-element_type=\"column\">\n\t\t\t<div class=\"elementor-widget-wrap elementor-element-populated\">\n\t\t\t\t\t\t\t\t<div class=\"elementor-element elementor-element-7f86f569 elementor-widget elementor-widget-accordion\" data-id=\"7f86f569\" data-element_type=\"widget\" data-widget_type=\"accordion.default\">\n\t\t\t\t<div class=\"elementor-widget-container\">\n\t\t\t<style>\/*! elementor - v3.18.0 - 20-12-2023 *\/\n.elementor-accordion{text-align:left}.elementor-accordion .elementor-accordion-item{border:1px solid #d5d8dc}.elementor-accordion .elementor-accordion-item+.elementor-accordion-item{border-top:none}.elementor-accordion .elementor-tab-title{margin:0;padding:15px 20px;font-weight:700;line-height:1;cursor:pointer;outline:none}.elementor-accordion .elementor-tab-title .elementor-accordion-icon{display:inline-block;width:1.5em}.elementor-accordion .elementor-tab-title .elementor-accordion-icon svg{width:1em;height:1em}.elementor-accordion .elementor-tab-title .elementor-accordion-icon.elementor-accordion-icon-right{float:right;text-align:right}.elementor-accordion .elementor-tab-title .elementor-accordion-icon.elementor-accordion-icon-left{float:left;text-align:left}.elementor-accordion .elementor-tab-title .elementor-accordion-icon .elementor-accordion-icon-closed{display:block}.elementor-accordion .elementor-tab-title .elementor-accordion-icon .elementor-accordion-icon-opened,.elementor-accordion .elementor-tab-title.elementor-active .elementor-accordion-icon-closed{display:none}.elementor-accordion .elementor-tab-title.elementor-active .elementor-accordion-icon-opened{display:block}.elementor-accordion .elementor-tab-content{display:none;padding:15px 20px;border-top:1px solid #d5d8dc}@media (max-width:767px){.elementor-accordion .elementor-tab-title{padding:12px 15px}.elementor-accordion .elementor-tab-title .elementor-accordion-icon{width:1.2em}.elementor-accordion .elementor-tab-content{padding:7px 15px}}.e-con-inner>.elementor-widget-accordion,.e-con>.elementor-widget-accordion{width:var(--container-widget-width);--flex-grow:var(--container-widget-flex-grow)}<\/style>\t\t<div class=\"elementor-accordion\">\n\t\t\t\t\t\t\t<div class=\"elementor-accordion-item\">\n\t\t\t\t\t<div id=\"elementor-tab-title-2131\" class=\"elementor-tab-title\" data-tab=\"1\" role=\"button\" aria-controls=\"elementor-tab-content-2131\" aria-expanded=\"false\">\n\t\t\t\t\t\t\t\t\t\t\t\t\t<span class=\"elementor-accordion-icon elementor-accordion-icon-left\" aria-hidden=\"true\">\n\t\t\t\t\t\t\t\t\t\t\t\t\t\t\t<span class=\"elementor-accordion-icon-closed\"><i class=\"fas fa-caret-down\"><\/i><\/span>\n\t\t\t\t\t\t\t\t<span class=\"elementor-accordion-icon-opened\"><i class=\"fas fa-caret-up\"><\/i><\/span>\n\t\t\t\t\t\t\t\t\t\t\t\t\t\t<\/span>\n\t\t\t\t\t\t\t\t\t\t\t\t<a class=\"elementor-accordion-title\" tabindex=\"0\">Paquete<\/a>\n\t\t\t\t\t<\/div>\n\t\t\t\t\t<div id=\"elementor-tab-content-2131\" class=\"elementor-tab-content elementor-clearfix\" data-tab=\"1\" role=\"region\" aria-labelledby=\"elementor-tab-title-2131\"><table><tbody><tr><td>Producto<\/td><td>PC<\/td><td>Paquete<\/td><td>Tama\u00f1o<\/td><td>Peso bruto<\/td><\/tr><tr><td rowspan=\"2\">BDHS2<\/td><td class=\"et4\">1<\/td><td class=\"et4\">Caja<\/td><td class=\"et4\">34,5\u00d7104 mm<\/td><td class=\"et4\">40,4g<\/td><\/tr><\/tbody><\/table><\/div>\n\t\t\t\t<\/div>\n\t\t\t\t\t\t\t<div class=\"elementor-accordion-item\">\n\t\t\t\t\t<div id=\"elementor-tab-title-2132\" class=\"elementor-tab-title\" data-tab=\"2\" role=\"button\" aria-controls=\"elementor-tab-content-2132\" aria-expanded=\"false\">\n\t\t\t\t\t\t\t\t\t\t\t\t\t<span class=\"elementor-accordion-icon elementor-accordion-icon-left\" aria-hidden=\"true\">\n\t\t\t\t\t\t\t\t\t\t\t\t\t\t\t<span class=\"elementor-accordion-icon-closed\"><i class=\"fas fa-caret-down\"><\/i><\/span>\n\t\t\t\t\t\t\t\t<span class=\"elementor-accordion-icon-opened\"><i class=\"fas fa-caret-up\"><\/i><\/span>\n\t\t\t\t\t\t\t\t\t\t\t\t\t\t<\/span>\n\t\t\t\t\t\t\t\t\t\t\t\t<a class=\"elementor-accordion-title\" tabindex=\"0\"> Env\u00edo<\/a>\n\t\t\t\t\t<\/div>\n\t\t\t\t\t<div id=\"elementor-tab-content-2132\" class=\"elementor-tab-content elementor-clearfix\" data-tab=\"2\" role=\"region\" aria-labelledby=\"elementor-tab-title-2132\"><p>El pedido de muestra se puede enviar en un plazo de 3 a 7 d\u00edas;<br \/>La producci\u00f3n de pedidos al por mayor o pedidos personalizados tarda entre 15 y 30 d\u00edas.<\/p><\/div>\n\t\t\t\t<\/div>\n\t\t\t\t\t\t\t\t<\/div>\n\t\t\t\t<\/div>\n\t\t\t\t<\/div>\n\t\t\t\t\t<\/div>\n\t\t<\/div>\n\t\t\t\t\t\t\t<\/div>\n\t\t<\/section>\n\t\t\t\t\t\t\t<\/div>","protected":false},"excerpt":{"rendered":"<p><strong>Modelo: BDHS2<\/strong><\/p>\n<div class=\"DescriptionImg\">\n<div class=\"image-box\">\n<p><img decoding=\"async\" src=\"https:\/\/bailishaver.com\/wp-content\/uploads\/2023\/11\/Shving_Brush_Icon.webp\" alt=\"Image1\" \/><\/p>\n<div class=\"caption\">Sint\u00e9tico<\/div>\n<\/div>\n<div class=\"image-box\">\n<p><img decoding=\"async\" src=\"https:\/\/bailishaver.com\/wp-content\/uploads\/2024\/02\/Synthetic_Hair_Icon.webp\" alt=\"Image2\" \/><\/p>\n<div class=\"caption\">cabello sint\u00e9tico<\/div>\n<\/div>\n<\/div>","protected":false},"featured_media":229294,"comment_status":"open","ping_status":"closed","template":"","meta":[],"product_cat":[37,59],"product_tag":[],"yoast_head":"<!-- This site is optimized with the Yoast SEO plugin v21.4 - https:\/\/yoast.com\/wordpress\/plugins\/seo\/ -->\n<title>Synthetic\u00a0Shave Brush Nylon\u00a0Hair Acrylic Shaving Brush - Guangzhou Weidi Technology Co.,Ltd<\/title>\n<meta name=\"description\" content=\"Synthetic\u00a0shave brush nylon\u00a0hair with acrylic wood\u00a0grain handle shaving brush.Ingenious\u00a0polishing,feel\u00a0full\u00a0and\u00a0comfortable\u00a0to\u00a0hold.\" \/>\n<meta name=\"robots\" content=\"index, follow, max-snippet:-1, max-image-preview:large, max-video-preview:-1\" \/>\n<link rel=\"canonical\" href=\"https:\/\/www.bailishaver.com\/es\/producto\/synthetic-shave-brush-nylon-hair-acrylic-shaving-brush\/\" \/>\n<meta property=\"og:locale\" content=\"es_ES\" \/>\n<meta property=\"og:type\" content=\"article\" \/>\n<meta property=\"og:title\" content=\"Synthetic\u00a0Shave Brush Nylon\u00a0Hair Acrylic Shaving Brush - Guangzhou Weidi Technology Co.,Ltd\" \/>\n<meta property=\"og:description\" content=\"Synthetic\u00a0shave brush nylon\u00a0hair with acrylic wood\u00a0grain handle shaving brush.Ingenious\u00a0polishing,feel\u00a0full\u00a0and\u00a0comfortable\u00a0to\u00a0hold.\" \/>\n<meta property=\"og:url\" content=\"https:\/\/www.bailishaver.com\/es\/producto\/synthetic-shave-brush-nylon-hair-acrylic-shaving-brush\/\" \/>\n<meta property=\"og:site_name\" content=\"Guangzhou Weidi Technology Co.,Ltd\" \/>\n<meta property=\"article:modified_time\" content=\"2024-02-29T06:44:21+00:00\" \/>\n<meta property=\"og:image\" content=\"https:\/\/www.bailishaver.com\/wp-content\/uploads\/2023\/11\/Synthetic_Shave_Brush_Nylon_Hair_Acrylic_Shaving_Brush_01.webp\" \/>\n\t<meta property=\"og:image:width\" content=\"800\" \/>\n\t<meta property=\"og:image:height\" content=\"800\" \/>\n\t<meta property=\"og:image:type\" content=\"image\/webp\" \/>\n<meta name=\"twitter:card\" content=\"summary_large_image\" \/>\n<meta name=\"twitter:label1\" content=\"Tiempo de lectura\" \/>\n\t<meta name=\"twitter:data1\" content=\"2 minutos\" \/>\n<script type=\"application\/ld+json\" class=\"yoast-schema-graph\">{\"@context\":\"https:\/\/schema.org\",\"@graph\":[{\"@type\":\"WebPage\",\"@id\":\"https:\/\/www.bailishaver.com\/product\/synthetic-shave-brush-nylon-hair-acrylic-shaving-brush\/\",\"url\":\"https:\/\/www.bailishaver.com\/product\/synthetic-shave-brush-nylon-hair-acrylic-shaving-brush\/\",\"name\":\"Synthetic\u00a0Shave Brush Nylon\u00a0Hair Acrylic Shaving Brush - Guangzhou Weidi Technology Co.,Ltd\",\"isPartOf\":{\"@id\":\"https:\/\/www.bailishaver.com\/#website\"},\"datePublished\":\"2023-11-03T06:20:23+00:00\",\"dateModified\":\"2024-02-29T06:44:21+00:00\",\"description\":\"Synthetic\u00a0shave brush nylon\u00a0hair with acrylic wood\u00a0grain handle shaving brush.Ingenious\u00a0polishing,feel\u00a0full\u00a0and\u00a0comfortable\u00a0to\u00a0hold.\",\"breadcrumb\":{\"@id\":\"https:\/\/www.bailishaver.com\/product\/synthetic-shave-brush-nylon-hair-acrylic-shaving-brush\/#breadcrumb\"},\"inLanguage\":\"es\",\"potentialAction\":[{\"@type\":\"ReadAction\",\"target\":[\"https:\/\/www.bailishaver.com\/product\/synthetic-shave-brush-nylon-hair-acrylic-shaving-brush\/\"]}]},{\"@type\":\"BreadcrumbList\",\"@id\":\"https:\/\/www.bailishaver.com\/product\/synthetic-shave-brush-nylon-hair-acrylic-shaving-brush\/#breadcrumb\",\"itemListElement\":[{\"@type\":\"ListItem\",\"position\":1,\"name\":\"HOME\",\"item\":\"https:\/\/www.bailishaver.com\/\"},{\"@type\":\"ListItem\",\"position\":2,\"name\":\"Product\",\"item\":\"https:\/\/www.bailishaver.com\/product\/\"},{\"@type\":\"ListItem\",\"position\":3,\"name\":\"Synthetic\u00a0Shave Brush Nylon\u00a0Hair Acrylic Shaving Brush\"}]},{\"@type\":\"WebSite\",\"@id\":\"https:\/\/www.bailishaver.com\/#website\",\"url\":\"https:\/\/www.bailishaver.com\/\",\"name\":\"Guangzhou Weidi Technology Co.,Ltd\",\"description\":\"system razors, lady razors, shaving kits, blade and refill, disposable razor, shaving , accessories, etc.\",\"potentialAction\":[{\"@type\":\"SearchAction\",\"target\":{\"@type\":\"EntryPoint\",\"urlTemplate\":\"https:\/\/www.bailishaver.com\/?s={search_term_string}\"},\"query-input\":\"required name=search_term_string\"}],\"inLanguage\":\"es\"}]}<\/script>\n<!-- \/ Yoast SEO plugin. -->","yoast_head_json":{"title":"Synthetic\u00a0Shave Brush Nylon\u00a0Hair Acrylic Shaving Brush - Guangzhou Weidi Technology Co.,Ltd","description":"Synthetic\u00a0shave brush nylon\u00a0hair with acrylic wood\u00a0grain handle shaving brush.Ingenious\u00a0polishing,feel\u00a0full\u00a0and\u00a0comfortable\u00a0to\u00a0hold.","robots":{"index":"index","follow":"follow","max-snippet":"max-snippet:-1","max-image-preview":"max-image-preview:large","max-video-preview":"max-video-preview:-1"},"canonical":"https:\/\/www.bailishaver.com\/es\/producto\/synthetic-shave-brush-nylon-hair-acrylic-shaving-brush\/","og_locale":"es_ES","og_type":"article","og_title":"Synthetic\u00a0Shave Brush Nylon\u00a0Hair Acrylic Shaving Brush - Guangzhou Weidi Technology Co.,Ltd","og_description":"Synthetic\u00a0shave brush nylon\u00a0hair with acrylic wood\u00a0grain handle shaving brush.Ingenious\u00a0polishing,feel\u00a0full\u00a0and\u00a0comfortable\u00a0to\u00a0hold.","og_url":"https:\/\/www.bailishaver.com\/es\/producto\/synthetic-shave-brush-nylon-hair-acrylic-shaving-brush\/","og_site_name":"Guangzhou Weidi Technology Co.,Ltd","article_modified_time":"2024-02-29T06:44:21+00:00","og_image":[{"width":800,"height":800,"url":"https:\/\/www.bailishaver.com\/wp-content\/uploads\/2023\/11\/Synthetic_Shave_Brush_Nylon_Hair_Acrylic_Shaving_Brush_01.webp","type":"image\/webp"}],"twitter_card":"summary_large_image","twitter_misc":{"Tiempo de lectura":"2 minutos"},"schema":{"@context":"https:\/\/schema.org","@graph":[{"@type":"WebPage","@id":"https:\/\/www.bailishaver.com\/product\/synthetic-shave-brush-nylon-hair-acrylic-shaving-brush\/","url":"https:\/\/www.bailishaver.com\/product\/synthetic-shave-brush-nylon-hair-acrylic-shaving-brush\/","name":"Synthetic\u00a0Shave Brush Nylon\u00a0Hair Acrylic Shaving Brush - Guangzhou Weidi Technology Co.,Ltd","isPartOf":{"@id":"https:\/\/www.bailishaver.com\/#website"},"datePublished":"2023-11-03T06:20:23+00:00","dateModified":"2024-02-29T06:44:21+00:00","description":"Synthetic\u00a0shave brush nylon\u00a0hair with acrylic wood\u00a0grain handle shaving brush.Ingenious\u00a0polishing,feel\u00a0full\u00a0and\u00a0comfortable\u00a0to\u00a0hold.","breadcrumb":{"@id":"https:\/\/www.bailishaver.com\/product\/synthetic-shave-brush-nylon-hair-acrylic-shaving-brush\/#breadcrumb"},"inLanguage":"es","potentialAction":[{"@type":"ReadAction","target":["https:\/\/www.bailishaver.com\/product\/synthetic-shave-brush-nylon-hair-acrylic-shaving-brush\/"]}]},{"@type":"BreadcrumbList","@id":"https:\/\/www.bailishaver.com\/product\/synthetic-shave-brush-nylon-hair-acrylic-shaving-brush\/#breadcrumb","itemListElement":[{"@type":"ListItem","position":1,"name":"HOME","item":"https:\/\/www.bailishaver.com\/"},{"@type":"ListItem","position":2,"name":"Product","item":"https:\/\/www.bailishaver.com\/product\/"},{"@type":"ListItem","position":3,"name":"Synthetic\u00a0Shave Brush Nylon\u00a0Hair Acrylic Shaving Brush"}]},{"@type":"WebSite","@id":"https:\/\/www.bailishaver.com\/#website","url":"https:\/\/www.bailishaver.com\/","name":"Guangzhou Weidi Technology Co.,Ltd","description":"system razors, lady razors, shaving kits, blade and refill, disposable razor, shaving , accessories, etc.","potentialAction":[{"@type":"SearchAction","target":{"@type":"EntryPoint","urlTemplate":"https:\/\/www.bailishaver.com\/?s={search_term_string}"},"query-input":"required name=search_term_string"}],"inLanguage":"es"}]}},"_links":{"self":[{"href":"https:\/\/www.bailishaver.com\/es\/wp-json\/wp\/v2\/product\/229283"}],"collection":[{"href":"https:\/\/www.bailishaver.com\/es\/wp-json\/wp\/v2\/product"}],"about":[{"href":"https:\/\/www.bailishaver.com\/es\/wp-json\/wp\/v2\/types\/product"}],"replies":[{"embeddable":true,"href":"https:\/\/www.bailishaver.com\/es\/wp-json\/wp\/v2\/comments?post=229283"}],"version-history":[{"count":2,"href":"https:\/\/www.bailishaver.com\/es\/wp-json\/wp\/v2\/product\/229283\/revisions"}],"predecessor-version":[{"id":231639,"href":"https:\/\/www.bailishaver.com\/es\/wp-json\/wp\/v2\/product\/229283\/revisions\/231639"}],"wp:featuredmedia":[{"embeddable":true,"href":"https:\/\/www.bailishaver.com\/es\/wp-json\/wp\/v2\/media\/229294"}],"wp:attachment":[{"href":"https:\/\/www.bailishaver.com\/es\/wp-json\/wp\/v2\/media?parent=229283"}],"wp:term":[{"taxonomy":"product_cat","embeddable":true,"href":"https:\/\/www.bailishaver.com\/es\/wp-json\/wp\/v2\/product_cat?post=229283"},{"taxonomy":"product_tag","embeddable":true,"href":"https:\/\/www.bailishaver.com\/es\/wp-json\/wp\/v2\/product_tag?post=229283"}],"curies":[{"name":"wp","href":"https:\/\/api.w.org\/{rel}","templated":true}]}}