{"id":229056,"date":"2023-11-02T15:49:46","date_gmt":"2023-11-02T07:49:46","guid":{"rendered":"https:\/\/bailishaver.com\/?post_type=product&#038;p=229056"},"modified":"2024-02-29T11:58:24","modified_gmt":"2024-02-29T03:58:24","slug":"mini-triple-blade-razors-for-women-body-shaving-kit","status":"publish","type":"product","link":"https:\/\/www.bailishaver.com\/es\/producto\/mini-triple-blade-razors-for-women-body-shaving-kit\/","title":{"rendered":"Mini maquinillas de afeitar de triple hoja para mujer, kit de afeitado corporal"},"content":{"rendered":"<div data-elementor-type=\"product-post\" data-elementor-id=\"229056\" class=\"elementor elementor-229056\" data-elementor-post-type=\"product\">\n\t\t\t\t\t\t\t\t\t<section class=\"wd-negative-gap elementor-section elementor-top-section elementor-element elementor-element-755984c8 elementor-section-content-middle elementor-section-boxed elementor-section-height-default elementor-section-height-default wd-section-disabled\" data-id=\"755984c8\" data-element_type=\"section\">\n\t\t\t\t\t\t<div class=\"elementor-container elementor-column-gap-default\">\n\t\t\t\t\t<div class=\"elementor-column elementor-col-50 elementor-top-column elementor-element elementor-element-6460543e\" data-id=\"6460543e\" data-element_type=\"column\">\n\t\t\t<div class=\"elementor-widget-wrap elementor-element-populated\">\n\t\t\t\t\t\t\t\t<div class=\"elementor-element elementor-element-64425ac7 elementor-widget elementor-widget-wd_text_block\" data-id=\"64425ac7\" data-element_type=\"widget\" data-widget_type=\"wd_text_block.default\">\n\t\t\t\t<div class=\"elementor-widget-container\">\n\t\t\t\t\t<div class=\"wd-text-block reset-last-child text-left color-title\">\n\t\t\t\n\t\t\t<p>Modelo: WGJ462<\/p><p>Cabezal de afeitar: cabezal de afeitar flotante de triple hoja<\/p><p>Tama\u00f1o del kit de afeitado: 64,7 \u00d7 24,5 \u00d7 90 mm<\/p><p>Peso del kit de afeitado: 35 g.<\/p><p>Material: ABS+TPE+acero inoxidable+goma<\/p><p>Caracter\u00edsticas: Tira hidratante de aloe vera de 360\u00b0; Lavable; Reutilizable; Impermeable; A prueba de herrumbre<\/p>\n\t\t\t\t\t<\/div>\n\t\t\t\t<\/div>\n\t\t\t\t<\/div>\n\t\t\t\t\t<\/div>\n\t\t<\/div>\n\t\t\t\t<div class=\"elementor-column elementor-col-50 elementor-top-column elementor-element elementor-element-26715414\" data-id=\"26715414\" data-element_type=\"column\">\n\t\t\t<div class=\"elementor-widget-wrap elementor-element-populated\">\n\t\t\t\t\t\t\t\t<div class=\"elementor-element elementor-element-66c3c1e8 elementor-widget elementor-widget-wd_image_or_svg\" data-id=\"66c3c1e8\" data-element_type=\"widget\" data-widget_type=\"wd_image_or_svg.default\">\n\t\t\t\t<div class=\"elementor-widget-container\">\n\t\t\t\n\t\t<div class=\"wd-image text-left\">\n\t\t\t\t\t\t\t\t<img fetchpriority=\"high\" decoding=\"async\" width=\"800\" height=\"800\" src=\"https:\/\/www.bailishaver.com\/wp-content\/uploads\/2023\/11\/Mini_Triple_Blade_Razors_for_Women_Body_Shaving_Kit_details_01.webp\" class=\"attachment-full size-full wp-image-229051\" alt=\"\" srcset=\"https:\/\/www.bailishaver.com\/wp-content\/uploads\/2023\/11\/Mini_Triple_Blade_Razors_for_Women_Body_Shaving_Kit_details_01.webp 800w, https:\/\/www.bailishaver.com\/wp-content\/uploads\/2023\/11\/Mini_Triple_Blade_Razors_for_Women_Body_Shaving_Kit_details_01-300x300.webp 300w, https:\/\/www.bailishaver.com\/wp-content\/uploads\/2023\/11\/Mini_Triple_Blade_Razors_for_Women_Body_Shaving_Kit_details_01-150x150.webp 150w, https:\/\/www.bailishaver.com\/wp-content\/uploads\/2023\/11\/Mini_Triple_Blade_Razors_for_Women_Body_Shaving_Kit_details_01-768x768.webp 768w, https:\/\/www.bailishaver.com\/wp-content\/uploads\/2023\/11\/Mini_Triple_Blade_Razors_for_Women_Body_Shaving_Kit_details_01-12x12.webp 12w\" sizes=\"(max-width: 800px) 100vw, 800px\" \/>\t\t\t\t\t<\/div>\n\n\t\t\t\t<\/div>\n\t\t\t\t<\/div>\n\t\t\t\t\t<\/div>\n\t\t<\/div>\n\t\t\t\t\t\t\t<\/div>\n\t\t<\/section>\n\t\t\t\t<section class=\"wd-negative-gap elementor-section elementor-top-section elementor-element elementor-element-651996b3 elementor-section-content-middle elementor-section-boxed elementor-section-height-default elementor-section-height-default wd-section-disabled\" data-id=\"651996b3\" data-element_type=\"section\">\n\t\t\t\t\t\t<div class=\"elementor-container elementor-column-gap-default\">\n\t\t\t\t\t<div class=\"elementor-column elementor-col-50 elementor-top-column elementor-element elementor-element-33471ec3\" data-id=\"33471ec3\" data-element_type=\"column\">\n\t\t\t<div class=\"elementor-widget-wrap elementor-element-populated\">\n\t\t\t\t\t\t\t\t<div class=\"elementor-element elementor-element-2ae26ea9 elementor-hidden-desktop elementor-hidden-tablet elementor-widget elementor-widget-wd_text_block\" data-id=\"2ae26ea9\" data-element_type=\"widget\" data-widget_type=\"wd_text_block.default\">\n\t\t\t\t<div class=\"elementor-widget-container\">\n\t\t\t\t\t<div class=\"wd-text-block reset-last-child text-left color-title\">\n\t\t\t\n\t\t\t<h5>*Mini mango ligero para mujer;<\/h5><h5>* Exquisita caja de almacenamiento para viajes, kit de afeitado corporal port\u00e1til para mujeres;<\/h5><h5>*A\u00fan mejor en la ducha para mujeres:<\/h5><p>\u00a1Al ba\u00f1arte, tendr\u00e1s una mejor experiencia con la loci\u00f3n de ba\u00f1o!<\/p><p>Aplicable a m\u00faltiples partes, tales como: brazo, axila, piernas, espalda, etc.<\/p>\n\t\t\t\t\t<\/div>\n\t\t\t\t<\/div>\n\t\t\t\t<\/div>\n\t\t\t\t<div class=\"elementor-element elementor-element-481459e0 elementor-widget elementor-widget-wd_image_or_svg\" data-id=\"481459e0\" data-element_type=\"widget\" data-widget_type=\"wd_image_or_svg.default\">\n\t\t\t\t<div class=\"elementor-widget-container\">\n\t\t\t\n\t\t<div class=\"wd-image text-left\">\n\t\t\t\t\t\t\t\t<img decoding=\"async\" width=\"800\" height=\"800\" src=\"https:\/\/www.bailishaver.com\/wp-content\/uploads\/2023\/11\/Mini_Triple_Blade_Razors_for_Women_Body_Shaving_Kit_details_02.webp\" class=\"attachment-full size-full wp-image-229052\" alt=\"\" srcset=\"https:\/\/www.bailishaver.com\/wp-content\/uploads\/2023\/11\/Mini_Triple_Blade_Razors_for_Women_Body_Shaving_Kit_details_02.webp 800w, https:\/\/www.bailishaver.com\/wp-content\/uploads\/2023\/11\/Mini_Triple_Blade_Razors_for_Women_Body_Shaving_Kit_details_02-300x300.webp 300w, https:\/\/www.bailishaver.com\/wp-content\/uploads\/2023\/11\/Mini_Triple_Blade_Razors_for_Women_Body_Shaving_Kit_details_02-150x150.webp 150w, https:\/\/www.bailishaver.com\/wp-content\/uploads\/2023\/11\/Mini_Triple_Blade_Razors_for_Women_Body_Shaving_Kit_details_02-768x768.webp 768w, https:\/\/www.bailishaver.com\/wp-content\/uploads\/2023\/11\/Mini_Triple_Blade_Razors_for_Women_Body_Shaving_Kit_details_02-12x12.webp 12w\" sizes=\"(max-width: 800px) 100vw, 800px\" \/>\t\t\t\t\t<\/div>\n\n\t\t\t\t<\/div>\n\t\t\t\t<\/div>\n\t\t\t\t\t<\/div>\n\t\t<\/div>\n\t\t\t\t<div class=\"elementor-column elementor-col-50 elementor-top-column elementor-element elementor-element-22ff900f\" data-id=\"22ff900f\" data-element_type=\"column\">\n\t\t\t<div class=\"elementor-widget-wrap elementor-element-populated\">\n\t\t\t\t\t\t\t\t<div class=\"elementor-element elementor-element-b366e36 elementor-hidden-mobile elementor-widget elementor-widget-wd_text_block\" data-id=\"b366e36\" data-element_type=\"widget\" data-widget_type=\"wd_text_block.default\">\n\t\t\t\t<div class=\"elementor-widget-container\">\n\t\t\t\t\t<div class=\"wd-text-block reset-last-child text-left color-title\">\n\t\t\t\n\t\t\t<h5>*Mini mango ligero para mujer;<\/h5><h5>* Exquisita caja de almacenamiento para viajes, kit de afeitado corporal port\u00e1til para mujeres;<\/h5><h5>*A\u00fan mejor en la ducha para mujeres:<\/h5><p>\u00a1Al ba\u00f1arte, tendr\u00e1s una mejor experiencia con la loci\u00f3n de ba\u00f1o!<\/p><p>Aplicable a m\u00faltiples partes, tales como: brazo, axila, piernas, espalda, etc.<\/p>\n\t\t\t\t\t<\/div>\n\t\t\t\t<\/div>\n\t\t\t\t<\/div>\n\t\t\t\t\t<\/div>\n\t\t<\/div>\n\t\t\t\t\t\t\t<\/div>\n\t\t<\/section>\n\t\t\t\t<section class=\"wd-negative-gap elementor-section elementor-top-section elementor-element elementor-element-590cd307 elementor-section-content-middle elementor-section-boxed elementor-section-height-default elementor-section-height-default wd-section-disabled\" data-id=\"590cd307\" data-element_type=\"section\">\n\t\t\t\t\t\t<div class=\"elementor-container elementor-column-gap-default\">\n\t\t\t\t\t<div class=\"elementor-column elementor-col-50 elementor-top-column elementor-element elementor-element-6eedadbb\" data-id=\"6eedadbb\" data-element_type=\"column\">\n\t\t\t<div class=\"elementor-widget-wrap elementor-element-populated\">\n\t\t\t\t\t\t\t\t<div class=\"elementor-element elementor-element-5e6b7185 elementor-widget elementor-widget-wd_text_block\" data-id=\"5e6b7185\" data-element_type=\"widget\" data-widget_type=\"wd_text_block.default\">\n\t\t\t\t<div class=\"elementor-widget-container\">\n\t\t\t\t\t<div class=\"wd-text-block reset-last-child text-left color-title\">\n\t\t\t\n\t\t\t<h5>* Cuchillas de afeitar flotantes de 3 capas para mujeres que tienen un contacto m\u00e1s cercano con la piel;<\/h5><h5>*Tira circular de lubricaci\u00f3n de aloe vera de 360\u00b0;<\/h5><h5>*El peine guiado de 3 capas con sensaci\u00f3n de nube reduce la sensaci\u00f3n de tir\u00f3n.<\/h5>\n\t\t\t\t\t<\/div>\n\t\t\t\t<\/div>\n\t\t\t\t<\/div>\n\t\t\t\t\t<\/div>\n\t\t<\/div>\n\t\t\t\t<div class=\"elementor-column elementor-col-50 elementor-top-column elementor-element elementor-element-34a1dfad\" data-id=\"34a1dfad\" data-element_type=\"column\">\n\t\t\t<div class=\"elementor-widget-wrap elementor-element-populated\">\n\t\t\t\t\t\t\t\t<div class=\"elementor-element elementor-element-115a61a1 elementor-widget elementor-widget-wd_image_or_svg\" data-id=\"115a61a1\" data-element_type=\"widget\" data-widget_type=\"wd_image_or_svg.default\">\n\t\t\t\t<div class=\"elementor-widget-container\">\n\t\t\t\n\t\t<div class=\"wd-image text-left\">\n\t\t\t\t\t\t\t\t<img decoding=\"async\" width=\"800\" height=\"800\" src=\"https:\/\/www.bailishaver.com\/wp-content\/uploads\/2023\/11\/Mini_Triple_Blade_Razors_for_Women_Body_Shaving_Kit_details_03.webp\" class=\"attachment-full size-full wp-image-229053\" alt=\"\" srcset=\"https:\/\/www.bailishaver.com\/wp-content\/uploads\/2023\/11\/Mini_Triple_Blade_Razors_for_Women_Body_Shaving_Kit_details_03.webp 800w, https:\/\/www.bailishaver.com\/wp-content\/uploads\/2023\/11\/Mini_Triple_Blade_Razors_for_Women_Body_Shaving_Kit_details_03-300x300.webp 300w, https:\/\/www.bailishaver.com\/wp-content\/uploads\/2023\/11\/Mini_Triple_Blade_Razors_for_Women_Body_Shaving_Kit_details_03-150x150.webp 150w, https:\/\/www.bailishaver.com\/wp-content\/uploads\/2023\/11\/Mini_Triple_Blade_Razors_for_Women_Body_Shaving_Kit_details_03-768x768.webp 768w, https:\/\/www.bailishaver.com\/wp-content\/uploads\/2023\/11\/Mini_Triple_Blade_Razors_for_Women_Body_Shaving_Kit_details_03-12x12.webp 12w\" sizes=\"(max-width: 800px) 100vw, 800px\" \/>\t\t\t\t\t<\/div>\n\n\t\t\t\t<\/div>\n\t\t\t\t<\/div>\n\t\t\t\t\t<\/div>\n\t\t<\/div>\n\t\t\t\t\t\t\t<\/div>\n\t\t<\/section>\n\t\t\t\t<section class=\"wd-negative-gap elementor-section elementor-top-section elementor-element elementor-element-794a0269 elementor-section-boxed elementor-section-height-default elementor-section-height-default wd-section-disabled\" data-id=\"794a0269\" data-element_type=\"section\">\n\t\t\t\t\t\t<div class=\"elementor-container elementor-column-gap-default\">\n\t\t\t\t\t<div class=\"elementor-column elementor-col-100 elementor-top-column elementor-element elementor-element-2ee86501\" data-id=\"2ee86501\" data-element_type=\"column\">\n\t\t\t<div class=\"elementor-widget-wrap elementor-element-populated\">\n\t\t\t\t\t\t\t\t<div class=\"elementor-element elementor-element-34cebfa8 elementor-widget elementor-widget-accordion\" data-id=\"34cebfa8\" data-element_type=\"widget\" data-widget_type=\"accordion.default\">\n\t\t\t\t<div class=\"elementor-widget-container\">\n\t\t\t<style>\/*! elementor - v3.18.0 - 20-12-2023 *\/\n.elementor-accordion{text-align:left}.elementor-accordion .elementor-accordion-item{border:1px solid #d5d8dc}.elementor-accordion .elementor-accordion-item+.elementor-accordion-item{border-top:none}.elementor-accordion .elementor-tab-title{margin:0;padding:15px 20px;font-weight:700;line-height:1;cursor:pointer;outline:none}.elementor-accordion .elementor-tab-title .elementor-accordion-icon{display:inline-block;width:1.5em}.elementor-accordion .elementor-tab-title .elementor-accordion-icon svg{width:1em;height:1em}.elementor-accordion .elementor-tab-title .elementor-accordion-icon.elementor-accordion-icon-right{float:right;text-align:right}.elementor-accordion .elementor-tab-title .elementor-accordion-icon.elementor-accordion-icon-left{float:left;text-align:left}.elementor-accordion .elementor-tab-title .elementor-accordion-icon .elementor-accordion-icon-closed{display:block}.elementor-accordion .elementor-tab-title .elementor-accordion-icon .elementor-accordion-icon-opened,.elementor-accordion .elementor-tab-title.elementor-active .elementor-accordion-icon-closed{display:none}.elementor-accordion .elementor-tab-title.elementor-active .elementor-accordion-icon-opened{display:block}.elementor-accordion .elementor-tab-content{display:none;padding:15px 20px;border-top:1px solid #d5d8dc}@media (max-width:767px){.elementor-accordion .elementor-tab-title{padding:12px 15px}.elementor-accordion .elementor-tab-title .elementor-accordion-icon{width:1.2em}.elementor-accordion .elementor-tab-content{padding:7px 15px}}.e-con-inner>.elementor-widget-accordion,.e-con>.elementor-widget-accordion{width:var(--container-widget-width);--flex-grow:var(--container-widget-flex-grow)}<\/style>\t\t<div class=\"elementor-accordion\">\n\t\t\t\t\t\t\t<div class=\"elementor-accordion-item\">\n\t\t\t\t\t<div id=\"elementor-tab-title-8851\" class=\"elementor-tab-title\" data-tab=\"1\" role=\"button\" aria-controls=\"elementor-tab-content-8851\" aria-expanded=\"false\">\n\t\t\t\t\t\t\t\t\t\t\t\t\t<span class=\"elementor-accordion-icon elementor-accordion-icon-left\" aria-hidden=\"true\">\n\t\t\t\t\t\t\t\t\t\t\t\t\t\t\t<span class=\"elementor-accordion-icon-closed\"><i class=\"fas fa-caret-down\"><\/i><\/span>\n\t\t\t\t\t\t\t\t<span class=\"elementor-accordion-icon-opened\"><i class=\"fas fa-caret-up\"><\/i><\/span>\n\t\t\t\t\t\t\t\t\t\t\t\t\t\t<\/span>\n\t\t\t\t\t\t\t\t\t\t\t\t<a class=\"elementor-accordion-title\" tabindex=\"0\">Paquete<\/a>\n\t\t\t\t\t<\/div>\n\t\t\t\t\t<div id=\"elementor-tab-content-8851\" class=\"elementor-tab-content elementor-clearfix\" data-tab=\"1\" role=\"region\" aria-labelledby=\"elementor-tab-title-8851\"><table><tbody><tr><td>Producto<\/td><td>PC<\/td><td>Paquete<\/td><td>Tama\u00f1o<\/td><td>Peso bruto<\/td><\/tr><tr><td rowspan=\"2\">WGJ462<\/td><td class=\"et4\">1<\/td><td class=\"et4\">Bolsa de polipropileno<\/td><td class=\"et4\">64,7\u00d724,5\u00d790 mm<\/td><td class=\"et4\">35g<\/td><\/tr><\/tbody><\/table><\/div>\n\t\t\t\t<\/div>\n\t\t\t\t\t\t\t<div class=\"elementor-accordion-item\">\n\t\t\t\t\t<div id=\"elementor-tab-title-8852\" class=\"elementor-tab-title\" data-tab=\"2\" role=\"button\" aria-controls=\"elementor-tab-content-8852\" aria-expanded=\"false\">\n\t\t\t\t\t\t\t\t\t\t\t\t\t<span class=\"elementor-accordion-icon elementor-accordion-icon-left\" aria-hidden=\"true\">\n\t\t\t\t\t\t\t\t\t\t\t\t\t\t\t<span class=\"elementor-accordion-icon-closed\"><i class=\"fas fa-caret-down\"><\/i><\/span>\n\t\t\t\t\t\t\t\t<span class=\"elementor-accordion-icon-opened\"><i class=\"fas fa-caret-up\"><\/i><\/span>\n\t\t\t\t\t\t\t\t\t\t\t\t\t\t<\/span>\n\t\t\t\t\t\t\t\t\t\t\t\t<a class=\"elementor-accordion-title\" tabindex=\"0\"> Env\u00edo<\/a>\n\t\t\t\t\t<\/div>\n\t\t\t\t\t<div id=\"elementor-tab-content-8852\" class=\"elementor-tab-content elementor-clearfix\" data-tab=\"2\" role=\"region\" aria-labelledby=\"elementor-tab-title-8852\">El pedido de muestra se puede enviar en un plazo de 3 a 7 d\u00edas; <br>La producci\u00f3n de pedidos al por mayor o pedidos personalizados tarda entre 15 y 30 d\u00edas.\n<\/div>\n\t\t\t\t<\/div>\n\t\t\t\t\t\t\t\t<\/div>\n\t\t\t\t<\/div>\n\t\t\t\t<\/div>\n\t\t\t\t\t<\/div>\n\t\t<\/div>\n\t\t\t\t\t\t\t<\/div>\n\t\t<\/section>\n\t\t\t\t\t\t\t<\/div>","protected":false},"excerpt":{"rendered":"<p><strong>Modelo: WGJ462<\/strong><\/p>\n<div class=\"DescriptionImg\">\n<div class=\"image-box\">\n<p><img decoding=\"async\" src=\"https:\/\/bailishaver.com\/wp-content\/uploads\/2023\/10\/Triple_Blade.jpg\" alt=\"Image1\" \/><\/p>\n<div class=\"caption\">Triple hoja<\/div>\n<\/div>\n<div class=\"image-box\">\n<p><img decoding=\"async\" src=\"https:\/\/bailishaver.com\/wp-content\/uploads\/2024\/02\/Mini_Handle_Icon.webp\" alt=\"Image2\" \/><\/p>\n<div class=\"caption\">Minimango<\/div>\n<\/div>\n<div class=\"image-box\">\n<p><img decoding=\"async\" src=\"https:\/\/bailishaver.com\/wp-content\/uploads\/2024\/02\/Portable_Travel_Case_Icon-1.webp\" alt=\"Image3\" \/><\/p>\n<div class=\"caption\">Estuche de viaje port\u00e1til<\/div>\n<\/div>\n<\/div>","protected":false},"featured_media":229045,"comment_status":"open","ping_status":"closed","template":"","meta":[],"product_cat":[34,69],"product_tag":[],"yoast_head":"<!-- This site is optimized with the Yoast SEO plugin v21.4 - https:\/\/yoast.com\/wordpress\/plugins\/seo\/ -->\n<title>Mini Triple Blade Razors for Women Body Shaving Kit - Guangzhou Weidi Technology Co.,Ltd<\/title>\n<meta name=\"description\" content=\"3-layer floating blades razors abs lightweight mini handle 360\u00b0 aloe vera strip with exquisite storage box shaving kit for women body.\" \/>\n<meta name=\"robots\" content=\"index, follow, max-snippet:-1, max-image-preview:large, max-video-preview:-1\" \/>\n<link rel=\"canonical\" href=\"https:\/\/www.bailishaver.com\/es\/producto\/mini-triple-blade-razors-for-women-body-shaving-kit\/\" \/>\n<meta property=\"og:locale\" content=\"es_ES\" \/>\n<meta property=\"og:type\" content=\"article\" \/>\n<meta property=\"og:title\" content=\"Mini Triple Blade Razors for Women Body Shaving Kit - Guangzhou Weidi Technology Co.,Ltd\" \/>\n<meta property=\"og:description\" content=\"3-layer floating blades razors abs lightweight mini handle 360\u00b0 aloe vera strip with exquisite storage box shaving kit for women body.\" \/>\n<meta property=\"og:url\" content=\"https:\/\/www.bailishaver.com\/es\/producto\/mini-triple-blade-razors-for-women-body-shaving-kit\/\" \/>\n<meta property=\"og:site_name\" content=\"Guangzhou Weidi Technology Co.,Ltd\" \/>\n<meta property=\"article:modified_time\" content=\"2024-02-29T03:58:24+00:00\" \/>\n<meta property=\"og:image\" content=\"https:\/\/www.bailishaver.com\/wp-content\/uploads\/2023\/11\/Mini_Triple_Blade_Razors_for_Women_Body_Shaving_Kit_01.webp\" \/>\n\t<meta property=\"og:image:width\" content=\"800\" \/>\n\t<meta property=\"og:image:height\" content=\"800\" \/>\n\t<meta property=\"og:image:type\" content=\"image\/webp\" \/>\n<meta name=\"twitter:card\" content=\"summary_large_image\" \/>\n<meta name=\"twitter:label1\" content=\"Tiempo de lectura\" \/>\n\t<meta name=\"twitter:data1\" content=\"2 minutos\" \/>\n<script type=\"application\/ld+json\" class=\"yoast-schema-graph\">{\"@context\":\"https:\/\/schema.org\",\"@graph\":[{\"@type\":\"WebPage\",\"@id\":\"https:\/\/www.bailishaver.com\/product\/mini-triple-blade-razors-for-women-body-shaving-kit\/\",\"url\":\"https:\/\/www.bailishaver.com\/product\/mini-triple-blade-razors-for-women-body-shaving-kit\/\",\"name\":\"Mini Triple Blade Razors for Women Body Shaving Kit - Guangzhou Weidi Technology Co.,Ltd\",\"isPartOf\":{\"@id\":\"https:\/\/www.bailishaver.com\/#website\"},\"datePublished\":\"2023-11-02T07:49:46+00:00\",\"dateModified\":\"2024-02-29T03:58:24+00:00\",\"description\":\"3-layer floating blades razors abs lightweight mini handle 360\u00b0 aloe vera strip with exquisite storage box shaving kit for women body.\",\"breadcrumb\":{\"@id\":\"https:\/\/www.bailishaver.com\/product\/mini-triple-blade-razors-for-women-body-shaving-kit\/#breadcrumb\"},\"inLanguage\":\"es\",\"potentialAction\":[{\"@type\":\"ReadAction\",\"target\":[\"https:\/\/www.bailishaver.com\/product\/mini-triple-blade-razors-for-women-body-shaving-kit\/\"]}]},{\"@type\":\"BreadcrumbList\",\"@id\":\"https:\/\/www.bailishaver.com\/product\/mini-triple-blade-razors-for-women-body-shaving-kit\/#breadcrumb\",\"itemListElement\":[{\"@type\":\"ListItem\",\"position\":1,\"name\":\"HOME\",\"item\":\"https:\/\/www.bailishaver.com\/\"},{\"@type\":\"ListItem\",\"position\":2,\"name\":\"Product\",\"item\":\"https:\/\/www.bailishaver.com\/product\/\"},{\"@type\":\"ListItem\",\"position\":3,\"name\":\"Mini Triple Blade Razors for Women Body Shaving Kit\"}]},{\"@type\":\"WebSite\",\"@id\":\"https:\/\/www.bailishaver.com\/#website\",\"url\":\"https:\/\/www.bailishaver.com\/\",\"name\":\"Guangzhou Weidi Technology Co.,Ltd\",\"description\":\"system razors, lady razors, shaving kits, blade and refill, disposable razor, shaving , accessories, etc.\",\"potentialAction\":[{\"@type\":\"SearchAction\",\"target\":{\"@type\":\"EntryPoint\",\"urlTemplate\":\"https:\/\/www.bailishaver.com\/?s={search_term_string}\"},\"query-input\":\"required name=search_term_string\"}],\"inLanguage\":\"es\"}]}<\/script>\n<!-- \/ Yoast SEO plugin. -->","yoast_head_json":{"title":"Mini Triple Blade Razors for Women Body Shaving Kit - Guangzhou Weidi Technology Co.,Ltd","description":"3-layer floating blades razors abs lightweight mini handle 360\u00b0 aloe vera strip with exquisite storage box shaving kit for women body.","robots":{"index":"index","follow":"follow","max-snippet":"max-snippet:-1","max-image-preview":"max-image-preview:large","max-video-preview":"max-video-preview:-1"},"canonical":"https:\/\/www.bailishaver.com\/es\/producto\/mini-triple-blade-razors-for-women-body-shaving-kit\/","og_locale":"es_ES","og_type":"article","og_title":"Mini Triple Blade Razors for Women Body Shaving Kit - Guangzhou Weidi Technology Co.,Ltd","og_description":"3-layer floating blades razors abs lightweight mini handle 360\u00b0 aloe vera strip with exquisite storage box shaving kit for women body.","og_url":"https:\/\/www.bailishaver.com\/es\/producto\/mini-triple-blade-razors-for-women-body-shaving-kit\/","og_site_name":"Guangzhou Weidi Technology Co.,Ltd","article_modified_time":"2024-02-29T03:58:24+00:00","og_image":[{"width":800,"height":800,"url":"https:\/\/www.bailishaver.com\/wp-content\/uploads\/2023\/11\/Mini_Triple_Blade_Razors_for_Women_Body_Shaving_Kit_01.webp","type":"image\/webp"}],"twitter_card":"summary_large_image","twitter_misc":{"Tiempo de lectura":"2 minutos"},"schema":{"@context":"https:\/\/schema.org","@graph":[{"@type":"WebPage","@id":"https:\/\/www.bailishaver.com\/product\/mini-triple-blade-razors-for-women-body-shaving-kit\/","url":"https:\/\/www.bailishaver.com\/product\/mini-triple-blade-razors-for-women-body-shaving-kit\/","name":"Mini Triple Blade Razors for Women Body Shaving Kit - Guangzhou Weidi Technology Co.,Ltd","isPartOf":{"@id":"https:\/\/www.bailishaver.com\/#website"},"datePublished":"2023-11-02T07:49:46+00:00","dateModified":"2024-02-29T03:58:24+00:00","description":"3-layer floating blades razors abs lightweight mini handle 360\u00b0 aloe vera strip with exquisite storage box shaving kit for women body.","breadcrumb":{"@id":"https:\/\/www.bailishaver.com\/product\/mini-triple-blade-razors-for-women-body-shaving-kit\/#breadcrumb"},"inLanguage":"es","potentialAction":[{"@type":"ReadAction","target":["https:\/\/www.bailishaver.com\/product\/mini-triple-blade-razors-for-women-body-shaving-kit\/"]}]},{"@type":"BreadcrumbList","@id":"https:\/\/www.bailishaver.com\/product\/mini-triple-blade-razors-for-women-body-shaving-kit\/#breadcrumb","itemListElement":[{"@type":"ListItem","position":1,"name":"HOME","item":"https:\/\/www.bailishaver.com\/"},{"@type":"ListItem","position":2,"name":"Product","item":"https:\/\/www.bailishaver.com\/product\/"},{"@type":"ListItem","position":3,"name":"Mini Triple Blade Razors for Women Body Shaving Kit"}]},{"@type":"WebSite","@id":"https:\/\/www.bailishaver.com\/#website","url":"https:\/\/www.bailishaver.com\/","name":"Guangzhou Weidi Technology Co.,Ltd","description":"system razors, lady razors, shaving kits, blade and refill, disposable razor, shaving , accessories, etc.","potentialAction":[{"@type":"SearchAction","target":{"@type":"EntryPoint","urlTemplate":"https:\/\/www.bailishaver.com\/?s={search_term_string}"},"query-input":"required name=search_term_string"}],"inLanguage":"es"}]}},"_links":{"self":[{"href":"https:\/\/www.bailishaver.com\/es\/wp-json\/wp\/v2\/product\/229056"}],"collection":[{"href":"https:\/\/www.bailishaver.com\/es\/wp-json\/wp\/v2\/product"}],"about":[{"href":"https:\/\/www.bailishaver.com\/es\/wp-json\/wp\/v2\/types\/product"}],"replies":[{"embeddable":true,"href":"https:\/\/www.bailishaver.com\/es\/wp-json\/wp\/v2\/comments?post=229056"}],"version-history":[{"count":2,"href":"https:\/\/www.bailishaver.com\/es\/wp-json\/wp\/v2\/product\/229056\/revisions"}],"predecessor-version":[{"id":231621,"href":"https:\/\/www.bailishaver.com\/es\/wp-json\/wp\/v2\/product\/229056\/revisions\/231621"}],"wp:featuredmedia":[{"embeddable":true,"href":"https:\/\/www.bailishaver.com\/es\/wp-json\/wp\/v2\/media\/229045"}],"wp:attachment":[{"href":"https:\/\/www.bailishaver.com\/es\/wp-json\/wp\/v2\/media?parent=229056"}],"wp:term":[{"taxonomy":"product_cat","embeddable":true,"href":"https:\/\/www.bailishaver.com\/es\/wp-json\/wp\/v2\/product_cat?post=229056"},{"taxonomy":"product_tag","embeddable":true,"href":"https:\/\/www.bailishaver.com\/es\/wp-json\/wp\/v2\/product_tag?post=229056"}],"curies":[{"name":"wp","href":"https:\/\/api.w.org\/{rel}","templated":true}]}}