{"id":228912,"date":"2023-10-25T15:48:39","date_gmt":"2023-10-25T07:48:39","guid":{"rendered":"https:\/\/bailishaver.com\/?post_type=product&#038;p=228912"},"modified":"2024-02-29T11:20:42","modified_gmt":"2024-02-29T03:20:42","slug":"191-vintage-razor-sharp-blades-razor-stand-shaving-kit-gift","status":"publish","type":"product","link":"https:\/\/www.bailishaver.com\/es\/producto\/191-vintage-razor-sharp-blades-razor-stand-shaving-kit-gift\/","title":{"rendered":"191 Vintage Razor Sharp Blades Razor Stand Kit de afeitado Regalo"},"content":{"rendered":"<div data-elementor-type=\"product-post\" data-elementor-id=\"228912\" class=\"elementor elementor-228912\" data-elementor-post-type=\"product\">\n\t\t\t\t\t\t\t\t\t<section class=\"wd-negative-gap elementor-section elementor-top-section elementor-element elementor-element-4046c19d elementor-section-content-middle elementor-section-boxed elementor-section-height-default elementor-section-height-default wd-section-disabled\" data-id=\"4046c19d\" data-element_type=\"section\">\n\t\t\t\t\t\t<div class=\"elementor-container elementor-column-gap-default\">\n\t\t\t\t\t<div class=\"elementor-column elementor-col-50 elementor-top-column elementor-element elementor-element-5f3a54b9\" data-id=\"5f3a54b9\" data-element_type=\"column\">\n\t\t\t<div class=\"elementor-widget-wrap elementor-element-populated\">\n\t\t\t\t\t\t\t\t<div class=\"elementor-element elementor-element-18732802 elementor-widget elementor-widget-wd_text_block\" data-id=\"18732802\" data-element_type=\"widget\" data-widget_type=\"wd_text_block.default\">\n\t\t\t\t<div class=\"elementor-widget-container\">\n\t\t\t\t\t<div class=\"wd-text-block reset-last-child text-left color-title\">\n\t\t\t\n\t\t\t<p>Modelo: BD194<\/p><p>Cabezal de afeitar: cabezal de afeitar de doble filo<\/p><p>Tama\u00f1o del kit de afeitado: 124 \u00d7 124 \u00d7 33,5 mm<\/p><p>Peso del kit de afeitado: 222,9 g<\/p><p>Material: aleaci\u00f3n de zinc+ABS+PP+acero inoxidable.<\/p><p>Caracter\u00edsticas: lavable; reutilizable; impermeable; resistente al \u00f3xido.<\/p>\n\t\t\t\t\t<\/div>\n\t\t\t\t<\/div>\n\t\t\t\t<\/div>\n\t\t\t\t\t<\/div>\n\t\t<\/div>\n\t\t\t\t<div class=\"elementor-column elementor-col-50 elementor-top-column elementor-element elementor-element-541ec9c7\" data-id=\"541ec9c7\" data-element_type=\"column\">\n\t\t\t<div class=\"elementor-widget-wrap elementor-element-populated\">\n\t\t\t\t\t\t\t\t<div class=\"elementor-element elementor-element-4536a9e4 elementor-widget elementor-widget-wd_image_or_svg\" data-id=\"4536a9e4\" data-element_type=\"widget\" data-widget_type=\"wd_image_or_svg.default\">\n\t\t\t\t<div class=\"elementor-widget-container\">\n\t\t\t\n\t\t<div class=\"wd-image text-left\">\n\t\t\t\t\t\t\t\t<img fetchpriority=\"high\" decoding=\"async\" width=\"1000\" height=\"1000\" src=\"https:\/\/www.bailishaver.com\/wp-content\/uploads\/2023\/11\/191_Vintage_Razor_Sharp_Blades_Razor_Stand_Shaving_Kit_Gift_details_01.webp\" class=\"attachment-full size-full wp-image-230186\" alt=\"\" srcset=\"https:\/\/www.bailishaver.com\/wp-content\/uploads\/2023\/11\/191_Vintage_Razor_Sharp_Blades_Razor_Stand_Shaving_Kit_Gift_details_01.webp 1000w, https:\/\/www.bailishaver.com\/wp-content\/uploads\/2023\/11\/191_Vintage_Razor_Sharp_Blades_Razor_Stand_Shaving_Kit_Gift_details_01-300x300.webp 300w, https:\/\/www.bailishaver.com\/wp-content\/uploads\/2023\/11\/191_Vintage_Razor_Sharp_Blades_Razor_Stand_Shaving_Kit_Gift_details_01-150x150.webp 150w, https:\/\/www.bailishaver.com\/wp-content\/uploads\/2023\/11\/191_Vintage_Razor_Sharp_Blades_Razor_Stand_Shaving_Kit_Gift_details_01-768x768.webp 768w, https:\/\/www.bailishaver.com\/wp-content\/uploads\/2023\/11\/191_Vintage_Razor_Sharp_Blades_Razor_Stand_Shaving_Kit_Gift_details_01-12x12.webp 12w\" sizes=\"(max-width: 1000px) 100vw, 1000px\" \/>\t\t\t\t\t<\/div>\n\n\t\t\t\t<\/div>\n\t\t\t\t<\/div>\n\t\t\t\t\t<\/div>\n\t\t<\/div>\n\t\t\t\t\t\t\t<\/div>\n\t\t<\/section>\n\t\t\t\t<section class=\"wd-negative-gap elementor-section elementor-top-section elementor-element elementor-element-12a39ae1 elementor-section-content-middle elementor-section-boxed elementor-section-height-default elementor-section-height-default wd-section-disabled\" data-id=\"12a39ae1\" data-element_type=\"section\">\n\t\t\t\t\t\t<div class=\"elementor-container elementor-column-gap-default\">\n\t\t\t\t\t<div class=\"elementor-column elementor-col-50 elementor-top-column elementor-element elementor-element-4d0e8831\" data-id=\"4d0e8831\" data-element_type=\"column\">\n\t\t\t<div class=\"elementor-widget-wrap elementor-element-populated\">\n\t\t\t\t\t\t\t\t<div class=\"elementor-element elementor-element-b3959b8 elementor-widget__width-initial elementor-hidden-desktop elementor-hidden-tablet elementor-widget elementor-widget-wd_text_block\" data-id=\"b3959b8\" data-element_type=\"widget\" data-widget_type=\"wd_text_block.default\">\n\t\t\t\t<div class=\"elementor-widget-container\">\n\t\t\t\t\t<div class=\"wd-text-block reset-last-child text-left color-title\">\n\t\t\t\n\t\t\t<p>*La base est\u00e1 hecha de aleaci\u00f3n de zinc ecol\u00f3gica 100%. Excelente material, exquisita artesan\u00eda y textura superior;<\/p><p>*La afeitadora se mantiene en posici\u00f3n vertical, lo que facilita un r\u00e1pido secado al aire y drenaje del agua. Esto reduce la posibilidad de que se reproduzcan bacterias, lo que garantiza la limpieza y la higiene;<\/p><p>* Hoja de acero inoxidable de platino importada, resistente al \u00f3xido con revestimiento de platino para un afeitado suave. Afilada y segura.<\/p>\n\t\t\t\t\t<\/div>\n\t\t\t\t<\/div>\n\t\t\t\t<\/div>\n\t\t\t\t<div class=\"elementor-element elementor-element-5a981d3 elementor-widget elementor-widget-wd_image_or_svg\" data-id=\"5a981d3\" data-element_type=\"widget\" data-widget_type=\"wd_image_or_svg.default\">\n\t\t\t\t<div class=\"elementor-widget-container\">\n\t\t\t\n\t\t<div class=\"wd-image text-left\">\n\t\t\t\t\t\t\t\t<img decoding=\"async\" width=\"1000\" height=\"1000\" src=\"https:\/\/www.bailishaver.com\/wp-content\/uploads\/2023\/11\/191_Vintage_Razor_Sharp_Blades_Razor_Stand_Shaving_Kit_Gift_details_02.webp\" class=\"attachment-full size-full wp-image-230187\" alt=\"\" srcset=\"https:\/\/www.bailishaver.com\/wp-content\/uploads\/2023\/11\/191_Vintage_Razor_Sharp_Blades_Razor_Stand_Shaving_Kit_Gift_details_02.webp 1000w, https:\/\/www.bailishaver.com\/wp-content\/uploads\/2023\/11\/191_Vintage_Razor_Sharp_Blades_Razor_Stand_Shaving_Kit_Gift_details_02-300x300.webp 300w, https:\/\/www.bailishaver.com\/wp-content\/uploads\/2023\/11\/191_Vintage_Razor_Sharp_Blades_Razor_Stand_Shaving_Kit_Gift_details_02-150x150.webp 150w, https:\/\/www.bailishaver.com\/wp-content\/uploads\/2023\/11\/191_Vintage_Razor_Sharp_Blades_Razor_Stand_Shaving_Kit_Gift_details_02-768x768.webp 768w, https:\/\/www.bailishaver.com\/wp-content\/uploads\/2023\/11\/191_Vintage_Razor_Sharp_Blades_Razor_Stand_Shaving_Kit_Gift_details_02-12x12.webp 12w\" sizes=\"(max-width: 1000px) 100vw, 1000px\" \/>\t\t\t\t\t<\/div>\n\n\t\t\t\t<\/div>\n\t\t\t\t<\/div>\n\t\t\t\t\t<\/div>\n\t\t<\/div>\n\t\t\t\t<div class=\"elementor-column elementor-col-50 elementor-top-column elementor-element elementor-element-397c01a4\" data-id=\"397c01a4\" data-element_type=\"column\">\n\t\t\t<div class=\"elementor-widget-wrap elementor-element-populated\">\n\t\t\t\t\t\t\t\t<div class=\"elementor-element elementor-element-3320bc73 elementor-hidden-mobile elementor-widget elementor-widget-wd_text_block\" data-id=\"3320bc73\" data-element_type=\"widget\" data-widget_type=\"wd_text_block.default\">\n\t\t\t\t<div class=\"elementor-widget-container\">\n\t\t\t\t\t<div class=\"wd-text-block reset-last-child text-left color-title\">\n\t\t\t\n\t\t\t<p>*La base est\u00e1 hecha de aleaci\u00f3n de zinc ecol\u00f3gica 100%. Excelente material, exquisita artesan\u00eda y textura superior;<\/p><p>*La afeitadora se mantiene en posici\u00f3n vertical, lo que facilita un r\u00e1pido secado al aire y drenaje del agua. Esto reduce la posibilidad de que se reproduzcan bacterias, lo que garantiza la limpieza y la higiene;<\/p><p>* Hoja de acero inoxidable de platino importada, resistente al \u00f3xido con revestimiento de platino para un afeitado suave. Afilada y segura.<\/p>\n\t\t\t\t\t<\/div>\n\t\t\t\t<\/div>\n\t\t\t\t<\/div>\n\t\t\t\t\t<\/div>\n\t\t<\/div>\n\t\t\t\t\t\t\t<\/div>\n\t\t<\/section>\n\t\t\t\t<section class=\"wd-negative-gap elementor-section elementor-top-section elementor-element elementor-element-38eaf730 elementor-section-content-middle elementor-section-boxed elementor-section-height-default elementor-section-height-default wd-section-disabled\" data-id=\"38eaf730\" data-element_type=\"section\">\n\t\t\t\t\t\t<div class=\"elementor-container elementor-column-gap-default\">\n\t\t\t\t\t<div class=\"elementor-column elementor-col-50 elementor-top-column elementor-element elementor-element-1dca619e\" data-id=\"1dca619e\" data-element_type=\"column\">\n\t\t\t<div class=\"elementor-widget-wrap elementor-element-populated\">\n\t\t\t\t\t\t\t\t<div class=\"elementor-element elementor-element-17c7ea95 elementor-widget elementor-widget-wd_text_block\" data-id=\"17c7ea95\" data-element_type=\"widget\" data-widget_type=\"wd_text_block.default\">\n\t\t\t\t<div class=\"elementor-widget-container\">\n\t\t\t\t\t<div class=\"wd-text-block reset-last-child text-left color-title\">\n\t\t\t\n\t\t\t<p>*Dise\u00f1o de tres piezas: 191 es un dise\u00f1o de tres piezas, que puede resolver f\u00e1cilmente el problema de la acumulaci\u00f3n de sarro y facilitar la limpieza;<\/p><p>*Afeitado limpio: las maquinillas de afeitar manuales antiguas pueden entrar en contacto directo con la piel y ajustarse perfectamente a la cara, por lo que pueden limpiar cada lugar peque\u00f1o, haciendo que el afeitado sea m\u00e1s limpio;<\/p><p>*Suave y c\u00f3moda: 191, 131 y 176 son navajas suaves. Su afeitado se siente suave y es adecuado para usuarios principiantes y avanzados.<\/p>\n\t\t\t\t\t<\/div>\n\t\t\t\t<\/div>\n\t\t\t\t<\/div>\n\t\t\t\t\t<\/div>\n\t\t<\/div>\n\t\t\t\t<div class=\"elementor-column elementor-col-50 elementor-top-column elementor-element elementor-element-137c34c6\" data-id=\"137c34c6\" data-element_type=\"column\">\n\t\t\t<div class=\"elementor-widget-wrap elementor-element-populated\">\n\t\t\t\t\t\t\t\t<div class=\"elementor-element elementor-element-61b6e302 elementor-widget elementor-widget-wd_image_or_svg\" data-id=\"61b6e302\" data-element_type=\"widget\" data-widget_type=\"wd_image_or_svg.default\">\n\t\t\t\t<div class=\"elementor-widget-container\">\n\t\t\t\n\t\t<div class=\"wd-image text-left\">\n\t\t\t\t\t\t\t\t<img decoding=\"async\" width=\"1000\" height=\"1000\" src=\"https:\/\/www.bailishaver.com\/wp-content\/uploads\/2023\/11\/191_Vintage_Razor_Sharp_Blades_Razor_Stand_Shaving_Kit_Gift_details_03.webp\" class=\"attachment-full size-full wp-image-230188\" alt=\"\" srcset=\"https:\/\/www.bailishaver.com\/wp-content\/uploads\/2023\/11\/191_Vintage_Razor_Sharp_Blades_Razor_Stand_Shaving_Kit_Gift_details_03.webp 1000w, https:\/\/www.bailishaver.com\/wp-content\/uploads\/2023\/11\/191_Vintage_Razor_Sharp_Blades_Razor_Stand_Shaving_Kit_Gift_details_03-300x300.webp 300w, https:\/\/www.bailishaver.com\/wp-content\/uploads\/2023\/11\/191_Vintage_Razor_Sharp_Blades_Razor_Stand_Shaving_Kit_Gift_details_03-150x150.webp 150w, https:\/\/www.bailishaver.com\/wp-content\/uploads\/2023\/11\/191_Vintage_Razor_Sharp_Blades_Razor_Stand_Shaving_Kit_Gift_details_03-768x768.webp 768w, https:\/\/www.bailishaver.com\/wp-content\/uploads\/2023\/11\/191_Vintage_Razor_Sharp_Blades_Razor_Stand_Shaving_Kit_Gift_details_03-12x12.webp 12w\" sizes=\"(max-width: 1000px) 100vw, 1000px\" \/>\t\t\t\t\t<\/div>\n\n\t\t\t\t<\/div>\n\t\t\t\t<\/div>\n\t\t\t\t\t<\/div>\n\t\t<\/div>\n\t\t\t\t\t\t\t<\/div>\n\t\t<\/section>\n\t\t\t\t<section class=\"wd-negative-gap elementor-section elementor-top-section elementor-element elementor-element-1f10780a elementor-section-boxed elementor-section-height-default elementor-section-height-default wd-section-disabled\" data-id=\"1f10780a\" data-element_type=\"section\">\n\t\t\t\t\t\t<div class=\"elementor-container elementor-column-gap-default\">\n\t\t\t\t\t<div class=\"elementor-column elementor-col-100 elementor-top-column elementor-element elementor-element-1e8bf597\" data-id=\"1e8bf597\" data-element_type=\"column\">\n\t\t\t<div class=\"elementor-widget-wrap elementor-element-populated\">\n\t\t\t\t\t\t\t\t<div class=\"elementor-element elementor-element-28dda0c3 elementor-widget elementor-widget-accordion\" data-id=\"28dda0c3\" data-element_type=\"widget\" data-widget_type=\"accordion.default\">\n\t\t\t\t<div class=\"elementor-widget-container\">\n\t\t\t<style>\/*! elementor - v3.18.0 - 20-12-2023 *\/\n.elementor-accordion{text-align:left}.elementor-accordion .elementor-accordion-item{border:1px solid #d5d8dc}.elementor-accordion .elementor-accordion-item+.elementor-accordion-item{border-top:none}.elementor-accordion .elementor-tab-title{margin:0;padding:15px 20px;font-weight:700;line-height:1;cursor:pointer;outline:none}.elementor-accordion .elementor-tab-title .elementor-accordion-icon{display:inline-block;width:1.5em}.elementor-accordion .elementor-tab-title .elementor-accordion-icon svg{width:1em;height:1em}.elementor-accordion .elementor-tab-title .elementor-accordion-icon.elementor-accordion-icon-right{float:right;text-align:right}.elementor-accordion .elementor-tab-title .elementor-accordion-icon.elementor-accordion-icon-left{float:left;text-align:left}.elementor-accordion .elementor-tab-title .elementor-accordion-icon .elementor-accordion-icon-closed{display:block}.elementor-accordion .elementor-tab-title .elementor-accordion-icon .elementor-accordion-icon-opened,.elementor-accordion .elementor-tab-title.elementor-active .elementor-accordion-icon-closed{display:none}.elementor-accordion .elementor-tab-title.elementor-active .elementor-accordion-icon-opened{display:block}.elementor-accordion .elementor-tab-content{display:none;padding:15px 20px;border-top:1px solid #d5d8dc}@media (max-width:767px){.elementor-accordion .elementor-tab-title{padding:12px 15px}.elementor-accordion .elementor-tab-title .elementor-accordion-icon{width:1.2em}.elementor-accordion .elementor-tab-content{padding:7px 15px}}.e-con-inner>.elementor-widget-accordion,.e-con>.elementor-widget-accordion{width:var(--container-widget-width);--flex-grow:var(--container-widget-flex-grow)}<\/style>\t\t<div class=\"elementor-accordion\">\n\t\t\t\t\t\t\t<div class=\"elementor-accordion-item\">\n\t\t\t\t\t<div id=\"elementor-tab-title-6851\" class=\"elementor-tab-title\" data-tab=\"1\" role=\"button\" aria-controls=\"elementor-tab-content-6851\" aria-expanded=\"false\">\n\t\t\t\t\t\t\t\t\t\t\t\t\t<span class=\"elementor-accordion-icon elementor-accordion-icon-left\" aria-hidden=\"true\">\n\t\t\t\t\t\t\t\t\t\t\t\t\t\t\t<span class=\"elementor-accordion-icon-closed\"><i class=\"fas fa-caret-down\"><\/i><\/span>\n\t\t\t\t\t\t\t\t<span class=\"elementor-accordion-icon-opened\"><i class=\"fas fa-caret-up\"><\/i><\/span>\n\t\t\t\t\t\t\t\t\t\t\t\t\t\t<\/span>\n\t\t\t\t\t\t\t\t\t\t\t\t<a class=\"elementor-accordion-title\" tabindex=\"0\">Paquete<\/a>\n\t\t\t\t\t<\/div>\n\t\t\t\t\t<div id=\"elementor-tab-content-6851\" class=\"elementor-tab-content elementor-clearfix\" data-tab=\"1\" role=\"region\" aria-labelledby=\"elementor-tab-title-6851\"><table>\n<tbody>\n<tr>\n<td>Producto<\/td>\n<td>PC<\/td>\n<td>Paquete<\/td>\n<td>Tama\u00f1o<\/td>\n<td>Peso bruto<\/td>\n<\/tr>\n<tr>\n<td rowspan=\"2\">BD194<\/td>\n<td class=\"et4\">1<\/td>\n<td class=\"et4\">Caja<\/td>\n<td class=\"et4\">124\u00d7124\u00d733,5 mm<\/td>\n<td class=\"et4\">222,9g<\/td>\n<\/tr>\n\n<\/tbody>\n<\/table><\/div>\n\t\t\t\t<\/div>\n\t\t\t\t\t\t\t<div class=\"elementor-accordion-item\">\n\t\t\t\t\t<div id=\"elementor-tab-title-6852\" class=\"elementor-tab-title\" data-tab=\"2\" role=\"button\" aria-controls=\"elementor-tab-content-6852\" aria-expanded=\"false\">\n\t\t\t\t\t\t\t\t\t\t\t\t\t<span class=\"elementor-accordion-icon elementor-accordion-icon-left\" aria-hidden=\"true\">\n\t\t\t\t\t\t\t\t\t\t\t\t\t\t\t<span class=\"elementor-accordion-icon-closed\"><i class=\"fas fa-caret-down\"><\/i><\/span>\n\t\t\t\t\t\t\t\t<span class=\"elementor-accordion-icon-opened\"><i class=\"fas fa-caret-up\"><\/i><\/span>\n\t\t\t\t\t\t\t\t\t\t\t\t\t\t<\/span>\n\t\t\t\t\t\t\t\t\t\t\t\t<a class=\"elementor-accordion-title\" tabindex=\"0\"> Env\u00edo<\/a>\n\t\t\t\t\t<\/div>\n\t\t\t\t\t<div id=\"elementor-tab-content-6852\" class=\"elementor-tab-content elementor-clearfix\" data-tab=\"2\" role=\"region\" aria-labelledby=\"elementor-tab-title-6852\"><p>El pedido de muestra se puede enviar en un plazo de 3 a 7 d\u00edas;<br \/>La producci\u00f3n de pedidos al por mayor o pedidos personalizados tarda entre 15 y 30 d\u00edas.<\/p><\/div>\n\t\t\t\t<\/div>\n\t\t\t\t\t\t\t\t<\/div>\n\t\t\t\t<\/div>\n\t\t\t\t<\/div>\n\t\t\t\t\t<\/div>\n\t\t<\/div>\n\t\t\t\t\t\t\t<\/div>\n\t\t<\/section>\n\t\t\t\t\t\t\t<\/div>","protected":false},"excerpt":{"rendered":"<p><strong>Modelo: BD194<\/strong><\/p>\n<div class=\"DescriptionImg\">\n<div class=\"image-box\">\n<p><img decoding=\"async\" src=\"https:\/\/bailishaver.com\/wp-content\/uploads\/2023\/10\/Long_Handle.webp\" alt=\"Image1\" \/><\/p>\n<div class=\"caption\">Maquinilla de afeitar de mango largo<\/div>\n<\/div>\n<div class=\"image-box\">\n<p><img decoding=\"async\" src=\"https:\/\/bailishaver.com\/wp-content\/uploads\/2024\/02\/Zinc_Alloy_Stand_Icon.webp\" alt=\"Image2\" \/><\/p>\n<div class=\"caption\">Soporte de aleaci\u00f3n de zinc<\/div>\n<\/div>\n<div class=\"image-box\">\n<p><img decoding=\"async\" src=\"https:\/\/bailishaver.com\/wp-content\/uploads\/2024\/02\/Gift_Box_Icon.webp\" alt=\"Image3\" \/><\/p>\n<div class=\"caption\">Caja de regalo<\/div>\n<\/div>\n<\/div>","protected":false},"featured_media":230192,"comment_status":"open","ping_status":"closed","template":"","meta":[],"product_cat":[71,34],"product_tag":[],"yoast_head":"<!-- This site is optimized with the Yoast SEO plugin v21.4 - https:\/\/yoast.com\/wordpress\/plugins\/seo\/ -->\n<title>191 Vintage Razor Sharp Blades Razor Stand Shaving Kit Gift - Guangzhou Weidi Technology Co.,Ltd<\/title>\n<meta name=\"description\" content=\"The shaving kit gift include 191 Vintage safety razor, zinc alloy shaving stand and 10 pcs sharp blades with razor blade storage box.\" \/>\n<meta name=\"robots\" content=\"index, follow, max-snippet:-1, max-image-preview:large, max-video-preview:-1\" \/>\n<link rel=\"canonical\" href=\"https:\/\/www.bailishaver.com\/es\/producto\/191-vintage-razor-sharp-blades-razor-stand-shaving-kit-gift\/\" \/>\n<meta property=\"og:locale\" content=\"es_ES\" \/>\n<meta property=\"og:type\" content=\"article\" \/>\n<meta property=\"og:title\" content=\"191 Vintage Razor Sharp Blades Razor Stand Shaving Kit Gift - Guangzhou Weidi Technology Co.,Ltd\" \/>\n<meta property=\"og:description\" content=\"The shaving kit gift include 191 Vintage safety razor, zinc alloy shaving stand and 10 pcs sharp blades with razor blade storage box.\" \/>\n<meta property=\"og:url\" content=\"https:\/\/www.bailishaver.com\/es\/producto\/191-vintage-razor-sharp-blades-razor-stand-shaving-kit-gift\/\" \/>\n<meta property=\"og:site_name\" content=\"Guangzhou Weidi Technology Co.,Ltd\" \/>\n<meta property=\"article:modified_time\" content=\"2024-02-29T03:20:42+00:00\" \/>\n<meta property=\"og:image\" content=\"https:\/\/www.bailishaver.com\/wp-content\/uploads\/2023\/11\/191_Vintage_Razor_Sharp_Blades_Razor_Stand_Shaving_Kit_Gift_01.webp\" \/>\n\t<meta property=\"og:image:width\" content=\"1000\" \/>\n\t<meta property=\"og:image:height\" content=\"1000\" \/>\n\t<meta property=\"og:image:type\" content=\"image\/webp\" \/>\n<meta name=\"twitter:card\" content=\"summary_large_image\" \/>\n<meta name=\"twitter:label1\" content=\"Tiempo de lectura\" \/>\n\t<meta name=\"twitter:data1\" content=\"2 minutos\" \/>\n<script type=\"application\/ld+json\" class=\"yoast-schema-graph\">{\"@context\":\"https:\/\/schema.org\",\"@graph\":[{\"@type\":\"WebPage\",\"@id\":\"https:\/\/www.bailishaver.com\/product\/191-vintage-razor-sharp-blades-razor-stand-shaving-kit-gift\/\",\"url\":\"https:\/\/www.bailishaver.com\/product\/191-vintage-razor-sharp-blades-razor-stand-shaving-kit-gift\/\",\"name\":\"191 Vintage Razor Sharp Blades Razor Stand Shaving Kit Gift - Guangzhou Weidi Technology Co.,Ltd\",\"isPartOf\":{\"@id\":\"https:\/\/www.bailishaver.com\/#website\"},\"datePublished\":\"2023-10-25T07:48:39+00:00\",\"dateModified\":\"2024-02-29T03:20:42+00:00\",\"description\":\"The shaving kit gift include 191 Vintage safety razor, zinc alloy shaving stand and 10 pcs sharp blades with razor blade storage box.\",\"breadcrumb\":{\"@id\":\"https:\/\/www.bailishaver.com\/product\/191-vintage-razor-sharp-blades-razor-stand-shaving-kit-gift\/#breadcrumb\"},\"inLanguage\":\"es\",\"potentialAction\":[{\"@type\":\"ReadAction\",\"target\":[\"https:\/\/www.bailishaver.com\/product\/191-vintage-razor-sharp-blades-razor-stand-shaving-kit-gift\/\"]}]},{\"@type\":\"BreadcrumbList\",\"@id\":\"https:\/\/www.bailishaver.com\/product\/191-vintage-razor-sharp-blades-razor-stand-shaving-kit-gift\/#breadcrumb\",\"itemListElement\":[{\"@type\":\"ListItem\",\"position\":1,\"name\":\"HOME\",\"item\":\"https:\/\/www.bailishaver.com\/\"},{\"@type\":\"ListItem\",\"position\":2,\"name\":\"Product\",\"item\":\"https:\/\/www.bailishaver.com\/product\/\"},{\"@type\":\"ListItem\",\"position\":3,\"name\":\"191 Vintage Razor Sharp Blades Razor Stand Shaving Kit Gift\"}]},{\"@type\":\"WebSite\",\"@id\":\"https:\/\/www.bailishaver.com\/#website\",\"url\":\"https:\/\/www.bailishaver.com\/\",\"name\":\"Guangzhou Weidi Technology Co.,Ltd\",\"description\":\"system razors, lady razors, shaving kits, blade and refill, disposable razor, shaving , accessories, etc.\",\"potentialAction\":[{\"@type\":\"SearchAction\",\"target\":{\"@type\":\"EntryPoint\",\"urlTemplate\":\"https:\/\/www.bailishaver.com\/?s={search_term_string}\"},\"query-input\":\"required name=search_term_string\"}],\"inLanguage\":\"es\"}]}<\/script>\n<!-- \/ Yoast SEO plugin. -->","yoast_head_json":{"title":"191 Vintage Razor Sharp Blades Razor Stand Shaving Kit Gift - Guangzhou Weidi Technology Co.,Ltd","description":"The shaving kit gift include 191 Vintage safety razor, zinc alloy shaving stand and 10 pcs sharp blades with razor blade storage box.","robots":{"index":"index","follow":"follow","max-snippet":"max-snippet:-1","max-image-preview":"max-image-preview:large","max-video-preview":"max-video-preview:-1"},"canonical":"https:\/\/www.bailishaver.com\/es\/producto\/191-vintage-razor-sharp-blades-razor-stand-shaving-kit-gift\/","og_locale":"es_ES","og_type":"article","og_title":"191 Vintage Razor Sharp Blades Razor Stand Shaving Kit Gift - Guangzhou Weidi Technology Co.,Ltd","og_description":"The shaving kit gift include 191 Vintage safety razor, zinc alloy shaving stand and 10 pcs sharp blades with razor blade storage box.","og_url":"https:\/\/www.bailishaver.com\/es\/producto\/191-vintage-razor-sharp-blades-razor-stand-shaving-kit-gift\/","og_site_name":"Guangzhou Weidi Technology Co.,Ltd","article_modified_time":"2024-02-29T03:20:42+00:00","og_image":[{"width":1000,"height":1000,"url":"https:\/\/www.bailishaver.com\/wp-content\/uploads\/2023\/11\/191_Vintage_Razor_Sharp_Blades_Razor_Stand_Shaving_Kit_Gift_01.webp","type":"image\/webp"}],"twitter_card":"summary_large_image","twitter_misc":{"Tiempo de lectura":"2 minutos"},"schema":{"@context":"https:\/\/schema.org","@graph":[{"@type":"WebPage","@id":"https:\/\/www.bailishaver.com\/product\/191-vintage-razor-sharp-blades-razor-stand-shaving-kit-gift\/","url":"https:\/\/www.bailishaver.com\/product\/191-vintage-razor-sharp-blades-razor-stand-shaving-kit-gift\/","name":"191 Vintage Razor Sharp Blades Razor Stand Shaving Kit Gift - Guangzhou Weidi Technology Co.,Ltd","isPartOf":{"@id":"https:\/\/www.bailishaver.com\/#website"},"datePublished":"2023-10-25T07:48:39+00:00","dateModified":"2024-02-29T03:20:42+00:00","description":"The shaving kit gift include 191 Vintage safety razor, zinc alloy shaving stand and 10 pcs sharp blades with razor blade storage box.","breadcrumb":{"@id":"https:\/\/www.bailishaver.com\/product\/191-vintage-razor-sharp-blades-razor-stand-shaving-kit-gift\/#breadcrumb"},"inLanguage":"es","potentialAction":[{"@type":"ReadAction","target":["https:\/\/www.bailishaver.com\/product\/191-vintage-razor-sharp-blades-razor-stand-shaving-kit-gift\/"]}]},{"@type":"BreadcrumbList","@id":"https:\/\/www.bailishaver.com\/product\/191-vintage-razor-sharp-blades-razor-stand-shaving-kit-gift\/#breadcrumb","itemListElement":[{"@type":"ListItem","position":1,"name":"HOME","item":"https:\/\/www.bailishaver.com\/"},{"@type":"ListItem","position":2,"name":"Product","item":"https:\/\/www.bailishaver.com\/product\/"},{"@type":"ListItem","position":3,"name":"191 Vintage Razor Sharp Blades Razor Stand Shaving Kit Gift"}]},{"@type":"WebSite","@id":"https:\/\/www.bailishaver.com\/#website","url":"https:\/\/www.bailishaver.com\/","name":"Guangzhou Weidi Technology Co.,Ltd","description":"system razors, lady razors, shaving kits, blade and refill, disposable razor, shaving , accessories, etc.","potentialAction":[{"@type":"SearchAction","target":{"@type":"EntryPoint","urlTemplate":"https:\/\/www.bailishaver.com\/?s={search_term_string}"},"query-input":"required name=search_term_string"}],"inLanguage":"es"}]}},"_links":{"self":[{"href":"https:\/\/www.bailishaver.com\/es\/wp-json\/wp\/v2\/product\/228912"}],"collection":[{"href":"https:\/\/www.bailishaver.com\/es\/wp-json\/wp\/v2\/product"}],"about":[{"href":"https:\/\/www.bailishaver.com\/es\/wp-json\/wp\/v2\/types\/product"}],"replies":[{"embeddable":true,"href":"https:\/\/www.bailishaver.com\/es\/wp-json\/wp\/v2\/comments?post=228912"}],"version-history":[{"count":2,"href":"https:\/\/www.bailishaver.com\/es\/wp-json\/wp\/v2\/product\/228912\/revisions"}],"predecessor-version":[{"id":231604,"href":"https:\/\/www.bailishaver.com\/es\/wp-json\/wp\/v2\/product\/228912\/revisions\/231604"}],"wp:featuredmedia":[{"embeddable":true,"href":"https:\/\/www.bailishaver.com\/es\/wp-json\/wp\/v2\/media\/230192"}],"wp:attachment":[{"href":"https:\/\/www.bailishaver.com\/es\/wp-json\/wp\/v2\/media?parent=228912"}],"wp:term":[{"taxonomy":"product_cat","embeddable":true,"href":"https:\/\/www.bailishaver.com\/es\/wp-json\/wp\/v2\/product_cat?post=228912"},{"taxonomy":"product_tag","embeddable":true,"href":"https:\/\/www.bailishaver.com\/es\/wp-json\/wp\/v2\/product_tag?post=228912"}],"curies":[{"name":"wp","href":"https:\/\/api.w.org\/{rel}","templated":true}]}}