{"id":228756,"date":"2023-10-23T15:08:16","date_gmt":"2023-10-23T07:08:16","guid":{"rendered":"https:\/\/bailishaver.com\/?post_type=product&#038;p=228756"},"modified":"2024-02-29T10:54:41","modified_gmt":"2024-02-29T02:54:41","slug":"classic-safety-razor-mens-face-shaving-kit-with-travel-case","status":"publish","type":"product","link":"https:\/\/www.bailishaver.com\/es\/producto\/classic-safety-razor-mens-face-shaving-kit-with-travel-case\/","title":{"rendered":"Kit de afeitado facial para hombre Classic Safety Razor con estuche de viaje"},"content":{"rendered":"<div data-elementor-type=\"product-post\" data-elementor-id=\"228756\" class=\"elementor elementor-228756\" data-elementor-post-type=\"product\">\n\t\t\t\t\t\t\t\t\t<section class=\"wd-negative-gap elementor-section elementor-top-section elementor-element elementor-element-696b5c1d elementor-section-content-middle elementor-section-boxed elementor-section-height-default elementor-section-height-default wd-section-disabled\" data-id=\"696b5c1d\" data-element_type=\"section\">\n\t\t\t\t\t\t<div class=\"elementor-container elementor-column-gap-default\">\n\t\t\t\t\t<div class=\"elementor-column elementor-col-50 elementor-top-column elementor-element elementor-element-71329a23\" data-id=\"71329a23\" data-element_type=\"column\">\n\t\t\t<div class=\"elementor-widget-wrap elementor-element-populated\">\n\t\t\t\t\t\t\t\t<div class=\"elementor-element elementor-element-5c6e62a9 elementor-widget elementor-widget-wd_text_block\" data-id=\"5c6e62a9\" data-element_type=\"widget\" data-widget_type=\"wd_text_block.default\">\n\t\t\t\t<div class=\"elementor-widget-container\">\n\t\t\t\t\t<div class=\"wd-text-block reset-last-child text-left color-title\">\n\t\t\t\n\t\t\t<p>Modelo: BR171T<\/p><p>Cabezal de afeitar: cabezal de afeitar de doble filo<\/p><p>Tama\u00f1o del kit de afeitado: 60 \u00d7 30 \u00d7 107 mm<\/p><p>Peso del kit de afeitado: 113 g.<\/p><p>Material: aleaci\u00f3n de zinc+acero inoxidable+ABS+vidrio.<\/p><p>Caracter\u00edsticas: Port\u00e1til; Lavable; Reutilizable; Impermeable; A prueba de herrumbre<\/p>\n\t\t\t\t\t<\/div>\n\t\t\t\t<\/div>\n\t\t\t\t<\/div>\n\t\t\t\t\t<\/div>\n\t\t<\/div>\n\t\t\t\t<div class=\"elementor-column elementor-col-50 elementor-top-column elementor-element elementor-element-7decb803\" data-id=\"7decb803\" data-element_type=\"column\">\n\t\t\t<div class=\"elementor-widget-wrap elementor-element-populated\">\n\t\t\t\t\t\t\t\t<div class=\"elementor-element elementor-element-7f6f9bc0 elementor-widget elementor-widget-wd_image_or_svg\" data-id=\"7f6f9bc0\" data-element_type=\"widget\" data-widget_type=\"wd_image_or_svg.default\">\n\t\t\t\t<div class=\"elementor-widget-container\">\n\t\t\t\n\t\t<div class=\"wd-image text-left\">\n\t\t\t\t\t\t\t\t<img fetchpriority=\"high\" decoding=\"async\" width=\"1000\" height=\"1000\" src=\"https:\/\/www.bailishaver.com\/wp-content\/uploads\/2023\/11\/Classic_Safety_Razor_Mens_Face_Shaving_Kit_with_Travel_Case_details_01.webp\" class=\"attachment-full size-full wp-image-230095\" alt=\"\" srcset=\"https:\/\/www.bailishaver.com\/wp-content\/uploads\/2023\/11\/Classic_Safety_Razor_Mens_Face_Shaving_Kit_with_Travel_Case_details_01.webp 1000w, https:\/\/www.bailishaver.com\/wp-content\/uploads\/2023\/11\/Classic_Safety_Razor_Mens_Face_Shaving_Kit_with_Travel_Case_details_01-300x300.webp 300w, https:\/\/www.bailishaver.com\/wp-content\/uploads\/2023\/11\/Classic_Safety_Razor_Mens_Face_Shaving_Kit_with_Travel_Case_details_01-150x150.webp 150w, https:\/\/www.bailishaver.com\/wp-content\/uploads\/2023\/11\/Classic_Safety_Razor_Mens_Face_Shaving_Kit_with_Travel_Case_details_01-768x768.webp 768w, https:\/\/www.bailishaver.com\/wp-content\/uploads\/2023\/11\/Classic_Safety_Razor_Mens_Face_Shaving_Kit_with_Travel_Case_details_01-12x12.webp 12w\" sizes=\"(max-width: 1000px) 100vw, 1000px\" \/>\t\t\t\t\t<\/div>\n\n\t\t\t\t<\/div>\n\t\t\t\t<\/div>\n\t\t\t\t\t<\/div>\n\t\t<\/div>\n\t\t\t\t\t\t\t<\/div>\n\t\t<\/section>\n\t\t\t\t<section class=\"wd-negative-gap elementor-section elementor-top-section elementor-element elementor-element-fb56519 elementor-section-content-middle elementor-section-boxed elementor-section-height-default elementor-section-height-default wd-section-disabled\" data-id=\"fb56519\" data-element_type=\"section\">\n\t\t\t\t\t\t<div class=\"elementor-container elementor-column-gap-default\">\n\t\t\t\t\t<div class=\"elementor-column elementor-col-50 elementor-top-column elementor-element elementor-element-14fd0fe3\" data-id=\"14fd0fe3\" data-element_type=\"column\">\n\t\t\t<div class=\"elementor-widget-wrap elementor-element-populated\">\n\t\t\t\t\t\t\t\t<div class=\"elementor-element elementor-element-161caf2 elementor-hidden-desktop elementor-hidden-tablet elementor-widget elementor-widget-wd_text_block\" data-id=\"161caf2\" data-element_type=\"widget\" data-widget_type=\"wd_text_block.default\">\n\t\t\t\t<div class=\"elementor-widget-container\">\n\t\t\t\t\t<div class=\"wd-text-block reset-last-child text-left color-title\">\n\t\t\t\n\t\t\t<p>* Peine de desv\u00edo de precisi\u00f3n: el dise\u00f1o de desv\u00edo de precisi\u00f3n puede mejorar eficazmente el efecto de afeitado, reducir el tir\u00f3n de la barba y hacer que el proceso de afeitado sea m\u00e1s suave;<\/p><p>*Concepto de dise\u00f1o: dise\u00f1o de estilo cl\u00e1sico, reaparici\u00f3n cl\u00e1sica, hermosa; el mango es m\u00e1s f\u00e1cil de agarrar y controlar, se siente c\u00f3modo y todo est\u00e1 bajo control;<\/p><p>* Mango antideslizante: f\u00e1cil de operar y se puede desmontar completamente para facilitar la limpieza y evitar el crecimiento de bacterias.<\/p>\n\t\t\t\t\t<\/div>\n\t\t\t\t<\/div>\n\t\t\t\t<\/div>\n\t\t\t\t<div class=\"elementor-element elementor-element-31e272c1 elementor-widget elementor-widget-wd_image_or_svg\" data-id=\"31e272c1\" data-element_type=\"widget\" data-widget_type=\"wd_image_or_svg.default\">\n\t\t\t\t<div class=\"elementor-widget-container\">\n\t\t\t\n\t\t<div class=\"wd-image text-left\">\n\t\t\t\t\t\t\t\t<img decoding=\"async\" width=\"1001\" height=\"1001\" src=\"https:\/\/www.bailishaver.com\/wp-content\/uploads\/2023\/11\/Classic_Safety_Razor_Mens_Face_Shaving_Kit_with_Travel_Case_details_02.webp\" class=\"attachment-full size-full wp-image-230096\" alt=\"\" srcset=\"https:\/\/www.bailishaver.com\/wp-content\/uploads\/2023\/11\/Classic_Safety_Razor_Mens_Face_Shaving_Kit_with_Travel_Case_details_02.webp 1001w, https:\/\/www.bailishaver.com\/wp-content\/uploads\/2023\/11\/Classic_Safety_Razor_Mens_Face_Shaving_Kit_with_Travel_Case_details_02-300x300.webp 300w, https:\/\/www.bailishaver.com\/wp-content\/uploads\/2023\/11\/Classic_Safety_Razor_Mens_Face_Shaving_Kit_with_Travel_Case_details_02-150x150.webp 150w, https:\/\/www.bailishaver.com\/wp-content\/uploads\/2023\/11\/Classic_Safety_Razor_Mens_Face_Shaving_Kit_with_Travel_Case_details_02-768x768.webp 768w, https:\/\/www.bailishaver.com\/wp-content\/uploads\/2023\/11\/Classic_Safety_Razor_Mens_Face_Shaving_Kit_with_Travel_Case_details_02-12x12.webp 12w\" sizes=\"(max-width: 1001px) 100vw, 1001px\" \/>\t\t\t\t\t<\/div>\n\n\t\t\t\t<\/div>\n\t\t\t\t<\/div>\n\t\t\t\t\t<\/div>\n\t\t<\/div>\n\t\t\t\t<div class=\"elementor-column elementor-col-50 elementor-top-column elementor-element elementor-element-7ea23e54\" data-id=\"7ea23e54\" data-element_type=\"column\">\n\t\t\t<div class=\"elementor-widget-wrap elementor-element-populated\">\n\t\t\t\t\t\t\t\t<div class=\"elementor-element elementor-element-d522b0f elementor-hidden-mobile elementor-widget elementor-widget-wd_text_block\" data-id=\"d522b0f\" data-element_type=\"widget\" data-widget_type=\"wd_text_block.default\">\n\t\t\t\t<div class=\"elementor-widget-container\">\n\t\t\t\t\t<div class=\"wd-text-block reset-last-child text-left color-title\">\n\t\t\t\n\t\t\t<p>* Peine de desv\u00edo de precisi\u00f3n: el dise\u00f1o de desv\u00edo de precisi\u00f3n puede mejorar eficazmente el efecto de afeitado, reducir el tir\u00f3n de la barba y hacer que el proceso de afeitado sea m\u00e1s suave;<\/p><p>*Concepto de dise\u00f1o: dise\u00f1o de estilo cl\u00e1sico, reaparici\u00f3n cl\u00e1sica, hermosa; el mango es m\u00e1s f\u00e1cil de agarrar y controlar, se siente c\u00f3modo y todo est\u00e1 bajo control;<\/p><p>* Mango antideslizante: f\u00e1cil de operar y se puede desmontar completamente para facilitar la limpieza y evitar el crecimiento de bacterias.<\/p>\n\t\t\t\t\t<\/div>\n\t\t\t\t<\/div>\n\t\t\t\t<\/div>\n\t\t\t\t\t<\/div>\n\t\t<\/div>\n\t\t\t\t\t\t\t<\/div>\n\t\t<\/section>\n\t\t\t\t<section class=\"wd-negative-gap elementor-section elementor-top-section elementor-element elementor-element-493c9d3b elementor-section-content-middle elementor-section-boxed elementor-section-height-default elementor-section-height-default wd-section-disabled\" data-id=\"493c9d3b\" data-element_type=\"section\">\n\t\t\t\t\t\t<div class=\"elementor-container elementor-column-gap-default\">\n\t\t\t\t\t<div class=\"elementor-column elementor-col-50 elementor-top-column elementor-element elementor-element-61f51e06\" data-id=\"61f51e06\" data-element_type=\"column\">\n\t\t\t<div class=\"elementor-widget-wrap elementor-element-populated\">\n\t\t\t\t\t\t\t\t<div class=\"elementor-element elementor-element-62274cbc elementor-widget elementor-widget-wd_text_block\" data-id=\"62274cbc\" data-element_type=\"widget\" data-widget_type=\"wd_text_block.default\">\n\t\t\t\t<div class=\"elementor-widget-container\">\n\t\t\t\t\t<div class=\"wd-text-block reset-last-child text-left color-title\">\n\t\t\t\n\t\t\t<p>*Adecuado para guardar maquinillas de afeitar de doble filo. Fabricado en material pl\u00e1stico, duradero y resistente a la compresi\u00f3n. Compacto para desplazamientos y viajes f\u00e1ciles y c\u00f3modos;<\/p><p>*Impermeable y resistente a la humedad, lo que proporciona un espacio de almacenamiento limpio e higi\u00e9nico para el soporte de la maquinilla de afeitar, lo que reduce el riesgo de crecimiento bacteriano;<\/p><p>*Viene con un espejo incorporado para mayor comodidad.<\/p>\n\t\t\t\t\t<\/div>\n\t\t\t\t<\/div>\n\t\t\t\t<\/div>\n\t\t\t\t\t<\/div>\n\t\t<\/div>\n\t\t\t\t<div class=\"elementor-column elementor-col-50 elementor-top-column elementor-element elementor-element-4cd64f55\" data-id=\"4cd64f55\" data-element_type=\"column\">\n\t\t\t<div class=\"elementor-widget-wrap elementor-element-populated\">\n\t\t\t\t\t\t\t\t<div class=\"elementor-element elementor-element-13a1798c elementor-widget elementor-widget-wd_image_or_svg\" data-id=\"13a1798c\" data-element_type=\"widget\" data-widget_type=\"wd_image_or_svg.default\">\n\t\t\t\t<div class=\"elementor-widget-container\">\n\t\t\t\n\t\t<div class=\"wd-image text-left\">\n\t\t\t\t\t\t\t\t<img decoding=\"async\" width=\"1000\" height=\"1000\" src=\"https:\/\/www.bailishaver.com\/wp-content\/uploads\/2023\/11\/Classic_Safety_Razor_Mens_Face_Shaving_Kit_with_Travel_Case_details_03.webp\" class=\"attachment-full size-full wp-image-230086\" alt=\"\" srcset=\"https:\/\/www.bailishaver.com\/wp-content\/uploads\/2023\/11\/Classic_Safety_Razor_Mens_Face_Shaving_Kit_with_Travel_Case_details_03.webp 1000w, https:\/\/www.bailishaver.com\/wp-content\/uploads\/2023\/11\/Classic_Safety_Razor_Mens_Face_Shaving_Kit_with_Travel_Case_details_03-300x300.webp 300w, https:\/\/www.bailishaver.com\/wp-content\/uploads\/2023\/11\/Classic_Safety_Razor_Mens_Face_Shaving_Kit_with_Travel_Case_details_03-150x150.webp 150w, https:\/\/www.bailishaver.com\/wp-content\/uploads\/2023\/11\/Classic_Safety_Razor_Mens_Face_Shaving_Kit_with_Travel_Case_details_03-768x768.webp 768w, https:\/\/www.bailishaver.com\/wp-content\/uploads\/2023\/11\/Classic_Safety_Razor_Mens_Face_Shaving_Kit_with_Travel_Case_details_03-12x12.webp 12w\" sizes=\"(max-width: 1000px) 100vw, 1000px\" \/>\t\t\t\t\t<\/div>\n\n\t\t\t\t<\/div>\n\t\t\t\t<\/div>\n\t\t\t\t\t<\/div>\n\t\t<\/div>\n\t\t\t\t\t\t\t<\/div>\n\t\t<\/section>\n\t\t\t\t<section class=\"wd-negative-gap elementor-section elementor-top-section elementor-element elementor-element-56826e35 elementor-section-boxed elementor-section-height-default elementor-section-height-default wd-section-disabled\" data-id=\"56826e35\" data-element_type=\"section\">\n\t\t\t\t\t\t<div class=\"elementor-container elementor-column-gap-default\">\n\t\t\t\t\t<div class=\"elementor-column elementor-col-100 elementor-top-column elementor-element elementor-element-4728aa1c\" data-id=\"4728aa1c\" data-element_type=\"column\">\n\t\t\t<div class=\"elementor-widget-wrap elementor-element-populated\">\n\t\t\t\t\t\t\t\t<div class=\"elementor-element elementor-element-10b98884 elementor-widget elementor-widget-accordion\" data-id=\"10b98884\" data-element_type=\"widget\" data-widget_type=\"accordion.default\">\n\t\t\t\t<div class=\"elementor-widget-container\">\n\t\t\t<style>\/*! elementor - v3.18.0 - 20-12-2023 *\/\n.elementor-accordion{text-align:left}.elementor-accordion .elementor-accordion-item{border:1px solid #d5d8dc}.elementor-accordion .elementor-accordion-item+.elementor-accordion-item{border-top:none}.elementor-accordion .elementor-tab-title{margin:0;padding:15px 20px;font-weight:700;line-height:1;cursor:pointer;outline:none}.elementor-accordion .elementor-tab-title .elementor-accordion-icon{display:inline-block;width:1.5em}.elementor-accordion .elementor-tab-title .elementor-accordion-icon svg{width:1em;height:1em}.elementor-accordion .elementor-tab-title .elementor-accordion-icon.elementor-accordion-icon-right{float:right;text-align:right}.elementor-accordion .elementor-tab-title .elementor-accordion-icon.elementor-accordion-icon-left{float:left;text-align:left}.elementor-accordion .elementor-tab-title .elementor-accordion-icon .elementor-accordion-icon-closed{display:block}.elementor-accordion .elementor-tab-title .elementor-accordion-icon .elementor-accordion-icon-opened,.elementor-accordion .elementor-tab-title.elementor-active .elementor-accordion-icon-closed{display:none}.elementor-accordion .elementor-tab-title.elementor-active .elementor-accordion-icon-opened{display:block}.elementor-accordion .elementor-tab-content{display:none;padding:15px 20px;border-top:1px solid #d5d8dc}@media (max-width:767px){.elementor-accordion .elementor-tab-title{padding:12px 15px}.elementor-accordion .elementor-tab-title .elementor-accordion-icon{width:1.2em}.elementor-accordion .elementor-tab-content{padding:7px 15px}}.e-con-inner>.elementor-widget-accordion,.e-con>.elementor-widget-accordion{width:var(--container-widget-width);--flex-grow:var(--container-widget-flex-grow)}<\/style>\t\t<div class=\"elementor-accordion\">\n\t\t\t\t\t\t\t<div class=\"elementor-accordion-item\">\n\t\t\t\t\t<div id=\"elementor-tab-title-2801\" class=\"elementor-tab-title\" data-tab=\"1\" role=\"button\" aria-controls=\"elementor-tab-content-2801\" aria-expanded=\"false\">\n\t\t\t\t\t\t\t\t\t\t\t\t\t<span class=\"elementor-accordion-icon elementor-accordion-icon-left\" aria-hidden=\"true\">\n\t\t\t\t\t\t\t\t\t\t\t\t\t\t\t<span class=\"elementor-accordion-icon-closed\"><i class=\"fas fa-caret-down\"><\/i><\/span>\n\t\t\t\t\t\t\t\t<span class=\"elementor-accordion-icon-opened\"><i class=\"fas fa-caret-up\"><\/i><\/span>\n\t\t\t\t\t\t\t\t\t\t\t\t\t\t<\/span>\n\t\t\t\t\t\t\t\t\t\t\t\t<a class=\"elementor-accordion-title\" tabindex=\"0\">Paquete<\/a>\n\t\t\t\t\t<\/div>\n\t\t\t\t\t<div id=\"elementor-tab-content-2801\" class=\"elementor-tab-content elementor-clearfix\" data-tab=\"1\" role=\"region\" aria-labelledby=\"elementor-tab-title-2801\"><table><tbody><tr><td>Producto<\/td><td>PC<\/td><td>Paquete<\/td><td>Tama\u00f1o<\/td><td>Peso bruto<\/td><\/tr><tr><td rowspan=\"2\">BR171T<\/td><td class=\"et4\">1<\/td><td class=\"et4\">Caja<\/td><td class=\"et4\">60\u00d730\u00d7107mm<\/td><td class=\"et4\">113g<\/td><\/tr><tr><td>120<\/td><td>Caja de cart\u00f3n<\/td><td>395\u00d7340\u00d7255mm<\/td><td>14,6 kilos<\/td><\/tr><\/tbody><\/table><\/div>\n\t\t\t\t<\/div>\n\t\t\t\t\t\t\t<div class=\"elementor-accordion-item\">\n\t\t\t\t\t<div id=\"elementor-tab-title-2802\" class=\"elementor-tab-title\" data-tab=\"2\" role=\"button\" aria-controls=\"elementor-tab-content-2802\" aria-expanded=\"false\">\n\t\t\t\t\t\t\t\t\t\t\t\t\t<span class=\"elementor-accordion-icon elementor-accordion-icon-left\" aria-hidden=\"true\">\n\t\t\t\t\t\t\t\t\t\t\t\t\t\t\t<span class=\"elementor-accordion-icon-closed\"><i class=\"fas fa-caret-down\"><\/i><\/span>\n\t\t\t\t\t\t\t\t<span class=\"elementor-accordion-icon-opened\"><i class=\"fas fa-caret-up\"><\/i><\/span>\n\t\t\t\t\t\t\t\t\t\t\t\t\t\t<\/span>\n\t\t\t\t\t\t\t\t\t\t\t\t<a class=\"elementor-accordion-title\" tabindex=\"0\"> Env\u00edo<\/a>\n\t\t\t\t\t<\/div>\n\t\t\t\t\t<div id=\"elementor-tab-content-2802\" class=\"elementor-tab-content elementor-clearfix\" data-tab=\"2\" role=\"region\" aria-labelledby=\"elementor-tab-title-2802\">El pedido de muestra se puede enviar en un plazo de 3 a 7 d\u00edas; <br>La producci\u00f3n de pedidos al por mayor o pedidos personalizados tarda entre 15 y 30 d\u00edas.\n<\/div>\n\t\t\t\t<\/div>\n\t\t\t\t\t\t\t\t<\/div>\n\t\t\t\t<\/div>\n\t\t\t\t<\/div>\n\t\t\t\t\t<\/div>\n\t\t<\/div>\n\t\t\t\t\t\t\t<\/div>\n\t\t<\/section>\n\t\t\t\t\t\t\t<\/div>","protected":false},"excerpt":{"rendered":"<p><strong>Modelo: BR171T<\/strong><\/p>\n<div class=\"DescriptionImg\">\n<div class=\"image-box\">\n<p><img decoding=\"async\" src=\"https:\/\/bailishaver.com\/wp-content\/uploads\/2023\/09\/Mild-2.png\" alt=\"Image1\" \/><\/p>\n<div class=\"caption\">Leve<\/div>\n<\/div>\n<div class=\"image-box\">\n<p><img decoding=\"async\" src=\"https:\/\/bailishaver.com\/wp-content\/uploads\/2023\/09\/Safety-1.png\" alt=\"Image2\" \/><\/p>\n<div class=\"caption\">Seguridad<\/div>\n<\/div>\n<div class=\"image-box\">\n<p><img decoding=\"async\" src=\"https:\/\/bailishaver.com\/wp-content\/uploads\/2024\/02\/Travel_Case_Icon.webp\" alt=\"Image3\" \/><\/p>\n<div class=\"caption\">Malet\u00edn de viaje<\/div>\n<\/div>\n<\/div>","protected":false},"featured_media":230089,"comment_status":"open","ping_status":"closed","template":"","meta":[],"product_cat":[70,34,69],"product_tag":[],"yoast_head":"<!-- This site is optimized with the Yoast SEO plugin v21.4 - https:\/\/yoast.com\/wordpress\/plugins\/seo\/ -->\n<title>Classic Safety Razor Men&#039;s Face Shaving Kit with Travel Case - Guangzhou Weidi Technology Co.,Ltd<\/title>\n<meta name=\"description\" content=\"Classic men&#039;s face shaving kit, the handle is easier to grasp and control; the travel case suitable for storing double edge safety razors.\" \/>\n<meta name=\"robots\" content=\"index, follow, max-snippet:-1, max-image-preview:large, max-video-preview:-1\" \/>\n<link rel=\"canonical\" href=\"https:\/\/www.bailishaver.com\/es\/producto\/classic-safety-razor-mens-face-shaving-kit-with-travel-case\/\" \/>\n<meta property=\"og:locale\" content=\"es_ES\" \/>\n<meta property=\"og:type\" content=\"article\" \/>\n<meta property=\"og:title\" content=\"Classic Safety Razor Men&#039;s Face Shaving Kit with Travel Case - Guangzhou Weidi Technology Co.,Ltd\" \/>\n<meta property=\"og:description\" content=\"Classic men&#039;s face shaving kit, the handle is easier to grasp and control; the travel case suitable for storing double edge safety razors.\" \/>\n<meta property=\"og:url\" content=\"https:\/\/www.bailishaver.com\/es\/producto\/classic-safety-razor-mens-face-shaving-kit-with-travel-case\/\" \/>\n<meta property=\"og:site_name\" content=\"Guangzhou Weidi Technology Co.,Ltd\" \/>\n<meta property=\"article:modified_time\" content=\"2024-02-29T02:54:41+00:00\" \/>\n<meta property=\"og:image\" content=\"https:\/\/www.bailishaver.com\/wp-content\/uploads\/2023\/11\/Classic_Safety_Razor_Mens_Face_Shaving_Kit_with_Travel_Case_01.webp\" \/>\n\t<meta property=\"og:image:width\" content=\"1000\" \/>\n\t<meta property=\"og:image:height\" content=\"1000\" \/>\n\t<meta property=\"og:image:type\" content=\"image\/webp\" \/>\n<meta name=\"twitter:card\" content=\"summary_large_image\" \/>\n<meta name=\"twitter:label1\" content=\"Tiempo de lectura\" \/>\n\t<meta name=\"twitter:data1\" content=\"2 minutos\" \/>\n<script type=\"application\/ld+json\" class=\"yoast-schema-graph\">{\"@context\":\"https:\/\/schema.org\",\"@graph\":[{\"@type\":\"WebPage\",\"@id\":\"https:\/\/www.bailishaver.com\/product\/classic-safety-razor-mens-face-shaving-kit-with-travel-case\/\",\"url\":\"https:\/\/www.bailishaver.com\/product\/classic-safety-razor-mens-face-shaving-kit-with-travel-case\/\",\"name\":\"Classic Safety Razor Men's Face Shaving Kit with Travel Case - Guangzhou Weidi Technology Co.,Ltd\",\"isPartOf\":{\"@id\":\"https:\/\/www.bailishaver.com\/#website\"},\"datePublished\":\"2023-10-23T07:08:16+00:00\",\"dateModified\":\"2024-02-29T02:54:41+00:00\",\"description\":\"Classic men's face shaving kit, the handle is easier to grasp and control; the travel case suitable for storing double edge safety razors.\",\"breadcrumb\":{\"@id\":\"https:\/\/www.bailishaver.com\/product\/classic-safety-razor-mens-face-shaving-kit-with-travel-case\/#breadcrumb\"},\"inLanguage\":\"es\",\"potentialAction\":[{\"@type\":\"ReadAction\",\"target\":[\"https:\/\/www.bailishaver.com\/product\/classic-safety-razor-mens-face-shaving-kit-with-travel-case\/\"]}]},{\"@type\":\"BreadcrumbList\",\"@id\":\"https:\/\/www.bailishaver.com\/product\/classic-safety-razor-mens-face-shaving-kit-with-travel-case\/#breadcrumb\",\"itemListElement\":[{\"@type\":\"ListItem\",\"position\":1,\"name\":\"HOME\",\"item\":\"https:\/\/www.bailishaver.com\/\"},{\"@type\":\"ListItem\",\"position\":2,\"name\":\"Product\",\"item\":\"https:\/\/www.bailishaver.com\/product\/\"},{\"@type\":\"ListItem\",\"position\":3,\"name\":\"Classic Safety Razor Men&#8217;s Face Shaving Kit with Travel Case\"}]},{\"@type\":\"WebSite\",\"@id\":\"https:\/\/www.bailishaver.com\/#website\",\"url\":\"https:\/\/www.bailishaver.com\/\",\"name\":\"Guangzhou Weidi Technology Co.,Ltd\",\"description\":\"system razors, lady razors, shaving kits, blade and refill, disposable razor, shaving , accessories, etc.\",\"potentialAction\":[{\"@type\":\"SearchAction\",\"target\":{\"@type\":\"EntryPoint\",\"urlTemplate\":\"https:\/\/www.bailishaver.com\/?s={search_term_string}\"},\"query-input\":\"required name=search_term_string\"}],\"inLanguage\":\"es\"}]}<\/script>\n<!-- \/ Yoast SEO plugin. -->","yoast_head_json":{"title":"Classic Safety Razor Men's Face Shaving Kit with Travel Case - Guangzhou Weidi Technology Co.,Ltd","description":"Classic men's face shaving kit, the handle is easier to grasp and control; the travel case suitable for storing double edge safety razors.","robots":{"index":"index","follow":"follow","max-snippet":"max-snippet:-1","max-image-preview":"max-image-preview:large","max-video-preview":"max-video-preview:-1"},"canonical":"https:\/\/www.bailishaver.com\/es\/producto\/classic-safety-razor-mens-face-shaving-kit-with-travel-case\/","og_locale":"es_ES","og_type":"article","og_title":"Classic Safety Razor Men's Face Shaving Kit with Travel Case - Guangzhou Weidi Technology Co.,Ltd","og_description":"Classic men's face shaving kit, the handle is easier to grasp and control; the travel case suitable for storing double edge safety razors.","og_url":"https:\/\/www.bailishaver.com\/es\/producto\/classic-safety-razor-mens-face-shaving-kit-with-travel-case\/","og_site_name":"Guangzhou Weidi Technology Co.,Ltd","article_modified_time":"2024-02-29T02:54:41+00:00","og_image":[{"width":1000,"height":1000,"url":"https:\/\/www.bailishaver.com\/wp-content\/uploads\/2023\/11\/Classic_Safety_Razor_Mens_Face_Shaving_Kit_with_Travel_Case_01.webp","type":"image\/webp"}],"twitter_card":"summary_large_image","twitter_misc":{"Tiempo de lectura":"2 minutos"},"schema":{"@context":"https:\/\/schema.org","@graph":[{"@type":"WebPage","@id":"https:\/\/www.bailishaver.com\/product\/classic-safety-razor-mens-face-shaving-kit-with-travel-case\/","url":"https:\/\/www.bailishaver.com\/product\/classic-safety-razor-mens-face-shaving-kit-with-travel-case\/","name":"Classic Safety Razor Men's Face Shaving Kit with Travel Case - Guangzhou Weidi Technology Co.,Ltd","isPartOf":{"@id":"https:\/\/www.bailishaver.com\/#website"},"datePublished":"2023-10-23T07:08:16+00:00","dateModified":"2024-02-29T02:54:41+00:00","description":"Classic men's face shaving kit, the handle is easier to grasp and control; the travel case suitable for storing double edge safety razors.","breadcrumb":{"@id":"https:\/\/www.bailishaver.com\/product\/classic-safety-razor-mens-face-shaving-kit-with-travel-case\/#breadcrumb"},"inLanguage":"es","potentialAction":[{"@type":"ReadAction","target":["https:\/\/www.bailishaver.com\/product\/classic-safety-razor-mens-face-shaving-kit-with-travel-case\/"]}]},{"@type":"BreadcrumbList","@id":"https:\/\/www.bailishaver.com\/product\/classic-safety-razor-mens-face-shaving-kit-with-travel-case\/#breadcrumb","itemListElement":[{"@type":"ListItem","position":1,"name":"HOME","item":"https:\/\/www.bailishaver.com\/"},{"@type":"ListItem","position":2,"name":"Product","item":"https:\/\/www.bailishaver.com\/product\/"},{"@type":"ListItem","position":3,"name":"Classic Safety Razor Men&#8217;s Face Shaving Kit with Travel Case"}]},{"@type":"WebSite","@id":"https:\/\/www.bailishaver.com\/#website","url":"https:\/\/www.bailishaver.com\/","name":"Guangzhou Weidi Technology Co.,Ltd","description":"system razors, lady razors, shaving kits, blade and refill, disposable razor, shaving , accessories, etc.","potentialAction":[{"@type":"SearchAction","target":{"@type":"EntryPoint","urlTemplate":"https:\/\/www.bailishaver.com\/?s={search_term_string}"},"query-input":"required name=search_term_string"}],"inLanguage":"es"}]}},"_links":{"self":[{"href":"https:\/\/www.bailishaver.com\/es\/wp-json\/wp\/v2\/product\/228756"}],"collection":[{"href":"https:\/\/www.bailishaver.com\/es\/wp-json\/wp\/v2\/product"}],"about":[{"href":"https:\/\/www.bailishaver.com\/es\/wp-json\/wp\/v2\/types\/product"}],"replies":[{"embeddable":true,"href":"https:\/\/www.bailishaver.com\/es\/wp-json\/wp\/v2\/comments?post=228756"}],"version-history":[{"count":2,"href":"https:\/\/www.bailishaver.com\/es\/wp-json\/wp\/v2\/product\/228756\/revisions"}],"predecessor-version":[{"id":231594,"href":"https:\/\/www.bailishaver.com\/es\/wp-json\/wp\/v2\/product\/228756\/revisions\/231594"}],"wp:featuredmedia":[{"embeddable":true,"href":"https:\/\/www.bailishaver.com\/es\/wp-json\/wp\/v2\/media\/230089"}],"wp:attachment":[{"href":"https:\/\/www.bailishaver.com\/es\/wp-json\/wp\/v2\/media?parent=228756"}],"wp:term":[{"taxonomy":"product_cat","embeddable":true,"href":"https:\/\/www.bailishaver.com\/es\/wp-json\/wp\/v2\/product_cat?post=228756"},{"taxonomy":"product_tag","embeddable":true,"href":"https:\/\/www.bailishaver.com\/es\/wp-json\/wp\/v2\/product_tag?post=228756"}],"curies":[{"name":"wp","href":"https:\/\/api.w.org\/{rel}","templated":true}]}}