{"id":228630,"date":"2023-10-20T12:05:35","date_gmt":"2023-10-20T04:05:35","guid":{"rendered":"https:\/\/bailishaver.com\/?post_type=product&#038;p=228630"},"modified":"2023-11-22T17:17:28","modified_gmt":"2023-11-22T09:17:28","slug":"triple-blade-abs-rubber-handle-shaving-razor-with-3-blades","status":"publish","type":"product","link":"https:\/\/www.bailishaver.com\/es\/producto\/triple-blade-abs-rubber-handle-shaving-razor-with-3-blades\/","title":{"rendered":"Maquinilla de afeitar con mango de goma ABS de triple hoja con 3 cuchillas"},"content":{"rendered":"<div data-elementor-type=\"product-post\" data-elementor-id=\"228630\" class=\"elementor elementor-228630\" data-elementor-post-type=\"product\">\n\t\t\t\t\t\t\t\t\t<section class=\"wd-negative-gap elementor-section elementor-top-section elementor-element elementor-element-7276070b elementor-section-content-middle elementor-section-boxed elementor-section-height-default elementor-section-height-default wd-section-disabled\" data-id=\"7276070b\" data-element_type=\"section\">\n\t\t\t\t\t\t<div class=\"elementor-container elementor-column-gap-default\">\n\t\t\t\t\t<div class=\"elementor-column elementor-col-50 elementor-top-column elementor-element elementor-element-22d64026\" data-id=\"22d64026\" data-element_type=\"column\">\n\t\t\t<div class=\"elementor-widget-wrap elementor-element-populated\">\n\t\t\t\t\t\t\t\t<div class=\"elementor-element elementor-element-674c28e3 elementor-widget elementor-widget-wd_text_block\" data-id=\"674c28e3\" data-element_type=\"widget\" data-widget_type=\"wd_text_block.default\">\n\t\t\t\t<div class=\"elementor-widget-container\">\n\t\t\t\t\t<div class=\"wd-text-block reset-last-child text-left color-title\">\n\t\t\t\n\t\t\t<p>Modelo: DB353A<\/p><p>Cabezal de afeitar: cabezal de afeitar de triple hoja<\/p><p>Tama\u00f1o del mango de la maquinilla de afeitar: 135 \u00d7 20,93 \u00d7 15,85 mm<\/p><p>Peso del mango de la maquinilla de afeitar: 19,3 g.<\/p><p>Material: ABS + TPE<\/p><p>Caracter\u00edsticas: Tira hidratante de aloe vera; lavable; reutilizable; impermeable; resistente al \u00f3xido<\/p>\n\t\t\t\t\t<\/div>\n\t\t\t\t<\/div>\n\t\t\t\t<\/div>\n\t\t\t\t\t<\/div>\n\t\t<\/div>\n\t\t\t\t<div class=\"elementor-column elementor-col-50 elementor-top-column elementor-element elementor-element-73250d3b\" data-id=\"73250d3b\" data-element_type=\"column\">\n\t\t\t<div class=\"elementor-widget-wrap elementor-element-populated\">\n\t\t\t\t\t\t\t\t<div class=\"elementor-element elementor-element-1a627349 elementor-widget elementor-widget-wd_image_or_svg\" data-id=\"1a627349\" data-element_type=\"widget\" data-widget_type=\"wd_image_or_svg.default\">\n\t\t\t\t<div class=\"elementor-widget-container\">\n\t\t\t\n\t\t<div class=\"wd-image text-left\">\n\t\t\t\t\t\t\t\t<img fetchpriority=\"high\" decoding=\"async\" width=\"1200\" height=\"1200\" src=\"https:\/\/www.bailishaver.com\/wp-content\/uploads\/2023\/11\/Triple_Blade_ABS_Rubber_Handle_Shaving_Razor_with_3_Blades_details_01.webp\" class=\"attachment-full size-full wp-image-229960\" alt=\"\" srcset=\"https:\/\/www.bailishaver.com\/wp-content\/uploads\/2023\/11\/Triple_Blade_ABS_Rubber_Handle_Shaving_Razor_with_3_Blades_details_01.webp 1200w, https:\/\/www.bailishaver.com\/wp-content\/uploads\/2023\/11\/Triple_Blade_ABS_Rubber_Handle_Shaving_Razor_with_3_Blades_details_01-300x300.webp 300w, https:\/\/www.bailishaver.com\/wp-content\/uploads\/2023\/11\/Triple_Blade_ABS_Rubber_Handle_Shaving_Razor_with_3_Blades_details_01-1024x1024.webp 1024w, https:\/\/www.bailishaver.com\/wp-content\/uploads\/2023\/11\/Triple_Blade_ABS_Rubber_Handle_Shaving_Razor_with_3_Blades_details_01-150x150.webp 150w, https:\/\/www.bailishaver.com\/wp-content\/uploads\/2023\/11\/Triple_Blade_ABS_Rubber_Handle_Shaving_Razor_with_3_Blades_details_01-768x768.webp 768w, https:\/\/www.bailishaver.com\/wp-content\/uploads\/2023\/11\/Triple_Blade_ABS_Rubber_Handle_Shaving_Razor_with_3_Blades_details_01-12x12.webp 12w\" sizes=\"(max-width: 1200px) 100vw, 1200px\" \/>\t\t\t\t\t<\/div>\n\n\t\t\t\t<\/div>\n\t\t\t\t<\/div>\n\t\t\t\t\t<\/div>\n\t\t<\/div>\n\t\t\t\t\t\t\t<\/div>\n\t\t<\/section>\n\t\t\t\t<section class=\"wd-negative-gap elementor-section elementor-top-section elementor-element elementor-element-1cef2368 elementor-section-content-middle elementor-section-boxed elementor-section-height-default elementor-section-height-default wd-section-disabled\" data-id=\"1cef2368\" data-element_type=\"section\">\n\t\t\t\t\t\t<div class=\"elementor-container elementor-column-gap-default\">\n\t\t\t\t\t<div class=\"elementor-column elementor-col-50 elementor-top-column elementor-element elementor-element-3b7e6f38\" data-id=\"3b7e6f38\" data-element_type=\"column\">\n\t\t\t<div class=\"elementor-widget-wrap elementor-element-populated\">\n\t\t\t\t\t\t\t\t<div class=\"elementor-element elementor-element-f6245b2 elementor-hidden-desktop elementor-hidden-tablet elementor-widget elementor-widget-wd_text_block\" data-id=\"f6245b2\" data-element_type=\"widget\" data-widget_type=\"wd_text_block.default\">\n\t\t\t\t<div class=\"elementor-widget-container\">\n\t\t\t\t\t<div class=\"wd-text-block reset-last-child text-left color-title\">\n\t\t\t\n\t\t\t<h5>*El mango ergon\u00f3mico tiene un mejor agarre:<\/h5><p>El mango tiene un dise\u00f1o de goma suave antideslizante agrandado, que mejora la fricci\u00f3n y es adecuado para h\u00e1bitos de afeitado de diferentes tipos de manos. Tiene diferentes agarres y hace que el afeitado sea m\u00e1s c\u00f3modo;<\/p><h5>*Reemplazo del cabezal de afeitar con una sola tecla:<\/h5><p>Hay un bot\u00f3n de reemplazo de una tecla en el mango, que se puede presionar y empujar hacia adelante para reemplazar f\u00e1cilmente el cabezal de afeitar;<\/p><h5>*El cabezal de afeitado autom\u00e1tico que se adapta a la cara est\u00e1 m\u00e1s cerca de la cara:<\/h5><p>El innovador sistema de ajuste facial adopta un cabezal de afeitar triple de nuevo dise\u00f1o, que puede ajustarse autom\u00e1ticamente al mejor \u00e1ngulo de afeitado seg\u00fan la curva del contorno de la cara, de modo que la hoja triple pueda estar m\u00e1s segura cerca de la piel;<\/p><h5>*Aporta un afeitado m\u00e1s apurado, c\u00f3modo y limpio.<\/h5>\n\t\t\t\t\t<\/div>\n\t\t\t\t<\/div>\n\t\t\t\t<\/div>\n\t\t\t\t<div class=\"elementor-element elementor-element-76062635 elementor-widget elementor-widget-wd_image_or_svg\" data-id=\"76062635\" data-element_type=\"widget\" data-widget_type=\"wd_image_or_svg.default\">\n\t\t\t\t<div class=\"elementor-widget-container\">\n\t\t\t\n\t\t<div class=\"wd-image text-left\">\n\t\t\t\t\t\t\t\t<img decoding=\"async\" src=\"https:\/\/www.bailishaver.com\/wp-content\/uploads\/elementor\/thumbs\/Triple_Blade_ABS_Rubber_Handle_Shaving_Razor_with_3_Blades_details_03-qfq7hb2h906kilvhnxm3iecmoy68qzov89k09fcksg.webp\" title=\"Triple_Blade_ABS_Rubber_Handle_Shaving_Razor_with_3_Blades_details_03\" alt=\"Triple_Blade_ABS_Rubber_Handle_Shaving_Razor_with_3_Blades_details_03\" loading=\"lazy\" \/>\t\t\t\t\t<\/div>\n\n\t\t\t\t<\/div>\n\t\t\t\t<\/div>\n\t\t\t\t\t<\/div>\n\t\t<\/div>\n\t\t\t\t<div class=\"elementor-column elementor-col-50 elementor-top-column elementor-element elementor-element-ac389ce\" data-id=\"ac389ce\" data-element_type=\"column\">\n\t\t\t<div class=\"elementor-widget-wrap elementor-element-populated\">\n\t\t\t\t\t\t\t\t<div class=\"elementor-element elementor-element-3eb6efa1 elementor-hidden-mobile elementor-widget elementor-widget-wd_text_block\" data-id=\"3eb6efa1\" data-element_type=\"widget\" data-widget_type=\"wd_text_block.default\">\n\t\t\t\t<div class=\"elementor-widget-container\">\n\t\t\t\t\t<div class=\"wd-text-block reset-last-child text-left color-title\">\n\t\t\t\n\t\t\t<h5>*El mango ergon\u00f3mico tiene un mejor agarre:<\/h5><p>El mango tiene un dise\u00f1o de goma suave antideslizante agrandado, que mejora la fricci\u00f3n y es adecuado para h\u00e1bitos de afeitado de diferentes tipos de manos. Tiene diferentes agarres y hace que el afeitado sea m\u00e1s c\u00f3modo;<\/p><h5>*Reemplazo del cabezal de afeitar con una sola tecla:<\/h5><p>Hay un bot\u00f3n de reemplazo de una tecla en el mango, que se puede presionar y empujar hacia adelante para reemplazar f\u00e1cilmente el cabezal de afeitar;<\/p><h5>*El cabezal de afeitado autom\u00e1tico que se adapta a la cara est\u00e1 m\u00e1s cerca de la cara:<\/h5><p>El innovador sistema de ajuste facial adopta un cabezal de afeitar triple de nuevo dise\u00f1o, que puede ajustarse autom\u00e1ticamente al mejor \u00e1ngulo de afeitado seg\u00fan la curva del contorno de la cara, de modo que la hoja triple pueda estar m\u00e1s segura cerca de la piel;<\/p><h5>*Aporta un afeitado m\u00e1s apurado, c\u00f3modo y limpio.<\/h5>\n\t\t\t\t\t<\/div>\n\t\t\t\t<\/div>\n\t\t\t\t<\/div>\n\t\t\t\t\t<\/div>\n\t\t<\/div>\n\t\t\t\t\t\t\t<\/div>\n\t\t<\/section>\n\t\t\t\t<section class=\"wd-negative-gap elementor-section elementor-top-section elementor-element elementor-element-64d9f8bf elementor-section-content-middle elementor-section-boxed elementor-section-height-default elementor-section-height-default wd-section-disabled\" data-id=\"64d9f8bf\" data-element_type=\"section\">\n\t\t\t\t\t\t<div class=\"elementor-container elementor-column-gap-default\">\n\t\t\t\t\t<div class=\"elementor-column elementor-col-50 elementor-top-column elementor-element elementor-element-5b5892ff\" data-id=\"5b5892ff\" data-element_type=\"column\">\n\t\t\t<div class=\"elementor-widget-wrap elementor-element-populated\">\n\t\t\t\t\t\t\t\t<div class=\"elementor-element elementor-element-799fb693 elementor-widget elementor-widget-wd_text_block\" data-id=\"799fb693\" data-element_type=\"widget\" data-widget_type=\"wd_text_block.default\">\n\t\t\t\t<div class=\"elementor-widget-container\">\n\t\t\t\t\t<div class=\"wd-text-block reset-last-child text-left color-title\">\n\t\t\t\n\t\t\t<h5>*Las tiras lubricantes de aloe vera son m\u00e1s c\u00f3modas:<\/h5><p>Tiras lubricantes para el cuidado de la piel ricas en aloe vera, que secretar\u00e1n autom\u00e1ticamente l\u00edquido lubricante cuando se exponen al agua, reduciendo la irritaci\u00f3n;<\/p><p>Tambi\u00e9n protege e hidrata eficazmente la piel, haciendo que el afeitado se sienta m\u00e1s suave, limpio y c\u00f3modo;<\/p><h5>*La triple hoja ultrafina es m\u00e1s limpia:<\/h5><p>Recubrimiento de platino en el borde de la hoja, excepcionalmente afilado y duradero;<\/p><p>La triple hoja reduce los movimientos repetitivos de afeitado, reduciendo as\u00ed la irritaci\u00f3n de la piel, lo que da como resultado un afeitado m\u00e1s limpio y completo;<\/p><h5>*Aletas de inducci\u00f3n de gu\u00eda suave:<\/h5><p>El extremo frontal de la cuchilla est\u00e1 equipado con aletas sensoriales suaves y flexibles, que pueden levantar previamente la barba y hacer que la ra\u00edz de la barba sea m\u00e1s prominente; mientras protege la piel, le brinda una experiencia de afeitado m\u00e1s apurada y c\u00f3moda.<\/p>\n\t\t\t\t\t<\/div>\n\t\t\t\t<\/div>\n\t\t\t\t<\/div>\n\t\t\t\t\t<\/div>\n\t\t<\/div>\n\t\t\t\t<div class=\"elementor-column elementor-col-50 elementor-top-column elementor-element elementor-element-3f72b81b\" data-id=\"3f72b81b\" data-element_type=\"column\">\n\t\t\t<div class=\"elementor-widget-wrap elementor-element-populated\">\n\t\t\t\t\t\t\t\t<div class=\"elementor-element elementor-element-309ca99f elementor-widget elementor-widget-wd_image_or_svg\" data-id=\"309ca99f\" data-element_type=\"widget\" data-widget_type=\"wd_image_or_svg.default\">\n\t\t\t\t<div class=\"elementor-widget-container\">\n\t\t\t\n\t\t<div class=\"wd-image text-left\">\n\t\t\t\t\t\t\t\t<img decoding=\"async\" width=\"1000\" height=\"1000\" src=\"https:\/\/www.bailishaver.com\/wp-content\/uploads\/2023\/11\/Triple_Blade_ABS_Rubber_Handle_Shaving_Razor_with_3_Blades_details_02.webp\" class=\"attachment-full size-full wp-image-229961\" alt=\"\" srcset=\"https:\/\/www.bailishaver.com\/wp-content\/uploads\/2023\/11\/Triple_Blade_ABS_Rubber_Handle_Shaving_Razor_with_3_Blades_details_02.webp 1000w, https:\/\/www.bailishaver.com\/wp-content\/uploads\/2023\/11\/Triple_Blade_ABS_Rubber_Handle_Shaving_Razor_with_3_Blades_details_02-300x300.webp 300w, https:\/\/www.bailishaver.com\/wp-content\/uploads\/2023\/11\/Triple_Blade_ABS_Rubber_Handle_Shaving_Razor_with_3_Blades_details_02-150x150.webp 150w, https:\/\/www.bailishaver.com\/wp-content\/uploads\/2023\/11\/Triple_Blade_ABS_Rubber_Handle_Shaving_Razor_with_3_Blades_details_02-768x768.webp 768w, https:\/\/www.bailishaver.com\/wp-content\/uploads\/2023\/11\/Triple_Blade_ABS_Rubber_Handle_Shaving_Razor_with_3_Blades_details_02-12x12.webp 12w\" sizes=\"(max-width: 1000px) 100vw, 1000px\" \/>\t\t\t\t\t<\/div>\n\n\t\t\t\t<\/div>\n\t\t\t\t<\/div>\n\t\t\t\t\t<\/div>\n\t\t<\/div>\n\t\t\t\t\t\t\t<\/div>\n\t\t<\/section>\n\t\t\t\t<section class=\"wd-negative-gap elementor-section elementor-top-section elementor-element elementor-element-2f404f3b elementor-section-boxed elementor-section-height-default elementor-section-height-default wd-section-disabled\" data-id=\"2f404f3b\" data-element_type=\"section\">\n\t\t\t\t\t\t<div class=\"elementor-container elementor-column-gap-default\">\n\t\t\t\t\t<div class=\"elementor-column elementor-col-100 elementor-top-column elementor-element elementor-element-4d5b72a5\" data-id=\"4d5b72a5\" data-element_type=\"column\">\n\t\t\t<div class=\"elementor-widget-wrap elementor-element-populated\">\n\t\t\t\t\t\t\t\t<div class=\"elementor-element elementor-element-64630af elementor-widget elementor-widget-accordion\" data-id=\"64630af\" data-element_type=\"widget\" data-widget_type=\"accordion.default\">\n\t\t\t\t<div class=\"elementor-widget-container\">\n\t\t\t<style>\/*! elementor - v3.18.0 - 20-12-2023 *\/\n.elementor-accordion{text-align:left}.elementor-accordion .elementor-accordion-item{border:1px solid #d5d8dc}.elementor-accordion .elementor-accordion-item+.elementor-accordion-item{border-top:none}.elementor-accordion .elementor-tab-title{margin:0;padding:15px 20px;font-weight:700;line-height:1;cursor:pointer;outline:none}.elementor-accordion .elementor-tab-title .elementor-accordion-icon{display:inline-block;width:1.5em}.elementor-accordion .elementor-tab-title .elementor-accordion-icon svg{width:1em;height:1em}.elementor-accordion .elementor-tab-title .elementor-accordion-icon.elementor-accordion-icon-right{float:right;text-align:right}.elementor-accordion .elementor-tab-title .elementor-accordion-icon.elementor-accordion-icon-left{float:left;text-align:left}.elementor-accordion .elementor-tab-title .elementor-accordion-icon .elementor-accordion-icon-closed{display:block}.elementor-accordion .elementor-tab-title .elementor-accordion-icon .elementor-accordion-icon-opened,.elementor-accordion .elementor-tab-title.elementor-active .elementor-accordion-icon-closed{display:none}.elementor-accordion .elementor-tab-title.elementor-active .elementor-accordion-icon-opened{display:block}.elementor-accordion .elementor-tab-content{display:none;padding:15px 20px;border-top:1px solid #d5d8dc}@media (max-width:767px){.elementor-accordion .elementor-tab-title{padding:12px 15px}.elementor-accordion .elementor-tab-title .elementor-accordion-icon{width:1.2em}.elementor-accordion .elementor-tab-content{padding:7px 15px}}.e-con-inner>.elementor-widget-accordion,.e-con>.elementor-widget-accordion{width:var(--container-widget-width);--flex-grow:var(--container-widget-flex-grow)}<\/style>\t\t<div class=\"elementor-accordion\">\n\t\t\t\t\t\t\t<div class=\"elementor-accordion-item\">\n\t\t\t\t\t<div id=\"elementor-tab-title-1051\" class=\"elementor-tab-title\" data-tab=\"1\" role=\"button\" aria-controls=\"elementor-tab-content-1051\" aria-expanded=\"false\">\n\t\t\t\t\t\t\t\t\t\t\t\t\t<span class=\"elementor-accordion-icon elementor-accordion-icon-left\" aria-hidden=\"true\">\n\t\t\t\t\t\t\t\t\t\t\t\t\t\t\t<span class=\"elementor-accordion-icon-closed\"><i class=\"fas fa-caret-down\"><\/i><\/span>\n\t\t\t\t\t\t\t\t<span class=\"elementor-accordion-icon-opened\"><i class=\"fas fa-caret-up\"><\/i><\/span>\n\t\t\t\t\t\t\t\t\t\t\t\t\t\t<\/span>\n\t\t\t\t\t\t\t\t\t\t\t\t<a class=\"elementor-accordion-title\" tabindex=\"0\">Paquete<\/a>\n\t\t\t\t\t<\/div>\n\t\t\t\t\t<div id=\"elementor-tab-content-1051\" class=\"elementor-tab-content elementor-clearfix\" data-tab=\"1\" role=\"region\" aria-labelledby=\"elementor-tab-title-1051\"><table><tbody><tr><td>Producto<\/td><td>PC<\/td><td>Paquete<\/td><td>Tama\u00f1o<\/td><td>Peso bruto<\/td><\/tr><tr><td rowspan=\"2\">DB353A<\/td><td class=\"et4\">1<\/td><td class=\"et4\">Bolsa de polipropileno<\/td><td class=\"et4\">135\u00d720,93\u00d715,85mm<\/td><td class=\"et4\">19,3g<\/td><\/tr><tr><td>300<\/td><td>Caja de cart\u00f3n<\/td><td>385\u00d7155\u00d7235mm<\/td><td>7 kilos<\/td><\/tr><\/tbody><\/table><\/div>\n\t\t\t\t<\/div>\n\t\t\t\t\t\t\t<div class=\"elementor-accordion-item\">\n\t\t\t\t\t<div id=\"elementor-tab-title-1052\" class=\"elementor-tab-title\" data-tab=\"2\" role=\"button\" aria-controls=\"elementor-tab-content-1052\" aria-expanded=\"false\">\n\t\t\t\t\t\t\t\t\t\t\t\t\t<span class=\"elementor-accordion-icon elementor-accordion-icon-left\" aria-hidden=\"true\">\n\t\t\t\t\t\t\t\t\t\t\t\t\t\t\t<span class=\"elementor-accordion-icon-closed\"><i class=\"fas fa-caret-down\"><\/i><\/span>\n\t\t\t\t\t\t\t\t<span class=\"elementor-accordion-icon-opened\"><i class=\"fas fa-caret-up\"><\/i><\/span>\n\t\t\t\t\t\t\t\t\t\t\t\t\t\t<\/span>\n\t\t\t\t\t\t\t\t\t\t\t\t<a class=\"elementor-accordion-title\" tabindex=\"0\"> Env\u00edo<\/a>\n\t\t\t\t\t<\/div>\n\t\t\t\t\t<div id=\"elementor-tab-content-1052\" class=\"elementor-tab-content elementor-clearfix\" data-tab=\"2\" role=\"region\" aria-labelledby=\"elementor-tab-title-1052\">El pedido de muestra se puede enviar en un plazo de 3 a 7 d\u00edas;<br>\nLa producci\u00f3n de pedidos al por mayor o pedidos personalizados tarda entre 15 y 30 d\u00edas.<\/div>\n\t\t\t\t<\/div>\n\t\t\t\t\t\t\t\t<\/div>\n\t\t\t\t<\/div>\n\t\t\t\t<\/div>\n\t\t\t\t\t<\/div>\n\t\t<\/div>\n\t\t\t\t\t\t\t<\/div>\n\t\t<\/section>\n\t\t\t\t\t\t\t<\/div>","protected":false},"excerpt":{"rendered":"<p><strong>Modelo: DB353A<\/strong><\/p>\n<div class=\"DescriptionImg\">\n<div class=\"image-box\">\n<p><img decoding=\"async\" src=\"https:\/\/bailishaver.com\/wp-content\/uploads\/2023\/09\/Triple-Blade.png\" alt=\"Image1\" \/><\/p>\n<div class=\"caption\">Triple hoja<\/div>\n<\/div>\n<div class=\"image-box\">\n<p><img decoding=\"async\" src=\"https:\/\/bailishaver.com\/wp-content\/uploads\/2023\/11\/Comfortable.webp\" alt=\"Image2\" \/><\/p>\n<div class=\"caption\">C\u00f3modo<\/div>\n<\/div>\n<div class=\"image-box\">\n<p><img decoding=\"async\" src=\"https:\/\/bailishaver.com\/wp-content\/uploads\/2023\/10\/Colorful.webp\" alt=\"Image3\" \/><\/p>\n<div class=\"caption\">Vistoso<\/div>\n<\/div>\n<\/div>","protected":false},"featured_media":229953,"comment_status":"open","ping_status":"closed","template":"","meta":[],"product_cat":[32],"product_tag":[],"yoast_head":"<!-- This site is optimized with the Yoast SEO plugin v21.4 - https:\/\/yoast.com\/wordpress\/plugins\/seo\/ -->\n<title>Triple Blade ABS Rubber Handle Shaving Razor with 3 Blades - Guangzhou Weidi Technology Co.,Ltd<\/title>\n<meta name=\"description\" content=\"Baili shaving razor with 3 blades, aloe vera lubrication strip + triple sharp blades, gives you a closer and more comfortable shaving experience.\" \/>\n<meta name=\"robots\" content=\"index, follow, max-snippet:-1, max-image-preview:large, max-video-preview:-1\" \/>\n<link rel=\"canonical\" href=\"https:\/\/www.bailishaver.com\/es\/producto\/triple-blade-abs-rubber-handle-shaving-razor-with-3-blades\/\" \/>\n<meta property=\"og:locale\" content=\"es_ES\" \/>\n<meta property=\"og:type\" content=\"article\" \/>\n<meta property=\"og:title\" content=\"Triple Blade ABS Rubber Handle Shaving Razor with 3 Blades - Guangzhou Weidi Technology Co.,Ltd\" \/>\n<meta property=\"og:description\" content=\"Baili shaving razor with 3 blades, aloe vera lubrication strip + triple sharp blades, gives you a closer and more comfortable shaving experience.\" \/>\n<meta property=\"og:url\" content=\"https:\/\/www.bailishaver.com\/es\/producto\/triple-blade-abs-rubber-handle-shaving-razor-with-3-blades\/\" \/>\n<meta property=\"og:site_name\" content=\"Guangzhou Weidi Technology Co.,Ltd\" \/>\n<meta property=\"article:modified_time\" content=\"2023-11-22T09:17:28+00:00\" \/>\n<meta property=\"og:image\" content=\"https:\/\/www.bailishaver.com\/wp-content\/uploads\/2023\/11\/Triple_Blade_ABS_Rubber_Handle_Shaving_Razor_with_3_Blades_01.webp\" \/>\n\t<meta property=\"og:image:width\" content=\"800\" \/>\n\t<meta property=\"og:image:height\" content=\"800\" \/>\n\t<meta property=\"og:image:type\" content=\"image\/webp\" \/>\n<meta name=\"twitter:card\" content=\"summary_large_image\" \/>\n<meta name=\"twitter:label1\" content=\"Tiempo de lectura\" \/>\n\t<meta name=\"twitter:data1\" content=\"3 minutos\" \/>\n<script type=\"application\/ld+json\" class=\"yoast-schema-graph\">{\"@context\":\"https:\/\/schema.org\",\"@graph\":[{\"@type\":\"WebPage\",\"@id\":\"https:\/\/www.bailishaver.com\/product\/triple-blade-abs-rubber-handle-shaving-razor-with-3-blades\/\",\"url\":\"https:\/\/www.bailishaver.com\/product\/triple-blade-abs-rubber-handle-shaving-razor-with-3-blades\/\",\"name\":\"Triple Blade ABS Rubber Handle Shaving Razor with 3 Blades - Guangzhou Weidi Technology Co.,Ltd\",\"isPartOf\":{\"@id\":\"https:\/\/www.bailishaver.com\/#website\"},\"datePublished\":\"2023-10-20T04:05:35+00:00\",\"dateModified\":\"2023-11-22T09:17:28+00:00\",\"description\":\"Baili shaving razor with 3 blades, aloe vera lubrication strip + triple sharp blades, gives you a closer and more comfortable shaving experience.\",\"breadcrumb\":{\"@id\":\"https:\/\/www.bailishaver.com\/product\/triple-blade-abs-rubber-handle-shaving-razor-with-3-blades\/#breadcrumb\"},\"inLanguage\":\"es\",\"potentialAction\":[{\"@type\":\"ReadAction\",\"target\":[\"https:\/\/www.bailishaver.com\/product\/triple-blade-abs-rubber-handle-shaving-razor-with-3-blades\/\"]}]},{\"@type\":\"BreadcrumbList\",\"@id\":\"https:\/\/www.bailishaver.com\/product\/triple-blade-abs-rubber-handle-shaving-razor-with-3-blades\/#breadcrumb\",\"itemListElement\":[{\"@type\":\"ListItem\",\"position\":1,\"name\":\"HOME\",\"item\":\"https:\/\/www.bailishaver.com\/\"},{\"@type\":\"ListItem\",\"position\":2,\"name\":\"Product\",\"item\":\"https:\/\/www.bailishaver.com\/product\/\"},{\"@type\":\"ListItem\",\"position\":3,\"name\":\"Triple Blade ABS Rubber Handle Shaving Razor with 3 Blades\"}]},{\"@type\":\"WebSite\",\"@id\":\"https:\/\/www.bailishaver.com\/#website\",\"url\":\"https:\/\/www.bailishaver.com\/\",\"name\":\"Guangzhou Weidi Technology Co.,Ltd\",\"description\":\"system razors, lady razors, shaving kits, blade and refill, disposable razor, shaving , accessories, etc.\",\"potentialAction\":[{\"@type\":\"SearchAction\",\"target\":{\"@type\":\"EntryPoint\",\"urlTemplate\":\"https:\/\/www.bailishaver.com\/?s={search_term_string}\"},\"query-input\":\"required name=search_term_string\"}],\"inLanguage\":\"es\"}]}<\/script>\n<!-- \/ Yoast SEO plugin. -->","yoast_head_json":{"title":"Triple Blade ABS Rubber Handle Shaving Razor with 3 Blades - Guangzhou Weidi Technology Co.,Ltd","description":"Baili shaving razor with 3 blades, aloe vera lubrication strip + triple sharp blades, gives you a closer and more comfortable shaving experience.","robots":{"index":"index","follow":"follow","max-snippet":"max-snippet:-1","max-image-preview":"max-image-preview:large","max-video-preview":"max-video-preview:-1"},"canonical":"https:\/\/www.bailishaver.com\/es\/producto\/triple-blade-abs-rubber-handle-shaving-razor-with-3-blades\/","og_locale":"es_ES","og_type":"article","og_title":"Triple Blade ABS Rubber Handle Shaving Razor with 3 Blades - Guangzhou Weidi Technology Co.,Ltd","og_description":"Baili shaving razor with 3 blades, aloe vera lubrication strip + triple sharp blades, gives you a closer and more comfortable shaving experience.","og_url":"https:\/\/www.bailishaver.com\/es\/producto\/triple-blade-abs-rubber-handle-shaving-razor-with-3-blades\/","og_site_name":"Guangzhou Weidi Technology Co.,Ltd","article_modified_time":"2023-11-22T09:17:28+00:00","og_image":[{"width":800,"height":800,"url":"https:\/\/www.bailishaver.com\/wp-content\/uploads\/2023\/11\/Triple_Blade_ABS_Rubber_Handle_Shaving_Razor_with_3_Blades_01.webp","type":"image\/webp"}],"twitter_card":"summary_large_image","twitter_misc":{"Tiempo de lectura":"3 minutos"},"schema":{"@context":"https:\/\/schema.org","@graph":[{"@type":"WebPage","@id":"https:\/\/www.bailishaver.com\/product\/triple-blade-abs-rubber-handle-shaving-razor-with-3-blades\/","url":"https:\/\/www.bailishaver.com\/product\/triple-blade-abs-rubber-handle-shaving-razor-with-3-blades\/","name":"Triple Blade ABS Rubber Handle Shaving Razor with 3 Blades - Guangzhou Weidi Technology Co.,Ltd","isPartOf":{"@id":"https:\/\/www.bailishaver.com\/#website"},"datePublished":"2023-10-20T04:05:35+00:00","dateModified":"2023-11-22T09:17:28+00:00","description":"Baili shaving razor with 3 blades, aloe vera lubrication strip + triple sharp blades, gives you a closer and more comfortable shaving experience.","breadcrumb":{"@id":"https:\/\/www.bailishaver.com\/product\/triple-blade-abs-rubber-handle-shaving-razor-with-3-blades\/#breadcrumb"},"inLanguage":"es","potentialAction":[{"@type":"ReadAction","target":["https:\/\/www.bailishaver.com\/product\/triple-blade-abs-rubber-handle-shaving-razor-with-3-blades\/"]}]},{"@type":"BreadcrumbList","@id":"https:\/\/www.bailishaver.com\/product\/triple-blade-abs-rubber-handle-shaving-razor-with-3-blades\/#breadcrumb","itemListElement":[{"@type":"ListItem","position":1,"name":"HOME","item":"https:\/\/www.bailishaver.com\/"},{"@type":"ListItem","position":2,"name":"Product","item":"https:\/\/www.bailishaver.com\/product\/"},{"@type":"ListItem","position":3,"name":"Triple Blade ABS Rubber Handle Shaving Razor with 3 Blades"}]},{"@type":"WebSite","@id":"https:\/\/www.bailishaver.com\/#website","url":"https:\/\/www.bailishaver.com\/","name":"Guangzhou Weidi Technology Co.,Ltd","description":"system razors, lady razors, shaving kits, blade and refill, disposable razor, shaving , accessories, etc.","potentialAction":[{"@type":"SearchAction","target":{"@type":"EntryPoint","urlTemplate":"https:\/\/www.bailishaver.com\/?s={search_term_string}"},"query-input":"required name=search_term_string"}],"inLanguage":"es"}]}},"_links":{"self":[{"href":"https:\/\/www.bailishaver.com\/es\/wp-json\/wp\/v2\/product\/228630"}],"collection":[{"href":"https:\/\/www.bailishaver.com\/es\/wp-json\/wp\/v2\/product"}],"about":[{"href":"https:\/\/www.bailishaver.com\/es\/wp-json\/wp\/v2\/types\/product"}],"replies":[{"embeddable":true,"href":"https:\/\/www.bailishaver.com\/es\/wp-json\/wp\/v2\/comments?post=228630"}],"version-history":[{"count":0,"href":"https:\/\/www.bailishaver.com\/es\/wp-json\/wp\/v2\/product\/228630\/revisions"}],"wp:featuredmedia":[{"embeddable":true,"href":"https:\/\/www.bailishaver.com\/es\/wp-json\/wp\/v2\/media\/229953"}],"wp:attachment":[{"href":"https:\/\/www.bailishaver.com\/es\/wp-json\/wp\/v2\/media?parent=228630"}],"wp:term":[{"taxonomy":"product_cat","embeddable":true,"href":"https:\/\/www.bailishaver.com\/es\/wp-json\/wp\/v2\/product_cat?post=228630"},{"taxonomy":"product_tag","embeddable":true,"href":"https:\/\/www.bailishaver.com\/es\/wp-json\/wp\/v2\/product_tag?post=228630"}],"curies":[{"name":"wp","href":"https:\/\/api.w.org\/{rel}","templated":true}]}}