{"id":228500,"date":"2023-10-13T10:56:56","date_gmt":"2023-10-13T02:56:56","guid":{"rendered":"https:\/\/bailishaver.com\/?post_type=product&#038;p=228500"},"modified":"2024-02-29T10:42:24","modified_gmt":"2024-02-29T02:42:24","slug":"new-hedonic-triple-blade-purple-womens-bikini-razor","status":"publish","type":"product","link":"https:\/\/www.bailishaver.com\/es\/producto\/new-hedonic-triple-blade-purple-womens-bikini-razor\/","title":{"rendered":"Nueva afeitadora de bikini Hedonic Triple Blade morada para mujer"},"content":{"rendered":"<div data-elementor-type=\"product-post\" data-elementor-id=\"228500\" class=\"elementor elementor-228500\" data-elementor-post-type=\"product\">\n\t\t\t\t\t\t\t\t\t<section class=\"wd-negative-gap elementor-section elementor-top-section elementor-element elementor-element-755984c8 elementor-section-content-middle elementor-section-boxed elementor-section-height-default elementor-section-height-default wd-section-disabled\" data-id=\"755984c8\" data-element_type=\"section\">\n\t\t\t\t\t\t<div class=\"elementor-container elementor-column-gap-default\">\n\t\t\t\t\t<div class=\"elementor-column elementor-col-50 elementor-top-column elementor-element elementor-element-6460543e\" data-id=\"6460543e\" data-element_type=\"column\">\n\t\t\t<div class=\"elementor-widget-wrap elementor-element-populated\">\n\t\t\t\t\t\t\t\t<div class=\"elementor-element elementor-element-64425ac7 elementor-widget elementor-widget-wd_text_block\" data-id=\"64425ac7\" data-element_type=\"widget\" data-widget_type=\"wd_text_block.default\">\n\t\t\t\t<div class=\"elementor-widget-container\">\n\t\t\t\t\t<div class=\"wd-text-block reset-last-child text-left color-title\">\n\t\t\t\n\t\t\t<p>Modelo: DB-H3A<\/p><p>Cabezal de afeitar: cabezal de afeitar flotante de triple hoja<\/p><p>Tama\u00f1o del mango de la maquinilla de afeitar: 19,2 \u00d7 16,5 \u00d7 126,3 mm<\/p><p>Tama\u00f1o de la maquinilla de afeitar: 52 \u00d7 19 \u00d7 137 mm<\/p><p>Peso de la maquinilla de afeitar: 32,96 g.<\/p><p>Material: ABS+TPE+acero inoxidable+hierro<\/p><p>Caracter\u00edsticas: Tira hidratante de aloe vera de 360\u00b0; Lavable; Reutilizable; Impermeable; A prueba de herrumbre<\/p>\n\t\t\t\t\t<\/div>\n\t\t\t\t<\/div>\n\t\t\t\t<\/div>\n\t\t\t\t\t<\/div>\n\t\t<\/div>\n\t\t\t\t<div class=\"elementor-column elementor-col-50 elementor-top-column elementor-element elementor-element-26715414\" data-id=\"26715414\" data-element_type=\"column\">\n\t\t\t<div class=\"elementor-widget-wrap elementor-element-populated\">\n\t\t\t\t\t\t\t\t<div class=\"elementor-element elementor-element-66c3c1e8 elementor-widget elementor-widget-wd_image_or_svg\" data-id=\"66c3c1e8\" data-element_type=\"widget\" data-widget_type=\"wd_image_or_svg.default\">\n\t\t\t\t<div class=\"elementor-widget-container\">\n\t\t\t\n\t\t<div class=\"wd-image text-left\">\n\t\t\t\t\t\t\t\t<img fetchpriority=\"high\" decoding=\"async\" width=\"800\" height=\"800\" src=\"https:\/\/www.bailishaver.com\/wp-content\/uploads\/2023\/11\/New_Hedonic_Triple_Blade_Purple_Womens_Bikini_Razor_details_01.webp\" class=\"attachment-full size-full wp-image-229931\" alt=\"\" srcset=\"https:\/\/www.bailishaver.com\/wp-content\/uploads\/2023\/11\/New_Hedonic_Triple_Blade_Purple_Womens_Bikini_Razor_details_01.webp 800w, https:\/\/www.bailishaver.com\/wp-content\/uploads\/2023\/11\/New_Hedonic_Triple_Blade_Purple_Womens_Bikini_Razor_details_01-300x300.webp 300w, https:\/\/www.bailishaver.com\/wp-content\/uploads\/2023\/11\/New_Hedonic_Triple_Blade_Purple_Womens_Bikini_Razor_details_01-150x150.webp 150w, https:\/\/www.bailishaver.com\/wp-content\/uploads\/2023\/11\/New_Hedonic_Triple_Blade_Purple_Womens_Bikini_Razor_details_01-768x768.webp 768w, https:\/\/www.bailishaver.com\/wp-content\/uploads\/2023\/11\/New_Hedonic_Triple_Blade_Purple_Womens_Bikini_Razor_details_01-12x12.webp 12w\" sizes=\"(max-width: 800px) 100vw, 800px\" \/>\t\t\t\t\t<\/div>\n\n\t\t\t\t<\/div>\n\t\t\t\t<\/div>\n\t\t\t\t\t<\/div>\n\t\t<\/div>\n\t\t\t\t\t\t\t<\/div>\n\t\t<\/section>\n\t\t\t\t<section class=\"wd-negative-gap elementor-section elementor-top-section elementor-element elementor-element-651996b3 elementor-section-content-middle elementor-section-boxed elementor-section-height-default elementor-section-height-default wd-section-disabled\" data-id=\"651996b3\" data-element_type=\"section\">\n\t\t\t\t\t\t<div class=\"elementor-container elementor-column-gap-default\">\n\t\t\t\t\t<div class=\"elementor-column elementor-col-50 elementor-top-column elementor-element elementor-element-33471ec3\" data-id=\"33471ec3\" data-element_type=\"column\">\n\t\t\t<div class=\"elementor-widget-wrap elementor-element-populated\">\n\t\t\t\t\t\t\t\t<div class=\"elementor-element elementor-element-2ae26ea9 elementor-hidden-desktop elementor-hidden-tablet elementor-widget elementor-widget-wd_text_block\" data-id=\"2ae26ea9\" data-element_type=\"widget\" data-widget_type=\"wd_text_block.default\">\n\t\t\t\t<div class=\"elementor-widget-container\">\n\t\t\t\t\t<div class=\"wd-text-block reset-last-child text-left color-title\">\n\t\t\t\n\t\t\t<p>* Mango c\u00f3modo: la parte del mango de una maquinilla de afeitar para mujer adopta un dise\u00f1o de agarre c\u00f3modo. El material se compone principalmente de caucho de alta calidad. Se siente c\u00f3modo y no es f\u00e1cil de deslizar. Proporciona un agarre m\u00e1s estable durante el uso y mejora la comodidad;<\/p><p>*Puede personalizar el color:<\/p><p>Color del mango: se puede cambiar a pedido;<\/p><p>*Puede personalizar el logotipo:<\/p><p>Adopte tecnolog\u00eda de impresi\u00f3n o grabado l\u00e1ser.<\/p>\n\t\t\t\t\t<\/div>\n\t\t\t\t<\/div>\n\t\t\t\t<\/div>\n\t\t\t\t<div class=\"elementor-element elementor-element-481459e0 elementor-widget elementor-widget-wd_image_or_svg\" data-id=\"481459e0\" data-element_type=\"widget\" data-widget_type=\"wd_image_or_svg.default\">\n\t\t\t\t<div class=\"elementor-widget-container\">\n\t\t\t\n\t\t<div class=\"wd-image text-left\">\n\t\t\t\t\t\t\t\t<img decoding=\"async\" width=\"1500\" height=\"1500\" src=\"https:\/\/www.bailishaver.com\/wp-content\/uploads\/2023\/11\/New_Hedonic_Triple_Blade_Purple_Womens_Bikini_Razor_details_03.webp\" class=\"attachment-full size-full wp-image-229921\" alt=\"\" srcset=\"https:\/\/www.bailishaver.com\/wp-content\/uploads\/2023\/11\/New_Hedonic_Triple_Blade_Purple_Womens_Bikini_Razor_details_03.webp 1500w, https:\/\/www.bailishaver.com\/wp-content\/uploads\/2023\/11\/New_Hedonic_Triple_Blade_Purple_Womens_Bikini_Razor_details_03-300x300.webp 300w, https:\/\/www.bailishaver.com\/wp-content\/uploads\/2023\/11\/New_Hedonic_Triple_Blade_Purple_Womens_Bikini_Razor_details_03-1024x1024.webp 1024w, https:\/\/www.bailishaver.com\/wp-content\/uploads\/2023\/11\/New_Hedonic_Triple_Blade_Purple_Womens_Bikini_Razor_details_03-150x150.webp 150w, https:\/\/www.bailishaver.com\/wp-content\/uploads\/2023\/11\/New_Hedonic_Triple_Blade_Purple_Womens_Bikini_Razor_details_03-768x768.webp 768w, https:\/\/www.bailishaver.com\/wp-content\/uploads\/2023\/11\/New_Hedonic_Triple_Blade_Purple_Womens_Bikini_Razor_details_03-12x12.webp 12w\" sizes=\"(max-width: 1500px) 100vw, 1500px\" \/>\t\t\t\t\t<\/div>\n\n\t\t\t\t<\/div>\n\t\t\t\t<\/div>\n\t\t\t\t\t<\/div>\n\t\t<\/div>\n\t\t\t\t<div class=\"elementor-column elementor-col-50 elementor-top-column elementor-element elementor-element-22ff900f\" data-id=\"22ff900f\" data-element_type=\"column\">\n\t\t\t<div class=\"elementor-widget-wrap elementor-element-populated\">\n\t\t\t\t\t\t\t\t<div class=\"elementor-element elementor-element-b366e36 elementor-hidden-mobile elementor-widget elementor-widget-wd_text_block\" data-id=\"b366e36\" data-element_type=\"widget\" data-widget_type=\"wd_text_block.default\">\n\t\t\t\t<div class=\"elementor-widget-container\">\n\t\t\t\t\t<div class=\"wd-text-block reset-last-child text-left color-title\">\n\t\t\t\n\t\t\t<p>* Mango c\u00f3modo: la parte del mango de una maquinilla de afeitar para mujer adopta un dise\u00f1o de agarre c\u00f3modo. El material se compone principalmente de caucho de alta calidad. Se siente c\u00f3modo y no es f\u00e1cil de deslizar. Proporciona un agarre m\u00e1s estable durante el uso y mejora la comodidad;<\/p><p>*Puede personalizar el color:<\/p><p>Color del mango: se puede cambiar a pedido;<\/p><p>*Puede personalizar el logotipo:<\/p><p>Adopte tecnolog\u00eda de impresi\u00f3n o grabado l\u00e1ser.<\/p>\n\t\t\t\t\t<\/div>\n\t\t\t\t<\/div>\n\t\t\t\t<\/div>\n\t\t\t\t\t<\/div>\n\t\t<\/div>\n\t\t\t\t\t\t\t<\/div>\n\t\t<\/section>\n\t\t\t\t<section class=\"wd-negative-gap elementor-section elementor-top-section elementor-element elementor-element-590cd307 elementor-section-content-middle elementor-section-boxed elementor-section-height-default elementor-section-height-default wd-section-disabled\" data-id=\"590cd307\" data-element_type=\"section\">\n\t\t\t\t\t\t<div class=\"elementor-container elementor-column-gap-default\">\n\t\t\t\t\t<div class=\"elementor-column elementor-col-50 elementor-top-column elementor-element elementor-element-6eedadbb\" data-id=\"6eedadbb\" data-element_type=\"column\">\n\t\t\t<div class=\"elementor-widget-wrap elementor-element-populated\">\n\t\t\t\t\t\t\t\t<div class=\"elementor-element elementor-element-5e6b7185 elementor-widget elementor-widget-wd_text_block\" data-id=\"5e6b7185\" data-element_type=\"widget\" data-widget_type=\"wd_text_block.default\">\n\t\t\t\t<div class=\"elementor-widget-container\">\n\t\t\t\t\t<div class=\"wd-text-block reset-last-child text-left color-title\">\n\t\t\t\n\t\t\t<p>* 3 hojas flexibles: afeitado afilado, duradero y seguro, sedoso;<\/p><p>*Espaciado perfecto entre cuchillas;<\/p><p>*F\u00e1cil de limpiar s\u00f3lo con agua;<\/p><p>*Tira aloelubricante extra grande de 360\u00b0;<\/p><p>*Secreta autom\u00e1ticamente l\u00edquido lubricante cuando se encuentra con agua;<\/p><p>*Brinda una experiencia de afeitado c\u00f3moda e indolora;<\/p><p>*Cartucho reemplazable: el cartucho puede coincidir con el mango M3;<\/p><p>*Alta rentabilidad y m\u00e1s ambiental.<\/p>\n\t\t\t\t\t<\/div>\n\t\t\t\t<\/div>\n\t\t\t\t<\/div>\n\t\t\t\t\t<\/div>\n\t\t<\/div>\n\t\t\t\t<div class=\"elementor-column elementor-col-50 elementor-top-column elementor-element elementor-element-34a1dfad\" data-id=\"34a1dfad\" data-element_type=\"column\">\n\t\t\t<div class=\"elementor-widget-wrap elementor-element-populated\">\n\t\t\t\t\t\t\t\t<div class=\"elementor-element elementor-element-115a61a1 elementor-widget elementor-widget-wd_image_or_svg\" data-id=\"115a61a1\" data-element_type=\"widget\" data-widget_type=\"wd_image_or_svg.default\">\n\t\t\t\t<div class=\"elementor-widget-container\">\n\t\t\t\n\t\t<div class=\"wd-image text-left\">\n\t\t\t\t\t\t\t\t<img decoding=\"async\" width=\"800\" height=\"800\" src=\"https:\/\/www.bailishaver.com\/wp-content\/uploads\/2023\/11\/New_Hedonic_Triple_Blade_Purple_Womens_Bikini_Razor_details_02.webp\" class=\"attachment-full size-full wp-image-229932\" alt=\"\" srcset=\"https:\/\/www.bailishaver.com\/wp-content\/uploads\/2023\/11\/New_Hedonic_Triple_Blade_Purple_Womens_Bikini_Razor_details_02.webp 800w, https:\/\/www.bailishaver.com\/wp-content\/uploads\/2023\/11\/New_Hedonic_Triple_Blade_Purple_Womens_Bikini_Razor_details_02-300x300.webp 300w, https:\/\/www.bailishaver.com\/wp-content\/uploads\/2023\/11\/New_Hedonic_Triple_Blade_Purple_Womens_Bikini_Razor_details_02-150x150.webp 150w, https:\/\/www.bailishaver.com\/wp-content\/uploads\/2023\/11\/New_Hedonic_Triple_Blade_Purple_Womens_Bikini_Razor_details_02-768x768.webp 768w, https:\/\/www.bailishaver.com\/wp-content\/uploads\/2023\/11\/New_Hedonic_Triple_Blade_Purple_Womens_Bikini_Razor_details_02-12x12.webp 12w\" sizes=\"(max-width: 800px) 100vw, 800px\" \/>\t\t\t\t\t<\/div>\n\n\t\t\t\t<\/div>\n\t\t\t\t<\/div>\n\t\t\t\t\t<\/div>\n\t\t<\/div>\n\t\t\t\t\t\t\t<\/div>\n\t\t<\/section>\n\t\t\t\t<section class=\"wd-negative-gap elementor-section elementor-top-section elementor-element elementor-element-794a0269 elementor-section-boxed elementor-section-height-default elementor-section-height-default wd-section-disabled\" data-id=\"794a0269\" data-element_type=\"section\">\n\t\t\t\t\t\t<div class=\"elementor-container elementor-column-gap-default\">\n\t\t\t\t\t<div class=\"elementor-column elementor-col-100 elementor-top-column elementor-element elementor-element-2ee86501\" data-id=\"2ee86501\" data-element_type=\"column\">\n\t\t\t<div class=\"elementor-widget-wrap elementor-element-populated\">\n\t\t\t\t\t\t\t\t<div class=\"elementor-element elementor-element-34cebfa8 elementor-widget elementor-widget-accordion\" data-id=\"34cebfa8\" data-element_type=\"widget\" data-widget_type=\"accordion.default\">\n\t\t\t\t<div class=\"elementor-widget-container\">\n\t\t\t<style>\/*! elementor - v3.18.0 - 20-12-2023 *\/\n.elementor-accordion{text-align:left}.elementor-accordion .elementor-accordion-item{border:1px solid #d5d8dc}.elementor-accordion .elementor-accordion-item+.elementor-accordion-item{border-top:none}.elementor-accordion .elementor-tab-title{margin:0;padding:15px 20px;font-weight:700;line-height:1;cursor:pointer;outline:none}.elementor-accordion .elementor-tab-title .elementor-accordion-icon{display:inline-block;width:1.5em}.elementor-accordion .elementor-tab-title .elementor-accordion-icon svg{width:1em;height:1em}.elementor-accordion .elementor-tab-title .elementor-accordion-icon.elementor-accordion-icon-right{float:right;text-align:right}.elementor-accordion .elementor-tab-title .elementor-accordion-icon.elementor-accordion-icon-left{float:left;text-align:left}.elementor-accordion .elementor-tab-title .elementor-accordion-icon .elementor-accordion-icon-closed{display:block}.elementor-accordion .elementor-tab-title .elementor-accordion-icon .elementor-accordion-icon-opened,.elementor-accordion .elementor-tab-title.elementor-active .elementor-accordion-icon-closed{display:none}.elementor-accordion .elementor-tab-title.elementor-active .elementor-accordion-icon-opened{display:block}.elementor-accordion .elementor-tab-content{display:none;padding:15px 20px;border-top:1px solid #d5d8dc}@media (max-width:767px){.elementor-accordion .elementor-tab-title{padding:12px 15px}.elementor-accordion .elementor-tab-title .elementor-accordion-icon{width:1.2em}.elementor-accordion .elementor-tab-content{padding:7px 15px}}.e-con-inner>.elementor-widget-accordion,.e-con>.elementor-widget-accordion{width:var(--container-widget-width);--flex-grow:var(--container-widget-flex-grow)}<\/style>\t\t<div class=\"elementor-accordion\">\n\t\t\t\t\t\t\t<div class=\"elementor-accordion-item\">\n\t\t\t\t\t<div id=\"elementor-tab-title-8851\" class=\"elementor-tab-title\" data-tab=\"1\" role=\"button\" aria-controls=\"elementor-tab-content-8851\" aria-expanded=\"false\">\n\t\t\t\t\t\t\t\t\t\t\t\t\t<span class=\"elementor-accordion-icon elementor-accordion-icon-left\" aria-hidden=\"true\">\n\t\t\t\t\t\t\t\t\t\t\t\t\t\t\t<span class=\"elementor-accordion-icon-closed\"><i class=\"fas fa-caret-down\"><\/i><\/span>\n\t\t\t\t\t\t\t\t<span class=\"elementor-accordion-icon-opened\"><i class=\"fas fa-caret-up\"><\/i><\/span>\n\t\t\t\t\t\t\t\t\t\t\t\t\t\t<\/span>\n\t\t\t\t\t\t\t\t\t\t\t\t<a class=\"elementor-accordion-title\" tabindex=\"0\">Paquete<\/a>\n\t\t\t\t\t<\/div>\n\t\t\t\t\t<div id=\"elementor-tab-content-8851\" class=\"elementor-tab-content elementor-clearfix\" data-tab=\"1\" role=\"region\" aria-labelledby=\"elementor-tab-title-8851\"><table><tbody><tr><td>Producto<\/td><td>PC<\/td><td>Paquete<\/td><td>Tama\u00f1o<\/td><td>Peso bruto<\/td><\/tr><tr><td rowspan=\"2\">DB-H3A<\/td><td class=\"et4\">1<\/td><td class=\"et4\">Bolsa de polipropileno<\/td><td class=\"et4\">52\u00d719\u00d7137mm<\/td><td class=\"et4\">32,96g<\/td><\/tr><tr><td>300<\/td><td>Caja de cart\u00f3n<\/td><td>385\u00d7305\u00d7265mm<\/td><td>9,7 kilos<\/td><\/tr><\/tbody><\/table><\/div>\n\t\t\t\t<\/div>\n\t\t\t\t\t\t\t<div class=\"elementor-accordion-item\">\n\t\t\t\t\t<div id=\"elementor-tab-title-8852\" class=\"elementor-tab-title\" data-tab=\"2\" role=\"button\" aria-controls=\"elementor-tab-content-8852\" aria-expanded=\"false\">\n\t\t\t\t\t\t\t\t\t\t\t\t\t<span class=\"elementor-accordion-icon elementor-accordion-icon-left\" aria-hidden=\"true\">\n\t\t\t\t\t\t\t\t\t\t\t\t\t\t\t<span class=\"elementor-accordion-icon-closed\"><i class=\"fas fa-caret-down\"><\/i><\/span>\n\t\t\t\t\t\t\t\t<span class=\"elementor-accordion-icon-opened\"><i class=\"fas fa-caret-up\"><\/i><\/span>\n\t\t\t\t\t\t\t\t\t\t\t\t\t\t<\/span>\n\t\t\t\t\t\t\t\t\t\t\t\t<a class=\"elementor-accordion-title\" tabindex=\"0\"> Env\u00edo<\/a>\n\t\t\t\t\t<\/div>\n\t\t\t\t\t<div id=\"elementor-tab-content-8852\" class=\"elementor-tab-content elementor-clearfix\" data-tab=\"2\" role=\"region\" aria-labelledby=\"elementor-tab-title-8852\">El pedido de muestra se puede enviar en un plazo de 3 a 7 d\u00edas; <br>La producci\u00f3n de pedidos al por mayor o pedidos personalizados tarda entre 15 y 30 d\u00edas.\n<\/div>\n\t\t\t\t<\/div>\n\t\t\t\t\t\t\t\t<\/div>\n\t\t\t\t<\/div>\n\t\t\t\t<\/div>\n\t\t\t\t\t<\/div>\n\t\t<\/div>\n\t\t\t\t\t\t\t<\/div>\n\t\t<\/section>\n\t\t\t\t\t\t\t<\/div>","protected":false},"excerpt":{"rendered":"<p><strong>Modelo: DB-H3A<\/strong><\/p>\n<div class=\"DescriptionImg\">\n<div class=\"image-box\">\n<p><img decoding=\"async\" src=\"https:\/\/bailishaver.com\/wp-content\/uploads\/2024\/02\/360\u00b0_Aloe_Vera_Strip_Icon.webp\" alt=\"Image1\" \/><\/p>\n<div class=\"caption\">Tira de Aloe Vera 360\u00b0<\/div>\n<\/div>\n<div class=\"image-box\">\n<p><img decoding=\"async\" src=\"https:\/\/bailishaver.com\/wp-content\/uploads\/2024\/02\/Rubber_Handle_Icon.webp\" alt=\"Image2\" \/><\/p>\n<div class=\"caption\">Mango de goma<\/div>\n<\/div>\n<div class=\"image-box\">\n<p><img decoding=\"async\" src=\"https:\/\/bailishaver.com\/wp-content\/uploads\/2023\/10\/Colorful.webp\" alt=\"Image3\" \/><\/p>\n<div class=\"caption\">Vistoso<\/div>\n<\/div>\n<\/div>","protected":false},"featured_media":229924,"comment_status":"open","ping_status":"closed","template":"","meta":[],"product_cat":[68,67,33],"product_tag":[],"yoast_head":"<!-- This site is optimized with the Yoast SEO plugin v21.4 - https:\/\/yoast.com\/wordpress\/plugins\/seo\/ -->\n<title>New Hedonic Triple Blade Purple Womens Bikini Razor - Guangzhou Weidi Technology Co.,Ltd<\/title>\n<meta name=\"description\" content=\"Triple blade womens bikini razor, sharp, durable and safe. 360\u00b0 extra large aloe smooth lubricant strip for women&#039;s private parts hair removal.\" \/>\n<meta name=\"robots\" content=\"index, follow, max-snippet:-1, max-image-preview:large, max-video-preview:-1\" \/>\n<link rel=\"canonical\" href=\"https:\/\/www.bailishaver.com\/es\/producto\/new-hedonic-triple-blade-purple-womens-bikini-razor\/\" \/>\n<meta property=\"og:locale\" content=\"es_ES\" \/>\n<meta property=\"og:type\" content=\"article\" \/>\n<meta property=\"og:title\" content=\"New Hedonic Triple Blade Purple Womens Bikini Razor - Guangzhou Weidi Technology Co.,Ltd\" \/>\n<meta property=\"og:description\" content=\"Triple blade womens bikini razor, sharp, durable and safe. 360\u00b0 extra large aloe smooth lubricant strip for women&#039;s private parts hair removal.\" \/>\n<meta property=\"og:url\" content=\"https:\/\/www.bailishaver.com\/es\/producto\/new-hedonic-triple-blade-purple-womens-bikini-razor\/\" \/>\n<meta property=\"og:site_name\" content=\"Guangzhou Weidi Technology Co.,Ltd\" \/>\n<meta property=\"article:modified_time\" content=\"2024-02-29T02:42:24+00:00\" \/>\n<meta property=\"og:image\" content=\"https:\/\/www.bailishaver.com\/wp-content\/uploads\/2023\/11\/New_Hedonic_Triple_Blade_Purple_Womens_Bikini_Razor_01.webp\" \/>\n\t<meta property=\"og:image:width\" content=\"800\" \/>\n\t<meta property=\"og:image:height\" content=\"800\" \/>\n\t<meta property=\"og:image:type\" content=\"image\/webp\" \/>\n<meta name=\"twitter:card\" content=\"summary_large_image\" \/>\n<meta name=\"twitter:label1\" content=\"Tiempo de lectura\" \/>\n\t<meta name=\"twitter:data1\" content=\"2 minutos\" \/>\n<script type=\"application\/ld+json\" class=\"yoast-schema-graph\">{\"@context\":\"https:\/\/schema.org\",\"@graph\":[{\"@type\":\"WebPage\",\"@id\":\"https:\/\/www.bailishaver.com\/es\/producto\/new-hedonic-triple-blade-purple-womens-bikini-razor\/\",\"url\":\"https:\/\/www.bailishaver.com\/es\/producto\/new-hedonic-triple-blade-purple-womens-bikini-razor\/\",\"name\":\"New Hedonic Triple Blade Purple Womens Bikini Razor - Guangzhou Weidi Technology Co.,Ltd\",\"isPartOf\":{\"@id\":\"https:\/\/www.bailishaver.com\/#website\"},\"datePublished\":\"2023-10-13T02:56:56+00:00\",\"dateModified\":\"2024-02-29T02:42:24+00:00\",\"description\":\"Triple blade womens bikini razor, sharp, durable and safe. 360\u00b0 extra large aloe smooth lubricant strip for women's private parts hair removal.\",\"breadcrumb\":{\"@id\":\"https:\/\/www.bailishaver.com\/es\/producto\/new-hedonic-triple-blade-purple-womens-bikini-razor\/#breadcrumb\"},\"inLanguage\":\"es\",\"potentialAction\":[{\"@type\":\"ReadAction\",\"target\":[\"https:\/\/www.bailishaver.com\/es\/producto\/new-hedonic-triple-blade-purple-womens-bikini-razor\/\"]}]},{\"@type\":\"BreadcrumbList\",\"@id\":\"https:\/\/www.bailishaver.com\/es\/producto\/new-hedonic-triple-blade-purple-womens-bikini-razor\/#breadcrumb\",\"itemListElement\":[{\"@type\":\"ListItem\",\"position\":1,\"name\":\"HOME\",\"item\":\"https:\/\/www.bailishaver.com\/\"},{\"@type\":\"ListItem\",\"position\":2,\"name\":\"Product\",\"item\":\"https:\/\/www.bailishaver.com\/product\/\"},{\"@type\":\"ListItem\",\"position\":3,\"name\":\"New Hedonic Triple Blade Purple Womens Bikini Razor\"}]},{\"@type\":\"WebSite\",\"@id\":\"https:\/\/www.bailishaver.com\/#website\",\"url\":\"https:\/\/www.bailishaver.com\/\",\"name\":\"Guangzhou Weidi Technology Co.,Ltd\",\"description\":\"system razors, lady razors, shaving kits, blade and refill, disposable razor, shaving , accessories, etc.\",\"potentialAction\":[{\"@type\":\"SearchAction\",\"target\":{\"@type\":\"EntryPoint\",\"urlTemplate\":\"https:\/\/www.bailishaver.com\/?s={search_term_string}\"},\"query-input\":\"required name=search_term_string\"}],\"inLanguage\":\"es\"}]}<\/script>\n<!-- \/ Yoast SEO plugin. -->","yoast_head_json":{"title":"New Hedonic Triple Blade Purple Womens Bikini Razor - Guangzhou Weidi Technology Co.,Ltd","description":"Triple blade womens bikini razor, sharp, durable and safe. 360\u00b0 extra large aloe smooth lubricant strip for women's private parts hair removal.","robots":{"index":"index","follow":"follow","max-snippet":"max-snippet:-1","max-image-preview":"max-image-preview:large","max-video-preview":"max-video-preview:-1"},"canonical":"https:\/\/www.bailishaver.com\/es\/producto\/new-hedonic-triple-blade-purple-womens-bikini-razor\/","og_locale":"es_ES","og_type":"article","og_title":"New Hedonic Triple Blade Purple Womens Bikini Razor - Guangzhou Weidi Technology Co.,Ltd","og_description":"Triple blade womens bikini razor, sharp, durable and safe. 360\u00b0 extra large aloe smooth lubricant strip for women's private parts hair removal.","og_url":"https:\/\/www.bailishaver.com\/es\/producto\/new-hedonic-triple-blade-purple-womens-bikini-razor\/","og_site_name":"Guangzhou Weidi Technology Co.,Ltd","article_modified_time":"2024-02-29T02:42:24+00:00","og_image":[{"width":800,"height":800,"url":"https:\/\/www.bailishaver.com\/wp-content\/uploads\/2023\/11\/New_Hedonic_Triple_Blade_Purple_Womens_Bikini_Razor_01.webp","type":"image\/webp"}],"twitter_card":"summary_large_image","twitter_misc":{"Tiempo de lectura":"2 minutos"},"schema":{"@context":"https:\/\/schema.org","@graph":[{"@type":"WebPage","@id":"https:\/\/www.bailishaver.com\/es\/producto\/new-hedonic-triple-blade-purple-womens-bikini-razor\/","url":"https:\/\/www.bailishaver.com\/es\/producto\/new-hedonic-triple-blade-purple-womens-bikini-razor\/","name":"New Hedonic Triple Blade Purple Womens Bikini Razor - Guangzhou Weidi Technology Co.,Ltd","isPartOf":{"@id":"https:\/\/www.bailishaver.com\/#website"},"datePublished":"2023-10-13T02:56:56+00:00","dateModified":"2024-02-29T02:42:24+00:00","description":"Triple blade womens bikini razor, sharp, durable and safe. 360\u00b0 extra large aloe smooth lubricant strip for women's private parts hair removal.","breadcrumb":{"@id":"https:\/\/www.bailishaver.com\/es\/producto\/new-hedonic-triple-blade-purple-womens-bikini-razor\/#breadcrumb"},"inLanguage":"es","potentialAction":[{"@type":"ReadAction","target":["https:\/\/www.bailishaver.com\/es\/producto\/new-hedonic-triple-blade-purple-womens-bikini-razor\/"]}]},{"@type":"BreadcrumbList","@id":"https:\/\/www.bailishaver.com\/es\/producto\/new-hedonic-triple-blade-purple-womens-bikini-razor\/#breadcrumb","itemListElement":[{"@type":"ListItem","position":1,"name":"HOME","item":"https:\/\/www.bailishaver.com\/"},{"@type":"ListItem","position":2,"name":"Product","item":"https:\/\/www.bailishaver.com\/product\/"},{"@type":"ListItem","position":3,"name":"New Hedonic Triple Blade Purple Womens Bikini Razor"}]},{"@type":"WebSite","@id":"https:\/\/www.bailishaver.com\/#website","url":"https:\/\/www.bailishaver.com\/","name":"Guangzhou Weidi Technology Co.,Ltd","description":"system razors, lady razors, shaving kits, blade and refill, disposable razor, shaving , accessories, etc.","potentialAction":[{"@type":"SearchAction","target":{"@type":"EntryPoint","urlTemplate":"https:\/\/www.bailishaver.com\/?s={search_term_string}"},"query-input":"required name=search_term_string"}],"inLanguage":"es"}]}},"_links":{"self":[{"href":"https:\/\/www.bailishaver.com\/es\/wp-json\/wp\/v2\/product\/228500"}],"collection":[{"href":"https:\/\/www.bailishaver.com\/es\/wp-json\/wp\/v2\/product"}],"about":[{"href":"https:\/\/www.bailishaver.com\/es\/wp-json\/wp\/v2\/types\/product"}],"replies":[{"embeddable":true,"href":"https:\/\/www.bailishaver.com\/es\/wp-json\/wp\/v2\/comments?post=228500"}],"version-history":[{"count":3,"href":"https:\/\/www.bailishaver.com\/es\/wp-json\/wp\/v2\/product\/228500\/revisions"}],"predecessor-version":[{"id":231590,"href":"https:\/\/www.bailishaver.com\/es\/wp-json\/wp\/v2\/product\/228500\/revisions\/231590"}],"wp:featuredmedia":[{"embeddable":true,"href":"https:\/\/www.bailishaver.com\/es\/wp-json\/wp\/v2\/media\/229924"}],"wp:attachment":[{"href":"https:\/\/www.bailishaver.com\/es\/wp-json\/wp\/v2\/media?parent=228500"}],"wp:term":[{"taxonomy":"product_cat","embeddable":true,"href":"https:\/\/www.bailishaver.com\/es\/wp-json\/wp\/v2\/product_cat?post=228500"},{"taxonomy":"product_tag","embeddable":true,"href":"https:\/\/www.bailishaver.com\/es\/wp-json\/wp\/v2\/product_tag?post=228500"}],"curies":[{"name":"wp","href":"https:\/\/api.w.org\/{rel}","templated":true}]}}