{"id":228173,"date":"2023-09-26T15:37:33","date_gmt":"2023-09-26T07:37:33","guid":{"rendered":"https:\/\/bailishaver.com\/?post_type=product&#038;p=228173"},"modified":"2023-11-16T17:07:43","modified_gmt":"2023-11-16T09:07:43","slug":"long-handle-rose-gold-double-edge-safety-razor","status":"publish","type":"product","link":"https:\/\/www.bailishaver.com\/es\/producto\/long-handle-rose-gold-double-edge-safety-razor\/","title":{"rendered":"Maquinilla de afeitar de seguridad de doble filo en oro rosa con mango largo"},"content":{"rendered":"<div data-elementor-type=\"product-post\" data-elementor-id=\"228173\" class=\"elementor elementor-228173\" data-elementor-post-type=\"product\">\n\t\t\t\t\t\t\t\t\t<section class=\"wd-negative-gap elementor-section elementor-top-section elementor-element elementor-element-7d3e9d6 elementor-section-content-middle elementor-section-boxed elementor-section-height-default elementor-section-height-default wd-section-disabled\" data-id=\"7d3e9d6\" data-element_type=\"section\">\n\t\t\t\t\t\t<div class=\"elementor-container elementor-column-gap-default\">\n\t\t\t\t\t<div class=\"elementor-column elementor-col-50 elementor-top-column elementor-element elementor-element-51530949\" data-id=\"51530949\" data-element_type=\"column\">\n\t\t\t<div class=\"elementor-widget-wrap elementor-element-populated\">\n\t\t\t\t\t\t\t\t<div class=\"elementor-element elementor-element-13a0f35f elementor-widget elementor-widget-wd_text_block\" data-id=\"13a0f35f\" data-element_type=\"widget\" data-widget_type=\"wd_text_block.default\">\n\t\t\t\t<div class=\"elementor-widget-container\">\n\t\t\t\t\t<div class=\"wd-text-block reset-last-child text-left color-title\">\n\t\t\t\n\t\t\t<p>Modelo: DB-B3B<br \/>Cabezal de afeitar: cabezal de afeitar de doble filo<br \/>Tama\u00f1o de la maquinilla de afeitar: 45,5 \u00d7 26,2 \u00d7 115,1 mm<br \/>Peso de la maquinilla de afeitar: 103,8 g.<br \/>Material: aleaci\u00f3n de zinc<br \/>Caracter\u00edsticas: Lavable; Reutilizable; Impermeable; A prueba de herrumbre<\/p>\n\t\t\t\t\t<\/div>\n\t\t\t\t<\/div>\n\t\t\t\t<\/div>\n\t\t\t\t\t<\/div>\n\t\t<\/div>\n\t\t\t\t<div class=\"elementor-column elementor-col-50 elementor-top-column elementor-element elementor-element-7930ca41\" data-id=\"7930ca41\" data-element_type=\"column\">\n\t\t\t<div class=\"elementor-widget-wrap elementor-element-populated\">\n\t\t\t\t\t\t\t\t<div class=\"elementor-element elementor-element-34f57665 elementor-widget elementor-widget-wd_image_or_svg\" data-id=\"34f57665\" data-element_type=\"widget\" data-widget_type=\"wd_image_or_svg.default\">\n\t\t\t\t<div class=\"elementor-widget-container\">\n\t\t\t\n\t\t<div class=\"wd-image text-left\">\n\t\t\t\t\t\t\t\t<img fetchpriority=\"high\" decoding=\"async\" width=\"1000\" height=\"1000\" src=\"https:\/\/www.bailishaver.com\/wp-content\/uploads\/2023\/09\/Long_Handle_Rose_Gunmetal_Double_Edge_Safety_Razor_details_01.webp\" class=\"attachment-full size-full wp-image-228185\" alt=\"\" srcset=\"https:\/\/www.bailishaver.com\/wp-content\/uploads\/2023\/09\/Long_Handle_Rose_Gunmetal_Double_Edge_Safety_Razor_details_01.webp 1000w, https:\/\/www.bailishaver.com\/wp-content\/uploads\/2023\/09\/Long_Handle_Rose_Gunmetal_Double_Edge_Safety_Razor_details_01-300x300.webp 300w, https:\/\/www.bailishaver.com\/wp-content\/uploads\/2023\/09\/Long_Handle_Rose_Gunmetal_Double_Edge_Safety_Razor_details_01-150x150.webp 150w, https:\/\/www.bailishaver.com\/wp-content\/uploads\/2023\/09\/Long_Handle_Rose_Gunmetal_Double_Edge_Safety_Razor_details_01-768x768.webp 768w, https:\/\/www.bailishaver.com\/wp-content\/uploads\/2023\/09\/Long_Handle_Rose_Gunmetal_Double_Edge_Safety_Razor_details_01-12x12.webp 12w\" sizes=\"(max-width: 1000px) 100vw, 1000px\" \/>\t\t\t\t\t<\/div>\n\n\t\t\t\t<\/div>\n\t\t\t\t<\/div>\n\t\t\t\t\t<\/div>\n\t\t<\/div>\n\t\t\t\t\t\t\t<\/div>\n\t\t<\/section>\n\t\t\t\t<section class=\"wd-negative-gap elementor-section elementor-top-section elementor-element elementor-element-4b4ed20f elementor-section-content-middle elementor-section-boxed elementor-section-height-default elementor-section-height-default wd-section-disabled\" data-id=\"4b4ed20f\" data-element_type=\"section\">\n\t\t\t\t\t\t<div class=\"elementor-container elementor-column-gap-default\">\n\t\t\t\t\t<div class=\"elementor-column elementor-col-50 elementor-top-column elementor-element elementor-element-56af95de\" data-id=\"56af95de\" data-element_type=\"column\">\n\t\t\t<div class=\"elementor-widget-wrap elementor-element-populated\">\n\t\t\t\t\t\t\t\t<div class=\"elementor-element elementor-element-1be7273 elementor-hidden-desktop elementor-hidden-tablet elementor-widget elementor-widget-wd_text_block\" data-id=\"1be7273\" data-element_type=\"widget\" data-widget_type=\"wd_text_block.default\">\n\t\t\t\t<div class=\"elementor-widget-container\">\n\t\t\t\t\t<div class=\"wd-text-block reset-last-child text-left color-title\">\n\t\t\t\n\t\t\t<p>*La ranura gu\u00eda de precisi\u00f3n suaviza la barba, reduce los tirones y afeita m\u00e1s suavemente. Disfruta afeit\u00e1ndote;<\/p><p>* El dise\u00f1o original del cabezal de afeitar cerrado, antiara\u00f1azos de 360\u00b0, mejora de seguridad;<\/p><p>* El cabezal de afeitar tiene un dise\u00f1o de descarga de escoria, que se puede lavar de forma r\u00e1pida y limpia, y no es f\u00e1cil ocultar la suciedad.<\/p>\n\t\t\t\t\t<\/div>\n\t\t\t\t<\/div>\n\t\t\t\t<\/div>\n\t\t\t\t<div class=\"elementor-element elementor-element-5a78df6a elementor-widget elementor-widget-wd_image_or_svg\" data-id=\"5a78df6a\" data-element_type=\"widget\" data-widget_type=\"wd_image_or_svg.default\">\n\t\t\t\t<div class=\"elementor-widget-container\">\n\t\t\t\n\t\t<div class=\"wd-image text-left\">\n\t\t\t\t\t\t\t\t<img decoding=\"async\" width=\"1000\" height=\"1000\" src=\"https:\/\/www.bailishaver.com\/wp-content\/uploads\/2023\/09\/Long_Handle_Rose_Gunmetal_Double_Edge_Safety_Razor_details_02.webp\" class=\"attachment-full size-full wp-image-228186\" alt=\"\" srcset=\"https:\/\/www.bailishaver.com\/wp-content\/uploads\/2023\/09\/Long_Handle_Rose_Gunmetal_Double_Edge_Safety_Razor_details_02.webp 1000w, https:\/\/www.bailishaver.com\/wp-content\/uploads\/2023\/09\/Long_Handle_Rose_Gunmetal_Double_Edge_Safety_Razor_details_02-300x300.webp 300w, https:\/\/www.bailishaver.com\/wp-content\/uploads\/2023\/09\/Long_Handle_Rose_Gunmetal_Double_Edge_Safety_Razor_details_02-150x150.webp 150w, https:\/\/www.bailishaver.com\/wp-content\/uploads\/2023\/09\/Long_Handle_Rose_Gunmetal_Double_Edge_Safety_Razor_details_02-768x768.webp 768w, https:\/\/www.bailishaver.com\/wp-content\/uploads\/2023\/09\/Long_Handle_Rose_Gunmetal_Double_Edge_Safety_Razor_details_02-12x12.webp 12w\" sizes=\"(max-width: 1000px) 100vw, 1000px\" \/>\t\t\t\t\t<\/div>\n\n\t\t\t\t<\/div>\n\t\t\t\t<\/div>\n\t\t\t\t\t<\/div>\n\t\t<\/div>\n\t\t\t\t<div class=\"elementor-column elementor-col-50 elementor-top-column elementor-element elementor-element-3da59a91\" data-id=\"3da59a91\" data-element_type=\"column\">\n\t\t\t<div class=\"elementor-widget-wrap elementor-element-populated\">\n\t\t\t\t\t\t\t\t<div class=\"elementor-element elementor-element-54a04be4 elementor-hidden-mobile elementor-widget elementor-widget-wd_text_block\" data-id=\"54a04be4\" data-element_type=\"widget\" data-widget_type=\"wd_text_block.default\">\n\t\t\t\t<div class=\"elementor-widget-container\">\n\t\t\t\t\t<div class=\"wd-text-block reset-last-child text-left color-title\">\n\t\t\t\n\t\t\t<p>*La ranura gu\u00eda de precisi\u00f3n suaviza la barba, reduce los tirones y afeita m\u00e1s suavemente. Disfruta afeit\u00e1ndote;<\/p><p>* El dise\u00f1o original del cabezal de afeitar cerrado, antiara\u00f1azos de 360\u00b0, mejora de seguridad;<\/p><p>* El cabezal de afeitar tiene un dise\u00f1o de descarga de escoria, que se puede lavar de forma r\u00e1pida y limpia, y no es f\u00e1cil ocultar la suciedad.<\/p>\n\t\t\t\t\t<\/div>\n\t\t\t\t<\/div>\n\t\t\t\t<\/div>\n\t\t\t\t\t<\/div>\n\t\t<\/div>\n\t\t\t\t\t\t\t<\/div>\n\t\t<\/section>\n\t\t\t\t<section class=\"wd-negative-gap elementor-section elementor-top-section elementor-element elementor-element-54644b3b elementor-section-content-middle elementor-section-boxed elementor-section-height-default elementor-section-height-default wd-section-disabled\" data-id=\"54644b3b\" data-element_type=\"section\">\n\t\t\t\t\t\t<div class=\"elementor-container elementor-column-gap-default\">\n\t\t\t\t\t<div class=\"elementor-column elementor-col-50 elementor-top-column elementor-element elementor-element-24eb2117\" data-id=\"24eb2117\" data-element_type=\"column\">\n\t\t\t<div class=\"elementor-widget-wrap elementor-element-populated\">\n\t\t\t\t\t\t\t\t<div class=\"elementor-element elementor-element-5dd9dfe0 elementor-widget elementor-widget-wd_text_block\" data-id=\"5dd9dfe0\" data-element_type=\"widget\" data-widget_type=\"wd_text_block.default\">\n\t\t\t\t<div class=\"elementor-widget-container\">\n\t\t\t\t\t<div class=\"wd-text-block reset-last-child text-left color-title\">\n\t\t\t\n\t\t\t<p>*Estilo industrial retro, reproducci\u00f3n cl\u00e1sica, mango m\u00e1s largo, mejor sensaci\u00f3n;<\/p><p>* Utiliza aleaci\u00f3n de zinc respetuosa con el medio ambiente de alta calidad, cromado totalmente met\u00e1lico, resistente al agua y al \u00f3xido, rentable.<\/p>\n\t\t\t\t\t<\/div>\n\t\t\t\t<\/div>\n\t\t\t\t<\/div>\n\t\t\t\t\t<\/div>\n\t\t<\/div>\n\t\t\t\t<div class=\"elementor-column elementor-col-50 elementor-top-column elementor-element elementor-element-f91efc6\" data-id=\"f91efc6\" data-element_type=\"column\">\n\t\t\t<div class=\"elementor-widget-wrap elementor-element-populated\">\n\t\t\t\t\t\t\t\t<div class=\"elementor-element elementor-element-40e7799a elementor-widget elementor-widget-wd_image_or_svg\" data-id=\"40e7799a\" data-element_type=\"widget\" data-widget_type=\"wd_image_or_svg.default\">\n\t\t\t\t<div class=\"elementor-widget-container\">\n\t\t\t\n\t\t<div class=\"wd-image text-left\">\n\t\t\t\t\t\t\t\t<img decoding=\"async\" width=\"1000\" height=\"1000\" src=\"https:\/\/www.bailishaver.com\/wp-content\/uploads\/2023\/09\/Long_Handle_Rose_Gunmetal_Double_Edge_Safety_Razor_details_03.webp\" class=\"attachment-full size-full wp-image-228187\" alt=\"\" srcset=\"https:\/\/www.bailishaver.com\/wp-content\/uploads\/2023\/09\/Long_Handle_Rose_Gunmetal_Double_Edge_Safety_Razor_details_03.webp 1000w, https:\/\/www.bailishaver.com\/wp-content\/uploads\/2023\/09\/Long_Handle_Rose_Gunmetal_Double_Edge_Safety_Razor_details_03-300x300.webp 300w, https:\/\/www.bailishaver.com\/wp-content\/uploads\/2023\/09\/Long_Handle_Rose_Gunmetal_Double_Edge_Safety_Razor_details_03-150x150.webp 150w, https:\/\/www.bailishaver.com\/wp-content\/uploads\/2023\/09\/Long_Handle_Rose_Gunmetal_Double_Edge_Safety_Razor_details_03-768x768.webp 768w, https:\/\/www.bailishaver.com\/wp-content\/uploads\/2023\/09\/Long_Handle_Rose_Gunmetal_Double_Edge_Safety_Razor_details_03-12x12.webp 12w\" sizes=\"(max-width: 1000px) 100vw, 1000px\" \/>\t\t\t\t\t<\/div>\n\n\t\t\t\t<\/div>\n\t\t\t\t<\/div>\n\t\t\t\t\t<\/div>\n\t\t<\/div>\n\t\t\t\t\t\t\t<\/div>\n\t\t<\/section>\n\t\t\t\t<section class=\"wd-negative-gap elementor-section elementor-top-section elementor-element elementor-element-53c84341 elementor-section-boxed elementor-section-height-default elementor-section-height-default wd-section-disabled\" data-id=\"53c84341\" data-element_type=\"section\">\n\t\t\t\t\t\t<div class=\"elementor-container elementor-column-gap-default\">\n\t\t\t\t\t<div class=\"elementor-column elementor-col-100 elementor-top-column elementor-element elementor-element-2f4180d4\" data-id=\"2f4180d4\" data-element_type=\"column\">\n\t\t\t<div class=\"elementor-widget-wrap elementor-element-populated\">\n\t\t\t\t\t\t\t\t<div class=\"elementor-element elementor-element-2c1db678 elementor-widget elementor-widget-accordion\" data-id=\"2c1db678\" data-element_type=\"widget\" data-widget_type=\"accordion.default\">\n\t\t\t\t<div class=\"elementor-widget-container\">\n\t\t\t<style>\/*! elementor - v3.18.0 - 20-12-2023 *\/\n.elementor-accordion{text-align:left}.elementor-accordion .elementor-accordion-item{border:1px solid #d5d8dc}.elementor-accordion .elementor-accordion-item+.elementor-accordion-item{border-top:none}.elementor-accordion .elementor-tab-title{margin:0;padding:15px 20px;font-weight:700;line-height:1;cursor:pointer;outline:none}.elementor-accordion .elementor-tab-title .elementor-accordion-icon{display:inline-block;width:1.5em}.elementor-accordion .elementor-tab-title .elementor-accordion-icon svg{width:1em;height:1em}.elementor-accordion .elementor-tab-title .elementor-accordion-icon.elementor-accordion-icon-right{float:right;text-align:right}.elementor-accordion .elementor-tab-title .elementor-accordion-icon.elementor-accordion-icon-left{float:left;text-align:left}.elementor-accordion .elementor-tab-title .elementor-accordion-icon .elementor-accordion-icon-closed{display:block}.elementor-accordion .elementor-tab-title .elementor-accordion-icon .elementor-accordion-icon-opened,.elementor-accordion .elementor-tab-title.elementor-active .elementor-accordion-icon-closed{display:none}.elementor-accordion .elementor-tab-title.elementor-active .elementor-accordion-icon-opened{display:block}.elementor-accordion .elementor-tab-content{display:none;padding:15px 20px;border-top:1px solid #d5d8dc}@media (max-width:767px){.elementor-accordion .elementor-tab-title{padding:12px 15px}.elementor-accordion .elementor-tab-title .elementor-accordion-icon{width:1.2em}.elementor-accordion .elementor-tab-content{padding:7px 15px}}.e-con-inner>.elementor-widget-accordion,.e-con>.elementor-widget-accordion{width:var(--container-widget-width);--flex-grow:var(--container-widget-flex-grow)}<\/style>\t\t<div class=\"elementor-accordion\">\n\t\t\t\t\t\t\t<div class=\"elementor-accordion-item\">\n\t\t\t\t\t<div id=\"elementor-tab-title-7401\" class=\"elementor-tab-title\" data-tab=\"1\" role=\"button\" aria-controls=\"elementor-tab-content-7401\" aria-expanded=\"false\">\n\t\t\t\t\t\t\t\t\t\t\t\t\t<span class=\"elementor-accordion-icon elementor-accordion-icon-left\" aria-hidden=\"true\">\n\t\t\t\t\t\t\t\t\t\t\t\t\t\t\t<span class=\"elementor-accordion-icon-closed\"><i class=\"fas fa-caret-down\"><\/i><\/span>\n\t\t\t\t\t\t\t\t<span class=\"elementor-accordion-icon-opened\"><i class=\"fas fa-caret-up\"><\/i><\/span>\n\t\t\t\t\t\t\t\t\t\t\t\t\t\t<\/span>\n\t\t\t\t\t\t\t\t\t\t\t\t<a class=\"elementor-accordion-title\" tabindex=\"0\">Paquete<\/a>\n\t\t\t\t\t<\/div>\n\t\t\t\t\t<div id=\"elementor-tab-content-7401\" class=\"elementor-tab-content elementor-clearfix\" data-tab=\"1\" role=\"region\" aria-labelledby=\"elementor-tab-title-7401\"><table><tbody><tr><td>Producto<\/td><td>PC<\/td><td>Paquete<\/td><td>Tama\u00f1o<\/td><td>Peso bruto<\/td><\/tr><tr><td rowspan=\"2\">DB-B3B<\/td><td class=\"et4\">1<\/td><td class=\"et4\">Bolsa de polipropileno<\/td><td class=\"et4\">45,5\u00d726,2\u00d7115,1mm<\/td><td class=\"et4\">103,8g<\/td><\/tr><tr><td>96<\/td><td>Caja de cart\u00f3n<\/td><td>385\u00d7155\u00d7235mm<\/td><td>11,5 kilos<\/td><\/tr><\/tbody><\/table><\/div>\n\t\t\t\t<\/div>\n\t\t\t\t\t\t\t<div class=\"elementor-accordion-item\">\n\t\t\t\t\t<div id=\"elementor-tab-title-7402\" class=\"elementor-tab-title\" data-tab=\"2\" role=\"button\" aria-controls=\"elementor-tab-content-7402\" aria-expanded=\"false\">\n\t\t\t\t\t\t\t\t\t\t\t\t\t<span class=\"elementor-accordion-icon elementor-accordion-icon-left\" aria-hidden=\"true\">\n\t\t\t\t\t\t\t\t\t\t\t\t\t\t\t<span class=\"elementor-accordion-icon-closed\"><i class=\"fas fa-caret-down\"><\/i><\/span>\n\t\t\t\t\t\t\t\t<span class=\"elementor-accordion-icon-opened\"><i class=\"fas fa-caret-up\"><\/i><\/span>\n\t\t\t\t\t\t\t\t\t\t\t\t\t\t<\/span>\n\t\t\t\t\t\t\t\t\t\t\t\t<a class=\"elementor-accordion-title\" tabindex=\"0\"> Env\u00edo<\/a>\n\t\t\t\t\t<\/div>\n\t\t\t\t\t<div id=\"elementor-tab-content-7402\" class=\"elementor-tab-content elementor-clearfix\" data-tab=\"2\" role=\"region\" aria-labelledby=\"elementor-tab-title-7402\">El pedido de muestra se puede enviar en un plazo de 3 a 7 d\u00edas; <br>La producci\u00f3n de pedidos al por mayor o pedidos personalizados tarda entre 15 y 30 d\u00edas.<\/div>\n\t\t\t\t<\/div>\n\t\t\t\t\t\t\t\t<\/div>\n\t\t\t\t<\/div>\n\t\t\t\t<\/div>\n\t\t\t\t\t<\/div>\n\t\t<\/div>\n\t\t\t\t\t\t\t<\/div>\n\t\t<\/section>\n\t\t\t\t\t\t\t<\/div>","protected":false},"excerpt":{"rendered":"<p><strong>Modelo: DB-B3B<\/strong><\/p>\n<div class=\"DescriptionImg\">\n<div class=\"image-box\">\n<p><img decoding=\"async\" src=\"https:\/\/bailishaver.com\/wp-content\/uploads\/2023\/09\/Long_Handle.jpg\" alt=\"Image3\" \/><\/p>\n<div class=\"caption\">Mango largo<\/div>\n<\/div>\n<div class=\"image-box\">\n<p><img decoding=\"async\" src=\"https:\/\/bailishaver.com\/wp-content\/uploads\/2023\/09\/Safe-1.png\" alt=\"Image1\" \/><\/p>\n<div class=\"caption\">Seguro<\/div>\n<\/div>\n<div class=\"image-box\">\n<p><img decoding=\"async\" src=\"https:\/\/bailishaver.com\/wp-content\/uploads\/2023\/09\/Clean.png\" alt=\"Image2\" \/><\/p>\n<div class=\"caption\">Limpio<\/div>\n<\/div>\n<\/div>","protected":false},"featured_media":228177,"comment_status":"open","ping_status":"closed","template":"","meta":[],"product_cat":[31],"product_tag":[],"yoast_head":"<!-- This site is optimized with the Yoast SEO plugin v21.4 - https:\/\/yoast.com\/wordpress\/plugins\/seo\/ -->\n<title>Long Handle Rose Gold Double Edge Safety Razor - Guangzhou Weidi Technology Co.,Ltd<\/title>\n<meta name=\"description\" content=\"Long handle razor, retro industrial style, classic reproduction. Double edge razor head has a slag discharge design, which can be washed quickly.\" \/>\n<meta name=\"robots\" content=\"index, follow, max-snippet:-1, max-image-preview:large, max-video-preview:-1\" \/>\n<link rel=\"canonical\" href=\"https:\/\/www.bailishaver.com\/es\/producto\/long-handle-rose-gold-double-edge-safety-razor\/\" \/>\n<meta property=\"og:locale\" content=\"es_ES\" \/>\n<meta property=\"og:type\" content=\"article\" \/>\n<meta property=\"og:title\" content=\"Long Handle Rose Gold Double Edge Safety Razor - Guangzhou Weidi Technology Co.,Ltd\" \/>\n<meta property=\"og:description\" content=\"Long handle razor, retro industrial style, classic reproduction. Double edge razor head has a slag discharge design, which can be washed quickly.\" \/>\n<meta property=\"og:url\" content=\"https:\/\/www.bailishaver.com\/es\/producto\/long-handle-rose-gold-double-edge-safety-razor\/\" \/>\n<meta property=\"og:site_name\" content=\"Guangzhou Weidi Technology Co.,Ltd\" \/>\n<meta property=\"article:modified_time\" content=\"2023-11-16T09:07:43+00:00\" \/>\n<meta property=\"og:image\" content=\"https:\/\/www.bailishaver.com\/wp-content\/uploads\/2023\/09\/Long_Handle_Rose_Gunmetal_Double_Edge_Safety_Razor_01.webp\" \/>\n\t<meta property=\"og:image:width\" content=\"1000\" \/>\n\t<meta property=\"og:image:height\" content=\"1000\" \/>\n\t<meta property=\"og:image:type\" content=\"image\/webp\" \/>\n<meta name=\"twitter:card\" content=\"summary_large_image\" \/>\n<meta name=\"twitter:label1\" content=\"Tiempo de lectura\" \/>\n\t<meta name=\"twitter:data1\" content=\"2 minutos\" \/>\n<script type=\"application\/ld+json\" class=\"yoast-schema-graph\">{\"@context\":\"https:\/\/schema.org\",\"@graph\":[{\"@type\":\"WebPage\",\"@id\":\"https:\/\/www.bailishaver.com\/product\/long-handle-rose-gold-double-edge-safety-razor\/\",\"url\":\"https:\/\/www.bailishaver.com\/product\/long-handle-rose-gold-double-edge-safety-razor\/\",\"name\":\"Long Handle Rose Gold Double Edge Safety Razor - Guangzhou Weidi Technology Co.,Ltd\",\"isPartOf\":{\"@id\":\"https:\/\/www.bailishaver.com\/#website\"},\"datePublished\":\"2023-09-26T07:37:33+00:00\",\"dateModified\":\"2023-11-16T09:07:43+00:00\",\"description\":\"Long handle razor, retro industrial style, classic reproduction. Double edge razor head has a slag discharge design, which can be washed quickly.\",\"breadcrumb\":{\"@id\":\"https:\/\/www.bailishaver.com\/product\/long-handle-rose-gold-double-edge-safety-razor\/#breadcrumb\"},\"inLanguage\":\"es\",\"potentialAction\":[{\"@type\":\"ReadAction\",\"target\":[\"https:\/\/www.bailishaver.com\/product\/long-handle-rose-gold-double-edge-safety-razor\/\"]}]},{\"@type\":\"BreadcrumbList\",\"@id\":\"https:\/\/www.bailishaver.com\/product\/long-handle-rose-gold-double-edge-safety-razor\/#breadcrumb\",\"itemListElement\":[{\"@type\":\"ListItem\",\"position\":1,\"name\":\"HOME\",\"item\":\"https:\/\/www.bailishaver.com\/\"},{\"@type\":\"ListItem\",\"position\":2,\"name\":\"Product\",\"item\":\"https:\/\/www.bailishaver.com\/product\/\"},{\"@type\":\"ListItem\",\"position\":3,\"name\":\"Long Handle Rose Gold Double Edge Safety Razor\"}]},{\"@type\":\"WebSite\",\"@id\":\"https:\/\/www.bailishaver.com\/#website\",\"url\":\"https:\/\/www.bailishaver.com\/\",\"name\":\"Guangzhou Weidi Technology Co.,Ltd\",\"description\":\"system razors, lady razors, shaving kits, blade and refill, disposable razor, shaving , accessories, etc.\",\"potentialAction\":[{\"@type\":\"SearchAction\",\"target\":{\"@type\":\"EntryPoint\",\"urlTemplate\":\"https:\/\/www.bailishaver.com\/?s={search_term_string}\"},\"query-input\":\"required name=search_term_string\"}],\"inLanguage\":\"es\"}]}<\/script>\n<!-- \/ Yoast SEO plugin. -->","yoast_head_json":{"title":"Long Handle Rose Gold Double Edge Safety Razor - Guangzhou Weidi Technology Co.,Ltd","description":"Long handle razor, retro industrial style, classic reproduction. Double edge razor head has a slag discharge design, which can be washed quickly.","robots":{"index":"index","follow":"follow","max-snippet":"max-snippet:-1","max-image-preview":"max-image-preview:large","max-video-preview":"max-video-preview:-1"},"canonical":"https:\/\/www.bailishaver.com\/es\/producto\/long-handle-rose-gold-double-edge-safety-razor\/","og_locale":"es_ES","og_type":"article","og_title":"Long Handle Rose Gold Double Edge Safety Razor - Guangzhou Weidi Technology Co.,Ltd","og_description":"Long handle razor, retro industrial style, classic reproduction. Double edge razor head has a slag discharge design, which can be washed quickly.","og_url":"https:\/\/www.bailishaver.com\/es\/producto\/long-handle-rose-gold-double-edge-safety-razor\/","og_site_name":"Guangzhou Weidi Technology Co.,Ltd","article_modified_time":"2023-11-16T09:07:43+00:00","og_image":[{"width":1000,"height":1000,"url":"https:\/\/www.bailishaver.com\/wp-content\/uploads\/2023\/09\/Long_Handle_Rose_Gunmetal_Double_Edge_Safety_Razor_01.webp","type":"image\/webp"}],"twitter_card":"summary_large_image","twitter_misc":{"Tiempo de lectura":"2 minutos"},"schema":{"@context":"https:\/\/schema.org","@graph":[{"@type":"WebPage","@id":"https:\/\/www.bailishaver.com\/product\/long-handle-rose-gold-double-edge-safety-razor\/","url":"https:\/\/www.bailishaver.com\/product\/long-handle-rose-gold-double-edge-safety-razor\/","name":"Long Handle Rose Gold Double Edge Safety Razor - Guangzhou Weidi Technology Co.,Ltd","isPartOf":{"@id":"https:\/\/www.bailishaver.com\/#website"},"datePublished":"2023-09-26T07:37:33+00:00","dateModified":"2023-11-16T09:07:43+00:00","description":"Long handle razor, retro industrial style, classic reproduction. Double edge razor head has a slag discharge design, which can be washed quickly.","breadcrumb":{"@id":"https:\/\/www.bailishaver.com\/product\/long-handle-rose-gold-double-edge-safety-razor\/#breadcrumb"},"inLanguage":"es","potentialAction":[{"@type":"ReadAction","target":["https:\/\/www.bailishaver.com\/product\/long-handle-rose-gold-double-edge-safety-razor\/"]}]},{"@type":"BreadcrumbList","@id":"https:\/\/www.bailishaver.com\/product\/long-handle-rose-gold-double-edge-safety-razor\/#breadcrumb","itemListElement":[{"@type":"ListItem","position":1,"name":"HOME","item":"https:\/\/www.bailishaver.com\/"},{"@type":"ListItem","position":2,"name":"Product","item":"https:\/\/www.bailishaver.com\/product\/"},{"@type":"ListItem","position":3,"name":"Long Handle Rose Gold Double Edge Safety Razor"}]},{"@type":"WebSite","@id":"https:\/\/www.bailishaver.com\/#website","url":"https:\/\/www.bailishaver.com\/","name":"Guangzhou Weidi Technology Co.,Ltd","description":"system razors, lady razors, shaving kits, blade and refill, disposable razor, shaving , accessories, etc.","potentialAction":[{"@type":"SearchAction","target":{"@type":"EntryPoint","urlTemplate":"https:\/\/www.bailishaver.com\/?s={search_term_string}"},"query-input":"required name=search_term_string"}],"inLanguage":"es"}]}},"_links":{"self":[{"href":"https:\/\/www.bailishaver.com\/es\/wp-json\/wp\/v2\/product\/228173"}],"collection":[{"href":"https:\/\/www.bailishaver.com\/es\/wp-json\/wp\/v2\/product"}],"about":[{"href":"https:\/\/www.bailishaver.com\/es\/wp-json\/wp\/v2\/types\/product"}],"replies":[{"embeddable":true,"href":"https:\/\/www.bailishaver.com\/es\/wp-json\/wp\/v2\/comments?post=228173"}],"version-history":[{"count":0,"href":"https:\/\/www.bailishaver.com\/es\/wp-json\/wp\/v2\/product\/228173\/revisions"}],"wp:featuredmedia":[{"embeddable":true,"href":"https:\/\/www.bailishaver.com\/es\/wp-json\/wp\/v2\/media\/228177"}],"wp:attachment":[{"href":"https:\/\/www.bailishaver.com\/es\/wp-json\/wp\/v2\/media?parent=228173"}],"wp:term":[{"taxonomy":"product_cat","embeddable":true,"href":"https:\/\/www.bailishaver.com\/es\/wp-json\/wp\/v2\/product_cat?post=228173"},{"taxonomy":"product_tag","embeddable":true,"href":"https:\/\/www.bailishaver.com\/es\/wp-json\/wp\/v2\/product_tag?post=228173"}],"curies":[{"name":"wp","href":"https:\/\/api.w.org\/{rel}","templated":true}]}}