{"id":228079,"date":"2023-09-22T15:57:13","date_gmt":"2023-09-22T07:57:13","guid":{"rendered":"https:\/\/bailishaver.com\/?post_type=product&#038;p=228079"},"modified":"2024-02-28T16:51:35","modified_gmt":"2024-02-28T08:51:35","slug":"metal-head-plastic-handle-mens-manual-razor-safety-razor","status":"publish","type":"product","link":"https:\/\/www.bailishaver.com\/es\/producto\/metal-head-plastic-handle-mens-manual-razor-safety-razor\/","title":{"rendered":"Maquinilla de afeitar manual para hombre con mango de pl\u00e1stico y cabeza de metal"},"content":{"rendered":"<div data-elementor-type=\"product-post\" data-elementor-id=\"228079\" class=\"elementor elementor-228079\" data-elementor-post-type=\"product\">\n\t\t\t\t\t\t\t\t\t<section class=\"wd-negative-gap elementor-section elementor-top-section elementor-element elementor-element-696b5c1d elementor-section-content-middle elementor-section-boxed elementor-section-height-default elementor-section-height-default wd-section-disabled\" data-id=\"696b5c1d\" data-element_type=\"section\">\n\t\t\t\t\t\t<div class=\"elementor-container elementor-column-gap-default\">\n\t\t\t\t\t<div class=\"elementor-column elementor-col-50 elementor-top-column elementor-element elementor-element-71329a23\" data-id=\"71329a23\" data-element_type=\"column\">\n\t\t\t<div class=\"elementor-widget-wrap elementor-element-populated\">\n\t\t\t\t\t\t\t\t<div class=\"elementor-element elementor-element-5c6e62a9 elementor-widget elementor-widget-wd_text_block\" data-id=\"5c6e62a9\" data-element_type=\"widget\" data-widget_type=\"wd_text_block.default\">\n\t\t\t\t<div class=\"elementor-widget-container\">\n\t\t\t\t\t<div class=\"wd-text-block reset-last-child text-left color-title\">\n\t\t\t\n\t\t\t<p>Modelo: DB133<\/p><p>Cabezal de afeitar: cabezal de afeitar de doble filo<\/p><p>Tama\u00f1o de la maquinilla de afeitar: 40 \u00d7 25,3 \u00d7 109 mm<\/p><p>Peso de la maquinilla de afeitar: 27,2 g.<\/p><p>Material: aleaci\u00f3n de zinc+PP.<\/p><p>Caracter\u00edsticas: Lavable; Reutilizable; Impermeable; A prueba de herrumbre<\/p>\n\t\t\t\t\t<\/div>\n\t\t\t\t<\/div>\n\t\t\t\t<\/div>\n\t\t\t\t\t<\/div>\n\t\t<\/div>\n\t\t\t\t<div class=\"elementor-column elementor-col-50 elementor-top-column elementor-element elementor-element-7decb803\" data-id=\"7decb803\" data-element_type=\"column\">\n\t\t\t<div class=\"elementor-widget-wrap elementor-element-populated\">\n\t\t\t\t\t\t\t\t<div class=\"elementor-element elementor-element-7f6f9bc0 elementor-widget elementor-widget-wd_image_or_svg\" data-id=\"7f6f9bc0\" data-element_type=\"widget\" data-widget_type=\"wd_image_or_svg.default\">\n\t\t\t\t<div class=\"elementor-widget-container\">\n\t\t\t\n\t\t<div class=\"wd-image text-left\">\n\t\t\t\t\t\t\t\t<img fetchpriority=\"high\" decoding=\"async\" width=\"800\" height=\"800\" src=\"https:\/\/www.bailishaver.com\/wp-content\/uploads\/2023\/11\/Metal_Head_Plastic_Handle_Mens_Manual_Razor_Safety_Razor_details_01.webp\" class=\"attachment-full size-full wp-image-229590\" alt=\"\" srcset=\"https:\/\/www.bailishaver.com\/wp-content\/uploads\/2023\/11\/Metal_Head_Plastic_Handle_Mens_Manual_Razor_Safety_Razor_details_01.webp 800w, https:\/\/www.bailishaver.com\/wp-content\/uploads\/2023\/11\/Metal_Head_Plastic_Handle_Mens_Manual_Razor_Safety_Razor_details_01-300x300.webp 300w, https:\/\/www.bailishaver.com\/wp-content\/uploads\/2023\/11\/Metal_Head_Plastic_Handle_Mens_Manual_Razor_Safety_Razor_details_01-150x150.webp 150w, https:\/\/www.bailishaver.com\/wp-content\/uploads\/2023\/11\/Metal_Head_Plastic_Handle_Mens_Manual_Razor_Safety_Razor_details_01-768x768.webp 768w, https:\/\/www.bailishaver.com\/wp-content\/uploads\/2023\/11\/Metal_Head_Plastic_Handle_Mens_Manual_Razor_Safety_Razor_details_01-12x12.webp 12w\" sizes=\"(max-width: 800px) 100vw, 800px\" \/>\t\t\t\t\t<\/div>\n\n\t\t\t\t<\/div>\n\t\t\t\t<\/div>\n\t\t\t\t\t<\/div>\n\t\t<\/div>\n\t\t\t\t\t\t\t<\/div>\n\t\t<\/section>\n\t\t\t\t<section class=\"wd-negative-gap elementor-section elementor-top-section elementor-element elementor-element-fb56519 elementor-section-content-middle elementor-section-boxed elementor-section-height-default elementor-section-height-default wd-section-disabled\" data-id=\"fb56519\" data-element_type=\"section\">\n\t\t\t\t\t\t<div class=\"elementor-container elementor-column-gap-default\">\n\t\t\t\t\t<div class=\"elementor-column elementor-col-50 elementor-top-column elementor-element elementor-element-14fd0fe3\" data-id=\"14fd0fe3\" data-element_type=\"column\">\n\t\t\t<div class=\"elementor-widget-wrap elementor-element-populated\">\n\t\t\t\t\t\t\t\t<div class=\"elementor-element elementor-element-161caf2 elementor-hidden-desktop elementor-hidden-tablet elementor-widget elementor-widget-wd_text_block\" data-id=\"161caf2\" data-element_type=\"widget\" data-widget_type=\"wd_text_block.default\">\n\t\t\t\t<div class=\"elementor-widget-container\">\n\t\t\t\t\t<div class=\"wd-text-block reset-last-child text-left color-title\">\n\t\t\t\n\t\t\t<p>*Dise\u00f1o de dientes de peine de barba:<\/p><p>El dise\u00f1o de desv\u00edo de la barba se agrega en la parte frontal del filo, que puede guiar la barba con anticipaci\u00f3n, lo que facilita el afeitado de manera ordenada, reduce los tirones y hace que el proceso de afeitado sea m\u00e1s suave;<\/p><p>*Instalaci\u00f3n de 3 hojas de afeitar:<\/p><p>Fije eficazmente la cuchilla para evitar que se agite o raye, y el proceso de afeitado es m\u00e1s suave y seguro.<\/p>\n\t\t\t\t\t<\/div>\n\t\t\t\t<\/div>\n\t\t\t\t<\/div>\n\t\t\t\t<div class=\"elementor-element elementor-element-31e272c1 elementor-widget elementor-widget-wd_image_or_svg\" data-id=\"31e272c1\" data-element_type=\"widget\" data-widget_type=\"wd_image_or_svg.default\">\n\t\t\t\t<div class=\"elementor-widget-container\">\n\t\t\t\n\t\t<div class=\"wd-image text-left\">\n\t\t\t\t\t\t\t\t<img decoding=\"async\" width=\"800\" height=\"800\" src=\"https:\/\/www.bailishaver.com\/wp-content\/uploads\/2023\/11\/Metal_Head_Plastic_Handle_Mens_Manual_Razor_Safety_Razor_details_02.webp\" class=\"attachment-full size-full wp-image-229591\" alt=\"\" srcset=\"https:\/\/www.bailishaver.com\/wp-content\/uploads\/2023\/11\/Metal_Head_Plastic_Handle_Mens_Manual_Razor_Safety_Razor_details_02.webp 800w, https:\/\/www.bailishaver.com\/wp-content\/uploads\/2023\/11\/Metal_Head_Plastic_Handle_Mens_Manual_Razor_Safety_Razor_details_02-300x300.webp 300w, https:\/\/www.bailishaver.com\/wp-content\/uploads\/2023\/11\/Metal_Head_Plastic_Handle_Mens_Manual_Razor_Safety_Razor_details_02-150x150.webp 150w, https:\/\/www.bailishaver.com\/wp-content\/uploads\/2023\/11\/Metal_Head_Plastic_Handle_Mens_Manual_Razor_Safety_Razor_details_02-768x768.webp 768w, https:\/\/www.bailishaver.com\/wp-content\/uploads\/2023\/11\/Metal_Head_Plastic_Handle_Mens_Manual_Razor_Safety_Razor_details_02-12x12.webp 12w\" sizes=\"(max-width: 800px) 100vw, 800px\" \/>\t\t\t\t\t<\/div>\n\n\t\t\t\t<\/div>\n\t\t\t\t<\/div>\n\t\t\t\t\t<\/div>\n\t\t<\/div>\n\t\t\t\t<div class=\"elementor-column elementor-col-50 elementor-top-column elementor-element elementor-element-7ea23e54\" data-id=\"7ea23e54\" data-element_type=\"column\">\n\t\t\t<div class=\"elementor-widget-wrap elementor-element-populated\">\n\t\t\t\t\t\t\t\t<div class=\"elementor-element elementor-element-d522b0f elementor-hidden-mobile elementor-widget elementor-widget-wd_text_block\" data-id=\"d522b0f\" data-element_type=\"widget\" data-widget_type=\"wd_text_block.default\">\n\t\t\t\t<div class=\"elementor-widget-container\">\n\t\t\t\t\t<div class=\"wd-text-block reset-last-child text-left color-title\">\n\t\t\t\n\t\t\t<p>*Dise\u00f1o de dientes de peine de barba:<\/p><p>El dise\u00f1o de desv\u00edo de la barba se agrega en la parte frontal del filo, que puede guiar la barba con anticipaci\u00f3n, lo que facilita el afeitado de manera ordenada, reduce los tirones y hace que el proceso de afeitado sea m\u00e1s suave;<\/p><p>*Instalaci\u00f3n de 3 hojas de afeitar:<\/p><p>Fije eficazmente la cuchilla para evitar que se agite o raye, y el proceso de afeitado es m\u00e1s suave y seguro.<\/p>\n\t\t\t\t\t<\/div>\n\t\t\t\t<\/div>\n\t\t\t\t<\/div>\n\t\t\t\t\t<\/div>\n\t\t<\/div>\n\t\t\t\t\t\t\t<\/div>\n\t\t<\/section>\n\t\t\t\t<section class=\"wd-negative-gap elementor-section elementor-top-section elementor-element elementor-element-493c9d3b elementor-section-content-middle elementor-section-boxed elementor-section-height-default elementor-section-height-default wd-section-disabled\" data-id=\"493c9d3b\" data-element_type=\"section\">\n\t\t\t\t\t\t<div class=\"elementor-container elementor-column-gap-default\">\n\t\t\t\t\t<div class=\"elementor-column elementor-col-50 elementor-top-column elementor-element elementor-element-61f51e06\" data-id=\"61f51e06\" data-element_type=\"column\">\n\t\t\t<div class=\"elementor-widget-wrap elementor-element-populated\">\n\t\t\t\t\t\t\t\t<div class=\"elementor-element elementor-element-62274cbc elementor-widget elementor-widget-wd_text_block\" data-id=\"62274cbc\" data-element_type=\"widget\" data-widget_type=\"wd_text_block.default\">\n\t\t\t\t<div class=\"elementor-widget-container\">\n\t\t\t\t\t<div class=\"wd-text-block reset-last-child text-left color-title\">\n\t\t\t\n\t\t\t<p>* Mango de pl\u00e1stico antideslizante;<\/p><p>*Ligero: el mango de la afeitadora es m\u00e1s ligero y m\u00e1s f\u00e1cil de sostener y operar que los mangos de metal;<\/p><p>*Durabilidad: Aunque el pl\u00e1stico no es tan duradero como el metal en algunos aspectos, el pl\u00e1stico es relativamente duradero cuando se trata de mangos de afeitar.<\/p>\n\t\t\t\t\t<\/div>\n\t\t\t\t<\/div>\n\t\t\t\t<\/div>\n\t\t\t\t\t<\/div>\n\t\t<\/div>\n\t\t\t\t<div class=\"elementor-column elementor-col-50 elementor-top-column elementor-element elementor-element-4cd64f55\" data-id=\"4cd64f55\" data-element_type=\"column\">\n\t\t\t<div class=\"elementor-widget-wrap elementor-element-populated\">\n\t\t\t\t\t\t\t\t<div class=\"elementor-element elementor-element-13a1798c elementor-widget elementor-widget-wd_image_or_svg\" data-id=\"13a1798c\" data-element_type=\"widget\" data-widget_type=\"wd_image_or_svg.default\">\n\t\t\t\t<div class=\"elementor-widget-container\">\n\t\t\t\n\t\t<div class=\"wd-image text-left\">\n\t\t\t\t\t\t\t\t<img decoding=\"async\" width=\"800\" height=\"800\" src=\"https:\/\/www.bailishaver.com\/wp-content\/uploads\/2023\/11\/Metal_Head_Plastic_Handle_Mens_Manual_Razor_Safety_Razor_details_03.webp\" class=\"attachment-full size-full wp-image-229592\" alt=\"\" srcset=\"https:\/\/www.bailishaver.com\/wp-content\/uploads\/2023\/11\/Metal_Head_Plastic_Handle_Mens_Manual_Razor_Safety_Razor_details_03.webp 800w, https:\/\/www.bailishaver.com\/wp-content\/uploads\/2023\/11\/Metal_Head_Plastic_Handle_Mens_Manual_Razor_Safety_Razor_details_03-300x300.webp 300w, https:\/\/www.bailishaver.com\/wp-content\/uploads\/2023\/11\/Metal_Head_Plastic_Handle_Mens_Manual_Razor_Safety_Razor_details_03-150x150.webp 150w, https:\/\/www.bailishaver.com\/wp-content\/uploads\/2023\/11\/Metal_Head_Plastic_Handle_Mens_Manual_Razor_Safety_Razor_details_03-768x768.webp 768w, https:\/\/www.bailishaver.com\/wp-content\/uploads\/2023\/11\/Metal_Head_Plastic_Handle_Mens_Manual_Razor_Safety_Razor_details_03-12x12.webp 12w\" sizes=\"(max-width: 800px) 100vw, 800px\" \/>\t\t\t\t\t<\/div>\n\n\t\t\t\t<\/div>\n\t\t\t\t<\/div>\n\t\t\t\t\t<\/div>\n\t\t<\/div>\n\t\t\t\t\t\t\t<\/div>\n\t\t<\/section>\n\t\t\t\t<section class=\"wd-negative-gap elementor-section elementor-top-section elementor-element elementor-element-56826e35 elementor-section-boxed elementor-section-height-default elementor-section-height-default wd-section-disabled\" data-id=\"56826e35\" data-element_type=\"section\">\n\t\t\t\t\t\t<div class=\"elementor-container elementor-column-gap-default\">\n\t\t\t\t\t<div class=\"elementor-column elementor-col-100 elementor-top-column elementor-element elementor-element-4728aa1c\" data-id=\"4728aa1c\" data-element_type=\"column\">\n\t\t\t<div class=\"elementor-widget-wrap elementor-element-populated\">\n\t\t\t\t\t\t\t\t<div class=\"elementor-element elementor-element-10b98884 elementor-widget elementor-widget-accordion\" data-id=\"10b98884\" data-element_type=\"widget\" data-widget_type=\"accordion.default\">\n\t\t\t\t<div class=\"elementor-widget-container\">\n\t\t\t<style>\/*! elementor - v3.18.0 - 20-12-2023 *\/\n.elementor-accordion{text-align:left}.elementor-accordion .elementor-accordion-item{border:1px solid #d5d8dc}.elementor-accordion .elementor-accordion-item+.elementor-accordion-item{border-top:none}.elementor-accordion .elementor-tab-title{margin:0;padding:15px 20px;font-weight:700;line-height:1;cursor:pointer;outline:none}.elementor-accordion .elementor-tab-title .elementor-accordion-icon{display:inline-block;width:1.5em}.elementor-accordion .elementor-tab-title .elementor-accordion-icon svg{width:1em;height:1em}.elementor-accordion .elementor-tab-title .elementor-accordion-icon.elementor-accordion-icon-right{float:right;text-align:right}.elementor-accordion .elementor-tab-title .elementor-accordion-icon.elementor-accordion-icon-left{float:left;text-align:left}.elementor-accordion .elementor-tab-title .elementor-accordion-icon .elementor-accordion-icon-closed{display:block}.elementor-accordion .elementor-tab-title .elementor-accordion-icon .elementor-accordion-icon-opened,.elementor-accordion .elementor-tab-title.elementor-active .elementor-accordion-icon-closed{display:none}.elementor-accordion .elementor-tab-title.elementor-active .elementor-accordion-icon-opened{display:block}.elementor-accordion .elementor-tab-content{display:none;padding:15px 20px;border-top:1px solid #d5d8dc}@media (max-width:767px){.elementor-accordion .elementor-tab-title{padding:12px 15px}.elementor-accordion .elementor-tab-title .elementor-accordion-icon{width:1.2em}.elementor-accordion .elementor-tab-content{padding:7px 15px}}.e-con-inner>.elementor-widget-accordion,.e-con>.elementor-widget-accordion{width:var(--container-widget-width);--flex-grow:var(--container-widget-flex-grow)}<\/style>\t\t<div class=\"elementor-accordion\">\n\t\t\t\t\t\t\t<div class=\"elementor-accordion-item\">\n\t\t\t\t\t<div id=\"elementor-tab-title-2801\" class=\"elementor-tab-title\" data-tab=\"1\" role=\"button\" aria-controls=\"elementor-tab-content-2801\" aria-expanded=\"false\">\n\t\t\t\t\t\t\t\t\t\t\t\t\t<span class=\"elementor-accordion-icon elementor-accordion-icon-left\" aria-hidden=\"true\">\n\t\t\t\t\t\t\t\t\t\t\t\t\t\t\t<span class=\"elementor-accordion-icon-closed\"><i class=\"fas fa-caret-down\"><\/i><\/span>\n\t\t\t\t\t\t\t\t<span class=\"elementor-accordion-icon-opened\"><i class=\"fas fa-caret-up\"><\/i><\/span>\n\t\t\t\t\t\t\t\t\t\t\t\t\t\t<\/span>\n\t\t\t\t\t\t\t\t\t\t\t\t<a class=\"elementor-accordion-title\" tabindex=\"0\">Paquete<\/a>\n\t\t\t\t\t<\/div>\n\t\t\t\t\t<div id=\"elementor-tab-content-2801\" class=\"elementor-tab-content elementor-clearfix\" data-tab=\"1\" role=\"region\" aria-labelledby=\"elementor-tab-title-2801\"><table><tbody><tr><td>Producto<\/td><td>PC<\/td><td>Paquete<\/td><td>Tama\u00f1o<\/td><td>Peso bruto<\/td><\/tr><tr><td rowspan=\"2\">DB133<\/td><td class=\"et4\">1<\/td><td class=\"et4\">Bolsa de polipropileno<\/td><td class=\"et4\">40\u00d725,3\u00d7109mm<\/td><td class=\"et4\">27,2g<\/td><\/tr><tr><td>400<\/td><td>Caja de cart\u00f3n<\/td><td>305\u00d7270\u00d7290mm<\/td><td>11,8 kilos<\/td><\/tr><\/tbody><\/table><\/div>\n\t\t\t\t<\/div>\n\t\t\t\t\t\t\t<div class=\"elementor-accordion-item\">\n\t\t\t\t\t<div id=\"elementor-tab-title-2802\" class=\"elementor-tab-title\" data-tab=\"2\" role=\"button\" aria-controls=\"elementor-tab-content-2802\" aria-expanded=\"false\">\n\t\t\t\t\t\t\t\t\t\t\t\t\t<span class=\"elementor-accordion-icon elementor-accordion-icon-left\" aria-hidden=\"true\">\n\t\t\t\t\t\t\t\t\t\t\t\t\t\t\t<span class=\"elementor-accordion-icon-closed\"><i class=\"fas fa-caret-down\"><\/i><\/span>\n\t\t\t\t\t\t\t\t<span class=\"elementor-accordion-icon-opened\"><i class=\"fas fa-caret-up\"><\/i><\/span>\n\t\t\t\t\t\t\t\t\t\t\t\t\t\t<\/span>\n\t\t\t\t\t\t\t\t\t\t\t\t<a class=\"elementor-accordion-title\" tabindex=\"0\"> Env\u00edo<\/a>\n\t\t\t\t\t<\/div>\n\t\t\t\t\t<div id=\"elementor-tab-content-2802\" class=\"elementor-tab-content elementor-clearfix\" data-tab=\"2\" role=\"region\" aria-labelledby=\"elementor-tab-title-2802\">El pedido de muestra se puede enviar en un plazo de 3 a 7 d\u00edas; <br>La producci\u00f3n de pedidos al por mayor o pedidos personalizados tarda entre 15 y 30 d\u00edas.\n<\/div>\n\t\t\t\t<\/div>\n\t\t\t\t\t\t\t\t<\/div>\n\t\t\t\t<\/div>\n\t\t\t\t<\/div>\n\t\t\t\t\t<\/div>\n\t\t<\/div>\n\t\t\t\t\t\t\t<\/div>\n\t\t<\/section>\n\t\t\t\t\t\t\t<\/div>","protected":false},"excerpt":{"rendered":"<p><strong>Modelo: DB133<\/strong><\/p>\n<div class=\"DescriptionImg\">\n<div class=\"image-box\">\n<p><img decoding=\"async\" src=\"https:\/\/bailishaver.com\/wp-content\/uploads\/2023\/09\/Mild-2.png\" alt=\"Image1\" \/><\/p>\n<div class=\"caption\">Leve<\/div>\n<\/div>\n<div class=\"image-box\">\n<p><img decoding=\"async\" src=\"https:\/\/bailishaver.com\/wp-content\/uploads\/2023\/09\/Safety-1.png\" alt=\"Image2\" \/><\/p>\n<div class=\"caption\">Seguridad<\/div>\n<\/div>\n<div class=\"image-box\">\n<p><img decoding=\"async\" src=\"https:\/\/bailishaver.com\/wp-content\/uploads\/2024\/02\/Non-slip_Handle-_Icon.webp\" alt=\"Image3\" \/><\/p>\n<div class=\"caption\">Mango antideslizante<\/div>\n<\/div>\n<\/div>","protected":false},"featured_media":229593,"comment_status":"open","ping_status":"closed","template":"","meta":[],"product_cat":[31],"product_tag":[],"yoast_head":"<!-- This site is optimized with the Yoast SEO plugin v21.4 - https:\/\/yoast.com\/wordpress\/plugins\/seo\/ -->\n<title>Metal Head Plastic Handle Men&#039;s Manual Razor Safety Razor - Guangzhou Weidi Technology Co.,Ltd<\/title>\n<meta name=\"description\" content=\"Double edge men&#039;s manual razor is made of metal head and plastic handle. Beard comb tooth design, making the shaving process smoother.\" \/>\n<meta name=\"robots\" content=\"index, follow, max-snippet:-1, max-image-preview:large, max-video-preview:-1\" \/>\n<link rel=\"canonical\" href=\"https:\/\/www.bailishaver.com\/es\/producto\/metal-head-plastic-handle-mens-manual-razor-safety-razor\/\" \/>\n<meta property=\"og:locale\" content=\"es_ES\" \/>\n<meta property=\"og:type\" content=\"article\" \/>\n<meta property=\"og:title\" content=\"Metal Head Plastic Handle Men&#039;s Manual Razor Safety Razor - Guangzhou Weidi Technology Co.,Ltd\" \/>\n<meta property=\"og:description\" content=\"Double edge men&#039;s manual razor is made of metal head and plastic handle. Beard comb tooth design, making the shaving process smoother.\" \/>\n<meta property=\"og:url\" content=\"https:\/\/www.bailishaver.com\/es\/producto\/metal-head-plastic-handle-mens-manual-razor-safety-razor\/\" \/>\n<meta property=\"og:site_name\" content=\"Guangzhou Weidi Technology Co.,Ltd\" \/>\n<meta property=\"article:modified_time\" content=\"2024-02-28T08:51:35+00:00\" \/>\n<meta property=\"og:image\" content=\"https:\/\/www.bailishaver.com\/wp-content\/uploads\/2023\/11\/Metal_Head_Plastic_Handle_Mens_Manual_Razor_Safety_Razor_01.webp\" \/>\n\t<meta property=\"og:image:width\" content=\"800\" \/>\n\t<meta property=\"og:image:height\" content=\"800\" \/>\n\t<meta property=\"og:image:type\" content=\"image\/webp\" \/>\n<meta name=\"twitter:card\" content=\"summary_large_image\" \/>\n<meta name=\"twitter:label1\" content=\"Tiempo de lectura\" \/>\n\t<meta name=\"twitter:data1\" content=\"2 minutos\" \/>\n<script type=\"application\/ld+json\" class=\"yoast-schema-graph\">{\"@context\":\"https:\/\/schema.org\",\"@graph\":[{\"@type\":\"WebPage\",\"@id\":\"https:\/\/www.bailishaver.com\/product\/metal-head-plastic-handle-mens-manual-razor-safety-razor\/\",\"url\":\"https:\/\/www.bailishaver.com\/product\/metal-head-plastic-handle-mens-manual-razor-safety-razor\/\",\"name\":\"Metal Head Plastic Handle Men's Manual Razor Safety Razor - Guangzhou Weidi Technology Co.,Ltd\",\"isPartOf\":{\"@id\":\"https:\/\/www.bailishaver.com\/#website\"},\"datePublished\":\"2023-09-22T07:57:13+00:00\",\"dateModified\":\"2024-02-28T08:51:35+00:00\",\"description\":\"Double edge men's manual razor is made of metal head and plastic handle. Beard comb tooth design, making the shaving process smoother.\",\"breadcrumb\":{\"@id\":\"https:\/\/www.bailishaver.com\/product\/metal-head-plastic-handle-mens-manual-razor-safety-razor\/#breadcrumb\"},\"inLanguage\":\"es\",\"potentialAction\":[{\"@type\":\"ReadAction\",\"target\":[\"https:\/\/www.bailishaver.com\/product\/metal-head-plastic-handle-mens-manual-razor-safety-razor\/\"]}]},{\"@type\":\"BreadcrumbList\",\"@id\":\"https:\/\/www.bailishaver.com\/product\/metal-head-plastic-handle-mens-manual-razor-safety-razor\/#breadcrumb\",\"itemListElement\":[{\"@type\":\"ListItem\",\"position\":1,\"name\":\"HOME\",\"item\":\"https:\/\/www.bailishaver.com\/\"},{\"@type\":\"ListItem\",\"position\":2,\"name\":\"Product\",\"item\":\"https:\/\/www.bailishaver.com\/product\/\"},{\"@type\":\"ListItem\",\"position\":3,\"name\":\"Metal Head Plastic Handle Men&#8217;s Manual Razor Safety Razor\"}]},{\"@type\":\"WebSite\",\"@id\":\"https:\/\/www.bailishaver.com\/#website\",\"url\":\"https:\/\/www.bailishaver.com\/\",\"name\":\"Guangzhou Weidi Technology Co.,Ltd\",\"description\":\"system razors, lady razors, shaving kits, blade and refill, disposable razor, shaving , accessories, etc.\",\"potentialAction\":[{\"@type\":\"SearchAction\",\"target\":{\"@type\":\"EntryPoint\",\"urlTemplate\":\"https:\/\/www.bailishaver.com\/?s={search_term_string}\"},\"query-input\":\"required name=search_term_string\"}],\"inLanguage\":\"es\"}]}<\/script>\n<!-- \/ Yoast SEO plugin. -->","yoast_head_json":{"title":"Metal Head Plastic Handle Men's Manual Razor Safety Razor - Guangzhou Weidi Technology Co.,Ltd","description":"Double edge men's manual razor is made of metal head and plastic handle. Beard comb tooth design, making the shaving process smoother.","robots":{"index":"index","follow":"follow","max-snippet":"max-snippet:-1","max-image-preview":"max-image-preview:large","max-video-preview":"max-video-preview:-1"},"canonical":"https:\/\/www.bailishaver.com\/es\/producto\/metal-head-plastic-handle-mens-manual-razor-safety-razor\/","og_locale":"es_ES","og_type":"article","og_title":"Metal Head Plastic Handle Men's Manual Razor Safety Razor - Guangzhou Weidi Technology Co.,Ltd","og_description":"Double edge men's manual razor is made of metal head and plastic handle. Beard comb tooth design, making the shaving process smoother.","og_url":"https:\/\/www.bailishaver.com\/es\/producto\/metal-head-plastic-handle-mens-manual-razor-safety-razor\/","og_site_name":"Guangzhou Weidi Technology Co.,Ltd","article_modified_time":"2024-02-28T08:51:35+00:00","og_image":[{"width":800,"height":800,"url":"https:\/\/www.bailishaver.com\/wp-content\/uploads\/2023\/11\/Metal_Head_Plastic_Handle_Mens_Manual_Razor_Safety_Razor_01.webp","type":"image\/webp"}],"twitter_card":"summary_large_image","twitter_misc":{"Tiempo de lectura":"2 minutos"},"schema":{"@context":"https:\/\/schema.org","@graph":[{"@type":"WebPage","@id":"https:\/\/www.bailishaver.com\/product\/metal-head-plastic-handle-mens-manual-razor-safety-razor\/","url":"https:\/\/www.bailishaver.com\/product\/metal-head-plastic-handle-mens-manual-razor-safety-razor\/","name":"Metal Head Plastic Handle Men's Manual Razor Safety Razor - Guangzhou Weidi Technology Co.,Ltd","isPartOf":{"@id":"https:\/\/www.bailishaver.com\/#website"},"datePublished":"2023-09-22T07:57:13+00:00","dateModified":"2024-02-28T08:51:35+00:00","description":"Double edge men's manual razor is made of metal head and plastic handle. Beard comb tooth design, making the shaving process smoother.","breadcrumb":{"@id":"https:\/\/www.bailishaver.com\/product\/metal-head-plastic-handle-mens-manual-razor-safety-razor\/#breadcrumb"},"inLanguage":"es","potentialAction":[{"@type":"ReadAction","target":["https:\/\/www.bailishaver.com\/product\/metal-head-plastic-handle-mens-manual-razor-safety-razor\/"]}]},{"@type":"BreadcrumbList","@id":"https:\/\/www.bailishaver.com\/product\/metal-head-plastic-handle-mens-manual-razor-safety-razor\/#breadcrumb","itemListElement":[{"@type":"ListItem","position":1,"name":"HOME","item":"https:\/\/www.bailishaver.com\/"},{"@type":"ListItem","position":2,"name":"Product","item":"https:\/\/www.bailishaver.com\/product\/"},{"@type":"ListItem","position":3,"name":"Metal Head Plastic Handle Men&#8217;s Manual Razor Safety Razor"}]},{"@type":"WebSite","@id":"https:\/\/www.bailishaver.com\/#website","url":"https:\/\/www.bailishaver.com\/","name":"Guangzhou Weidi Technology Co.,Ltd","description":"system razors, lady razors, shaving kits, blade and refill, disposable razor, shaving , accessories, etc.","potentialAction":[{"@type":"SearchAction","target":{"@type":"EntryPoint","urlTemplate":"https:\/\/www.bailishaver.com\/?s={search_term_string}"},"query-input":"required name=search_term_string"}],"inLanguage":"es"}]}},"_links":{"self":[{"href":"https:\/\/www.bailishaver.com\/es\/wp-json\/wp\/v2\/product\/228079"}],"collection":[{"href":"https:\/\/www.bailishaver.com\/es\/wp-json\/wp\/v2\/product"}],"about":[{"href":"https:\/\/www.bailishaver.com\/es\/wp-json\/wp\/v2\/types\/product"}],"replies":[{"embeddable":true,"href":"https:\/\/www.bailishaver.com\/es\/wp-json\/wp\/v2\/comments?post=228079"}],"version-history":[{"count":2,"href":"https:\/\/www.bailishaver.com\/es\/wp-json\/wp\/v2\/product\/228079\/revisions"}],"predecessor-version":[{"id":231569,"href":"https:\/\/www.bailishaver.com\/es\/wp-json\/wp\/v2\/product\/228079\/revisions\/231569"}],"wp:featuredmedia":[{"embeddable":true,"href":"https:\/\/www.bailishaver.com\/es\/wp-json\/wp\/v2\/media\/229593"}],"wp:attachment":[{"href":"https:\/\/www.bailishaver.com\/es\/wp-json\/wp\/v2\/media?parent=228079"}],"wp:term":[{"taxonomy":"product_cat","embeddable":true,"href":"https:\/\/www.bailishaver.com\/es\/wp-json\/wp\/v2\/product_cat?post=228079"},{"taxonomy":"product_tag","embeddable":true,"href":"https:\/\/www.bailishaver.com\/es\/wp-json\/wp\/v2\/product_tag?post=228079"}],"curies":[{"name":"wp","href":"https:\/\/api.w.org\/{rel}","templated":true}]}}