{"id":234075,"date":"2025-03-04T10:58:14","date_gmt":"2025-03-04T02:58:14","guid":{"rendered":"https:\/\/bailishaver.com\/?post_type=product&#038;p=234075"},"modified":"2025-03-04T12:08:35","modified_gmt":"2025-03-04T04:08:35","slug":"dual-open-comb-wet-shave-men-shaving-kit","status":"publish","type":"product","link":"https:\/\/www.bailishaver.com\/de\/produkt\/dual-open-comb-wet-shave-men-shaving-kit\/","title":{"rendered":"Dual Open Comb Wet Shave Men Shaving Kit"},"content":{"rendered":"<div data-elementor-type=\"product-post\" data-elementor-id=\"234075\" class=\"elementor elementor-234075\" data-elementor-post-type=\"product\">\n\t\t\t\t\t\t\t\t\t<section class=\"wd-negative-gap elementor-section elementor-top-section elementor-element elementor-element-7a99fd6f elementor-section-content-middle elementor-section-boxed elementor-section-height-default elementor-section-height-default wd-section-disabled\" data-id=\"7a99fd6f\" data-element_type=\"section\">\n\t\t\t\t\t\t<div class=\"elementor-container elementor-column-gap-default\">\n\t\t\t\t\t<div class=\"elementor-column elementor-col-50 elementor-top-column elementor-element elementor-element-2f4a9c04\" data-id=\"2f4a9c04\" data-element_type=\"column\">\n\t\t\t<div class=\"elementor-widget-wrap elementor-element-populated\">\n\t\t\t\t\t\t\t\t<div class=\"elementor-element elementor-element-369cf2f9 elementor-widget elementor-widget-wd_text_block\" data-id=\"369cf2f9\" data-element_type=\"widget\" data-widget_type=\"wd_text_block.default\">\n\t\t\t\t<div class=\"elementor-widget-container\">\n\t\t\t\t\t<div class=\"wd-text-block reset-last-child text-left color-title\">\n\t\t\t\n\t\t\t<p>Model: BRB3Q<\/p><p>Rasierkopf: Doppelschneidiger Rasierkopf<\/p><p>Gr\u00f6\u00dfe des Rasiersets: 73,5 x 147,5 x 30,5 mm<\/p><p>Shaving Kit Weight: 143.5g<\/p><p>Material: Zinklegierung + Edelstahl<\/p><p>Eigenschaften: Waschbar, wiederverwendbar, wasserdicht, rostfrei<\/p>\n\t\t\t\t\t<\/div>\n\t\t\t\t<\/div>\n\t\t\t\t<\/div>\n\t\t\t\t\t<\/div>\n\t\t<\/div>\n\t\t\t\t<div class=\"elementor-column elementor-col-50 elementor-top-column elementor-element elementor-element-6fda1822\" data-id=\"6fda1822\" data-element_type=\"column\">\n\t\t\t<div class=\"elementor-widget-wrap elementor-element-populated\">\n\t\t\t\t\t\t\t\t<div class=\"elementor-element elementor-element-3c76e0ea elementor-widget elementor-widget-wd_image_or_svg\" data-id=\"3c76e0ea\" data-element_type=\"widget\" data-widget_type=\"wd_image_or_svg.default\">\n\t\t\t\t<div class=\"elementor-widget-container\">\n\t\t\t\n\t\t<div class=\"wd-image text-left\">\n\t\t\t\t\t\t\t\t<img fetchpriority=\"high\" decoding=\"async\" width=\"1334\" height=\"1334\" src=\"https:\/\/www.bailishaver.com\/wp-content\/uploads\/2025\/03\/Dual_Open_Comb_Wet_Shave_Men_Shaving_Kit_details_01.webp\" class=\"attachment-full size-full wp-image-234071\" alt=\"\" srcset=\"https:\/\/www.bailishaver.com\/wp-content\/uploads\/2025\/03\/Dual_Open_Comb_Wet_Shave_Men_Shaving_Kit_details_01.webp 1334w, https:\/\/www.bailishaver.com\/wp-content\/uploads\/2025\/03\/Dual_Open_Comb_Wet_Shave_Men_Shaving_Kit_details_01-300x300.webp 300w, https:\/\/www.bailishaver.com\/wp-content\/uploads\/2025\/03\/Dual_Open_Comb_Wet_Shave_Men_Shaving_Kit_details_01-1024x1024.webp 1024w, https:\/\/www.bailishaver.com\/wp-content\/uploads\/2025\/03\/Dual_Open_Comb_Wet_Shave_Men_Shaving_Kit_details_01-150x150.webp 150w, https:\/\/www.bailishaver.com\/wp-content\/uploads\/2025\/03\/Dual_Open_Comb_Wet_Shave_Men_Shaving_Kit_details_01-768x768.webp 768w, https:\/\/www.bailishaver.com\/wp-content\/uploads\/2025\/03\/Dual_Open_Comb_Wet_Shave_Men_Shaving_Kit_details_01-12x12.webp 12w\" sizes=\"(max-width: 1334px) 100vw, 1334px\" \/>\t\t\t\t\t<\/div>\n\n\t\t\t\t<\/div>\n\t\t\t\t<\/div>\n\t\t\t\t\t<\/div>\n\t\t<\/div>\n\t\t\t\t\t\t\t<\/div>\n\t\t<\/section>\n\t\t\t\t<section class=\"wd-negative-gap elementor-section elementor-top-section elementor-element elementor-element-617b46db elementor-section-content-middle elementor-section-boxed elementor-section-height-default elementor-section-height-default wd-section-disabled\" data-id=\"617b46db\" data-element_type=\"section\">\n\t\t\t\t\t\t<div class=\"elementor-container elementor-column-gap-default\">\n\t\t\t\t\t<div class=\"elementor-column elementor-col-50 elementor-top-column elementor-element elementor-element-7e78621e\" data-id=\"7e78621e\" data-element_type=\"column\">\n\t\t\t<div class=\"elementor-widget-wrap elementor-element-populated\">\n\t\t\t\t\t\t\t\t<div class=\"elementor-element elementor-element-4975e1a elementor-hidden-desktop elementor-hidden-tablet elementor-widget elementor-widget-wd_text_block\" data-id=\"4975e1a\" data-element_type=\"widget\" data-widget_type=\"wd_text_block.default\">\n\t\t\t\t<div class=\"elementor-widget-container\">\n\t\t\t\t\t<div class=\"wd-text-block reset-last-child text-left color-title\">\n\t\t\t\n\t\t\t<p>*Verbesserte Klingenfreilegung f\u00fcr aggressives Rasieren, geeignet f\u00fcr lange, kurze, dicke B\u00e4rte und harte Stoppeln;<\/p><p>*Verbesserter Rasierkopf mit Sicherheitsschutz und dickeren Positionierungss\u00e4ulen f\u00fcr eine pr\u00e4zise Klingenausrichtung, die eine gleichm\u00e4\u00dfige und komfortable Rasur gew\u00e4hrleistet;<\/p><p>*Dual open comb razor head design for more skin contact, effectively increasing shaving efficiency;<\/p><p>*Konzipiert f\u00fcr die aufrechte Aufstellung, was einen schnellen Wasserabfluss und eine hygienische Lagerung erm\u00f6glicht;<\/p><p>*Raffinierte rutschfeste Textur mit sorgf\u00e4ltiger Handwerkskunst.<\/p>\n\t\t\t\t\t<\/div>\n\t\t\t\t<\/div>\n\t\t\t\t<\/div>\n\t\t\t\t<div class=\"elementor-element elementor-element-53322fc2 elementor-widget elementor-widget-wd_image_or_svg\" data-id=\"53322fc2\" data-element_type=\"widget\" data-widget_type=\"wd_image_or_svg.default\">\n\t\t\t\t<div class=\"elementor-widget-container\">\n\t\t\t\n\t\t<div class=\"wd-image text-left\">\n\t\t\t\t\t\t\t\t<img decoding=\"async\" width=\"800\" height=\"800\" src=\"https:\/\/www.bailishaver.com\/wp-content\/uploads\/2025\/03\/Dual_Open_Comb_Wet_Shave_Men_Shaving_Kit_details_02.webp\" class=\"attachment-full size-full wp-image-234072\" alt=\"\" srcset=\"https:\/\/www.bailishaver.com\/wp-content\/uploads\/2025\/03\/Dual_Open_Comb_Wet_Shave_Men_Shaving_Kit_details_02.webp 800w, https:\/\/www.bailishaver.com\/wp-content\/uploads\/2025\/03\/Dual_Open_Comb_Wet_Shave_Men_Shaving_Kit_details_02-300x300.webp 300w, https:\/\/www.bailishaver.com\/wp-content\/uploads\/2025\/03\/Dual_Open_Comb_Wet_Shave_Men_Shaving_Kit_details_02-150x150.webp 150w, https:\/\/www.bailishaver.com\/wp-content\/uploads\/2025\/03\/Dual_Open_Comb_Wet_Shave_Men_Shaving_Kit_details_02-768x768.webp 768w, https:\/\/www.bailishaver.com\/wp-content\/uploads\/2025\/03\/Dual_Open_Comb_Wet_Shave_Men_Shaving_Kit_details_02-12x12.webp 12w\" sizes=\"(max-width: 800px) 100vw, 800px\" \/>\t\t\t\t\t<\/div>\n\n\t\t\t\t<\/div>\n\t\t\t\t<\/div>\n\t\t\t\t\t<\/div>\n\t\t<\/div>\n\t\t\t\t<div class=\"elementor-column elementor-col-50 elementor-top-column elementor-element elementor-element-45c61e1e\" data-id=\"45c61e1e\" data-element_type=\"column\">\n\t\t\t<div class=\"elementor-widget-wrap elementor-element-populated\">\n\t\t\t\t\t\t\t\t<div class=\"elementor-element elementor-element-766a2a47 elementor-hidden-mobile elementor-widget elementor-widget-wd_text_block\" data-id=\"766a2a47\" data-element_type=\"widget\" data-widget_type=\"wd_text_block.default\">\n\t\t\t\t<div class=\"elementor-widget-container\">\n\t\t\t\t\t<div class=\"wd-text-block reset-last-child text-left color-title\">\n\t\t\t\n\t\t\t<p>*Verbesserte Klingenfreilegung f\u00fcr aggressives Rasieren, geeignet f\u00fcr lange, kurze, dicke B\u00e4rte und harte Stoppeln;<\/p><p>*Verbesserter Rasierkopf mit Sicherheitsschutz und dickeren Positionierungss\u00e4ulen f\u00fcr eine pr\u00e4zise Klingenausrichtung, die eine gleichm\u00e4\u00dfige und komfortable Rasur gew\u00e4hrleistet;<\/p><p>*Dual open comb razor head design for more skin contact, effectively increasing shaving efficiency;<\/p><p>*Konzipiert f\u00fcr die aufrechte Aufstellung, was einen schnellen Wasserabfluss und eine hygienische Lagerung erm\u00f6glicht;<\/p><p>*Raffinierte rutschfeste Textur mit sorgf\u00e4ltiger Handwerkskunst.<\/p>\n\t\t\t\t\t<\/div>\n\t\t\t\t<\/div>\n\t\t\t\t<\/div>\n\t\t\t\t\t<\/div>\n\t\t<\/div>\n\t\t\t\t\t\t\t<\/div>\n\t\t<\/section>\n\t\t\t\t<section class=\"wd-negative-gap elementor-section elementor-top-section elementor-element elementor-element-77b91f55 elementor-section-content-middle elementor-section-boxed elementor-section-height-default elementor-section-height-default wd-section-disabled\" data-id=\"77b91f55\" data-element_type=\"section\">\n\t\t\t\t\t\t<div class=\"elementor-container elementor-column-gap-default\">\n\t\t\t\t\t<div class=\"elementor-column elementor-col-50 elementor-top-column elementor-element elementor-element-7da12ade\" data-id=\"7da12ade\" data-element_type=\"column\">\n\t\t\t<div class=\"elementor-widget-wrap elementor-element-populated\">\n\t\t\t\t\t\t\t\t<div class=\"elementor-element elementor-element-27b0a0be elementor-widget elementor-widget-wd_text_block\" data-id=\"27b0a0be\" data-element_type=\"widget\" data-widget_type=\"wd_text_block.default\">\n\t\t\t\t<div class=\"elementor-widget-container\">\n\t\t\t\t\t<div class=\"wd-text-block reset-last-child text-left color-title\">\n\t\t\t\n\t\t\t<p><b>The shaving kit comes with a razor, 5 blades and box.<\/b><\/p><p><strong>Uses:<\/strong><br \/><strong>Barber Shops:<\/strong> A great addition to barbers\u2019 tools offering quality service to clients;<br \/><strong>Gift Items:<\/strong> The stylish packaging makes it a perfect gift for special occasions such as Father's Day, birthdays, or anniversaries;<br \/><strong>Travel:<\/strong> Compact and durable, perfect for travelers looking to maintain grooming standards on the go.<\/p>\n\t\t\t\t\t<\/div>\n\t\t\t\t<\/div>\n\t\t\t\t<\/div>\n\t\t\t\t\t<\/div>\n\t\t<\/div>\n\t\t\t\t<div class=\"elementor-column elementor-col-50 elementor-top-column elementor-element elementor-element-387d1319\" data-id=\"387d1319\" data-element_type=\"column\">\n\t\t\t<div class=\"elementor-widget-wrap elementor-element-populated\">\n\t\t\t\t\t\t\t\t<div class=\"elementor-element elementor-element-65f86a31 elementor-widget elementor-widget-wd_image_or_svg\" data-id=\"65f86a31\" data-element_type=\"widget\" data-widget_type=\"wd_image_or_svg.default\">\n\t\t\t\t<div class=\"elementor-widget-container\">\n\t\t\t\n\t\t<div class=\"wd-image text-left\">\n\t\t\t\t\t\t\t\t<img decoding=\"async\" width=\"800\" height=\"800\" src=\"https:\/\/www.bailishaver.com\/wp-content\/uploads\/2025\/03\/Dual_Open_Comb_Wet_Shave_Men_Shaving_Kit_details_03.webp\" class=\"attachment-full size-full wp-image-234073\" alt=\"\" srcset=\"https:\/\/www.bailishaver.com\/wp-content\/uploads\/2025\/03\/Dual_Open_Comb_Wet_Shave_Men_Shaving_Kit_details_03.webp 800w, https:\/\/www.bailishaver.com\/wp-content\/uploads\/2025\/03\/Dual_Open_Comb_Wet_Shave_Men_Shaving_Kit_details_03-300x300.webp 300w, https:\/\/www.bailishaver.com\/wp-content\/uploads\/2025\/03\/Dual_Open_Comb_Wet_Shave_Men_Shaving_Kit_details_03-150x150.webp 150w, https:\/\/www.bailishaver.com\/wp-content\/uploads\/2025\/03\/Dual_Open_Comb_Wet_Shave_Men_Shaving_Kit_details_03-768x768.webp 768w, https:\/\/www.bailishaver.com\/wp-content\/uploads\/2025\/03\/Dual_Open_Comb_Wet_Shave_Men_Shaving_Kit_details_03-12x12.webp 12w\" sizes=\"(max-width: 800px) 100vw, 800px\" \/>\t\t\t\t\t<\/div>\n\n\t\t\t\t<\/div>\n\t\t\t\t<\/div>\n\t\t\t\t\t<\/div>\n\t\t<\/div>\n\t\t\t\t\t\t\t<\/div>\n\t\t<\/section>\n\t\t\t\t<section class=\"wd-negative-gap elementor-section elementor-top-section elementor-element elementor-element-11de899 elementor-section-boxed elementor-section-height-default elementor-section-height-default wd-section-disabled\" data-id=\"11de899\" data-element_type=\"section\">\n\t\t\t\t\t\t<div class=\"elementor-container elementor-column-gap-default\">\n\t\t\t\t\t<div class=\"elementor-column elementor-col-100 elementor-top-column elementor-element elementor-element-3ccb3692\" data-id=\"3ccb3692\" data-element_type=\"column\">\n\t\t\t<div class=\"elementor-widget-wrap elementor-element-populated\">\n\t\t\t\t\t\t\t\t<div class=\"elementor-element elementor-element-36272487 elementor-widget elementor-widget-accordion\" data-id=\"36272487\" data-element_type=\"widget\" data-widget_type=\"accordion.default\">\n\t\t\t\t<div class=\"elementor-widget-container\">\n\t\t\t<style>\/*! elementor - v3.18.0 - 20-12-2023 *\/\n.elementor-accordion{text-align:left}.elementor-accordion .elementor-accordion-item{border:1px solid #d5d8dc}.elementor-accordion .elementor-accordion-item+.elementor-accordion-item{border-top:none}.elementor-accordion .elementor-tab-title{margin:0;padding:15px 20px;font-weight:700;line-height:1;cursor:pointer;outline:none}.elementor-accordion .elementor-tab-title .elementor-accordion-icon{display:inline-block;width:1.5em}.elementor-accordion .elementor-tab-title .elementor-accordion-icon svg{width:1em;height:1em}.elementor-accordion .elementor-tab-title .elementor-accordion-icon.elementor-accordion-icon-right{float:right;text-align:right}.elementor-accordion .elementor-tab-title .elementor-accordion-icon.elementor-accordion-icon-left{float:left;text-align:left}.elementor-accordion .elementor-tab-title .elementor-accordion-icon .elementor-accordion-icon-closed{display:block}.elementor-accordion .elementor-tab-title .elementor-accordion-icon .elementor-accordion-icon-opened,.elementor-accordion .elementor-tab-title.elementor-active .elementor-accordion-icon-closed{display:none}.elementor-accordion .elementor-tab-title.elementor-active .elementor-accordion-icon-opened{display:block}.elementor-accordion .elementor-tab-content{display:none;padding:15px 20px;border-top:1px solid #d5d8dc}@media (max-width:767px){.elementor-accordion .elementor-tab-title{padding:12px 15px}.elementor-accordion .elementor-tab-title .elementor-accordion-icon{width:1.2em}.elementor-accordion .elementor-tab-content{padding:7px 15px}}.e-con-inner>.elementor-widget-accordion,.e-con>.elementor-widget-accordion{width:var(--container-widget-width);--flex-grow:var(--container-widget-flex-grow)}<\/style>\t\t<div class=\"elementor-accordion\">\n\t\t\t\t\t\t\t<div class=\"elementor-accordion-item\">\n\t\t\t\t\t<div id=\"elementor-tab-title-9081\" class=\"elementor-tab-title\" data-tab=\"1\" role=\"button\" aria-controls=\"elementor-tab-content-9081\" aria-expanded=\"false\">\n\t\t\t\t\t\t\t\t\t\t\t\t\t<span class=\"elementor-accordion-icon elementor-accordion-icon-left\" aria-hidden=\"true\">\n\t\t\t\t\t\t\t\t\t\t\t\t\t\t\t<span class=\"elementor-accordion-icon-closed\"><i class=\"fas fa-caret-down\"><\/i><\/span>\n\t\t\t\t\t\t\t\t<span class=\"elementor-accordion-icon-opened\"><i class=\"fas fa-caret-up\"><\/i><\/span>\n\t\t\t\t\t\t\t\t\t\t\t\t\t\t<\/span>\n\t\t\t\t\t\t\t\t\t\t\t\t<a class=\"elementor-accordion-title\" tabindex=\"0\">Paket<\/a>\n\t\t\t\t\t<\/div>\n\t\t\t\t\t<div id=\"elementor-tab-content-9081\" class=\"elementor-tab-content elementor-clearfix\" data-tab=\"1\" role=\"region\" aria-labelledby=\"elementor-tab-title-9081\"><table><tbody><tr><td>Produkt<\/td><td>Stck<\/td><td>Paket<\/td><td>Gr\u00f6\u00dfe<\/td><td>Bruttogewicht<\/td><\/tr><tr><td rowspan=\"2\">BRB3Q<\/td><td class=\"et4\">1<\/td><td class=\"et4\">Opp Beutel<\/td><td class=\"et4\">73,5\u00d7147,5\u00d730,5mm<\/td><td class=\"et4\">143.5g<\/td><\/tr><tr><td>60<\/td><td>Karton<\/td><td>310\u00d7305\u00d7325mm<\/td><td>11.96kg<\/td><\/tr><\/tbody><\/table><\/div>\n\t\t\t\t<\/div>\n\t\t\t\t\t\t\t<div class=\"elementor-accordion-item\">\n\t\t\t\t\t<div id=\"elementor-tab-title-9082\" class=\"elementor-tab-title\" data-tab=\"2\" role=\"button\" aria-controls=\"elementor-tab-content-9082\" aria-expanded=\"false\">\n\t\t\t\t\t\t\t\t\t\t\t\t\t<span class=\"elementor-accordion-icon elementor-accordion-icon-left\" aria-hidden=\"true\">\n\t\t\t\t\t\t\t\t\t\t\t\t\t\t\t<span class=\"elementor-accordion-icon-closed\"><i class=\"fas fa-caret-down\"><\/i><\/span>\n\t\t\t\t\t\t\t\t<span class=\"elementor-accordion-icon-opened\"><i class=\"fas fa-caret-up\"><\/i><\/span>\n\t\t\t\t\t\t\t\t\t\t\t\t\t\t<\/span>\n\t\t\t\t\t\t\t\t\t\t\t\t<a class=\"elementor-accordion-title\" tabindex=\"0\"> Versand<\/a>\n\t\t\t\t\t<\/div>\n\t\t\t\t\t<div id=\"elementor-tab-content-9082\" class=\"elementor-tab-content elementor-clearfix\" data-tab=\"2\" role=\"region\" aria-labelledby=\"elementor-tab-title-9082\"><p>Musterbestellungen k\u00f6nnen innerhalb von 3\u20137 Tagen versandt werden;<br \/>Die Produktion von Gro\u00dfbestellungen oder kundenspezifischen Bestellungen dauert 15\u201330 Tage.<\/p><\/div>\n\t\t\t\t<\/div>\n\t\t\t\t\t\t\t\t<\/div>\n\t\t\t\t<\/div>\n\t\t\t\t<\/div>\n\t\t\t\t\t<\/div>\n\t\t<\/div>\n\t\t\t\t\t\t\t<\/div>\n\t\t<\/section>\n\t\t\t\t\t\t\t<\/div>","protected":false},"excerpt":{"rendered":"<p><strong>Model: BRB3Q<\/strong><\/p>\n<div class=\"DescriptionImg\">\n<div class=\"image-box\">\n<p><img decoding=\"async\" src=\"https:\/\/bailishaver.com\/wp-content\/uploads\/2023\/09\/Non-slip-Handle.png\" alt=\"Image1\" \/><\/p>\n<div class=\"caption\">Rutschfester Griff<\/div>\n<\/div>\n<div class=\"image-box\">\n<p><img decoding=\"async\" src=\"https:\/\/bailishaver.com\/wp-content\/uploads\/2023\/11\/Dual_Open_Comb.webp\" alt=\"Image2\" \/><\/p>\n<div class=\"caption\">Doppelter offener Kamm<\/div>\n<\/div>\n<div class=\"image-box\">\n<p><img decoding=\"async\" src=\"https:\/\/bailishaver.com\/wp-content\/uploads\/2024\/02\/Exquisite_Gift_Box_Icon.webp\" alt=\"Image3\" \/><\/p>\n<div class=\"caption\">Exquisite Geschenkbox<\/div>\n<\/div>\n<\/div>","protected":false},"featured_media":234074,"comment_status":"open","ping_status":"closed","template":"","meta":[],"product_cat":[71,34],"product_tag":[],"yoast_head":"<!-- This site is optimized with the Yoast SEO plugin v21.4 - https:\/\/yoast.com\/wordpress\/plugins\/seo\/ -->\n<title>Dual Open Comb Wet Shave Men Shaving Kit<\/title>\n<meta name=\"description\" content=\"Men shaving kit ideal for daily shaving routines for men and women. Suitable for barber shops, travel and gift. Provide discounts on bulk purchases.\" \/>\n<meta name=\"robots\" content=\"index, follow, max-snippet:-1, max-image-preview:large, max-video-preview:-1\" \/>\n<link rel=\"canonical\" href=\"https:\/\/www.bailishaver.com\/de\/produkt\/dual-open-comb-wet-shave-men-shaving-kit\/\" \/>\n<meta property=\"og:locale\" content=\"de_DE\" \/>\n<meta property=\"og:type\" content=\"article\" \/>\n<meta property=\"og:title\" content=\"Dual Open Comb Wet Shave Men Shaving Kit\" \/>\n<meta property=\"og:description\" content=\"Men shaving kit ideal for daily shaving routines for men and women. Suitable for barber shops, travel and gift. Provide discounts on bulk purchases.\" \/>\n<meta property=\"og:url\" content=\"https:\/\/www.bailishaver.com\/de\/produkt\/dual-open-comb-wet-shave-men-shaving-kit\/\" \/>\n<meta property=\"og:site_name\" content=\"Guangzhou Weidi Technology Co.,Ltd\" \/>\n<meta property=\"article:modified_time\" content=\"2025-03-04T04:08:35+00:00\" \/>\n<meta property=\"og:image\" content=\"https:\/\/www.bailishaver.com\/wp-content\/uploads\/2025\/03\/Dual_Open_Comb_Wet_Shave_Men_Shaving_Kit_01.webp\" \/>\n\t<meta property=\"og:image:width\" content=\"1334\" \/>\n\t<meta property=\"og:image:height\" content=\"1334\" \/>\n\t<meta property=\"og:image:type\" content=\"image\/webp\" \/>\n<meta name=\"twitter:card\" content=\"summary_large_image\" \/>\n<script type=\"application\/ld+json\" class=\"yoast-schema-graph\">{\"@context\":\"https:\/\/schema.org\",\"@graph\":[{\"@type\":\"WebPage\",\"@id\":\"https:\/\/www.bailishaver.com\/product\/dual-open-comb-wet-shave-men-shaving-kit\/\",\"url\":\"https:\/\/www.bailishaver.com\/product\/dual-open-comb-wet-shave-men-shaving-kit\/\",\"name\":\"Dual Open Comb Wet Shave Men Shaving Kit\",\"isPartOf\":{\"@id\":\"https:\/\/www.bailishaver.com\/#website\"},\"datePublished\":\"2025-03-04T02:58:14+00:00\",\"dateModified\":\"2025-03-04T04:08:35+00:00\",\"description\":\"Men shaving kit ideal for daily shaving routines for men and women. Suitable for barber shops, travel and gift. Provide discounts on bulk purchases.\",\"breadcrumb\":{\"@id\":\"https:\/\/www.bailishaver.com\/product\/dual-open-comb-wet-shave-men-shaving-kit\/#breadcrumb\"},\"inLanguage\":\"de\",\"potentialAction\":[{\"@type\":\"ReadAction\",\"target\":[\"https:\/\/www.bailishaver.com\/product\/dual-open-comb-wet-shave-men-shaving-kit\/\"]}]},{\"@type\":\"BreadcrumbList\",\"@id\":\"https:\/\/www.bailishaver.com\/product\/dual-open-comb-wet-shave-men-shaving-kit\/#breadcrumb\",\"itemListElement\":[{\"@type\":\"ListItem\",\"position\":1,\"name\":\"HOME\",\"item\":\"https:\/\/www.bailishaver.com\/\"},{\"@type\":\"ListItem\",\"position\":2,\"name\":\"Product\",\"item\":\"https:\/\/www.bailishaver.com\/product\/\"},{\"@type\":\"ListItem\",\"position\":3,\"name\":\"Dual Open Comb Wet Shave Men Shaving Kit\"}]},{\"@type\":\"WebSite\",\"@id\":\"https:\/\/www.bailishaver.com\/#website\",\"url\":\"https:\/\/www.bailishaver.com\/\",\"name\":\"Guangzhou Weidi Technology Co.,Ltd\",\"description\":\"system razors, lady razors, shaving kits, blade and refill, disposable razor, shaving , accessories, etc.\",\"potentialAction\":[{\"@type\":\"SearchAction\",\"target\":{\"@type\":\"EntryPoint\",\"urlTemplate\":\"https:\/\/www.bailishaver.com\/?s={search_term_string}\"},\"query-input\":\"required name=search_term_string\"}],\"inLanguage\":\"de\"}]}<\/script>\n<!-- \/ Yoast SEO plugin. -->","yoast_head_json":{"title":"Dual Open Comb Wet Shave Men Shaving Kit","description":"Men shaving kit ideal for daily shaving routines for men and women. Suitable for barber shops, travel and gift. Provide discounts on bulk purchases.","robots":{"index":"index","follow":"follow","max-snippet":"max-snippet:-1","max-image-preview":"max-image-preview:large","max-video-preview":"max-video-preview:-1"},"canonical":"https:\/\/www.bailishaver.com\/de\/produkt\/dual-open-comb-wet-shave-men-shaving-kit\/","og_locale":"de_DE","og_type":"article","og_title":"Dual Open Comb Wet Shave Men Shaving Kit","og_description":"Men shaving kit ideal for daily shaving routines for men and women. Suitable for barber shops, travel and gift. Provide discounts on bulk purchases.","og_url":"https:\/\/www.bailishaver.com\/de\/produkt\/dual-open-comb-wet-shave-men-shaving-kit\/","og_site_name":"Guangzhou Weidi Technology Co.,Ltd","article_modified_time":"2025-03-04T04:08:35+00:00","og_image":[{"width":1334,"height":1334,"url":"https:\/\/www.bailishaver.com\/wp-content\/uploads\/2025\/03\/Dual_Open_Comb_Wet_Shave_Men_Shaving_Kit_01.webp","type":"image\/webp"}],"twitter_card":"summary_large_image","schema":{"@context":"https:\/\/schema.org","@graph":[{"@type":"WebPage","@id":"https:\/\/www.bailishaver.com\/product\/dual-open-comb-wet-shave-men-shaving-kit\/","url":"https:\/\/www.bailishaver.com\/product\/dual-open-comb-wet-shave-men-shaving-kit\/","name":"Dual Open Comb Wet Shave Men Shaving Kit","isPartOf":{"@id":"https:\/\/www.bailishaver.com\/#website"},"datePublished":"2025-03-04T02:58:14+00:00","dateModified":"2025-03-04T04:08:35+00:00","description":"Men shaving kit ideal for daily shaving routines for men and women. Suitable for barber shops, travel and gift. Provide discounts on bulk purchases.","breadcrumb":{"@id":"https:\/\/www.bailishaver.com\/product\/dual-open-comb-wet-shave-men-shaving-kit\/#breadcrumb"},"inLanguage":"de","potentialAction":[{"@type":"ReadAction","target":["https:\/\/www.bailishaver.com\/product\/dual-open-comb-wet-shave-men-shaving-kit\/"]}]},{"@type":"BreadcrumbList","@id":"https:\/\/www.bailishaver.com\/product\/dual-open-comb-wet-shave-men-shaving-kit\/#breadcrumb","itemListElement":[{"@type":"ListItem","position":1,"name":"HOME","item":"https:\/\/www.bailishaver.com\/"},{"@type":"ListItem","position":2,"name":"Product","item":"https:\/\/www.bailishaver.com\/product\/"},{"@type":"ListItem","position":3,"name":"Dual Open Comb Wet Shave Men Shaving Kit"}]},{"@type":"WebSite","@id":"https:\/\/www.bailishaver.com\/#website","url":"https:\/\/www.bailishaver.com\/","name":"Guangzhou Weidi Technology Co.,Ltd","description":"system razors, lady razors, shaving kits, blade and refill, disposable razor, shaving , accessories, etc.","potentialAction":[{"@type":"SearchAction","target":{"@type":"EntryPoint","urlTemplate":"https:\/\/www.bailishaver.com\/?s={search_term_string}"},"query-input":"required name=search_term_string"}],"inLanguage":"de"}]}},"_links":{"self":[{"href":"https:\/\/www.bailishaver.com\/de\/wp-json\/wp\/v2\/product\/234075"}],"collection":[{"href":"https:\/\/www.bailishaver.com\/de\/wp-json\/wp\/v2\/product"}],"about":[{"href":"https:\/\/www.bailishaver.com\/de\/wp-json\/wp\/v2\/types\/product"}],"replies":[{"embeddable":true,"href":"https:\/\/www.bailishaver.com\/de\/wp-json\/wp\/v2\/comments?post=234075"}],"version-history":[{"count":11,"href":"https:\/\/www.bailishaver.com\/de\/wp-json\/wp\/v2\/product\/234075\/revisions"}],"predecessor-version":[{"id":234087,"href":"https:\/\/www.bailishaver.com\/de\/wp-json\/wp\/v2\/product\/234075\/revisions\/234087"}],"wp:featuredmedia":[{"embeddable":true,"href":"https:\/\/www.bailishaver.com\/de\/wp-json\/wp\/v2\/media\/234074"}],"wp:attachment":[{"href":"https:\/\/www.bailishaver.com\/de\/wp-json\/wp\/v2\/media?parent=234075"}],"wp:term":[{"taxonomy":"product_cat","embeddable":true,"href":"https:\/\/www.bailishaver.com\/de\/wp-json\/wp\/v2\/product_cat?post=234075"},{"taxonomy":"product_tag","embeddable":true,"href":"https:\/\/www.bailishaver.com\/de\/wp-json\/wp\/v2\/product_tag?post=234075"}],"curies":[{"name":"wp","href":"https:\/\/api.w.org\/{rel}","templated":true}]}}