{"id":2331,"date":"2023-09-01T10:41:08","date_gmt":"2023-09-01T10:41:08","guid":{"rendered":"https:\/\/bailishaver.com\/?post_type=product&#038;p=2331"},"modified":"2023-11-15T16:57:04","modified_gmt":"2023-11-15T08:57:04","slug":"tale-classic-elegant-double-edge-safety-razor-for-men","status":"publish","type":"product","link":"https:\/\/www.bailishaver.com\/de\/produkt\/tale-classic-elegant-double-edge-safety-razor-for-men\/","title":{"rendered":"Tale Classic Elegant Double Edge Sicherheitsrasierer f\u00fcr M\u00e4nner"},"content":{"rendered":"<div data-elementor-type=\"product-post\" data-elementor-id=\"2331\" class=\"elementor elementor-2331\" data-elementor-post-type=\"product\">\n\t\t\t\t\t\t\t\t\t<section class=\"wd-negative-gap elementor-section elementor-top-section elementor-element elementor-element-264506 elementor-section-content-middle elementor-section-boxed elementor-section-height-default elementor-section-height-default wd-section-disabled\" data-id=\"264506\" data-element_type=\"section\">\n\t\t\t\t\t\t<div class=\"elementor-container elementor-column-gap-default\">\n\t\t\t\t\t<div class=\"elementor-column elementor-col-50 elementor-top-column elementor-element elementor-element-7e0551d0\" data-id=\"7e0551d0\" data-element_type=\"column\">\n\t\t\t<div class=\"elementor-widget-wrap elementor-element-populated\">\n\t\t\t\t\t\t\t\t<div class=\"elementor-element elementor-element-1bb5c719 elementor-widget elementor-widget-wd_text_block\" data-id=\"1bb5c719\" data-element_type=\"widget\" data-widget_type=\"wd_text_block.default\">\n\t\t\t\t<div class=\"elementor-widget-container\">\n\t\t\t\t\t<div class=\"wd-text-block reset-last-child text-left color-title\">\n\t\t\t\n\t\t\t<p>Modell: DB-B3D<br \/>Rasierkopf: Doppelschneidiger Rasierkopf<br \/>Rasierergr\u00f6\u00dfe: 45,5 x 26,2 x 96 mm<br \/>Gewicht des Rasierers: 74,6 g<br \/>Material: Zinklegierung<br \/>Eigenschaften: waschbar, wiederverwendbar, wasserdicht, rostfrei<\/p>\n\t\t\t\t\t<\/div>\n\t\t\t\t<\/div>\n\t\t\t\t<\/div>\n\t\t\t\t\t<\/div>\n\t\t<\/div>\n\t\t\t\t<div class=\"elementor-column elementor-col-50 elementor-top-column elementor-element elementor-element-55b34cf9\" data-id=\"55b34cf9\" data-element_type=\"column\">\n\t\t\t<div class=\"elementor-widget-wrap elementor-element-populated\">\n\t\t\t\t\t\t\t\t<div class=\"elementor-element elementor-element-7854c4e4 elementor-widget elementor-widget-wd_image_or_svg\" data-id=\"7854c4e4\" data-element_type=\"widget\" data-widget_type=\"wd_image_or_svg.default\">\n\t\t\t\t<div class=\"elementor-widget-container\">\n\t\t\t\n\t\t<div class=\"wd-image text-left\">\n\t\t\t\t\t\t\t\t<img fetchpriority=\"high\" decoding=\"async\" width=\"800\" height=\"800\" src=\"https:\/\/www.bailishaver.com\/wp-content\/uploads\/2023\/11\/Tale_Classic_Elegant_Double_Edge_Safety_Razor_for_Men_details_01.webp\" class=\"attachment-full size-full wp-image-229525\" alt=\"\" srcset=\"https:\/\/www.bailishaver.com\/wp-content\/uploads\/2023\/11\/Tale_Classic_Elegant_Double_Edge_Safety_Razor_for_Men_details_01.webp 800w, https:\/\/www.bailishaver.com\/wp-content\/uploads\/2023\/11\/Tale_Classic_Elegant_Double_Edge_Safety_Razor_for_Men_details_01-300x300.webp 300w, https:\/\/www.bailishaver.com\/wp-content\/uploads\/2023\/11\/Tale_Classic_Elegant_Double_Edge_Safety_Razor_for_Men_details_01-150x150.webp 150w, https:\/\/www.bailishaver.com\/wp-content\/uploads\/2023\/11\/Tale_Classic_Elegant_Double_Edge_Safety_Razor_for_Men_details_01-768x768.webp 768w, https:\/\/www.bailishaver.com\/wp-content\/uploads\/2023\/11\/Tale_Classic_Elegant_Double_Edge_Safety_Razor_for_Men_details_01-12x12.webp 12w\" sizes=\"(max-width: 800px) 100vw, 800px\" \/>\t\t\t\t\t<\/div>\n\n\t\t\t\t<\/div>\n\t\t\t\t<\/div>\n\t\t\t\t\t<\/div>\n\t\t<\/div>\n\t\t\t\t\t\t\t<\/div>\n\t\t<\/section>\n\t\t\t\t<section class=\"wd-negative-gap elementor-section elementor-top-section elementor-element elementor-element-f2cbbde elementor-section-content-middle elementor-section-boxed elementor-section-height-default elementor-section-height-default wd-section-disabled\" data-id=\"f2cbbde\" data-element_type=\"section\">\n\t\t\t\t\t\t<div class=\"elementor-container elementor-column-gap-default\">\n\t\t\t\t\t<div class=\"elementor-column elementor-col-50 elementor-top-column elementor-element elementor-element-1cfddc8e\" data-id=\"1cfddc8e\" data-element_type=\"column\">\n\t\t\t<div class=\"elementor-widget-wrap elementor-element-populated\">\n\t\t\t\t\t\t\t\t<div class=\"elementor-element elementor-element-0fc8471 elementor-hidden-desktop elementor-hidden-tablet elementor-widget elementor-widget-wd_text_block\" data-id=\"0fc8471\" data-element_type=\"widget\" data-widget_type=\"wd_text_block.default\">\n\t\t\t\t<div class=\"elementor-widget-container\">\n\t\t\t\t\t<div class=\"wd-text-block reset-last-child text-left color-title\">\n\t\t\t\n\t\t\t<p>*Mehr Sicherheit: Rasierkopf mit Sicherheitsschild, vollst\u00e4ndig abgedeckte Klingen auf beiden Seiten, vollst\u00e4ndig gesch\u00fctzte Klingen an vier Ecken;<\/p><p>*Mehr Vergn\u00fcgen: Das Mikrokamm-Design f\u00fchrt den unordentlichen Bart effizient;<\/p><p>*Mehr Sicherheit: vollst\u00e4ndig geschlossenes Schneidkantendesign, um ein Verkratzen der Haut von der Klinge zu vermeiden;<\/p><p>* Glatter: Die rostfreie Platinklinge verbessert Ihr Rasiererlebnis.<\/p>\n\t\t\t\t\t<\/div>\n\t\t\t\t<\/div>\n\t\t\t\t<\/div>\n\t\t\t\t<div class=\"elementor-element elementor-element-6dae354f elementor-widget elementor-widget-wd_image_or_svg\" data-id=\"6dae354f\" data-element_type=\"widget\" data-widget_type=\"wd_image_or_svg.default\">\n\t\t\t\t<div class=\"elementor-widget-container\">\n\t\t\t\n\t\t<div class=\"wd-image text-left\">\n\t\t\t\t\t\t\t\t<img decoding=\"async\" width=\"707\" height=\"567\" src=\"https:\/\/www.bailishaver.com\/wp-content\/uploads\/2023\/11\/Tale_Classic_Elegant_Double_Edge_Safety_Razor_for_Men_details_02.webp\" class=\"attachment-full size-full wp-image-229526\" alt=\"\" srcset=\"https:\/\/www.bailishaver.com\/wp-content\/uploads\/2023\/11\/Tale_Classic_Elegant_Double_Edge_Safety_Razor_for_Men_details_02.webp 707w, https:\/\/www.bailishaver.com\/wp-content\/uploads\/2023\/11\/Tale_Classic_Elegant_Double_Edge_Safety_Razor_for_Men_details_02-300x241.webp 300w, https:\/\/www.bailishaver.com\/wp-content\/uploads\/2023\/11\/Tale_Classic_Elegant_Double_Edge_Safety_Razor_for_Men_details_02-15x12.webp 15w, https:\/\/www.bailishaver.com\/wp-content\/uploads\/2023\/11\/Tale_Classic_Elegant_Double_Edge_Safety_Razor_for_Men_details_02-150x120.webp 150w\" sizes=\"(max-width: 707px) 100vw, 707px\" \/>\t\t\t\t\t<\/div>\n\n\t\t\t\t<\/div>\n\t\t\t\t<\/div>\n\t\t\t\t\t<\/div>\n\t\t<\/div>\n\t\t\t\t<div class=\"elementor-column elementor-col-50 elementor-top-column elementor-element elementor-element-20416802\" data-id=\"20416802\" data-element_type=\"column\">\n\t\t\t<div class=\"elementor-widget-wrap elementor-element-populated\">\n\t\t\t\t\t\t\t\t<div class=\"elementor-element elementor-element-18a73d48 elementor-hidden-mobile elementor-widget elementor-widget-wd_text_block\" data-id=\"18a73d48\" data-element_type=\"widget\" data-widget_type=\"wd_text_block.default\">\n\t\t\t\t<div class=\"elementor-widget-container\">\n\t\t\t\t\t<div class=\"wd-text-block reset-last-child text-left color-title\">\n\t\t\t\n\t\t\t<p>*Mehr Sicherheit: Rasierkopf mit Sicherheitsschild, vollst\u00e4ndig abgedeckte Klingen auf beiden Seiten, vollst\u00e4ndig gesch\u00fctzte Klingen an vier Ecken;<\/p><p>*Mehr Vergn\u00fcgen: Das Mikrokamm-Design f\u00fchrt den unordentlichen Bart effizient;<\/p><p>*Mehr Sicherheit: vollst\u00e4ndig geschlossenes Schneidkantendesign, um ein Verkratzen der Haut von der Klinge zu vermeiden;<\/p><p>* Glatter: Die rostfreie Platinklinge verbessert Ihr Rasiererlebnis.<\/p>\n\t\t\t\t\t<\/div>\n\t\t\t\t<\/div>\n\t\t\t\t<\/div>\n\t\t\t\t\t<\/div>\n\t\t<\/div>\n\t\t\t\t\t\t\t<\/div>\n\t\t<\/section>\n\t\t\t\t<section class=\"wd-negative-gap elementor-section elementor-top-section elementor-element elementor-element-1fd3f57 elementor-section-content-middle elementor-section-boxed elementor-section-height-default elementor-section-height-default wd-section-disabled\" data-id=\"1fd3f57\" data-element_type=\"section\">\n\t\t\t\t\t\t<div class=\"elementor-container elementor-column-gap-default\">\n\t\t\t\t\t<div class=\"elementor-column elementor-col-50 elementor-top-column elementor-element elementor-element-5f50765e\" data-id=\"5f50765e\" data-element_type=\"column\">\n\t\t\t<div class=\"elementor-widget-wrap elementor-element-populated\">\n\t\t\t\t\t\t\t\t<div class=\"elementor-element elementor-element-3d43d6e6 elementor-widget elementor-widget-wd_text_block\" data-id=\"3d43d6e6\" data-element_type=\"widget\" data-widget_type=\"wd_text_block.default\">\n\t\t\t\t<div class=\"elementor-widget-container\">\n\t\t\t\t\t<div class=\"wd-text-block reset-last-child text-left color-title\">\n\t\t\t\n\t\t\t<p>*Umweltfreundliches Material mit verchromtem Metalldesign;<\/p><p>*Minimalistische Designmischung aus klassischer Eleganz;<\/p><p>*Leicht zu greifen dank der rutschfesten Textur.<\/p>\n\t\t\t\t\t<\/div>\n\t\t\t\t<\/div>\n\t\t\t\t<\/div>\n\t\t\t\t\t<\/div>\n\t\t<\/div>\n\t\t\t\t<div class=\"elementor-column elementor-col-50 elementor-top-column elementor-element elementor-element-21328cfe\" data-id=\"21328cfe\" data-element_type=\"column\">\n\t\t\t<div class=\"elementor-widget-wrap elementor-element-populated\">\n\t\t\t\t\t\t\t\t<div class=\"elementor-element elementor-element-6faa1e91 elementor-widget elementor-widget-wd_image_or_svg\" data-id=\"6faa1e91\" data-element_type=\"widget\" data-widget_type=\"wd_image_or_svg.default\">\n\t\t\t\t<div class=\"elementor-widget-container\">\n\t\t\t\n\t\t<div class=\"wd-image text-left\">\n\t\t\t\t\t\t\t\t<img decoding=\"async\" width=\"2560\" height=\"1707\" src=\"https:\/\/www.bailishaver.com\/wp-content\/uploads\/2023\/11\/Tale_Classic_Elegant_Double_Edge_Safety_Razor_for_Men_details_03-scaled.webp\" class=\"attachment-full size-full wp-image-229527\" alt=\"\" srcset=\"https:\/\/www.bailishaver.com\/wp-content\/uploads\/2023\/11\/Tale_Classic_Elegant_Double_Edge_Safety_Razor_for_Men_details_03-scaled.webp 2560w, https:\/\/www.bailishaver.com\/wp-content\/uploads\/2023\/11\/Tale_Classic_Elegant_Double_Edge_Safety_Razor_for_Men_details_03-300x200.webp 300w, https:\/\/www.bailishaver.com\/wp-content\/uploads\/2023\/11\/Tale_Classic_Elegant_Double_Edge_Safety_Razor_for_Men_details_03-1024x683.webp 1024w, https:\/\/www.bailishaver.com\/wp-content\/uploads\/2023\/11\/Tale_Classic_Elegant_Double_Edge_Safety_Razor_for_Men_details_03-768x512.webp 768w, https:\/\/www.bailishaver.com\/wp-content\/uploads\/2023\/11\/Tale_Classic_Elegant_Double_Edge_Safety_Razor_for_Men_details_03-1536x1024.webp 1536w, https:\/\/www.bailishaver.com\/wp-content\/uploads\/2023\/11\/Tale_Classic_Elegant_Double_Edge_Safety_Razor_for_Men_details_03-2048x1365.webp 2048w, https:\/\/www.bailishaver.com\/wp-content\/uploads\/2023\/11\/Tale_Classic_Elegant_Double_Edge_Safety_Razor_for_Men_details_03-18x12.webp 18w, https:\/\/www.bailishaver.com\/wp-content\/uploads\/2023\/11\/Tale_Classic_Elegant_Double_Edge_Safety_Razor_for_Men_details_03-150x100.webp 150w\" sizes=\"(max-width: 2560px) 100vw, 2560px\" \/>\t\t\t\t\t<\/div>\n\n\t\t\t\t<\/div>\n\t\t\t\t<\/div>\n\t\t\t\t\t<\/div>\n\t\t<\/div>\n\t\t\t\t\t\t\t<\/div>\n\t\t<\/section>\n\t\t\t\t<section class=\"wd-negative-gap elementor-section elementor-top-section elementor-element elementor-element-14c6effd elementor-section-boxed elementor-section-height-default elementor-section-height-default wd-section-disabled\" data-id=\"14c6effd\" data-element_type=\"section\">\n\t\t\t\t\t\t<div class=\"elementor-container elementor-column-gap-default\">\n\t\t\t\t\t<div class=\"elementor-column elementor-col-100 elementor-top-column elementor-element elementor-element-71fea106\" data-id=\"71fea106\" data-element_type=\"column\">\n\t\t\t<div class=\"elementor-widget-wrap elementor-element-populated\">\n\t\t\t\t\t\t\t\t<div class=\"elementor-element elementor-element-516fa040 elementor-widget elementor-widget-accordion\" data-id=\"516fa040\" data-element_type=\"widget\" data-widget_type=\"accordion.default\">\n\t\t\t\t<div class=\"elementor-widget-container\">\n\t\t\t<style>\/*! elementor - v3.18.0 - 20-12-2023 *\/\n.elementor-accordion{text-align:left}.elementor-accordion .elementor-accordion-item{border:1px solid #d5d8dc}.elementor-accordion .elementor-accordion-item+.elementor-accordion-item{border-top:none}.elementor-accordion .elementor-tab-title{margin:0;padding:15px 20px;font-weight:700;line-height:1;cursor:pointer;outline:none}.elementor-accordion .elementor-tab-title .elementor-accordion-icon{display:inline-block;width:1.5em}.elementor-accordion .elementor-tab-title .elementor-accordion-icon svg{width:1em;height:1em}.elementor-accordion .elementor-tab-title .elementor-accordion-icon.elementor-accordion-icon-right{float:right;text-align:right}.elementor-accordion .elementor-tab-title .elementor-accordion-icon.elementor-accordion-icon-left{float:left;text-align:left}.elementor-accordion .elementor-tab-title .elementor-accordion-icon .elementor-accordion-icon-closed{display:block}.elementor-accordion .elementor-tab-title .elementor-accordion-icon .elementor-accordion-icon-opened,.elementor-accordion .elementor-tab-title.elementor-active .elementor-accordion-icon-closed{display:none}.elementor-accordion .elementor-tab-title.elementor-active .elementor-accordion-icon-opened{display:block}.elementor-accordion .elementor-tab-content{display:none;padding:15px 20px;border-top:1px solid #d5d8dc}@media (max-width:767px){.elementor-accordion .elementor-tab-title{padding:12px 15px}.elementor-accordion .elementor-tab-title .elementor-accordion-icon{width:1.2em}.elementor-accordion .elementor-tab-content{padding:7px 15px}}.e-con-inner>.elementor-widget-accordion,.e-con>.elementor-widget-accordion{width:var(--container-widget-width);--flex-grow:var(--container-widget-flex-grow)}<\/style>\t\t<div class=\"elementor-accordion\">\n\t\t\t\t\t\t\t<div class=\"elementor-accordion-item\">\n\t\t\t\t\t<div id=\"elementor-tab-title-1361\" class=\"elementor-tab-title\" data-tab=\"1\" role=\"button\" aria-controls=\"elementor-tab-content-1361\" aria-expanded=\"false\">\n\t\t\t\t\t\t\t\t\t\t\t\t\t<span class=\"elementor-accordion-icon elementor-accordion-icon-left\" aria-hidden=\"true\">\n\t\t\t\t\t\t\t\t\t\t\t\t\t\t\t<span class=\"elementor-accordion-icon-closed\"><i class=\"fas fa-caret-down\"><\/i><\/span>\n\t\t\t\t\t\t\t\t<span class=\"elementor-accordion-icon-opened\"><i class=\"fas fa-caret-up\"><\/i><\/span>\n\t\t\t\t\t\t\t\t\t\t\t\t\t\t<\/span>\n\t\t\t\t\t\t\t\t\t\t\t\t<a class=\"elementor-accordion-title\" tabindex=\"0\">Paket<\/a>\n\t\t\t\t\t<\/div>\n\t\t\t\t\t<div id=\"elementor-tab-content-1361\" class=\"elementor-tab-content elementor-clearfix\" data-tab=\"1\" role=\"region\" aria-labelledby=\"elementor-tab-title-1361\"><table><tbody><tr><td>Produkt<\/td><td>Stck<\/td><td>Paket<\/td><td>Gr\u00f6\u00dfe<\/td><td>Bruttogewicht<\/td><\/tr><tr><td rowspan=\"2\">DB-B3D<\/td><td class=\"et4\">1<\/td><td class=\"et4\">Opp Beutel<\/td><td class=\"et4\">45,5\u00d726,2\u00d796mm<\/td><td class=\"et4\">74,6g<\/td><\/tr><tr><td>120<\/td><td>Karton<\/td><td>385\u00d7155\u00d7235mm<\/td><td>10,4 kg<\/td><\/tr><\/tbody><\/table><\/div>\n\t\t\t\t<\/div>\n\t\t\t\t\t\t\t<div class=\"elementor-accordion-item\">\n\t\t\t\t\t<div id=\"elementor-tab-title-1362\" class=\"elementor-tab-title\" data-tab=\"2\" role=\"button\" aria-controls=\"elementor-tab-content-1362\" aria-expanded=\"false\">\n\t\t\t\t\t\t\t\t\t\t\t\t\t<span class=\"elementor-accordion-icon elementor-accordion-icon-left\" aria-hidden=\"true\">\n\t\t\t\t\t\t\t\t\t\t\t\t\t\t\t<span class=\"elementor-accordion-icon-closed\"><i class=\"fas fa-caret-down\"><\/i><\/span>\n\t\t\t\t\t\t\t\t<span class=\"elementor-accordion-icon-opened\"><i class=\"fas fa-caret-up\"><\/i><\/span>\n\t\t\t\t\t\t\t\t\t\t\t\t\t\t<\/span>\n\t\t\t\t\t\t\t\t\t\t\t\t<a class=\"elementor-accordion-title\" tabindex=\"0\"> Versand<\/a>\n\t\t\t\t\t<\/div>\n\t\t\t\t\t<div id=\"elementor-tab-content-1362\" class=\"elementor-tab-content elementor-clearfix\" data-tab=\"2\" role=\"region\" aria-labelledby=\"elementor-tab-title-1362\">Musterbestellungen k\u00f6nnen innerhalb von 3\u20137 Tagen versandt werden; <br>\nDie Produktion von Gro\u00dfbestellungen oder kundenspezifischen Bestellungen dauert 15\u201330 Tage.\n<\/div>\n\t\t\t\t<\/div>\n\t\t\t\t\t\t\t\t<\/div>\n\t\t\t\t<\/div>\n\t\t\t\t<\/div>\n\t\t\t\t\t<\/div>\n\t\t<\/div>\n\t\t\t\t\t\t\t<\/div>\n\t\t<\/section>\n\t\t\t\t\t\t\t<\/div>","protected":false},"excerpt":{"rendered":"<p><strong>Modell: DB-B3D<\/strong><\/p>\n<div class=\"DescriptionImg\">\n<div class=\"image-box\">\n<p><img decoding=\"async\" src=\"https:\/\/bailishaver.com\/wp-content\/uploads\/2023\/09\/Non-slip-Handle.png\" alt=\"Image1\" \/><\/p>\n<div class=\"caption\">Rutschfester Griff<\/div>\n<\/div>\n<div class=\"image-box\">\n<p><img decoding=\"async\" src=\"https:\/\/bailishaver.com\/wp-content\/uploads\/2023\/09\/Mild.png\" alt=\"Image2\" \/><\/p>\n<div class=\"caption\">Sicher<\/div>\n<\/div>\n<div class=\"image-box\">\n<p><img decoding=\"async\" class=\"image\" src=\"https:\/\/bailishaver.com\/wp-content\/uploads\/2023\/09\/Safe-1.png\" alt=\"Image3\" \/><\/p>\n<div class=\"caption\">Leicht<\/div>\n<\/div>\n<\/div>","protected":false},"featured_media":229531,"comment_status":"open","ping_status":"closed","template":"","meta":[],"product_cat":[31],"product_tag":[],"yoast_head":"<!-- This site is optimized with the Yoast SEO plugin v21.4 - https:\/\/yoast.com\/wordpress\/plugins\/seo\/ -->\n<title>Tale Classic Elegant Double Edge Safety Razor for Men - Guangzhou Weidi Technology Co.,Ltd<\/title>\n<meta name=\"description\" content=\"Tale classic elegant design,minimalist design blend of classic elegance.Double edge safety razor for men,grasp easily with the non-slip texture.\" \/>\n<meta name=\"robots\" content=\"index, follow, max-snippet:-1, max-image-preview:large, max-video-preview:-1\" \/>\n<link rel=\"canonical\" href=\"https:\/\/www.bailishaver.com\/de\/produkt\/tale-classic-elegant-double-edge-safety-razor-for-men\/\" \/>\n<meta property=\"og:locale\" content=\"de_DE\" \/>\n<meta property=\"og:type\" content=\"article\" \/>\n<meta property=\"og:title\" content=\"Tale Classic Elegant Double Edge Safety Razor for Men - Guangzhou Weidi Technology Co.,Ltd\" \/>\n<meta property=\"og:description\" content=\"Tale classic elegant design,minimalist design blend of classic elegance.Double edge safety razor for men,grasp easily with the non-slip texture.\" \/>\n<meta property=\"og:url\" content=\"https:\/\/www.bailishaver.com\/de\/produkt\/tale-classic-elegant-double-edge-safety-razor-for-men\/\" \/>\n<meta property=\"og:site_name\" content=\"Guangzhou Weidi Technology Co.,Ltd\" \/>\n<meta property=\"article:modified_time\" content=\"2023-11-15T08:57:04+00:00\" \/>\n<meta property=\"og:image\" content=\"https:\/\/www.bailishaver.com\/wp-content\/uploads\/2023\/11\/Tale_Classic_Elegant_Double_Edge_Safety_Razor_for_Men_01.webp\" \/>\n\t<meta property=\"og:image:width\" content=\"800\" \/>\n\t<meta property=\"og:image:height\" content=\"800\" \/>\n\t<meta property=\"og:image:type\" content=\"image\/webp\" \/>\n<meta name=\"twitter:card\" content=\"summary_large_image\" \/>\n<script type=\"application\/ld+json\" class=\"yoast-schema-graph\">{\"@context\":\"https:\/\/schema.org\",\"@graph\":[{\"@type\":\"WebPage\",\"@id\":\"https:\/\/www.bailishaver.com\/product\/tale-classic-elegant-double-edge-safety-razor-for-men\/\",\"url\":\"https:\/\/www.bailishaver.com\/product\/tale-classic-elegant-double-edge-safety-razor-for-men\/\",\"name\":\"Tale Classic Elegant Double Edge Safety Razor for Men - Guangzhou Weidi Technology Co.,Ltd\",\"isPartOf\":{\"@id\":\"https:\/\/www.bailishaver.com\/#website\"},\"datePublished\":\"2023-09-01T10:41:08+00:00\",\"dateModified\":\"2023-11-15T08:57:04+00:00\",\"description\":\"Tale classic elegant design,minimalist design blend of classic elegance.Double edge safety razor for men,grasp easily with the non-slip texture.\",\"breadcrumb\":{\"@id\":\"https:\/\/www.bailishaver.com\/product\/tale-classic-elegant-double-edge-safety-razor-for-men\/#breadcrumb\"},\"inLanguage\":\"de\",\"potentialAction\":[{\"@type\":\"ReadAction\",\"target\":[\"https:\/\/www.bailishaver.com\/product\/tale-classic-elegant-double-edge-safety-razor-for-men\/\"]}]},{\"@type\":\"BreadcrumbList\",\"@id\":\"https:\/\/www.bailishaver.com\/product\/tale-classic-elegant-double-edge-safety-razor-for-men\/#breadcrumb\",\"itemListElement\":[{\"@type\":\"ListItem\",\"position\":1,\"name\":\"HOME\",\"item\":\"https:\/\/www.bailishaver.com\/\"},{\"@type\":\"ListItem\",\"position\":2,\"name\":\"Product\",\"item\":\"https:\/\/www.bailishaver.com\/product\/\"},{\"@type\":\"ListItem\",\"position\":3,\"name\":\"Tale Classic Elegant Double Edge Safety Razor for Men\"}]},{\"@type\":\"WebSite\",\"@id\":\"https:\/\/www.bailishaver.com\/#website\",\"url\":\"https:\/\/www.bailishaver.com\/\",\"name\":\"Guangzhou Weidi Technology Co.,Ltd\",\"description\":\"system razors, lady razors, shaving kits, blade and refill, disposable razor, shaving , accessories, etc.\",\"potentialAction\":[{\"@type\":\"SearchAction\",\"target\":{\"@type\":\"EntryPoint\",\"urlTemplate\":\"https:\/\/www.bailishaver.com\/?s={search_term_string}\"},\"query-input\":\"required name=search_term_string\"}],\"inLanguage\":\"de\"}]}<\/script>\n<!-- \/ Yoast SEO plugin. -->","yoast_head_json":{"title":"Tale Classic Elegant Double Edge Safety Razor for Men - Guangzhou Weidi Technology Co.,Ltd","description":"Tale classic elegant design,minimalist design blend of classic elegance.Double edge safety razor for men,grasp easily with the non-slip texture.","robots":{"index":"index","follow":"follow","max-snippet":"max-snippet:-1","max-image-preview":"max-image-preview:large","max-video-preview":"max-video-preview:-1"},"canonical":"https:\/\/www.bailishaver.com\/de\/produkt\/tale-classic-elegant-double-edge-safety-razor-for-men\/","og_locale":"de_DE","og_type":"article","og_title":"Tale Classic Elegant Double Edge Safety Razor for Men - Guangzhou Weidi Technology Co.,Ltd","og_description":"Tale classic elegant design,minimalist design blend of classic elegance.Double edge safety razor for men,grasp easily with the non-slip texture.","og_url":"https:\/\/www.bailishaver.com\/de\/produkt\/tale-classic-elegant-double-edge-safety-razor-for-men\/","og_site_name":"Guangzhou Weidi Technology Co.,Ltd","article_modified_time":"2023-11-15T08:57:04+00:00","og_image":[{"width":800,"height":800,"url":"https:\/\/www.bailishaver.com\/wp-content\/uploads\/2023\/11\/Tale_Classic_Elegant_Double_Edge_Safety_Razor_for_Men_01.webp","type":"image\/webp"}],"twitter_card":"summary_large_image","schema":{"@context":"https:\/\/schema.org","@graph":[{"@type":"WebPage","@id":"https:\/\/www.bailishaver.com\/product\/tale-classic-elegant-double-edge-safety-razor-for-men\/","url":"https:\/\/www.bailishaver.com\/product\/tale-classic-elegant-double-edge-safety-razor-for-men\/","name":"Tale Classic Elegant Double Edge Safety Razor for Men - Guangzhou Weidi Technology Co.,Ltd","isPartOf":{"@id":"https:\/\/www.bailishaver.com\/#website"},"datePublished":"2023-09-01T10:41:08+00:00","dateModified":"2023-11-15T08:57:04+00:00","description":"Tale classic elegant design,minimalist design blend of classic elegance.Double edge safety razor for men,grasp easily with the non-slip texture.","breadcrumb":{"@id":"https:\/\/www.bailishaver.com\/product\/tale-classic-elegant-double-edge-safety-razor-for-men\/#breadcrumb"},"inLanguage":"de","potentialAction":[{"@type":"ReadAction","target":["https:\/\/www.bailishaver.com\/product\/tale-classic-elegant-double-edge-safety-razor-for-men\/"]}]},{"@type":"BreadcrumbList","@id":"https:\/\/www.bailishaver.com\/product\/tale-classic-elegant-double-edge-safety-razor-for-men\/#breadcrumb","itemListElement":[{"@type":"ListItem","position":1,"name":"HOME","item":"https:\/\/www.bailishaver.com\/"},{"@type":"ListItem","position":2,"name":"Product","item":"https:\/\/www.bailishaver.com\/product\/"},{"@type":"ListItem","position":3,"name":"Tale Classic Elegant Double Edge Safety Razor for Men"}]},{"@type":"WebSite","@id":"https:\/\/www.bailishaver.com\/#website","url":"https:\/\/www.bailishaver.com\/","name":"Guangzhou Weidi Technology Co.,Ltd","description":"system razors, lady razors, shaving kits, blade and refill, disposable razor, shaving , accessories, etc.","potentialAction":[{"@type":"SearchAction","target":{"@type":"EntryPoint","urlTemplate":"https:\/\/www.bailishaver.com\/?s={search_term_string}"},"query-input":"required name=search_term_string"}],"inLanguage":"de"}]}},"_links":{"self":[{"href":"https:\/\/www.bailishaver.com\/de\/wp-json\/wp\/v2\/product\/2331"}],"collection":[{"href":"https:\/\/www.bailishaver.com\/de\/wp-json\/wp\/v2\/product"}],"about":[{"href":"https:\/\/www.bailishaver.com\/de\/wp-json\/wp\/v2\/types\/product"}],"replies":[{"embeddable":true,"href":"https:\/\/www.bailishaver.com\/de\/wp-json\/wp\/v2\/comments?post=2331"}],"version-history":[{"count":0,"href":"https:\/\/www.bailishaver.com\/de\/wp-json\/wp\/v2\/product\/2331\/revisions"}],"wp:featuredmedia":[{"embeddable":true,"href":"https:\/\/www.bailishaver.com\/de\/wp-json\/wp\/v2\/media\/229531"}],"wp:attachment":[{"href":"https:\/\/www.bailishaver.com\/de\/wp-json\/wp\/v2\/media?parent=2331"}],"wp:term":[{"taxonomy":"product_cat","embeddable":true,"href":"https:\/\/www.bailishaver.com\/de\/wp-json\/wp\/v2\/product_cat?post=2331"},{"taxonomy":"product_tag","embeddable":true,"href":"https:\/\/www.bailishaver.com\/de\/wp-json\/wp\/v2\/product_tag?post=2331"}],"curies":[{"name":"wp","href":"https:\/\/api.w.org\/{rel}","templated":true}]}}