{"id":232629,"date":"2024-06-12T16:00:38","date_gmt":"2024-06-12T08:00:38","guid":{"rendered":"https:\/\/bailishaver.com\/?post_type=product&#038;p=232629"},"modified":"2024-06-12T16:29:59","modified_gmt":"2024-06-12T08:29:59","slug":"six-blade-razor-refill-system-razor-with-6-blades","status":"publish","type":"product","link":"https:\/\/www.bailishaver.com\/de\/produkt\/six-blade-razor-refill-system-razor-with-6-blades\/","title":{"rendered":"Six Blade Razor Refill System Razor with 6 Blades"},"content":{"rendered":"<div data-elementor-type=\"product-post\" data-elementor-id=\"232629\" class=\"elementor elementor-232629\" data-elementor-post-type=\"product\">\n\t\t\t\t\t\t\t\t\t<section class=\"wd-negative-gap elementor-section elementor-top-section elementor-element elementor-element-1bc87b1b elementor-section-content-middle elementor-section-boxed elementor-section-height-default elementor-section-height-default wd-section-disabled\" data-id=\"1bc87b1b\" data-element_type=\"section\">\n\t\t\t\t\t\t<div class=\"elementor-container elementor-column-gap-default\">\n\t\t\t\t\t<div class=\"elementor-column elementor-col-50 elementor-top-column elementor-element elementor-element-77002fbc\" data-id=\"77002fbc\" data-element_type=\"column\">\n\t\t\t<div class=\"elementor-widget-wrap elementor-element-populated\">\n\t\t\t\t\t\t\t\t<div class=\"elementor-element elementor-element-36c4be58 elementor-widget elementor-widget-wd_text_block\" data-id=\"36c4be58\" data-element_type=\"widget\" data-widget_type=\"wd_text_block.default\">\n\t\t\t\t<div class=\"elementor-widget-container\">\n\t\t\t\t\t<div class=\"wd-text-block reset-last-child text-left color-title\">\n\t\t\t\n\t\t\t<p>Modell: WGJ451<\/p><p>Razor Head: Razor with 6 Blades<\/p><p>Gr\u00f6\u00dfe: 40,5 \u00d7 25,3 \u00d7 11 mm<\/p><p>Gewicht: 2,61 g<\/p><p>Material: Edelstahl + ABS + TPE<\/p><p>Eigenschaften: Aloe Vera-Schmierstreifen, waschbar, wiederverwendbar, wasserdicht, rostfrei<\/p>\n\t\t\t\t\t<\/div>\n\t\t\t\t<\/div>\n\t\t\t\t<\/div>\n\t\t\t\t\t<\/div>\n\t\t<\/div>\n\t\t\t\t<div class=\"elementor-column elementor-col-50 elementor-top-column elementor-element elementor-element-3e96e9b6\" data-id=\"3e96e9b6\" data-element_type=\"column\">\n\t\t\t<div class=\"elementor-widget-wrap elementor-element-populated\">\n\t\t\t\t\t\t\t\t<div class=\"elementor-element elementor-element-14cb92f9 elementor-widget elementor-widget-wd_image_or_svg\" data-id=\"14cb92f9\" data-element_type=\"widget\" data-widget_type=\"wd_image_or_svg.default\">\n\t\t\t\t<div class=\"elementor-widget-container\">\n\t\t\t\n\t\t<div class=\"wd-image text-left\">\n\t\t\t\t\t\t\t\t<img fetchpriority=\"high\" decoding=\"async\" width=\"800\" height=\"800\" src=\"https:\/\/www.bailishaver.com\/wp-content\/uploads\/2024\/06\/Six_Blade_Razor_Refill_System_Razor_with_6_Blades_details_01.webp\" class=\"attachment-full size-full wp-image-232628\" alt=\"\" srcset=\"https:\/\/www.bailishaver.com\/wp-content\/uploads\/2024\/06\/Six_Blade_Razor_Refill_System_Razor_with_6_Blades_details_01.webp 800w, https:\/\/www.bailishaver.com\/wp-content\/uploads\/2024\/06\/Six_Blade_Razor_Refill_System_Razor_with_6_Blades_details_01-300x300.webp 300w, https:\/\/www.bailishaver.com\/wp-content\/uploads\/2024\/06\/Six_Blade_Razor_Refill_System_Razor_with_6_Blades_details_01-150x150.webp 150w, https:\/\/www.bailishaver.com\/wp-content\/uploads\/2024\/06\/Six_Blade_Razor_Refill_System_Razor_with_6_Blades_details_01-768x768.webp 768w, https:\/\/www.bailishaver.com\/wp-content\/uploads\/2024\/06\/Six_Blade_Razor_Refill_System_Razor_with_6_Blades_details_01-12x12.webp 12w\" sizes=\"(max-width: 800px) 100vw, 800px\" \/>\t\t\t\t\t<\/div>\n\n\t\t\t\t<\/div>\n\t\t\t\t<\/div>\n\t\t\t\t\t<\/div>\n\t\t<\/div>\n\t\t\t\t\t\t\t<\/div>\n\t\t<\/section>\n\t\t\t\t<section class=\"wd-negative-gap elementor-section elementor-top-section elementor-element elementor-element-4f9cf17a elementor-section-content-middle elementor-section-boxed elementor-section-height-default elementor-section-height-default wd-section-disabled\" data-id=\"4f9cf17a\" data-element_type=\"section\">\n\t\t\t\t\t\t<div class=\"elementor-container elementor-column-gap-default\">\n\t\t\t\t\t<div class=\"elementor-column elementor-col-50 elementor-top-column elementor-element elementor-element-19f1ba6b\" data-id=\"19f1ba6b\" data-element_type=\"column\">\n\t\t\t<div class=\"elementor-widget-wrap elementor-element-populated\">\n\t\t\t\t\t\t\t\t<div class=\"elementor-element elementor-element-076a733 elementor-hidden-desktop elementor-hidden-tablet elementor-widget elementor-widget-wd_text_block\" data-id=\"076a733\" data-element_type=\"widget\" data-widget_type=\"wd_text_block.default\">\n\t\t\t\t<div class=\"elementor-widget-container\">\n\t\t\t\t\t<div class=\"wd-text-block reset-last-child text-left color-title\">\n\t\t\t\n\t\t\t<p>*Razor with 6 blades of precision for a close, clean shave;<\/p><p>*Enhanced aloe vera moisturizing bar:<\/p><p>Our system razor features an enhanced aloe vera moisturizing strip that releases aloe vera essence upon contact with water, providing superior skin protection and hydration for a soothing shave every time;<\/p><p>*The widened soft-sensing fin effectively protects the skin:<\/p><p>The widened soft-sensing fin effectively shields your skin, ensuring a safe and comfortable shaving experience by minimizing irritation and reducing the risk of cut;<\/p><p>*6 men's razor blades compatible with certain handles available on the market:<\/p><p>For example:can be fit <span style=\"color: #002977;\"><a style=\"color: #002977;\" href=\"https:\/\/www.bailishaver.com\/product\/rejoy-razor-5-blades-mens-system-razor\/\">Rejoy Razor 5 Blades Men\u2019s System Razor<\/a><\/span>, also can be fit a brand F5 handle;<\/p><p>*With six blades of precision-engineered blades, our razor delivers a close, clean shave with every pass. Say goodbye to stubble and hello to smooth, silky skin. Whether you prefer a clean-shaven look or a perfectly groomed beard, our razor has you covered;<\/p><p>*The 6 blades refill is also a cost-effective choice. You can save money in the long run compared to buying individual cartridges. This not only ensures that you always have a fresh blade ready for use but also helps you stick to a regular shaving routine without breaking the bank.<\/p>\n\t\t\t\t\t<\/div>\n\t\t\t\t<\/div>\n\t\t\t\t<\/div>\n\t\t\t\t<div class=\"elementor-element elementor-element-437736a3 elementor-widget elementor-widget-wd_image_or_svg\" data-id=\"437736a3\" data-element_type=\"widget\" data-widget_type=\"wd_image_or_svg.default\">\n\t\t\t\t<div class=\"elementor-widget-container\">\n\t\t\t\n\t\t<div class=\"wd-image text-left\">\n\t\t\t\t\t\t\t\t<img decoding=\"async\" width=\"800\" height=\"800\" src=\"https:\/\/www.bailishaver.com\/wp-content\/uploads\/2024\/06\/Six_Blade_Razor_Refill_System_Razor_with_6_Blades_details_02.webp\" class=\"attachment-full size-full wp-image-232621\" alt=\"\" srcset=\"https:\/\/www.bailishaver.com\/wp-content\/uploads\/2024\/06\/Six_Blade_Razor_Refill_System_Razor_with_6_Blades_details_02.webp 800w, https:\/\/www.bailishaver.com\/wp-content\/uploads\/2024\/06\/Six_Blade_Razor_Refill_System_Razor_with_6_Blades_details_02-300x300.webp 300w, https:\/\/www.bailishaver.com\/wp-content\/uploads\/2024\/06\/Six_Blade_Razor_Refill_System_Razor_with_6_Blades_details_02-150x150.webp 150w, https:\/\/www.bailishaver.com\/wp-content\/uploads\/2024\/06\/Six_Blade_Razor_Refill_System_Razor_with_6_Blades_details_02-768x768.webp 768w, https:\/\/www.bailishaver.com\/wp-content\/uploads\/2024\/06\/Six_Blade_Razor_Refill_System_Razor_with_6_Blades_details_02-12x12.webp 12w\" sizes=\"(max-width: 800px) 100vw, 800px\" \/>\t\t\t\t\t<\/div>\n\n\t\t\t\t<\/div>\n\t\t\t\t<\/div>\n\t\t\t\t\t<\/div>\n\t\t<\/div>\n\t\t\t\t<div class=\"elementor-column elementor-col-50 elementor-top-column elementor-element elementor-element-7871959a\" data-id=\"7871959a\" data-element_type=\"column\">\n\t\t\t<div class=\"elementor-widget-wrap elementor-element-populated\">\n\t\t\t\t\t\t\t\t<div class=\"elementor-element elementor-element-4f3e2e1a elementor-hidden-mobile elementor-widget elementor-widget-wd_text_block\" data-id=\"4f3e2e1a\" data-element_type=\"widget\" data-widget_type=\"wd_text_block.default\">\n\t\t\t\t<div class=\"elementor-widget-container\">\n\t\t\t\t\t<div class=\"wd-text-block reset-last-child text-left color-title\">\n\t\t\t\n\t\t\t<p>*Razor with 6 blades of precision for a close, clean shave;<\/p><p>*Enhanced aloe vera moisturizing bar:<\/p><p>Our system razor features an enhanced aloe vera moisturizing strip that releases aloe vera essence upon contact with water, providing superior skin protection and hydration for a soothing shave every time;<\/p><p>*The widened soft-sensing fin effectively protects the skin:<\/p><p>The widened soft-sensing fin effectively shields your skin, ensuring a safe and comfortable shaving experience by minimizing irritation and reducing the risk of cut;<\/p><p>*6 men's razor blades compatible with certain handles available on the market:<\/p><p>For example:can be fit <span style=\"color: #002977;\"><a style=\"color: #002977;\" href=\"https:\/\/www.bailishaver.com\/product\/rejoy-razor-5-blades-mens-system-razor\/\">Rejoy Razor 5 Blades Men\u2019s System Razor<\/a><\/span>, also can be fit a brand F5 handle;<\/p><p>*With six blades of precision-engineered blades, our razor delivers a close, clean shave with every pass. Say goodbye to stubble and hello to smooth, silky skin. Whether you prefer a clean-shaven look or a perfectly groomed beard, our razor has you covered;<\/p><p>*The 6 blades refill is also a cost-effective choice. You can save money in the long run compared to buying individual cartridges. This not only ensures that you always have a fresh blade ready for use but also helps you stick to a regular shaving routine without breaking the bank.<\/p>\n\t\t\t\t\t<\/div>\n\t\t\t\t<\/div>\n\t\t\t\t<\/div>\n\t\t\t\t\t<\/div>\n\t\t<\/div>\n\t\t\t\t\t\t\t<\/div>\n\t\t<\/section>\n\t\t\t\t<section class=\"wd-negative-gap elementor-section elementor-top-section elementor-element elementor-element-2e747d07 elementor-section-boxed elementor-section-height-default elementor-section-height-default wd-section-disabled\" data-id=\"2e747d07\" data-element_type=\"section\">\n\t\t\t\t\t\t<div class=\"elementor-container elementor-column-gap-default\">\n\t\t\t\t\t<div class=\"elementor-column elementor-col-100 elementor-top-column elementor-element elementor-element-70f07ba7\" data-id=\"70f07ba7\" data-element_type=\"column\">\n\t\t\t<div class=\"elementor-widget-wrap elementor-element-populated\">\n\t\t\t\t\t\t\t\t<div class=\"elementor-element elementor-element-7f86f569 elementor-widget elementor-widget-accordion\" data-id=\"7f86f569\" data-element_type=\"widget\" data-widget_type=\"accordion.default\">\n\t\t\t\t<div class=\"elementor-widget-container\">\n\t\t\t<style>\/*! elementor - v3.18.0 - 20-12-2023 *\/\n.elementor-accordion{text-align:left}.elementor-accordion .elementor-accordion-item{border:1px solid #d5d8dc}.elementor-accordion .elementor-accordion-item+.elementor-accordion-item{border-top:none}.elementor-accordion .elementor-tab-title{margin:0;padding:15px 20px;font-weight:700;line-height:1;cursor:pointer;outline:none}.elementor-accordion .elementor-tab-title .elementor-accordion-icon{display:inline-block;width:1.5em}.elementor-accordion .elementor-tab-title .elementor-accordion-icon svg{width:1em;height:1em}.elementor-accordion .elementor-tab-title .elementor-accordion-icon.elementor-accordion-icon-right{float:right;text-align:right}.elementor-accordion .elementor-tab-title .elementor-accordion-icon.elementor-accordion-icon-left{float:left;text-align:left}.elementor-accordion .elementor-tab-title .elementor-accordion-icon .elementor-accordion-icon-closed{display:block}.elementor-accordion .elementor-tab-title .elementor-accordion-icon .elementor-accordion-icon-opened,.elementor-accordion .elementor-tab-title.elementor-active .elementor-accordion-icon-closed{display:none}.elementor-accordion .elementor-tab-title.elementor-active .elementor-accordion-icon-opened{display:block}.elementor-accordion .elementor-tab-content{display:none;padding:15px 20px;border-top:1px solid #d5d8dc}@media (max-width:767px){.elementor-accordion .elementor-tab-title{padding:12px 15px}.elementor-accordion .elementor-tab-title .elementor-accordion-icon{width:1.2em}.elementor-accordion .elementor-tab-content{padding:7px 15px}}.e-con-inner>.elementor-widget-accordion,.e-con>.elementor-widget-accordion{width:var(--container-widget-width);--flex-grow:var(--container-widget-flex-grow)}<\/style>\t\t<div class=\"elementor-accordion\">\n\t\t\t\t\t\t\t<div class=\"elementor-accordion-item\">\n\t\t\t\t\t<div id=\"elementor-tab-title-2131\" class=\"elementor-tab-title\" data-tab=\"1\" role=\"button\" aria-controls=\"elementor-tab-content-2131\" aria-expanded=\"false\">\n\t\t\t\t\t\t\t\t\t\t\t\t\t<span class=\"elementor-accordion-icon elementor-accordion-icon-left\" aria-hidden=\"true\">\n\t\t\t\t\t\t\t\t\t\t\t\t\t\t\t<span class=\"elementor-accordion-icon-closed\"><i class=\"fas fa-caret-down\"><\/i><\/span>\n\t\t\t\t\t\t\t\t<span class=\"elementor-accordion-icon-opened\"><i class=\"fas fa-caret-up\"><\/i><\/span>\n\t\t\t\t\t\t\t\t\t\t\t\t\t\t<\/span>\n\t\t\t\t\t\t\t\t\t\t\t\t<a class=\"elementor-accordion-title\" tabindex=\"0\">Paket<\/a>\n\t\t\t\t\t<\/div>\n\t\t\t\t\t<div id=\"elementor-tab-content-2131\" class=\"elementor-tab-content elementor-clearfix\" data-tab=\"1\" role=\"region\" aria-labelledby=\"elementor-tab-title-2131\"><table>\n<tbody>\n<tr>\n<td>Produkt<\/td>\n<td>Stck<\/td>\n<td>Paket<\/td>\n<td>Gr\u00f6\u00dfe<\/td>\n<td>Bruttogewicht<\/td>\n<\/tr>\n<tr>\n<td rowspan=\"2\">WGJ451<\/td>\n<td class=\"et4\">1<\/td>\n<td class=\"et4\">Opp Beutel<\/td>\n<td class=\"et4\">40,5\u00d725,3\u00d711mm<\/td>\n<td class=\"et4\">2,61 g<\/td>\n<\/tr>\n\n<\/tbody>\n<\/table><\/div>\n\t\t\t\t<\/div>\n\t\t\t\t\t\t\t<div class=\"elementor-accordion-item\">\n\t\t\t\t\t<div id=\"elementor-tab-title-2132\" class=\"elementor-tab-title\" data-tab=\"2\" role=\"button\" aria-controls=\"elementor-tab-content-2132\" aria-expanded=\"false\">\n\t\t\t\t\t\t\t\t\t\t\t\t\t<span class=\"elementor-accordion-icon elementor-accordion-icon-left\" aria-hidden=\"true\">\n\t\t\t\t\t\t\t\t\t\t\t\t\t\t\t<span class=\"elementor-accordion-icon-closed\"><i class=\"fas fa-caret-down\"><\/i><\/span>\n\t\t\t\t\t\t\t\t<span class=\"elementor-accordion-icon-opened\"><i class=\"fas fa-caret-up\"><\/i><\/span>\n\t\t\t\t\t\t\t\t\t\t\t\t\t\t<\/span>\n\t\t\t\t\t\t\t\t\t\t\t\t<a class=\"elementor-accordion-title\" tabindex=\"0\"> Versand<\/a>\n\t\t\t\t\t<\/div>\n\t\t\t\t\t<div id=\"elementor-tab-content-2132\" class=\"elementor-tab-content elementor-clearfix\" data-tab=\"2\" role=\"region\" aria-labelledby=\"elementor-tab-title-2132\"><p>Musterbestellungen k\u00f6nnen innerhalb von 3\u20137 Tagen versandt werden;<br \/>Die Produktion von Gro\u00dfbestellungen oder kundenspezifischen Bestellungen dauert 15\u201330 Tage.<\/p><\/div>\n\t\t\t\t<\/div>\n\t\t\t\t\t\t\t\t<\/div>\n\t\t\t\t<\/div>\n\t\t\t\t<\/div>\n\t\t\t\t\t<\/div>\n\t\t<\/div>\n\t\t\t\t\t\t\t<\/div>\n\t\t<\/section>\n\t\t\t\t\t\t\t<\/div>","protected":false},"excerpt":{"rendered":"<p><strong>Modell: WGJ451<\/strong><\/p>\n<div class=\"DescriptionImg\">\n<div class=\"image-box\">\n<p><img decoding=\"async\" src=\"https:\/\/bailishaver.com\/wp-content\/uploads\/2023\/11\/Aloe_Vera_Strip-.webp\" alt=\"Image1\" \/><\/p>\n<div class=\"caption\">Aloe-Vera-Streifen<\/div>\n<\/div>\n<div class=\"image-box\">\n<p><img decoding=\"async\" src=\"https:\/\/bailishaver.com\/wp-content\/uploads\/2023\/11\/6-layer_Blades_Men_Icon.webp\" alt=\"Image2\" \/><\/p>\n<div class=\"caption\">Razor with 6 Blades<\/div>\n<\/div>\n<div class=\"image-box\">\n<p><img decoding=\"async\" src=\"https:\/\/bailishaver.com\/wp-content\/uploads\/2024\/02\/Mens_Razor_Icon.webp\" alt=\"Image3\" \/><\/p>\n<div class=\"caption\">Herrenrasierer<\/div>\n<\/div>\n<\/div>","protected":false},"featured_media":232622,"comment_status":"open","ping_status":"closed","template":"","meta":[],"product_cat":[35],"product_tag":[],"yoast_head":"<!-- This site is optimized with the Yoast SEO plugin v21.4 - https:\/\/yoast.com\/wordpress\/plugins\/seo\/ -->\n<title>Six Blade Razor Refill System Razor with 6 Blades - Guangzhou Weidi Technology Co.,Ltd<\/title>\n<meta name=\"description\" content=\"Floating men&#039;s razor blades, razor with 6 blades for close skin contact. Compatible with certain handles, can be fit a brand F5 handle.\" \/>\n<meta name=\"robots\" content=\"index, follow, max-snippet:-1, max-image-preview:large, max-video-preview:-1\" \/>\n<link rel=\"canonical\" href=\"https:\/\/www.bailishaver.com\/de\/produkt\/six-blade-razor-refill-system-razor-with-6-blades\/\" \/>\n<meta property=\"og:locale\" content=\"de_DE\" \/>\n<meta property=\"og:type\" content=\"article\" \/>\n<meta property=\"og:title\" content=\"Six Blade Razor Refill System Razor with 6 Blades - Guangzhou Weidi Technology Co.,Ltd\" \/>\n<meta property=\"og:description\" content=\"Floating men&#039;s razor blades, razor with 6 blades for close skin contact. Compatible with certain handles, can be fit a brand F5 handle.\" \/>\n<meta property=\"og:url\" content=\"https:\/\/www.bailishaver.com\/de\/produkt\/six-blade-razor-refill-system-razor-with-6-blades\/\" \/>\n<meta property=\"og:site_name\" content=\"Guangzhou Weidi Technology Co.,Ltd\" \/>\n<meta property=\"article:modified_time\" content=\"2024-06-12T08:29:59+00:00\" \/>\n<meta property=\"og:image\" content=\"https:\/\/www.bailishaver.com\/wp-content\/uploads\/2024\/06\/Six_Blade_Razor_Refill_System_Razor_with_6_Blades_01.webp\" \/>\n\t<meta property=\"og:image:width\" content=\"800\" \/>\n\t<meta property=\"og:image:height\" content=\"800\" \/>\n\t<meta property=\"og:image:type\" content=\"image\/webp\" \/>\n<meta name=\"twitter:card\" content=\"summary_large_image\" \/>\n<script type=\"application\/ld+json\" class=\"yoast-schema-graph\">{\"@context\":\"https:\/\/schema.org\",\"@graph\":[{\"@type\":\"WebPage\",\"@id\":\"https:\/\/www.bailishaver.com\/product\/six-blade-razor-refill-system-razor-with-6-blades\/\",\"url\":\"https:\/\/www.bailishaver.com\/product\/six-blade-razor-refill-system-razor-with-6-blades\/\",\"name\":\"Six Blade Razor Refill System Razor with 6 Blades - Guangzhou Weidi Technology Co.,Ltd\",\"isPartOf\":{\"@id\":\"https:\/\/www.bailishaver.com\/#website\"},\"datePublished\":\"2024-06-12T08:00:38+00:00\",\"dateModified\":\"2024-06-12T08:29:59+00:00\",\"description\":\"Floating men's razor blades, razor with 6 blades for close skin contact. Compatible with certain handles, can be fit a brand F5 handle.\",\"breadcrumb\":{\"@id\":\"https:\/\/www.bailishaver.com\/product\/six-blade-razor-refill-system-razor-with-6-blades\/#breadcrumb\"},\"inLanguage\":\"de\",\"potentialAction\":[{\"@type\":\"ReadAction\",\"target\":[\"https:\/\/www.bailishaver.com\/product\/six-blade-razor-refill-system-razor-with-6-blades\/\"]}]},{\"@type\":\"BreadcrumbList\",\"@id\":\"https:\/\/www.bailishaver.com\/product\/six-blade-razor-refill-system-razor-with-6-blades\/#breadcrumb\",\"itemListElement\":[{\"@type\":\"ListItem\",\"position\":1,\"name\":\"HOME\",\"item\":\"https:\/\/www.bailishaver.com\/\"},{\"@type\":\"ListItem\",\"position\":2,\"name\":\"Product\",\"item\":\"https:\/\/www.bailishaver.com\/product\/\"},{\"@type\":\"ListItem\",\"position\":3,\"name\":\"Six Blade Razor Refill System Razor with 6 Blades\"}]},{\"@type\":\"WebSite\",\"@id\":\"https:\/\/www.bailishaver.com\/#website\",\"url\":\"https:\/\/www.bailishaver.com\/\",\"name\":\"Guangzhou Weidi Technology Co.,Ltd\",\"description\":\"system razors, lady razors, shaving kits, blade and refill, disposable razor, shaving , accessories, etc.\",\"potentialAction\":[{\"@type\":\"SearchAction\",\"target\":{\"@type\":\"EntryPoint\",\"urlTemplate\":\"https:\/\/www.bailishaver.com\/?s={search_term_string}\"},\"query-input\":\"required name=search_term_string\"}],\"inLanguage\":\"de\"}]}<\/script>\n<!-- \/ Yoast SEO plugin. -->","yoast_head_json":{"title":"Six Blade Razor Refill System Razor with 6 Blades - Guangzhou Weidi Technology Co.,Ltd","description":"Floating men's razor blades, razor with 6 blades for close skin contact. Compatible with certain handles, can be fit a brand F5 handle.","robots":{"index":"index","follow":"follow","max-snippet":"max-snippet:-1","max-image-preview":"max-image-preview:large","max-video-preview":"max-video-preview:-1"},"canonical":"https:\/\/www.bailishaver.com\/de\/produkt\/six-blade-razor-refill-system-razor-with-6-blades\/","og_locale":"de_DE","og_type":"article","og_title":"Six Blade Razor Refill System Razor with 6 Blades - Guangzhou Weidi Technology Co.,Ltd","og_description":"Floating men's razor blades, razor with 6 blades for close skin contact. Compatible with certain handles, can be fit a brand F5 handle.","og_url":"https:\/\/www.bailishaver.com\/de\/produkt\/six-blade-razor-refill-system-razor-with-6-blades\/","og_site_name":"Guangzhou Weidi Technology Co.,Ltd","article_modified_time":"2024-06-12T08:29:59+00:00","og_image":[{"width":800,"height":800,"url":"https:\/\/www.bailishaver.com\/wp-content\/uploads\/2024\/06\/Six_Blade_Razor_Refill_System_Razor_with_6_Blades_01.webp","type":"image\/webp"}],"twitter_card":"summary_large_image","schema":{"@context":"https:\/\/schema.org","@graph":[{"@type":"WebPage","@id":"https:\/\/www.bailishaver.com\/product\/six-blade-razor-refill-system-razor-with-6-blades\/","url":"https:\/\/www.bailishaver.com\/product\/six-blade-razor-refill-system-razor-with-6-blades\/","name":"Six Blade Razor Refill System Razor with 6 Blades - Guangzhou Weidi Technology Co.,Ltd","isPartOf":{"@id":"https:\/\/www.bailishaver.com\/#website"},"datePublished":"2024-06-12T08:00:38+00:00","dateModified":"2024-06-12T08:29:59+00:00","description":"Floating men's razor blades, razor with 6 blades for close skin contact. Compatible with certain handles, can be fit a brand F5 handle.","breadcrumb":{"@id":"https:\/\/www.bailishaver.com\/product\/six-blade-razor-refill-system-razor-with-6-blades\/#breadcrumb"},"inLanguage":"de","potentialAction":[{"@type":"ReadAction","target":["https:\/\/www.bailishaver.com\/product\/six-blade-razor-refill-system-razor-with-6-blades\/"]}]},{"@type":"BreadcrumbList","@id":"https:\/\/www.bailishaver.com\/product\/six-blade-razor-refill-system-razor-with-6-blades\/#breadcrumb","itemListElement":[{"@type":"ListItem","position":1,"name":"HOME","item":"https:\/\/www.bailishaver.com\/"},{"@type":"ListItem","position":2,"name":"Product","item":"https:\/\/www.bailishaver.com\/product\/"},{"@type":"ListItem","position":3,"name":"Six Blade Razor Refill System Razor with 6 Blades"}]},{"@type":"WebSite","@id":"https:\/\/www.bailishaver.com\/#website","url":"https:\/\/www.bailishaver.com\/","name":"Guangzhou Weidi Technology Co.,Ltd","description":"system razors, lady razors, shaving kits, blade and refill, disposable razor, shaving , accessories, etc.","potentialAction":[{"@type":"SearchAction","target":{"@type":"EntryPoint","urlTemplate":"https:\/\/www.bailishaver.com\/?s={search_term_string}"},"query-input":"required name=search_term_string"}],"inLanguage":"de"}]}},"_links":{"self":[{"href":"https:\/\/www.bailishaver.com\/de\/wp-json\/wp\/v2\/product\/232629"}],"collection":[{"href":"https:\/\/www.bailishaver.com\/de\/wp-json\/wp\/v2\/product"}],"about":[{"href":"https:\/\/www.bailishaver.com\/de\/wp-json\/wp\/v2\/types\/product"}],"replies":[{"embeddable":true,"href":"https:\/\/www.bailishaver.com\/de\/wp-json\/wp\/v2\/comments?post=232629"}],"version-history":[{"count":4,"href":"https:\/\/www.bailishaver.com\/de\/wp-json\/wp\/v2\/product\/232629\/revisions"}],"predecessor-version":[{"id":232637,"href":"https:\/\/www.bailishaver.com\/de\/wp-json\/wp\/v2\/product\/232629\/revisions\/232637"}],"wp:featuredmedia":[{"embeddable":true,"href":"https:\/\/www.bailishaver.com\/de\/wp-json\/wp\/v2\/media\/232622"}],"wp:attachment":[{"href":"https:\/\/www.bailishaver.com\/de\/wp-json\/wp\/v2\/media?parent=232629"}],"wp:term":[{"taxonomy":"product_cat","embeddable":true,"href":"https:\/\/www.bailishaver.com\/de\/wp-json\/wp\/v2\/product_cat?post=232629"},{"taxonomy":"product_tag","embeddable":true,"href":"https:\/\/www.bailishaver.com\/de\/wp-json\/wp\/v2\/product_tag?post=232629"}],"curies":[{"name":"wp","href":"https:\/\/api.w.org\/{rel}","templated":true}]}}