{"id":231071,"date":"2023-12-29T16:54:51","date_gmt":"2023-12-29T08:54:51","guid":{"rendered":"https:\/\/bailishaver.com\/?post_type=product&#038;p=231071"},"modified":"2023-12-29T17:15:20","modified_gmt":"2023-12-29T09:15:20","slug":"non-slip-base-plastic-free-mens-razor-stand","status":"publish","type":"product","link":"https:\/\/www.bailishaver.com\/de\/produkt\/non-slip-base-plastic-free-mens-razor-stand\/","title":{"rendered":"Kunststofffreier Herren-Rasierst\u00e4nder mit rutschfester Basis"},"content":{"rendered":"<div data-elementor-type=\"product-post\" data-elementor-id=\"231071\" class=\"elementor elementor-231071\" data-elementor-post-type=\"product\">\n\t\t\t\t\t\t\t\t\t<section class=\"wd-negative-gap elementor-section elementor-top-section elementor-element elementor-element-1bc87b1b elementor-section-content-middle elementor-section-boxed elementor-section-height-default elementor-section-height-default wd-section-disabled\" data-id=\"1bc87b1b\" data-element_type=\"section\">\n\t\t\t\t\t\t<div class=\"elementor-container elementor-column-gap-default\">\n\t\t\t\t\t<div class=\"elementor-column elementor-col-50 elementor-top-column elementor-element elementor-element-77002fbc\" data-id=\"77002fbc\" data-element_type=\"column\">\n\t\t\t<div class=\"elementor-widget-wrap elementor-element-populated\">\n\t\t\t\t\t\t\t\t<div class=\"elementor-element elementor-element-36c4be58 textUnderline elementor-widget elementor-widget-wd_text_block\" data-id=\"36c4be58\" data-element_type=\"widget\" data-widget_type=\"wd_text_block.default\">\n\t\t\t\t<div class=\"elementor-widget-container\">\n\t\t\t\t\t<div class=\"wd-text-block reset-last-child text-left color-title\">\n\t\t\t\n\t\t\t<p>Modell: PJ-AC1-05<\/p><p>Gr\u00f6\u00dfe: \u03a630\u00d730,8 mm<\/p><p>Gewicht: 46,5 g<\/p><p>Material: Zinklegierung + Kieselgel<\/p><p>Eigenschaften: Geeignet f\u00fcr Baili <a href=\"https:\/\/www.bailishaver.com\/product\/elegant-gunmetal-sustainable-shaving-razors-double-edge-safety\/\">elegante Rasierer mit doppelter Kantensicherheit<\/a>; Mehrzweck; Wasserdicht; Rost resistent<\/p>\n\t\t\t\t\t<\/div>\n\t\t\t\t<\/div>\n\t\t\t\t<\/div>\n\t\t\t\t\t<\/div>\n\t\t<\/div>\n\t\t\t\t<div class=\"elementor-column elementor-col-50 elementor-top-column elementor-element elementor-element-3e96e9b6\" data-id=\"3e96e9b6\" data-element_type=\"column\">\n\t\t\t<div class=\"elementor-widget-wrap elementor-element-populated\">\n\t\t\t\t\t\t\t\t<div class=\"elementor-element elementor-element-14cb92f9 elementor-widget elementor-widget-wd_image_or_svg\" data-id=\"14cb92f9\" data-element_type=\"widget\" data-widget_type=\"wd_image_or_svg.default\">\n\t\t\t\t<div class=\"elementor-widget-container\">\n\t\t\t\n\t\t<div class=\"wd-image text-left\">\n\t\t\t\t\t\t\t\t<img fetchpriority=\"high\" decoding=\"async\" width=\"1000\" height=\"1000\" src=\"https:\/\/www.bailishaver.com\/wp-content\/uploads\/2023\/12\/Non-slip_Base_Plastic-free_Mens_Razor_Stand_details_01.webp\" class=\"attachment-full size-full wp-image-231077\" alt=\"\" srcset=\"https:\/\/www.bailishaver.com\/wp-content\/uploads\/2023\/12\/Non-slip_Base_Plastic-free_Mens_Razor_Stand_details_01.webp 1000w, https:\/\/www.bailishaver.com\/wp-content\/uploads\/2023\/12\/Non-slip_Base_Plastic-free_Mens_Razor_Stand_details_01-300x300.webp 300w, https:\/\/www.bailishaver.com\/wp-content\/uploads\/2023\/12\/Non-slip_Base_Plastic-free_Mens_Razor_Stand_details_01-150x150.webp 150w, https:\/\/www.bailishaver.com\/wp-content\/uploads\/2023\/12\/Non-slip_Base_Plastic-free_Mens_Razor_Stand_details_01-768x768.webp 768w, https:\/\/www.bailishaver.com\/wp-content\/uploads\/2023\/12\/Non-slip_Base_Plastic-free_Mens_Razor_Stand_details_01-12x12.webp 12w\" sizes=\"(max-width: 1000px) 100vw, 1000px\" \/>\t\t\t\t\t<\/div>\n\n\t\t\t\t<\/div>\n\t\t\t\t<\/div>\n\t\t\t\t\t<\/div>\n\t\t<\/div>\n\t\t\t\t\t\t\t<\/div>\n\t\t<\/section>\n\t\t\t\t<section class=\"wd-negative-gap elementor-section elementor-top-section elementor-element elementor-element-4f9cf17a elementor-section-content-middle elementor-section-boxed elementor-section-height-default elementor-section-height-default wd-section-disabled\" data-id=\"4f9cf17a\" data-element_type=\"section\">\n\t\t\t\t\t\t<div class=\"elementor-container elementor-column-gap-default\">\n\t\t\t\t\t<div class=\"elementor-column elementor-col-50 elementor-top-column elementor-element elementor-element-19f1ba6b\" data-id=\"19f1ba6b\" data-element_type=\"column\">\n\t\t\t<div class=\"elementor-widget-wrap elementor-element-populated\">\n\t\t\t\t\t\t\t\t<div class=\"elementor-element elementor-element-076a733 elementor-hidden-desktop elementor-hidden-tablet textUnderline elementor-widget elementor-widget-wd_text_block\" data-id=\"076a733\" data-element_type=\"widget\" data-widget_type=\"wd_text_block.default\">\n\t\t\t\t<div class=\"elementor-widget-container\">\n\t\t\t\t\t<div class=\"wd-text-block reset-last-child text-left color-title\">\n\t\t\t\n\t\t\t<p>* Hergestellt aus einer Zinklegierung, Metallchrom, umweltfreundlichen, kunststofffreien, echten und hochwertigen Materialien, exquisit verarbeitet mit einer \u00fcberlegenen Textur;<\/p><p>* Geeignet f\u00fcr die <a href=\"https:\/\/www.bailishaver.com\/product\/elegant-gunmetal-sustainable-shaving-razors-double-edge-safety\/\">Eleganter Rasierhobel mit zwei Kanten<\/a>. Der Rasiererhalter steht aufrecht, was eine schnelle Lufttrocknung und Wasserableitung f\u00f6rdert, das Risiko des Bakterienwachstums verringert und Sauberkeit und Hygiene gew\u00e4hrleistet;<\/p><p>*Der Herrenst\u00e4nder mit rutschfester Basis verf\u00fcgt in der Regel \u00fcber Bel\u00fcftungs- und Entw\u00e4sserungsfunktionen, um den Rasierer trocken zu halten und seine Lebensdauer zu verl\u00e4ngern. Dar\u00fcber hinaus l\u00e4sst sich die Basis leicht reinigen und organisieren, was die Pflege und Wartung komfortabler macht.;<\/p><p>* Verf\u00fcgt \u00fcber eine hochwertige Verchromung, die wasserdicht, rostbest\u00e4ndig und antioxidativ ist.<\/p>\n\t\t\t\t\t<\/div>\n\t\t\t\t<\/div>\n\t\t\t\t<\/div>\n\t\t\t\t<div class=\"elementor-element elementor-element-437736a3 elementor-widget elementor-widget-wd_image_or_svg\" data-id=\"437736a3\" data-element_type=\"widget\" data-widget_type=\"wd_image_or_svg.default\">\n\t\t\t\t<div class=\"elementor-widget-container\">\n\t\t\t\n\t\t<div class=\"wd-image text-left\">\n\t\t\t\t\t\t\t\t<img decoding=\"async\" width=\"1000\" height=\"1000\" src=\"https:\/\/www.bailishaver.com\/wp-content\/uploads\/2023\/12\/Non-slip_Base_Plastic-free_Mens_Razor_Stand_details_02.webp\" class=\"attachment-full size-full wp-image-231078\" alt=\"\" srcset=\"https:\/\/www.bailishaver.com\/wp-content\/uploads\/2023\/12\/Non-slip_Base_Plastic-free_Mens_Razor_Stand_details_02.webp 1000w, https:\/\/www.bailishaver.com\/wp-content\/uploads\/2023\/12\/Non-slip_Base_Plastic-free_Mens_Razor_Stand_details_02-300x300.webp 300w, https:\/\/www.bailishaver.com\/wp-content\/uploads\/2023\/12\/Non-slip_Base_Plastic-free_Mens_Razor_Stand_details_02-150x150.webp 150w, https:\/\/www.bailishaver.com\/wp-content\/uploads\/2023\/12\/Non-slip_Base_Plastic-free_Mens_Razor_Stand_details_02-768x768.webp 768w, https:\/\/www.bailishaver.com\/wp-content\/uploads\/2023\/12\/Non-slip_Base_Plastic-free_Mens_Razor_Stand_details_02-12x12.webp 12w\" sizes=\"(max-width: 1000px) 100vw, 1000px\" \/>\t\t\t\t\t<\/div>\n\n\t\t\t\t<\/div>\n\t\t\t\t<\/div>\n\t\t\t\t\t<\/div>\n\t\t<\/div>\n\t\t\t\t<div class=\"elementor-column elementor-col-50 elementor-top-column elementor-element elementor-element-7871959a\" data-id=\"7871959a\" data-element_type=\"column\">\n\t\t\t<div class=\"elementor-widget-wrap elementor-element-populated\">\n\t\t\t\t\t\t\t\t<div class=\"elementor-element elementor-element-4f3e2e1a elementor-hidden-mobile textUnderline elementor-widget elementor-widget-wd_text_block\" data-id=\"4f3e2e1a\" data-element_type=\"widget\" data-widget_type=\"wd_text_block.default\">\n\t\t\t\t<div class=\"elementor-widget-container\">\n\t\t\t\t\t<div class=\"wd-text-block reset-last-child text-left color-title\">\n\t\t\t\n\t\t\t<p>* Hergestellt aus einer Zinklegierung, Metallchrom, umweltfreundlichen, kunststofffreien, echten und hochwertigen Materialien, exquisit verarbeitet mit einer \u00fcberlegenen Textur;<\/p><p>* Geeignet f\u00fcr die <a href=\"https:\/\/www.bailishaver.com\/product\/elegant-gunmetal-sustainable-shaving-razors-double-edge-safety\/\">Eleganter Rasierhobel mit zwei Kanten<\/a>. Der Rasiererhalter steht aufrecht, was eine schnelle Lufttrocknung und Wasserableitung f\u00f6rdert, das Risiko des Bakterienwachstums verringert und Sauberkeit und Hygiene gew\u00e4hrleistet;<\/p><p>*Der Herrenst\u00e4nder mit rutschfester Basis verf\u00fcgt in der Regel \u00fcber Bel\u00fcftungs- und Entw\u00e4sserungsfunktionen, um den Rasierer trocken zu halten und seine Lebensdauer zu verl\u00e4ngern. Dar\u00fcber hinaus l\u00e4sst sich die Basis leicht reinigen und organisieren, was die Pflege und Wartung komfortabler macht.;<\/p><p>* Verf\u00fcgt \u00fcber eine hochwertige Verchromung, die wasserdicht, rostbest\u00e4ndig und antioxidativ ist.<\/p>\n\t\t\t\t\t<\/div>\n\t\t\t\t<\/div>\n\t\t\t\t<\/div>\n\t\t\t\t\t<\/div>\n\t\t<\/div>\n\t\t\t\t\t\t\t<\/div>\n\t\t<\/section>\n\t\t\t\t<section class=\"wd-negative-gap elementor-section elementor-top-section elementor-element elementor-element-2e747d07 elementor-section-boxed elementor-section-height-default elementor-section-height-default wd-section-disabled\" data-id=\"2e747d07\" data-element_type=\"section\">\n\t\t\t\t\t\t<div class=\"elementor-container elementor-column-gap-default\">\n\t\t\t\t\t<div class=\"elementor-column elementor-col-100 elementor-top-column elementor-element elementor-element-70f07ba7\" data-id=\"70f07ba7\" data-element_type=\"column\">\n\t\t\t<div class=\"elementor-widget-wrap elementor-element-populated\">\n\t\t\t\t\t\t\t\t<div class=\"elementor-element elementor-element-7f86f569 elementor-widget elementor-widget-accordion\" data-id=\"7f86f569\" data-element_type=\"widget\" data-widget_type=\"accordion.default\">\n\t\t\t\t<div class=\"elementor-widget-container\">\n\t\t\t<style>\/*! elementor - v3.18.0 - 20-12-2023 *\/\n.elementor-accordion{text-align:left}.elementor-accordion .elementor-accordion-item{border:1px solid #d5d8dc}.elementor-accordion .elementor-accordion-item+.elementor-accordion-item{border-top:none}.elementor-accordion .elementor-tab-title{margin:0;padding:15px 20px;font-weight:700;line-height:1;cursor:pointer;outline:none}.elementor-accordion .elementor-tab-title .elementor-accordion-icon{display:inline-block;width:1.5em}.elementor-accordion .elementor-tab-title .elementor-accordion-icon svg{width:1em;height:1em}.elementor-accordion .elementor-tab-title .elementor-accordion-icon.elementor-accordion-icon-right{float:right;text-align:right}.elementor-accordion .elementor-tab-title .elementor-accordion-icon.elementor-accordion-icon-left{float:left;text-align:left}.elementor-accordion .elementor-tab-title .elementor-accordion-icon .elementor-accordion-icon-closed{display:block}.elementor-accordion .elementor-tab-title .elementor-accordion-icon .elementor-accordion-icon-opened,.elementor-accordion .elementor-tab-title.elementor-active .elementor-accordion-icon-closed{display:none}.elementor-accordion .elementor-tab-title.elementor-active .elementor-accordion-icon-opened{display:block}.elementor-accordion .elementor-tab-content{display:none;padding:15px 20px;border-top:1px solid #d5d8dc}@media (max-width:767px){.elementor-accordion .elementor-tab-title{padding:12px 15px}.elementor-accordion .elementor-tab-title .elementor-accordion-icon{width:1.2em}.elementor-accordion .elementor-tab-content{padding:7px 15px}}.e-con-inner>.elementor-widget-accordion,.e-con>.elementor-widget-accordion{width:var(--container-widget-width);--flex-grow:var(--container-widget-flex-grow)}<\/style>\t\t<div class=\"elementor-accordion\">\n\t\t\t\t\t\t\t<div class=\"elementor-accordion-item\">\n\t\t\t\t\t<div id=\"elementor-tab-title-2131\" class=\"elementor-tab-title\" data-tab=\"1\" role=\"button\" aria-controls=\"elementor-tab-content-2131\" aria-expanded=\"false\">\n\t\t\t\t\t\t\t\t\t\t\t\t\t<span class=\"elementor-accordion-icon elementor-accordion-icon-left\" aria-hidden=\"true\">\n\t\t\t\t\t\t\t\t\t\t\t\t\t\t\t<span class=\"elementor-accordion-icon-closed\"><i class=\"fas fa-caret-down\"><\/i><\/span>\n\t\t\t\t\t\t\t\t<span class=\"elementor-accordion-icon-opened\"><i class=\"fas fa-caret-up\"><\/i><\/span>\n\t\t\t\t\t\t\t\t\t\t\t\t\t\t<\/span>\n\t\t\t\t\t\t\t\t\t\t\t\t<a class=\"elementor-accordion-title\" tabindex=\"0\">Paket<\/a>\n\t\t\t\t\t<\/div>\n\t\t\t\t\t<div id=\"elementor-tab-content-2131\" class=\"elementor-tab-content elementor-clearfix\" data-tab=\"1\" role=\"region\" aria-labelledby=\"elementor-tab-title-2131\"><table><tbody><tr><td>Produkt<\/td><td>Stck<\/td><td>Paket<\/td><td>Gr\u00f6\u00dfe<\/td><td>Bruttogewicht<\/td><\/tr><tr><td rowspan=\"2\">PJ-AC1-05<\/td><td class=\"et4\">1<\/td><td class=\"et4\">Kasten<\/td><td class=\"et4\">\u03a630\u00d730,8mm<\/td><td class=\"et4\">46,5g<\/td><\/tr><tr><td class=\"et4\">200<\/td><td class=\"et4\">Karton<\/td><td class=\"et4\">350\u00d7160\u00d7225mm<\/td><td class=\"et4\">10,7 kg<\/td><\/tr><\/tbody><\/table><\/div>\n\t\t\t\t<\/div>\n\t\t\t\t\t\t\t<div class=\"elementor-accordion-item\">\n\t\t\t\t\t<div id=\"elementor-tab-title-2132\" class=\"elementor-tab-title\" data-tab=\"2\" role=\"button\" aria-controls=\"elementor-tab-content-2132\" aria-expanded=\"false\">\n\t\t\t\t\t\t\t\t\t\t\t\t\t<span class=\"elementor-accordion-icon elementor-accordion-icon-left\" aria-hidden=\"true\">\n\t\t\t\t\t\t\t\t\t\t\t\t\t\t\t<span class=\"elementor-accordion-icon-closed\"><i class=\"fas fa-caret-down\"><\/i><\/span>\n\t\t\t\t\t\t\t\t<span class=\"elementor-accordion-icon-opened\"><i class=\"fas fa-caret-up\"><\/i><\/span>\n\t\t\t\t\t\t\t\t\t\t\t\t\t\t<\/span>\n\t\t\t\t\t\t\t\t\t\t\t\t<a class=\"elementor-accordion-title\" tabindex=\"0\"> Versand<\/a>\n\t\t\t\t\t<\/div>\n\t\t\t\t\t<div id=\"elementor-tab-content-2132\" class=\"elementor-tab-content elementor-clearfix\" data-tab=\"2\" role=\"region\" aria-labelledby=\"elementor-tab-title-2132\"><p>Musterbestellungen k\u00f6nnen innerhalb von 3\u20137 Tagen versandt werden;<br \/>Die Produktion von Gro\u00dfbestellungen oder kundenspezifischen Bestellungen dauert 15\u201330 Tage.<\/p><\/div>\n\t\t\t\t<\/div>\n\t\t\t\t\t\t\t\t<\/div>\n\t\t\t\t<\/div>\n\t\t\t\t<\/div>\n\t\t\t\t\t<\/div>\n\t\t<\/div>\n\t\t\t\t\t\t\t<\/div>\n\t\t<\/section>\n\t\t\t\t\t\t\t<\/div>","protected":false},"excerpt":{"rendered":"<p><strong>Modell: PJ-AC1-05<\/strong><\/p>\n<div class=\"DescriptionImg\">\n<div class=\"image-box\">\n<p><img decoding=\"async\" src=\"https:\/\/bailishaver.com\/wp-content\/uploads\/2023\/11\/Zinc_Alloy_Stand_Icon.webp\" alt=\"Image1\" \/><\/p>\n<div class=\"caption\">St\u00e4nder aus Zinklegierung<\/div>\n<\/div>\n<div class=\"image-box\">\n<p><img decoding=\"async\" src=\"https:\/\/bailishaver.com\/wp-content\/uploads\/2023\/10\/Waterproof.webp\" alt=\"Image2\" \/><\/p>\n<div class=\"caption\">Wasserdicht<\/div>\n<\/div>\n<div class=\"image-box\">\n<p><img decoding=\"async\" src=\"https:\/\/bailishaver.com\/wp-content\/uploads\/2023\/12\/Customizable.webp\" alt=\"Image3\" \/><\/p>\n<div class=\"caption\">Anpassbar<\/div>\n<\/div>\n<\/div>","protected":false},"featured_media":231082,"comment_status":"open","ping_status":"closed","template":"","meta":[],"product_cat":[37,58],"product_tag":[],"yoast_head":"<!-- This site is optimized with the Yoast SEO plugin v21.4 - https:\/\/yoast.com\/wordpress\/plugins\/seo\/ -->\n<title>Non-slip Base Plastic-free Men&#039;s Razor Stand - Guangzhou Weidi Technology Co.,Ltd<\/title>\n<meta name=\"description\" content=\"Men&#039;s safety razor stand with non-slip-base, providing hygienic and safe razor storage. Eco-friendly and plastic-free. easily cleaned and organized.\" \/>\n<meta name=\"robots\" content=\"index, follow, max-snippet:-1, max-image-preview:large, max-video-preview:-1\" \/>\n<link rel=\"canonical\" href=\"https:\/\/www.bailishaver.com\/de\/produkt\/non-slip-base-plastic-free-mens-razor-stand\/\" \/>\n<meta property=\"og:locale\" content=\"de_DE\" \/>\n<meta property=\"og:type\" content=\"article\" \/>\n<meta property=\"og:title\" content=\"Non-slip Base Plastic-free Men&#039;s Razor Stand - Guangzhou Weidi Technology Co.,Ltd\" \/>\n<meta property=\"og:description\" content=\"Men&#039;s safety razor stand with non-slip-base, providing hygienic and safe razor storage. Eco-friendly and plastic-free. easily cleaned and organized.\" \/>\n<meta property=\"og:url\" content=\"https:\/\/www.bailishaver.com\/de\/produkt\/non-slip-base-plastic-free-mens-razor-stand\/\" \/>\n<meta property=\"og:site_name\" content=\"Guangzhou Weidi Technology Co.,Ltd\" \/>\n<meta property=\"article:modified_time\" content=\"2023-12-29T09:15:20+00:00\" \/>\n<meta property=\"og:image\" content=\"https:\/\/www.bailishaver.com\/wp-content\/uploads\/2023\/12\/Non-slip_Base_Plastic-free_Mens_Razor_Stand_01.webp\" \/>\n\t<meta property=\"og:image:width\" content=\"800\" \/>\n\t<meta property=\"og:image:height\" content=\"800\" \/>\n\t<meta property=\"og:image:type\" content=\"image\/webp\" \/>\n<meta name=\"twitter:card\" content=\"summary_large_image\" \/>\n<script type=\"application\/ld+json\" class=\"yoast-schema-graph\">{\"@context\":\"https:\/\/schema.org\",\"@graph\":[{\"@type\":\"WebPage\",\"@id\":\"https:\/\/www.bailishaver.com\/product\/non-slip-base-plastic-free-mens-razor-stand\/\",\"url\":\"https:\/\/www.bailishaver.com\/product\/non-slip-base-plastic-free-mens-razor-stand\/\",\"name\":\"Non-slip Base Plastic-free Men's Razor Stand - Guangzhou Weidi Technology Co.,Ltd\",\"isPartOf\":{\"@id\":\"https:\/\/www.bailishaver.com\/#website\"},\"datePublished\":\"2023-12-29T08:54:51+00:00\",\"dateModified\":\"2023-12-29T09:15:20+00:00\",\"description\":\"Men's safety razor stand with non-slip-base, providing hygienic and safe razor storage. Eco-friendly and plastic-free. easily cleaned and organized.\",\"breadcrumb\":{\"@id\":\"https:\/\/www.bailishaver.com\/product\/non-slip-base-plastic-free-mens-razor-stand\/#breadcrumb\"},\"inLanguage\":\"de\",\"potentialAction\":[{\"@type\":\"ReadAction\",\"target\":[\"https:\/\/www.bailishaver.com\/product\/non-slip-base-plastic-free-mens-razor-stand\/\"]}]},{\"@type\":\"BreadcrumbList\",\"@id\":\"https:\/\/www.bailishaver.com\/product\/non-slip-base-plastic-free-mens-razor-stand\/#breadcrumb\",\"itemListElement\":[{\"@type\":\"ListItem\",\"position\":1,\"name\":\"HOME\",\"item\":\"https:\/\/www.bailishaver.com\/\"},{\"@type\":\"ListItem\",\"position\":2,\"name\":\"Product\",\"item\":\"https:\/\/www.bailishaver.com\/product\/\"},{\"@type\":\"ListItem\",\"position\":3,\"name\":\"Non-slip Base Plastic-free Men&#8217;s Razor Stand\"}]},{\"@type\":\"WebSite\",\"@id\":\"https:\/\/www.bailishaver.com\/#website\",\"url\":\"https:\/\/www.bailishaver.com\/\",\"name\":\"Guangzhou Weidi Technology Co.,Ltd\",\"description\":\"system razors, lady razors, shaving kits, blade and refill, disposable razor, shaving , accessories, etc.\",\"potentialAction\":[{\"@type\":\"SearchAction\",\"target\":{\"@type\":\"EntryPoint\",\"urlTemplate\":\"https:\/\/www.bailishaver.com\/?s={search_term_string}\"},\"query-input\":\"required name=search_term_string\"}],\"inLanguage\":\"de\"}]}<\/script>\n<!-- \/ Yoast SEO plugin. -->","yoast_head_json":{"title":"Non-slip Base Plastic-free Men's Razor Stand - Guangzhou Weidi Technology Co.,Ltd","description":"Men's safety razor stand with non-slip-base, providing hygienic and safe razor storage. Eco-friendly and plastic-free. easily cleaned and organized.","robots":{"index":"index","follow":"follow","max-snippet":"max-snippet:-1","max-image-preview":"max-image-preview:large","max-video-preview":"max-video-preview:-1"},"canonical":"https:\/\/www.bailishaver.com\/de\/produkt\/non-slip-base-plastic-free-mens-razor-stand\/","og_locale":"de_DE","og_type":"article","og_title":"Non-slip Base Plastic-free Men's Razor Stand - Guangzhou Weidi Technology Co.,Ltd","og_description":"Men's safety razor stand with non-slip-base, providing hygienic and safe razor storage. Eco-friendly and plastic-free. easily cleaned and organized.","og_url":"https:\/\/www.bailishaver.com\/de\/produkt\/non-slip-base-plastic-free-mens-razor-stand\/","og_site_name":"Guangzhou Weidi Technology Co.,Ltd","article_modified_time":"2023-12-29T09:15:20+00:00","og_image":[{"width":800,"height":800,"url":"https:\/\/www.bailishaver.com\/wp-content\/uploads\/2023\/12\/Non-slip_Base_Plastic-free_Mens_Razor_Stand_01.webp","type":"image\/webp"}],"twitter_card":"summary_large_image","schema":{"@context":"https:\/\/schema.org","@graph":[{"@type":"WebPage","@id":"https:\/\/www.bailishaver.com\/product\/non-slip-base-plastic-free-mens-razor-stand\/","url":"https:\/\/www.bailishaver.com\/product\/non-slip-base-plastic-free-mens-razor-stand\/","name":"Non-slip Base Plastic-free Men's Razor Stand - Guangzhou Weidi Technology Co.,Ltd","isPartOf":{"@id":"https:\/\/www.bailishaver.com\/#website"},"datePublished":"2023-12-29T08:54:51+00:00","dateModified":"2023-12-29T09:15:20+00:00","description":"Men's safety razor stand with non-slip-base, providing hygienic and safe razor storage. Eco-friendly and plastic-free. easily cleaned and organized.","breadcrumb":{"@id":"https:\/\/www.bailishaver.com\/product\/non-slip-base-plastic-free-mens-razor-stand\/#breadcrumb"},"inLanguage":"de","potentialAction":[{"@type":"ReadAction","target":["https:\/\/www.bailishaver.com\/product\/non-slip-base-plastic-free-mens-razor-stand\/"]}]},{"@type":"BreadcrumbList","@id":"https:\/\/www.bailishaver.com\/product\/non-slip-base-plastic-free-mens-razor-stand\/#breadcrumb","itemListElement":[{"@type":"ListItem","position":1,"name":"HOME","item":"https:\/\/www.bailishaver.com\/"},{"@type":"ListItem","position":2,"name":"Product","item":"https:\/\/www.bailishaver.com\/product\/"},{"@type":"ListItem","position":3,"name":"Non-slip Base Plastic-free Men&#8217;s Razor Stand"}]},{"@type":"WebSite","@id":"https:\/\/www.bailishaver.com\/#website","url":"https:\/\/www.bailishaver.com\/","name":"Guangzhou Weidi Technology Co.,Ltd","description":"system razors, lady razors, shaving kits, blade and refill, disposable razor, shaving , accessories, etc.","potentialAction":[{"@type":"SearchAction","target":{"@type":"EntryPoint","urlTemplate":"https:\/\/www.bailishaver.com\/?s={search_term_string}"},"query-input":"required name=search_term_string"}],"inLanguage":"de"}]}},"_links":{"self":[{"href":"https:\/\/www.bailishaver.com\/de\/wp-json\/wp\/v2\/product\/231071"}],"collection":[{"href":"https:\/\/www.bailishaver.com\/de\/wp-json\/wp\/v2\/product"}],"about":[{"href":"https:\/\/www.bailishaver.com\/de\/wp-json\/wp\/v2\/types\/product"}],"replies":[{"embeddable":true,"href":"https:\/\/www.bailishaver.com\/de\/wp-json\/wp\/v2\/comments?post=231071"}],"version-history":[{"count":0,"href":"https:\/\/www.bailishaver.com\/de\/wp-json\/wp\/v2\/product\/231071\/revisions"}],"wp:featuredmedia":[{"embeddable":true,"href":"https:\/\/www.bailishaver.com\/de\/wp-json\/wp\/v2\/media\/231082"}],"wp:attachment":[{"href":"https:\/\/www.bailishaver.com\/de\/wp-json\/wp\/v2\/media?parent=231071"}],"wp:term":[{"taxonomy":"product_cat","embeddable":true,"href":"https:\/\/www.bailishaver.com\/de\/wp-json\/wp\/v2\/product_cat?post=231071"},{"taxonomy":"product_tag","embeddable":true,"href":"https:\/\/www.bailishaver.com\/de\/wp-json\/wp\/v2\/product_tag?post=231071"}],"curies":[{"name":"wp","href":"https:\/\/api.w.org\/{rel}","templated":true}]}}