{"id":230329,"date":"2023-12-07T15:15:36","date_gmt":"2023-12-07T07:15:36","guid":{"rendered":"https:\/\/bailishaver.com\/?post_type=product&#038;p=230329"},"modified":"2024-03-04T13:49:43","modified_gmt":"2024-03-04T05:49:43","slug":"men-beard-shaving-razor-base-holder-stand-for-razor","status":"publish","type":"product","link":"https:\/\/www.bailishaver.com\/de\/produkt\/men-beard-shaving-razor-base-holder-stand-for-razor\/","title":{"rendered":"Herren Bart Rasierer Basishalter St\u00e4nder f\u00fcr Rasierer"},"content":{"rendered":"<div data-elementor-type=\"product-post\" data-elementor-id=\"230329\" class=\"elementor elementor-230329\" data-elementor-post-type=\"product\">\n\t\t\t\t\t\t\t\t\t<section class=\"wd-negative-gap elementor-section elementor-top-section elementor-element elementor-element-1bc87b1b elementor-section-content-middle elementor-section-boxed elementor-section-height-default elementor-section-height-default wd-section-disabled\" data-id=\"1bc87b1b\" data-element_type=\"section\">\n\t\t\t\t\t\t<div class=\"elementor-container elementor-column-gap-default\">\n\t\t\t\t\t<div class=\"elementor-column elementor-col-50 elementor-top-column elementor-element elementor-element-77002fbc\" data-id=\"77002fbc\" data-element_type=\"column\">\n\t\t\t<div class=\"elementor-widget-wrap elementor-element-populated\">\n\t\t\t\t\t\t\t\t<div class=\"elementor-element elementor-element-36c4be58 elementor-widget elementor-widget-wd_text_block\" data-id=\"36c4be58\" data-element_type=\"widget\" data-widget_type=\"wd_text_block.default\">\n\t\t\t\t<div class=\"elementor-widget-container\">\n\t\t\t\t\t<div class=\"wd-text-block reset-last-child text-left color-title\">\n\t\t\t\n\t\t\t<p>Modell: PJ-AC1-02<\/p><p>Gr\u00f6\u00dfe: \u03a630X30mm<\/p><p>Gewicht: 36,4 g<\/p><p>Material: Zinklegierung + PP<\/p><p>Eigenschaften: Geeignet f\u00fcr Baili Regal Systemrasierer; Mehrzweck; Setzen Sie B\u00fcrsten ein: Zahnb\u00fcrsten, Make-up-Pinsel usw.<\/p>\n\t\t\t\t\t<\/div>\n\t\t\t\t<\/div>\n\t\t\t\t<\/div>\n\t\t\t\t\t<\/div>\n\t\t<\/div>\n\t\t\t\t<div class=\"elementor-column elementor-col-50 elementor-top-column elementor-element elementor-element-3e96e9b6\" data-id=\"3e96e9b6\" data-element_type=\"column\">\n\t\t\t<div class=\"elementor-widget-wrap elementor-element-populated\">\n\t\t\t\t\t\t\t\t<div class=\"elementor-element elementor-element-14cb92f9 elementor-widget elementor-widget-wd_image_or_svg\" data-id=\"14cb92f9\" data-element_type=\"widget\" data-widget_type=\"wd_image_or_svg.default\">\n\t\t\t\t<div class=\"elementor-widget-container\">\n\t\t\t\n\t\t<div class=\"wd-image text-left\">\n\t\t\t\t\t\t\t\t<img fetchpriority=\"high\" decoding=\"async\" width=\"2000\" height=\"2000\" src=\"https:\/\/www.bailishaver.com\/wp-content\/uploads\/2023\/12\/Men_Beard_Shaving_Razor_Base_Holder_Stand_for_Razor_details_01.webp\" class=\"attachment-full size-full wp-image-230338\" alt=\"\" srcset=\"https:\/\/www.bailishaver.com\/wp-content\/uploads\/2023\/12\/Men_Beard_Shaving_Razor_Base_Holder_Stand_for_Razor_details_01.webp 2000w, https:\/\/www.bailishaver.com\/wp-content\/uploads\/2023\/12\/Men_Beard_Shaving_Razor_Base_Holder_Stand_for_Razor_details_01-300x300.webp 300w, https:\/\/www.bailishaver.com\/wp-content\/uploads\/2023\/12\/Men_Beard_Shaving_Razor_Base_Holder_Stand_for_Razor_details_01-1024x1024.webp 1024w, https:\/\/www.bailishaver.com\/wp-content\/uploads\/2023\/12\/Men_Beard_Shaving_Razor_Base_Holder_Stand_for_Razor_details_01-150x150.webp 150w, https:\/\/www.bailishaver.com\/wp-content\/uploads\/2023\/12\/Men_Beard_Shaving_Razor_Base_Holder_Stand_for_Razor_details_01-768x768.webp 768w, https:\/\/www.bailishaver.com\/wp-content\/uploads\/2023\/12\/Men_Beard_Shaving_Razor_Base_Holder_Stand_for_Razor_details_01-1536x1536.webp 1536w, https:\/\/www.bailishaver.com\/wp-content\/uploads\/2023\/12\/Men_Beard_Shaving_Razor_Base_Holder_Stand_for_Razor_details_01-12x12.webp 12w\" sizes=\"(max-width: 2000px) 100vw, 2000px\" \/>\t\t\t\t\t<\/div>\n\n\t\t\t\t<\/div>\n\t\t\t\t<\/div>\n\t\t\t\t\t<\/div>\n\t\t<\/div>\n\t\t\t\t\t\t\t<\/div>\n\t\t<\/section>\n\t\t\t\t<section class=\"wd-negative-gap elementor-section elementor-top-section elementor-element elementor-element-4f9cf17a elementor-section-content-middle elementor-section-boxed elementor-section-height-default elementor-section-height-default wd-section-disabled\" data-id=\"4f9cf17a\" data-element_type=\"section\">\n\t\t\t\t\t\t<div class=\"elementor-container elementor-column-gap-default\">\n\t\t\t\t\t<div class=\"elementor-column elementor-col-50 elementor-top-column elementor-element elementor-element-19f1ba6b\" data-id=\"19f1ba6b\" data-element_type=\"column\">\n\t\t\t<div class=\"elementor-widget-wrap elementor-element-populated\">\n\t\t\t\t\t\t\t\t<div class=\"elementor-element elementor-element-076a733 elementor-hidden-desktop elementor-hidden-tablet elementor-widget elementor-widget-wd_text_block\" data-id=\"076a733\" data-element_type=\"widget\" data-widget_type=\"wd_text_block.default\">\n\t\t\t\t<div class=\"elementor-widget-container\">\n\t\t\t\t\t<div class=\"wd-text-block reset-last-child text-left color-title\">\n\t\t\t\n\t\t\t<p>*Geeignet f\u00fcr den Rasierapparat des Regal-Systems. Der Rasierer steht aufrecht, was eine schnelle Lufttrocknung und Wasserableitung erm\u00f6glicht, das Risiko von Bakterienwachstum verringert und Sauberkeit und Hygiene gew\u00e4hrleistet.<\/p><p>*Hochwertiges Verchromungsverfahren, wasserdicht, rostbest\u00e4ndig und antioxidativ;<\/p><p>*Ganzmetallkonstruktion mit einem soliden und kr\u00e4ftigen Gef\u00fchl. Der St\u00e4nder hat beim Halten des Rasierers einen stabilen Schwerpunkt;<\/p><p>*Die Basis ist ein toller Begleiter f\u00fcr Herrenrasierer. Nach der Rasur direkt auf den Basishalter legen. Der Rasierst\u00e4nder kann auf jeder ebenen Fl\u00e4che wie einem Schminktisch, einem Schminktisch usw. aufgestellt werden.<\/p>\n\t\t\t\t\t<\/div>\n\t\t\t\t<\/div>\n\t\t\t\t<\/div>\n\t\t\t\t<div class=\"elementor-element elementor-element-437736a3 elementor-widget elementor-widget-wd_image_or_svg\" data-id=\"437736a3\" data-element_type=\"widget\" data-widget_type=\"wd_image_or_svg.default\">\n\t\t\t\t<div class=\"elementor-widget-container\">\n\t\t\t\n\t\t<div class=\"wd-image text-left\">\n\t\t\t\t\t\t\t\t<img decoding=\"async\" width=\"800\" height=\"800\" src=\"https:\/\/www.bailishaver.com\/wp-content\/uploads\/2023\/12\/Men_Beard_Shaving_Razor_Base_Holder_Stand_for_Razor_details_02.webp\" class=\"attachment-full size-full wp-image-230339\" alt=\"\" srcset=\"https:\/\/www.bailishaver.com\/wp-content\/uploads\/2023\/12\/Men_Beard_Shaving_Razor_Base_Holder_Stand_for_Razor_details_02.webp 800w, https:\/\/www.bailishaver.com\/wp-content\/uploads\/2023\/12\/Men_Beard_Shaving_Razor_Base_Holder_Stand_for_Razor_details_02-300x300.webp 300w, https:\/\/www.bailishaver.com\/wp-content\/uploads\/2023\/12\/Men_Beard_Shaving_Razor_Base_Holder_Stand_for_Razor_details_02-150x150.webp 150w, https:\/\/www.bailishaver.com\/wp-content\/uploads\/2023\/12\/Men_Beard_Shaving_Razor_Base_Holder_Stand_for_Razor_details_02-768x768.webp 768w, https:\/\/www.bailishaver.com\/wp-content\/uploads\/2023\/12\/Men_Beard_Shaving_Razor_Base_Holder_Stand_for_Razor_details_02-12x12.webp 12w\" sizes=\"(max-width: 800px) 100vw, 800px\" \/>\t\t\t\t\t<\/div>\n\n\t\t\t\t<\/div>\n\t\t\t\t<\/div>\n\t\t\t\t\t<\/div>\n\t\t<\/div>\n\t\t\t\t<div class=\"elementor-column elementor-col-50 elementor-top-column elementor-element elementor-element-7871959a\" data-id=\"7871959a\" data-element_type=\"column\">\n\t\t\t<div class=\"elementor-widget-wrap elementor-element-populated\">\n\t\t\t\t\t\t\t\t<div class=\"elementor-element elementor-element-4f3e2e1a elementor-hidden-mobile elementor-widget elementor-widget-wd_text_block\" data-id=\"4f3e2e1a\" data-element_type=\"widget\" data-widget_type=\"wd_text_block.default\">\n\t\t\t\t<div class=\"elementor-widget-container\">\n\t\t\t\t\t<div class=\"wd-text-block reset-last-child text-left color-title\">\n\t\t\t\n\t\t\t<p>*Geeignet f\u00fcr den Rasierapparat des Regal-Systems. Der Rasierer steht aufrecht, was eine schnelle Lufttrocknung und Wasserableitung erm\u00f6glicht, das Risiko von Bakterienwachstum verringert und Sauberkeit und Hygiene gew\u00e4hrleistet.<\/p><p>*Hochwertiges Verchromungsverfahren, wasserdicht, rostbest\u00e4ndig und antioxidativ;<\/p><p>*Ganzmetallkonstruktion mit einem soliden und kr\u00e4ftigen Gef\u00fchl. Der St\u00e4nder hat beim Halten des Rasierers einen stabilen Schwerpunkt;<\/p><p>*Die Basis ist ein toller Begleiter f\u00fcr Herrenrasierer. Nach der Rasur direkt auf den Basishalter legen. Der Rasierst\u00e4nder kann auf jeder ebenen Fl\u00e4che wie einem Schminktisch, einem Schminktisch usw. aufgestellt werden.<\/p>\n\t\t\t\t\t<\/div>\n\t\t\t\t<\/div>\n\t\t\t\t<\/div>\n\t\t\t\t\t<\/div>\n\t\t<\/div>\n\t\t\t\t\t\t\t<\/div>\n\t\t<\/section>\n\t\t\t\t<section class=\"wd-negative-gap elementor-section elementor-top-section elementor-element elementor-element-2e747d07 elementor-section-boxed elementor-section-height-default elementor-section-height-default wd-section-disabled\" data-id=\"2e747d07\" data-element_type=\"section\">\n\t\t\t\t\t\t<div class=\"elementor-container elementor-column-gap-default\">\n\t\t\t\t\t<div class=\"elementor-column elementor-col-100 elementor-top-column elementor-element elementor-element-70f07ba7\" data-id=\"70f07ba7\" data-element_type=\"column\">\n\t\t\t<div class=\"elementor-widget-wrap elementor-element-populated\">\n\t\t\t\t\t\t\t\t<div class=\"elementor-element elementor-element-7f86f569 elementor-widget elementor-widget-accordion\" data-id=\"7f86f569\" data-element_type=\"widget\" data-widget_type=\"accordion.default\">\n\t\t\t\t<div class=\"elementor-widget-container\">\n\t\t\t<style>\/*! elementor - v3.18.0 - 20-12-2023 *\/\n.elementor-accordion{text-align:left}.elementor-accordion .elementor-accordion-item{border:1px solid #d5d8dc}.elementor-accordion .elementor-accordion-item+.elementor-accordion-item{border-top:none}.elementor-accordion .elementor-tab-title{margin:0;padding:15px 20px;font-weight:700;line-height:1;cursor:pointer;outline:none}.elementor-accordion .elementor-tab-title .elementor-accordion-icon{display:inline-block;width:1.5em}.elementor-accordion .elementor-tab-title .elementor-accordion-icon svg{width:1em;height:1em}.elementor-accordion .elementor-tab-title .elementor-accordion-icon.elementor-accordion-icon-right{float:right;text-align:right}.elementor-accordion .elementor-tab-title .elementor-accordion-icon.elementor-accordion-icon-left{float:left;text-align:left}.elementor-accordion .elementor-tab-title .elementor-accordion-icon .elementor-accordion-icon-closed{display:block}.elementor-accordion .elementor-tab-title .elementor-accordion-icon .elementor-accordion-icon-opened,.elementor-accordion .elementor-tab-title.elementor-active .elementor-accordion-icon-closed{display:none}.elementor-accordion .elementor-tab-title.elementor-active .elementor-accordion-icon-opened{display:block}.elementor-accordion .elementor-tab-content{display:none;padding:15px 20px;border-top:1px solid #d5d8dc}@media (max-width:767px){.elementor-accordion .elementor-tab-title{padding:12px 15px}.elementor-accordion .elementor-tab-title .elementor-accordion-icon{width:1.2em}.elementor-accordion .elementor-tab-content{padding:7px 15px}}.e-con-inner>.elementor-widget-accordion,.e-con>.elementor-widget-accordion{width:var(--container-widget-width);--flex-grow:var(--container-widget-flex-grow)}<\/style>\t\t<div class=\"elementor-accordion\">\n\t\t\t\t\t\t\t<div class=\"elementor-accordion-item\">\n\t\t\t\t\t<div id=\"elementor-tab-title-2131\" class=\"elementor-tab-title\" data-tab=\"1\" role=\"button\" aria-controls=\"elementor-tab-content-2131\" aria-expanded=\"false\">\n\t\t\t\t\t\t\t\t\t\t\t\t\t<span class=\"elementor-accordion-icon elementor-accordion-icon-left\" aria-hidden=\"true\">\n\t\t\t\t\t\t\t\t\t\t\t\t\t\t\t<span class=\"elementor-accordion-icon-closed\"><i class=\"fas fa-caret-down\"><\/i><\/span>\n\t\t\t\t\t\t\t\t<span class=\"elementor-accordion-icon-opened\"><i class=\"fas fa-caret-up\"><\/i><\/span>\n\t\t\t\t\t\t\t\t\t\t\t\t\t\t<\/span>\n\t\t\t\t\t\t\t\t\t\t\t\t<a class=\"elementor-accordion-title\" tabindex=\"0\">Paket<\/a>\n\t\t\t\t\t<\/div>\n\t\t\t\t\t<div id=\"elementor-tab-content-2131\" class=\"elementor-tab-content elementor-clearfix\" data-tab=\"1\" role=\"region\" aria-labelledby=\"elementor-tab-title-2131\"><table><tbody><tr><td>Produkt<\/td><td>Stck<\/td><td>Paket<\/td><td>Gr\u00f6\u00dfe<\/td><td>Bruttogewicht<\/td><\/tr><tr><td rowspan=\"2\">PJ-AC1-02<\/td><td class=\"et4\">1<\/td><td class=\"et4\">Kasten<\/td><td class=\"et4\">\u03a630X30mm<\/td><td class=\"et4\">36,4g<\/td><\/tr><tr><td class=\"et4\">144<\/td><td class=\"et4\">Karton<\/td><td class=\"et4\">385\u00d7155\u00d7235mm<\/td><td class=\"et4\">6,7 kg<\/td><\/tr><\/tbody><\/table><\/div>\n\t\t\t\t<\/div>\n\t\t\t\t\t\t\t<div class=\"elementor-accordion-item\">\n\t\t\t\t\t<div id=\"elementor-tab-title-2132\" class=\"elementor-tab-title\" data-tab=\"2\" role=\"button\" aria-controls=\"elementor-tab-content-2132\" aria-expanded=\"false\">\n\t\t\t\t\t\t\t\t\t\t\t\t\t<span class=\"elementor-accordion-icon elementor-accordion-icon-left\" aria-hidden=\"true\">\n\t\t\t\t\t\t\t\t\t\t\t\t\t\t\t<span class=\"elementor-accordion-icon-closed\"><i class=\"fas fa-caret-down\"><\/i><\/span>\n\t\t\t\t\t\t\t\t<span class=\"elementor-accordion-icon-opened\"><i class=\"fas fa-caret-up\"><\/i><\/span>\n\t\t\t\t\t\t\t\t\t\t\t\t\t\t<\/span>\n\t\t\t\t\t\t\t\t\t\t\t\t<a class=\"elementor-accordion-title\" tabindex=\"0\"> Versand<\/a>\n\t\t\t\t\t<\/div>\n\t\t\t\t\t<div id=\"elementor-tab-content-2132\" class=\"elementor-tab-content elementor-clearfix\" data-tab=\"2\" role=\"region\" aria-labelledby=\"elementor-tab-title-2132\"><p>Musterbestellungen k\u00f6nnen innerhalb von 3\u20137 Tagen versandt werden;<br \/>Die Produktion von Gro\u00dfbestellungen oder kundenspezifischen Bestellungen dauert 15\u201330 Tage.<\/p><\/div>\n\t\t\t\t<\/div>\n\t\t\t\t\t\t\t\t<\/div>\n\t\t\t\t<\/div>\n\t\t\t\t<\/div>\n\t\t\t\t\t<\/div>\n\t\t<\/div>\n\t\t\t\t\t\t\t<\/div>\n\t\t<\/section>\n\t\t\t\t\t\t\t<\/div>","protected":false},"excerpt":{"rendered":"<p><strong>Modell: PJ-AC1-02<\/strong><\/p>\n<div class=\"DescriptionImg\">\n<div class=\"image-box\">\n<p><img decoding=\"async\" src=\"https:\/\/bailishaver.com\/wp-content\/uploads\/2024\/03\/Meta_Icon.webp\" alt=\"Image1\" \/><\/p>\n<div class=\"caption\">Metall<\/div>\n<\/div>\n<div class=\"image-box\">\n<p><img decoding=\"async\" src=\"https:\/\/bailishaver.com\/wp-content\/uploads\/2024\/03\/Multipurpose_Icon.webp\" alt=\"Image2\" \/><\/p>\n<div class=\"caption\">Mehrzweck<\/div>\n<\/div>\n<div class=\"image-box\">\n<p><img decoding=\"async\" src=\"https:\/\/bailishaver.com\/wp-content\/uploads\/2023\/12\/Customizable.webp\" alt=\"Image3\" \/><\/p>\n<div class=\"caption\">Anpassbar<\/div>\n<\/div>\n<\/div>","protected":false},"featured_media":230343,"comment_status":"open","ping_status":"closed","template":"","meta":[],"product_cat":[37,58],"product_tag":[],"yoast_head":"<!-- This site is optimized with the Yoast SEO plugin v21.4 - https:\/\/yoast.com\/wordpress\/plugins\/seo\/ -->\n<title>Men Beard Shaving Razor Base Holder Stand for Razor - Guangzhou Weidi Technology Co.,Ltd<\/title>\n<meta name=\"description\" content=\"The razor stand suitable for the Regal system shaving razor. Men shaving great companion. After shaving, place razor directly on the base holder.\" \/>\n<meta name=\"robots\" content=\"index, follow, max-snippet:-1, max-image-preview:large, max-video-preview:-1\" \/>\n<link rel=\"canonical\" href=\"https:\/\/www.bailishaver.com\/de\/produkt\/men-beard-shaving-razor-base-holder-stand-for-razor\/\" \/>\n<meta property=\"og:locale\" content=\"de_DE\" \/>\n<meta property=\"og:type\" content=\"article\" \/>\n<meta property=\"og:title\" content=\"Men Beard Shaving Razor Base Holder Stand for Razor - Guangzhou Weidi Technology Co.,Ltd\" \/>\n<meta property=\"og:description\" content=\"The razor stand suitable for the Regal system shaving razor. Men shaving great companion. After shaving, place razor directly on the base holder.\" \/>\n<meta property=\"og:url\" content=\"https:\/\/www.bailishaver.com\/de\/produkt\/men-beard-shaving-razor-base-holder-stand-for-razor\/\" \/>\n<meta property=\"og:site_name\" content=\"Guangzhou Weidi Technology Co.,Ltd\" \/>\n<meta property=\"article:modified_time\" content=\"2024-03-04T05:49:43+00:00\" \/>\n<meta property=\"og:image\" content=\"https:\/\/www.bailishaver.com\/wp-content\/uploads\/2023\/12\/Men_Beard_Shaving_Razor_Base_Holder_Stand_for_Razor_01.webp\" \/>\n\t<meta property=\"og:image:width\" content=\"2000\" \/>\n\t<meta property=\"og:image:height\" content=\"2000\" \/>\n\t<meta property=\"og:image:type\" content=\"image\/webp\" \/>\n<meta name=\"twitter:card\" content=\"summary_large_image\" \/>\n<meta name=\"twitter:label1\" content=\"Gesch\u00e4tzte Lesezeit\" \/>\n\t<meta name=\"twitter:data1\" content=\"2\u00a0Minuten\" \/>\n<script type=\"application\/ld+json\" class=\"yoast-schema-graph\">{\"@context\":\"https:\/\/schema.org\",\"@graph\":[{\"@type\":\"WebPage\",\"@id\":\"https:\/\/www.bailishaver.com\/product\/men-beard-shaving-razor-base-holder-stand-for-razor\/\",\"url\":\"https:\/\/www.bailishaver.com\/product\/men-beard-shaving-razor-base-holder-stand-for-razor\/\",\"name\":\"Men Beard Shaving Razor Base Holder Stand for Razor - Guangzhou Weidi Technology Co.,Ltd\",\"isPartOf\":{\"@id\":\"https:\/\/www.bailishaver.com\/#website\"},\"datePublished\":\"2023-12-07T07:15:36+00:00\",\"dateModified\":\"2024-03-04T05:49:43+00:00\",\"description\":\"The razor stand suitable for the Regal system shaving razor. Men shaving great companion. After shaving, place razor directly on the base holder.\",\"breadcrumb\":{\"@id\":\"https:\/\/www.bailishaver.com\/product\/men-beard-shaving-razor-base-holder-stand-for-razor\/#breadcrumb\"},\"inLanguage\":\"de\",\"potentialAction\":[{\"@type\":\"ReadAction\",\"target\":[\"https:\/\/www.bailishaver.com\/product\/men-beard-shaving-razor-base-holder-stand-for-razor\/\"]}]},{\"@type\":\"BreadcrumbList\",\"@id\":\"https:\/\/www.bailishaver.com\/product\/men-beard-shaving-razor-base-holder-stand-for-razor\/#breadcrumb\",\"itemListElement\":[{\"@type\":\"ListItem\",\"position\":1,\"name\":\"HOME\",\"item\":\"https:\/\/www.bailishaver.com\/\"},{\"@type\":\"ListItem\",\"position\":2,\"name\":\"Product\",\"item\":\"https:\/\/www.bailishaver.com\/product\/\"},{\"@type\":\"ListItem\",\"position\":3,\"name\":\"Men Beard Shaving Razor Base Holder Stand for Razor\"}]},{\"@type\":\"WebSite\",\"@id\":\"https:\/\/www.bailishaver.com\/#website\",\"url\":\"https:\/\/www.bailishaver.com\/\",\"name\":\"Guangzhou Weidi Technology Co.,Ltd\",\"description\":\"system razors, lady razors, shaving kits, blade and refill, disposable razor, shaving , accessories, etc.\",\"potentialAction\":[{\"@type\":\"SearchAction\",\"target\":{\"@type\":\"EntryPoint\",\"urlTemplate\":\"https:\/\/www.bailishaver.com\/?s={search_term_string}\"},\"query-input\":\"required name=search_term_string\"}],\"inLanguage\":\"de\"}]}<\/script>\n<!-- \/ Yoast SEO plugin. -->","yoast_head_json":{"title":"Men Beard Shaving Razor Base Holder Stand for Razor - Guangzhou Weidi Technology Co.,Ltd","description":"The razor stand suitable for the Regal system shaving razor. Men shaving great companion. After shaving, place razor directly on the base holder.","robots":{"index":"index","follow":"follow","max-snippet":"max-snippet:-1","max-image-preview":"max-image-preview:large","max-video-preview":"max-video-preview:-1"},"canonical":"https:\/\/www.bailishaver.com\/de\/produkt\/men-beard-shaving-razor-base-holder-stand-for-razor\/","og_locale":"de_DE","og_type":"article","og_title":"Men Beard Shaving Razor Base Holder Stand for Razor - Guangzhou Weidi Technology Co.,Ltd","og_description":"The razor stand suitable for the Regal system shaving razor. Men shaving great companion. After shaving, place razor directly on the base holder.","og_url":"https:\/\/www.bailishaver.com\/de\/produkt\/men-beard-shaving-razor-base-holder-stand-for-razor\/","og_site_name":"Guangzhou Weidi Technology Co.,Ltd","article_modified_time":"2024-03-04T05:49:43+00:00","og_image":[{"width":2000,"height":2000,"url":"https:\/\/www.bailishaver.com\/wp-content\/uploads\/2023\/12\/Men_Beard_Shaving_Razor_Base_Holder_Stand_for_Razor_01.webp","type":"image\/webp"}],"twitter_card":"summary_large_image","twitter_misc":{"Gesch\u00e4tzte Lesezeit":"2\u00a0Minuten"},"schema":{"@context":"https:\/\/schema.org","@graph":[{"@type":"WebPage","@id":"https:\/\/www.bailishaver.com\/product\/men-beard-shaving-razor-base-holder-stand-for-razor\/","url":"https:\/\/www.bailishaver.com\/product\/men-beard-shaving-razor-base-holder-stand-for-razor\/","name":"Men Beard Shaving Razor Base Holder Stand for Razor - Guangzhou Weidi Technology Co.,Ltd","isPartOf":{"@id":"https:\/\/www.bailishaver.com\/#website"},"datePublished":"2023-12-07T07:15:36+00:00","dateModified":"2024-03-04T05:49:43+00:00","description":"The razor stand suitable for the Regal system shaving razor. Men shaving great companion. After shaving, place razor directly on the base holder.","breadcrumb":{"@id":"https:\/\/www.bailishaver.com\/product\/men-beard-shaving-razor-base-holder-stand-for-razor\/#breadcrumb"},"inLanguage":"de","potentialAction":[{"@type":"ReadAction","target":["https:\/\/www.bailishaver.com\/product\/men-beard-shaving-razor-base-holder-stand-for-razor\/"]}]},{"@type":"BreadcrumbList","@id":"https:\/\/www.bailishaver.com\/product\/men-beard-shaving-razor-base-holder-stand-for-razor\/#breadcrumb","itemListElement":[{"@type":"ListItem","position":1,"name":"HOME","item":"https:\/\/www.bailishaver.com\/"},{"@type":"ListItem","position":2,"name":"Product","item":"https:\/\/www.bailishaver.com\/product\/"},{"@type":"ListItem","position":3,"name":"Men Beard Shaving Razor Base Holder Stand for Razor"}]},{"@type":"WebSite","@id":"https:\/\/www.bailishaver.com\/#website","url":"https:\/\/www.bailishaver.com\/","name":"Guangzhou Weidi Technology Co.,Ltd","description":"system razors, lady razors, shaving kits, blade and refill, disposable razor, shaving , accessories, etc.","potentialAction":[{"@type":"SearchAction","target":{"@type":"EntryPoint","urlTemplate":"https:\/\/www.bailishaver.com\/?s={search_term_string}"},"query-input":"required name=search_term_string"}],"inLanguage":"de"}]}},"_links":{"self":[{"href":"https:\/\/www.bailishaver.com\/de\/wp-json\/wp\/v2\/product\/230329"}],"collection":[{"href":"https:\/\/www.bailishaver.com\/de\/wp-json\/wp\/v2\/product"}],"about":[{"href":"https:\/\/www.bailishaver.com\/de\/wp-json\/wp\/v2\/types\/product"}],"replies":[{"embeddable":true,"href":"https:\/\/www.bailishaver.com\/de\/wp-json\/wp\/v2\/comments?post=230329"}],"version-history":[{"count":2,"href":"https:\/\/www.bailishaver.com\/de\/wp-json\/wp\/v2\/product\/230329\/revisions"}],"predecessor-version":[{"id":231702,"href":"https:\/\/www.bailishaver.com\/de\/wp-json\/wp\/v2\/product\/230329\/revisions\/231702"}],"wp:featuredmedia":[{"embeddable":true,"href":"https:\/\/www.bailishaver.com\/de\/wp-json\/wp\/v2\/media\/230343"}],"wp:attachment":[{"href":"https:\/\/www.bailishaver.com\/de\/wp-json\/wp\/v2\/media?parent=230329"}],"wp:term":[{"taxonomy":"product_cat","embeddable":true,"href":"https:\/\/www.bailishaver.com\/de\/wp-json\/wp\/v2\/product_cat?post=230329"},{"taxonomy":"product_tag","embeddable":true,"href":"https:\/\/www.bailishaver.com\/de\/wp-json\/wp\/v2\/product_tag?post=230329"}],"curies":[{"name":"wp","href":"https:\/\/api.w.org\/{rel}","templated":true}]}}