{"id":228854,"date":"2023-10-24T13:42:01","date_gmt":"2023-10-24T05:42:01","guid":{"rendered":"https:\/\/bailishaver.com\/?post_type=product&#038;p=228854"},"modified":"2024-03-04T13:45:04","modified_gmt":"2024-03-04T05:45:04","slug":"191-vintage-razor-stand-bowl-mens-shaving-kits-with-brush","status":"publish","type":"product","link":"https:\/\/www.bailishaver.com\/de\/produkt\/191-vintage-razor-stand-bowl-mens-shaving-kits-with-brush\/","title":{"rendered":"191 Vintage Razor Stand Bowl Herren Rasiersets mit Pinsel"},"content":{"rendered":"<div data-elementor-type=\"product-post\" data-elementor-id=\"228854\" class=\"elementor elementor-228854\" data-elementor-post-type=\"product\">\n\t\t\t\t\t\t\t\t\t<section class=\"wd-negative-gap elementor-section elementor-top-section elementor-element elementor-element-4046c19d elementor-section-content-middle elementor-section-boxed elementor-section-height-default elementor-section-height-default wd-section-disabled\" data-id=\"4046c19d\" data-element_type=\"section\">\n\t\t\t\t\t\t<div class=\"elementor-container elementor-column-gap-default\">\n\t\t\t\t\t<div class=\"elementor-column elementor-col-50 elementor-top-column elementor-element elementor-element-5f3a54b9\" data-id=\"5f3a54b9\" data-element_type=\"column\">\n\t\t\t<div class=\"elementor-widget-wrap elementor-element-populated\">\n\t\t\t\t\t\t\t\t<div class=\"elementor-element elementor-element-18732802 elementor-widget elementor-widget-wd_text_block\" data-id=\"18732802\" data-element_type=\"widget\" data-widget_type=\"wd_text_block.default\">\n\t\t\t\t<div class=\"elementor-widget-container\">\n\t\t\t\t\t<div class=\"wd-text-block reset-last-child text-left color-title\">\n\t\t\t\n\t\t\t<p>Modell: BD522L<\/p><p>Rasierkopf: Doppelschneidiger Rasierkopf<\/p><p>Gr\u00f6\u00dfe des Rasiersets: 292 x 192 x 77 mm<\/p><p>Gewicht des Rasiersets: 905,7 g<\/p><p>Material: Zinklegierung + ABS + EVA + Edelstahl + Harz + Dachshaar<\/p><p>Eigenschaften: Luxus, waschbar, wiederverwendbar, wasserdicht, rostfrei<\/p>\n\t\t\t\t\t<\/div>\n\t\t\t\t<\/div>\n\t\t\t\t<\/div>\n\t\t\t\t\t<\/div>\n\t\t<\/div>\n\t\t\t\t<div class=\"elementor-column elementor-col-50 elementor-top-column elementor-element elementor-element-541ec9c7\" data-id=\"541ec9c7\" data-element_type=\"column\">\n\t\t\t<div class=\"elementor-widget-wrap elementor-element-populated\">\n\t\t\t\t\t\t\t\t<div class=\"elementor-element elementor-element-4536a9e4 elementor-widget elementor-widget-wd_image_or_svg\" data-id=\"4536a9e4\" data-element_type=\"widget\" data-widget_type=\"wd_image_or_svg.default\">\n\t\t\t\t<div class=\"elementor-widget-container\">\n\t\t\t\n\t\t<div class=\"wd-image text-left\">\n\t\t\t\t\t\t\t\t<img fetchpriority=\"high\" decoding=\"async\" width=\"800\" height=\"800\" src=\"https:\/\/www.bailishaver.com\/wp-content\/uploads\/2023\/11\/191_Vintage_Razor_Stand_Bowl-_ens_Shaving_Kits_with_Brush_details_01.webp\" class=\"attachment-full size-full wp-image-230154\" alt=\"\" srcset=\"https:\/\/www.bailishaver.com\/wp-content\/uploads\/2023\/11\/191_Vintage_Razor_Stand_Bowl-_ens_Shaving_Kits_with_Brush_details_01.webp 800w, https:\/\/www.bailishaver.com\/wp-content\/uploads\/2023\/11\/191_Vintage_Razor_Stand_Bowl-_ens_Shaving_Kits_with_Brush_details_01-300x300.webp 300w, https:\/\/www.bailishaver.com\/wp-content\/uploads\/2023\/11\/191_Vintage_Razor_Stand_Bowl-_ens_Shaving_Kits_with_Brush_details_01-150x150.webp 150w, https:\/\/www.bailishaver.com\/wp-content\/uploads\/2023\/11\/191_Vintage_Razor_Stand_Bowl-_ens_Shaving_Kits_with_Brush_details_01-768x768.webp 768w, https:\/\/www.bailishaver.com\/wp-content\/uploads\/2023\/11\/191_Vintage_Razor_Stand_Bowl-_ens_Shaving_Kits_with_Brush_details_01-12x12.webp 12w\" sizes=\"(max-width: 800px) 100vw, 800px\" \/>\t\t\t\t\t<\/div>\n\n\t\t\t\t<\/div>\n\t\t\t\t<\/div>\n\t\t\t\t\t<\/div>\n\t\t<\/div>\n\t\t\t\t\t\t\t<\/div>\n\t\t<\/section>\n\t\t\t\t<section class=\"wd-negative-gap elementor-section elementor-top-section elementor-element elementor-element-12a39ae1 elementor-section-content-middle elementor-section-boxed elementor-section-height-default elementor-section-height-default wd-section-disabled\" data-id=\"12a39ae1\" data-element_type=\"section\">\n\t\t\t\t\t\t<div class=\"elementor-container elementor-column-gap-default\">\n\t\t\t\t\t<div class=\"elementor-column elementor-col-50 elementor-top-column elementor-element elementor-element-4d0e8831\" data-id=\"4d0e8831\" data-element_type=\"column\">\n\t\t\t<div class=\"elementor-widget-wrap elementor-element-populated\">\n\t\t\t\t\t\t\t\t<div class=\"elementor-element elementor-element-b3959b8 elementor-widget__width-initial elementor-hidden-desktop elementor-hidden-tablet elementor-widget elementor-widget-wd_text_block\" data-id=\"b3959b8\" data-element_type=\"widget\" data-widget_type=\"wd_text_block.default\">\n\t\t\t\t<div class=\"elementor-widget-container\">\n\t\t\t\t\t<div class=\"wd-text-block reset-last-child text-left color-title\">\n\t\t\t\n\t\t\t<p>*Der Rasierer mit verl\u00e4ngertem Griff f\u00fcr bequemen Halt, besonders effizient beim Rasieren unter der Dusche; breite Schmutzrille verhindert Haarr\u00fcckst\u00e4nde und sorgt f\u00fcr Sauberkeit und Hygiene;<\/p><p>*Der Rasierer steht aufrecht und f\u00f6rdert eine schnelle Lufttrocknung und Wasserableitung, wodurch das Risiko des Bakterienwachstums verringert und Sauberkeit und Hygiene gew\u00e4hrleistet werden.<\/p><p>*Verf\u00fcgt \u00fcber eine tiefe Sch\u00fcssel mit schmaler \u00d6ffnung, ein Design, das ein schnelles und dichtes Aufsch\u00e4umen des Schaums erm\u00f6glicht;<\/p><p>*Importierte Platin-Edelstahlklinge, rostfrei mit Platinbeschichtung f\u00fcr eine sanfte Rasur. Scharf und sicher.<\/p>\n\t\t\t\t\t<\/div>\n\t\t\t\t<\/div>\n\t\t\t\t<\/div>\n\t\t\t\t<div class=\"elementor-element elementor-element-5a981d3 elementor-widget elementor-widget-wd_image_or_svg\" data-id=\"5a981d3\" data-element_type=\"widget\" data-widget_type=\"wd_image_or_svg.default\">\n\t\t\t\t<div class=\"elementor-widget-container\">\n\t\t\t\n\t\t<div class=\"wd-image text-left\">\n\t\t\t\t\t\t\t\t<img decoding=\"async\" width=\"1000\" height=\"1000\" src=\"https:\/\/www.bailishaver.com\/wp-content\/uploads\/2023\/11\/191_Vintage_Razor_Stand_Bowl-_ens_Shaving_Kits_with_Brush_details_02.webp\" class=\"attachment-full size-full wp-image-230155\" alt=\"\" srcset=\"https:\/\/www.bailishaver.com\/wp-content\/uploads\/2023\/11\/191_Vintage_Razor_Stand_Bowl-_ens_Shaving_Kits_with_Brush_details_02.webp 1000w, https:\/\/www.bailishaver.com\/wp-content\/uploads\/2023\/11\/191_Vintage_Razor_Stand_Bowl-_ens_Shaving_Kits_with_Brush_details_02-300x300.webp 300w, https:\/\/www.bailishaver.com\/wp-content\/uploads\/2023\/11\/191_Vintage_Razor_Stand_Bowl-_ens_Shaving_Kits_with_Brush_details_02-150x150.webp 150w, https:\/\/www.bailishaver.com\/wp-content\/uploads\/2023\/11\/191_Vintage_Razor_Stand_Bowl-_ens_Shaving_Kits_with_Brush_details_02-768x768.webp 768w, https:\/\/www.bailishaver.com\/wp-content\/uploads\/2023\/11\/191_Vintage_Razor_Stand_Bowl-_ens_Shaving_Kits_with_Brush_details_02-12x12.webp 12w\" sizes=\"(max-width: 1000px) 100vw, 1000px\" \/>\t\t\t\t\t<\/div>\n\n\t\t\t\t<\/div>\n\t\t\t\t<\/div>\n\t\t\t\t\t<\/div>\n\t\t<\/div>\n\t\t\t\t<div class=\"elementor-column elementor-col-50 elementor-top-column elementor-element elementor-element-397c01a4\" data-id=\"397c01a4\" data-element_type=\"column\">\n\t\t\t<div class=\"elementor-widget-wrap elementor-element-populated\">\n\t\t\t\t\t\t\t\t<div class=\"elementor-element elementor-element-f9f9a1e elementor-hidden-mobile elementor-widget elementor-widget-wd_text_block\" data-id=\"f9f9a1e\" data-element_type=\"widget\" data-widget_type=\"wd_text_block.default\">\n\t\t\t\t<div class=\"elementor-widget-container\">\n\t\t\t\t\t<div class=\"wd-text-block reset-last-child text-left color-title\">\n\t\t\t\n\t\t\t<p>*Der Rasierer mit verl\u00e4ngertem Griff f\u00fcr bequemen Halt, besonders effizient beim Rasieren unter der Dusche; breite Schmutzrille verhindert Haarr\u00fcckst\u00e4nde und sorgt f\u00fcr Sauberkeit und Hygiene;<\/p><p>*Der Rasierer steht aufrecht und f\u00f6rdert eine schnelle Lufttrocknung und Wasserableitung, wodurch das Risiko des Bakterienwachstums verringert und Sauberkeit und Hygiene gew\u00e4hrleistet werden.<\/p><p>*Verf\u00fcgt \u00fcber eine tiefe Sch\u00fcssel mit schmaler \u00d6ffnung, ein Design, das ein schnelles und dichtes Aufsch\u00e4umen des Schaums erm\u00f6glicht;<\/p><p>*Importierte Platin-Edelstahlklinge, rostfrei mit Platinbeschichtung f\u00fcr eine sanfte Rasur. Scharf und sicher.<\/p>\n\t\t\t\t\t<\/div>\n\t\t\t\t<\/div>\n\t\t\t\t<\/div>\n\t\t\t\t\t<\/div>\n\t\t<\/div>\n\t\t\t\t\t\t\t<\/div>\n\t\t<\/section>\n\t\t\t\t<section class=\"wd-negative-gap elementor-section elementor-top-section elementor-element elementor-element-38eaf730 elementor-section-content-middle elementor-section-boxed elementor-section-height-default elementor-section-height-default wd-section-disabled\" data-id=\"38eaf730\" data-element_type=\"section\">\n\t\t\t\t\t\t<div class=\"elementor-container elementor-column-gap-default\">\n\t\t\t\t\t<div class=\"elementor-column elementor-col-50 elementor-top-column elementor-element elementor-element-1dca619e\" data-id=\"1dca619e\" data-element_type=\"column\">\n\t\t\t<div class=\"elementor-widget-wrap elementor-element-populated\">\n\t\t\t\t\t\t\t\t<div class=\"elementor-element elementor-element-ff0da69 elementor-hidden-mobile elementor-widget elementor-widget-wd_text_block\" data-id=\"ff0da69\" data-element_type=\"widget\" data-widget_type=\"wd_text_block.default\">\n\t\t\t\t<div class=\"elementor-widget-container\">\n\t\t\t\t\t<div class=\"wd-text-block reset-last-child text-left color-title\">\n\t\t\t\n\t\t\t<p>*Der Rasierpinsel aus hochwertigem Dachshaar mit dichten und elastischen Borsten sorgt f\u00fcr ein beruhigendes Gef\u00fchl auf der Haut. Kreisende Bewegungen massieren die Haut und helfen so, M\u00fcdigkeit zu lindern, Poren zu reinigen, Gesichtshaare weicher zu machen und f\u00fcr ein \u00e4u\u00dferst angenehmes Rasiererlebnis zu sorgen.<\/p>\n\t\t\t\t\t<\/div>\n\t\t\t\t<\/div>\n\t\t\t\t<\/div>\n\t\t\t\t\t<\/div>\n\t\t<\/div>\n\t\t\t\t<div class=\"elementor-column elementor-col-50 elementor-top-column elementor-element elementor-element-137c34c6\" data-id=\"137c34c6\" data-element_type=\"column\">\n\t\t\t<div class=\"elementor-widget-wrap elementor-element-populated\">\n\t\t\t\t\t\t\t\t<div class=\"elementor-element elementor-element-61b6e302 elementor-widget elementor-widget-wd_image_or_svg\" data-id=\"61b6e302\" data-element_type=\"widget\" data-widget_type=\"wd_image_or_svg.default\">\n\t\t\t\t<div class=\"elementor-widget-container\">\n\t\t\t\n\t\t<div class=\"wd-image text-left\">\n\t\t\t\t\t\t\t\t<img decoding=\"async\" width=\"800\" height=\"800\" src=\"https:\/\/www.bailishaver.com\/wp-content\/uploads\/2023\/11\/191_Vintage_Razor_Stand_Bowl-_ens_Shaving_Kits_with_Brush_details_03.webp\" class=\"attachment-full size-full wp-image-230156\" alt=\"\" srcset=\"https:\/\/www.bailishaver.com\/wp-content\/uploads\/2023\/11\/191_Vintage_Razor_Stand_Bowl-_ens_Shaving_Kits_with_Brush_details_03.webp 800w, https:\/\/www.bailishaver.com\/wp-content\/uploads\/2023\/11\/191_Vintage_Razor_Stand_Bowl-_ens_Shaving_Kits_with_Brush_details_03-300x300.webp 300w, https:\/\/www.bailishaver.com\/wp-content\/uploads\/2023\/11\/191_Vintage_Razor_Stand_Bowl-_ens_Shaving_Kits_with_Brush_details_03-150x150.webp 150w, https:\/\/www.bailishaver.com\/wp-content\/uploads\/2023\/11\/191_Vintage_Razor_Stand_Bowl-_ens_Shaving_Kits_with_Brush_details_03-768x768.webp 768w, https:\/\/www.bailishaver.com\/wp-content\/uploads\/2023\/11\/191_Vintage_Razor_Stand_Bowl-_ens_Shaving_Kits_with_Brush_details_03-12x12.webp 12w\" sizes=\"(max-width: 800px) 100vw, 800px\" \/>\t\t\t\t\t<\/div>\n\n\t\t\t\t<\/div>\n\t\t\t\t<\/div>\n\t\t\t\t\t<\/div>\n\t\t<\/div>\n\t\t\t\t\t\t\t<\/div>\n\t\t<\/section>\n\t\t\t\t<section class=\"wd-negative-gap elementor-section elementor-top-section elementor-element elementor-element-1f10780a elementor-section-boxed elementor-section-height-default elementor-section-height-default wd-section-disabled\" data-id=\"1f10780a\" data-element_type=\"section\">\n\t\t\t\t\t\t<div class=\"elementor-container elementor-column-gap-default\">\n\t\t\t\t\t<div class=\"elementor-column elementor-col-100 elementor-top-column elementor-element elementor-element-1e8bf597\" data-id=\"1e8bf597\" data-element_type=\"column\">\n\t\t\t<div class=\"elementor-widget-wrap elementor-element-populated\">\n\t\t\t\t\t\t\t\t<div class=\"elementor-element elementor-element-28dda0c3 elementor-widget elementor-widget-accordion\" data-id=\"28dda0c3\" data-element_type=\"widget\" data-widget_type=\"accordion.default\">\n\t\t\t\t<div class=\"elementor-widget-container\">\n\t\t\t<style>\/*! elementor - v3.18.0 - 20-12-2023 *\/\n.elementor-accordion{text-align:left}.elementor-accordion .elementor-accordion-item{border:1px solid #d5d8dc}.elementor-accordion .elementor-accordion-item+.elementor-accordion-item{border-top:none}.elementor-accordion .elementor-tab-title{margin:0;padding:15px 20px;font-weight:700;line-height:1;cursor:pointer;outline:none}.elementor-accordion .elementor-tab-title .elementor-accordion-icon{display:inline-block;width:1.5em}.elementor-accordion .elementor-tab-title .elementor-accordion-icon svg{width:1em;height:1em}.elementor-accordion .elementor-tab-title .elementor-accordion-icon.elementor-accordion-icon-right{float:right;text-align:right}.elementor-accordion .elementor-tab-title .elementor-accordion-icon.elementor-accordion-icon-left{float:left;text-align:left}.elementor-accordion .elementor-tab-title .elementor-accordion-icon .elementor-accordion-icon-closed{display:block}.elementor-accordion .elementor-tab-title .elementor-accordion-icon .elementor-accordion-icon-opened,.elementor-accordion .elementor-tab-title.elementor-active .elementor-accordion-icon-closed{display:none}.elementor-accordion .elementor-tab-title.elementor-active .elementor-accordion-icon-opened{display:block}.elementor-accordion .elementor-tab-content{display:none;padding:15px 20px;border-top:1px solid #d5d8dc}@media (max-width:767px){.elementor-accordion .elementor-tab-title{padding:12px 15px}.elementor-accordion .elementor-tab-title .elementor-accordion-icon{width:1.2em}.elementor-accordion .elementor-tab-content{padding:7px 15px}}.e-con-inner>.elementor-widget-accordion,.e-con>.elementor-widget-accordion{width:var(--container-widget-width);--flex-grow:var(--container-widget-flex-grow)}<\/style>\t\t<div class=\"elementor-accordion\">\n\t\t\t\t\t\t\t<div class=\"elementor-accordion-item\">\n\t\t\t\t\t<div id=\"elementor-tab-title-6851\" class=\"elementor-tab-title\" data-tab=\"1\" role=\"button\" aria-controls=\"elementor-tab-content-6851\" aria-expanded=\"false\">\n\t\t\t\t\t\t\t\t\t\t\t\t\t<span class=\"elementor-accordion-icon elementor-accordion-icon-left\" aria-hidden=\"true\">\n\t\t\t\t\t\t\t\t\t\t\t\t\t\t\t<span class=\"elementor-accordion-icon-closed\"><i class=\"fas fa-caret-down\"><\/i><\/span>\n\t\t\t\t\t\t\t\t<span class=\"elementor-accordion-icon-opened\"><i class=\"fas fa-caret-up\"><\/i><\/span>\n\t\t\t\t\t\t\t\t\t\t\t\t\t\t<\/span>\n\t\t\t\t\t\t\t\t\t\t\t\t<a class=\"elementor-accordion-title\" tabindex=\"0\">Paket<\/a>\n\t\t\t\t\t<\/div>\n\t\t\t\t\t<div id=\"elementor-tab-content-6851\" class=\"elementor-tab-content elementor-clearfix\" data-tab=\"1\" role=\"region\" aria-labelledby=\"elementor-tab-title-6851\"><table><tbody><tr><td>Produkt<\/td><td>Stck<\/td><td>Paket<\/td><td>Gr\u00f6\u00dfe<\/td><td>Bruttogewicht<\/td><\/tr><tr><td rowspan=\"2\">BD522L<\/td><td class=\"et4\">1<\/td><td class=\"et4\">Kasten<\/td><td class=\"et4\">292\u00d7192\u00d777mm<\/td><td class=\"et4\">905,7g<\/td><\/tr><\/tbody><\/table><\/div>\n\t\t\t\t<\/div>\n\t\t\t\t\t\t\t<div class=\"elementor-accordion-item\">\n\t\t\t\t\t<div id=\"elementor-tab-title-6852\" class=\"elementor-tab-title\" data-tab=\"2\" role=\"button\" aria-controls=\"elementor-tab-content-6852\" aria-expanded=\"false\">\n\t\t\t\t\t\t\t\t\t\t\t\t\t<span class=\"elementor-accordion-icon elementor-accordion-icon-left\" aria-hidden=\"true\">\n\t\t\t\t\t\t\t\t\t\t\t\t\t\t\t<span class=\"elementor-accordion-icon-closed\"><i class=\"fas fa-caret-down\"><\/i><\/span>\n\t\t\t\t\t\t\t\t<span class=\"elementor-accordion-icon-opened\"><i class=\"fas fa-caret-up\"><\/i><\/span>\n\t\t\t\t\t\t\t\t\t\t\t\t\t\t<\/span>\n\t\t\t\t\t\t\t\t\t\t\t\t<a class=\"elementor-accordion-title\" tabindex=\"0\"> Versand<\/a>\n\t\t\t\t\t<\/div>\n\t\t\t\t\t<div id=\"elementor-tab-content-6852\" class=\"elementor-tab-content elementor-clearfix\" data-tab=\"2\" role=\"region\" aria-labelledby=\"elementor-tab-title-6852\"><p>Musterbestellungen k\u00f6nnen innerhalb von 3\u20137 Tagen versandt werden;<br \/>Die Produktion von Gro\u00dfbestellungen oder kundenspezifischen Bestellungen dauert 15\u201330 Tage.<\/p><\/div>\n\t\t\t\t<\/div>\n\t\t\t\t\t\t\t\t<\/div>\n\t\t\t\t<\/div>\n\t\t\t\t<\/div>\n\t\t\t\t\t<\/div>\n\t\t<\/div>\n\t\t\t\t\t\t\t<\/div>\n\t\t<\/section>\n\t\t\t\t\t\t\t<\/div>","protected":false},"excerpt":{"rendered":"<p><strong>Modell: BD522L<\/strong><\/p>\n<div class=\"DescriptionImg\">\n<div class=\"image-box\">\n<p><img decoding=\"async\" src=\"https:\/\/bailishaver.com\/wp-content\/uploads\/2023\/10\/Long_Handle.webp\" alt=\"Image1\" \/><\/p>\n<div class=\"caption\">Rasierer mit langem Griff<\/div>\n<\/div>\n<div class=\"image-box\">\n<p><img decoding=\"async\" src=\"https:\/\/bailishaver.com\/wp-content\/uploads\/2024\/03\/Badger_Brush_Icon.webp\" alt=\"Image2\" \/><\/p>\n<div class=\"caption\">Dachspinsel<\/div>\n<\/div>\n<div class=\"image-box\">\n<p><img decoding=\"async\" src=\"https:\/\/bailishaver.com\/wp-content\/uploads\/2024\/03\/Luxury_Icon.webp\" alt=\"Image3\" \/><\/p>\n<div class=\"caption\">Luxus<\/div>\n<\/div>\n<\/div>","protected":false},"featured_media":230157,"comment_status":"open","ping_status":"closed","template":"","meta":[],"product_cat":[71,34],"product_tag":[],"yoast_head":"<!-- This site is optimized with the Yoast SEO plugin v21.4 - https:\/\/yoast.com\/wordpress\/plugins\/seo\/ -->\n<title>191 Vintage Razor Stand Bowl Men&#039;s Shaving Kits with Brush - Guangzhou Weidi Technology Co.,Ltd<\/title>\n<meta name=\"description\" content=\"Luxury shaving kit include 191 Vintage double edge safety razor, zinc alloy razor stand,badger brush and bowl. For men&#039;s gift shaving kit.\" \/>\n<meta name=\"robots\" content=\"index, follow, max-snippet:-1, max-image-preview:large, max-video-preview:-1\" \/>\n<link rel=\"canonical\" href=\"https:\/\/www.bailishaver.com\/de\/produkt\/191-vintage-razor-stand-bowl-mens-shaving-kits-with-brush\/\" \/>\n<meta property=\"og:locale\" content=\"de_DE\" \/>\n<meta property=\"og:type\" content=\"article\" \/>\n<meta property=\"og:title\" content=\"191 Vintage Razor Stand Bowl Men&#039;s Shaving Kits with Brush - Guangzhou Weidi Technology Co.,Ltd\" \/>\n<meta property=\"og:description\" content=\"Luxury shaving kit include 191 Vintage double edge safety razor, zinc alloy razor stand,badger brush and bowl. For men&#039;s gift shaving kit.\" \/>\n<meta property=\"og:url\" content=\"https:\/\/www.bailishaver.com\/de\/produkt\/191-vintage-razor-stand-bowl-mens-shaving-kits-with-brush\/\" \/>\n<meta property=\"og:site_name\" content=\"Guangzhou Weidi Technology Co.,Ltd\" \/>\n<meta property=\"article:modified_time\" content=\"2024-03-04T05:45:04+00:00\" \/>\n<meta property=\"og:image\" content=\"https:\/\/www.bailishaver.com\/wp-content\/uploads\/2023\/11\/191_Vintage_Razor_Stand_Bowl-_ens_Shaving_Kits_with_Brush_01.webp\" \/>\n\t<meta property=\"og:image:width\" content=\"800\" \/>\n\t<meta property=\"og:image:height\" content=\"800\" \/>\n\t<meta property=\"og:image:type\" content=\"image\/webp\" \/>\n<meta name=\"twitter:card\" content=\"summary_large_image\" \/>\n<meta name=\"twitter:label1\" content=\"Gesch\u00e4tzte Lesezeit\" \/>\n\t<meta name=\"twitter:data1\" content=\"2\u00a0Minuten\" \/>\n<script type=\"application\/ld+json\" class=\"yoast-schema-graph\">{\"@context\":\"https:\/\/schema.org\",\"@graph\":[{\"@type\":\"WebPage\",\"@id\":\"https:\/\/www.bailishaver.com\/product\/191-vintage-razor-stand-bowl-mens-shaving-kits-with-brush\/\",\"url\":\"https:\/\/www.bailishaver.com\/product\/191-vintage-razor-stand-bowl-mens-shaving-kits-with-brush\/\",\"name\":\"191 Vintage Razor Stand Bowl Men's Shaving Kits with Brush - Guangzhou Weidi Technology Co.,Ltd\",\"isPartOf\":{\"@id\":\"https:\/\/www.bailishaver.com\/#website\"},\"datePublished\":\"2023-10-24T05:42:01+00:00\",\"dateModified\":\"2024-03-04T05:45:04+00:00\",\"description\":\"Luxury shaving kit include 191 Vintage double edge safety razor, zinc alloy razor stand,badger brush and bowl. For men's gift shaving kit.\",\"breadcrumb\":{\"@id\":\"https:\/\/www.bailishaver.com\/product\/191-vintage-razor-stand-bowl-mens-shaving-kits-with-brush\/#breadcrumb\"},\"inLanguage\":\"de\",\"potentialAction\":[{\"@type\":\"ReadAction\",\"target\":[\"https:\/\/www.bailishaver.com\/product\/191-vintage-razor-stand-bowl-mens-shaving-kits-with-brush\/\"]}]},{\"@type\":\"BreadcrumbList\",\"@id\":\"https:\/\/www.bailishaver.com\/product\/191-vintage-razor-stand-bowl-mens-shaving-kits-with-brush\/#breadcrumb\",\"itemListElement\":[{\"@type\":\"ListItem\",\"position\":1,\"name\":\"HOME\",\"item\":\"https:\/\/www.bailishaver.com\/\"},{\"@type\":\"ListItem\",\"position\":2,\"name\":\"Product\",\"item\":\"https:\/\/www.bailishaver.com\/product\/\"},{\"@type\":\"ListItem\",\"position\":3,\"name\":\"191 Vintage Razor Stand Bowl Men&#8217;s Shaving Kits with Brush\"}]},{\"@type\":\"WebSite\",\"@id\":\"https:\/\/www.bailishaver.com\/#website\",\"url\":\"https:\/\/www.bailishaver.com\/\",\"name\":\"Guangzhou Weidi Technology Co.,Ltd\",\"description\":\"system razors, lady razors, shaving kits, blade and refill, disposable razor, shaving , accessories, etc.\",\"potentialAction\":[{\"@type\":\"SearchAction\",\"target\":{\"@type\":\"EntryPoint\",\"urlTemplate\":\"https:\/\/www.bailishaver.com\/?s={search_term_string}\"},\"query-input\":\"required name=search_term_string\"}],\"inLanguage\":\"de\"}]}<\/script>\n<!-- \/ Yoast SEO plugin. -->","yoast_head_json":{"title":"191 Vintage Razor Stand Bowl Men's Shaving Kits with Brush - Guangzhou Weidi Technology Co.,Ltd","description":"Luxury shaving kit include 191 Vintage double edge safety razor, zinc alloy razor stand,badger brush and bowl. For men's gift shaving kit.","robots":{"index":"index","follow":"follow","max-snippet":"max-snippet:-1","max-image-preview":"max-image-preview:large","max-video-preview":"max-video-preview:-1"},"canonical":"https:\/\/www.bailishaver.com\/de\/produkt\/191-vintage-razor-stand-bowl-mens-shaving-kits-with-brush\/","og_locale":"de_DE","og_type":"article","og_title":"191 Vintage Razor Stand Bowl Men's Shaving Kits with Brush - Guangzhou Weidi Technology Co.,Ltd","og_description":"Luxury shaving kit include 191 Vintage double edge safety razor, zinc alloy razor stand,badger brush and bowl. For men's gift shaving kit.","og_url":"https:\/\/www.bailishaver.com\/de\/produkt\/191-vintage-razor-stand-bowl-mens-shaving-kits-with-brush\/","og_site_name":"Guangzhou Weidi Technology Co.,Ltd","article_modified_time":"2024-03-04T05:45:04+00:00","og_image":[{"width":800,"height":800,"url":"https:\/\/www.bailishaver.com\/wp-content\/uploads\/2023\/11\/191_Vintage_Razor_Stand_Bowl-_ens_Shaving_Kits_with_Brush_01.webp","type":"image\/webp"}],"twitter_card":"summary_large_image","twitter_misc":{"Gesch\u00e4tzte Lesezeit":"2\u00a0Minuten"},"schema":{"@context":"https:\/\/schema.org","@graph":[{"@type":"WebPage","@id":"https:\/\/www.bailishaver.com\/product\/191-vintage-razor-stand-bowl-mens-shaving-kits-with-brush\/","url":"https:\/\/www.bailishaver.com\/product\/191-vintage-razor-stand-bowl-mens-shaving-kits-with-brush\/","name":"191 Vintage Razor Stand Bowl Men's Shaving Kits with Brush - Guangzhou Weidi Technology Co.,Ltd","isPartOf":{"@id":"https:\/\/www.bailishaver.com\/#website"},"datePublished":"2023-10-24T05:42:01+00:00","dateModified":"2024-03-04T05:45:04+00:00","description":"Luxury shaving kit include 191 Vintage double edge safety razor, zinc alloy razor stand,badger brush and bowl. For men's gift shaving kit.","breadcrumb":{"@id":"https:\/\/www.bailishaver.com\/product\/191-vintage-razor-stand-bowl-mens-shaving-kits-with-brush\/#breadcrumb"},"inLanguage":"de","potentialAction":[{"@type":"ReadAction","target":["https:\/\/www.bailishaver.com\/product\/191-vintage-razor-stand-bowl-mens-shaving-kits-with-brush\/"]}]},{"@type":"BreadcrumbList","@id":"https:\/\/www.bailishaver.com\/product\/191-vintage-razor-stand-bowl-mens-shaving-kits-with-brush\/#breadcrumb","itemListElement":[{"@type":"ListItem","position":1,"name":"HOME","item":"https:\/\/www.bailishaver.com\/"},{"@type":"ListItem","position":2,"name":"Product","item":"https:\/\/www.bailishaver.com\/product\/"},{"@type":"ListItem","position":3,"name":"191 Vintage Razor Stand Bowl Men&#8217;s Shaving Kits with Brush"}]},{"@type":"WebSite","@id":"https:\/\/www.bailishaver.com\/#website","url":"https:\/\/www.bailishaver.com\/","name":"Guangzhou Weidi Technology Co.,Ltd","description":"system razors, lady razors, shaving kits, blade and refill, disposable razor, shaving , accessories, etc.","potentialAction":[{"@type":"SearchAction","target":{"@type":"EntryPoint","urlTemplate":"https:\/\/www.bailishaver.com\/?s={search_term_string}"},"query-input":"required name=search_term_string"}],"inLanguage":"de"}]}},"_links":{"self":[{"href":"https:\/\/www.bailishaver.com\/de\/wp-json\/wp\/v2\/product\/228854"}],"collection":[{"href":"https:\/\/www.bailishaver.com\/de\/wp-json\/wp\/v2\/product"}],"about":[{"href":"https:\/\/www.bailishaver.com\/de\/wp-json\/wp\/v2\/types\/product"}],"replies":[{"embeddable":true,"href":"https:\/\/www.bailishaver.com\/de\/wp-json\/wp\/v2\/comments?post=228854"}],"version-history":[{"count":2,"href":"https:\/\/www.bailishaver.com\/de\/wp-json\/wp\/v2\/product\/228854\/revisions"}],"predecessor-version":[{"id":231699,"href":"https:\/\/www.bailishaver.com\/de\/wp-json\/wp\/v2\/product\/228854\/revisions\/231699"}],"wp:featuredmedia":[{"embeddable":true,"href":"https:\/\/www.bailishaver.com\/de\/wp-json\/wp\/v2\/media\/230157"}],"wp:attachment":[{"href":"https:\/\/www.bailishaver.com\/de\/wp-json\/wp\/v2\/media?parent=228854"}],"wp:term":[{"taxonomy":"product_cat","embeddable":true,"href":"https:\/\/www.bailishaver.com\/de\/wp-json\/wp\/v2\/product_cat?post=228854"},{"taxonomy":"product_tag","embeddable":true,"href":"https:\/\/www.bailishaver.com\/de\/wp-json\/wp\/v2\/product_tag?post=228854"}],"curies":[{"name":"wp","href":"https:\/\/api.w.org\/{rel}","templated":true}]}}