{"id":228682,"date":"2023-10-20T16:49:29","date_gmt":"2023-10-20T08:49:29","guid":{"rendered":"https:\/\/bailishaver.com\/?post_type=product&#038;p=228682"},"modified":"2025-12-04T17:21:04","modified_gmt":"2025-12-04T09:21:04","slug":"stainless-steel-long-handle-gunmetal-butterfly-safety-razor","status":"publish","type":"product","link":"https:\/\/www.bailishaver.com\/de\/produkt\/stainless-steel-long-handle-gunmetal-butterfly-safety-razor\/","title":{"rendered":"Edelstahl-Rasierapparat mit langem Griff und Gunmetal-Schmetterlingseffekt"},"content":{"rendered":"<div data-elementor-type=\"product-post\" data-elementor-id=\"228682\" class=\"elementor elementor-228682\" data-elementor-post-type=\"product\">\n\t\t\t\t\t\t\t\t\t<section class=\"wd-negative-gap elementor-section elementor-top-section elementor-element elementor-element-142361d elementor-section-content-middle elementor-section-boxed elementor-section-height-default elementor-section-height-default wd-section-disabled\" data-id=\"142361d\" data-element_type=\"section\">\n\t\t\t\t\t\t<div class=\"elementor-container elementor-column-gap-default\">\n\t\t\t\t\t<div class=\"elementor-column elementor-col-50 elementor-top-column elementor-element elementor-element-b363c88\" data-id=\"b363c88\" data-element_type=\"column\">\n\t\t\t<div class=\"elementor-widget-wrap elementor-element-populated\">\n\t\t\t\t\t\t\t\t<div class=\"elementor-element elementor-element-e10caf5 elementor-widget elementor-widget-wd_text_block\" data-id=\"e10caf5\" data-element_type=\"widget\" data-widget_type=\"wd_text_block.default\">\n\t\t\t\t<div class=\"elementor-widget-container\">\n\t\t\t\t\t<div class=\"wd-text-block reset-last-child text-left color-title\">\n\t\t\t\n\t\t\t<p>Modell: DB-B4C<\/p><p>Rasierkopf: Rasierkopf mit Schmetterlings\u00f6ffnung<\/p><p>Rasierergr\u00f6\u00dfe: 44\u00d725\u00d7123mm<\/p><p>Gewicht des Rasierers: 123,2 g<\/p><p>Material: Zinklegierung + Edelstahl + Messing<\/p><p>Eigenschaften: waschbar, wiederverwendbar, wasserdicht, rostfrei<\/p>\n\t\t\t\t\t<\/div>\n\t\t\t\t<\/div>\n\t\t\t\t<\/div>\n\t\t\t\t\t<\/div>\n\t\t<\/div>\n\t\t\t\t<div class=\"elementor-column elementor-col-50 elementor-top-column elementor-element elementor-element-7be5f28\" data-id=\"7be5f28\" data-element_type=\"column\">\n\t\t\t<div class=\"elementor-widget-wrap elementor-element-populated\">\n\t\t\t\t\t\t\t\t<div class=\"elementor-element elementor-element-85a117a elementor-widget elementor-widget-wd_image_or_svg\" data-id=\"85a117a\" data-element_type=\"widget\" data-widget_type=\"wd_image_or_svg.default\">\n\t\t\t\t<div class=\"elementor-widget-container\">\n\t\t\t\n\t\t<div class=\"wd-image text-left\">\n\t\t\t\t\t\t\t\t<img fetchpriority=\"high\" decoding=\"async\" width=\"1000\" height=\"1000\" src=\"https:\/\/www.bailishaver.com\/wp-content\/uploads\/2023\/10\/Stainless_Steel-_Long_Handle_Gunmetal_Butterfly_Safety_Razor_details_01.webp\" class=\"attachment-full size-full wp-image-228691\" alt=\"\" srcset=\"https:\/\/www.bailishaver.com\/wp-content\/uploads\/2023\/10\/Stainless_Steel-_Long_Handle_Gunmetal_Butterfly_Safety_Razor_details_01.webp 1000w, https:\/\/www.bailishaver.com\/wp-content\/uploads\/2023\/10\/Stainless_Steel-_Long_Handle_Gunmetal_Butterfly_Safety_Razor_details_01-300x300.webp 300w, https:\/\/www.bailishaver.com\/wp-content\/uploads\/2023\/10\/Stainless_Steel-_Long_Handle_Gunmetal_Butterfly_Safety_Razor_details_01-150x150.webp 150w, https:\/\/www.bailishaver.com\/wp-content\/uploads\/2023\/10\/Stainless_Steel-_Long_Handle_Gunmetal_Butterfly_Safety_Razor_details_01-768x768.webp 768w, https:\/\/www.bailishaver.com\/wp-content\/uploads\/2023\/10\/Stainless_Steel-_Long_Handle_Gunmetal_Butterfly_Safety_Razor_details_01-12x12.webp 12w\" sizes=\"(max-width: 1000px) 100vw, 1000px\" \/>\t\t\t\t\t<\/div>\n\n\t\t\t\t<\/div>\n\t\t\t\t<\/div>\n\t\t\t\t\t<\/div>\n\t\t<\/div>\n\t\t\t\t\t\t\t<\/div>\n\t\t<\/section>\n\t\t\t\t<section class=\"wd-negative-gap elementor-section elementor-top-section elementor-element elementor-element-d47a173 elementor-section-content-middle elementor-section-boxed elementor-section-height-default elementor-section-height-default wd-section-disabled\" data-id=\"d47a173\" data-element_type=\"section\">\n\t\t\t\t\t\t<div class=\"elementor-container elementor-column-gap-default\">\n\t\t\t\t\t<div class=\"elementor-column elementor-col-50 elementor-top-column elementor-element elementor-element-e8636a4\" data-id=\"e8636a4\" data-element_type=\"column\">\n\t\t\t<div class=\"elementor-widget-wrap elementor-element-populated\">\n\t\t\t\t\t\t\t\t<div class=\"elementor-element elementor-element-e799e56 elementor-widget__width-initial elementor-hidden-desktop elementor-hidden-tablet elementor-widget elementor-widget-wd_text_block\" data-id=\"e799e56\" data-element_type=\"widget\" data-widget_type=\"wd_text_block.default\">\n\t\t\t\t<div class=\"elementor-widget-container\">\n\t\t\t\t\t<div class=\"wd-text-block reset-last-child text-left color-title\">\n\t\t\t\n\t\t\t<p>*Butterfly offener Kopf, schneller Klingenwechsel;<\/p><p>* Mechanisch freiliegender Look, verst\u00e4rkt durch metallisches Flair, m\u00fchelos cool;<\/p><p>*Pr\u00e4zisionsausrichtungspfosten f\u00fcr \u00fcberragende Klingengenauigkeit.<\/p>\n\t\t\t\t\t<\/div>\n\t\t\t\t<\/div>\n\t\t\t\t<\/div>\n\t\t\t\t<div class=\"elementor-element elementor-element-6e464df elementor-widget elementor-widget-wd_image_or_svg\" data-id=\"6e464df\" data-element_type=\"widget\" data-widget_type=\"wd_image_or_svg.default\">\n\t\t\t\t<div class=\"elementor-widget-container\">\n\t\t\t\n\t\t<div class=\"wd-image text-left\">\n\t\t\t\t\t\t\t\t<img decoding=\"async\" width=\"1000\" height=\"1000\" src=\"https:\/\/www.bailishaver.com\/wp-content\/uploads\/2023\/10\/Stainless_Steel-_Long_Handle_Gunmetal_Butterfly_Safety_Razor_details_03.webp\" class=\"attachment-full size-full wp-image-228693\" alt=\"\" srcset=\"https:\/\/www.bailishaver.com\/wp-content\/uploads\/2023\/10\/Stainless_Steel-_Long_Handle_Gunmetal_Butterfly_Safety_Razor_details_03.webp 1000w, https:\/\/www.bailishaver.com\/wp-content\/uploads\/2023\/10\/Stainless_Steel-_Long_Handle_Gunmetal_Butterfly_Safety_Razor_details_03-300x300.webp 300w, https:\/\/www.bailishaver.com\/wp-content\/uploads\/2023\/10\/Stainless_Steel-_Long_Handle_Gunmetal_Butterfly_Safety_Razor_details_03-150x150.webp 150w, https:\/\/www.bailishaver.com\/wp-content\/uploads\/2023\/10\/Stainless_Steel-_Long_Handle_Gunmetal_Butterfly_Safety_Razor_details_03-768x768.webp 768w, https:\/\/www.bailishaver.com\/wp-content\/uploads\/2023\/10\/Stainless_Steel-_Long_Handle_Gunmetal_Butterfly_Safety_Razor_details_03-12x12.webp 12w\" sizes=\"(max-width: 1000px) 100vw, 1000px\" \/>\t\t\t\t\t<\/div>\n\n\t\t\t\t<\/div>\n\t\t\t\t<\/div>\n\t\t\t\t\t<\/div>\n\t\t<\/div>\n\t\t\t\t<div class=\"elementor-column elementor-col-50 elementor-top-column elementor-element elementor-element-b79b4c6\" data-id=\"b79b4c6\" data-element_type=\"column\">\n\t\t\t<div class=\"elementor-widget-wrap elementor-element-populated\">\n\t\t\t\t\t\t\t\t<div class=\"elementor-element elementor-element-7efaaa3 elementor-hidden-mobile elementor-widget elementor-widget-wd_text_block\" data-id=\"7efaaa3\" data-element_type=\"widget\" data-widget_type=\"wd_text_block.default\">\n\t\t\t\t<div class=\"elementor-widget-container\">\n\t\t\t\t\t<div class=\"wd-text-block reset-last-child text-left color-title\">\n\t\t\t\n\t\t\t<p>*Butterfly offener Kopf, schneller Klingenwechsel;<\/p><p>* Mechanisch freiliegender Look, verst\u00e4rkt durch metallisches Flair, m\u00fchelos cool;<\/p><p>*Pr\u00e4zisionsausrichtungspfosten f\u00fcr \u00fcberragende Klingengenauigkeit.<\/p>\n\t\t\t\t\t<\/div>\n\t\t\t\t<\/div>\n\t\t\t\t<\/div>\n\t\t\t\t\t<\/div>\n\t\t<\/div>\n\t\t\t\t\t\t\t<\/div>\n\t\t<\/section>\n\t\t\t\t<section class=\"wd-negative-gap elementor-section elementor-top-section elementor-element elementor-element-a8b906d elementor-section-content-middle elementor-section-boxed elementor-section-height-default elementor-section-height-default wd-section-disabled\" data-id=\"a8b906d\" data-element_type=\"section\">\n\t\t\t\t\t\t<div class=\"elementor-container elementor-column-gap-default\">\n\t\t\t\t\t<div class=\"elementor-column elementor-col-50 elementor-top-column elementor-element elementor-element-8d82f72\" data-id=\"8d82f72\" data-element_type=\"column\">\n\t\t\t<div class=\"elementor-widget-wrap elementor-element-populated\">\n\t\t\t\t\t\t\t\t<div class=\"elementor-element elementor-element-c87fffd elementor-widget elementor-widget-wd_text_block\" data-id=\"c87fffd\" data-element_type=\"widget\" data-widget_type=\"wd_text_block.default\">\n\t\t\t\t<div class=\"elementor-widget-container\">\n\t\t\t\t\t<div class=\"wd-text-block reset-last-child text-left color-title\">\n\t\t\t\n\t\t\t<p>*Edelstahlmaterial, hochwertige umweltfreundliche Metalllegierung mit eleganter Verchromung;<\/p><p>*Perfekte Kombination aus Tradition und moderner Technologie, langer Griff f\u00fcr perfekten Halt;<\/p><p>*Obsidian-Gunmetal-Farbe, bei Influencern beliebter Rasierer;<\/p><p>*Trendige dunkle \u00c4sthetik, grenzenlose Pers\u00f6nlichkeit;<\/p><p>*Hoch\u00e4sthetischer Rasierst\u00e4nder, verdoppelt den Geschenkeindruck.<\/p>\n\t\t\t\t\t<\/div>\n\t\t\t\t<\/div>\n\t\t\t\t<\/div>\n\t\t\t\t\t<\/div>\n\t\t<\/div>\n\t\t\t\t<div class=\"elementor-column elementor-col-50 elementor-top-column elementor-element elementor-element-1db0a6b\" data-id=\"1db0a6b\" data-element_type=\"column\">\n\t\t\t<div class=\"elementor-widget-wrap elementor-element-populated\">\n\t\t\t\t\t\t\t\t<div class=\"elementor-element elementor-element-2ac895f elementor-widget elementor-widget-wd_image_or_svg\" data-id=\"2ac895f\" data-element_type=\"widget\" data-widget_type=\"wd_image_or_svg.default\">\n\t\t\t\t<div class=\"elementor-widget-container\">\n\t\t\t\n\t\t<div class=\"wd-image text-left\">\n\t\t\t\t\t\t\t\t<img decoding=\"async\" width=\"1000\" height=\"1000\" src=\"https:\/\/www.bailishaver.com\/wp-content\/uploads\/2023\/10\/Stainless_Steel-_Long_Handle_Gunmetal_Butterfly_Safety_Razor_details_02.webp\" class=\"attachment-full size-full wp-image-228692\" alt=\"\" srcset=\"https:\/\/www.bailishaver.com\/wp-content\/uploads\/2023\/10\/Stainless_Steel-_Long_Handle_Gunmetal_Butterfly_Safety_Razor_details_02.webp 1000w, https:\/\/www.bailishaver.com\/wp-content\/uploads\/2023\/10\/Stainless_Steel-_Long_Handle_Gunmetal_Butterfly_Safety_Razor_details_02-300x300.webp 300w, https:\/\/www.bailishaver.com\/wp-content\/uploads\/2023\/10\/Stainless_Steel-_Long_Handle_Gunmetal_Butterfly_Safety_Razor_details_02-150x150.webp 150w, https:\/\/www.bailishaver.com\/wp-content\/uploads\/2023\/10\/Stainless_Steel-_Long_Handle_Gunmetal_Butterfly_Safety_Razor_details_02-768x768.webp 768w, https:\/\/www.bailishaver.com\/wp-content\/uploads\/2023\/10\/Stainless_Steel-_Long_Handle_Gunmetal_Butterfly_Safety_Razor_details_02-12x12.webp 12w\" sizes=\"(max-width: 1000px) 100vw, 1000px\" \/>\t\t\t\t\t<\/div>\n\n\t\t\t\t<\/div>\n\t\t\t\t<\/div>\n\t\t\t\t\t<\/div>\n\t\t<\/div>\n\t\t\t\t\t\t\t<\/div>\n\t\t<\/section>\n\t\t\t\t<section class=\"wd-negative-gap elementor-section elementor-top-section elementor-element elementor-element-2fbb7c7 elementor-section-boxed elementor-section-height-default elementor-section-height-default wd-section-disabled\" data-id=\"2fbb7c7\" data-element_type=\"section\">\n\t\t\t\t\t\t<div class=\"elementor-container elementor-column-gap-default\">\n\t\t\t\t\t<div class=\"elementor-column elementor-col-100 elementor-top-column elementor-element elementor-element-9f097bb\" data-id=\"9f097bb\" data-element_type=\"column\">\n\t\t\t<div class=\"elementor-widget-wrap elementor-element-populated\">\n\t\t\t\t\t\t\t\t<div class=\"elementor-element elementor-element-0280bcc elementor-widget elementor-widget-accordion\" data-id=\"0280bcc\" data-element_type=\"widget\" data-widget_type=\"accordion.default\">\n\t\t\t\t<div class=\"elementor-widget-container\">\n\t\t\t<style>\/*! elementor - v3.18.0 - 20-12-2023 *\/\n.elementor-accordion{text-align:left}.elementor-accordion .elementor-accordion-item{border:1px solid #d5d8dc}.elementor-accordion .elementor-accordion-item+.elementor-accordion-item{border-top:none}.elementor-accordion .elementor-tab-title{margin:0;padding:15px 20px;font-weight:700;line-height:1;cursor:pointer;outline:none}.elementor-accordion .elementor-tab-title .elementor-accordion-icon{display:inline-block;width:1.5em}.elementor-accordion .elementor-tab-title .elementor-accordion-icon svg{width:1em;height:1em}.elementor-accordion .elementor-tab-title .elementor-accordion-icon.elementor-accordion-icon-right{float:right;text-align:right}.elementor-accordion .elementor-tab-title .elementor-accordion-icon.elementor-accordion-icon-left{float:left;text-align:left}.elementor-accordion .elementor-tab-title .elementor-accordion-icon .elementor-accordion-icon-closed{display:block}.elementor-accordion .elementor-tab-title .elementor-accordion-icon .elementor-accordion-icon-opened,.elementor-accordion .elementor-tab-title.elementor-active .elementor-accordion-icon-closed{display:none}.elementor-accordion .elementor-tab-title.elementor-active .elementor-accordion-icon-opened{display:block}.elementor-accordion .elementor-tab-content{display:none;padding:15px 20px;border-top:1px solid #d5d8dc}@media (max-width:767px){.elementor-accordion .elementor-tab-title{padding:12px 15px}.elementor-accordion .elementor-tab-title .elementor-accordion-icon{width:1.2em}.elementor-accordion .elementor-tab-content{padding:7px 15px}}.e-con-inner>.elementor-widget-accordion,.e-con>.elementor-widget-accordion{width:var(--container-widget-width);--flex-grow:var(--container-widget-flex-grow)}<\/style>\t\t<div class=\"elementor-accordion\">\n\t\t\t\t\t\t\t<div class=\"elementor-accordion-item\">\n\t\t\t\t\t<div id=\"elementor-tab-title-2621\" class=\"elementor-tab-title\" data-tab=\"1\" role=\"button\" aria-controls=\"elementor-tab-content-2621\" aria-expanded=\"false\">\n\t\t\t\t\t\t\t\t\t\t\t\t\t<span class=\"elementor-accordion-icon elementor-accordion-icon-left\" aria-hidden=\"true\">\n\t\t\t\t\t\t\t\t\t\t\t\t\t\t\t<span class=\"elementor-accordion-icon-closed\"><i class=\"fas fa-caret-down\"><\/i><\/span>\n\t\t\t\t\t\t\t\t<span class=\"elementor-accordion-icon-opened\"><i class=\"fas fa-caret-up\"><\/i><\/span>\n\t\t\t\t\t\t\t\t\t\t\t\t\t\t<\/span>\n\t\t\t\t\t\t\t\t\t\t\t\t<a class=\"elementor-accordion-title\" tabindex=\"0\">Paket<\/a>\n\t\t\t\t\t<\/div>\n\t\t\t\t\t<div id=\"elementor-tab-content-2621\" class=\"elementor-tab-content elementor-clearfix\" data-tab=\"1\" role=\"region\" aria-labelledby=\"elementor-tab-title-2621\"><table><tbody><tr><td>Produkt<\/td><td>Stck<\/td><td>Paket<\/td><td>Gr\u00f6\u00dfe<\/td><td>Bruttogewicht<\/td><\/tr><tr><td rowspan=\"2\">DB-B4C<\/td><td class=\"et4\">1<\/td><td class=\"et4\">Opp Beutel<\/td><td class=\"et4\">44\u00d725\u00d7123mm<\/td><td class=\"et4\">123,2g<\/td><\/tr><tr><td>96<\/td><td>Karton<\/td><td>385\u00d7155\u00d7235mm<\/td><td>13,3 kg<\/td><\/tr><\/tbody><\/table><\/div>\n\t\t\t\t<\/div>\n\t\t\t\t\t\t\t<div class=\"elementor-accordion-item\">\n\t\t\t\t\t<div id=\"elementor-tab-title-2622\" class=\"elementor-tab-title\" data-tab=\"2\" role=\"button\" aria-controls=\"elementor-tab-content-2622\" aria-expanded=\"false\">\n\t\t\t\t\t\t\t\t\t\t\t\t\t<span class=\"elementor-accordion-icon elementor-accordion-icon-left\" aria-hidden=\"true\">\n\t\t\t\t\t\t\t\t\t\t\t\t\t\t\t<span class=\"elementor-accordion-icon-closed\"><i class=\"fas fa-caret-down\"><\/i><\/span>\n\t\t\t\t\t\t\t\t<span class=\"elementor-accordion-icon-opened\"><i class=\"fas fa-caret-up\"><\/i><\/span>\n\t\t\t\t\t\t\t\t\t\t\t\t\t\t<\/span>\n\t\t\t\t\t\t\t\t\t\t\t\t<a class=\"elementor-accordion-title\" tabindex=\"0\"> Versand<\/a>\n\t\t\t\t\t<\/div>\n\t\t\t\t\t<div id=\"elementor-tab-content-2622\" class=\"elementor-tab-content elementor-clearfix\" data-tab=\"2\" role=\"region\" aria-labelledby=\"elementor-tab-title-2622\"><p>Musterbestellungen k\u00f6nnen innerhalb von 3\u20137 Tagen versandt werden;<br \/>Die Produktion von Gro\u00dfbestellungen oder kundenspezifischen Bestellungen dauert 15\u201330 Tage.<\/p><\/div>\n\t\t\t\t<\/div>\n\t\t\t\t\t\t\t\t<\/div>\n\t\t\t\t<\/div>\n\t\t\t\t<\/div>\n\t\t\t\t\t<\/div>\n\t\t<\/div>\n\t\t\t\t\t\t\t<\/div>\n\t\t<\/section>\n\t\t\t\t\t\t\t<\/div>","protected":false},"excerpt":{"rendered":"<p><strong>Modell: DB-B4C<\/strong><\/p>\n<div class=\"DescriptionImg\">\n<div class=\"image-box\">\n<img decoding=\"async\" src=\"https:\/\/bailishaver.com\/wp-content\/uploads\/2023\/09\/Butterfly-Opening.png\" alt=\"Image1\" \/><\/p>\n<div class=\"caption\">Schmetterlings\u00f6ffnung<\/div>\n<\/div>\n<div class=\"image-box\">\n<img decoding=\"async\" src=\"https:\/\/bailishaver.com\/wp-content\/uploads\/2023\/10\/Extra-long_Handle.webp\" alt=\"Image2\" \/><\/p>\n<div class=\"caption\">Extra langer Griff<\/div>\n<\/div>\n<div class=\"image-box\">\n<img decoding=\"async\" src=\"https:\/\/bailishaver.com\/wp-content\/uploads\/2023\/09\/Mild.png\" alt=\"Image3\" \/><\/p>\n<div class=\"caption\">Leicht<\/div>\n<\/div>\n<\/div>","protected":false},"featured_media":228685,"comment_status":"open","ping_status":"closed","template":"","meta":[],"product_cat":[31],"product_tag":[],"yoast_head":"<!-- This site is optimized with the Yoast SEO plugin v21.4 - https:\/\/yoast.com\/wordpress\/plugins\/seo\/ -->\n<title>Stainless Steel Long Handle Gunmetal Butterfly Safety Razor - Guangzhou Weidi Technology Co.,Ltd<\/title>\n<meta name=\"description\" content=\"Butterfly open head, swift blade replacement, gunmetal mechanical exposed look enhanced by metallic vibe. Stainless steel long handle for a perfect grip.\" \/>\n<meta name=\"robots\" content=\"index, follow, max-snippet:-1, max-image-preview:large, max-video-preview:-1\" \/>\n<link rel=\"canonical\" href=\"https:\/\/www.bailishaver.com\/de\/produkt\/stainless-steel-long-handle-gunmetal-butterfly-safety-razor\/\" \/>\n<meta property=\"og:locale\" content=\"de_DE\" \/>\n<meta property=\"og:type\" content=\"article\" \/>\n<meta property=\"og:title\" content=\"Stainless Steel Long Handle Gunmetal Butterfly Safety Razor - Guangzhou Weidi Technology Co.,Ltd\" \/>\n<meta property=\"og:description\" content=\"Butterfly open head, swift blade replacement, gunmetal mechanical exposed look enhanced by metallic vibe. Stainless steel long handle for a perfect grip.\" \/>\n<meta property=\"og:url\" content=\"https:\/\/www.bailishaver.com\/de\/produkt\/stainless-steel-long-handle-gunmetal-butterfly-safety-razor\/\" \/>\n<meta property=\"og:site_name\" content=\"Guangzhou Weidi Technology Co.,Ltd\" \/>\n<meta property=\"article:modified_time\" content=\"2025-12-04T09:21:04+00:00\" \/>\n<meta property=\"og:image\" content=\"https:\/\/www.bailishaver.com\/wp-content\/uploads\/2023\/10\/Stainless_Steel-_Long_Handle_Gunmetal_Butterfly_Safety_Razor_01.webp\" \/>\n\t<meta property=\"og:image:width\" content=\"2000\" \/>\n\t<meta property=\"og:image:height\" content=\"2000\" \/>\n\t<meta property=\"og:image:type\" content=\"image\/webp\" \/>\n<meta name=\"twitter:card\" content=\"summary_large_image\" \/>\n<meta name=\"twitter:label1\" content=\"Gesch\u00e4tzte Lesezeit\" \/>\n\t<meta name=\"twitter:data1\" content=\"2\u00a0Minuten\" \/>\n<script type=\"application\/ld+json\" class=\"yoast-schema-graph\">{\"@context\":\"https:\/\/schema.org\",\"@graph\":[{\"@type\":\"WebPage\",\"@id\":\"https:\/\/www.bailishaver.com\/product\/stainless-steel-long-handle-gunmetal-butterfly-safety-razor\/\",\"url\":\"https:\/\/www.bailishaver.com\/product\/stainless-steel-long-handle-gunmetal-butterfly-safety-razor\/\",\"name\":\"Stainless Steel Long Handle Gunmetal Butterfly Safety Razor - Guangzhou Weidi Technology Co.,Ltd\",\"isPartOf\":{\"@id\":\"https:\/\/www.bailishaver.com\/#website\"},\"datePublished\":\"2023-10-20T08:49:29+00:00\",\"dateModified\":\"2025-12-04T09:21:04+00:00\",\"description\":\"Butterfly open head, swift blade replacement, gunmetal mechanical exposed look enhanced by metallic vibe. Stainless steel long handle for a perfect grip.\",\"breadcrumb\":{\"@id\":\"https:\/\/www.bailishaver.com\/product\/stainless-steel-long-handle-gunmetal-butterfly-safety-razor\/#breadcrumb\"},\"inLanguage\":\"de\",\"potentialAction\":[{\"@type\":\"ReadAction\",\"target\":[\"https:\/\/www.bailishaver.com\/product\/stainless-steel-long-handle-gunmetal-butterfly-safety-razor\/\"]}]},{\"@type\":\"BreadcrumbList\",\"@id\":\"https:\/\/www.bailishaver.com\/product\/stainless-steel-long-handle-gunmetal-butterfly-safety-razor\/#breadcrumb\",\"itemListElement\":[{\"@type\":\"ListItem\",\"position\":1,\"name\":\"HOME\",\"item\":\"https:\/\/www.bailishaver.com\/\"},{\"@type\":\"ListItem\",\"position\":2,\"name\":\"Product\",\"item\":\"https:\/\/www.bailishaver.com\/product\/\"},{\"@type\":\"ListItem\",\"position\":3,\"name\":\"Stainless Steel Long Handle Gunmetal Butterfly Safety Razor\"}]},{\"@type\":\"WebSite\",\"@id\":\"https:\/\/www.bailishaver.com\/#website\",\"url\":\"https:\/\/www.bailishaver.com\/\",\"name\":\"Guangzhou Weidi Technology Co.,Ltd\",\"description\":\"system razors, lady razors, shaving kits, blade and refill, disposable razor, shaving , accessories, etc.\",\"potentialAction\":[{\"@type\":\"SearchAction\",\"target\":{\"@type\":\"EntryPoint\",\"urlTemplate\":\"https:\/\/www.bailishaver.com\/?s={search_term_string}\"},\"query-input\":\"required name=search_term_string\"}],\"inLanguage\":\"de\"}]}<\/script>\n<!-- \/ Yoast SEO plugin. -->","yoast_head_json":{"title":"Stainless Steel Long Handle Gunmetal Butterfly Safety Razor - Guangzhou Weidi Technology Co.,Ltd","description":"Butterfly open head, swift blade replacement, gunmetal mechanical exposed look enhanced by metallic vibe. Stainless steel long handle for a perfect grip.","robots":{"index":"index","follow":"follow","max-snippet":"max-snippet:-1","max-image-preview":"max-image-preview:large","max-video-preview":"max-video-preview:-1"},"canonical":"https:\/\/www.bailishaver.com\/de\/produkt\/stainless-steel-long-handle-gunmetal-butterfly-safety-razor\/","og_locale":"de_DE","og_type":"article","og_title":"Stainless Steel Long Handle Gunmetal Butterfly Safety Razor - Guangzhou Weidi Technology Co.,Ltd","og_description":"Butterfly open head, swift blade replacement, gunmetal mechanical exposed look enhanced by metallic vibe. Stainless steel long handle for a perfect grip.","og_url":"https:\/\/www.bailishaver.com\/de\/produkt\/stainless-steel-long-handle-gunmetal-butterfly-safety-razor\/","og_site_name":"Guangzhou Weidi Technology Co.,Ltd","article_modified_time":"2025-12-04T09:21:04+00:00","og_image":[{"width":2000,"height":2000,"url":"https:\/\/www.bailishaver.com\/wp-content\/uploads\/2023\/10\/Stainless_Steel-_Long_Handle_Gunmetal_Butterfly_Safety_Razor_01.webp","type":"image\/webp"}],"twitter_card":"summary_large_image","twitter_misc":{"Gesch\u00e4tzte Lesezeit":"2\u00a0Minuten"},"schema":{"@context":"https:\/\/schema.org","@graph":[{"@type":"WebPage","@id":"https:\/\/www.bailishaver.com\/product\/stainless-steel-long-handle-gunmetal-butterfly-safety-razor\/","url":"https:\/\/www.bailishaver.com\/product\/stainless-steel-long-handle-gunmetal-butterfly-safety-razor\/","name":"Stainless Steel Long Handle Gunmetal Butterfly Safety Razor - Guangzhou Weidi Technology Co.,Ltd","isPartOf":{"@id":"https:\/\/www.bailishaver.com\/#website"},"datePublished":"2023-10-20T08:49:29+00:00","dateModified":"2025-12-04T09:21:04+00:00","description":"Butterfly open head, swift blade replacement, gunmetal mechanical exposed look enhanced by metallic vibe. Stainless steel long handle for a perfect grip.","breadcrumb":{"@id":"https:\/\/www.bailishaver.com\/product\/stainless-steel-long-handle-gunmetal-butterfly-safety-razor\/#breadcrumb"},"inLanguage":"de","potentialAction":[{"@type":"ReadAction","target":["https:\/\/www.bailishaver.com\/product\/stainless-steel-long-handle-gunmetal-butterfly-safety-razor\/"]}]},{"@type":"BreadcrumbList","@id":"https:\/\/www.bailishaver.com\/product\/stainless-steel-long-handle-gunmetal-butterfly-safety-razor\/#breadcrumb","itemListElement":[{"@type":"ListItem","position":1,"name":"HOME","item":"https:\/\/www.bailishaver.com\/"},{"@type":"ListItem","position":2,"name":"Product","item":"https:\/\/www.bailishaver.com\/product\/"},{"@type":"ListItem","position":3,"name":"Stainless Steel Long Handle Gunmetal Butterfly Safety Razor"}]},{"@type":"WebSite","@id":"https:\/\/www.bailishaver.com\/#website","url":"https:\/\/www.bailishaver.com\/","name":"Guangzhou Weidi Technology Co.,Ltd","description":"system razors, lady razors, shaving kits, blade and refill, disposable razor, shaving , accessories, etc.","potentialAction":[{"@type":"SearchAction","target":{"@type":"EntryPoint","urlTemplate":"https:\/\/www.bailishaver.com\/?s={search_term_string}"},"query-input":"required name=search_term_string"}],"inLanguage":"de"}]}},"_links":{"self":[{"href":"https:\/\/www.bailishaver.com\/de\/wp-json\/wp\/v2\/product\/228682"}],"collection":[{"href":"https:\/\/www.bailishaver.com\/de\/wp-json\/wp\/v2\/product"}],"about":[{"href":"https:\/\/www.bailishaver.com\/de\/wp-json\/wp\/v2\/types\/product"}],"replies":[{"embeddable":true,"href":"https:\/\/www.bailishaver.com\/de\/wp-json\/wp\/v2\/comments?post=228682"}],"version-history":[{"count":2,"href":"https:\/\/www.bailishaver.com\/de\/wp-json\/wp\/v2\/product\/228682\/revisions"}],"predecessor-version":[{"id":234924,"href":"https:\/\/www.bailishaver.com\/de\/wp-json\/wp\/v2\/product\/228682\/revisions\/234924"}],"wp:featuredmedia":[{"embeddable":true,"href":"https:\/\/www.bailishaver.com\/de\/wp-json\/wp\/v2\/media\/228685"}],"wp:attachment":[{"href":"https:\/\/www.bailishaver.com\/de\/wp-json\/wp\/v2\/media?parent=228682"}],"wp:term":[{"taxonomy":"product_cat","embeddable":true,"href":"https:\/\/www.bailishaver.com\/de\/wp-json\/wp\/v2\/product_cat?post=228682"},{"taxonomy":"product_tag","embeddable":true,"href":"https:\/\/www.bailishaver.com\/de\/wp-json\/wp\/v2\/product_tag?post=228682"}],"curies":[{"name":"wp","href":"https:\/\/api.w.org\/{rel}","templated":true}]}}