{"id":228621,"date":"2023-10-20T11:56:01","date_gmt":"2023-10-20T03:56:01","guid":{"rendered":"https:\/\/bailishaver.com\/?post_type=product&#038;p=228621"},"modified":"2023-11-22T17:15:13","modified_gmt":"2023-11-22T09:15:13","slug":"junchi-5-layer-five-blades-all-metal-razor-shaving-razor","status":"publish","type":"product","link":"https:\/\/www.bailishaver.com\/de\/produkt\/junchi-5-layer-five-blades-all-metal-razor-shaving-razor\/","title":{"rendered":"JUNCHI 5-lagiger Ganzmetall-Rasierer mit f\u00fcnf Klingen"},"content":{"rendered":"<div data-elementor-type=\"product-post\" data-elementor-id=\"228621\" class=\"elementor elementor-228621\" data-elementor-post-type=\"product\">\n\t\t\t\t\t\t\t\t\t<section class=\"wd-negative-gap elementor-section elementor-top-section elementor-element elementor-element-7276070b elementor-section-content-middle elementor-section-boxed elementor-section-height-default elementor-section-height-default wd-section-disabled\" data-id=\"7276070b\" data-element_type=\"section\">\n\t\t\t\t\t\t<div class=\"elementor-container elementor-column-gap-default\">\n\t\t\t\t\t<div class=\"elementor-column elementor-col-50 elementor-top-column elementor-element elementor-element-22d64026\" data-id=\"22d64026\" data-element_type=\"column\">\n\t\t\t<div class=\"elementor-widget-wrap elementor-element-populated\">\n\t\t\t\t\t\t\t\t<div class=\"elementor-element elementor-element-674c28e3 elementor-widget elementor-widget-wd_text_block\" data-id=\"674c28e3\" data-element_type=\"widget\" data-widget_type=\"wd_text_block.default\">\n\t\t\t\t<div class=\"elementor-widget-container\">\n\t\t\t\t\t<div class=\"wd-text-block reset-last-child text-left color-title\">\n\t\t\t\n\t\t\t<p>Modell: DB518<\/p><p>Rasierkopf: Rasierkopf mit 5-lagigen Klingen<\/p><p>Gr\u00f6\u00dfe des Rasierergriffs: 126,5 x 23,2 x 14,5 mm<\/p><p>Rasierergr\u00f6\u00dfe: 149,5 x 43,3 x 18,5 mm<\/p><p>Gewicht des Rasierers: 81,5 g<\/p><p>Material: Ganzmetall-Zinklegierung<\/p><p>Eigenschaften: Doppelter feuchtigkeitsspendender Aloe-Vera-Streifen; waschbar; wiederverwendbar; wasserdicht; rostfrei<\/p>\n\t\t\t\t\t<\/div>\n\t\t\t\t<\/div>\n\t\t\t\t<\/div>\n\t\t\t\t\t<\/div>\n\t\t<\/div>\n\t\t\t\t<div class=\"elementor-column elementor-col-50 elementor-top-column elementor-element elementor-element-73250d3b\" data-id=\"73250d3b\" data-element_type=\"column\">\n\t\t\t<div class=\"elementor-widget-wrap elementor-element-populated\">\n\t\t\t\t\t\t\t\t<div class=\"elementor-element elementor-element-1a627349 elementor-widget elementor-widget-wd_image_or_svg\" data-id=\"1a627349\" data-element_type=\"widget\" data-widget_type=\"wd_image_or_svg.default\">\n\t\t\t\t<div class=\"elementor-widget-container\">\n\t\t\t\n\t\t<div class=\"wd-image text-left\">\n\t\t\t\t\t\t\t\t<img fetchpriority=\"high\" decoding=\"async\" width=\"800\" height=\"800\" src=\"https:\/\/www.bailishaver.com\/wp-content\/uploads\/2023\/11\/JUNCHI_5-layer_Five_Blades_All_Metal_Razor_Shaving_Razor_details_01.webp\" class=\"attachment-full size-full wp-image-229938\" alt=\"\" srcset=\"https:\/\/www.bailishaver.com\/wp-content\/uploads\/2023\/11\/JUNCHI_5-layer_Five_Blades_All_Metal_Razor_Shaving_Razor_details_01.webp 800w, https:\/\/www.bailishaver.com\/wp-content\/uploads\/2023\/11\/JUNCHI_5-layer_Five_Blades_All_Metal_Razor_Shaving_Razor_details_01-300x300.webp 300w, https:\/\/www.bailishaver.com\/wp-content\/uploads\/2023\/11\/JUNCHI_5-layer_Five_Blades_All_Metal_Razor_Shaving_Razor_details_01-150x150.webp 150w, https:\/\/www.bailishaver.com\/wp-content\/uploads\/2023\/11\/JUNCHI_5-layer_Five_Blades_All_Metal_Razor_Shaving_Razor_details_01-768x768.webp 768w, https:\/\/www.bailishaver.com\/wp-content\/uploads\/2023\/11\/JUNCHI_5-layer_Five_Blades_All_Metal_Razor_Shaving_Razor_details_01-12x12.webp 12w\" sizes=\"(max-width: 800px) 100vw, 800px\" \/>\t\t\t\t\t<\/div>\n\n\t\t\t\t<\/div>\n\t\t\t\t<\/div>\n\t\t\t\t\t<\/div>\n\t\t<\/div>\n\t\t\t\t\t\t\t<\/div>\n\t\t<\/section>\n\t\t\t\t<section class=\"wd-negative-gap elementor-section elementor-top-section elementor-element elementor-element-1cef2368 elementor-section-content-middle elementor-section-boxed elementor-section-height-default elementor-section-height-default wd-section-disabled\" data-id=\"1cef2368\" data-element_type=\"section\">\n\t\t\t\t\t\t<div class=\"elementor-container elementor-column-gap-default\">\n\t\t\t\t\t<div class=\"elementor-column elementor-col-50 elementor-top-column elementor-element elementor-element-3b7e6f38\" data-id=\"3b7e6f38\" data-element_type=\"column\">\n\t\t\t<div class=\"elementor-widget-wrap elementor-element-populated\">\n\t\t\t\t\t\t\t\t<div class=\"elementor-element elementor-element-f6245b2 elementor-hidden-desktop elementor-hidden-tablet elementor-widget elementor-widget-wd_text_block\" data-id=\"f6245b2\" data-element_type=\"widget\" data-widget_type=\"wd_text_block.default\">\n\t\t\t\t<div class=\"elementor-widget-container\">\n\t\t\t\t\t<div class=\"wd-text-block reset-last-child text-left color-title\">\n\t\t\t\n\t\t\t<p>* Hergestellt aus Zinklegierungsmaterial, korrosionsbest\u00e4ndig und langlebig. Wasserdicht und rostfrei, antioxidativ;<\/p><p>*Dieser Rasierer hat ein stromlinienf\u00f6rmiges Design, das einem Sportwagen \u00e4hnelt, was ihn modisch und beliebt bei Menschen jeden Alters macht;<\/p><p>*Der Griff ist mit den Rasierk\u00f6pfen von BAILI kompatibel: DT40, DT35, DT56, DT51;<\/p><p>*Das Anti-Rutsch-Muster simuliert Reifenrillen, wodurch es auch bei N\u00e4sse rutschfest ist und ein besseres Rasiererlebnis bietet.<\/p>\n\t\t\t\t\t<\/div>\n\t\t\t\t<\/div>\n\t\t\t\t<\/div>\n\t\t\t\t<div class=\"elementor-element elementor-element-76062635 elementor-widget elementor-widget-wd_image_or_svg\" data-id=\"76062635\" data-element_type=\"widget\" data-widget_type=\"wd_image_or_svg.default\">\n\t\t\t\t<div class=\"elementor-widget-container\">\n\t\t\t\n\t\t<div class=\"wd-image text-left\">\n\t\t\t\t\t\t\t\t<img decoding=\"async\" src=\"https:\/\/www.bailishaver.com\/wp-content\/uploads\/elementor\/thumbs\/JUNCHI_5-layer_Five_Blades_All_Metal_Razor_Shaving_Razor_details_02-qfq5979mtaiv2y8dfb2p0m2g6t04rlodjs2bwi4f28.webp\" title=\"JUNCHI_5-layer_Five_Blades_All_Metal_Razor_Shaving_Razor_details_02\" alt=\"JUNCHI_5-layer_Five_Blades_All_Metal_Razor_Shaving_Razor_details_02\" loading=\"lazy\" \/>\t\t\t\t\t<\/div>\n\n\t\t\t\t<\/div>\n\t\t\t\t<\/div>\n\t\t\t\t\t<\/div>\n\t\t<\/div>\n\t\t\t\t<div class=\"elementor-column elementor-col-50 elementor-top-column elementor-element elementor-element-ac389ce\" data-id=\"ac389ce\" data-element_type=\"column\">\n\t\t\t<div class=\"elementor-widget-wrap elementor-element-populated\">\n\t\t\t\t\t\t\t\t<div class=\"elementor-element elementor-element-3eb6efa1 elementor-hidden-mobile elementor-widget elementor-widget-wd_text_block\" data-id=\"3eb6efa1\" data-element_type=\"widget\" data-widget_type=\"wd_text_block.default\">\n\t\t\t\t<div class=\"elementor-widget-container\">\n\t\t\t\t\t<div class=\"wd-text-block reset-last-child text-left color-title\">\n\t\t\t\n\t\t\t<p>\u00a0<\/p><p>* Hergestellt aus Zinklegierungsmaterial, korrosionsbest\u00e4ndig und langlebig. Wasserdicht und rostfrei, antioxidativ;<\/p><p>*Dieser Rasierer hat ein stromlinienf\u00f6rmiges Design, das einem Sportwagen \u00e4hnelt, was ihn modisch und beliebt bei Menschen jeden Alters macht;<\/p><p>*Der Griff ist mit den Rasierk\u00f6pfen von BAILI kompatibel: DT40, DT35, DT56, DT51;<\/p><p>*Das Anti-Rutsch-Muster simuliert Reifenrillen, wodurch es auch bei N\u00e4sse rutschfest ist und ein besseres Rasiererlebnis bietet.<\/p>\n\t\t\t\t\t<\/div>\n\t\t\t\t<\/div>\n\t\t\t\t<\/div>\n\t\t\t\t\t<\/div>\n\t\t<\/div>\n\t\t\t\t\t\t\t<\/div>\n\t\t<\/section>\n\t\t\t\t<section class=\"wd-negative-gap elementor-section elementor-top-section elementor-element elementor-element-64d9f8bf elementor-section-content-middle elementor-section-boxed elementor-section-height-default elementor-section-height-default wd-section-disabled\" data-id=\"64d9f8bf\" data-element_type=\"section\">\n\t\t\t\t\t\t<div class=\"elementor-container elementor-column-gap-default\">\n\t\t\t\t\t<div class=\"elementor-column elementor-col-50 elementor-top-column elementor-element elementor-element-5b5892ff\" data-id=\"5b5892ff\" data-element_type=\"column\">\n\t\t\t<div class=\"elementor-widget-wrap elementor-element-populated\">\n\t\t\t\t\t\t\t\t<div class=\"elementor-element elementor-element-799fb693 elementor-widget elementor-widget-wd_text_block\" data-id=\"799fb693\" data-element_type=\"widget\" data-widget_type=\"wd_text_block.default\">\n\t\t\t\t<div class=\"elementor-widget-container\">\n\t\t\t\t\t<div class=\"wd-text-block reset-last-child text-left color-title\">\n\t\t\t\n\t\t\t<p>*Innovatives Design mit integrierter Feintrimmklinge f\u00fcr eine praktischere Form:<\/p><p>Die Oberseite des Rasierkopfes ist mit einer Styling-Finishing-Klinge ausgestattet, mit der Sie die Haarspitzen der Koteletten bequem k\u00fcrzen und ganz einfach einen Gentleman-Look kreieren k\u00f6nnen. es gibt auch einzigartige Reinigungsl\u00f6cher f\u00fcr eine einfachere Reinigung;<\/p><p>* Verbesserte Schmierstreifen sind glatter:<\/p><p>Feuchtigkeitsspendende Hautpflege-Gleitstreifen reduzieren Reizungen und sch\u00fctzen und befeuchten die Haut effektiv f\u00fcr eine glatte, angenehme Rasur.<\/p><p>*Die 5-lagige ultrad\u00fcnne Klinge ist sauberer und komfortabler:<\/p><p>Die Klingenkante ist speziell mit Platin beschichtet, was extrem scharf und langlebig ist. Die f\u00fcnfschichtige Klinge kann wiederholte Rasierbewegungen reduzieren, wodurch sich die Haut super glatt und angenehm anf\u00fchlt und die Rasur schneller und sauberer wird.<\/p>\n\t\t\t\t\t<\/div>\n\t\t\t\t<\/div>\n\t\t\t\t<\/div>\n\t\t\t\t\t<\/div>\n\t\t<\/div>\n\t\t\t\t<div class=\"elementor-column elementor-col-50 elementor-top-column elementor-element elementor-element-3f72b81b\" data-id=\"3f72b81b\" data-element_type=\"column\">\n\t\t\t<div class=\"elementor-widget-wrap elementor-element-populated\">\n\t\t\t\t\t\t\t\t<div class=\"elementor-element elementor-element-309ca99f elementor-widget elementor-widget-wd_image_or_svg\" data-id=\"309ca99f\" data-element_type=\"widget\" data-widget_type=\"wd_image_or_svg.default\">\n\t\t\t\t<div class=\"elementor-widget-container\">\n\t\t\t\n\t\t<div class=\"wd-image text-left\">\n\t\t\t\t\t\t\t\t<img decoding=\"async\" width=\"800\" height=\"800\" src=\"https:\/\/www.bailishaver.com\/wp-content\/uploads\/2023\/11\/JUNCHI_5-layer_Five_Blades_All_Metal_Razor_Shaving_Razor_details_03.webp\" class=\"attachment-full size-full wp-image-229940\" alt=\"\" srcset=\"https:\/\/www.bailishaver.com\/wp-content\/uploads\/2023\/11\/JUNCHI_5-layer_Five_Blades_All_Metal_Razor_Shaving_Razor_details_03.webp 800w, https:\/\/www.bailishaver.com\/wp-content\/uploads\/2023\/11\/JUNCHI_5-layer_Five_Blades_All_Metal_Razor_Shaving_Razor_details_03-300x300.webp 300w, https:\/\/www.bailishaver.com\/wp-content\/uploads\/2023\/11\/JUNCHI_5-layer_Five_Blades_All_Metal_Razor_Shaving_Razor_details_03-150x150.webp 150w, https:\/\/www.bailishaver.com\/wp-content\/uploads\/2023\/11\/JUNCHI_5-layer_Five_Blades_All_Metal_Razor_Shaving_Razor_details_03-768x768.webp 768w, https:\/\/www.bailishaver.com\/wp-content\/uploads\/2023\/11\/JUNCHI_5-layer_Five_Blades_All_Metal_Razor_Shaving_Razor_details_03-12x12.webp 12w\" sizes=\"(max-width: 800px) 100vw, 800px\" \/>\t\t\t\t\t<\/div>\n\n\t\t\t\t<\/div>\n\t\t\t\t<\/div>\n\t\t\t\t\t<\/div>\n\t\t<\/div>\n\t\t\t\t\t\t\t<\/div>\n\t\t<\/section>\n\t\t\t\t<section class=\"wd-negative-gap elementor-section elementor-top-section elementor-element elementor-element-2f404f3b elementor-section-boxed elementor-section-height-default elementor-section-height-default wd-section-disabled\" data-id=\"2f404f3b\" data-element_type=\"section\">\n\t\t\t\t\t\t<div class=\"elementor-container elementor-column-gap-default\">\n\t\t\t\t\t<div class=\"elementor-column elementor-col-100 elementor-top-column elementor-element elementor-element-4d5b72a5\" data-id=\"4d5b72a5\" data-element_type=\"column\">\n\t\t\t<div class=\"elementor-widget-wrap elementor-element-populated\">\n\t\t\t\t\t\t\t\t<div class=\"elementor-element elementor-element-64630af elementor-widget elementor-widget-accordion\" data-id=\"64630af\" data-element_type=\"widget\" data-widget_type=\"accordion.default\">\n\t\t\t\t<div class=\"elementor-widget-container\">\n\t\t\t<style>\/*! elementor - v3.18.0 - 20-12-2023 *\/\n.elementor-accordion{text-align:left}.elementor-accordion .elementor-accordion-item{border:1px solid #d5d8dc}.elementor-accordion .elementor-accordion-item+.elementor-accordion-item{border-top:none}.elementor-accordion .elementor-tab-title{margin:0;padding:15px 20px;font-weight:700;line-height:1;cursor:pointer;outline:none}.elementor-accordion .elementor-tab-title .elementor-accordion-icon{display:inline-block;width:1.5em}.elementor-accordion .elementor-tab-title .elementor-accordion-icon svg{width:1em;height:1em}.elementor-accordion .elementor-tab-title .elementor-accordion-icon.elementor-accordion-icon-right{float:right;text-align:right}.elementor-accordion .elementor-tab-title .elementor-accordion-icon.elementor-accordion-icon-left{float:left;text-align:left}.elementor-accordion .elementor-tab-title .elementor-accordion-icon .elementor-accordion-icon-closed{display:block}.elementor-accordion .elementor-tab-title .elementor-accordion-icon .elementor-accordion-icon-opened,.elementor-accordion .elementor-tab-title.elementor-active .elementor-accordion-icon-closed{display:none}.elementor-accordion .elementor-tab-title.elementor-active .elementor-accordion-icon-opened{display:block}.elementor-accordion .elementor-tab-content{display:none;padding:15px 20px;border-top:1px solid #d5d8dc}@media (max-width:767px){.elementor-accordion .elementor-tab-title{padding:12px 15px}.elementor-accordion .elementor-tab-title .elementor-accordion-icon{width:1.2em}.elementor-accordion .elementor-tab-content{padding:7px 15px}}.e-con-inner>.elementor-widget-accordion,.e-con>.elementor-widget-accordion{width:var(--container-widget-width);--flex-grow:var(--container-widget-flex-grow)}<\/style>\t\t<div class=\"elementor-accordion\">\n\t\t\t\t\t\t\t<div class=\"elementor-accordion-item\">\n\t\t\t\t\t<div id=\"elementor-tab-title-1051\" class=\"elementor-tab-title\" data-tab=\"1\" role=\"button\" aria-controls=\"elementor-tab-content-1051\" aria-expanded=\"false\">\n\t\t\t\t\t\t\t\t\t\t\t\t\t<span class=\"elementor-accordion-icon elementor-accordion-icon-left\" aria-hidden=\"true\">\n\t\t\t\t\t\t\t\t\t\t\t\t\t\t\t<span class=\"elementor-accordion-icon-closed\"><i class=\"fas fa-caret-down\"><\/i><\/span>\n\t\t\t\t\t\t\t\t<span class=\"elementor-accordion-icon-opened\"><i class=\"fas fa-caret-up\"><\/i><\/span>\n\t\t\t\t\t\t\t\t\t\t\t\t\t\t<\/span>\n\t\t\t\t\t\t\t\t\t\t\t\t<a class=\"elementor-accordion-title\" tabindex=\"0\">Paket<\/a>\n\t\t\t\t\t<\/div>\n\t\t\t\t\t<div id=\"elementor-tab-content-1051\" class=\"elementor-tab-content elementor-clearfix\" data-tab=\"1\" role=\"region\" aria-labelledby=\"elementor-tab-title-1051\"><table><tbody><tr><td>Produkt<\/td><td>Stck<\/td><td>Paket<\/td><td>Gr\u00f6\u00dfe<\/td><td>Bruttogewicht<\/td><\/tr><tr><td rowspan=\"2\">DB518<\/td><td class=\"et4\">1<\/td><td class=\"et4\">Opp Beutel<\/td><td class=\"et4\">149,5\u00d743,3\u00d718,5mm<\/td><td class=\"et4\">81,5g<\/td><\/tr><tr><td>120<\/td><td>Karton<\/td><td>385\u00d7155\u00d7235mm<\/td><td>10,4 kg<\/td><\/tr><\/tbody><\/table><\/div>\n\t\t\t\t<\/div>\n\t\t\t\t\t\t\t<div class=\"elementor-accordion-item\">\n\t\t\t\t\t<div id=\"elementor-tab-title-1052\" class=\"elementor-tab-title\" data-tab=\"2\" role=\"button\" aria-controls=\"elementor-tab-content-1052\" aria-expanded=\"false\">\n\t\t\t\t\t\t\t\t\t\t\t\t\t<span class=\"elementor-accordion-icon elementor-accordion-icon-left\" aria-hidden=\"true\">\n\t\t\t\t\t\t\t\t\t\t\t\t\t\t\t<span class=\"elementor-accordion-icon-closed\"><i class=\"fas fa-caret-down\"><\/i><\/span>\n\t\t\t\t\t\t\t\t<span class=\"elementor-accordion-icon-opened\"><i class=\"fas fa-caret-up\"><\/i><\/span>\n\t\t\t\t\t\t\t\t\t\t\t\t\t\t<\/span>\n\t\t\t\t\t\t\t\t\t\t\t\t<a class=\"elementor-accordion-title\" tabindex=\"0\"> Versand<\/a>\n\t\t\t\t\t<\/div>\n\t\t\t\t\t<div id=\"elementor-tab-content-1052\" class=\"elementor-tab-content elementor-clearfix\" data-tab=\"2\" role=\"region\" aria-labelledby=\"elementor-tab-title-1052\">Musterbestellungen k\u00f6nnen innerhalb von 3\u20137 Tagen versandt werden;<br>\nDie Produktion von Gro\u00dfbestellungen oder kundenspezifischen Bestellungen dauert 15\u201330 Tage.<\/div>\n\t\t\t\t<\/div>\n\t\t\t\t\t\t\t\t<\/div>\n\t\t\t\t<\/div>\n\t\t\t\t<\/div>\n\t\t\t\t\t<\/div>\n\t\t<\/div>\n\t\t\t\t\t\t\t<\/div>\n\t\t<\/section>\n\t\t\t\t\t\t\t<\/div>","protected":false},"excerpt":{"rendered":"<p><strong>Modell: DB-V5A<\/strong><\/p>\n<div class=\"DescriptionImg\">\n<div class=\"image-box\">\n<p><img decoding=\"async\" src=\"https:\/\/bailishaver.com\/wp-content\/uploads\/2023\/10\/Full_Metal_Handle.webp\" alt=\"Image3\" \/><\/p>\n<div class=\"caption\">Vollmetallgriff<\/div>\n<\/div>\n<div class=\"image-box\">\n<p><img decoding=\"async\" src=\"https:\/\/bailishaver.com\/wp-content\/uploads\/2023\/09\/Trimmer-Blade.png\" alt=\"Image1\" \/><\/p>\n<div class=\"caption\">Trimmerklinge<\/div>\n<\/div>\n<div class=\"image-box\">\n<p><img decoding=\"async\" src=\"https:\/\/bailishaver.com\/wp-content\/uploads\/2023\/09\/5-layer-Blades.png\" alt=\"Image2\" \/><\/p>\n<div class=\"caption\">5-lagige Klingen<\/div>\n<\/div>\n<\/div>","protected":false},"featured_media":229942,"comment_status":"open","ping_status":"closed","template":"","meta":[],"product_cat":[32],"product_tag":[],"yoast_head":"<!-- This site is optimized with the Yoast SEO plugin v21.4 - https:\/\/yoast.com\/wordpress\/plugins\/seo\/ -->\n<title>JUNCHI 5-layer Five Blades All Metal Razor Shaving Razor - Guangzhou Weidi Technology Co.,Ltd<\/title>\n<meta name=\"description\" content=\"JUNCHI 5-layer blades shaving razor made of zinc alloy all metal material, anti-corrosion and durable.Waterproof and rustproof, anti-oxidation.\" \/>\n<meta name=\"robots\" content=\"index, follow, max-snippet:-1, max-image-preview:large, max-video-preview:-1\" \/>\n<link rel=\"canonical\" href=\"https:\/\/www.bailishaver.com\/de\/produkt\/junchi-5-layer-five-blades-all-metal-razor-shaving-razor\/\" \/>\n<meta property=\"og:locale\" content=\"de_DE\" \/>\n<meta property=\"og:type\" content=\"article\" \/>\n<meta property=\"og:title\" content=\"JUNCHI 5-layer Five Blades All Metal Razor Shaving Razor - Guangzhou Weidi Technology Co.,Ltd\" \/>\n<meta property=\"og:description\" content=\"JUNCHI 5-layer blades shaving razor made of zinc alloy all metal material, anti-corrosion and durable.Waterproof and rustproof, anti-oxidation.\" \/>\n<meta property=\"og:url\" content=\"https:\/\/www.bailishaver.com\/de\/produkt\/junchi-5-layer-five-blades-all-metal-razor-shaving-razor\/\" \/>\n<meta property=\"og:site_name\" content=\"Guangzhou Weidi Technology Co.,Ltd\" \/>\n<meta property=\"article:modified_time\" content=\"2023-11-22T09:15:13+00:00\" \/>\n<meta property=\"og:image\" content=\"https:\/\/www.bailishaver.com\/wp-content\/uploads\/2023\/11\/JUNCHI_5-layer_Five_Blades_All_Metal_Razor_Shaving_Razor_01.webp\" \/>\n\t<meta property=\"og:image:width\" content=\"800\" \/>\n\t<meta property=\"og:image:height\" content=\"800\" \/>\n\t<meta property=\"og:image:type\" content=\"image\/webp\" \/>\n<meta name=\"twitter:card\" content=\"summary_large_image\" \/>\n<meta name=\"twitter:label1\" content=\"Gesch\u00e4tzte Lesezeit\" \/>\n\t<meta name=\"twitter:data1\" content=\"2\u00a0Minuten\" \/>\n<script type=\"application\/ld+json\" class=\"yoast-schema-graph\">{\"@context\":\"https:\/\/schema.org\",\"@graph\":[{\"@type\":\"WebPage\",\"@id\":\"https:\/\/www.bailishaver.com\/product\/junchi-5-layer-five-blades-all-metal-razor-shaving-razor\/\",\"url\":\"https:\/\/www.bailishaver.com\/product\/junchi-5-layer-five-blades-all-metal-razor-shaving-razor\/\",\"name\":\"JUNCHI 5-layer Five Blades All Metal Razor Shaving Razor - Guangzhou Weidi Technology Co.,Ltd\",\"isPartOf\":{\"@id\":\"https:\/\/www.bailishaver.com\/#website\"},\"datePublished\":\"2023-10-20T03:56:01+00:00\",\"dateModified\":\"2023-11-22T09:15:13+00:00\",\"description\":\"JUNCHI 5-layer blades shaving razor made of zinc alloy all metal material, anti-corrosion and durable.Waterproof and rustproof, anti-oxidation.\",\"breadcrumb\":{\"@id\":\"https:\/\/www.bailishaver.com\/product\/junchi-5-layer-five-blades-all-metal-razor-shaving-razor\/#breadcrumb\"},\"inLanguage\":\"de\",\"potentialAction\":[{\"@type\":\"ReadAction\",\"target\":[\"https:\/\/www.bailishaver.com\/product\/junchi-5-layer-five-blades-all-metal-razor-shaving-razor\/\"]}]},{\"@type\":\"BreadcrumbList\",\"@id\":\"https:\/\/www.bailishaver.com\/product\/junchi-5-layer-five-blades-all-metal-razor-shaving-razor\/#breadcrumb\",\"itemListElement\":[{\"@type\":\"ListItem\",\"position\":1,\"name\":\"HOME\",\"item\":\"https:\/\/www.bailishaver.com\/\"},{\"@type\":\"ListItem\",\"position\":2,\"name\":\"Product\",\"item\":\"https:\/\/www.bailishaver.com\/product\/\"},{\"@type\":\"ListItem\",\"position\":3,\"name\":\"JUNCHI 5-layer Five Blades All Metal Razor Shaving Razor\"}]},{\"@type\":\"WebSite\",\"@id\":\"https:\/\/www.bailishaver.com\/#website\",\"url\":\"https:\/\/www.bailishaver.com\/\",\"name\":\"Guangzhou Weidi Technology Co.,Ltd\",\"description\":\"system razors, lady razors, shaving kits, blade and refill, disposable razor, shaving , accessories, etc.\",\"potentialAction\":[{\"@type\":\"SearchAction\",\"target\":{\"@type\":\"EntryPoint\",\"urlTemplate\":\"https:\/\/www.bailishaver.com\/?s={search_term_string}\"},\"query-input\":\"required name=search_term_string\"}],\"inLanguage\":\"de\"}]}<\/script>\n<!-- \/ Yoast SEO plugin. -->","yoast_head_json":{"title":"JUNCHI 5-layer Five Blades All Metal Razor Shaving Razor - Guangzhou Weidi Technology Co.,Ltd","description":"JUNCHI 5-layer blades shaving razor made of zinc alloy all metal material, anti-corrosion and durable.Waterproof and rustproof, anti-oxidation.","robots":{"index":"index","follow":"follow","max-snippet":"max-snippet:-1","max-image-preview":"max-image-preview:large","max-video-preview":"max-video-preview:-1"},"canonical":"https:\/\/www.bailishaver.com\/de\/produkt\/junchi-5-layer-five-blades-all-metal-razor-shaving-razor\/","og_locale":"de_DE","og_type":"article","og_title":"JUNCHI 5-layer Five Blades All Metal Razor Shaving Razor - Guangzhou Weidi Technology Co.,Ltd","og_description":"JUNCHI 5-layer blades shaving razor made of zinc alloy all metal material, anti-corrosion and durable.Waterproof and rustproof, anti-oxidation.","og_url":"https:\/\/www.bailishaver.com\/de\/produkt\/junchi-5-layer-five-blades-all-metal-razor-shaving-razor\/","og_site_name":"Guangzhou Weidi Technology Co.,Ltd","article_modified_time":"2023-11-22T09:15:13+00:00","og_image":[{"width":800,"height":800,"url":"https:\/\/www.bailishaver.com\/wp-content\/uploads\/2023\/11\/JUNCHI_5-layer_Five_Blades_All_Metal_Razor_Shaving_Razor_01.webp","type":"image\/webp"}],"twitter_card":"summary_large_image","twitter_misc":{"Gesch\u00e4tzte Lesezeit":"2\u00a0Minuten"},"schema":{"@context":"https:\/\/schema.org","@graph":[{"@type":"WebPage","@id":"https:\/\/www.bailishaver.com\/product\/junchi-5-layer-five-blades-all-metal-razor-shaving-razor\/","url":"https:\/\/www.bailishaver.com\/product\/junchi-5-layer-five-blades-all-metal-razor-shaving-razor\/","name":"JUNCHI 5-layer Five Blades All Metal Razor Shaving Razor - Guangzhou Weidi Technology Co.,Ltd","isPartOf":{"@id":"https:\/\/www.bailishaver.com\/#website"},"datePublished":"2023-10-20T03:56:01+00:00","dateModified":"2023-11-22T09:15:13+00:00","description":"JUNCHI 5-layer blades shaving razor made of zinc alloy all metal material, anti-corrosion and durable.Waterproof and rustproof, anti-oxidation.","breadcrumb":{"@id":"https:\/\/www.bailishaver.com\/product\/junchi-5-layer-five-blades-all-metal-razor-shaving-razor\/#breadcrumb"},"inLanguage":"de","potentialAction":[{"@type":"ReadAction","target":["https:\/\/www.bailishaver.com\/product\/junchi-5-layer-five-blades-all-metal-razor-shaving-razor\/"]}]},{"@type":"BreadcrumbList","@id":"https:\/\/www.bailishaver.com\/product\/junchi-5-layer-five-blades-all-metal-razor-shaving-razor\/#breadcrumb","itemListElement":[{"@type":"ListItem","position":1,"name":"HOME","item":"https:\/\/www.bailishaver.com\/"},{"@type":"ListItem","position":2,"name":"Product","item":"https:\/\/www.bailishaver.com\/product\/"},{"@type":"ListItem","position":3,"name":"JUNCHI 5-layer Five Blades All Metal Razor Shaving Razor"}]},{"@type":"WebSite","@id":"https:\/\/www.bailishaver.com\/#website","url":"https:\/\/www.bailishaver.com\/","name":"Guangzhou Weidi Technology Co.,Ltd","description":"system razors, lady razors, shaving kits, blade and refill, disposable razor, shaving , accessories, etc.","potentialAction":[{"@type":"SearchAction","target":{"@type":"EntryPoint","urlTemplate":"https:\/\/www.bailishaver.com\/?s={search_term_string}"},"query-input":"required name=search_term_string"}],"inLanguage":"de"}]}},"_links":{"self":[{"href":"https:\/\/www.bailishaver.com\/de\/wp-json\/wp\/v2\/product\/228621"}],"collection":[{"href":"https:\/\/www.bailishaver.com\/de\/wp-json\/wp\/v2\/product"}],"about":[{"href":"https:\/\/www.bailishaver.com\/de\/wp-json\/wp\/v2\/types\/product"}],"replies":[{"embeddable":true,"href":"https:\/\/www.bailishaver.com\/de\/wp-json\/wp\/v2\/comments?post=228621"}],"version-history":[{"count":0,"href":"https:\/\/www.bailishaver.com\/de\/wp-json\/wp\/v2\/product\/228621\/revisions"}],"wp:featuredmedia":[{"embeddable":true,"href":"https:\/\/www.bailishaver.com\/de\/wp-json\/wp\/v2\/media\/229942"}],"wp:attachment":[{"href":"https:\/\/www.bailishaver.com\/de\/wp-json\/wp\/v2\/media?parent=228621"}],"wp:term":[{"taxonomy":"product_cat","embeddable":true,"href":"https:\/\/www.bailishaver.com\/de\/wp-json\/wp\/v2\/product_cat?post=228621"},{"taxonomy":"product_tag","embeddable":true,"href":"https:\/\/www.bailishaver.com\/de\/wp-json\/wp\/v2\/product_tag?post=228621"}],"curies":[{"name":"wp","href":"https:\/\/api.w.org\/{rel}","templated":true}]}}