{"id":776,"date":"2023-08-24T07:32:10","date_gmt":"2023-08-24T07:32:10","guid":{"rendered":"https:\/\/bailishaver.com\/?page_id=776"},"modified":"2023-12-13T15:59:05","modified_gmt":"2023-12-13T07:59:05","slug":"our-team","status":"publish","type":"page","link":"https:\/\/www.bailishaver.com\/de\/our-team\/","title":{"rendered":"Unser Team"},"content":{"rendered":"<div data-elementor-type=\"wp-page\" data-elementor-id=\"776\" class=\"elementor elementor-776\" data-elementor-post-type=\"page\">\n\t\t\t\t\t\t\t\t\t<section class=\"wd-negative-gap elementor-section elementor-top-section elementor-element elementor-element-3a08235 wd-section-stretch elementor-section-boxed elementor-section-height-default elementor-section-height-default\" data-id=\"3a08235\" data-element_type=\"section\" data-settings=\"{&quot;background_background&quot;:&quot;classic&quot;}\">\n\t\t\t\t\t\t<div class=\"elementor-container elementor-column-gap-default\">\n\t\t\t\t\t<div class=\"elementor-column elementor-col-50 elementor-top-column elementor-element elementor-element-7a9a9d0\" data-id=\"7a9a9d0\" data-element_type=\"column\">\n\t\t\t<div class=\"elementor-widget-wrap\">\n\t\t\t\t\t\t\t\t\t<\/div>\n\t\t<\/div>\n\t\t\t\t<div class=\"elementor-column elementor-col-50 elementor-top-column elementor-element elementor-element-b15697e\" data-id=\"b15697e\" data-element_type=\"column\" data-settings=\"{&quot;background_background&quot;:&quot;classic&quot;}\">\n\t\t\t<div class=\"elementor-widget-wrap elementor-element-populated\">\n\t\t\t\t\t\t\t\t<div class=\"elementor-element elementor-element-1ba9b9a elementor-widget__width-initial elementor-widget elementor-widget-wd_text_block\" data-id=\"1ba9b9a\" data-element_type=\"widget\" data-widget_type=\"wd_text_block.default\">\n\t\t\t\t<div class=\"elementor-widget-container\">\n\t\t\t\t\t<div class=\"wd-text-block reset-last-child text-left\">\n\t\t\t\n\t\t\t<p>Baili ist stolz darauf, dass wir Ihnen jedes Produkt voller Baili-Professionalit\u00e4t und -Verantwortung zusenden<br>Ich hoffe, Sie k\u00f6nnen Baili die Chance geben, seine Ingenious-Produkte vorzuf\u00fchren<br>Wir verf\u00fcgen \u00fcber eine eigene Fabrik mit ausgereiften Produktionslinien<br>Das Niveau unserer Produkte liegt \u00fcber dem internationalen Industriestandard f\u00fcr Rasiermesser<span style=\"font-size: 26px;background-color: var(--wd-main-bgcolor)\"><\/span><\/p>\n\t\t\t\t\t<\/div>\n\t\t\t\t<\/div>\n\t\t\t\t<\/div>\n\t\t\t\t\t<\/div>\n\t\t<\/div>\n\t\t\t\t\t\t\t<\/div>\n\t\t<\/section>\n\t\t\t\t<section class=\"wd-negative-gap elementor-section elementor-top-section elementor-element elementor-element-7c56d47 elementor-section-boxed elementor-section-height-default elementor-section-height-default wd-section-disabled\" data-id=\"7c56d47\" data-element_type=\"section\">\n\t\t\t\t\t\t<div class=\"elementor-container elementor-column-gap-default\">\n\t\t\t\t\t<div class=\"elementor-column elementor-col-100 elementor-top-column elementor-element elementor-element-344b262\" data-id=\"344b262\" data-element_type=\"column\">\n\t\t\t<div class=\"elementor-widget-wrap elementor-element-populated\">\n\t\t\t\t\t\t\t\t<div class=\"elementor-element elementor-element-bd6f49e elementor-widget elementor-widget-wd_text_block\" data-id=\"bd6f49e\" data-element_type=\"widget\" data-widget_type=\"wd_text_block.default\">\n\t\t\t\t<div class=\"elementor-widget-container\">\n\t\t\t\t\t<div class=\"wd-text-block reset-last-child text-left color-title\">\n\t\t\t\n\t\t\t<a href=\"https:\/\/www.bailishaver.com\/\">Heim<\/a>&gt;\u00dcber&gt;<span style=\"color: #002977\">Unser Team<\/span>\n\t\t\t\t\t<\/div>\n\t\t\t\t<\/div>\n\t\t\t\t<\/div>\n\t\t\t\t<div class=\"elementor-element elementor-element-421a3d9 elementor-widget elementor-widget-wd_text_block\" data-id=\"421a3d9\" data-element_type=\"widget\" data-widget_type=\"wd_text_block.default\">\n\t\t\t\t<div class=\"elementor-widget-container\">\n\t\t\t\t\t<div class=\"wd-text-block reset-last-child text-center\">\n\t\t\t\n\t\t\t<p>Bevor jedes Produkt \u00fcber den Ozean in Ihre H\u00e4nde gelangt, wird es durchlaufen<\/p>\n\t\t\t\t\t<\/div>\n\t\t\t\t<\/div>\n\t\t\t\t<\/div>\n\t\t\t\t<div class=\"elementor-element elementor-element-b056709 ourTeam wd-animation-slide-from-bottom wd-animation-normal wd_delay_100 elementor-widget elementor-widget-wd_infobox_carousel\" data-id=\"b056709\" data-element_type=\"widget\" data-widget_type=\"wd_infobox_carousel.default\">\n\t\t\t\t<div class=\"elementor-widget-container\">\n\t\t\t\t\t<div class=\"wd-carousel-container info-box-carousel-wrapper disable-owl-mobile wd-carousel-spacing-30\" data-owl-carousel data-speed=\"\" data-slides_per_view_tablet='{\"size\":\"\"}' data-slides_per_view_mobile='{\"size\":\"\"}' data-wrap=\"no\" data-hide_pagination_control=\"no\" data-hide_prev_next_buttons=\"no\" data-desktop=\"3\" data-tablet_landscape=\"3\" data-tablet=\"2\" data-mobile=\"1\">\n\t\t\t<div class=\"owl-carousel wd-owl info-box-carousel owl-items-lg-3 owl-items-md-3 owl-items-sm-2 owl-items-xs-1\">\n\t\t\t\t\t\t\t\t\t\t\t\t\t\t\t\t<div class=\"info-box-wrapper\">\n\t\t\t<div class=\"wd-info-box text-center box-icon-align-top box-style-base color-scheme-  elementor-repeater-item-ad5fc40\" >\n\t\t\t\t\t\t\t\t\t<div class=\"box-icon-wrapper  box-with-icon box-icon-simple\">\n\t\t\t\t\t\t<div class=\"info-box-icon\">\n\t\t\t\t\t\t\t\t\t\t\t\t\t\t\t<img decoding=\"async\" width=\"152\" height=\"152\" src=\"https:\/\/www.bailishaver.com\/wp-content\/uploads\/2023\/08\/yuancailiao.png\" class=\"attachment-full size-full wp-image-1119\" alt=\"\" srcset=\"https:\/\/www.bailishaver.com\/wp-content\/uploads\/2023\/08\/yuancailiao.png 152w, https:\/\/www.bailishaver.com\/wp-content\/uploads\/2023\/08\/yuancailiao-150x150.png 150w\" sizes=\"(max-width: 152px) 100vw, 152px\" \/>\t\t\t\t\t\t\t\t\t\t\t\t\t<\/div>\n\t\t\t\t\t<\/div>\n\t\t\t\t\n\t\t\t\t<div class=\"info-box-content\">\n\t\t\t\t\t\n\t\t\t\t\t\n\t\t\t\t\t<div class=\"info-box-inner set-cont-mb-s reset-last-child\"\n\t\t\t\t\t\t data-elementor-setting-key=\"content\">\n\t\t\t\t\t\t<p>1. Rohstoffebene: Manuell<br \/>Inspektion zur Gew\u00e4hrleistung der Qualit\u00e4t<\/p>\n\t\t\t\t\t<\/div>\n\t\n\t\t\t\t\t\t\t\t\t<\/div>\n\t\t\t<\/div>\n\t\t<\/div>\n\t\t\t\t\t\t\t\t\t\t\t\t\t\t\t\t\t\t<div class=\"info-box-wrapper\">\n\t\t\t<div class=\"wd-info-box text-center box-icon-align-top box-style-base color-scheme-  elementor-repeater-item-20df1b7\" >\n\t\t\t\t\t\t\t\t\t<div class=\"box-icon-wrapper  box-with-icon box-icon-simple\">\n\t\t\t\t\t\t<div class=\"info-box-icon\">\n\t\t\t\t\t\t\t\t\t\t\t\t\t\t\t<img decoding=\"async\" width=\"149\" height=\"149\" src=\"https:\/\/www.bailishaver.com\/wp-content\/uploads\/2023\/08\/jiagongjixie.png\" class=\"attachment-full size-full wp-image-1118\" alt=\"\" \/>\t\t\t\t\t\t\t\t\t\t\t\t\t<\/div>\n\t\t\t\t\t<\/div>\n\t\t\t\t\n\t\t\t\t<div class=\"info-box-content\">\n\t\t\t\t\t\n\t\t\t\t\t\n\t\t\t\t\t<div class=\"info-box-inner set-cont-mb-s reset-last-child\"\n\t\t\t\t\t\t data-elementor-setting-key=\"content\">\n\t\t\t\t\t\t<p>2. Verarbeitungsstufe: Dutzende<br \/> Produktionsprozesse ohne<br \/>  Chaos, unter sauber und ordentlich<br \/>  Produktionsumfeld<\/p>\n\t\t\t\t\t<\/div>\n\t\n\t\t\t\t\t\t\t\t\t<\/div>\n\t\t\t<\/div>\n\t\t<\/div>\n\t\t\t\t\t\t\t\t\t\t\t\t\t\t\t\t\t\t<div class=\"info-box-wrapper\">\n\t\t\t<div class=\"wd-info-box text-center box-icon-align-top box-style-base color-scheme-  elementor-repeater-item-e2261e1\" >\n\t\t\t\t\t\t\t\t\t<div class=\"box-icon-wrapper  box-with-icon box-icon-simple\">\n\t\t\t\t\t\t<div class=\"info-box-icon\">\n\t\t\t\t\t\t\t\t\t\t\t\t\t\t\t<img decoding=\"async\" width=\"152\" height=\"152\" src=\"https:\/\/www.bailishaver.com\/wp-content\/uploads\/2023\/08\/yuancailiao.png\" class=\"attachment-full size-full wp-image-1119\" alt=\"\" srcset=\"https:\/\/www.bailishaver.com\/wp-content\/uploads\/2023\/08\/yuancailiao.png 152w, https:\/\/www.bailishaver.com\/wp-content\/uploads\/2023\/08\/yuancailiao-150x150.png 150w\" sizes=\"(max-width: 152px) 100vw, 152px\" \/>\t\t\t\t\t\t\t\t\t\t\t\t\t<\/div>\n\t\t\t\t\t<\/div>\n\t\t\t\t\n\t\t\t\t<div class=\"info-box-content\">\n\t\t\t\t\t\n\t\t\t\t\t\n\t\t\t\t\t<div class=\"info-box-inner set-cont-mb-s reset-last-child\"\n\t\t\t\t\t\t data-elementor-setting-key=\"content\">\n\t\t\t\t\t\t<p>3. Inspektionsstufe: Produkte 100% bestehen<br \/> Manuelle intensive Inspektion, um sicherzustellen <br \/> Aussehen und Leistung der Produkte <br \/> Die Bewertung entspricht dem qualifizierten Standard<\/p>\n\t\t\t\t\t<\/div>\n\t\n\t\t\t\t\t\t\t\t\t<\/div>\n\t\t\t<\/div>\n\t\t<\/div>\n\t\t\t\t\t\t\t\t\t<\/div>\n\t\t<\/div>\n\t\t\t\t<\/div>\n\t\t\t\t<\/div>\n\t\t\t\t\t<\/div>\n\t\t<\/div>\n\t\t\t\t\t\t\t<\/div>\n\t\t<\/section>\n\t\t\t\t<section class=\"wd-negative-gap elementor-section elementor-top-section elementor-element elementor-element-f12ee45 elementor-section-boxed elementor-section-height-default elementor-section-height-default wd-section-disabled\" data-id=\"f12ee45\" data-element_type=\"section\">\n\t\t\t\t\t\t<div class=\"elementor-container elementor-column-gap-default\">\n\t\t\t\t\t<div class=\"elementor-column elementor-col-33 elementor-top-column elementor-element elementor-element-16ee371\" data-id=\"16ee371\" data-element_type=\"column\">\n\t\t\t<div class=\"elementor-widget-wrap elementor-element-populated\">\n\t\t\t\t\t\t\t\t<div class=\"elementor-element elementor-element-59a32b7 elementor-widget elementor-widget-wd_text_block\" data-id=\"59a32b7\" data-element_type=\"widget\" data-widget_type=\"wd_text_block.default\">\n\t\t\t\t<div class=\"elementor-widget-container\">\n\t\t\t\t\t<div class=\"wd-text-block reset-last-child text-center\">\n\t\t\t\n\t\t\t<p>Unser F&amp;E-Team<\/p>\n\t\t\t\t\t<\/div>\n\t\t\t\t<\/div>\n\t\t\t\t<\/div>\n\t\t\t\t<div class=\"elementor-element elementor-element-e46ca95 elementor-widget elementor-widget-wd_text_block\" data-id=\"e46ca95\" data-element_type=\"widget\" data-widget_type=\"wd_text_block.default\">\n\t\t\t\t<div class=\"elementor-widget-container\">\n\t\t\t\t\t<div class=\"wd-text-block reset-last-child text-left\">\n\t\t\t\n\t\t\t<p>Das Forschungs- und Entwicklungsteam von Baili wurde 2002 mit bisher f\u00fcnf Mitarbeitern gegr\u00fcndet und hat Folgendes erreicht:<\/p><p>1. Internationale 4 Erfindungspatente (2 im Anmeldeverfahren),<\/p><p>2. mehr als zehn internationale Auftrittspatente<\/p><p>3. 14 Inl\u00e4ndische Erfindungspatente<\/p><p>4. 49 Inl\u00e4ndische Gebrauchsmusterpatente<\/p><p>5. 69 Inl\u00e4ndische Erscheinungspatente<\/p>\n\t\t\t\t\t<\/div>\n\t\t\t\t<\/div>\n\t\t\t\t<\/div>\n\t\t\t\t\t<\/div>\n\t\t<\/div>\n\t\t\t\t<div class=\"elementor-column elementor-col-66 elementor-top-column elementor-element elementor-element-7136ed9\" data-id=\"7136ed9\" data-element_type=\"column\">\n\t\t\t<div class=\"elementor-widget-wrap elementor-element-populated\">\n\t\t\t\t\t\t\t\t<div class=\"elementor-element elementor-element-5da6ef9 elementor-widget elementor-widget-wd_image_or_svg\" data-id=\"5da6ef9\" data-element_type=\"widget\" data-widget_type=\"wd_image_or_svg.default\">\n\t\t\t\t<div class=\"elementor-widget-container\">\n\t\t\t\n\t\t<div class=\"wd-image text-right\">\n\t\t\t\t\t\t\t\t<img fetchpriority=\"high\" decoding=\"async\" width=\"931\" height=\"628\" src=\"https:\/\/www.bailishaver.com\/wp-content\/uploads\/2023\/08\/5.webp\" class=\"attachment-full size-full wp-image-1139\" alt=\"\" srcset=\"https:\/\/www.bailishaver.com\/wp-content\/uploads\/2023\/08\/5.webp 931w, https:\/\/www.bailishaver.com\/wp-content\/uploads\/2023\/08\/5-150x101.webp 150w, https:\/\/www.bailishaver.com\/wp-content\/uploads\/2023\/08\/5-300x202.webp 300w, https:\/\/www.bailishaver.com\/wp-content\/uploads\/2023\/08\/5-768x518.webp 768w\" sizes=\"(max-width: 931px) 100vw, 931px\" \/>\t\t\t\t\t<\/div>\n\n\t\t\t\t<\/div>\n\t\t\t\t<\/div>\n\t\t\t\t\t<\/div>\n\t\t<\/div>\n\t\t\t\t\t\t\t<\/div>\n\t\t<\/section>\n\t\t\t\t<section class=\"wd-negative-gap elementor-section elementor-top-section elementor-element elementor-element-81a6591 elementor-section-content-middle elementor-section-boxed elementor-section-height-default elementor-section-height-default wd-section-disabled\" data-id=\"81a6591\" data-element_type=\"section\">\n\t\t\t\t\t\t<div class=\"elementor-container elementor-column-gap-default\">\n\t\t\t\t\t<div class=\"elementor-column elementor-col-66 elementor-top-column elementor-element elementor-element-5f25591\" data-id=\"5f25591\" data-element_type=\"column\">\n\t\t\t<div class=\"elementor-widget-wrap elementor-element-populated\">\n\t\t\t\t\t\t\t\t<div class=\"elementor-element elementor-element-ba0acbe elementor-hidden-desktop elementor-hidden-tablet elementor-widget elementor-widget-wd_text_block\" data-id=\"ba0acbe\" data-element_type=\"widget\" data-widget_type=\"wd_text_block.default\">\n\t\t\t\t<div class=\"elementor-widget-container\">\n\t\t\t\t\t<div class=\"wd-text-block reset-last-child text-left\">\n\t\t\t\n\t\t\t<p>Unser Produktionsteam:<\/p>\n\t\t\t\t\t<\/div>\n\t\t\t\t<\/div>\n\t\t\t\t<\/div>\n\t\t\t\t<div class=\"elementor-element elementor-element-ba17a3c elementor-hidden-desktop elementor-hidden-tablet elementor-widget elementor-widget-wd_text_block\" data-id=\"ba17a3c\" data-element_type=\"widget\" data-widget_type=\"wd_text_block.default\">\n\t\t\t\t<div class=\"elementor-widget-container\">\n\t\t\t\t\t<div class=\"wd-text-block reset-last-child text-left\">\n\t\t\t\n\t\t\t<p>1. Unabh\u00e4ngige Fabrik mit 4 Rasierer-Produktionslinien<\/p><p>2. Produktionszentrum: 73 Personen<\/p><p>3. Formwerkstatt: 30 Personen<\/p><p>4. Montagewerkstatt: 27 Personen<\/p><p>5. Qualit\u00e4tsabteilung: 5 Personen<\/p><p>6. Lager: 4 Personen<\/p><p>7. PMC: 2 Personen<\/p><p>8. Gruppe Prozesstechnik: 4 Personen<\/p><p>9. Regisseur: 1 Person<\/p>\n\t\t\t\t\t<\/div>\n\t\t\t\t<\/div>\n\t\t\t\t<\/div>\n\t\t\t\t<div class=\"elementor-element elementor-element-062b8f3 elementor-hidden-desktop elementor-hidden-tablet elementor-widget elementor-widget-wd_text_block\" data-id=\"062b8f3\" data-element_type=\"widget\" data-widget_type=\"wd_text_block.default\">\n\t\t\t\t<div class=\"elementor-widget-container\">\n\t\t\t\t\t<div class=\"wd-text-block reset-last-child text-left\">\n\t\t\t\n\t\t\t<p>Jahresproduktion von Doppelrasierern: 2.000.000\/Jahr<\/p><p>Jahresproduktion von Systemrasierern: 3.000.000\/Jahr mit 11<\/p><p>Rasiererproduktion<\/p><p>Prozess+3 manueller Inspektionsprozess<\/p>\n\t\t\t\t\t<\/div>\n\t\t\t\t<\/div>\n\t\t\t\t<\/div>\n\t\t\t\t<div class=\"elementor-element elementor-element-d7c6081 elementor-widget elementor-widget-wd_image_or_svg\" data-id=\"d7c6081\" data-element_type=\"widget\" data-widget_type=\"wd_image_or_svg.default\">\n\t\t\t\t<div class=\"elementor-widget-container\">\n\t\t\t\n\t\t<div class=\"wd-image text-left\">\n\t\t\t\t\t\t\t\t<img loading=\"lazy\" decoding=\"async\" width=\"881\" height=\"519\" src=\"https:\/\/www.bailishaver.com\/wp-content\/uploads\/2023\/08\/6.webp\" class=\"attachment-full size-full wp-image-1159\" alt=\"\" srcset=\"https:\/\/www.bailishaver.com\/wp-content\/uploads\/2023\/08\/6.webp 881w, https:\/\/www.bailishaver.com\/wp-content\/uploads\/2023\/08\/6-150x88.webp 150w, https:\/\/www.bailishaver.com\/wp-content\/uploads\/2023\/08\/6-300x177.webp 300w, https:\/\/www.bailishaver.com\/wp-content\/uploads\/2023\/08\/6-768x452.webp 768w\" sizes=\"(max-width: 881px) 100vw, 881px\" \/>\t\t\t\t\t<\/div>\n\n\t\t\t\t<\/div>\n\t\t\t\t<\/div>\n\t\t\t\t\t<\/div>\n\t\t<\/div>\n\t\t\t\t<div class=\"elementor-column elementor-col-33 elementor-top-column elementor-element elementor-element-7585c5f\" data-id=\"7585c5f\" data-element_type=\"column\">\n\t\t\t<div class=\"elementor-widget-wrap elementor-element-populated\">\n\t\t\t\t\t\t\t\t<div class=\"elementor-element elementor-element-f08c66a elementor-hidden-mobile elementor-widget elementor-widget-wd_text_block\" data-id=\"f08c66a\" data-element_type=\"widget\" data-widget_type=\"wd_text_block.default\">\n\t\t\t\t<div class=\"elementor-widget-container\">\n\t\t\t\t\t<div class=\"wd-text-block reset-last-child text-left\">\n\t\t\t\n\t\t\t<p>Unser Produktionsteam:<\/p>\n\t\t\t\t\t<\/div>\n\t\t\t\t<\/div>\n\t\t\t\t<\/div>\n\t\t\t\t<div class=\"elementor-element elementor-element-8efcbe1 elementor-hidden-mobile elementor-widget elementor-widget-wd_text_block\" data-id=\"8efcbe1\" data-element_type=\"widget\" data-widget_type=\"wd_text_block.default\">\n\t\t\t\t<div class=\"elementor-widget-container\">\n\t\t\t\t\t<div class=\"wd-text-block reset-last-child text-left\">\n\t\t\t\n\t\t\t<p>1. Unabh\u00e4ngige Fabrik mit 4 Rasierer-Produktionslinien<\/p><p>2. Produktionszentrum: 73 Personen<\/p><p>3. Formwerkstatt: 30 Personen<\/p><p>4. Montagewerkstatt: 27 Personen<\/p><p>5. Qualit\u00e4tsabteilung: 5 Personen<\/p><p>6. Lager: 4 Personen<\/p><p>7. PMC: 2 Personen<\/p><p>8. Gruppe Prozesstechnik: 4 Personen<\/p><p>9. Regisseur: 1 Person<\/p>\n\t\t\t\t\t<\/div>\n\t\t\t\t<\/div>\n\t\t\t\t<\/div>\n\t\t\t\t<div class=\"elementor-element elementor-element-bc6aff8 elementor-hidden-mobile elementor-widget elementor-widget-wd_text_block\" data-id=\"bc6aff8\" data-element_type=\"widget\" data-widget_type=\"wd_text_block.default\">\n\t\t\t\t<div class=\"elementor-widget-container\">\n\t\t\t\t\t<div class=\"wd-text-block reset-last-child text-left\">\n\t\t\t\n\t\t\t<p>Jahresproduktion von Doppelrasierern: 2.000.000\/Jahr<\/p><p>Jahresproduktion von Systemrasierern: 3.000.000\/Jahr mit 11<\/p><p>Rasiererproduktion<\/p><p>Prozess+3 manueller Inspektionsprozess<\/p>\n\t\t\t\t\t<\/div>\n\t\t\t\t<\/div>\n\t\t\t\t<\/div>\n\t\t\t\t\t<\/div>\n\t\t<\/div>\n\t\t\t\t\t\t\t<\/div>\n\t\t<\/section>\n\t\t\t\t<section class=\"wd-negative-gap elementor-section elementor-top-section elementor-element elementor-element-446362b elementor-section-boxed elementor-section-height-default elementor-section-height-default wd-section-disabled\" data-id=\"446362b\" data-element_type=\"section\">\n\t\t\t\t\t\t<div class=\"elementor-container elementor-column-gap-default\">\n\t\t\t\t\t<div class=\"elementor-column elementor-col-33 elementor-top-column elementor-element elementor-element-fcca7c3\" data-id=\"fcca7c3\" data-element_type=\"column\">\n\t\t\t<div class=\"elementor-widget-wrap elementor-element-populated\">\n\t\t\t\t\t\t\t\t<div class=\"elementor-element elementor-element-920b885 elementor-widget elementor-widget-wd_text_block\" data-id=\"920b885\" data-element_type=\"widget\" data-widget_type=\"wd_text_block.default\">\n\t\t\t\t<div class=\"elementor-widget-container\">\n\t\t\t\t\t<div class=\"wd-text-block reset-last-child text-center\">\n\t\t\t\n\t\t\tUnser Vertriebsteam\n\t\t\t\t\t<\/div>\n\t\t\t\t<\/div>\n\t\t\t\t<\/div>\n\t\t\t\t<div class=\"elementor-element elementor-element-e89d210 elementor-widget elementor-widget-wd_text_block\" data-id=\"e89d210\" data-element_type=\"widget\" data-widget_type=\"wd_text_block.default\">\n\t\t\t\t<div class=\"elementor-widget-container\">\n\t\t\t\t\t<div class=\"wd-text-block reset-last-child text-left\">\n\t\t\t\n\t\t\t<p>Unser Vertriebsteam besteht aus Vertriebsleiter, Vertriebsleiter, Vertriebsberater und Au\u00dfenhandelskaufmann.<\/p><p>1. Ihre Anfrage zu unseren Produkten oder Preisen wird innerhalb von 24 Stunden bearbeitet.<\/p><p>2. Gut ausgebildete und erfahrene Mitarbeiter, die alle Ihre Anfragen in flie\u00dfendem Englisch beantworten.<\/p><p>3.Lebenslanger Kundensupport. Unser Serviceteam ist f\u00fcr Sie da.<\/p>\n\t\t\t\t\t<\/div>\n\t\t\t\t<\/div>\n\t\t\t\t<\/div>\n\t\t\t\t\t<\/div>\n\t\t<\/div>\n\t\t\t\t<div class=\"elementor-column elementor-col-66 elementor-top-column elementor-element elementor-element-274212b\" data-id=\"274212b\" data-element_type=\"column\">\n\t\t\t<div class=\"elementor-widget-wrap elementor-element-populated\">\n\t\t\t\t\t\t\t\t<div class=\"elementor-element elementor-element-bcbda6e elementor-widget elementor-widget-wd_image_or_svg\" data-id=\"bcbda6e\" data-element_type=\"widget\" data-widget_type=\"wd_image_or_svg.default\">\n\t\t\t\t<div class=\"elementor-widget-container\">\n\t\t\t\n\t\t<div class=\"wd-image text-right\">\n\t\t\t\t\t\t\t\t<img loading=\"lazy\" decoding=\"async\" width=\"933\" height=\"554\" src=\"https:\/\/www.bailishaver.com\/wp-content\/uploads\/2023\/08\/7.webp\" class=\"attachment-full size-full wp-image-1185\" alt=\"\" srcset=\"https:\/\/www.bailishaver.com\/wp-content\/uploads\/2023\/08\/7.webp 933w, https:\/\/www.bailishaver.com\/wp-content\/uploads\/2023\/08\/7-150x89.webp 150w, https:\/\/www.bailishaver.com\/wp-content\/uploads\/2023\/08\/7-300x178.webp 300w, https:\/\/www.bailishaver.com\/wp-content\/uploads\/2023\/08\/7-768x456.webp 768w\" sizes=\"(max-width: 933px) 100vw, 933px\" \/>\t\t\t\t\t<\/div>\n\n\t\t\t\t<\/div>\n\t\t\t\t<\/div>\n\t\t\t\t\t<\/div>\n\t\t<\/div>\n\t\t\t\t\t\t\t<\/div>\n\t\t<\/section>\n\t\t\t\t\t\t\t<\/div>","protected":false},"excerpt":{"rendered":"<p>Baili is proud for each product full of Baili Professionalism &amp; Responsibility to send youHope you can give Baili a<\/p>","protected":false},"author":1,"featured_media":0,"parent":0,"menu_order":0,"comment_status":"closed","ping_status":"closed","template":"","meta":{"footnotes":""},"yoast_head":"<!-- This site is optimized with the Yoast SEO plugin v21.4 - https:\/\/yoast.com\/wordpress\/plugins\/seo\/ -->\n<title>Our Team - Guangzhou Weidi Technology Co.,Ltd<\/title>\n<meta name=\"robots\" content=\"index, follow, max-snippet:-1, max-image-preview:large, max-video-preview:-1\" \/>\n<link rel=\"canonical\" href=\"https:\/\/www.bailishaver.com\/de\/our-team\/\" \/>\n<meta property=\"og:locale\" content=\"de_DE\" \/>\n<meta property=\"og:type\" content=\"article\" \/>\n<meta property=\"og:title\" content=\"Our Team - Guangzhou Weidi Technology Co.,Ltd\" \/>\n<meta property=\"og:description\" content=\"Baili is proud for each product full of Baili Professionalism &amp; Responsibility to send youHope you can give Baili a\" \/>\n<meta property=\"og:url\" content=\"https:\/\/www.bailishaver.com\/de\/our-team\/\" \/>\n<meta property=\"og:site_name\" content=\"Guangzhou Weidi Technology Co.,Ltd\" \/>\n<meta property=\"article:modified_time\" content=\"2023-12-13T07:59:05+00:00\" \/>\n<meta property=\"og:image\" content=\"https:\/\/bailishaver.com\/wp-content\/uploads\/2023\/08\/yuancailiao.png\" \/>\n<meta name=\"twitter:card\" content=\"summary_large_image\" \/>\n<meta name=\"twitter:label1\" content=\"Gesch\u00e4tzte Lesezeit\" \/>\n\t<meta name=\"twitter:data1\" content=\"3\u00a0Minuten\" \/>\n<script type=\"application\/ld+json\" class=\"yoast-schema-graph\">{\"@context\":\"https:\/\/schema.org\",\"@graph\":[{\"@type\":\"WebPage\",\"@id\":\"https:\/\/www.bailishaver.com\/our-team\/\",\"url\":\"https:\/\/www.bailishaver.com\/our-team\/\",\"name\":\"Our Team - Guangzhou Weidi Technology Co.,Ltd\",\"isPartOf\":{\"@id\":\"https:\/\/www.bailishaver.com\/#website\"},\"datePublished\":\"2023-08-24T07:32:10+00:00\",\"dateModified\":\"2023-12-13T07:59:05+00:00\",\"breadcrumb\":{\"@id\":\"https:\/\/www.bailishaver.com\/our-team\/#breadcrumb\"},\"inLanguage\":\"de\",\"potentialAction\":[{\"@type\":\"ReadAction\",\"target\":[\"https:\/\/www.bailishaver.com\/our-team\/\"]}]},{\"@type\":\"BreadcrumbList\",\"@id\":\"https:\/\/www.bailishaver.com\/our-team\/#breadcrumb\",\"itemListElement\":[{\"@type\":\"ListItem\",\"position\":1,\"name\":\"HOME\",\"item\":\"https:\/\/www.bailishaver.com\/\"},{\"@type\":\"ListItem\",\"position\":2,\"name\":\"Our Team\"}]},{\"@type\":\"WebSite\",\"@id\":\"https:\/\/www.bailishaver.com\/#website\",\"url\":\"https:\/\/www.bailishaver.com\/\",\"name\":\"Guangzhou Weidi Technology Co.,Ltd\",\"description\":\"system razors, lady razors, shaving kits, blade and refill, disposable razor, shaving , accessories, etc.\",\"potentialAction\":[{\"@type\":\"SearchAction\",\"target\":{\"@type\":\"EntryPoint\",\"urlTemplate\":\"https:\/\/www.bailishaver.com\/?s={search_term_string}\"},\"query-input\":\"required name=search_term_string\"}],\"inLanguage\":\"de\"}]}<\/script>\n<!-- \/ Yoast SEO plugin. -->","yoast_head_json":{"title":"Our Team - Guangzhou Weidi Technology Co.,Ltd","robots":{"index":"index","follow":"follow","max-snippet":"max-snippet:-1","max-image-preview":"max-image-preview:large","max-video-preview":"max-video-preview:-1"},"canonical":"https:\/\/www.bailishaver.com\/de\/our-team\/","og_locale":"de_DE","og_type":"article","og_title":"Our Team - Guangzhou Weidi Technology Co.,Ltd","og_description":"Baili is proud for each product full of Baili Professionalism &amp; Responsibility to send youHope you can give Baili a","og_url":"https:\/\/www.bailishaver.com\/de\/our-team\/","og_site_name":"Guangzhou Weidi Technology Co.,Ltd","article_modified_time":"2023-12-13T07:59:05+00:00","og_image":[{"url":"https:\/\/bailishaver.com\/wp-content\/uploads\/2023\/08\/yuancailiao.png"}],"twitter_card":"summary_large_image","twitter_misc":{"Gesch\u00e4tzte Lesezeit":"3\u00a0Minuten"},"schema":{"@context":"https:\/\/schema.org","@graph":[{"@type":"WebPage","@id":"https:\/\/www.bailishaver.com\/our-team\/","url":"https:\/\/www.bailishaver.com\/our-team\/","name":"Our Team - Guangzhou Weidi Technology Co.,Ltd","isPartOf":{"@id":"https:\/\/www.bailishaver.com\/#website"},"datePublished":"2023-08-24T07:32:10+00:00","dateModified":"2023-12-13T07:59:05+00:00","breadcrumb":{"@id":"https:\/\/www.bailishaver.com\/our-team\/#breadcrumb"},"inLanguage":"de","potentialAction":[{"@type":"ReadAction","target":["https:\/\/www.bailishaver.com\/our-team\/"]}]},{"@type":"BreadcrumbList","@id":"https:\/\/www.bailishaver.com\/our-team\/#breadcrumb","itemListElement":[{"@type":"ListItem","position":1,"name":"HOME","item":"https:\/\/www.bailishaver.com\/"},{"@type":"ListItem","position":2,"name":"Our Team"}]},{"@type":"WebSite","@id":"https:\/\/www.bailishaver.com\/#website","url":"https:\/\/www.bailishaver.com\/","name":"Guangzhou Weidi Technology Co.,Ltd","description":"system razors, lady razors, shaving kits, blade and refill, disposable razor, shaving , accessories, etc.","potentialAction":[{"@type":"SearchAction","target":{"@type":"EntryPoint","urlTemplate":"https:\/\/www.bailishaver.com\/?s={search_term_string}"},"query-input":"required name=search_term_string"}],"inLanguage":"de"}]}},"_links":{"self":[{"href":"https:\/\/www.bailishaver.com\/de\/wp-json\/wp\/v2\/pages\/776"}],"collection":[{"href":"https:\/\/www.bailishaver.com\/de\/wp-json\/wp\/v2\/pages"}],"about":[{"href":"https:\/\/www.bailishaver.com\/de\/wp-json\/wp\/v2\/types\/page"}],"author":[{"embeddable":true,"href":"https:\/\/www.bailishaver.com\/de\/wp-json\/wp\/v2\/users\/1"}],"replies":[{"embeddable":true,"href":"https:\/\/www.bailishaver.com\/de\/wp-json\/wp\/v2\/comments?post=776"}],"version-history":[{"count":0,"href":"https:\/\/www.bailishaver.com\/de\/wp-json\/wp\/v2\/pages\/776\/revisions"}],"wp:attachment":[{"href":"https:\/\/www.bailishaver.com\/de\/wp-json\/wp\/v2\/media?parent=776"}],"curies":[{"name":"wp","href":"https:\/\/api.w.org\/{rel}","templated":true}]}}