{"id":2109,"date":"2023-08-31T10:27:10","date_gmt":"2023-08-31T10:27:10","guid":{"rendered":"https:\/\/bailishaver.com\/?page_id=2109"},"modified":"2023-12-13T16:58:47","modified_gmt":"2023-12-13T08:58:47","slug":"return-policy","status":"publish","type":"page","link":"https:\/\/www.bailishaver.com\/de\/return-policy\/","title":{"rendered":"R\u00fcckgaberecht"},"content":{"rendered":"<div data-elementor-type=\"wp-page\" data-elementor-id=\"2109\" class=\"elementor elementor-2109\" data-elementor-post-type=\"page\">\n\t\t\t\t\t\t\t\t\t<section class=\"elementor-section elementor-top-section elementor-element elementor-element-e701824 wd-section-stretch-content OurBrands elementor-section-full_width elementor-section-height-default elementor-section-height-default\" data-id=\"e701824\" data-element_type=\"section\">\n\t\t\t\t\t\t<div class=\"elementor-container elementor-column-gap-no\">\n\t\t\t\t\t<div class=\"elementor-column elementor-col-100 elementor-top-column elementor-element elementor-element-3757b6c\" data-id=\"3757b6c\" data-element_type=\"column\">\n\t\t\t<div class=\"elementor-widget-wrap elementor-element-populated\">\n\t\t\t\t\t\t\t\t<div class=\"elementor-element elementor-element-60e0696 elementor-widget elementor-widget-wd_banner\" data-id=\"60e0696\" data-element_type=\"widget\" data-widget_type=\"wd_banner.default\">\n\t\t\t\t<div class=\"elementor-widget-container\">\n\t\t\t\t\t<div class=\"promo-banner-wrapper\">\n\t\t\t<div class=\"promo-banner banner-default banner-hover-none color-scheme- banner-btn-size-default banner-btn-style-default\" >\n\t\t\t\t<div class=\"main-wrapp-img\">\n\t\t\t\t\t<div class=\"banner-image wd-without-height\">\n\t\t\t\t\t\t\t\t\t\t\t\t\t<img fetchpriority=\"high\" decoding=\"async\" width=\"1920\" height=\"750\" src=\"https:\/\/www.bailishaver.com\/wp-content\/uploads\/2023\/09\/13123.webp\" class=\"attachment-full size-full wp-image-2183\" alt=\"\" srcset=\"https:\/\/www.bailishaver.com\/wp-content\/uploads\/2023\/09\/13123.webp 1920w, https:\/\/www.bailishaver.com\/wp-content\/uploads\/2023\/09\/13123-150x59.webp 150w, https:\/\/www.bailishaver.com\/wp-content\/uploads\/2023\/09\/13123-300x117.webp 300w, https:\/\/www.bailishaver.com\/wp-content\/uploads\/2023\/09\/13123-1024x400.webp 1024w, https:\/\/www.bailishaver.com\/wp-content\/uploads\/2023\/09\/13123-768x300.webp 768w, https:\/\/www.bailishaver.com\/wp-content\/uploads\/2023\/09\/13123-1536x600.webp 1536w\" sizes=\"(max-width: 1920px) 100vw, 1920px\" \/>\t\t\t\t\t\t\t\t\t\t\t<\/div>\n\t\t\t\t<\/div>\n\n\t\t\t\t<div class=\"wrapper-content-banner wd-fill wd-items-top wd-justify-left\">\n\t\t\t\t\t<div class=\"content-banner  text-left\">\n\t\t\t\t\t\t\n\t\t\t\t\t\t\n\t\t\t\t\t\t\n\t\t\t\t\t\t\n\t\t\t\t\t\t\t\t\t\t\t<\/div>\n\t\t\t\t<\/div>\n\t\t\t<\/div>\n\t\t<\/div>\n\t\t\t\t<\/div>\n\t\t\t\t<\/div>\n\t\t\t\t\t<\/div>\n\t\t<\/div>\n\t\t\t\t\t\t\t<\/div>\n\t\t<\/section>\n\t\t\t\t<section class=\"wd-negative-gap elementor-section elementor-top-section elementor-element elementor-element-c44df50 wd-section-stretch elementor-section-boxed elementor-section-height-default elementor-section-height-default\" data-id=\"c44df50\" data-element_type=\"section\" data-settings=\"{&quot;background_background&quot;:&quot;classic&quot;}\">\n\t\t\t\t\t\t<div class=\"elementor-container elementor-column-gap-no\">\n\t\t\t\t\t<div class=\"elementor-column elementor-col-100 elementor-top-column elementor-element elementor-element-35d993a\" data-id=\"35d993a\" data-element_type=\"column\">\n\t\t\t<div class=\"elementor-widget-wrap elementor-element-populated\">\n\t\t\t\t\t\t\t\t<div class=\"elementor-element elementor-element-8841164 elementor-widget elementor-widget-wd_title\" data-id=\"8841164\" data-element_type=\"widget\" data-widget_type=\"wd_title.default\">\n\t\t\t\t<div class=\"elementor-widget-container\">\n\t\t\t\t\t<div class=\"title-wrapper set-mb-s reset-last-child wd-title-color-default wd-title-style-default wd-title-size-default text-left\">\n\n\t\t\t\n\t\t\t<div class=\"liner-continer\">\n\t\t\t\t<h4 class=\"woodmart-title-container title wd-fontsize-l\">Bevor es zu Problemen kommt, m\u00f6chten wir Ihnen etwas sagen:<\/h4> \n\t\t\t\t\t\t\t<\/div>\n\n\t\t\t\t\t\t\t<div class=\"title-after_title set-cont-mb-s reset-last-child wd-fontsize-xs\">\n\t\t\t\t\t<p>Wir sind sehr dankbar f\u00fcr alle R\u00fcckmeldungen von Ihnen und Ihren Kunden oder Endbenutzern. Wenn Ihr H\u00e4ndler w\u00e4hrend des Verkaufsprozesses Unzufriedenheit von Kunden erh\u00e4lt, \u00e4u\u00dfern Sie dies bitte. Wenn nachgewiesen wird, dass die Ursache auf M\u00e4ngel unserer Produkte zur\u00fcckzuf\u00fchren ist, k\u00f6nnen wir den Kundendienst f\u00fcr Baili\/Weidi-Produkte mit einer zweij\u00e4hrigen Garantie l\u00f6sen. Wenn Sie ein kundenspezifisches Produkt sind, betr\u00e4gt unsere Schutzfrist ein Jahr.<\/p>\t\t\t\t<\/div>\n\t\t\t\t\t<\/div>\n\t\t\t\t<\/div>\n\t\t\t\t<\/div>\n\t\t\t\t<div class=\"elementor-element elementor-element-204a6c3 ReturnPolicy elementor-widget elementor-widget-wd_title\" data-id=\"204a6c3\" data-element_type=\"widget\" data-widget_type=\"wd_title.default\">\n\t\t\t\t<div class=\"elementor-widget-container\">\n\t\t\t\t\t<div class=\"title-wrapper set-mb-s reset-last-child wd-title-color-default wd-title-style-default wd-title-size-default text-left\">\n\n\t\t\t\n\t\t\t<div class=\"liner-continer\">\n\t\t\t\t<h4 class=\"woodmart-title-container title wd-fontsize-l\">Dar\u00fcber hinaus m\u00f6chten wir Ihnen Folgendes versichern:<\/h4> \n\t\t\t\t\t\t\t<\/div>\n\n\t\t\t\t\t\t\t<div class=\"title-after_title set-cont-mb-s reset-last-child wd-fontsize-xs\">\n\t\t\t\t\t<p>Erstens werden alle Produkte vor Verlassen des Werks zwei vollst\u00e4ndigen Inspektionen unterzogen, w\u00e4hrend der Zeit der Halbfertigprodukte eine unregelm\u00e4\u00dfige Inspektion erfolgt <a href=\"https:\/\/www.bailishaver.com\/production-process\/\">Flie\u00dfband<\/a> jeden Tag, unregelm\u00e4\u00dfige t\u00e4gliche Kontrolle in der Verpackungswerkstatt und Qualit\u00e4tskontrolle der fertigen Produkte gem\u00e4\u00df dem Unternehmensstandard vor der Lagerung.<br \/>Zweitens empfehlen wir Ihnen dringend, die Produktinspektion innerhalb eines Monats nach Erhalt der Ware abzuschlie\u00dfen. Wenn ein Mangel festgestellt wird, erstatten wir den entsprechenden Betrag zur\u00fcck oder liefern die Menge der Produkte, mit denen Sie nicht zufrieden sind.<\/p>\t\t\t\t<\/div>\n\t\t\t\t\t<\/div>\n\t\t\t\t<\/div>\n\t\t\t\t<\/div>\n\t\t\t\t\t<\/div>\n\t\t<\/div>\n\t\t\t\t\t\t\t<\/div>\n\t\t<\/section>\n\t\t\t\t<section class=\"wd-negative-gap elementor-section elementor-top-section elementor-element elementor-element-0f8c1c9 policy elementor-section-boxed elementor-section-height-default elementor-section-height-default wd-section-disabled\" data-id=\"0f8c1c9\" data-element_type=\"section\">\n\t\t\t\t\t\t<div class=\"elementor-container elementor-column-gap-default\">\n\t\t\t\t\t<div class=\"elementor-column elementor-col-100 elementor-top-column elementor-element elementor-element-c932aa2\" data-id=\"c932aa2\" data-element_type=\"column\">\n\t\t\t<div class=\"elementor-widget-wrap elementor-element-populated\">\n\t\t\t\t\t\t\t\t<div class=\"elementor-element elementor-element-c2fef44 elementor-widget elementor-widget-wd_infobox\" data-id=\"c2fef44\" data-element_type=\"widget\" data-widget_type=\"wd_infobox.default\">\n\t\t\t\t<div class=\"elementor-widget-container\">\n\t\t\t\t\t<div class=\"info-box-wrapper\">\n\t\t\t<div class=\"wd-info-box text-left box-icon-align-left box-style-base color-scheme- wd-items-middle cursor-pointer\" onclick=\"window.location.href='#'\">\n\t\t\t\t\t\t\t\t\t<div class=\"box-icon-wrapper  box-with-icon box-icon-simple\">\n\t\t\t\t\t\t<div class=\"info-box-icon\">\n\t\t\t\t\t\t\t\t\t\t\t\t\t\t\t<img decoding=\"async\" width=\"60\" height=\"60\" src=\"https:\/\/www.bailishaver.com\/wp-content\/uploads\/2023\/09\/13162.png\" class=\"attachment-full size-full wp-image-2200\" alt=\"\" \/>\t\t\t\t\t\t\t\t\t\t\t\t\t<\/div>\n\t\t\t\t\t<\/div>\n\t\t\t\t\n\t\t\t\t<div class=\"info-box-content\">\n\t\t\t\t\t\n\t\t\t\t\t\n\t\t\t\t\t<div class=\"info-box-inner set-cont-mb-s reset-last-child\"\n\t\t\t\t\t\t data-elementor-setting-key=\"content\">\n\t\t\t\t\t\t<p>Wenn sich herausstellt, dass das Produkt defekt ist, geben Sie bitte umgehend eine R\u00fcckmeldung an den Vertrieb oder senden Sie eine E-Mail an info@bailishaver.com<\/p>\n\t\t\t\t\t<\/div>\n\t\n\t\t\t\t\t\t\t\t\t<\/div>\n\t\t\t<\/div>\n\t\t<\/div>\n\t\t\t\t<\/div>\n\t\t\t\t<\/div>\n\t\t\t\t<div class=\"elementor-element elementor-element-93666fa elementor-widget elementor-widget-wd_infobox\" data-id=\"93666fa\" data-element_type=\"widget\" data-widget_type=\"wd_infobox.default\">\n\t\t\t\t<div class=\"elementor-widget-container\">\n\t\t\t\t\t<div class=\"info-box-wrapper\">\n\t\t\t<div class=\"wd-info-box text-left box-icon-align-left box-style-base color-scheme- wd-items-middle cursor-pointer\" onclick=\"window.location.href='#'\">\n\t\t\t\t\t\t\t\t\t<div class=\"box-icon-wrapper  box-with-icon box-icon-simple\">\n\t\t\t\t\t\t<div class=\"info-box-icon\">\n\t\t\t\t\t\t\t\t\t\t\t\t\t\t\t<img decoding=\"async\" width=\"75\" height=\"71\" src=\"https:\/\/www.bailishaver.com\/wp-content\/uploads\/2023\/09\/13613.png\" class=\"attachment-full size-full wp-image-2199\" alt=\"\" \/>\t\t\t\t\t\t\t\t\t\t\t\t\t<\/div>\n\t\t\t\t\t<\/div>\n\t\t\t\t\n\t\t\t\t<div class=\"info-box-content\">\n\t\t\t\t\t\n\t\t\t\t\t\n\t\t\t\t\t<div class=\"info-box-inner set-cont-mb-s reset-last-child\"\n\t\t\t\t\t\t data-elementor-setting-key=\"content\">\n\t\t\t\t\t\t<p>Die folgenden Informationen sind f\u00fcr uns sehr wichtig. Bitte stellen Sie Folgendes bereit: Fotos beim Erhalt der Ware, Fotos beim Auspacken, Fotos von defekten Stellen, betroffene Menge, Bestellnummer der defekten Produkte.<\/p>\n\t\t\t\t\t<\/div>\n\t\n\t\t\t\t\t\t\t\t\t<\/div>\n\t\t\t<\/div>\n\t\t<\/div>\n\t\t\t\t<\/div>\n\t\t\t\t<\/div>\n\t\t\t\t<div class=\"elementor-element elementor-element-7605b0e elementor-widget elementor-widget-wd_infobox\" data-id=\"7605b0e\" data-element_type=\"widget\" data-widget_type=\"wd_infobox.default\">\n\t\t\t\t<div class=\"elementor-widget-container\">\n\t\t\t\t\t<div class=\"info-box-wrapper\">\n\t\t\t<div class=\"wd-info-box text-left box-icon-align-left box-style-base color-scheme- wd-items-middle cursor-pointer\" onclick=\"window.location.href='#'\">\n\t\t\t\t\t\t\t\t\t<div class=\"box-icon-wrapper  box-with-icon box-icon-simple\">\n\t\t\t\t\t\t<div class=\"info-box-icon\">\n\t\t\t\t\t\t\t\t\t\t\t\t\t\t\t<img loading=\"lazy\" decoding=\"async\" width=\"76\" height=\"70\" src=\"https:\/\/www.bailishaver.com\/wp-content\/uploads\/2023\/09\/13641.png\" class=\"attachment-full size-full wp-image-2198\" alt=\"\" \/>\t\t\t\t\t\t\t\t\t\t\t\t\t<\/div>\n\t\t\t\t\t<\/div>\n\t\t\t\t\n\t\t\t\t<div class=\"info-box-content\">\n\t\t\t\t\t\n\t\t\t\t\t\n\t\t\t\t\t<div class=\"info-box-inner set-cont-mb-s reset-last-child\"\n\t\t\t\t\t\t data-elementor-setting-key=\"content\">\n\t\t\t\t\t\t<p>Nach Erhalt der Informationen f\u00fchren unsere Mitarbeiter ein internes Audit durch, um den Fehlergrad des Produkts zu bewerten und innerhalb von drei Tagen eine L\u00f6sung zu finden.<\/p>\n\t\t\t\t\t<\/div>\n\t\n\t\t\t\t\t\t\t\t\t<\/div>\n\t\t\t<\/div>\n\t\t<\/div>\n\t\t\t\t<\/div>\n\t\t\t\t<\/div>\n\t\t\t\t<div class=\"elementor-element elementor-element-b7211df elementor-widget elementor-widget-wd_infobox\" data-id=\"b7211df\" data-element_type=\"widget\" data-widget_type=\"wd_infobox.default\">\n\t\t\t\t<div class=\"elementor-widget-container\">\n\t\t\t\t\t<div class=\"info-box-wrapper\">\n\t\t\t<div class=\"wd-info-box text-left box-icon-align-left box-style-base color-scheme- wd-items-middle cursor-pointer\" onclick=\"window.location.href='#'\">\n\t\t\t\t\t\t\t\t\t<div class=\"box-icon-wrapper  box-with-icon box-icon-simple\">\n\t\t\t\t\t\t<div class=\"info-box-icon\">\n\t\t\t\t\t\t\t\t\t\t\t\t\t\t\t<img loading=\"lazy\" decoding=\"async\" width=\"75\" height=\"75\" src=\"https:\/\/www.bailishaver.com\/wp-content\/uploads\/2023\/09\/1213.png\" class=\"attachment-full size-full wp-image-2197\" alt=\"\" \/>\t\t\t\t\t\t\t\t\t\t\t\t\t<\/div>\n\t\t\t\t\t<\/div>\n\t\t\t\t\n\t\t\t\t<div class=\"info-box-content\">\n\t\t\t\t\t\n\t\t\t\t\t\n\t\t\t\t\t<div class=\"info-box-inner set-cont-mb-s reset-last-child\"\n\t\t\t\t\t\t data-elementor-setting-key=\"content\">\n\t\t\t\t\t\t<p>Unser Kundendienstpersonal wird die L\u00f6sung schnellstm\u00f6glich umsetzen.<\/p>\n\t\t\t\t\t<\/div>\n\t\n\t\t\t\t\t\t\t\t\t<\/div>\n\t\t\t<\/div>\n\t\t<\/div>\n\t\t\t\t<\/div>\n\t\t\t\t<\/div>\n\t\t\t\t<div class=\"elementor-element elementor-element-8898456 elementor-widget elementor-widget-wd_infobox\" data-id=\"8898456\" data-element_type=\"widget\" data-widget_type=\"wd_infobox.default\">\n\t\t\t\t<div class=\"elementor-widget-container\">\n\t\t\t\t\t<div class=\"info-box-wrapper\">\n\t\t\t<div class=\"wd-info-box text-left box-icon-align-left box-style-base color-scheme- wd-items-middle cursor-pointer\" onclick=\"window.location.href='#'\">\n\t\t\t\t\t\t\t\t\t<div class=\"box-icon-wrapper  box-with-icon box-icon-simple\">\n\t\t\t\t\t\t<div class=\"info-box-icon\">\n\t\t\t\t\t\t\t\t\t\t\t\t\t\t\t<img loading=\"lazy\" decoding=\"async\" width=\"78\" height=\"79\" src=\"https:\/\/www.bailishaver.com\/wp-content\/uploads\/2023\/09\/232366.png\" class=\"attachment-full size-full wp-image-2196\" alt=\"\" \/>\t\t\t\t\t\t\t\t\t\t\t\t\t<\/div>\n\t\t\t\t\t<\/div>\n\t\t\t\t\n\t\t\t\t<div class=\"info-box-content\">\n\t\t\t\t\t\n\t\t\t\t\t\n\t\t\t\t\t<div class=\"info-box-inner set-cont-mb-s reset-last-child\"\n\t\t\t\t\t\t data-elementor-setting-key=\"content\">\n\t\t\t\t\t\t<p>Probleml\u00f6sung, danken Sie den Kunden f\u00fcr die Bereitstellung von Informationen und vertrauen Sie uns im After-Sales-Prozess voll und ganz.<\/p>\n\t\t\t\t\t<\/div>\n\t\n\t\t\t\t\t\t\t\t\t<\/div>\n\t\t\t<\/div>\n\t\t<\/div>\n\t\t\t\t<\/div>\n\t\t\t\t<\/div>\n\t\t\t\t\t<\/div>\n\t\t<\/div>\n\t\t\t\t\t\t\t<\/div>\n\t\t<\/section>\n\t\t\t\t\t\t\t<\/div>","protected":false},"excerpt":{"rendered":"<p>Before ruturns,something we want to tell you: We&#8217;re very grateful to receive all the feedbacks fom you and your clients<\/p>","protected":false},"author":1,"featured_media":0,"parent":0,"menu_order":0,"comment_status":"closed","ping_status":"closed","template":"","meta":{"footnotes":""},"yoast_head":"<!-- This site is optimized with the Yoast SEO plugin v21.4 - https:\/\/yoast.com\/wordpress\/plugins\/seo\/ -->\n<title>Return Policy - Guangzhou Weidi Technology Co.,Ltd<\/title>\n<meta name=\"robots\" content=\"index, follow, max-snippet:-1, max-image-preview:large, max-video-preview:-1\" \/>\n<link rel=\"canonical\" href=\"https:\/\/www.bailishaver.com\/de\/return-policy\/\" \/>\n<meta property=\"og:locale\" content=\"de_DE\" \/>\n<meta property=\"og:type\" content=\"article\" \/>\n<meta property=\"og:title\" content=\"Return Policy - Guangzhou Weidi Technology Co.,Ltd\" \/>\n<meta property=\"og:description\" content=\"Before ruturns,something we want to tell you: We&#8217;re very grateful to receive all the feedbacks fom you and your clients\" \/>\n<meta property=\"og:url\" content=\"https:\/\/www.bailishaver.com\/de\/return-policy\/\" \/>\n<meta property=\"og:site_name\" content=\"Guangzhou Weidi Technology Co.,Ltd\" \/>\n<meta property=\"article:modified_time\" content=\"2023-12-13T08:58:47+00:00\" \/>\n<meta property=\"og:image\" content=\"https:\/\/bailishaver.com\/wp-content\/uploads\/2023\/09\/13123.webp\" \/>\n<meta name=\"twitter:card\" content=\"summary_large_image\" \/>\n<meta name=\"twitter:label1\" content=\"Gesch\u00e4tzte Lesezeit\" \/>\n\t<meta name=\"twitter:data1\" content=\"3\u00a0Minuten\" \/>\n<script type=\"application\/ld+json\" class=\"yoast-schema-graph\">{\"@context\":\"https:\/\/schema.org\",\"@graph\":[{\"@type\":\"WebPage\",\"@id\":\"https:\/\/www.bailishaver.com\/return-policy\/\",\"url\":\"https:\/\/www.bailishaver.com\/return-policy\/\",\"name\":\"Return Policy - Guangzhou Weidi Technology Co.,Ltd\",\"isPartOf\":{\"@id\":\"https:\/\/www.bailishaver.com\/#website\"},\"datePublished\":\"2023-08-31T10:27:10+00:00\",\"dateModified\":\"2023-12-13T08:58:47+00:00\",\"breadcrumb\":{\"@id\":\"https:\/\/www.bailishaver.com\/return-policy\/#breadcrumb\"},\"inLanguage\":\"de\",\"potentialAction\":[{\"@type\":\"ReadAction\",\"target\":[\"https:\/\/www.bailishaver.com\/return-policy\/\"]}]},{\"@type\":\"BreadcrumbList\",\"@id\":\"https:\/\/www.bailishaver.com\/return-policy\/#breadcrumb\",\"itemListElement\":[{\"@type\":\"ListItem\",\"position\":1,\"name\":\"HOME\",\"item\":\"https:\/\/www.bailishaver.com\/\"},{\"@type\":\"ListItem\",\"position\":2,\"name\":\"Return Policy\"}]},{\"@type\":\"WebSite\",\"@id\":\"https:\/\/www.bailishaver.com\/#website\",\"url\":\"https:\/\/www.bailishaver.com\/\",\"name\":\"Guangzhou Weidi Technology Co.,Ltd\",\"description\":\"system razors, lady razors, shaving kits, blade and refill, disposable razor, shaving , accessories, etc.\",\"potentialAction\":[{\"@type\":\"SearchAction\",\"target\":{\"@type\":\"EntryPoint\",\"urlTemplate\":\"https:\/\/www.bailishaver.com\/?s={search_term_string}\"},\"query-input\":\"required name=search_term_string\"}],\"inLanguage\":\"de\"}]}<\/script>\n<!-- \/ Yoast SEO plugin. -->","yoast_head_json":{"title":"Return Policy - Guangzhou Weidi Technology Co.,Ltd","robots":{"index":"index","follow":"follow","max-snippet":"max-snippet:-1","max-image-preview":"max-image-preview:large","max-video-preview":"max-video-preview:-1"},"canonical":"https:\/\/www.bailishaver.com\/de\/return-policy\/","og_locale":"de_DE","og_type":"article","og_title":"Return Policy - Guangzhou Weidi Technology Co.,Ltd","og_description":"Before ruturns,something we want to tell you: We&#8217;re very grateful to receive all the feedbacks fom you and your clients","og_url":"https:\/\/www.bailishaver.com\/de\/return-policy\/","og_site_name":"Guangzhou Weidi Technology Co.,Ltd","article_modified_time":"2023-12-13T08:58:47+00:00","og_image":[{"url":"https:\/\/bailishaver.com\/wp-content\/uploads\/2023\/09\/13123.webp"}],"twitter_card":"summary_large_image","twitter_misc":{"Gesch\u00e4tzte Lesezeit":"3\u00a0Minuten"},"schema":{"@context":"https:\/\/schema.org","@graph":[{"@type":"WebPage","@id":"https:\/\/www.bailishaver.com\/return-policy\/","url":"https:\/\/www.bailishaver.com\/return-policy\/","name":"Return Policy - Guangzhou Weidi Technology Co.,Ltd","isPartOf":{"@id":"https:\/\/www.bailishaver.com\/#website"},"datePublished":"2023-08-31T10:27:10+00:00","dateModified":"2023-12-13T08:58:47+00:00","breadcrumb":{"@id":"https:\/\/www.bailishaver.com\/return-policy\/#breadcrumb"},"inLanguage":"de","potentialAction":[{"@type":"ReadAction","target":["https:\/\/www.bailishaver.com\/return-policy\/"]}]},{"@type":"BreadcrumbList","@id":"https:\/\/www.bailishaver.com\/return-policy\/#breadcrumb","itemListElement":[{"@type":"ListItem","position":1,"name":"HOME","item":"https:\/\/www.bailishaver.com\/"},{"@type":"ListItem","position":2,"name":"Return Policy"}]},{"@type":"WebSite","@id":"https:\/\/www.bailishaver.com\/#website","url":"https:\/\/www.bailishaver.com\/","name":"Guangzhou Weidi Technology Co.,Ltd","description":"system razors, lady razors, shaving kits, blade and refill, disposable razor, shaving , accessories, etc.","potentialAction":[{"@type":"SearchAction","target":{"@type":"EntryPoint","urlTemplate":"https:\/\/www.bailishaver.com\/?s={search_term_string}"},"query-input":"required name=search_term_string"}],"inLanguage":"de"}]}},"_links":{"self":[{"href":"https:\/\/www.bailishaver.com\/de\/wp-json\/wp\/v2\/pages\/2109"}],"collection":[{"href":"https:\/\/www.bailishaver.com\/de\/wp-json\/wp\/v2\/pages"}],"about":[{"href":"https:\/\/www.bailishaver.com\/de\/wp-json\/wp\/v2\/types\/page"}],"author":[{"embeddable":true,"href":"https:\/\/www.bailishaver.com\/de\/wp-json\/wp\/v2\/users\/1"}],"replies":[{"embeddable":true,"href":"https:\/\/www.bailishaver.com\/de\/wp-json\/wp\/v2\/comments?post=2109"}],"version-history":[{"count":0,"href":"https:\/\/www.bailishaver.com\/de\/wp-json\/wp\/v2\/pages\/2109\/revisions"}],"wp:attachment":[{"href":"https:\/\/www.bailishaver.com\/de\/wp-json\/wp\/v2\/media?parent=2109"}],"curies":[{"name":"wp","href":"https:\/\/api.w.org\/{rel}","templated":true}]}}